{"id":30131,"date":"2019-02-10T01:07:39","date_gmt":"2019-02-10T01:07:39","guid":{"rendered":"https:\/\/www.sisinternational.com\/?page_id=30131"},"modified":"2025-09-14T00:14:31","modified_gmt":"2025-09-14T04:14:31","slug":"ricerche-di-mercato-di-consulenti-finanziari-indipendenti","status":"publish","type":"page","link":"https:\/\/www.sisinternational.com\/it\/soluzioni\/ricerca-di-consulenza-strategica-fintech\/ricerche-di-mercato-di-consulenti-finanziari-indipendenti\/","title":{"rendered":"Ricerche di mercato sui consulenti finanziari indipendenti"},"content":{"rendered":"<h1 class=\"wp-block-heading\">Ricerche di mercato sui consulenti finanziari indipendenti<\/h1>\n\n\n\n<p><\/p>\n\n\n\n<figure class=\"gb-block-image gb-block-image-bc339ea3\"><img loading=\"lazy\" decoding=\"async\" width=\"1456\" height=\"816\" class=\"gb-image gb-image-bc339ea3\" src=\"https:\/\/www.sisinternational.com\/wp-content\/uploads\/2025\/08\/Finance-13.jpg\" alt=\"Ricerca e strategia di mercato internazionale SIS\" title=\"Finance (13)\" srcset=\"https:\/\/www.sisinternational.com\/wp-content\/uploads\/2025\/08\/Finance-13.jpg 1456w, https:\/\/www.sisinternational.com\/wp-content\/uploads\/2025\/08\/Finance-13-300x168.jpg 300w, https:\/\/www.sisinternational.com\/wp-content\/uploads\/2025\/08\/Finance-13-1024x574.jpg 1024w, https:\/\/www.sisinternational.com\/wp-content\/uploads\/2025\/08\/Finance-13-768x430.jpg 768w, https:\/\/www.sisinternational.com\/wp-content\/uploads\/2025\/08\/Finance-13-18x10.jpg 18w\" sizes=\"auto, (max-width: 1456px) 100vw, 1456px\"><\/figure>\n\n\n\n<hr class=\"wp-block-separator has-alpha-channel-opacity is-style-dots\"\/>\n\n\n\n<p>As investors demand more personalized, transparent, and conflict-free financial advice, the independent financial advisor market is experiencing rapid growth. Understanding the latest independent financial advisor market research trends is essential for firms looking to stay ahead in this evolving landscape.<\/p>\n\n\n\n<p>A <a href=\"https:\/\/www.linkedin.com\/company\/sisinternationalresearch\/\" target=\"_blank\" rel=\"noopener\"><strong>Ricerca internazionale SIS<\/strong><\/a>, we provide in-depth insights into the&nbsp;<span style=\"box-sizing: border-box; margin: 0px; padding: 0px;\">independent financial advisor market&#8217;s key drivers, challenges, and opportunities<\/span><strong>.<\/strong><\/p>\n\n\n\n<h2 class=\"wp-block-heading\">Chi sono i consulenti finanziari indipendenti (IFA)?<\/h2>\n\n\n\n<figure class=\"gb-block-image gb-block-image-a9682b2f\"><img loading=\"lazy\" decoding=\"async\" width=\"1456\" height=\"816\" class=\"gb-image gb-image-a9682b2f\" src=\"https:\/\/www.sisinternational.com\/wp-content\/uploads\/2025\/08\/Finance-11.jpg\" alt=\"Ricerca e strategia di mercato internazionale SIS\" title=\"Finance (11)\" srcset=\"https:\/\/www.sisinternational.com\/wp-content\/uploads\/2025\/08\/Finance-11.jpg 1456w, https:\/\/www.sisinternational.com\/wp-content\/uploads\/2025\/08\/Finance-11-300x168.jpg 300w, https:\/\/www.sisinternational.com\/wp-content\/uploads\/2025\/08\/Finance-11-1024x574.jpg 1024w, https:\/\/www.sisinternational.com\/wp-content\/uploads\/2025\/08\/Finance-11-768x430.jpg 768w, https:\/\/www.sisinternational.com\/wp-content\/uploads\/2025\/08\/Finance-11-18x10.jpg 18w\" sizes=\"auto, (max-width: 1456px) 100vw, 1456px\"><\/figure>\n\n\n\n<p><\/p>\n\n\n\n<p>Independent Financial Advisors are professionals who provide financial recommendations, advisory, and financial services to consumers.\u00a0 They are not part of global banking networks and therefore, considered independent.<\/p>\n\n\n\n<p><span style=\"font-weight: 400;\">The financial services industry has undergone sweeping changes over the last few years. The current landscape constantly refers to the maturity and siloed nature of technology applications that reside within many financial services organizations. <\/span><\/p>\n\n\n\n<p><span style=\"font-weight: 400;\">Furthermore, as financial institutions assimilate legacy systems through M&amp;A, add new <a href=\"https:\/\/www.sisinternational.com\/it\/competenza\/industrie\/voce-delle-bevande-alimentari-della-ricerca-di-mercato-dei-clienti\/\" title=\"La voce del cliente nel settore alimentare e delle bevande. Ricerche di mercato\" data-wpil-monitor-id=\"11076\">customers in new markets<\/a>, and begin to offer a wider array of new products, such as brokerage and insurance services, they (in particular the larger players) are reevaluating how they manage customer relationships and taking an integrated look at customer value.<\/span><\/p>\n\n\n\n<h2 class=\"wp-block-heading\"><strong>Why Independent Financial Advisor Market Research Matters<\/strong><\/h2>\n\n\n\n<p>Independent financial advisors operate outside traditional banks and wirehouses, offering <strong>fee-based, fiduciary-driven<\/strong> services that prioritize clients&#8217; best interests. As regulations shift and investors become more financially literate, <a href=\"https:\/\/www.sisinternational.com\/it\/competenza\/industrie\/ricerche-di-mercato-sugli-articoli-essenziali-per-la-cucina\/\" title=\"Ricerche di mercato sugli articoli essenziali per la cucina\" data-wpil-monitor-id=\"11074\">market research is essential<\/a> for:<\/p>\n\n\n\n<ul class=\"wp-block-list\">\n<li><p><strong>Understanding investor behavior<\/strong> and evolving financial planning needs.<\/p><\/li>\n\n\n\n<li><p><strong>Tracking competitive dynamics<\/strong> in the IFA space.<\/p><\/li>\n\n\n\n<li><p><strong>Identifying key regulatory changes<\/strong> impacting fiduciary responsibilities.<\/p><\/li>\n\n\n\n<li><p><strong>Exploring technological innovations<\/strong> that enhance advisor-client interactions.<\/p><\/li>\n<\/ul>\n\n\n\n<h2 class=\"wp-block-heading\">Piccole e medie imprese<\/h2>\n\n\n\n<p><span style=\"font-weight: 400;\">Small and medium-sized organizations (SMBs) such as general insurance brokers, life and pensions brokers, fund managers, and foreign banks are under increasing pressure to remain viable as large banks and insurance companies continue to make inroads into their markets. <\/span><\/p>\n\n\n\n<p><span style=\"font-weight: 400;\">Furthermore, demanding compliance requirements and increasing competition from within their ranks are placing additional pressure on these organizations to remain viable. Their overarching goal is to maintain their appeal as the local <a href=\"https:\/\/www.sisinternational.com\/it\/competenza\/industrie\/ricerche-di-mercato-di-societa-di-design\/\" title=\"Ricerche di mercato per societ\u00e0 di design\" data-wpil-monitor-id=\"11077\">market alternative to upper-tier firms<\/a>, and in order to do this, they need to be proactive in how they manage their customer relationships and also how they can derive more accurate customer value.<\/span><\/p>\n\n\n\n<h2 class=\"wp-block-heading\">Gestione delle relazioni con i clienti con ricerche di mercato di consulenti finanziari indipendenti<\/h2>\n\n\n\n<figure class=\"gb-block-image gb-block-image-a978df35\"><img loading=\"lazy\" decoding=\"async\" width=\"1456\" height=\"816\" class=\"gb-image gb-image-a978df35\" src=\"https:\/\/www.sisinternational.com\/wp-content\/uploads\/2025\/08\/Finance-17.jpg\" alt=\"Ricerca e strategia di mercato internazionale SIS\" title=\"Finance (17)\" srcset=\"https:\/\/www.sisinternational.com\/wp-content\/uploads\/2025\/08\/Finance-17.jpg 1456w, https:\/\/www.sisinternational.com\/wp-content\/uploads\/2025\/08\/Finance-17-300x168.jpg 300w, https:\/\/www.sisinternational.com\/wp-content\/uploads\/2025\/08\/Finance-17-1024x574.jpg 1024w, https:\/\/www.sisinternational.com\/wp-content\/uploads\/2025\/08\/Finance-17-768x430.jpg 768w, https:\/\/www.sisinternational.com\/wp-content\/uploads\/2025\/08\/Finance-17-18x10.jpg 18w\" sizes=\"auto, (max-width: 1456px) 100vw, 1456px\"><\/figure>\n\n\n\n<p><\/p>\n\n\n\n<p><span style=\"font-weight: 400;\">A logical solution for the two aforementioned issues comes from Customer Relationship Management (CRM) systems.&nbsp; Effective and efficient CRM solutions specifically created for and targeted at the SMB space, can help smaller financial organizations increase revenue while maintaining their forte of superior customer service.<\/span><\/p>\n\n\n\n<h2 class=\"wp-block-heading\">Opportunit\u00e0 e sfide nei mercati maturi<\/h2>\n\n\n\n<p><span style=\"font-weight: 400;\"><a href=\"https:\/\/www.sisinternational.com\/it\/pubblicazioni\/comportamento-dellacquirente-dopo-il-nuovo-consumatore-legato-al-coronavirus\/\" title=\"Comportamento degli acquirenti dopo il coronavirus: ricerche di mercato sui consumatori\" data-wpil-monitor-id=\"11078\">Consumers in mature markets<\/a> such as the UK, US, and Western Europe are running out of steam. American and British spenders have weak balance sheets &#8211; low savings, high debts, and fear of rising interest rates. Independent financial advice suggests that we are shopped out. However, the Asian consumer has built up high savings and has little or no debt, while the credit card culture is in its infancy. They&#8217;ve been putting money away since the late 1990s Asian debt crisis, but they will want to spend it sometime.<\/span><\/p>\n\n\n\n<h2 class=\"wp-block-heading\">Innovazione e rivoluzione digitale<\/h2>\n\n\n\n<p><span style=\"font-weight: 400;\">La tecnologia sar\u00e0 una questione chiave nella corsa al miglioramento della redditivit\u00e0. Sebbene il settore IFA abbia seguito le principali tendenze tecnologiche di maggiore velocit\u00e0 e accesso pi\u00f9 semplice ai dati, c\u2019\u00e8 la sensazione generale che i fornitori non siano riusciti a migliorare la tecnologia per rendere le cose pi\u00f9 facili per i consulenti, e invece siano in competizione tra loro a scapito del mercato. settore della consulenza.<\/span><\/p>\n\n\n\n<p><span style=\"font-weight: 400;\">However, if administration is improved, the income IFAs derive through sales will have a higher impact, enabling them to achieve high levels of repeat business by enhancing their communications and information systems.<\/span><\/p>\n\n\n\n<p><span style=\"font-weight: 400;\">Another key issue affecting the long-term future of the business is the problem of an aging profession. Not enough new advisors are coming into the market, which seriously threatens the industry&#8217;s future. Because the average IFA is much nearer to 55 than 25, their perspectives tend to be narrower and their goals more short-term, making them less responsive to change and less keen to take advantage of new products such as wraps, which require a long-term view.<\/span><\/p>\n\n\n\n<p><span style=\"font-weight: 400;\">However, some fear that technology may eventually reduce the need for financial advice. With the rise of Robo Advisors and Artificial Intelligence, the Financial Advisory and Wealth Management industries are being disrupted. &nbsp;On some insurance websites, for example, the entire term assurance application can now be completed online, removing the need for an advisor.<\/span><\/p>\n\n\n\n<h2 class=\"wp-block-heading\">Panorama competitivo<\/h2>\n\n\n\n<p><span style=\"font-weight: 400;\">A more competitive and complex landscape for financial services providers is forcing many organizations to reevaluate their existing channel strategies. This is especially true of small and medium-sized organizations that want to remain viable alternatives to their larger counterparts.<\/span><\/p>\n\n\n\n<p><span style=\"font-weight: 400;\">Strategic investments\/upgrades in CRM systems can help smaller financial organizations such as independent financial advisors, life and pension brokers, general insurance companies, building societies, and similar <a href=\"https:\/\/www.sisinternational.com\/it\/soluzioni\/consulenza-strategica\/tecniche-di-lead-generation\/\" title=\"Azienda di lead generation\" data-wpil-monitor-id=\"11079\">firms improve revenue generation<\/a> while reducing costs and maintaining superior customer service advantages.<\/span><\/p>\n\n\n\n<h2 class=\"wp-block-heading\">Intelligenza del canale<\/h2>\n\n\n\n<p><span style=\"font-weight: 400;\">Even though the Internet is a significant and cost-effective sales and service delivery channel, fund managers, IFAs, and other smaller players cannot afford to rely only on one channel over another because this would limit functionality and product options and, hence, customer service. With customers using any combination of the channels available to them, SMBS must form a coherent multi-channel strategy. While offering a range of channels may be seen as a positive attribute, if they remain siloed and are not fully coordinated, they can have a negative impact on customer experience and, ultimately, on the financial organization itself.<\/span><\/p>\n\n\n\n<h2 class=\"wp-block-heading\"><strong>The Future of Independent Financial Advisor Market Research<\/strong><\/h2>\n\n\n\n<p>Looking ahead, the IFA market will be shaped by:<\/p>\n\n\n\n<ul class=\"wp-block-list\">\n<li><p><strong>AI-driven financial planning and predictive analytics.<\/strong><\/p><\/li>\n\n\n\n<li><p><strong>A hybrid model of human + robo-advisory services.<\/strong><\/p><\/li>\n\n\n\n<li><p><strong>Enhanced client education tools and digital onboarding processes.<\/strong><\/p><\/li>\n\n\n\n<li><p><strong>Stronger regulatory oversight and increased transparency.<\/strong><\/p><\/li>\n<\/ul>\n\n\n\n<h2 class=\"wp-block-heading\"><strong>Final Thoughts from Ruth Stanat, CEO of SIS International Research<\/strong><\/h2>\n\n\n\n<p>The independent financial advisor market is evolving faster than ever. Success in this industry requires deep market intelligence, strategic foresight, and a commitment to innovation.<\/p>\n\n\n\n<p>A <strong><a href=\"https:\/\/www.sisinternational.com\/it\/contattaci\/\" title=\"Contattaci\" data-wpil-monitor-id=\"11070\">Ricerca internazionale SIS<\/a><\/strong>, we provide <strong>real-time insights, competitive analysis, and data-driven strategies<\/strong> to help financial advisors stay ahead of the curve.&nbsp;<\/p>\n\n\n\n<h2 class=\"wp-block-heading\">Informazioni sulla ricerca di mercato sui consulenti finanziari indipendenti<\/h2>\n\n\n\n<p>Independent Financial Advisors are important decision-makers who influence the decision to purchase or trade securities.\u00a0 They can influence decision-making on a large number of assets, and their opinions matter.\u00a0 <a href=\"https:\/\/www.sisinternational.com\/it\/soluzioni\/ai-ricerche-di-mercato-e-consulenza-strategica\/elaborazione-del-linguaggio-naturale-e-ricerche-di-mercato\/\" title=\"Ricerca di mercato sull\u2019intelligenza artificiale per l\u2019elaborazione del linguaggio naturale\" data-wpil-monitor-id=\"11075\">Market Research uncovers the decision-making processes<\/a> of IFAs.\u00a0 Research also reveals insights into consumers seeking Financial Advisory services.<\/p>\n\n\n\n<h2 class=\"wp-block-heading\">La nostra sede a New York<\/h2>\n\n\n\n<p>\n\n\n\n<iframe loading=\"lazy\" src=\"https:\/\/www.google.com\/maps\/embed?pb=!1m18!1m12!1m3!1d3022.976188376966!2d-73.99130312499956!3d40.740549471389315!2m3!1f0!2f0!3f0!3m2!1i1024!2i768!4f13.1!3m3!1m2!1s0x89c259a15798c731%3A0xd695d09bdd495f25!2s11%20E%2022nd%20St%20FL%202%2C%20New%20York%2C%20NY%2010010%2C%20USA!5e0!3m2!1sen!2spe!4v1726171763526!5m2!1sen!2spe\" width=\"600\" height=\"450\" allowfullscreen=\"allowfullscreen\" data-mce-fragment=\"1\"><\/iframe>\n\n\n\n<\/p>\n\n\n\n<h3 class=\"wp-block-heading\">11 E 22nd Street, piano 2, New York, NY 10010 T: +1(212) 505-6805<\/h3>\n\n\n\n<hr class=\"wp-block-separator has-alpha-channel-opacity\"\/>\n\n\n\n<h2 class=\"wp-block-heading\"><strong>A proposito di SIS Internazionale<\/strong><\/h2>\n\n\n\n<p><a href=\"https:\/\/www.sisinternational.com\/it\/\"><span style=\"font-weight: 400;\">SIS Internazionale<\/span><\/a><span style=\"font-weight: 400;\"> offers Quantitative, Qualitative, and Strategy Research. We provide data, tools, strategies, reports, and insights for decision-making. We also conduct interviews, surveys, focus groups, and other <a href=\"https:\/\/www.sisinternational.com\/it\/quantitative-market-research-methods-and-techniques\/\" title=\"Quantitative Market Research Methods and Techniques\" data-wpil-monitor-id=\"11073\">Market Research methods<\/a> and approaches.<\/span><a href=\"https:\/\/www.sisinternational.com\/it\/sulla-sua-ricerca-internazionale\/contact-sis-international-market-research\/\"><span style=\"font-weight: 400;\"> Contattaci<\/span><\/a><span style=\"font-weight: 400;\"> per il tuo prossimo progetto di ricerca di mercato.<\/span><\/p>\n\n\n\n<p><span style=\"font-weight: 400;\">&nbsp;<\/span><\/p>","protected":false},"excerpt":{"rendered":"<p>SIS \u00e8 una societ\u00e0 leader nelle ricerche di mercato. Scopri le opportunit\u00e0 con la ricerca di mercato dei consulenti finanziari indipendenti.<\/p>","protected":false},"author":1,"featured_media":62823,"parent":27462,"menu_order":16,"comment_status":"closed","ping_status":"closed","template":"","meta":{"footnotes":""},"class_list":["post-30131","page","type-page","status-publish","has-post-thumbnail"],"_links":{"self":[{"href":"https:\/\/www.sisinternational.com\/it\/wp-json\/wp\/v2\/pages\/30131","targetHints":{"allow":["GET"]}}],"collection":[{"href":"https:\/\/www.sisinternational.com\/it\/wp-json\/wp\/v2\/pages"}],"about":[{"href":"https:\/\/www.sisinternational.com\/it\/wp-json\/wp\/v2\/types\/page"}],"author":[{"embeddable":true,"href":"https:\/\/www.sisinternational.com\/it\/wp-json\/wp\/v2\/users\/1"}],"replies":[{"embeddable":true,"href":"https:\/\/www.sisinternational.com\/it\/wp-json\/wp\/v2\/comments?post=30131"}],"version-history":[{"count":10,"href":"https:\/\/www.sisinternational.com\/it\/wp-json\/wp\/v2\/pages\/30131\/revisions"}],"predecessor-version":[{"id":81811,"href":"https:\/\/www.sisinternational.com\/it\/wp-json\/wp\/v2\/pages\/30131\/revisions\/81811"}],"up":[{"embeddable":true,"href":"https:\/\/www.sisinternational.com\/it\/wp-json\/wp\/v2\/pages\/27462"}],"wp:featuredmedia":[{"embeddable":true,"href":"https:\/\/www.sisinternational.com\/it\/wp-json\/wp\/v2\/media\/62823"}],"wp:attachment":[{"href":"https:\/\/www.sisinternational.com\/it\/wp-json\/wp\/v2\/media?parent=30131"}],"curies":[{"name":"wp","href":"https:\/\/api.w.org\/{rel}","templated":true}]}}