{"id":29689,"date":"2019-01-06T00:10:18","date_gmt":"2019-01-06T00:10:18","guid":{"rendered":"https:\/\/www.sisinternational.com\/?page_id=29689"},"modified":"2026-01-25T17:09:36","modified_gmt":"2026-01-25T22:09:36","slug":"ricerche-di-mercato-sulla-movimentazione-dei-materiali","status":"publish","type":"page","link":"https:\/\/www.sisinternational.com\/it\/competenza\/ricerche-di-mercato-sulla-movimentazione-dei-materiali\/","title":{"rendered":"Ricerche di mercato sulla movimentazione dei materiali"},"content":{"rendered":"<h1 class=\"wp-block-heading\">Ricerche di mercato sulla movimentazione dei materiali<\/h1>\n\n\n\n<figure class=\"gb-block-image gb-block-image-6abdb51f\"><img loading=\"lazy\" decoding=\"async\" width=\"1456\" height=\"816\" class=\"gb-image gb-image-6abdb51f\" src=\"https:\/\/www.sisinternational.com\/wp-content\/uploads\/2025\/08\/machine-tools-2.jpg\" alt=\"Ricerca e strategia di mercato internazionale SIS\" title=\"machine tools (2)\" srcset=\"https:\/\/www.sisinternational.com\/wp-content\/uploads\/2025\/08\/machine-tools-2.jpg 1456w, https:\/\/www.sisinternational.com\/wp-content\/uploads\/2025\/08\/machine-tools-2-300x168.jpg 300w, https:\/\/www.sisinternational.com\/wp-content\/uploads\/2025\/08\/machine-tools-2-1024x574.jpg 1024w, https:\/\/www.sisinternational.com\/wp-content\/uploads\/2025\/08\/machine-tools-2-768x430.jpg 768w, https:\/\/www.sisinternational.com\/wp-content\/uploads\/2025\/08\/machine-tools-2-18x10.jpg 18w\" sizes=\"auto, (max-width: 1456px) 100vw, 1456px\"><\/figure>\n\n\n\n<p><\/p>\n\n\n\n<h2 class=\"wp-block-heading\">Cos&#039;\u00e8 la movimentazione dei materiali?<\/h2>\n\n\n\n<p>La movimentazione dei materiali si occupa della movimentazione delle materie prime e dei prodotti finiti. Si occupa anche dello stoccaggio, della protezione e del controllo di questi articoli. La movimentazione dei materiali inizia nella fase di produzione. Passa poi attraverso le fasi di stoccaggio, distribuzione e consumo, per finire con lo smaltimento.<\/p>\n\n\n\n<p>Le aziende mettono in atto processi e sistemi di movimentazione dei materiali per ridurre le scorte. Questi processi migliorano anche il servizio clienti e riducono i tempi di consegna. La movimentazione dei materiali riduce anche i costi di movimentazione nella produzione, distribuzione e trasporto. I decisori nella movimentazione dei materiali includono personale operativo, direttori e addetti agli acquisti.<\/p>\n\n\n\n<h2 class=\"wp-block-heading\">Perch\u00e9 \u00e8 importante la movimentazione dei materiali?<\/h2>\n\n\n\n<p>Material handling is important because it impacts customer service. When it&#8217;s easy for employees to locate products, they can deliver them to consumers faster. Good material handling procedures also prevent product loss or damage. A well-organized warehouse with modern material handling tools will have fewer misplaced items. <a href=\"https:\/\/www.sisinternational.com\/it\/ricerche-di-mercato-sulla-produzione-intelligente\/\" title=\"Ricerche di mercato sulla produzione intelligente\"  data-wpil-monitor-id=\"11065\">Smart storage solutions<\/a> also create a safe place for employees to operate.<\/p>\n\n\n\n<p>Gli analisti prevedono che il settore della movimentazione dei materiali crescer\u00e0 nei prossimi anni. Uno dei fattori trainanti di questa crescita \u00e8 la crescente penetrazione di tecnologie sofisticate. Strumenti come IoT, RFID e identificazione automatica e acquisizione dati stanno diventando popolari. Questi strumenti migliorano l&#039;evasione degli ordini. Aiutano anche a migliorare la produttivit\u00e0 lungo tutta la catena di approvvigionamento. Un altro fattore trainante \u00e8 la crescente capacit\u00e0 di automazione nello spazio produttivo.<\/p>\n\n\n\n<h2 class=\"wp-block-heading\">Ricerche di mercato qualitative<\/h2>\n\n\n\n<p><a href=\"https:\/\/www.sisinternational.com\/it\/la-migliore-azienda-di-ricerca-qualitativa-al-mondo\/\" title=\"La migliore azienda di ricerca qualitativa a livello mondiale\"  data-wpil-monitor-id=\"11066\">Companies need to do qualitative research<\/a>. This type of research allows them to get inside their customers\u2019 minds. Qualitative research is about finding out not only what people think, but why they think it. <a href=\"https:\/\/www.sisinternational.com\/it\/azienda-leader-nel-focus-group-globale\/\" title=\"La migliore azienda di focus group globale\"  data-wpil-monitor-id=\"11067\">Companies can use focus group<\/a> discussions and face-to-face interviews to get in-depth feedback. Qualitative market research is valuable for businesses that are developing new marketing initiatives. It also works well for those developing new products. This type of research allows companies to check reactions and hone their tactics.<\/p>\n\n\n\n<p><a href=\"https:\/\/www.sisinternational.com\/it\/contattaci\/\" title=\"Contattaci\"  data-wpil-monitor-id=\"11064\">Ricerca internazionale SIS<\/a> conducts focus groups and interviews with decision makers. Focus groups help us to find out what is working in the material handling industry and how companies can improve. This type of market research identifies how consumers feel about a particular product. Interviews provide helpful perspectives, which can be beneficial for innovation.<\/p>\n\n\n\n<h2 class=\"wp-block-heading\">Ricerche di mercato quantitative<\/h2>\n\n\n\n<p>We conduct surveys with decision makers in material handling. Surveys measure <a href=\"https:\/\/www.sisinternational.com\/it\/pubblicazioni\/comportamento-dellacquirente-dopo-il-nuovo-consumatore-legato-al-coronavirus\/\" title=\"Comportamento degli acquirenti dopo il coronavirus: ricerche di mercato sui consumatori\"  data-wpil-monitor-id=\"11071\">market phenomena such as competitor and consumer<\/a> behavior. We ask people their views in an organized manner so that companies have data to guide them. <a href=\"https:\/\/www.sisinternational.com\/it\/la-migliore-azienda-di-ricerche-di-mercato-quantitative-a-livello-mondiale\/\" title=\"La migliore societ\u00e0 di ricerche di mercato quantitative a livello mondiale\"  data-wpil-monitor-id=\"11068\">Quantitative research can help small companies<\/a> to develop their products and services. This type of research empowers them to make educated choices based on hard facts.<\/p>\n\n\n\n<p>Le aziende che operano in grandi mercati non possono dipendere da approcci intuitivi al processo decisionale. La ricerca di mercato quantitativa riconosce diversi gruppi di clienti. Le aziende possono rivolgersi a ciascun gruppo separatamente invece di trattarli tutti allo stesso modo. Le ricerche di mercato valutano anche nuovi prodotti e concetti. Lo fa per garantire che le aziende possano lanciare prodotti con successo e soddisfare le esigenze delle persone.<\/p>\n\n\n\n<h2 class=\"wp-block-heading\">Ricerca sulla strategia di movimentazione dei materiali<\/h2>\n\n\n\n<p>Companies that want to enter new markets must understand the scale of opportunities. This is also true for companies that want to increase their share in existing markets. We conduct <a href=\"https:\/\/www.sisinternational.com\/it\/competenza\/industrie\/ricerche-di-mercato-sui-materiali-da-costruzione-ecologici\/\" title=\"Ricerche di mercato sui materiali da costruzione ecologici\"  data-wpil-monitor-id=\"3347\">ricerca sulle opportunit\u00e0 di mercato<\/a>. We do concept testing, which allows marketers to <a href=\"https:\/\/www.sisinternational.com\/it\/product-testing-that-turns-ideas-into-market-ready-success\/\" title=\"Product Testing That Turns Ideas into Market-Ready Success\"  data-wpil-monitor-id=\"11069\">test their best product ideas<\/a>. We also do <a href=\"https:\/\/www.sisinternational.com\/it\/copertura\/le-americhe\/ricerche-di-mercato-canadesi\/ricerche-di-mercato-nel-new-brunswick-canada\/\" title=\"Ricerche di mercato nel New Brunswick, Canada\"  data-wpil-monitor-id=\"4026\">market sizing research<\/a>. This research measures the <a href=\"https:\/\/www.sisinternational.com\/it\/competenza\/industrie\/ricerche-di-mercato-sul-punto-vendita\/\" title=\"Ricerche di mercato sul punto vendita\"  data-wpil-monitor-id=\"11072\">sales and profit potential of new markets<\/a> and innovations.<\/p>\n\n\n\n<p>Inoltre, eseguiamo analisi della concorrenza. Questo tipo di analisi \u00e8 una dichiarazione della strategia aziendale e di come si relaziona con la concorrenza. Effettuiamo anche l&#039;identificazione delle tendenze e il monitoraggio del settore. Utilizziamo questi strumenti per confrontare i dati del settore in un periodo di tempo prestabilito. Questo tipo di ricerca di mercato riconosce eventuali tendenze o risultati coerenti. Le aziende possono utilizzare questi dati per mappare la propria strategia aziendale. Possono quindi allineare la strategia con la direzione generale in cui si sta muovendo il settore.<\/p>\n\n\n\n<p><\/p>","protected":false},"excerpt":{"rendered":"<p>Il settore della movimentazione dei materiali \u00e8 in crescita grazie a tecnologie avanzate come IoT, RFID e identificazione automatica e acquisizione dati.<\/p>","protected":false},"author":1,"featured_media":64819,"parent":14514,"menu_order":40,"comment_status":"closed","ping_status":"closed","template":"","meta":{"footnotes":""},"class_list":["post-29689","page","type-page","status-publish","has-post-thumbnail"],"_links":{"self":[{"href":"https:\/\/www.sisinternational.com\/it\/wp-json\/wp\/v2\/pages\/29689","targetHints":{"allow":["GET"]}}],"collection":[{"href":"https:\/\/www.sisinternational.com\/it\/wp-json\/wp\/v2\/pages"}],"about":[{"href":"https:\/\/www.sisinternational.com\/it\/wp-json\/wp\/v2\/types\/page"}],"author":[{"embeddable":true,"href":"https:\/\/www.sisinternational.com\/it\/wp-json\/wp\/v2\/users\/1"}],"replies":[{"embeddable":true,"href":"https:\/\/www.sisinternational.com\/it\/wp-json\/wp\/v2\/comments?post=29689"}],"version-history":[{"count":6,"href":"https:\/\/www.sisinternational.com\/it\/wp-json\/wp\/v2\/pages\/29689\/revisions"}],"predecessor-version":[{"id":81810,"href":"https:\/\/www.sisinternational.com\/it\/wp-json\/wp\/v2\/pages\/29689\/revisions\/81810"}],"up":[{"embeddable":true,"href":"https:\/\/www.sisinternational.com\/it\/wp-json\/wp\/v2\/pages\/14514"}],"wp:featuredmedia":[{"embeddable":true,"href":"https:\/\/www.sisinternational.com\/it\/wp-json\/wp\/v2\/media\/64819"}],"wp:attachment":[{"href":"https:\/\/www.sisinternational.com\/it\/wp-json\/wp\/v2\/media?parent=29689"}],"curies":[{"name":"wp","href":"https:\/\/api.w.org\/{rel}","templated":true}]}}