{"id":29366,"date":"2018-12-24T21:50:23","date_gmt":"2018-12-24T21:50:23","guid":{"rendered":"https:\/\/www.sisinternational.com\/?page_id=29366"},"modified":"2026-03-24T18:21:42","modified_gmt":"2026-03-24T22:21:42","slug":"ricerche-di-mercato-sullo-streaming-di-video-e-musica","status":"publish","type":"page","link":"https:\/\/www.sisinternational.com\/it\/competenza\/ricerche-di-mercato-sullo-streaming-di-video-e-musica\/","title":{"rendered":"Ricerche di mercato sullo streaming di video e musica"},"content":{"rendered":"<h1 class=\"wp-block-heading\"><span style=\"font-weight: 400;\">Ricerche di mercato sullo streaming di video e musica<\/span><\/h1>\n\n\n\n<p><\/p>\n\n\n\n<figure class=\"gb-block-image gb-block-image-5780a4d0\"><img loading=\"lazy\" decoding=\"async\" width=\"1456\" height=\"816\" class=\"gb-image gb-image-5780a4d0\" src=\"https:\/\/www.sisinternational.com\/wp-content\/uploads\/2025\/08\/Video-and-Music-Streaming-5.jpg\" alt=\"Ricerca e strategia di mercato internazionale SIS\" title=\"Video and Music Streaming (5)\" srcset=\"https:\/\/www.sisinternational.com\/wp-content\/uploads\/2025\/08\/Video-and-Music-Streaming-5.jpg 1456w, https:\/\/www.sisinternational.com\/wp-content\/uploads\/2025\/08\/Video-and-Music-Streaming-5-300x168.jpg 300w, https:\/\/www.sisinternational.com\/wp-content\/uploads\/2025\/08\/Video-and-Music-Streaming-5-1024x574.jpg 1024w, https:\/\/www.sisinternational.com\/wp-content\/uploads\/2025\/08\/Video-and-Music-Streaming-5-768x430.jpg 768w, https:\/\/www.sisinternational.com\/wp-content\/uploads\/2025\/08\/Video-and-Music-Streaming-5-18x10.jpg 18w\" sizes=\"auto, (max-width: 1456px) 100vw, 1456px\"><\/figure>\n\n\n\n<p><\/p>\n\n\n\n<h2 class=\"wp-block-heading\"><span style=\"font-weight: 400;\">Lo streaming video \u00e8 un filmato video compresso presentato su Internet per la visualizzazione in tempo reale. <\/span><\/h2>\n\n\n\n<p><span style=\"font-weight: 400;\">Non \u00e8 necessario che gli utenti scarichino i contenuti in streaming per vederli. Invece, il fornitore di contenuti invia un flusso continuo di dati. Lo spettatore pu\u00f2 guardare immediatamente lo streaming.<\/span><\/p>\n\n\n\n<p><span style=\"font-weight: 400;\">Music Streaming mette in mostra audio, suoni e musica su Internet. Gli utenti non devono scaricare file per ascoltare questo contenuto. L&#039;utente non deve salvare una copia della musica sul proprio disco rigido. La maggior parte degli utenti pu\u00f2 accedere a questi servizi tramite un sito web, un abbonamento o un&#039;app. Queste app consentono ai clienti di godersi i contenuti in streaming dai propri smartphone o tablet quando sono in movimento.<\/span><\/p>\n\n\n\n<h2 class=\"wp-block-heading\"><span style=\"font-weight: 400;\">Nuove Opportunit\u00e0 nello Streaming Online<\/span><\/h2>\n\n\n\n<p><span style=\"font-weight: 400;\">Industry analysts have written a lot about the rise in online streaming services. One point of contention is their possible effects on traditional TV and radio. Researchers are finding two distinct groups of content streamers. The first group <a href=\"https:\/\/www.sisinternational.com\/it\/ricerche-di-mercato-sullo-streaming-musicale\/\" title=\"Ricerche di mercato sullo streaming musicale\"  data-wpil-monitor-id=\"2556\">streams movies and music<\/a> to supplement what\u2019s on cable or the radio. The second group has canceled their cable subscription (cord cutters). Alternatively, they may have never had a subscription (cord nevers). Online streaming is growing, and it\u2019s changing the way people view and listen to content.<\/span><\/p>\n\n\n\n<p><span style=\"font-weight: 400;\">Alcuni fornitori di contenuti, come Netflix e iTunes, sono gi\u00e0 diventati globali. Gli spettatori Netflix pagano una piccola tariffa mensile per l&#039;accesso illimitato alla propria libreria di programmi TV e film. Netflix \u00e8 disponibile in 190 paesi in tutto il mondo. iTunes \u00e8 disponibile anche nella maggior parte dei paesi allo stesso prezzo di Netflix. Come Netflix, il servizio offre agli utenti accesso illimitato alla libreria musicale di iTunes.<\/span><\/p>\n\n\n\n<p><span style=\"font-weight: 400;\">Lo streaming di contenuti offre un&#039;opportunit\u00e0 straordinaria per la TV e la radio in diretta. Queste forme tradizionali di media devono ora passare ai dispositivi connessi. Gli spettatori ora possono andare su YouTube o Facebook per guardare i loro programmi TV preferiti. Allo stesso modo, le stazioni radio ora esortano gli ascoltatori a scaricare app gratuite. Gli ascoltatori possono utilizzare queste app per trasmettere contenuti in streaming sui propri dispositivi mobili. \u00c8 anche un&#039;opportunit\u00e0 per spettatori e ascoltatori, che ora possono richiedere nuovi e diversi tipi di contenuti.<\/span><\/p>\n\n\n\n<p><span style=\"font-weight: 400;\">Established content providers are not the only ones producing videos as audio recordings. Houses of worship are already live-streaming their services on social media. Analysts expect this trend to continue. Another trend is brands using live <a href=\"https:\/\/www.sisinternational.com\/it\/la-pubblicita-televisiva-e-stampata-lascia-il-posto-ai-video-virali-e-ai-social-media-emergenti\/\" title=\"Ricerche di mercato sui video virali\"  data-wpil-monitor-id=\"1805\">video as an essential marketing<\/a> tool. The third trend is companies using live video in business relations. These videos help reinforce their corporate culture and build stable relationships among employees.<\/span><\/p>\n\n\n\n<h2 class=\"wp-block-heading\"><span style=\"font-weight: 400;\">Sfide nello streaming di film e musica&nbsp;&nbsp;<\/span><\/h2>\n\n\n\n<p><span style=\"font-weight: 400;\">I disgregatori digitali come Netflix e iTunes si trovano ad affrontare una pressione crescente. Il campo da gioco diventa sempre pi\u00f9 affollato. Anche i fornitori di TV via cavo offrono pacchetti pi\u00f9 piccoli con meno canali. Questi pacchetti \u201cskinny\u201d sono pi\u00f9 economici delle offerte normali. I consumatori si ritroveranno con una sovrabbondanza di opzioni, il che pu\u00f2 essere gravoso. Pu\u00f2 anche riportare i consumatori alla pay TV, che offre un assortimento di contenuti in un unico luogo conveniente e facile da usare.<\/span><\/p>\n\n\n\n<h2 class=\"wp-block-heading\"><span style=\"font-weight: 400;\">Ricerche di mercato sullo streaming online<\/span><\/h2>\n\n\n\n<p><span style=\"font-weight: 400;\"><a href=\"https:\/\/www.sisinternational.com\/it\/competenza\/ricerche-di-mercato-su-film-musicali-e-licenze-multimediali\/\" title=\"Ricerche di mercato su film musicali e licenze multimediali\"  data-wpil-monitor-id=\"11420\">Movie and music<\/a> streaming will continue to grow and change. The two will also merge, as is evident with Spotify. The music content provider partnered with Hulu to offer TV and movies along with its music. Focus groups can test opportunities such as these before they reach the end consumer. Usability and Product Testing can strengthen brands\u2019 offerings so consumers can have a better user experience.<\/span><\/p>\n\n\n\n<p><strong>SIS Market Research provides Qualitative, Quantitative, and Strategy Research to Online Streaming providers.<\/strong>\u00a0 Le nostre soluzioni includono:<\/p>\n\n\n\n<ul class=\"wp-block-list\">\n<li><b>Test di usabilit\u00e0:&nbsp;<\/b><span style=\"font-weight: 400;\">I fornitori di streaming possono ottenere informazioni su quanto siano utilizzabili e facili da usare le piattaforme di streaming online.<\/span><\/li>\n\n\n\n<li><b>Intuizioni dei consumatori:<\/b><span style=\"font-weight: 400;\">\u00a0Focus Groups can give valuable insight into content and programming. We can also test new programming and TV show concepts.<\/span><\/li>\n\n\n\n<li><b>Analisi competitiva:<\/b><span style=\"font-weight: 400;\">\u00a0Streaming providers can use Focus Groups to test their competitors\u2019 strategies. These insights will enable them to come up with counter-strategies.<\/span><\/li>\n\n\n\n<li><b>Approfondimenti sulle opportunit\u00e0 di mercato:&nbsp;<\/b><span style=\"font-weight: 400;\">I focus group possono aiutare i fornitori a scoprire aree di opportunit\u00e0. Market Opportunity esamina potenziali aree di spazio di mercato incontrastato. Questa scoperta li aiuter\u00e0 a creare nuove partnership e nuove opportunit\u00e0 di contenuti.<\/span><\/li>\n\n\n\n<li><strong>Sviluppo della comunit\u00e0 online:<\/strong> SIS can build an active Online Insight Community where engaged customers can give feedback on new concepts and test products.<\/li>\n<\/ul>\n\n\n\n<h2 class=\"wp-block-heading\"><a href=\"https:\/\/www.sisinternational.com\/it\/about-sis\/contact-sis-international-market-research\/\">Contattaci per il tuo prossimo progetto di ricerca di mercato in streaming.<\/a><\/h2>\n\n\n\n<p><\/p>","protected":false},"excerpt":{"rendered":"<p>Scopri come la nostra ricerca e strategia crea vantaggio per le societ\u00e0 di streaming.<\/p>","protected":false},"author":1,"featured_media":63640,"parent":14514,"menu_order":39,"comment_status":"closed","ping_status":"closed","template":"","meta":{"footnotes":""},"class_list":["post-29366","page","type-page","status-publish","has-post-thumbnail"],"_links":{"self":[{"href":"https:\/\/www.sisinternational.com\/it\/wp-json\/wp\/v2\/pages\/29366","targetHints":{"allow":["GET"]}}],"collection":[{"href":"https:\/\/www.sisinternational.com\/it\/wp-json\/wp\/v2\/pages"}],"about":[{"href":"https:\/\/www.sisinternational.com\/it\/wp-json\/wp\/v2\/types\/page"}],"author":[{"embeddable":true,"href":"https:\/\/www.sisinternational.com\/it\/wp-json\/wp\/v2\/users\/1"}],"replies":[{"embeddable":true,"href":"https:\/\/www.sisinternational.com\/it\/wp-json\/wp\/v2\/comments?post=29366"}],"version-history":[{"count":6,"href":"https:\/\/www.sisinternational.com\/it\/wp-json\/wp\/v2\/pages\/29366\/revisions"}],"predecessor-version":[{"id":85007,"href":"https:\/\/www.sisinternational.com\/it\/wp-json\/wp\/v2\/pages\/29366\/revisions\/85007"}],"up":[{"embeddable":true,"href":"https:\/\/www.sisinternational.com\/it\/wp-json\/wp\/v2\/pages\/14514"}],"wp:featuredmedia":[{"embeddable":true,"href":"https:\/\/www.sisinternational.com\/it\/wp-json\/wp\/v2\/media\/63640"}],"wp:attachment":[{"href":"https:\/\/www.sisinternational.com\/it\/wp-json\/wp\/v2\/media?parent=29366"}],"curies":[{"name":"wp","href":"https:\/\/api.w.org\/{rel}","templated":true}]}}