{"id":29354,"date":"2018-12-24T20:48:22","date_gmt":"2018-12-24T20:48:22","guid":{"rendered":"https:\/\/www.sisinternational.com\/?page_id=29354"},"modified":"2026-01-25T17:09:37","modified_gmt":"2026-01-25T22:09:37","slug":"ricerche-di-mercato-in-texas","status":"publish","type":"page","link":"https:\/\/www.sisinternational.com\/it\/copertura\/north-america\/copertura-degli-stati-uniti\/ricerche-di-mercato-in-texas\/","title":{"rendered":"Ricerche di mercato in Texas"},"content":{"rendered":"<h1 class=\"wp-block-heading\">Ricerche di mercato in Texas<\/h1>\n\n\n\n<figure class=\"gb-block-image gb-block-image-200e2e07\"><img loading=\"lazy\" decoding=\"async\" width=\"1456\" height=\"816\" class=\"gb-image gb-image-200e2e07\" src=\"https:\/\/www.sisinternational.com\/wp-content\/uploads\/2025\/09\/Austin-Texas-4-3.jpg\" alt=\"Ricerca e strategia di mercato internazionale SIS\" title=\"Austin Texas 4 (3)\" srcset=\"https:\/\/www.sisinternational.com\/wp-content\/uploads\/2025\/09\/Austin-Texas-4-3.jpg 1456w, https:\/\/www.sisinternational.com\/wp-content\/uploads\/2025\/09\/Austin-Texas-4-3-300x168.jpg 300w, https:\/\/www.sisinternational.com\/wp-content\/uploads\/2025\/09\/Austin-Texas-4-3-1024x574.jpg 1024w, https:\/\/www.sisinternational.com\/wp-content\/uploads\/2025\/09\/Austin-Texas-4-3-768x430.jpg 768w, https:\/\/www.sisinternational.com\/wp-content\/uploads\/2025\/09\/Austin-Texas-4-3-18x10.jpg 18w\" sizes=\"auto, (max-width: 1456px) 100vw, 1456px\"><\/figure>\n\n\n\n<p><\/p>\n\n\n\n<h2 class=\"wp-block-heading\"><span style=\"font-weight: 400;\">L&#039;importanza dell&#039;economia del Texas<\/span><\/h2>\n\n\n\n<p><span style=\"font-weight: 400;\">La moderna economia del Texas \u00e8 dinamica, diversificata e massiccia. Se lo Stato fosse un paese indipendente, sarebbe la decima economia pi\u00f9 grande del mondo. Sarebbe davanti a Repubblica di Corea, Brasile e India, e subito dietro Canada e Spagna. <\/span><\/p>\n\n\n\n<p><span style=\"font-weight: 400;\">Le citt\u00e0 del Texas assomigliavano a quelle rappresentate nei vecchi film western. Poi venne la scoperta di grandi quantit\u00e0 di petrolio. Questa scoperta innesc\u00f2 la prima di una serie di drammatiche trasformazioni. Segu\u00ec lo sviluppo delle ferrovie e poi la crescita dell&#039;industria del cotone. Questi cambiamenti hanno reso il Lone Star State la potenza economica che \u00e8 oggi.<\/span><\/p>\n\n\n\n<p>Interestingly, Texas is promoting itself as a <a href=\"https:\/\/www.sisinternational.com\/it\/soluzioni\/consulenza-per-lospitalita-turistica-turistica\/consulenza-sul-turismo-culturale\/\" title=\"Consulenza sul turismo culturale\"  data-wpil-monitor-id=\"9389\">Tourism destination and exporting its culture<\/a>.&nbsp; Now in other global cities, Texas steakhouses and Barbecue restaurants can be found.&nbsp; Austin has positioned itself as a cool, hip city for millennials.<\/p>\n\n\n\n<p><span style=\"font-weight: 400;\">Texas is increasing its importance in the US national economy. The state has mineral wealth and other resources. &nbsp;It has a large technology industry, and its service economy is growing. The state\u2019s location is also important. It is situated on the southern coast of the US and borders several Mexican states.<\/span><\/p>\n\n\n\n<h2 class=\"wp-block-heading\"><span style=\"font-weight: 400;\">Principali citt\u00e0 e centri economici<\/span><\/h2>\n\n\n\n<p><span style=\"font-weight: 400;\">The largest city in Texas is Houston, with a population of approximately 2.3 million. San Antonio is the second largest city with a population of 1.5 million. The third largest is Dallas, with a population of 1.3 million. Texas\u2019 capital city, Austin, has approximately 950,000 citizens. It is the state\u2019s fourth-largest city. The fifth largest is Fort Worth, with a population of 854,000.<\/span><\/p>\n\n\n\n<h2 class=\"wp-block-heading\"><span style=\"font-weight: 400;\">5 industrie pi\u00f9 grandi<\/span><\/h2>\n\n\n\n<ul class=\"wp-block-list\">\n<li><b><a href=\"https:\/\/www.sisinternational.com\/it\/competenza\/industrie\/ricerche-di-mercato-sul-gas-di-petrolio-liquefatto\/\" title=\"Ricerche di mercato sul gas di petrolio liquefatto\"  data-wpil-monitor-id=\"9386\">Petrolio e gas naturale.<\/a> <\/b>I lavoratori in questo campo estraggono gas e petrolio utilizzati per alimentare i veicoli. I residenti e le imprese lo utilizzano anche per riscaldare le case e fabbricare prodotti.<\/span><\/li>\n\n\n\n<li><b>Agricoltura.<\/b><span style=\"font-weight: 400;\"> I due principali prodotti agricoli del Texas sono il cotone e il bestiame.<\/span><\/li>\n\n\n\n<li><b>Acciaio.<\/b><span style=\"font-weight: 400;\"> I produttori producono questo metallo per una variet\u00e0 di usi. Questi includono la costruzione di ponti, la produzione di veicoli, la realizzazione di condutture, il rafforzamento di edifici e la produzione di elettrodomestici.<\/span><\/li>\n\n\n\n<li><b>Bancario.<\/b><span style=\"font-weight: 400;\"> Il Texas ospita diverse banche commerciali. Ha anche molte cooperative di credito e associazioni di risparmio e prestito.<\/span><\/li>\n\n\n\n<li><b>Turismo.<\/b><span style=\"font-weight: 400;\"> Grazie alla sua bellezza naturale e alla sua famosa storia, il Texas ha un&#039;economia turistica in forte espansione.<\/span><\/li>\n<\/ul>\n\n\n\n<h2 class=\"wp-block-heading\"><span style=\"font-weight: 400;\">Influenza globale<\/span><\/h2>\n\n\n\n<p><span style=\"font-weight: 400;\">Texas is a world dominator in the energy industry. Many sources cite Houston as the \u201cenergy capital of the world.\u201d The state also dominates the field of healthcare. The Texas Medical Centre, located in the southwest, is the largest in the world. It is home to the University of Texas Health Science Center. This center trains medical students and residents. It also includes the University of Texas M.D. Anderson Cancer Center. This Center is a <a href=\"https:\/\/www.sisinternational.com\/it\/compagnie-aeree-low-cost-nel-settore-dellaviazione\/\" title=\"Ricerche di mercato sulle compagnie aeree low cost\"  data-wpil-monitor-id=\"9378\">global leader in cancer treatment and research<\/a>.<\/span><\/p>\n\n\n\n<h2 class=\"wp-block-heading\"><span style=\"font-weight: 400;\">Vantaggi di investire in Texas<\/span><\/h2>\n\n\n\n<p><span style=\"font-weight: 400;\">Texas, often and consistently, claims top rankings as one of the best states for business in the <a href=\"https:\/\/www.sisinternational.com\/it\/copertura\/le-americhe\/copertura-degli-stati-uniti\/\" title=\"Ricerche di mercato negli Stati Uniti\"  data-wpil-monitor-id=\"9382\">United<\/a> States. Texas also received the top score in infrastructure and economy. The state is also known for its economic strength and fair legal system. The taxes are low, and the quality of life high. Texas also has a skilled workforce.<\/span><\/p>\n\n\n\n<h2 class=\"wp-block-heading\"><span style=\"font-weight: 400;\">Opportunit\u00e0 e tendenze nell&#039;economia del Texas<\/span><\/h2>\n\n\n\n<p><span style=\"font-weight: 400;\">The Texas economy is expanding, and the energy sector continues to boom. Jobs are increasing, with the most substantial increases in the energy sector. Small <a href=\"https:\/\/www.sisinternational.com\/it\/soluzioni\/innovazione\/come-scalare-un-business\/\" title=\"Come far crescere un&#039;azienda | Raggiungere una crescita esponenziale\"  data-wpil-monitor-id=\"9390\">business owners have reported healthy growth<\/a>. This growth is especially strong in Austin, Houston, Dallas, and Fort Worth. Entrepreneurs claim that their biggest challenge is finding enough skilled workers. They need workers to keep up with the fast pace of growth. Another problem is accessing capital to fund their investments.<\/span><\/p>\n\n\n\n<h2 class=\"wp-block-heading\"><span style=\"font-weight: 400;\">Perch\u00e9 la ricerca di mercato \u00e8 importante<\/span><\/h2>\n\n\n\n<p><span style=\"font-weight: 400;\">Conducting Market Research helps companies gain competitive insights. It also helps them understand consumer preferences, expectations and pain points. Market Research provides detailed insights into demographics, consumer tastes and economic shifts. It shows <a href=\"https:\/\/www.sisinternational.com\/it\/pubblicazioni\/comportamento-dellacquirente-dopo-il-nuovo-consumatore-legato-al-coronavirus\/\" title=\"Comportamento degli acquirenti dopo il coronavirus: ricerche di mercato sui consumatori\"  data-wpil-monitor-id=\"9384\">market trends and consumer<\/a> buying patterns. <a href=\"https:\/\/www.sisinternational.com\/it\/copertura\/le-americhe\/ricerche-di-mercato-canadesi\/ricerche-di-mercato-nel-new-brunswick-canada\/\" title=\"Ricerche di mercato nel New Brunswick, Canada\"  data-wpil-monitor-id=\"4032\">Ricerca sulle opportunit\u00e0 di mercato<\/a> uncovers new business opportunities and areas of uncontested marketshare.&nbsp;<\/span><\/p>\n\n\n\n<h2 class=\"wp-block-heading\">Informazioni sulle ricerche di mercato SIS<\/h2>\n\n\n\n<p>We have over 40+ years experience in conducting Market Research in Texas.&nbsp; <a href=\"https:\/\/www.sisinternational.com\/it\/la-pasqua-pasquale-e-limmancabile-coniglietto-di-cioccolato\/\" title=\"Ricerche di mercato di Pasqua\"  data-wpil-monitor-id=\"9380\">SIS conducts research<\/a> often in Austin, Dallas, Houston, San Antonio, El Paso, and Fort Worth.&nbsp; We provide:<\/p>\n\n\n\n<ul class=\"wp-block-list\">\n<li>Gruppi di discussione<\/li>\n\n\n\n<li>Interviste ai clienti<\/li>\n\n\n\n<li><a href=\"https:\/\/www.sisinternational.com\/it\/soluzioni\/societa-di-ricerche-di-mercato-della-comunita-online-b2b\/\" title=\"Societ\u00e0 di ricerche di mercato della comunit\u00e0 online B2B\"  data-wpil-monitor-id=\"9388\">Comunit\u00e0 di approfondimento online<\/a><\/li>\n\n\n\n<li>Sondaggi<\/li>\n\n\n\n<li>Analisi competitiva<\/li>\n\n\n\n<li>Ricerca strategica<\/li>\n\n\n\n<li>Opportunit\u00e0 di mercato, dimensionamento e valutazioni di ingresso<\/li>\n<\/ul>\n\n\n\n<h2 class=\"wp-block-heading\">&nbsp;<\/h2>","protected":false},"excerpt":{"rendered":"<p>Conduciamo ricerche di mercato qualitative, quantitative e strategiche in Texas. Saperne di pi\u00f9.<\/p>","protected":false},"author":1,"featured_media":66507,"parent":19303,"menu_order":17,"comment_status":"closed","ping_status":"closed","template":"","meta":{"footnotes":""},"class_list":["post-29354","page","type-page","status-publish","has-post-thumbnail"],"_links":{"self":[{"href":"https:\/\/www.sisinternational.com\/it\/wp-json\/wp\/v2\/pages\/29354","targetHints":{"allow":["GET"]}}],"collection":[{"href":"https:\/\/www.sisinternational.com\/it\/wp-json\/wp\/v2\/pages"}],"about":[{"href":"https:\/\/www.sisinternational.com\/it\/wp-json\/wp\/v2\/types\/page"}],"author":[{"embeddable":true,"href":"https:\/\/www.sisinternational.com\/it\/wp-json\/wp\/v2\/users\/1"}],"replies":[{"embeddable":true,"href":"https:\/\/www.sisinternational.com\/it\/wp-json\/wp\/v2\/comments?post=29354"}],"version-history":[{"count":6,"href":"https:\/\/www.sisinternational.com\/it\/wp-json\/wp\/v2\/pages\/29354\/revisions"}],"predecessor-version":[{"id":81567,"href":"https:\/\/www.sisinternational.com\/it\/wp-json\/wp\/v2\/pages\/29354\/revisions\/81567"}],"up":[{"embeddable":true,"href":"https:\/\/www.sisinternational.com\/it\/wp-json\/wp\/v2\/pages\/19303"}],"wp:featuredmedia":[{"embeddable":true,"href":"https:\/\/www.sisinternational.com\/it\/wp-json\/wp\/v2\/media\/66507"}],"wp:attachment":[{"href":"https:\/\/www.sisinternational.com\/it\/wp-json\/wp\/v2\/media?parent=29354"}],"curies":[{"name":"wp","href":"https:\/\/api.w.org\/{rel}","templated":true}]}}