{"id":28407,"date":"2018-11-11T22:26:35","date_gmt":"2018-11-11T22:26:35","guid":{"rendered":"https:\/\/www.sisinternational.com\/?page_id=28407"},"modified":"2026-01-26T16:58:37","modified_gmt":"2026-01-26T21:58:37","slug":"ricerche-di-mercato-sulla-tecnologia-patrimoniale","status":"publish","type":"page","link":"https:\/\/www.sisinternational.com\/it\/soluzioni\/ricerca-di-consulenza-strategica-fintech\/ricerche-di-mercato-sulla-tecnologia-patrimoniale\/","title":{"rendered":"Ricerche di mercato sulla tecnologia patrimoniale"},"content":{"rendered":"<h1 class=\"wp-block-heading\">Ricerche di mercato WealthTech<\/h1>\n\n\n\n<figure class=\"gb-block-image gb-block-image-bc7d1d8e\"><img loading=\"lazy\" decoding=\"async\" width=\"1456\" height=\"816\" class=\"gb-image gb-image-bc7d1d8e\" src=\"https:\/\/www.sisinternational.com\/wp-content\/uploads\/2025\/08\/Tech-6.jpg\" alt=\"Ricerca e strategia di mercato internazionale SIS\" title=\"Tech (6)\" srcset=\"https:\/\/www.sisinternational.com\/wp-content\/uploads\/2025\/08\/Tech-6.jpg 1456w, https:\/\/www.sisinternational.com\/wp-content\/uploads\/2025\/08\/Tech-6-300x168.jpg 300w, https:\/\/www.sisinternational.com\/wp-content\/uploads\/2025\/08\/Tech-6-1024x574.jpg 1024w, https:\/\/www.sisinternational.com\/wp-content\/uploads\/2025\/08\/Tech-6-768x430.jpg 768w, https:\/\/www.sisinternational.com\/wp-content\/uploads\/2025\/08\/Tech-6-18x10.jpg 18w\" sizes=\"auto, (max-width: 1456px) 100vw, 1456px\"><\/figure>\n\n\n\n<p><\/p>\n\n\n\n<p><span style=\"font-weight: 400;\">WealthTech, a combination of wealth and technology, is a subset of FinTech. It is growing in its role in working with the wealthy and is of particular interest to those who want to build an advisory practice. Analysts expect it to enhance the services already available for the niche. They do not expect it to supplant the need for financial advisors in the immediate future.<\/span><\/p>\n\n\n\n<h2 class=\"wp-block-heading\"><strong>Cos&#039;\u00e8 la tecnologia patrimoniale?<\/strong><\/h2>\n\n\n\n<p><span style=\"font-weight: 400;\">Wealth technology, often referred to as &#8220;WealthTech,&#8221; represents a subset of financial technology focusing on enhancing wealth management and investment services. It encompasses a range of digital tools and platforms designed to optimize the management of personal and institutional wealth.&nbsp;<\/span><\/p>\n\n\n\n<p><span style=\"font-weight: 400;\">Fondamentalmente, la tecnologia patrimoniale mira a democratizzare l\u2019accesso alle opportunit\u00e0 di investimento e alla consulenza finanziaria, consentendo a un pubblico pi\u00f9 ampio di impegnarsi in attivit\u00e0 di creazione di ricchezza che una volta erano dominio esclusivo di individui benestanti e investitori istituzionali. Attraverso le ricerche di mercato WealthTech, le aziende possono acquisire informazioni sul comportamento dei consumatori, sui panorami competitivi e sui progressi tecnologici, che sono determinanti nello sviluppo di prodotti e servizi incentrati sull\u2019utente.<\/span><\/p>\n\n\n\n<h2 class=\"wp-block-heading\"><strong>Importanza delle ricerche di mercato WealthTech<\/strong><\/h2>\n\n\n\n<p><span style=\"font-weight: 400;\">WealthTech market research provides a clear understanding of the regulatory environment, ensuring that innovations comply with the latest financial regulations. This <a href=\"https:\/\/www.sisinternational.com\/it\/copertura\/le-americhe\/ricerche-di-mercato-canadesi\/ricerche-di-mercato-nel-new-brunswick-canada\/\" title=\"Ricerche di mercato nel New Brunswick, Canada\"  data-wpil-monitor-id=\"4035\">research also helps identify new market<\/a> segments and opportunities for growth, allowing firms to expand their reach and diversify their offerings in a manner that resonates with emerging consumer demands.<\/span><\/p>\n\n\n\n<p><span style=\"font-weight: 400;\">Moreover, WealthTech market research is instrumental in competitive analysis. Detailed knowledge about competitors\u2019 strengths, weaknesses, and strategic moves can be the difference between leading the pack and lagging. The insights gained from this research enable companies to craft unique value propositions that distinguish their services in a crowded marketplace. In any case, it has multiple benefits for businesses, including:&nbsp;<\/span><\/p>\n\n\n\n<p><b> \u2022 Mitigazione del rischio:<\/b><span style=\"font-weight: 400;\"> This research helps companies prepare for and mitigate risks by identifying potential threats and forecasting market shifts. Proactive risk management is critical in the volatile realm of finance.<\/span><\/p>\n\n\n\n<p><b> \u2022 Progressi tecnologici: <\/b>Wealth <a class=\"wpil_keyword_link\" href=\"https:\/\/www.sisinternational.com\/it\/soluzioni\/innovazione\/intelligenza-tecnologica\/\"   title=\"Ricerche di mercato nel campo della tecnologia e dell&#039;IT\" data-wpil-keyword-link=\"linked\"  data-wpil-monitor-id=\"762\">technology market research<\/a> simplifies keeping abreast of cutting-edge technologies<span style=\"font-weight: 400;\">. Companies can discern which innovations will be disruptive and how to integrate them into their current operations to stay ahead of the curve.<\/span><\/p>\n\n\n\n<p><b> \u2022 Vantaggio competitivo: <\/b>WealthTech market research provides the intelligence needed to carve out a unique market position in a fiercely competitive landscape<span style=\"font-weight: 400;\">. Knowledge about competitors and industry benchmarks enables companies to develop strategies differentiating their services.<\/span><\/p>\n\n\n\n<p><b> \u2022 Conformit\u00e0 normativa:<\/b><span style=\"font-weight: 400;\"> Man mano che i quadri normativi si evolvono, rimanere conformi \u00e8 fondamentale. Le ricerche di mercato offrono approfondimenti sulle tendenze normative, aiutando le aziende a superare le complessit\u00e0 della conformit\u00e0 ed evitare potenziali insidie legali.<\/span><\/p>\n\n\n\n<p><b> \u2022 Partenariati strategici:<\/b><span style=\"font-weight: 400;\"> Le ricerche di mercato di WealthTech possono individuare opportunit\u00e0 di collaborazione che potrebbero portare a nuove strade commerciali o a migliori offerte di servizi.<\/span><\/p>\n\n\n\n<h2 class=\"wp-block-heading\">Perch\u00e9 utilizzare WealthTech<\/h2>\n\n\n\n<figure class=\"gb-block-image gb-block-image-114ece7b\"><img loading=\"lazy\" decoding=\"async\" width=\"1456\" height=\"816\" class=\"gb-image gb-image-114ece7b\" src=\"https:\/\/www.sisinternational.com\/wp-content\/uploads\/2025\/08\/Tech-20.jpg\" alt=\"Ricerca e strategia di mercato internazionale SIS\" title=\"Tech (20)\" srcset=\"https:\/\/www.sisinternational.com\/wp-content\/uploads\/2025\/08\/Tech-20.jpg 1456w, https:\/\/www.sisinternational.com\/wp-content\/uploads\/2025\/08\/Tech-20-300x168.jpg 300w, https:\/\/www.sisinternational.com\/wp-content\/uploads\/2025\/08\/Tech-20-1024x574.jpg 1024w, https:\/\/www.sisinternational.com\/wp-content\/uploads\/2025\/08\/Tech-20-768x430.jpg 768w, https:\/\/www.sisinternational.com\/wp-content\/uploads\/2025\/08\/Tech-20-18x10.jpg 18w\" sizes=\"auto, (max-width: 1456px) 100vw, 1456px\"><\/figure>\n\n\n\n<p><\/p>\n\n\n\n<p><span style=\"font-weight: 400;\">Can computers replace humans and give sound financial advice? Financial investment advisors often have minimum asset requirements of $500,000 or more. These requirements put them out of the reach of younger and lower-net-worth individuals. Persons in these categories have to go the DIY route, which may not always be workable or advisable. <\/span><\/p>\n\n\n\n<p><span style=\"font-weight: 400;\">Robo-advisors can remove the expensive middleman and automate key processes. They level the playing field so anyone can join in. Of course, there are a few cons. A financial advisor can provide insights that a robot cannot. Human advisors are also better at helping investors set lifetime goals and strategies. Still, WealthTech&#8217;s ease of use and low-cost threshold make it an excellent tool for investors.<\/span><\/p>\n\n\n\n<h3 class=\"wp-block-heading\">L&#039;intelligenza artificiale nella WealthTech<\/h3>\n\n\n\n<p><span style=\"font-weight: 400;\">There are many opportunities to use AI in wealth management. Asset managers and financial advisors use its profiling systems and portfolio management tools. Wealth management firms also use chatbots on their websites. Each firm must decide how much it will use AI, depending on the task. In this way, firms can prevent over-reliance on computer models.<\/span><\/p>\n\n\n\n<h3 class=\"wp-block-heading\">Innovazione digitale nel WealthTech<\/h3>\n\n\n\n<p><span style=\"font-weight: 400;\">There is digital innovation in WealthTech. One of these innovations is distributed ledger (blockchain) technology. Wealth management companies use this technology for smart contracts and real-time settlement mechanisms. Distributed ledgers have other applications, such as storing preferences and personal information. WealthTech companies can also use it to store digital footprints. These ledgers are also suitable for storing account details, and net worth.<\/span><\/p>\n\n\n\n<h2 class=\"wp-block-heading\"><strong>Chi utilizza le ricerche di mercato sulla tecnologia patrimoniale<\/strong><\/h2>\n\n\n\n<p><span style=\"font-weight: 400;\">Banks, credit unions, and other lending organizations use wealth <a href=\"https:\/\/www.sisinternational.com\/it\/mercato-della-tecnologia-automobilistica\/\" title=\"Ricerche di mercato sulla tecnologia automobilistica\"  data-wpil-monitor-id=\"3575\">technology market research<\/a> to enhance their product offerings, improve customer service, and develop new banking technologies that cater to their clients&#8217; evolving needs.<\/span><\/p>\n\n\n\n<p><span style=\"font-weight: 400;\">Similarly, new entrants in the finance <a href=\"https:\/\/www.sisinternational.com\/it\/competenza\/industrie\/ricerche-di-mercato-sullestrazione-mineraria-spaziale\/\" title=\"Ricerche di mercato sull\u2019estrazione mineraria spaziale\"  data-wpil-monitor-id=\"6318\">space rely heavily on WealthTech market research<\/a> to identify niches, understand regulatory requirements, and craft innovative solutions that disrupt traditional financial models.<\/span><\/p>\n\n\n\n<p><span style=\"font-weight: 400;\">Anche i regolatori e i politici traggono vantaggio dalla ricerca di mercato di WealthTech poich\u00e9 li aiuta a comprendere l\u2019impatto delle nuove tecnologie sul sistema finanziario e li guida nella creazione di politiche che promuovono l\u2019innovazione proteggendo al tempo stesso i consumatori.<\/span><\/p>\n\n\n\n<h2 class=\"wp-block-heading\"><strong>Ricerche di mercato WealthTech e ricerche di mercato tradizionali<\/strong><\/h2>\n\n\n\n<figure class=\"gb-block-image gb-block-image-ba2b6e41\"><img loading=\"lazy\" decoding=\"async\" width=\"1456\" height=\"816\" class=\"gb-image gb-image-ba2b6e41\" src=\"https:\/\/www.sisinternational.com\/wp-content\/uploads\/2025\/08\/Fintech-1.jpg\" alt=\"Ricerca e strategia di mercato internazionale SIS\" title=\"Fintech (1)\" srcset=\"https:\/\/www.sisinternational.com\/wp-content\/uploads\/2025\/08\/Fintech-1.jpg 1456w, https:\/\/www.sisinternational.com\/wp-content\/uploads\/2025\/08\/Fintech-1-300x168.jpg 300w, https:\/\/www.sisinternational.com\/wp-content\/uploads\/2025\/08\/Fintech-1-1024x574.jpg 1024w, https:\/\/www.sisinternational.com\/wp-content\/uploads\/2025\/08\/Fintech-1-768x430.jpg 768w, https:\/\/www.sisinternational.com\/wp-content\/uploads\/2025\/08\/Fintech-1-18x10.jpg 18w\" sizes=\"auto, (max-width: 1456px) 100vw, 1456px\"><\/figure>\n\n\n\n<p><\/p>\n\n\n\n<p><span style=\"font-weight: 400;\">Traditional market research covers a broad spectrum of industries and consumer behaviors. In contrast, wealth <a href=\"https:\/\/www.sisinternational.com\/it\/competenza\/industrie\/ricerche-di-mercato-sulla-tecnologia-medica\/\" title=\"Ricerche di mercato sulla tecnologia medica (Med Tech).\"  data-wpil-monitor-id=\"3772\">technology market research<\/a> focuses on the financial sector, emphasising technological advancements and their implications for wealth management.<\/span><\/p>\n\n\n\n<p><span style=\"font-weight: 400;\">Additionally, WealthTech market research delves into these regulations more deeply than traditional research, ensuring that any findings are relevant and applicable within the financial industry&#8217;s legal framework.<\/span><\/p>\n\n\n\n<p><span style=\"font-weight: 400;\">Unlike traditional <a href=\"https:\/\/www.sisinternational.com\/it\/competenza\/industrie\/ricerche-di-mercato-sulla-tecnologia-della-moda\/\" title=\"Ricerche di mercato sulla tecnologia della moda\"  data-wpil-monitor-id=\"5960\">market research, which may consider technology<\/a> one of many factors, WealthTech market research places technology at the center stage. It closely examines emerging technologies like artificial intelligence, blockchain, and data analytics and their specific impact on the wealth management sector.<\/span><\/p>\n\n\n\n<h2 class=\"wp-block-heading\"><strong>Cosa aspettarsi dalle ricerche di mercato sulla tecnologia patrimoniale<\/strong><\/h2>\n\n\n\n<p><span style=\"font-weight: 400;\">Quando approfondiscono le ricerche di mercato di WealthTech, le parti interessate possono anticipare un&#039;analisi completa che fornisce una moltitudine di approfondimenti strategici, tra cui:<\/span><\/p>\n\n\n\n<p><b>Analisi delle tendenze:<\/b><\/p>\n\n\n\n<p><span style=\"font-weight: 400;\">Businesses can expect to uncover prevailing trends within the wealth technology landscape. This includes shifts in consumer behavior, adoption rates of different technologies, and the emergence of new business models shaping wealth management&#8217;s future.<\/span><\/p>\n\n\n\n<p><b>Intelligenza competitiva:<\/b><\/p>\n\n\n\n<p><span style=\"font-weight: 400;\">Le ricerche di mercato di WealthTech forniscono una conoscenza approfondita dell&#039;ambiente competitivo. Identifica gli attori chiave, la loro quota di mercato, le iniziative strategiche e le potenziali aree in cui la tua azienda pu\u00f2 ottenere un vantaggio competitivo.<\/span><\/p>\n\n\n\n<p><b>Segmentazione della clientela:<\/b><\/p>\n\n\n\n<p><span style=\"font-weight: 400;\">Questa ricerca offre dettagli granulari su vari segmenti di clienti, inclusi dati demografici, psicografici e comportamentali. Tali informazioni sono preziose per personalizzare prodotti e servizi in modo da soddisfare le esigenze specifiche di diversi gruppi di clienti.<\/span><\/p>\n\n\n\n<p><b>Previsioni di mercato:<\/b><\/p>\n\n\n\n<p><span style=\"font-weight: 400;\">Le parti interessate riceveranno previsioni sulla crescita del mercato, potenziali interruzioni e altri sviluppi futuri che potrebbero influenzare le loro strategie aziendali.<\/span><\/p>\n\n\n\n<p><b>Efficienze operative:<\/b><\/p>\n\n\n\n<p><span style=\"font-weight: 400;\">The research will also focus on insights into how wealth technology can streamline operations, reduce costs, and enhance productivity.<\/span><\/p>\n\n\n\n<h2 class=\"wp-block-heading\"><strong>Tendenze attuali nelle ricerche di mercato WealthTech<\/strong><\/h2>\n\n\n\n<p><span style=\"font-weight: 400;\">\u00c8 fondamentale rimanere al passo con le ultime tendenze che guidano l\u2019innovazione e influenzano le decisioni di investimento nel settore \u2013 ed ecco alcune delle correnti prevalenti oggi:<\/span><\/p>\n\n\n\n<p><b> \u2022 Aumento della richiesta di personalizzazione: <\/b><span style=\"font-weight: 400;\">Esiste una tendenza crescente verso soluzioni di gestione patrimoniale personalizzate che soddisfano gli obiettivi finanziari e la propensione al rischio individuali.&nbsp;<\/span><\/p>\n\n\n\n<p><b> \u2022 Ascesa dei Robo-Advisor:<\/b><span style=\"font-weight: 400;\"> La proliferazione dei robo-advisor continua ad essere una tendenza significativa, con la ricerca di mercato di WealthTech che esplora il loro impatto sui servizi di consulenza tradizionali e il modo in cui stanno rimodellando le aspettative dei clienti.<\/span><\/p>\n\n\n\n<p><b> \u2022 Applicazione Blockchain:<\/b><span style=\"font-weight: 400;\"> La tecnologia blockchain viene attentamente monitorata per il suo potenziale di rivoluzionare gli aspetti della gestione patrimoniale, comprese le transazioni sicure e la tenuta dei registri trasparente.<\/span><\/p>\n\n\n\n<p><b> \u2022 IA e apprendimento automatico:<\/b><span style=\"font-weight: 400;\"> L\u2019intelligenza artificiale e l\u2019apprendimento automatico sono in prima linea nell\u2019analisi predittiva, nella valutazione del rischio e nei processi decisionali automatizzati.&nbsp;<\/span><\/p>\n\n\n\n<p><b>\u2022 Tecnologia di regolamentazione (RegTech): <\/b>The financial industry faces stringent regulatory requirements, which has increased the<span style=\"font-weight: 400;\">&nbsp;focus on RegTech solutions that can help firms comply efficiently and cost-effectively.<\/span><\/p>\n\n\n\n<h2 class=\"wp-block-heading\">Informazioni su SIS FinTech Ricerca e consulenza strategica<\/h2>\n\n\n\n<p><a href=\"https:\/\/www.linkedin.com\/company\/sisinternationalresearch\/posts\/?feedView=all\" target=\"_blank\" rel=\"noopener\">SIS FinTech<\/a> provides comprehensive Market Research and Strategy Consulting solutions worldwide.&nbsp; We assist small, medium, and large financial organizations with data, insights, tools, and strategies to navigate digital disruption and capture new opportunities.&nbsp; Our key solutions include:<\/p>\n\n\n\n<ul class=\"wp-block-list\">\n<li>Opportunit\u00e0 di mercato e ingresso<\/li>\n\n\n\n<li>Identificazione delle opportunit\u00e0 di M&amp;A<\/li>\n\n\n\n<li>Strategia di accesso al mercato<\/li>\n\n\n\n<li>Analisi competitiva<\/li>\n\n\n\n<li>Monitoraggio del settore<\/li>\n\n\n\n<li>Ricerca sui consumatori<\/li>\n<\/ul>\n\n\n\n<h2 class=\"wp-block-heading\">La nostra sede a New York<\/h2>\n\n\n\n<p>\n\n\n\n<iframe loading=\"lazy\" src=\"https:\/\/www.google.com\/maps\/embed?pb=!1m18!1m12!1m3!1d3022.976188376966!2d-73.99130312499956!3d40.740549471389315!2m3!1f0!2f0!3f0!3m2!1i1024!2i768!4f13.1!3m3!1m2!1s0x89c259a15798c731%3A0xd695d09bdd495f25!2s11%20E%2022nd%20St%20FL%202%2C%20New%20York%2C%20NY%2010010%2C%20USA!5e0!3m2!1sen!2spe!4v1726171763526!5m2!1sen!2spe\" width=\"600\" height=\"450\" allowfullscreen=\"allowfullscreen\" data-mce-fragment=\"1\"><\/iframe>\n\n\n\n<\/p>\n\n\n\n<h3 class=\"wp-block-heading\">11 E 22nd Street, piano 2, New York, NY 10010 T: +1(212) 505-6805<\/h3>\n\n\n\n<hr class=\"wp-block-separator has-alpha-channel-opacity\"\/>\n\n\n\n<h2 class=\"wp-block-heading\"><span style=\"font-weight: 400;\">A proposito di SIS Internazionale<\/span><\/h2>\n\n\n\n<p><a href=\"https:\/\/www.sisinternational.com\/it\/\"><span style=\"font-weight: 400;\">SIS Internazionale<\/span><\/a><span style=\"font-weight: 400;\"> offre ricerca quantitativa, qualitativa e strategica. Forniamo dati, strumenti, strategie, report e approfondimenti per il processo decisionale. Conduciamo anche interviste, sondaggi, focus group e altri metodi e approcci di ricerca di mercato.<\/span><a href=\"https:\/\/www.sisinternational.com\/it\/sulla-sua-ricerca-internazionale\/contact-sis-international-market-research\/\"><span style=\"font-weight: 400;\"> Contattaci<\/span><\/a><span style=\"font-weight: 400;\"> per il tuo prossimo progetto di ricerca di mercato.<\/span><\/p>\n\n\n\n<p><\/p>","protected":false},"excerpt":{"rendered":"<p>SIS FinTech fornisce soluzioni complete di ricerca di mercato e consulenza strategica nel settore della tecnologia patrimoniale in tutto il mondo. Scopri di pi\u00f9 su RoboAdvisor e WealthTech.<\/p>","protected":false},"author":1,"featured_media":62723,"parent":27462,"menu_order":13,"comment_status":"closed","ping_status":"closed","template":"","meta":{"footnotes":""},"class_list":["post-28407","page","type-page","status-publish","has-post-thumbnail"],"_links":{"self":[{"href":"https:\/\/www.sisinternational.com\/it\/wp-json\/wp\/v2\/pages\/28407","targetHints":{"allow":["GET"]}}],"collection":[{"href":"https:\/\/www.sisinternational.com\/it\/wp-json\/wp\/v2\/pages"}],"about":[{"href":"https:\/\/www.sisinternational.com\/it\/wp-json\/wp\/v2\/types\/page"}],"author":[{"embeddable":true,"href":"https:\/\/www.sisinternational.com\/it\/wp-json\/wp\/v2\/users\/1"}],"replies":[{"embeddable":true,"href":"https:\/\/www.sisinternational.com\/it\/wp-json\/wp\/v2\/comments?post=28407"}],"version-history":[{"count":18,"href":"https:\/\/www.sisinternational.com\/it\/wp-json\/wp\/v2\/pages\/28407\/revisions"}],"predecessor-version":[{"id":79903,"href":"https:\/\/www.sisinternational.com\/it\/wp-json\/wp\/v2\/pages\/28407\/revisions\/79903"}],"up":[{"embeddable":true,"href":"https:\/\/www.sisinternational.com\/it\/wp-json\/wp\/v2\/pages\/27462"}],"wp:featuredmedia":[{"embeddable":true,"href":"https:\/\/www.sisinternational.com\/it\/wp-json\/wp\/v2\/media\/62723"}],"wp:attachment":[{"href":"https:\/\/www.sisinternational.com\/it\/wp-json\/wp\/v2\/media?parent=28407"}],"curies":[{"name":"wp","href":"https:\/\/api.w.org\/{rel}","templated":true}]}}