{"id":28333,"date":"2018-11-04T14:45:59","date_gmt":"2018-11-04T14:45:59","guid":{"rendered":"https:\/\/www.sisinternational.com\/?page_id=28333"},"modified":"2026-01-26T19:01:46","modified_gmt":"2026-01-27T00:01:46","slug":"ricerche-di-mercato-di-lendtech","status":"publish","type":"page","link":"https:\/\/www.sisinternational.com\/it\/soluzioni\/ricerca-di-consulenza-strategica-fintech\/ricerche-di-mercato-di-lendtech\/","title":{"rendered":"Ricerche di mercato di LendTech"},"content":{"rendered":"<h1 class=\"wp-block-heading\">Ricerche di mercato di LendTech<\/h1>\n\n\n\n<p><span style=\"font-weight: 400;\"><\/span><\/p>\n\n\n\n<figure class=\"gb-block-image gb-block-image-1c03b67d\"><img loading=\"lazy\" decoding=\"async\" width=\"1456\" height=\"816\" class=\"gb-image gb-image-1c03b67d\" src=\"https:\/\/www.sisinternational.com\/wp-content\/uploads\/2025\/09\/Focus-group-recruitment-7.jpg\" alt=\"Ricerca e strategia di mercato internazionale SIS\" title=\"Focus group recruitment (7)\" srcset=\"https:\/\/www.sisinternational.com\/wp-content\/uploads\/2025\/09\/Focus-group-recruitment-7.jpg 1456w, https:\/\/www.sisinternational.com\/wp-content\/uploads\/2025\/09\/Focus-group-recruitment-7-300x168.jpg 300w, https:\/\/www.sisinternational.com\/wp-content\/uploads\/2025\/09\/Focus-group-recruitment-7-1024x574.jpg 1024w, https:\/\/www.sisinternational.com\/wp-content\/uploads\/2025\/09\/Focus-group-recruitment-7-768x430.jpg 768w, https:\/\/www.sisinternational.com\/wp-content\/uploads\/2025\/09\/Focus-group-recruitment-7-18x10.jpg 18w\" sizes=\"auto, (max-width: 1456px) 100vw, 1456px\"><\/figure>\n\n\n\n<h2 class=\"wp-block-heading\"><\/h2>\n\n\n\n<hr class=\"wp-block-separator has-alpha-channel-opacity is-style-dots\"\/>\n\n\n\n<h2 class=\"wp-block-heading\"><span style=\"font-weight: 400;\">Technology has opened up a new market for consumers, small businesses, and business loans since 2007<\/span><\/h2>\n\n\n\n<p><span style=\"font-weight: 400;\">Lendtech ha il potenziale per trasformare il settore finanziario. Altri tipi di tecnologia hanno sconvolto la vendita al dettaglio e i viaggi. Lendtech \u00e8 la prossima frontiera. Alcune societ\u00e0 Lendtech sono finanziatori di bilancio che offrono prestiti a breve termine. Altre aziende utilizzano un modello peer-to-peer, fornendo prestiti pi\u00f9 grandi per periodi pi\u00f9 lunghi.<\/span><\/p>\n\n\n\n<p><span style=\"font-weight: 400;\">One thing Lendtech companies have in common is that they use technology to run a credit market. They operate this market at a lower cost than old-style bank loan platforms. They pass the savings on to their clients through lower rates. They pass it on to their financiers through solid returns. They favor both consumers and investors. These companies are thus earning high satisfaction ratings in the financial services industry.<\/span><\/p>\n\n\n\n<h2 class=\"wp-block-heading\"><strong>Che cos&#039;\u00e8 la ricerca di mercato Lendtech?<\/strong><\/h2>\n\n\n\n<p><span style=\"font-weight: 400;\">La ricerca di mercato di Lendtech comprende la raccolta, l&#039;analisi e l&#039;interpretazione sistematiche dei dati relativi al settore della tecnologia di prestito. Esamina le tendenze del mercato, i comportamenti dei consumatori, i quadri normativi e i progressi tecnologici che modellano il panorama dei servizi di prestito. Questa ricerca fornisce alle istituzioni finanziarie, ai fornitori di tecnologia e ad altre parti interessate informazioni utili per migliorare i loro processi decisionali e promuovere l\u2019innovazione nelle pratiche di prestito.<\/span><\/p>\n\n\n\n<h2 class=\"wp-block-heading\"><strong>Importanza delle ricerche di mercato di Lendtech<\/strong><\/h2>\n\n\n\n<p><span style=\"font-weight: 400;\">One key advantage of the lend tech market research is its ability to drive informed decision-making. By analyzing vast amounts of data related to borrower behavior, creditworthiness assessments, and market dynamics, businesses can make data-driven decisions that optimize lending strategies, mitigate risks, and capitalize on emerging opportunities.&nbsp;<\/span><\/p>\n\n\n\n<p><span style=\"font-weight: 400;\">Moreover, lendtech market research enhances customer experiences. Businesses can tailor their lending products and services based on borrowers&#8217; unique needs, preferences, and pain points to deliver personalized experiences that resonate with consumers\u2026 But, it has many other benefits \u2013 and here&#8217;s a breakdown of its key advantages:<\/span><\/p>\n\n\n\n<p><b>\u2022 Supporto alla gestione del rischio<\/b><span style=\"font-weight: 400;\">: By in-depth analyzing historical data, market trends, and borrower profiles, businesses can assess credit risks, identify potential defaults, and implement robust risk mitigation strategies to safeguard their lending portfolios.<\/span><\/p>\n\n\n\n<p><b>\u2022 Miglioramento dell&#039;efficienza operativa<\/b><span style=\"font-weight: 400;\">: La ricerca di mercato di Lendtech facilita l&#039;ottimizzazione e l&#039;automazione dei processi, portando a una maggiore efficienza operativa in vari aspetti del ciclo di vita del prestito.&nbsp;<\/span><\/p>\n\n\n\n<p><b>\u2022 Conformit\u00e0 e aderenza alle normative<\/b><span style=\"font-weight: 400;\">: In un ambiente sempre pi\u00f9 regolamentato, il rispetto dei requisiti normativi \u00e8 fondamentale per le imprese nel settore della tecnologia di prestito. Le ricerche di mercato di Lendtech aiutano le organizzazioni a rimanere al passo con i cambiamenti normativi, a comprendere gli obblighi di conformit\u00e0 e a implementare solidi quadri di conformit\u00e0 per garantire il rispetto degli standard normativi.<\/span><\/p>\n\n\n\n<p><b>\u2022 Miglioramento della soddisfazione del cliente<\/b><span style=\"font-weight: 400;\">: Lendtech market research enhances customer satisfaction by enabling businesses to offer personalized lending solutions tailored to individual needs and preferences.&nbsp;<\/span><\/p>\n\n\n\n<h2 class=\"wp-block-heading\">Chi utilizza LendTech?<\/h2>\n\n\n\n<p><\/p>\n\n\n\n<figure class=\"gb-block-image gb-block-image-412eb80c\"><img loading=\"lazy\" decoding=\"async\" width=\"1456\" height=\"816\" class=\"gb-image gb-image-412eb80c\" src=\"https:\/\/www.sisinternational.com\/wp-content\/uploads\/2025\/08\/Business-17.jpg\" alt=\"Ricerca e strategia di mercato internazionale SIS\" title=\"Business (17)\" srcset=\"https:\/\/www.sisinternational.com\/wp-content\/uploads\/2025\/08\/Business-17.jpg 1456w, https:\/\/www.sisinternational.com\/wp-content\/uploads\/2025\/08\/Business-17-300x168.jpg 300w, https:\/\/www.sisinternational.com\/wp-content\/uploads\/2025\/08\/Business-17-1024x574.jpg 1024w, https:\/\/www.sisinternational.com\/wp-content\/uploads\/2025\/08\/Business-17-768x430.jpg 768w, https:\/\/www.sisinternational.com\/wp-content\/uploads\/2025\/08\/Business-17-18x10.jpg 18w\" sizes=\"auto, (max-width: 1456px) 100vw, 1456px\"><\/figure>\n\n\n\n<p><\/p>\n\n\n\n<p><span style=\"font-weight: 400;\">Small businesses use LendTech. For example, Amazon makes funding available to its sellers. The online market giant caters to many small businesses, so it is uniquely positioned to know their selling histories and which can handle a loan. <\/span><\/p>\n\n\n\n<p><span style=\"font-weight: 400;\">Consumers also use LendTech. They use services like PayPal credit to buy items they couldn\u2019t otherwise afford and for personal loans and mortgages.<\/span><\/p>\n\n\n\n<p><span style=\"font-weight: 400;\">One significant advantage of LendTech is that it offers low interest rates. Businesses and consumers also use it because LendTech loans are easy to secure. Lenders who don\u2019t qualify for loans from the traditional sector can now be eligible for funding. <\/span><\/p>\n\n\n\n<h2 class=\"wp-block-heading\">Come funziona LendTech?<\/h2>\n\n\n\n<p><span style=\"font-weight: 400;\">Lendtech uses complex algorithms to match creditors with borrowers, matching according to each party&#8217;s specifications. These platforms assess borrowers according to their credit scores. They also examine social media activity to link the two parties at favorable interest rates. Borrowers fill in their details on online applications. They then upload supporting documents to the portal.<\/span><\/p>\n\n\n\n<p><span style=\"font-weight: 400;\">Lendtech lenders use bank-grade security and provide real-time notifications about prospective borrowers&#8217; loan application status. Their system makes efficient communication between lenders, borrowers, and third-party brokers possible and allows for faster, more straightforward engagement. Playing phone tag and using insecure email exchanges are things of the past.<\/span><\/p>\n\n\n\n<h2 class=\"wp-block-heading\"><strong>In che modo la ricerca di mercato Lendtech differisce dalla ricerca di mercato tradizionale?<\/strong><\/h2>\n\n\n\n<p><span style=\"font-weight: 400;\">Lendtech market <a href=\"https:\/\/www.sisinternational.com\/it\/competenza\/industrie\/ricerche-di-mercato-sui-cablaggi-strutturati\/\" title=\"Ricerche di mercato sui cablaggi strutturati\"  data-wpil-monitor-id=\"7208\">ricerca<\/a> often involves integrating big data analytics techniques to process vast amounts of structured and unstructured data from various sources, including transaction records, social media interactions, and online behavior. This enables researchers to uncover actionable insights and predictive trends that traditional market research methods may overlook.<\/span><\/p>\n\n\n\n<p><span style=\"font-weight: 400;\">A differenza della ricerca di mercato tradizionale, che pu\u00f2 adottare un approccio ad ampio raggio per comprendere il comportamento dei consumatori, la ricerca di mercato Lendtech adotta un approccio pi\u00f9 granulare e incentrato sul cliente. Ci\u00f2 implica sfruttare l\u2019analisi dei dati per segmentare e profilare i clienti in base alle loro preferenze, comportamenti e profili di rischio unici, consentendo alle aziende di offrire soluzioni di prestito personalizzate su misura per le esigenze individuali.<\/span><\/p>\n\n\n\n<h2 class=\"wp-block-heading\"><strong>Cosa aspettarsi dalle ricerche di mercato Lendtech<\/strong><\/h2>\n\n\n\n<p><\/p>\n\n\n\n<figure class=\"gb-block-image gb-block-image-6e9c87a2\"><img loading=\"lazy\" decoding=\"async\" width=\"1456\" height=\"816\" class=\"gb-image gb-image-6e9c87a2\" src=\"https:\/\/www.sisinternational.com\/wp-content\/uploads\/2025\/09\/Focus-group-recruitment-5.jpg\" alt=\"Ricerca e strategia di mercato internazionale SIS\" title=\"Focus group recruitment (5)\" srcset=\"https:\/\/www.sisinternational.com\/wp-content\/uploads\/2025\/09\/Focus-group-recruitment-5.jpg 1456w, https:\/\/www.sisinternational.com\/wp-content\/uploads\/2025\/09\/Focus-group-recruitment-5-300x168.jpg 300w, https:\/\/www.sisinternational.com\/wp-content\/uploads\/2025\/09\/Focus-group-recruitment-5-1024x574.jpg 1024w, https:\/\/www.sisinternational.com\/wp-content\/uploads\/2025\/09\/Focus-group-recruitment-5-768x430.jpg 768w, https:\/\/www.sisinternational.com\/wp-content\/uploads\/2025\/09\/Focus-group-recruitment-5-18x10.jpg 18w\" sizes=\"auto, (max-width: 1456px) 100vw, 1456px\"><\/figure>\n\n\n\n<p><\/p>\n\n\n\n<p><span style=\"font-weight: 400;\">Navigando nel complesso panorama della tecnologia di prestito, le aziende impegnate in ricerche di mercato lendtech possono anticipare diversi fattori chiave che modellano i loro sforzi e risultati di ricerca. Ecco cosa aspettarsi:<\/span><\/p>\n\n\n\n<p><b>Approfondimenti normativi<\/b><span style=\"font-weight: 400;\">:<\/span><\/p>\n\n\n\n<p><span style=\"font-weight: 400;\">Lendtech market research provides in-depth insights into regulatory frameworks, compliance requirements, and industry standards. Researchers will analyze the regulatory landscape to ensure businesses remain compliant while navigating the evolving regulatory environment.<\/span><\/p>\n\n\n\n<p><b>Analisi dei dati in tempo reale<\/b><span style=\"font-weight: 400;\">:<\/span><\/p>\n\n\n\n<p><span style=\"font-weight: 400;\">Con la proliferazione di flussi di dati in tempo reale e modelli di analisi predittiva, le ricerche di mercato di lendtech offrono informazioni utili al volo. I ricercatori sfrutteranno l\u2019analisi dei dati in tempo reale per monitorare le tendenze del mercato, identificare le opportunit\u00e0 emergenti e anticipare le preferenze dei clienti con maggiore precisione e agilit\u00e0.<\/span><\/p>\n\n\n\n<p><b>Raccomandazioni strategiche<\/b><span style=\"font-weight: 400;\">:<\/span><\/p>\n\n\n\n<p><span style=\"font-weight: 400;\">La ricerca di mercato di Lendtech fornisce raccomandazioni strategiche che consentono alle aziende di prendere decisioni informate, sfruttare le opportunit\u00e0 di mercato e affrontare le sfide in modo efficace.&nbsp;<\/span><\/p>\n\n\n\n<h2 class=\"wp-block-heading\"><strong>Opportunit\u00e0 nel mercato Lendtech per le imprese<\/strong><\/h2>\n\n\n\n<p><span style=\"font-weight: 400;\">Nel panorama dinamico della tecnologia di prestito, le aziende possono trarre vantaggio da varie opportunit\u00e0 per promuovere la crescita, l\u2019innovazione e il vantaggio competitivo. Ecco alcune opportunit\u00e0 chiave nel mercato lendtech:<\/span><\/p>\n\n\n\n<p><b>\u2022 Modelli di prestito alternativi<\/b><span style=\"font-weight: 400;\">: The rise of alternative lending models, such as peer-to-peer lending, marketplace lending, and crowdfunding, presents opportunities for businesses to tap into new revenue streams and cater to underserved market segments.&nbsp;<\/span><\/p>\n\n\n\n<p><b>\u2022 Esperienze cliente personalizzate<\/b><span style=\"font-weight: 400;\">: In an era of increasing personalization, businesses can capitalize on opportunities to deliver tailored lending experiences that meet individual borrowers&#8217; unique needs and preferences.&nbsp;<\/span><\/p>\n\n\n\n<p><b>\u2022 Soluzioni per la gestione del rischio<\/b><span style=\"font-weight: 400;\">: With lending risks growing more complex, businesses can seize opportunities to develop advanced risk management solutions that enhance decision-making, mitigate credit risks, and optimize lending portfolios.&nbsp;<\/span><\/p>\n\n\n\n<p><b>\u2022 Partenariati e collaborazioni<\/b><span style=\"font-weight: 400;\">: La collaborazione con startup fintech, fornitori di tecnologia e altri attori del settore offre alle aziende l\u2019opportunit\u00e0 di sfruttare punti di forza complementari, accedere a nuove tecnologie e promuovere l\u2019innovazione nel mercato lendtech.&nbsp;<\/span><\/p>\n\n\n\n<p><b>\u2022 Soluzioni per la conformit\u00e0 normativa<\/b><span style=\"font-weight: 400;\">: Man mano che i requisiti normativi evolvono, le aziende possono sfruttare le opportunit\u00e0 per sviluppare soluzioni di conformit\u00e0 che aiutano a superare le complessit\u00e0 normative, garantire la trasparenza e mitigare i rischi di conformit\u00e0.&nbsp;<\/span><\/p>\n\n\n\n<h2 class=\"wp-block-heading\"><strong>Le sfide delle ricerche di mercato Lendtech per le imprese<\/strong><\/h2>\n\n\n\n<figure class=\"gb-block-image gb-block-image-ccec0c22\"><img decoding=\"async\" class=\"gb-image gb-image-ccec0c22\" src=\"https:\/\/www.sisinternational.com\/wp-content\/uploads\/2024\/12\/Customer-experience-7.jpg\" alt=\"Ricerca e strategia di mercato internazionale SIS\"><\/figure>\n\n\n\n<p><\/p>\n\n\n\n<p><span style=\"font-weight: 400;\">Il mercato Lendtech presenta opportunit\u00e0 redditizie per le imprese. Tuttavia, pone diverse sfide che devono essere affrontate in modo efficace, tra cui:&nbsp;<\/span><\/p>\n\n\n\n<p><b>\u2022 Sfide dell&#039;integrazione tecnologica<\/b><span style=\"font-weight: 400;\">: L\u2019integrazione di nuove tecnologie come l\u2019intelligenza artificiale, l\u2019apprendimento automatico e la blockchain nei sistemi di prestito esistenti pone sfide alle imprese. Dai problemi di integrazione dei dati e interoperabilit\u00e0 alle competenze tecniche e ai vincoli delle risorse, le aziende devono superare le sfide dell\u2019integrazione tecnologica per sfruttare tutto il potenziale della ricerca di mercato lendtech.<\/span><\/p>\n\n\n\n<p><b>\u2022 Complessit\u00e0 della gestione del rischio<\/b><span style=\"font-weight: 400;\">: La natura dinamica dei rischi di prestito, compresi i rischi di credito, i rischi operativi e i rischi di conformit\u00e0, presenta sfide per le aziende che conducono ricerche di mercato Lendtech. Le aziende devono sviluppare solidi quadri di gestione del rischio, impiegare tecniche avanzate di modellazione del rischio e implementare soluzioni di monitoraggio in tempo reale per gestire efficacemente i rischi e garantire la stabilit\u00e0 finanziaria.<\/span><\/p>\n\n\n\n<p>\u2022 <b>Fiducia e adozione dei clienti<\/b>: Costruire la fiducia dei clienti e l\u2019adozione di soluzioni di prestito digitale \u00e8 fondamentale per le aziende nel mercato lendtech. Sfide come lo scetticismo nei confronti delle nuove tecnologie, le preoccupazioni sulla privacy dei dati e la resistenza al cambiamento possono ostacolare l\u2019adozione da parte dei clienti delle piattaforme di prestito digitale.<\/p>\n\n\n\n<h2 class=\"wp-block-heading\"><strong>Elements to Consider in Lendtech Market Research for Businesses<\/strong><\/h2>\n\n\n\n<h3 class=\"wp-block-heading p1\"><span class=\"s1\">Valutazione delle dimensioni del mercato e delle opportunit\u00e0<\/span><\/h3>\n\n\n\n<ul class=\"wp-block-list\">\n<li><span class=\"s1\">Numero di utenti Internet <\/span><\/li>\n\n\n\n<li><span class=\"s1\">Numero di utenti di smartphone <\/span><\/li>\n\n\n\n<li><span class=\"s1\">Numero di titolari di conti bancari <\/span><\/li>\n\n\n\n<li><span class=\"s1\">Numero di utenti di servizi finanziari online tra cui: <\/span><\/li>\n\n\n\n<li><span class=\"s1\">Commercio elettronico <\/span><\/li>\n\n\n\n<li><span class=\"s1\">Servizi bancari mobili\/online <\/span><\/li>\n\n\n\n<li><span class=\"s1\">Soldi mobili <\/span>\n<ul class=\"wp-block-list\">\n<li><span class=\"s1\">Numero di titolari di prestiti personali <\/span><\/li>\n\n\n\n<li><span class=\"s1\">Volume dei prestiti personali nel settore formale <\/span><\/li>\n\n\n\n<li><span class=\"s1\">Dimensioni del mercato dell\u2019e-commerce <\/span><\/li>\n\n\n\n<li><span class=\"s1\">Numero di aziende FinTech che operano a livello locale <\/span><\/li>\n<\/ul>\n<\/li>\n<\/ul>\n\n\n\n<h3 class=\"wp-block-heading p1\"><span class=\"s1\">Valutazione della crescita<\/span><\/h3>\n\n\n\n<ul class=\"wp-block-list\">\n<li><span class=\"s1\">Crescita di tutti i prestiti al consumo (vendita al dettaglio, mutui, prestiti auto) <\/span><\/li>\n\n\n\n<li><span class=\"s1\">Crescita dell\u2019e-commerce (come indicatore della crescita del business su Internet) <\/span><\/li>\n\n\n\n<li><span class=\"s1\">Crescita degli utenti Internet <\/span><\/li>\n\n\n\n<li><span class=\"s1\">Crescita del mobile\/online banking<\/span><\/li>\n<\/ul>\n\n\n\n<h3 class=\"wp-block-heading p1\"><span class=\"s1\">Valutazione competitiva<\/span><\/h3>\n\n\n\n<p><span class=\"s1\">Possiamo esplorare l\u2019ambiente competitivo.&nbsp; <\/span><\/p>\n\n\n\n<ul class=\"wp-block-list\">\n<li><span class=\"s1\">Quali istituti di credito online, se ce ne sono, operano attualmente a livello locale? <\/span>\n<ul class=\"wp-block-list\">\n<li><span class=\"s1\">Che tipi di prodotti offrono? <\/span><\/li>\n\n\n\n<li><span class=\"s1\">Quanto sono ben finanziati? <\/span><\/li>\n\n\n\n<li><span class=\"s1\">Qual \u00e8 la dimensione del loro portafoglio? (miglior sforzo) <\/span><\/li>\n\n\n\n<li><span class=\"s1\">Che tipo di clienti servono? (banked\/unbanked\/PMI, ecc.) <\/span><\/li>\n\n\n\n<li><span class=\"s1\">Quali istituti di credito non bancari offline operano a livello locale? <\/span><\/li>\n\n\n\n<li><span class=\"s1\">Quanti di loro sono l\u00ec?<\/span><\/li>\n<\/ul>\n<\/li>\n\n\n\n<li><span class=\"s1\">Profili dei principali concorrenti online<\/span>\n<ul class=\"wp-block-list\">\n<li><span class=\"s1\">Qual \u00e8 la dimensione media del loro prestito? Quali sono le condizioni del prestito? <\/span><\/li>\n\n\n\n<li><span class=\"s1\">I loro prestiti sono garantiti? <\/span><\/li>\n\n\n\n<li><span class=\"s1\">Quali sono le loro tecniche di valutazione del merito creditizio? <\/span><\/li>\n\n\n\n<li><span class=\"s1\">Quali sono i loro canali di origine? Sono 100% digitali o hanno una componente offline? <\/span><\/li>\n\n\n\n<li><span class=\"s1\">Come vengono erogati i prestiti? In contanti? Su un conto bancario? <\/span><\/li>\n\n\n\n<li><span class=\"s1\">Quali sono le loro commissioni\/tassi di interesse? <\/span><\/li>\n\n\n\n<li><span class=\"s1\">Qual \u00e8 il loro tasso di default? <\/span><\/li>\n\n\n\n<li><span class=\"s1\">Quanto velocemente stanno crescendo? Perch\u00e9? <\/span><\/li>\n<\/ul>\n<\/li>\n\n\n\n<li><span class=\"s1\">Quali strategie hanno implementato per mitigare le sfide e\/o i rischi normativi?&nbsp;<\/span><\/li>\n\n\n\n<li><span class=\"s1\"> Sono in partnership con banche o altri istituti finanziari? <\/span><\/li>\n\n\n\n<li><span class=\"s1\">Sono nostrani o provengono da un altro mercato? <\/span><\/li>\n\n\n\n<li><span class=\"s1\">Come sono entrati nel mercato? Terreno edificabile? Acquisizione? Associazione? Cosa ha funzionato in questa strategia? Cosa non \u00e8 successo? <\/span><\/li>\n\n\n\n<li><span class=\"s1\">Quali sono i loro principali differenziatori\/vantaggi competitivi? <\/span><\/li>\n\n\n\n<li><span class=\"s1\">Quali sono le loro migliori pratiche generali? <\/span><\/li>\n\n\n\n<li><span class=\"s1\">Quali sono le loro sfide pi\u00f9 grandi?<\/span><\/li>\n\n\n\n<li><span class=\"s1\">Quali altri fattori competitivi sono presenti sul mercato? <\/span>\n<ul class=\"wp-block-list\">\n<li><span class=\"s1\">Che rischio potrebbero presentare? <\/span><\/li>\n\n\n\n<li><span class=\"s1\">Microfinanziatori mobili. <\/span><\/li>\n\n\n\n<li><span class=\"s1\">I finanziatori delle PMI. <\/span><\/li>\n\n\n\n<li><span class=\"s1\">Mercato informale. <\/span><\/li>\n<\/ul>\n<\/li>\n\n\n\n<li><span class=\"s1\">Potenziale ingresso di altri concorrenti regionali.<\/span><\/li>\n<\/ul>\n\n\n\n<h3 class=\"wp-block-heading p1\"><span class=\"s1\">Valutazione normativa<\/span><\/h3>\n\n\n\n<ul class=\"wp-block-list\">\n<li><span class=\"s1\">Quali sono alcuni spunti sul contesto normativo? <\/span><\/li>\n\n\n\n<li><span class=\"s1\">Quali sono le sfide normative che devono affrontare i prestatori online? <\/span><\/li>\n\n\n\n<li><span class=\"s1\">Se le norme legislative non sono chiare, dove va attualmente il dibattito? <\/span><\/li>\n\n\n\n<li><span class=\"s1\">Se non ci sono regolamenti, c\u2019\u00e8 qualche discussione nel legislatore? <\/span><\/li>\n\n\n\n<li><span class=\"s1\">Quali soluzioni creative hanno adottato i concorrenti o altre FinTech per adattarsi all\u2019attuale contesto normativo? <\/span><\/li>\n\n\n\n<li><span class=\"s1\">Quale rischio normativo esiste, se esiste?<\/span><\/li>\n\n\n\n<li><span class=\"s1\">Come sono regolamentate, se non del tutto, le FinTech? <\/span><\/li>\n\n\n\n<li><span class=\"s1\">Esistono leggi sui prestiti online? <\/span><\/li>\n\n\n\n<li><span class=\"s1\">Gli istituti di credito online necessitano di una licenza bancaria o devono collaborare con una banca per operare?<\/span><\/li>\n<\/ul>\n\n\n\n<h2 class=\"wp-block-heading\">Informazioni sulla ricerca di mercato e sulla strategia di LendTech<\/h2>\n\n\n\n<p>SIS FinTech Research and Strategy conduce soluzioni di ricerca complete, tra cui:<\/p>\n\n\n\n<ul class=\"wp-block-list\">\n<li>Interviste ai clienti<\/li>\n\n\n\n<li>Gruppi di discussione<\/li>\n\n\n\n<li>Opportunit\u00e0 di mercato e valutazioni di ingresso<\/li>\n\n\n\n<li>Analisi competitiva<\/li>\n\n\n\n<li>Ricerca sull&#039;usabilit\u00e0<\/li>\n\n\n\n<li>Sondaggi e ricerche sui clienti<\/li>\n<\/ul>\n\n\n\n<h2 class=\"wp-block-heading\">La nostra sede a New York<\/h2>\n\n\n\n<p>\n\n\n\n<iframe loading=\"lazy\" src=\"https:\/\/www.google.com\/maps\/embed?pb=!1m18!1m12!1m3!1d3022.976188376966!2d-73.99130312499956!3d40.740549471389315!2m3!1f0!2f0!3f0!3m2!1i1024!2i768!4f13.1!3m3!1m2!1s0x89c259a15798c731%3A0xd695d09bdd495f25!2s11%20E%2022nd%20St%20FL%202%2C%20New%20York%2C%20NY%2010010%2C%20USA!5e0!3m2!1sen!2spe!4v1726171763526!5m2!1sen!2spe\" width=\"600\" height=\"450\" allowfullscreen=\"allowfullscreen\" data-mce-fragment=\"1\"><\/iframe>\n\n\n\n<\/p>\n\n\n\n<h3 class=\"wp-block-heading\">11 E 22nd Street, piano 2, New York, NY 10010 T: +1(212) 505-6805<\/h3>\n\n\n\n<hr class=\"wp-block-separator has-alpha-channel-opacity\"\/>\n\n\n\n<h2 class=\"wp-block-heading\"><span style=\"font-weight: 400;\">A proposito di SIS Internazionale<\/span><\/h2>\n\n\n\n<p><a href=\"https:\/\/www.sisinternational.com\/it\/\"><span style=\"font-weight: 400;\">SIS Internazionale<\/span><\/a><span style=\"font-weight: 400;\"> offre ricerca quantitativa, qualitativa e strategica. Forniamo dati, strumenti, strategie, report e approfondimenti per il processo decisionale. Conduciamo anche interviste, sondaggi, focus group e altri metodi e approcci di ricerca di mercato.<\/span><a href=\"https:\/\/www.sisinternational.com\/it\/sulla-sua-ricerca-internazionale\/contact-sis-international-market-research\/\"><span style=\"font-weight: 400;\"> Contattaci<\/span><\/a><span style=\"font-weight: 400;\"> per il tuo prossimo progetto di ricerca di mercato.<\/span><\/p>\n\n\n\n<p><\/p>","protected":false},"excerpt":{"rendered":"<p>SIS conduce ricerche di mercato sulle tecnologie di prestito e consulenza strategica. Scopri di pi\u00f9 sulla ricerca e sulla strategia di LendTech.<\/p>","protected":false},"author":1,"featured_media":66933,"parent":27462,"menu_order":12,"comment_status":"closed","ping_status":"closed","template":"","meta":{"footnotes":""},"class_list":["post-28333","page","type-page","status-publish","has-post-thumbnail"],"_links":{"self":[{"href":"https:\/\/www.sisinternational.com\/it\/wp-json\/wp\/v2\/pages\/28333","targetHints":{"allow":["GET"]}}],"collection":[{"href":"https:\/\/www.sisinternational.com\/it\/wp-json\/wp\/v2\/pages"}],"about":[{"href":"https:\/\/www.sisinternational.com\/it\/wp-json\/wp\/v2\/types\/page"}],"author":[{"embeddable":true,"href":"https:\/\/www.sisinternational.com\/it\/wp-json\/wp\/v2\/users\/1"}],"replies":[{"embeddable":true,"href":"https:\/\/www.sisinternational.com\/it\/wp-json\/wp\/v2\/comments?post=28333"}],"version-history":[{"count":11,"href":"https:\/\/www.sisinternational.com\/it\/wp-json\/wp\/v2\/pages\/28333\/revisions"}],"predecessor-version":[{"id":80778,"href":"https:\/\/www.sisinternational.com\/it\/wp-json\/wp\/v2\/pages\/28333\/revisions\/80778"}],"up":[{"embeddable":true,"href":"https:\/\/www.sisinternational.com\/it\/wp-json\/wp\/v2\/pages\/27462"}],"wp:featuredmedia":[{"embeddable":true,"href":"https:\/\/www.sisinternational.com\/it\/wp-json\/wp\/v2\/media\/66933"}],"wp:attachment":[{"href":"https:\/\/www.sisinternational.com\/it\/wp-json\/wp\/v2\/media?parent=28333"}],"curies":[{"name":"wp","href":"https:\/\/api.w.org\/{rel}","templated":true}]}}