{"id":27891,"date":"2018-09-12T18:18:12","date_gmt":"2018-09-12T18:18:12","guid":{"rendered":"https:\/\/www.sisinternational.com\/?page_id=27891"},"modified":"2025-09-11T23:56:17","modified_gmt":"2025-09-12T03:56:17","slug":"traduzione-e-trascrizione","status":"publish","type":"page","link":"https:\/\/www.sisinternational.com\/it\/soluzioni\/traduzione-e-trascrizione\/","title":{"rendered":"Servizi di traduzione e trascrizione"},"content":{"rendered":"<h1 class=\"wp-block-heading\">Servizi di traduzione e trascrizione<\/h1>\n\n\n\n<figure class=\"gb-block-image gb-block-image-f136b8a1\"><img loading=\"lazy\" decoding=\"async\" width=\"1456\" height=\"816\" class=\"gb-image gb-image-f136b8a1\" src=\"https:\/\/www.sisinternational.com\/wp-content\/uploads\/2025\/08\/Focus-group-meeting-3.jpg\" alt=\"Ricerca e strategia di mercato internazionale SIS\" title=\"Focus group &amp; meeting (3)\" srcset=\"https:\/\/www.sisinternational.com\/wp-content\/uploads\/2025\/08\/Focus-group-meeting-3.jpg 1456w, https:\/\/www.sisinternational.com\/wp-content\/uploads\/2025\/08\/Focus-group-meeting-3-300x168.jpg 300w, https:\/\/www.sisinternational.com\/wp-content\/uploads\/2025\/08\/Focus-group-meeting-3-1024x574.jpg 1024w, https:\/\/www.sisinternational.com\/wp-content\/uploads\/2025\/08\/Focus-group-meeting-3-768x430.jpg 768w, https:\/\/www.sisinternational.com\/wp-content\/uploads\/2025\/08\/Focus-group-meeting-3-18x10.jpg 18w\" sizes=\"auto, (max-width: 1456px) 100vw, 1456px\"><\/figure>\n\n\n\n<h2 class=\"wp-block-heading\">&nbsp;<\/h2>\n\n\n\n<p><\/p>\n\n\n\n<h2 class=\"wp-block-heading\">&nbsp;Soluzioni<\/h2>\n\n\n\n<hr class=\"wp-block-separator has-alpha-channel-opacity is-style-dots\"\/>\n\n\n\n<!-- Page-list plugin v.5.9 wordpress.org\/plugins\/page-list\/ -->\n<div class=\"page-list page-list-ext page-list-cols-2\">\n<div class=\"page-list-ext-item\"><div class=\"page-list-ext-image\"><a href=\"https:\/\/www.sisinternational.com\/it\/soluzioni\/traduzione-e-trascrizione\/servizi-di-traduzione-e-trascrizione-in-tedesco\/\" title=\"Servizi di traduzione e trascrizione in tedesco\"><img decoding=\"async\" src=\"https:\/\/www.sisinternational.com\/wp-content\/uploads\/2025\/09\/Germany-4-1-150x150.jpg\" width=\"150\" alt=\"Servizi di traduzione e trascrizione in tedesco\" \/><\/a><\/div> <h3 class=\"page-list-ext-title\"><a href=\"https:\/\/www.sisinternational.com\/it\/soluzioni\/traduzione-e-trascrizione\/servizi-di-traduzione-e-trascrizione-in-tedesco\/\" title=\"Servizi di traduzione e trascrizione in tedesco\">Servizi di traduzione e trascrizione in tedesco<\/a><\/h3><div class=\"page-list-ext-item-content\">SIS International fornisce servizi di traduzione e trascrizione in tedesco per una variet\u00e0 di settori e clienti.<\/div><\/div>\n<div class=\"page-list-ext-item\"><div class=\"page-list-ext-image\"><a href=\"https:\/\/www.sisinternational.com\/it\/soluzioni\/traduzione-e-trascrizione\/servizi-di-traduzione-e-trascrizione-in-spagnolo\/\" title=\"Traduzione e trascrizione spagnola\"><img decoding=\"async\" src=\"https:\/\/www.sisinternational.com\/wp-content\/uploads\/2025\/09\/Spain-3-150x150.jpg\" width=\"150\" alt=\"Traduzione e trascrizione spagnola\" \/><\/a><\/div> <h3 class=\"page-list-ext-title\"><a href=\"https:\/\/www.sisinternational.com\/it\/soluzioni\/traduzione-e-trascrizione\/servizi-di-traduzione-e-trascrizione-in-spagnolo\/\" title=\"Traduzione e trascrizione spagnola\">Traduzione e trascrizione spagnola<\/a><\/h3><div class=\"page-list-ext-item-content\">SIS International Research fornisce servizi di traduzione e trascrizione in spagnolo accurati, reattivi e rapidi. Ulteriori informazioni sulla traduzione spagnola.<\/div><\/div>\n<div class=\"page-list-ext-item\"><div class=\"page-list-ext-image\"><a href=\"https:\/\/www.sisinternational.com\/it\/soluzioni\/traduzione-e-trascrizione\/traduzione-e-trascrizione-in-cinese-mandarino\/\" title=\"Traduzione e trascrizione in cinese mandarino\"><img decoding=\"async\" src=\"https:\/\/www.sisinternational.com\/wp-content\/uploads\/2025\/09\/Market-Entry-Consulting-in-China-4-150x150.jpg\" width=\"150\" alt=\"Traduzione e trascrizione in cinese mandarino\" \/><\/a><\/div> <h3 class=\"page-list-ext-title\"><a href=\"https:\/\/www.sisinternational.com\/it\/soluzioni\/traduzione-e-trascrizione\/traduzione-e-trascrizione-in-cinese-mandarino\/\" title=\"Traduzione e trascrizione in cinese mandarino\">Traduzione e trascrizione in cinese mandarino<\/a><\/h3><div class=\"page-list-ext-item-content\">Il cinese mandarino \u00e8 la lingua pi\u00f9 parlata al mondo. Scopri di pi\u00f9 sui servizi di traduzione e trascrizione in cinese mandarino SIS.<\/div><\/div>\n<div class=\"page-list-ext-item\"><div class=\"page-list-ext-image\"><a href=\"https:\/\/www.sisinternational.com\/it\/soluzioni\/traduzione-e-trascrizione\/trascrizione-di-ricerche-di-mercato\/\" title=\"Trascrizione di ricerche di mercato\"><img decoding=\"async\" src=\"https:\/\/www.sisinternational.com\/wp-content\/uploads\/2025\/09\/Quantitative-research-16-150x150.jpg\" width=\"150\" alt=\"Trascrizione di ricerche di mercato\" \/><\/a><\/div> <h3 class=\"page-list-ext-title\"><a href=\"https:\/\/www.sisinternational.com\/it\/soluzioni\/traduzione-e-trascrizione\/trascrizione-di-ricerche-di-mercato\/\" title=\"Trascrizione di ricerche di mercato\">Trascrizione di ricerche di mercato<\/a><\/h3><div class=\"page-list-ext-item-content\">Forniamo trascrizioni di ricerche di mercato convenienti e di alta qualit\u00e0.<\/div><\/div>\n\n<\/div>\n\n\n\n<p><\/p>","protected":false},"excerpt":{"rendered":"<p>Forniamo servizi di traduzione e trascrizione alle aziende. Scopri di pi\u00f9 sulle nostre soluzioni linguistiche.<\/p>","protected":false},"author":1,"featured_media":62665,"parent":14457,"menu_order":19,"comment_status":"closed","ping_status":"closed","template":"","meta":{"footnotes":""},"class_list":["post-27891","page","type-page","status-publish","has-post-thumbnail"],"_links":{"self":[{"href":"https:\/\/www.sisinternational.com\/it\/wp-json\/wp\/v2\/pages\/27891","targetHints":{"allow":["GET"]}}],"collection":[{"href":"https:\/\/www.sisinternational.com\/it\/wp-json\/wp\/v2\/pages"}],"about":[{"href":"https:\/\/www.sisinternational.com\/it\/wp-json\/wp\/v2\/types\/page"}],"author":[{"embeddable":true,"href":"https:\/\/www.sisinternational.com\/it\/wp-json\/wp\/v2\/users\/1"}],"replies":[{"embeddable":true,"href":"https:\/\/www.sisinternational.com\/it\/wp-json\/wp\/v2\/comments?post=27891"}],"version-history":[{"count":4,"href":"https:\/\/www.sisinternational.com\/it\/wp-json\/wp\/v2\/pages\/27891\/revisions"}],"predecessor-version":[{"id":67949,"href":"https:\/\/www.sisinternational.com\/it\/wp-json\/wp\/v2\/pages\/27891\/revisions\/67949"}],"up":[{"embeddable":true,"href":"https:\/\/www.sisinternational.com\/it\/wp-json\/wp\/v2\/pages\/14457"}],"wp:featuredmedia":[{"embeddable":true,"href":"https:\/\/www.sisinternational.com\/it\/wp-json\/wp\/v2\/media\/62665"}],"wp:attachment":[{"href":"https:\/\/www.sisinternational.com\/it\/wp-json\/wp\/v2\/media?parent=27891"}],"curies":[{"name":"wp","href":"https:\/\/api.w.org\/{rel}","templated":true}]}}