{"id":27873,"date":"2018-09-12T04:18:41","date_gmt":"2018-09-12T04:18:41","guid":{"rendered":"https:\/\/www.sisinternational.com\/?page_id=27873"},"modified":"2026-01-24T18:15:08","modified_gmt":"2026-01-24T23:15:08","slug":"soluzioni-edtech-per-la-tecnologia-dellistruzione","status":"publish","type":"page","link":"https:\/\/www.sisinternational.com\/it\/soluzioni\/soluzioni-edtech-per-la-tecnologia-dellistruzione\/","title":{"rendered":"Soluzioni di tecnologia educativa (EdTech)."},"content":{"rendered":"<h1 class=\"wp-block-heading\">Consulenza SIS EdTech<\/h1>\n\n\n\n<figure class=\"gb-block-image gb-block-image-47e2da5d\"><img loading=\"lazy\" decoding=\"async\" width=\"1456\" height=\"816\" class=\"gb-image gb-image-47e2da5d\" src=\"https:\/\/www.sisinternational.com\/wp-content\/uploads\/2025\/08\/Education-1.jpg\" alt=\"Ricerca e strategia di mercato internazionale SIS\" title=\"Education (1)\" srcset=\"https:\/\/www.sisinternational.com\/wp-content\/uploads\/2025\/08\/Education-1.jpg 1456w, https:\/\/www.sisinternational.com\/wp-content\/uploads\/2025\/08\/Education-1-300x168.jpg 300w, https:\/\/www.sisinternational.com\/wp-content\/uploads\/2025\/08\/Education-1-1024x574.jpg 1024w, https:\/\/www.sisinternational.com\/wp-content\/uploads\/2025\/08\/Education-1-768x430.jpg 768w, https:\/\/www.sisinternational.com\/wp-content\/uploads\/2025\/08\/Education-1-18x10.jpg 18w\" sizes=\"auto, (max-width: 1456px) 100vw, 1456px\"><\/figure>\n\n\n\n<p><\/p>\n\n\n\n<p>La tecnologia sta rapidamente sconvolgendo sia il settore dell\u2019istruzione che quello dell\u2019eLearning aziendale. Scuole, governi, aziende e imprenditori sono tutti nuovi consumatori di servizi e prodotti di tecnologia educativa. Per contribuire a soddisfare questa crescente domanda, SIS International ha lanciato servizi di ricerca EdTech e consulenza strategica.<\/p>\n\n\n\n<h3 class=\"wp-block-heading\">SIS International \u2013 Soluzioni per ricerche di mercato e consulenza strategica EdTech:<\/h3>\n\n\n\n<ul class=\"wp-block-list\">\n<li><strong>Consulenza sull&#039;innovazione<\/strong>\n<ul class=\"wp-block-list\">\n<li>Ideazione e creazione di idee<\/li>\n\n\n\n<li>Laboratori di innovazione<\/li>\n<\/ul>\n<\/li>\n\n\n\n<li><strong>Ricerca di mercato<\/strong>\n<ul class=\"wp-block-list\">\n<li>Raccolta dati e normazione<\/li>\n\n\n\n<li>Test del concetto di nuovo prodotto<\/li>\n\n\n\n<li>Test di usabilit\u00e0 di app e software<\/li>\n<\/ul>\n<\/li>\n\n\n\n<li><strong>Consulenza strategica<\/strong>\n<ul class=\"wp-block-list\">\n<li>Opportunit\u00e0 di mercato, ingresso e dimensionamento<\/li>\n\n\n\n<li>Vai alla strategia di mercato<\/li>\n\n\n\n<li>Analisi competitiva<\/li>\n\n\n\n<li>Ingresso nel mercato Asia-Pacifico<\/li>\n\n\n\n<li>Soluzioni di e-learning aziendale<\/li>\n<\/ul>\n<\/li>\n<\/ul>\n\n\n\n<h2 class=\"wp-block-heading\">Esperienza di consulenza strategica SIS EdTech<\/h2>\n\n\n\n<figure class=\"gb-block-image gb-block-image-29ae33b9\"><img loading=\"lazy\" decoding=\"async\" width=\"1456\" height=\"816\" class=\"gb-image gb-image-29ae33b9\" src=\"https:\/\/www.sisinternational.com\/wp-content\/uploads\/2025\/08\/Education-2.jpg\" srcset=\"https:\/\/www.sisinternational.com\/wp-content\/uploads\/2025\/08\/Education-2.jpg 1456w, https:\/\/www.sisinternational.com\/wp-content\/uploads\/2025\/08\/Education-2-300x168.jpg 300w, https:\/\/www.sisinternational.com\/wp-content\/uploads\/2025\/08\/Education-2-1024x574.jpg 1024w, https:\/\/www.sisinternational.com\/wp-content\/uploads\/2025\/08\/Education-2-768x430.jpg 768w, https:\/\/www.sisinternational.com\/wp-content\/uploads\/2025\/08\/Education-2-18x10.jpg 18w\" sizes=\"auto, (max-width: 1456px) 100vw, 1456px\" alt=\"Ricerca e strategia di mercato internazionale SIS\"><\/figure>\n\n\n\n<p><\/p>\n\n\n\n<p>EdTech sta risolvendo sfide educative come la carenza di insegnanti, la qualit\u00e0 dell\u2019istruzione e le questioni geografiche. Ci\u00f2 \u00e8 particolarmente vero nella regione Asia-Pacifico, che si prevede sar\u00e0 la pi\u00f9 grande consumatrice di EdTech.<\/p>\n\n\n\n<p>SIS has launched new Education Tech solutions to help companies capture new opportunities, such as Adaptive Learning, which dynamically tailors learning priorities and difficulty to the learner\u2019s level.&nbsp;The company also launched new Education Tech solutions to capture new opportunities such as Adaptive Learning, which tailors learning priorities and difficulty to the learner\u2019s level.<\/p>\n\n\n\n<p>In SIS International, il nostro approccio alla consulenza strategica EdTech \u00e8 radicato in una profonda comprensione sia del panorama educativo che dei progressi tecnologici che lo modellano.<\/p>\n\n\n\n<p>Lavoriamo a stretto contatto con istituti scolastici, aziende tecnologiche e altre parti interessate per sviluppare strategie su misura che migliorino le esperienze di apprendimento, migliorino i risultati formativi e ottimizzino l&#039;efficienza operativa. I nostri consulenti apportano una vasta esperienza nell&#039;analisi di mercato, nell&#039;esperienza dell&#039;utente, nell&#039;integrazione dei curriculum e nella gestione del cambiamento, garantendo che i nostri clienti siano ben attrezzati per prendere decisioni informate e implementare soluzioni EdTech efficaci.<\/p>\n\n\n\n<p>Furthermore, SIS already has extensive Market Research and Strategy Consulting experience working in a variety of <a href=\"https:\/\/www.sisinternational.com\/it\/aumento-del-settore-dellistruzione-durante-la-recessione\/\" title=\"Aumento del settore dell\u2019istruzione durante la recessione\"  data-wpil-monitor-id=\"1985\">Education industry sectors<\/a>. We have developed core competencies in:<\/p>\n\n\n\n<ul class=\"wp-block-list\">\n<li>Lavagne digitali e soluzioni hardware per aule<\/li>\n\n\n\n<li>eLearning aziendale<\/li>\n\n\n\n<li>Test educativi<\/li>\n\n\n\n<li>Piattaforme Education Learning Management System (LMS).<\/li>\n<\/ul>\n\n\n\n<p>Noi di SIS International comprendiamo che il futuro dell&#039;istruzione \u00e8 intrecciato con la tecnologia. Attraverso i nostri servizi di consulenza strategica EdTech, diamo ai nostri clienti la possibilit\u00e0 di abbracciare questo futuro, creando esperienze educative coinvolgenti, accessibili e trasformative.<\/p>\n\n\n\n<p>SIS International impiega un approccio globale e metodico alla consulenza strategica EdTech, garantendo che i nostri clienti ricevano approfondimenti e strategie attuabili su misura per le loro esigenze specifiche nel settore della tecnologia educativa.<\/p>\n\n\n\n<h3 class=\"wp-block-heading\">Ecco una panoramica di come conduciamo la consulenza strategica EdTech:<\/h3>\n\n\n\n<ul class=\"wp-block-list\">\n<li><strong>Valutazione iniziale e analisi dei bisogni:<\/strong> Il nostro processo inizia con una valutazione approfondita della situazione attuale, degli obiettivi e delle sfide del cliente nell&#039;ambito EdTech. Ci\u00f2 implica la comprensione degli obiettivi istituzionali del cliente, del pubblico target, dell&#039;infrastruttura tecnologica e di eventuali punti critici o aspirazioni specifici che ha riguardo alla tecnologia educativa.<\/li>\n\n\n\n<li><strong>Analisi del settore:<\/strong> Sfruttando la nostra vasta esperienza nella consulenza EdTech, conduciamo un&#039;analisi dettagliata del mercato EdTech, esaminando le tendenze del settore, le strategie della concorrenza, i progressi tecnologici e le considerazioni normative. Il nostro obiettivo \u00e8 fornire una comprensione completa del panorama in cui operano i nostri clienti.<\/li>\n\n\n\n<li><strong>Coinvolgimento e feedback delle parti interessate:<\/strong> Collaboriamo con varie parti interessate, tra cui educatori, studenti, esperti di tecnologia e amministratori per ottenere una visione completa delle esigenze, delle preferenze e della potenziale resistenza ai cambiamenti tecnologici.<\/li>\n\n\n\n<li><strong>Sviluppo della strategia:<\/strong> Sulla base dei nostri risultati, sviluppiamo una strategia EdTech altamente personalizzata in linea con gli obiettivi del cliente. Questa strategia comprende vari aspetti come la selezione e l\u2019integrazione della tecnologia, gli approcci pedagogici, lo sviluppo dei contenuti e l\u2019esperienza dell\u2019utente. Diamo priorit\u00e0 a strategie innovative, fattibili e scalabili.<\/li>\n\n\n\n<li><strong>Pianificazione dell&#039;implementazione:<\/strong> Assistiamo i nostri clienti nell\u2019implementazione delle strategie consigliate. Ci\u00f2 include la definizione di scadenze, la definizione di traguardi chiave, l\u2019allocazione delle risorse e l\u2019identificazione di potenziali rischi e strategie di mitigazione.<\/li>\n\n\n\n<li><strong>Formazione e supporto:<\/strong> Riconoscendo le sfide associate all&#039;adozione di nuove tecnologie, forniamo servizi di formazione e supporto per garantire un&#039;implementazione senza intoppi. Ci\u00f2 include la formazione per educatori e amministratori sulle nuove tecnologie come l\u2019intelligenza artificiale, l\u2019apprendimento automatico e gli approcci pedagogici emergenti.<\/li>\n\n\n\n<li><strong>Monitoraggio e valutazione:<\/strong> Monitoriamo i progressi e l\u2019impatto delle iniziative EdTech. Ci\u00f2 implica valutare l\u2019efficacia della tecnologia nel raggiungimento degli obiettivi educativi, valutare la soddisfazione degli utenti e apportare modifiche alla strategia secondo necessit\u00e0.<\/li>\n<\/ul>\n\n\n\n<h3 class=\"wp-block-heading\">L&#039;approccio di SIS International all&#039;integrazione dell&#039;intelligenza artificiale (AI) nell&#039;EdTech \u00e8 una miscela lungimirante e strategica di tecnologia e istruzione. Ecco una panoramica del nostro approccio:<\/h3>\n\n\n\n<ul class=\"wp-block-list\">\n<li><strong>Sfruttare l&#039;intelligenza artificiale per l&#039;apprendimento personalizzato:<\/strong> Al centro della nostra strategia AI ed EdTech c\u2019\u00e8 l\u2019uso dell\u2019intelligenza artificiale per creare esperienze di apprendimento personalizzate. Ci\u00f2 include l\u2019utilizzo di algoritmi di intelligenza artificiale per analizzare i modelli di apprendimento, le preferenze e le prestazioni degli studenti, quindi adattare di conseguenza i contenuti didattici. L\u2019obiettivo \u00e8 creare un ambiente di apprendimento che soddisfi le esigenze individuali di ogni studente, rendendo l\u2019istruzione pi\u00f9 coinvolgente ed efficace.<\/li>\n\n\n\n<li><strong>Migliorare il processo decisionale basato sui dati:<\/strong> Utilizziamo l&#039;intelligenza artificiale per raccogliere e analizzare grandi volumi di dati educativi. Questo approccio basato sui dati consente agli istituti scolastici di ottenere informazioni preziose sul coinvolgimento degli studenti, sui risultati dell\u2019apprendimento e sull\u2019efficacia educativa complessiva.<\/li>\n\n\n\n<li><strong>Semplificazione dei processi amministrativi:<\/strong> L\u2019intelligenza artificiale viene utilizzata anche per semplificare le attivit\u00e0 amministrative negli istituti scolastici. Ci\u00f2 include l&#039;automazione della valutazione, il monitoraggio delle presenze e persino la risposta alle domande comuni degli studenti. Riducendo gli oneri amministrativi, gli insegnanti possono concentrarsi maggiormente sull\u2019insegnamento e sull\u2019interazione con gli studenti.<\/li>\n\n\n\n<li><strong>Considerazioni etiche e conformit\u00e0:<\/strong> Siamo profondamente consapevoli delle considerazioni etiche e dei requisiti di conformit\u00e0 relativi all\u2019intelligenza artificiale nell\u2019istruzione. Il nostro approccio include la garanzia della privacy dei dati, la correzione dei pregiudizi negli algoritmi di intelligenza artificiale e il mantenimento della trasparenza nelle decisioni guidate dall\u2019intelligenza artificiale.<\/li>\n\n\n\n<li><strong>Sviluppo e implementazione collaborativi:<\/strong> We believe in a collaborative approach to developing and implementing AI solutions in education. This involves working closely with educators, administrators, students, and technology <a href=\"https:\/\/www.sisinternational.com\/it\/soluzioni\/e-la-crescita-globale\/approvvigionamento-strategico\/\" title=\"Soluzioni di approvvigionamento esperte\"  data-wpil-monitor-id=\"6372\">experts to ensure that the AI solutions<\/a> are effectively integrated into the educational ecosystem.<\/li>\n<\/ul>\n\n\n\n<h2 class=\"wp-block-heading\">Altri servizi<\/h2>\n\n\n\n<!-- Page-list plugin v.5.9 wordpress.org\/plugins\/page-list\/ -->\n<!-- no pages to show -->\n\n\n\n<h2 class=\"wp-block-heading\">SIS International ha le risorse per aiutarti a trasformare le sfide in opportunit\u00e0.<\/h2>\n\n\n\n<h2 class=\"wp-block-heading\">&nbsp;<\/h2>\n\n\n\n<p class=\"has-text-align-center\"><iframe loading=\"lazy\" style=\"border: 1px solid #CCC; border-width: 1px; margin-bottom: 5px; max-width: 100%;\" src=\"\/\/www.slideshare.net\/slideshow\/embed_code\/key\/aTkZqKDLV7ROVr\" width=\"595\" height=\"485\" frameborder=\"0\" marginwidth=\"0\" marginheight=\"0\" scrolling=\"no\" allowfullscreen=\"allowfullscreen\" data-mce-fragment=\"1\"> <\/iframe><\/p>\n\n\n\n<p><\/p>","protected":false},"excerpt":{"rendered":"<p>SIS fornisce ricerche di mercato e consulenza strategica sulle tecnologie educative. Identificano soluzioni nell&#039;ambito della ricerca e della consulenza EdTech.<\/p>","protected":false},"author":1,"featured_media":62659,"parent":14457,"menu_order":18,"comment_status":"closed","ping_status":"closed","template":"","meta":{"footnotes":""},"class_list":["post-27873","page","type-page","status-publish","has-post-thumbnail"],"_links":{"self":[{"href":"https:\/\/www.sisinternational.com\/it\/wp-json\/wp\/v2\/pages\/27873","targetHints":{"allow":["GET"]}}],"collection":[{"href":"https:\/\/www.sisinternational.com\/it\/wp-json\/wp\/v2\/pages"}],"about":[{"href":"https:\/\/www.sisinternational.com\/it\/wp-json\/wp\/v2\/types\/page"}],"author":[{"embeddable":true,"href":"https:\/\/www.sisinternational.com\/it\/wp-json\/wp\/v2\/users\/1"}],"replies":[{"embeddable":true,"href":"https:\/\/www.sisinternational.com\/it\/wp-json\/wp\/v2\/comments?post=27873"}],"version-history":[{"count":6,"href":"https:\/\/www.sisinternational.com\/it\/wp-json\/wp\/v2\/pages\/27873\/revisions"}],"predecessor-version":[{"id":79957,"href":"https:\/\/www.sisinternational.com\/it\/wp-json\/wp\/v2\/pages\/27873\/revisions\/79957"}],"up":[{"embeddable":true,"href":"https:\/\/www.sisinternational.com\/it\/wp-json\/wp\/v2\/pages\/14457"}],"wp:featuredmedia":[{"embeddable":true,"href":"https:\/\/www.sisinternational.com\/it\/wp-json\/wp\/v2\/media\/62659"}],"wp:attachment":[{"href":"https:\/\/www.sisinternational.com\/it\/wp-json\/wp\/v2\/media?parent=27873"}],"curies":[{"name":"wp","href":"https:\/\/api.w.org\/{rel}","templated":true}]}}