{"id":27866,"date":"2018-09-11T05:08:35","date_gmt":"2018-09-11T05:08:35","guid":{"rendered":"https:\/\/www.sisinternational.com\/?page_id=27866"},"modified":"2025-09-03T18:51:14","modified_gmt":"2025-09-03T22:51:14","slug":"traduzione-e-trascrizione-in-cinese-mandarino","status":"publish","type":"page","link":"https:\/\/www.sisinternational.com\/it\/soluzioni\/traduzione-e-trascrizione\/traduzione-e-trascrizione-in-cinese-mandarino\/","title":{"rendered":"Traduzione e trascrizione in cinese mandarino"},"content":{"rendered":"<h1 class=\"wp-block-heading p1\"><span class=\"s1\">Traduzione e trascrizione in cinese mandarino<\/span><\/h1>\n\n\n\n<figure class=\"gb-block-image gb-block-image-702ace61\"><img loading=\"lazy\" decoding=\"async\" width=\"1456\" height=\"816\" class=\"gb-image gb-image-702ace61\" src=\"https:\/\/www.sisinternational.com\/wp-content\/uploads\/2025\/09\/Market-Entry-Consulting-in-China-4.jpg\" alt=\"Ricerca e strategia di mercato internazionale SIS\" title=\"Market Entry Consulting in China (4)\" srcset=\"https:\/\/www.sisinternational.com\/wp-content\/uploads\/2025\/09\/Market-Entry-Consulting-in-China-4.jpg 1456w, https:\/\/www.sisinternational.com\/wp-content\/uploads\/2025\/09\/Market-Entry-Consulting-in-China-4-300x168.jpg 300w, https:\/\/www.sisinternational.com\/wp-content\/uploads\/2025\/09\/Market-Entry-Consulting-in-China-4-1024x574.jpg 1024w, https:\/\/www.sisinternational.com\/wp-content\/uploads\/2025\/09\/Market-Entry-Consulting-in-China-4-768x430.jpg 768w, https:\/\/www.sisinternational.com\/wp-content\/uploads\/2025\/09\/Market-Entry-Consulting-in-China-4-18x10.jpg 18w\" sizes=\"auto, (max-width: 1456px) 100vw, 1456px\"><\/figure>\n\n\n\n<p><\/p>\n\n\n\n<hr class=\"wp-block-separator has-alpha-channel-opacity is-style-dots\"\/>\n\n\n\n<p class=\"p2\"><span class=\"s1\">Circa il 16% della popolazione mondiale parla il cinese come prima lingua. Questa cifra comprende quasi 1,2 miliardi di persone. Quasi un miliardo di persone parlano il mandarino, la variante pi\u00f9 comune. Il cinese standard \u00e8 il dialetto mandarino di Pechino. \u00c8 la lingua ufficiale della Cina. Le Nazioni Unite la riconoscono come lingua ufficiale. Il cinese standard gode dello status di lingua ufficiale a Taiwan, Singapore, Hong Kong e Macao.<\/span><\/p>\n\n\n\n<h2 class=\"wp-block-heading p3\"><span class=\"s1\">Importanza economica della Cina di lingua mandarina<\/span><\/h2>\n\n\n\n<p class=\"p4\"><span class=\"s1\">La Cina \u00e8 attualmente quella con la crescita pi\u00f9 rapida tra tutte le principali economie del mondo. \u00c8 la seconda economia pi\u00f9 grande del mondo. Il \u201cMade in China\u201d \u00e8 un dato di fatto. La Cina \u00e8 diventata la fabbrica del mondo e sta avanzando nella catena alimentare tecnologica. Conoscere il cinese pu\u00f2 dare ai candidati un vantaggio durante un colloquio di lavoro. Ci sono grandi comunit\u00e0 cinesi in tutto il mondo. Comprendere la lingua pu\u00f2 fornire alle aziende un vantaggio competitivo.<\/span><\/p>\n\n\n\n<p class=\"p2\"><span class=\"s1\">The Chinese business segment encompasses everything. China produces engineers, IT specialists, pharmaceuticals, technology, automobiles, and consumer goods. The Chinese business segment is a goliath in the international world of business. Being able to communicate with the major players in the Chinese language is crucial. It can help establish a company as a leader in any field. China is a role-player that will continue to strengthen and expand. Fluency in Mandarin is an essential component for the future <a href=\"https:\/\/www.sisinternational.com\/it\/predictive-analytics\/\" title=\"Predictive Analytics: Your Crystal Ball for Business Success\"  data-wpil-monitor-id=\"6154\">success of any business<\/a>.<\/span><\/p>\n\n\n\n<h2 class=\"wp-block-heading p3\"><span class=\"s1\">Cos&#039;\u00e8 la trascrizione?<\/span><\/h2>\n\n\n\n<p class=\"p4\"><span class=\"s1\">Knowledge of Mandarin is the best practice. However, <a href=\"https:\/\/www.sisinternational.com\/it\/soluzioni\/traduzione-e-trascrizione\/servizi-di-traduzione-e-trascrizione-in-tedesco\/\" title=\"Servizi di traduzione e trascrizione in tedesco\"  data-wpil-monitor-id=\"6151\">transcription and translation services<\/a> are a viable alternative. Transcription is the conversion of spoken words into writing. Here at SIS Research, we can take your Chinese audio file and transcribe it into words in a document. We also do direct translation. In this scenario, we transcribe the words from your audio file into English.<\/span><\/p>\n\n\n\n<p class=\"p2\"><span class=\"s1\">So what\u2019s the difference between <a href=\"https:\/\/www.sisinternational.com\/it\/soluzioni\/traduzione-e-trascrizione\/servizi-di-traduzione-e-trascrizione-in-spagnolo\/\" title=\"Traduzione e trascrizione spagnola\"  data-wpil-monitor-id=\"6155\">transcription and translation<\/a>? Transcriptionists make a written file from spoken words. Translators convert those words into another language. For example, we offer transcription services. We take your Chinese speeches, interviews, and other audio files, and write each word in a document. However, our Mandarin to English transcription is, in essence, a translation service. With this type of transcription, we convert the spoken words into another language.<\/span><\/p>\n\n\n\n<h2 class=\"wp-block-heading p3\"><span class=\"s1\">Trascrizione dal mandarino al mandarino<\/span><\/h2>\n\n\n\n<p class=\"p2\"><span class=\"s1\">Documentation of meetings is becoming an essential feature of international commerce. Accuracy and speech to text quality are crucial to business service users. Our transcription team helps organizations from small-scale enterprises to top-tier multinationals. We offer <a href=\"https:\/\/www.sisinternational.com\/it\/soluzioni\/ricerca-di-consulenza-strategica-fintech\/ricerche-di-mercato-nel-settore-dei-servizi-finanziari\/\" title=\"Ricerche di mercato nel settore dei servizi finanziari\"  data-wpil-monitor-id=\"6152\">services across a wide range of industries<\/a>. These <a href=\"https:\/\/www.sisinternational.com\/it\/soluzioni\/ai-ricerche-di-mercato-e-consulenza-strategica\/consulenza-sullintelligenza-artificiale-per-lautomazione-del-settore-tecnologico\/\" title=\"Consulenza sull&#039;automazione del settore tecnologico e sull&#039;intelligenza artificiale\"  data-wpil-monitor-id=\"6153\">industries include technology<\/a>, fund management, education, consultancy, and investment holdings.<\/span><\/p>\n\n\n\n<h2 class=\"wp-block-heading p3\"><span class=\"s1\">Trascrizione dal mandarino all&#039;inglese<\/span><\/h2>\n\n\n\n<figure class=\"gb-block-image gb-block-image-0af61bb9\"><img loading=\"lazy\" decoding=\"async\" width=\"1456\" height=\"816\" class=\"gb-image gb-image-0af61bb9\" src=\"https:\/\/www.sisinternational.com\/wp-content\/uploads\/2025\/09\/Market-Entry-Consulting-in-China-2.jpg\" alt=\"Ricerca e strategia di mercato internazionale SIS\" title=\"Market Entry Consulting in China (2)\" srcset=\"https:\/\/www.sisinternational.com\/wp-content\/uploads\/2025\/09\/Market-Entry-Consulting-in-China-2.jpg 1456w, https:\/\/www.sisinternational.com\/wp-content\/uploads\/2025\/09\/Market-Entry-Consulting-in-China-2-300x168.jpg 300w, https:\/\/www.sisinternational.com\/wp-content\/uploads\/2025\/09\/Market-Entry-Consulting-in-China-2-1024x574.jpg 1024w, https:\/\/www.sisinternational.com\/wp-content\/uploads\/2025\/09\/Market-Entry-Consulting-in-China-2-768x430.jpg 768w, https:\/\/www.sisinternational.com\/wp-content\/uploads\/2025\/09\/Market-Entry-Consulting-in-China-2-18x10.jpg 18w\" sizes=\"auto, (max-width: 1456px) 100vw, 1456px\"><\/figure>\n\n\n\n<p><\/p>\n\n\n\n<p class=\"p4\"><span class=\"s1\">Dal XVII secolo i linguisti hanno lottato con la lingua mandarino. Hanno compiuto pi\u00f9 di due dozzine di sforzi per creare paralleli con le lingue occidentali. Questo compito \u00e8 laborioso perch\u00e9 i cinesi usano i simboli per rappresentare le parole. Non usano le lettere come fanno gli occidentali. Il cinese \u00e8 una lingua complicata. Tuttavia, utilizziamo trascrittori che parlano fluentemente entrambe le lingue. Questa pratica garantisce l&#039;accuratezza della traduzione.<\/span><\/p>\n\n\n\n<p class=\"p2\"><span class=\"s1\">Ci occupiamo della trascrizione generale. Le competenze essenziali per la trascrizione generale sono la comprensione verbale e scritta. Ci assicuriamo che i nostri trascrittori siano intelligenti, buoni ascoltatori, responsabili e informati. Hanno eccellenti capacit\u00e0 ortografiche e grammaticali. La domanda per questa categoria \u00e8 in crescita. Questo aumento si \u00e8 verificato mentre le aziende si stanno espandendo a livello globale a un ritmo senza precedenti.<\/span><\/p>\n\n\n\n<h2 class=\"wp-block-heading p3\"><span class=\"s1\">Importanza della sfumatura culturale nella trascrizione e nella traduzione<\/span><\/h2>\n\n\n\n<p class=\"p4\"><span class=\"s1\">La trascrizione implica molto pi\u00f9 che lo scambio di parole da una lingua all\u2019altra. Esistono trascrizioni computerizzate, ma nessun software pu\u00f2 prendere in considerazione le sfumature culturali. I linguisti spesso si trovano ad affrontare idiomi, espressioni colloquiali e simili. Il trascrittore dovrebbe parlare fluentemente entrambe le lingue per evitare un passo falso culturale. Noi di SIS Research risolviamo questo problema per te. <\/span><\/p>\n\n\n\n<p class=\"p4\"><span class=\"s1\"><a href=\"https:\/\/www.sisinternational.com\/it\/soluzioni\/traduzione-e-trascrizione\/\" title=\"Servizi di traduzione e trascrizione\"  data-wpil-monitor-id=\"6156\">Transcription is a hybrid of translation<\/a> and interpretation. Our linguists have all the skills required for accurate transcription. They are familiar with various Mandarin accents. They also have excellent listening comprehension skills. We ensure that they pay keen attention to detail. They must also have a strong command of colloquialism in both languages. Your business dealings are too sensitive to take chances with transcription and translation. Let SIS Research handle these aspects of your commerce. You can then focus on doing what it takes to make your business successful. <span class=\"Apple-converted-space\">&nbsp;<\/span><\/span><\/p>\n\n\n\n<h2 class=\"wp-block-heading\">La nostra sede a New York<\/h2>\n\n\n\n<p>\n\n\n\n<iframe loading=\"lazy\" src=\"https:\/\/www.google.com\/maps\/embed?pb=!1m18!1m12!1m3!1d3022.976188376966!2d-73.99130312499956!3d40.740549471389315!2m3!1f0!2f0!3f0!3m2!1i1024!2i768!4f13.1!3m3!1m2!1s0x89c259a15798c731%3A0xd695d09bdd495f25!2s11%20E%2022nd%20St%20FL%202%2C%20New%20York%2C%20NY%2010010%2C%20USA!5e0!3m2!1sen!2spe!4v1726171763526!5m2!1sen!2spe\" width=\"600\" height=\"450\" allowfullscreen=\"allowfullscreen\" data-mce-fragment=\"1\"><\/iframe>\n\n\n\n<\/p>\n\n\n\n<h3 class=\"wp-block-heading\">11 E 22nd Street, piano 2, New York, NY 10010 T: +1(212) 505-6805<\/h3>\n\n\n\n<hr class=\"wp-block-separator has-alpha-channel-opacity\"\/>\n\n\n\n<h2 class=\"wp-block-heading\"><span style=\"font-weight: 400;\">A proposito di SIS Internazionale<\/span><\/h2>\n\n\n\n<p><a href=\"https:\/\/www.sisinternational.com\/it\/\"><span style=\"font-weight: 400;\">SIS Internazionale<\/span><\/a><span style=\"font-weight: 400;\"> offers Quantitative, Qualitative, and Strategy Research. We provide data, tools, strategies, reports, and insights for decision-making. We also conduct interviews, surveys, focus groups, and other <a href=\"https:\/\/www.sisinternational.com\/it\/quantitative-market-research-methods-and-techniques\/\" title=\"Quantitative Market Research Methods and Techniques\"  data-wpil-monitor-id=\"6150\">Market Research methods<\/a> and approaches.<\/span><a href=\"https:\/\/www.sisinternational.com\/it\/sulla-sua-ricerca-internazionale\/contact-sis-international-market-research\/\"><span style=\"font-weight: 400;\"> Contattaci<\/span><\/a><span style=\"font-weight: 400;\"> per il tuo prossimo progetto di ricerca di mercato.<\/span><\/p>\n\n\n\n<p>&nbsp;<\/p>","protected":false},"excerpt":{"rendered":"<p>Il cinese mandarino \u00e8 la lingua pi\u00f9 parlata al mondo. Scopri di pi\u00f9 sui servizi di traduzione e trascrizione in cinese mandarino SIS.<\/p>","protected":false},"author":1,"featured_media":65710,"parent":27891,"menu_order":2,"comment_status":"closed","ping_status":"closed","template":"","meta":{"footnotes":""},"class_list":["post-27866","page","type-page","status-publish","has-post-thumbnail"],"_links":{"self":[{"href":"https:\/\/www.sisinternational.com\/it\/wp-json\/wp\/v2\/pages\/27866","targetHints":{"allow":["GET"]}}],"collection":[{"href":"https:\/\/www.sisinternational.com\/it\/wp-json\/wp\/v2\/pages"}],"about":[{"href":"https:\/\/www.sisinternational.com\/it\/wp-json\/wp\/v2\/types\/page"}],"author":[{"embeddable":true,"href":"https:\/\/www.sisinternational.com\/it\/wp-json\/wp\/v2\/users\/1"}],"replies":[{"embeddable":true,"href":"https:\/\/www.sisinternational.com\/it\/wp-json\/wp\/v2\/comments?post=27866"}],"version-history":[{"count":5,"href":"https:\/\/www.sisinternational.com\/it\/wp-json\/wp\/v2\/pages\/27866\/revisions"}],"predecessor-version":[{"id":79754,"href":"https:\/\/www.sisinternational.com\/it\/wp-json\/wp\/v2\/pages\/27866\/revisions\/79754"}],"up":[{"embeddable":true,"href":"https:\/\/www.sisinternational.com\/it\/wp-json\/wp\/v2\/pages\/27891"}],"wp:featuredmedia":[{"embeddable":true,"href":"https:\/\/www.sisinternational.com\/it\/wp-json\/wp\/v2\/media\/65710"}],"wp:attachment":[{"href":"https:\/\/www.sisinternational.com\/it\/wp-json\/wp\/v2\/media?parent=27866"}],"curies":[{"name":"wp","href":"https:\/\/api.w.org\/{rel}","templated":true}]}}