{"id":27856,"date":"2018-09-11T03:42:51","date_gmt":"2018-09-11T03:42:51","guid":{"rendered":"https:\/\/www.sisinternational.com\/?page_id=27856"},"modified":"2026-03-22T03:04:10","modified_gmt":"2026-03-22T07:04:10","slug":"sistemi-di-gestione-dellapprendimento-ricerche-di-mercato-lms","status":"publish","type":"page","link":"https:\/\/www.sisinternational.com\/it\/education-market-research\/sistemi-di-gestione-dellapprendimento-ricerche-di-mercato-lms\/","title":{"rendered":"Ricerche di mercato sui sistemi di gestione dell&#039;apprendimento (LMS)."},"content":{"rendered":"<h1 class=\"wp-block-heading p1\"><span class=\"s1\">Ricerche di mercato sui sistemi di gestione dell&#039;apprendimento (LMS).<\/span><\/h1>\n\n\n\n<figure class=\"gb-block-image gb-block-image-9cca2400\"><img loading=\"lazy\" decoding=\"async\" width=\"1456\" height=\"816\" class=\"gb-image gb-image-9cca2400\" src=\"https:\/\/www.sisinternational.com\/wp-content\/uploads\/2025\/08\/Deep-learning-machine-learning-27.jpg\" srcset=\"https:\/\/www.sisinternational.com\/wp-content\/uploads\/2025\/08\/Deep-learning-machine-learning-27.jpg 1456w, https:\/\/www.sisinternational.com\/wp-content\/uploads\/2025\/08\/Deep-learning-machine-learning-27-300x168.jpg 300w, https:\/\/www.sisinternational.com\/wp-content\/uploads\/2025\/08\/Deep-learning-machine-learning-27-1024x574.jpg 1024w, https:\/\/www.sisinternational.com\/wp-content\/uploads\/2025\/08\/Deep-learning-machine-learning-27-768x430.jpg 768w, https:\/\/www.sisinternational.com\/wp-content\/uploads\/2025\/08\/Deep-learning-machine-learning-27-18x10.jpg 18w\" sizes=\"auto, (max-width: 1456px) 100vw, 1456px\" alt=\"Ricerca e strategia di mercato internazionale SIS\"><\/figure>\n\n\n\n<p><\/p>\n\n\n\n<p class=\"p2\"><span class=\"s2\">This era is exciting because everything is evolving. Almost all manual jobs are now fast-becoming computerized. One such task is classroom teaching. Educators no longer have to lecture school groups, or company employees face to face. The days of classroom discussions and handing out course materials are over. What is changing? People are teaching and learning via computer <a href=\"https:\/\/www.sisinternational.com\/it\/soluzioni\/ricerca-di-consulenza-strategica-fintech\/consulenza-per-ricerche-di-mercato-sulla-gestione-di-programmi-fintech\/\" title=\"Ricerche di mercato e consulenza sulla gestione dei programmi FinTech\"  data-wpil-monitor-id=\"11082\">programs or LMS-Learning Management<\/a> Systems.<\/span><\/p>\n\n\n\n<h2 class=\"wp-block-heading p3\"><span class=\"s2\">Cos&#039;\u00e8 un LMS?<\/span><\/h2>\n\n\n\n<p class=\"p2\"><span class=\"s2\">LMS are computer software programs. Users can develop training programs and eLearning courses via the Internet for students. &nbsp;Using LMS can be very beneficial to both educators and students. They can choose from many different available applications based on specific requirements. Students learn at their own pace, with monitoring from trainers. Some well known LMS include Tutor, Moodle, and Google Classroom. Blackboard Learning System, eCollege, and WebCT are a few others.<\/span><\/p>\n\n\n\n<h2 class=\"wp-block-heading p3\"><span class=\"s2\">Chi lo usa? Perch\u00e9?<\/span><\/h2>\n\n\n\n<p class=\"p2\"><span class=\"s2\">Chiunque offra corsi di formazione o lezioni pu\u00f2 utilizzare LMS. Presenta molti vantaggi rispetto al vecchio modo di insegnare\/imparare. Gli utenti principali sono college e universit\u00e0. Anche le aziende utilizzano LMS. Sono preziosi per la formazione dei dipendenti. Forniscono ai dipendenti gli strumenti necessari per operare nelle loro capacit\u00e0 professionali. LMS \u00e8 la scelta pratica di molti perch\u00e9 \u00e8 il pi\u00f9 attuale e aggiornato. Nell&#039;era dell&#039;apprendimento informatico, \u00e8 probabile che gli studenti afferrino rapidamente le procedure LMS.<\/span><\/p>\n\n\n\n<h2 class=\"wp-block-heading p3\"><span class=\"s2\">Come funziona<\/span><\/h2>\n\n\n\n<p class=\"p2\"><span class=\"s2\">Generally, LMS allows users to design and manage courses.&nbsp; Professors and teachers can also upload pre-existing courses. Education institutions can distribute coursework and content rapidly to students and professors.&nbsp; Administration staff and teachers can give different levels of access to different people.&nbsp; Once enrollment is complete students have access to course content. Students can also access all other data regarding the completion of the program including the syllabus, teacher bios, course packs, and attachments. Learning Management Systems also allow students to upload assignments, quizzes, and exams.&nbsp; The course designer can generate reports based on students\u2019 performance and development, and efficiently and accurately distribute grading to students.<\/span><\/p>\n\n\n\n<p class=\"p2\"><span class=\"s2\">Le universit\u00e0 aperte che offrono formazione all\u2019estero utilizzano LMS. Questi sistemi di apprendimento utilizzano un sistema di accesso in tre parti: amministratore, insegnante e studente. Un utente amministratore crea il corso. Gli insegnanti e gli studenti, che sono gli utenti principali, interagiscono su blog e forum. L&#039;insegnante \u00e8 anche in grado di monitorare l&#039;attivit\u00e0 online degli studenti.<\/span><\/p>\n\n\n\n<h2 class=\"wp-block-heading p3\"><span class=\"s2\">Opportunit\u00e0<\/span><\/h2>\n\n\n\n<p class=\"p2\"><span class=\"s2\">I sistemi di gestione dell&#039;apprendimento offrono molte opportunit\u00e0 ai formatori e agli studenti. Sono anche un\u2019ottima risorsa per le aziende che li utilizzano.<\/span><\/p>\n\n\n\n<ul class=\"wp-block-list\">\n<li><span class=\"s2\">Gli studenti possono lavorare e studiare allo stesso tempo.<\/span><\/li>\n\n\n\n<li><span class=\"s2\">Formazione per il personale: l&#039;apprendimento \u00e8 semplice, basta un clic.<\/span><\/li>\n\n\n\n<li><span class=\"s2\">La formazione professionale rende il gruppo di lavoro pi\u00f9 efficace. I dipendenti possono utilizzare il tempo risparmiato da LMS in altre aree redditizie.<\/span><\/li>\n\n\n\n<li><span class=\"s2\">Companies can <a href=\"https:\/\/www.sisinternational.com\/it\/soluzioni\/soluzioni-di-ricerca-quantitativa-qualitativa\/test-di-prodotti-educativi-per-bambini-a-new-york\/\" title=\"Test di prodotti educativi per bambini a New York\"  data-wpil-monitor-id=\"11083\">educate potential customers about products<\/a> and services. LMS offer the option of <a href=\"https:\/\/www.sisinternational.com\/it\/soluzioni\/societa-di-ricerche-di-mercato-per-il-campionamento-di-sondaggi-online\/\" title=\"Societ\u00e0 di ricerche di mercato per il campionamento di sondaggi online\"  data-wpil-monitor-id=\"11081\">online quizzes and surveys<\/a> to make this process easier.<\/span><\/li>\n\n\n\n<li><span class=\"s2\">\u00c8 pi\u00f9 semplice ed efficiente distribuire i contenuti del corso agli studenti. Le universit\u00e0 e gli istituti scolastici spendono meno denaro in carta e strutture di formazione quando utilizzano LMS.<\/span><\/li>\n\n\n\n<li><span class=\"s2\">Sono disponibili molti lavori come amministratori, progettisti di corsi, formatori e tutor.<\/span><\/li>\n\n\n\n<li>I progressi nel cloud computing hanno migliorato notevolmente la qualit\u00e0 e la funzionalit\u00e0 delle soluzioni LMS.<\/li>\n<\/ul>\n\n\n\n<h2 class=\"wp-block-heading p3\"><span class=\"s2\">Sfide<\/span><\/h2>\n\n\n\n<p class=\"p2\"><span class=\"s2\">L\u2019aspetto negativo \u00e8 che LMS presenta alcune sfide. Queste sfide possono scoraggiare gli utenti dalla scelta di questo metodo di insegnamento. Eccone alcuni:<\/span><\/p>\n\n\n\n<ul class=\"wp-block-list\">\n<li><span class=\"s2\">La mancanza di contatto umano pu\u00f2 causare demotivazione a causa del bisogno umano di socializzare.<\/span><\/li>\n\n\n\n<li><span class=\"s2\">A causa della mancanza di impegno, gli studenti possono diventare demotivati e annoiati.<\/span><\/li>\n\n\n\n<li><span class=\"s2\">Lack of <a href=\"https:\/\/www.sisinternational.com\/it\/soluzioni\/focus-group\/focus-group-on-personal-care-products\/\" title=\"Focus Group on Personal Care Products\"  data-wpil-monitor-id=\"11086\">focus<\/a> as students do some studies at home and in personal spaces.<\/span><\/li>\n<\/ul>\n\n\n\n<h2 class=\"wp-block-heading p3\"><span class=\"s2\">Test di usabilit\u00e0<\/span><\/h2>\n\n\n\n<p class=\"p2\"><span class=\"s2\">LMS <a href=\"https:\/\/www.sisinternational.com\/it\/soluzioni\/soluzioni-di-branding-e-ricerca-clienti\/test-di-usabilita-ricerca-sullesperienza-utente\/\" title=\"Ricerche di mercato sugli utenti e test di usabilit\u00e0\"  data-wpil-monitor-id=\"11080\">users conduct periodic Usability Tests<\/a> to ensure the integrity of the system. Willing test subjects must go through the entire process. Administrators, Course Designers, and even students must undergo sample testing. This <a href=\"https:\/\/www.sisinternational.com\/it\/soluzioni\/soluzioni-di-branding-e-ricerca-clienti\/ricerche-di-mercato-per-test-di-prodotto\/la-migliore-azienda-di-ricerche-di-mercato-sullusabilita\/\" title=\"Usability testing Company\"  data-wpil-monitor-id=\"11084\">testing ensures that the process is usable<\/a> from beginning to end. Testers can identify glitches in the process that can make it unusable, and then file reports. These reports allow the Administrator to go back to the drawing board if necessary.<\/span><\/p>\n\n\n\n<p class=\"p2\"><span class=\"s2\">I sistemi LMS hanno ridefinito l\u2019apprendimento. Ha portato l\u2019apprendimento fuori dai muri limitanti della classe. Poich\u00e9 l\u2019apprendimento \u00e8 ora su Internet, \u00e8 pi\u00f9 accessibile a tutti.<\/span><\/p>\n\n\n\n<h2 class=\"wp-block-heading\">Informazioni su ricerche di mercato e consulenza SIS EdTech<\/h2>\n\n\n\n<p>SIS Internazionale <a href=\"https:\/\/www.sisinternational.com\/it\/copertura\/ricerche-di-mercato-asiatiche\/palazzetto-delle-ricerche-di-mercato\/\" title=\"Ricerche di mercato a Palau\"  data-wpil-monitor-id=\"4070\">Research conducts Market<\/a> Research, Data Collection, and Strategy Research for technology firms, start ups and Educational Institutions.&nbsp; We provide<\/p>\n\n\n\n<ul class=\"wp-block-list\">\n<li>Gruppi di discussione<\/li>\n\n\n\n<li>Test di usabilit\u00e0<\/li>\n\n\n\n<li>Sondaggi sui clienti<\/li>\n\n\n\n<li>Ricerca sugli acquisti e sui decisori<\/li>\n\n\n\n<li>Ricerche di mercato B2G<\/li>\n\n\n\n<li>Ricerca strategica<\/li>\n\n\n\n<li>Valutazioni competitive<\/li>\n\n\n\n<li>Digitale <a class=\"wpil_keyword_link\" href=\"https:\/\/www.sisinternational.com\/it\/soluzioni\/innovazione\/\"   title=\"Ricerca sull&#039;innovazione\" data-wpil-keyword-link=\"linked\"  data-wpil-monitor-id=\"462\">Ricerca sull&#039;innovazione<\/a><\/li>\n\n\n\n<li>Strategic Market Opportunity, <a href=\"https:\/\/www.sisinternational.com\/it\/soluzioni\/consulenza-strategica\/studi-di-dimensionamento-della-fattibilita-dellingresso-nel-mercato\/\" title=\"Ingresso nel mercato, studi di fattibilit\u00e0 e dimensionamento\"  data-wpil-monitor-id=\"11085\">Sizing and Entry<\/a> Assessments<\/li>\n<\/ul>\n\n\n\n<p><\/p>","protected":false},"excerpt":{"rendered":"<p>SIS EdTech fornisce ricerche di mercato, dati e ricerche strategiche per i settori della tecnologia e dell&#039;istruzione. Ulteriori informazioni sulle ricerche di mercato sui sistemi di gestione dell&#039;apprendimento.<\/p>","protected":false},"author":1,"featured_media":64405,"parent":84844,"menu_order":1,"comment_status":"closed","ping_status":"closed","template":"","meta":{"footnotes":""},"class_list":["post-27856","page","type-page","status-publish","has-post-thumbnail"],"_links":{"self":[{"href":"https:\/\/www.sisinternational.com\/it\/wp-json\/wp\/v2\/pages\/27856","targetHints":{"allow":["GET"]}}],"collection":[{"href":"https:\/\/www.sisinternational.com\/it\/wp-json\/wp\/v2\/pages"}],"about":[{"href":"https:\/\/www.sisinternational.com\/it\/wp-json\/wp\/v2\/types\/page"}],"author":[{"embeddable":true,"href":"https:\/\/www.sisinternational.com\/it\/wp-json\/wp\/v2\/users\/1"}],"replies":[{"embeddable":true,"href":"https:\/\/www.sisinternational.com\/it\/wp-json\/wp\/v2\/comments?post=27856"}],"version-history":[{"count":6,"href":"https:\/\/www.sisinternational.com\/it\/wp-json\/wp\/v2\/pages\/27856\/revisions"}],"predecessor-version":[{"id":81813,"href":"https:\/\/www.sisinternational.com\/it\/wp-json\/wp\/v2\/pages\/27856\/revisions\/81813"}],"up":[{"embeddable":true,"href":"https:\/\/www.sisinternational.com\/it\/wp-json\/wp\/v2\/pages\/84844"}],"wp:featuredmedia":[{"embeddable":true,"href":"https:\/\/www.sisinternational.com\/it\/wp-json\/wp\/v2\/media\/64405"}],"wp:attachment":[{"href":"https:\/\/www.sisinternational.com\/it\/wp-json\/wp\/v2\/media?parent=27856"}],"curies":[{"name":"wp","href":"https:\/\/api.w.org\/{rel}","templated":true}]}}