{"id":27829,"date":"2018-09-03T23:53:19","date_gmt":"2018-09-03T23:53:19","guid":{"rendered":"https:\/\/www.sisinternational.com\/?page_id=27829"},"modified":"2025-09-03T18:18:07","modified_gmt":"2025-09-03T22:18:07","slug":"servizi-di-traduzione-e-trascrizione-in-spagnolo","status":"publish","type":"page","link":"https:\/\/www.sisinternational.com\/it\/soluzioni\/traduzione-e-trascrizione\/servizi-di-traduzione-e-trascrizione-in-spagnolo\/","title":{"rendered":"Traduzione e trascrizione spagnola"},"content":{"rendered":"<h1 class=\"wp-block-heading p1\"><span class=\"s1\">Traduzione e trascrizione spagnola<\/span><\/h1>\n\n\n\n<figure class=\"gb-block-image gb-block-image-410ee2c0\"><img loading=\"lazy\" decoding=\"async\" width=\"1456\" height=\"816\" class=\"gb-image gb-image-410ee2c0\" src=\"https:\/\/www.sisinternational.com\/wp-content\/uploads\/2025\/09\/Spain-3.jpg\" alt=\"Ricerca e strategia di mercato internazionale SIS\" title=\"Spain (3)\" srcset=\"https:\/\/www.sisinternational.com\/wp-content\/uploads\/2025\/09\/Spain-3.jpg 1456w, https:\/\/www.sisinternational.com\/wp-content\/uploads\/2025\/09\/Spain-3-300x168.jpg 300w, https:\/\/www.sisinternational.com\/wp-content\/uploads\/2025\/09\/Spain-3-1024x574.jpg 1024w, https:\/\/www.sisinternational.com\/wp-content\/uploads\/2025\/09\/Spain-3-768x430.jpg 768w, https:\/\/www.sisinternational.com\/wp-content\/uploads\/2025\/09\/Spain-3-18x10.jpg 18w\" sizes=\"auto, (max-width: 1456px) 100vw, 1456px\"><\/figure>\n\n\n\n<p><\/p>\n\n\n\n<hr class=\"wp-block-separator has-alpha-channel-opacity is-style-dots\"\/>\n\n\n\n<p class=\"p2\"><span class=\"s1\">It&#8217;s not surprising that Spanish transcription services are in high demand. Spanish is the second most-spoken language in America. SIS International offers several different types of Spanish transcription services. Companies can make use of our Spanish-to-Spanish transcription services. We also provide Spanish-to-English <a href=\"https:\/\/www.sisinternational.com\/it\/soluzioni\/traduzione-e-trascrizione\/servizi-di-traduzione-e-trascrizione-in-tedesco\/\" title=\"Servizi di traduzione e trascrizione in tedesco\"  data-wpil-monitor-id=\"6510\">transcription and document translation services<\/a>. Read on for more info about our Spanish transcription services.<\/span><\/p>\n\n\n\n<h2 class=\"wp-block-heading p3\"><span class=\"s1\">The Economic Power of Spanish-Speaking Countries<\/span><\/h2>\n\n\n\n<p class=\"p4\"><span class=\"s1\">La Spagna \u00e8 la 14esima al mondo<\/span><span class=\"s2\"><sup>th<\/sup><\/span><span class=\"s1\"> maggiore economia in termini di PIL nominale. \u00c8 il quinto pi\u00f9 grande dell&#039;Unione Europea. \u00c8 uno dei paesi leader nel mondo per lo sviluppo umano di alto livello. Diverse aziende spagnole si sono guadagnate la reputazione di multinazionali credibili. Questo status consente loro di operare con facilit\u00e0 nei paesi dell&#039;America Latina.<\/span><\/p>\n\n\n\n<p class=\"p2\"><span class=\"s1\">Negli ultimi anni il potere economico in America Latina si \u00e8 spostato in Messico. Quel paese ha la seconda economia pi\u00f9 grande della regione. Il tasso di disoccupazione \u00e8 al 3,5% e il mercato del lavoro continua a migliorare. Anche i \u201cTre andini\u201d, Colombia, Cile e Per\u00f9, sono potenze economiche. Questi paesi stanno assistendo ad un aumento degli investimenti esteri diretti. Gli esperti prevedono che nei prossimi anni le loro economie cresceranno ancora pi\u00f9 velocemente di quella del Messico.<\/span><\/p>\n\n\n\n<h2 class=\"wp-block-heading p3\"><span class=\"s1\">L\u2019ascesa del segmento della popolazione ispanica negli Stati Uniti<\/span><\/h2>\n\n\n\n<figure class=\"gb-block-image gb-block-image-7b8487da\"><img loading=\"lazy\" decoding=\"async\" width=\"1456\" height=\"816\" class=\"gb-image gb-image-7b8487da\" src=\"https:\/\/www.sisinternational.com\/wp-content\/uploads\/2025\/08\/Online-focus-group-8-1.jpg\" alt=\"Ricerca e strategia di mercato internazionale SIS\" title=\"Online focus group (8)\" srcset=\"https:\/\/www.sisinternational.com\/wp-content\/uploads\/2025\/08\/Online-focus-group-8-1.jpg 1456w, https:\/\/www.sisinternational.com\/wp-content\/uploads\/2025\/08\/Online-focus-group-8-1-300x168.jpg 300w, https:\/\/www.sisinternational.com\/wp-content\/uploads\/2025\/08\/Online-focus-group-8-1-1024x574.jpg 1024w, https:\/\/www.sisinternational.com\/wp-content\/uploads\/2025\/08\/Online-focus-group-8-1-768x430.jpg 768w, https:\/\/www.sisinternational.com\/wp-content\/uploads\/2025\/08\/Online-focus-group-8-1-18x10.jpg 18w\" sizes=\"auto, (max-width: 1456px) 100vw, 1456px\"><\/figure>\n\n\n\n<p><\/p>\n\n\n\n<p class=\"p4\"><span class=\"s1\">Half of the national population growth since 2000 has been in the Latino community. The Latino segment has been the primary driver of US demographic growth. It is a sizable and growing part of the nation\u2019s population. Hispanics are the second largest ethnic groups. They are also the nation\u2019s second-fastest-growing ethnic group, after Asians.<\/span><\/p>\n\n\n\n<p class=\"p2\"><span class=\"s1\">It might be difficult for marketers to reach this target group using traditional methods. Almost a quarter of Hispanics speak only Spanish at home. A little more than half claim to speak English \u201cvery well.\u201d Thus, marketers need Spanish-language ads for effective marketing to US Hispanics. Company representatives may also have to sign contracts in the Spanish language. The same goes for leases and other documents, to accommodate Hispanic customers. It\u2019s easy to see how Spanish transcription is a valuable resource. Document translation services are also helpful. Both are necessary for marketing to this segment of the population.<\/span><\/p>\n\n\n\n<h2 class=\"wp-block-heading p3\"><span class=\"s1\">Cos&#039;\u00e8 la trascrizione spagnola?<\/span><\/h2>\n\n\n\n<p class=\"p4\"><span class=\"s1\">La descrizione pi\u00f9 semplice del ruolo di un trascrittore \u00e8 quella di colui che scrive ci\u00f2 che qualcun altro sta dicendo. Apporteranno piccole modifiche al testo prima di consegnarlo. La velocit\u00e0 di digitazione \u00e8 importante nella trascrizione, con 75 parole al minuto come ideale. Lo standard del settore prevede un minimo di 4-5 ore per trascrivere un file audio o video di 1 ora.<\/span><\/p>\n\n\n\n<p class=\"p2\"><span class=\"s1\">I trascrittori trasformano discorsi, interviste e riunioni in file di testo. Avvocati, medici e varie aziende utilizzano la trascrizione come strumento indispensabile. Altri settori che utilizzano i servizi di trascrizione includono tecnologia, finanza e produzione. Anche il marketing, la sanit\u00e0 e il governo sono utenti frequenti. Gli utenti possono condividere le informazioni che sono arrivate per la prima volta in forma vocale. La trascrizione \u00e8 utile anche per indicizzare e recuperare dati.<\/span><\/p>\n\n\n\n<h2 class=\"wp-block-heading p3\"><span class=\"s1\">Sulla trascrizione spagnola<\/span><\/h2>\n\n\n\n<p class=\"p4\"><span class=\"s1\">Per molte aziende e piccole imprese, i servizi di trascrizione in outsourcing sono l\u2019opzione migliore. L&#039;importo pagato dipende da fattori quali la scadenza indicata, la lunghezza del file, la qualit\u00e0 dell&#039;audio, se il cliente desidera che sia codificato in base al tempo e se \u00e8 necessaria una traduzione letterale.&nbsp;<\/span><\/p>\n\n\n\n<p class=\"p4\"><span class=\"s1\">I nostri trascrittori possono trascrivere parola per parola, tenere traccia di pi\u00f9 oratori o aggiungere codici temporali e timbri. Che i tuoi relatori provengano dal Messico, dalla Spagna, dall&#039;America Latina o dai Caraibi, abbiamo la soluzione per te. Siamo specialisti nella trascrizione dallo spagnolo allo spagnolo. Siamo altrettanto esperti nella trascrizione dallo spagnolo all&#039;inglese e offriamo servizi di traduzione di documenti.<\/span><\/p>\n\n\n\n<p class=\"p4\"><span class=\"s1\">Offriamo servizi di trascrizione umana. Le nostre traduzioni decodificano il gergo industriale, i segnali sottili, lo slang e gli accenti pesanti. Le persone sono anche pi\u00f9 efficaci nel trascrivere pi\u00f9 parlanti. Inoltre, filtrano i rumori di fondo. La trascrizione umana batte le macchine in ogni area tranne che in termini di costi e velocit\u00e0.<\/span><\/p>\n\n\n\n<h2 class=\"wp-block-heading\">La nostra sede a New York<\/h2>\n\n\n\n<p>\n\n\n\n<iframe loading=\"lazy\" src=\"https:\/\/www.google.com\/maps\/embed?pb=!1m18!1m12!1m3!1d3022.976188376966!2d-73.99130312499956!3d40.740549471389315!2m3!1f0!2f0!3f0!3m2!1i1024!2i768!4f13.1!3m3!1m2!1s0x89c259a15798c731%3A0xd695d09bdd495f25!2s11%20E%2022nd%20St%20FL%202%2C%20New%20York%2C%20NY%2010010%2C%20USA!5e0!3m2!1sen!2spe!4v1726171763526!5m2!1sen!2spe\" width=\"600\" height=\"450\" allowfullscreen=\"allowfullscreen\" data-mce-fragment=\"1\"><\/iframe>\n\n\n\n<\/p>\n\n\n\n<h3 class=\"wp-block-heading\">11 E 22nd Street, piano 2, New York, NY 10010 T: +1(212) 505-6805<\/h3>\n\n\n\n<hr class=\"wp-block-separator has-alpha-channel-opacity\"\/>\n\n\n\n<h2 class=\"wp-block-heading\"><span style=\"font-weight: 400;\">A proposito di SIS Internazionale<\/span><\/h2>\n\n\n\n<p><a href=\"https:\/\/www.sisinternational.com\/it\/\"><span style=\"font-weight: 400;\">SIS Internazionale<\/span><\/a><span style=\"font-weight: 400;\"> offre ricerca quantitativa, qualitativa e strategica. Forniamo dati, strumenti, strategie, report e approfondimenti per il processo decisionale. Conduciamo anche interviste, sondaggi, focus group e altri metodi e approcci di ricerca di mercato.<\/span><a href=\"https:\/\/www.sisinternational.com\/it\/sulla-sua-ricerca-internazionale\/contact-sis-international-market-research\/\"><span style=\"font-weight: 400;\"> Contattaci<\/span><\/a><span style=\"font-weight: 400;\"> per il tuo prossimo progetto di ricerca di mercato.<\/span><\/p>\n\n\n\n<p><\/p>","protected":false},"excerpt":{"rendered":"<p>SIS International Research fornisce servizi di traduzione e trascrizione in spagnolo accurati, reattivi e rapidi. Ulteriori informazioni sulla traduzione spagnola.<\/p>","protected":false},"author":1,"featured_media":65881,"parent":27891,"menu_order":1,"comment_status":"closed","ping_status":"closed","template":"","meta":{"footnotes":""},"class_list":["post-27829","page","type-page","status-publish","has-post-thumbnail"],"_links":{"self":[{"href":"https:\/\/www.sisinternational.com\/it\/wp-json\/wp\/v2\/pages\/27829","targetHints":{"allow":["GET"]}}],"collection":[{"href":"https:\/\/www.sisinternational.com\/it\/wp-json\/wp\/v2\/pages"}],"about":[{"href":"https:\/\/www.sisinternational.com\/it\/wp-json\/wp\/v2\/types\/page"}],"author":[{"embeddable":true,"href":"https:\/\/www.sisinternational.com\/it\/wp-json\/wp\/v2\/users\/1"}],"replies":[{"embeddable":true,"href":"https:\/\/www.sisinternational.com\/it\/wp-json\/wp\/v2\/comments?post=27829"}],"version-history":[{"count":5,"href":"https:\/\/www.sisinternational.com\/it\/wp-json\/wp\/v2\/pages\/27829\/revisions"}],"predecessor-version":[{"id":80092,"href":"https:\/\/www.sisinternational.com\/it\/wp-json\/wp\/v2\/pages\/27829\/revisions\/80092"}],"up":[{"embeddable":true,"href":"https:\/\/www.sisinternational.com\/it\/wp-json\/wp\/v2\/pages\/27891"}],"wp:featuredmedia":[{"embeddable":true,"href":"https:\/\/www.sisinternational.com\/it\/wp-json\/wp\/v2\/media\/65881"}],"wp:attachment":[{"href":"https:\/\/www.sisinternational.com\/it\/wp-json\/wp\/v2\/media?parent=27829"}],"curies":[{"name":"wp","href":"https:\/\/api.w.org\/{rel}","templated":true}]}}