{"id":27826,"date":"2018-09-03T22:36:10","date_gmt":"2018-09-03T22:36:10","guid":{"rendered":"https:\/\/www.sisinternational.com\/?page_id=27826"},"modified":"2026-03-22T03:04:38","modified_gmt":"2026-03-22T07:04:38","slug":"ricerche-di-mercato-sulle-tecnologie-educative","status":"publish","type":"page","link":"https:\/\/www.sisinternational.com\/it\/education-market-research\/ricerche-di-mercato-sulle-tecnologie-educative\/","title":{"rendered":"Ricerche di mercato sulle tecnologie educative"},"content":{"rendered":"<h1 class=\"wp-block-heading\">Ricerche di mercato sulle tecnologie educative<\/h1>\n\n\n\n<figure class=\"gb-block-image gb-block-image-7536a234\"><img loading=\"lazy\" decoding=\"async\" width=\"1456\" height=\"816\" class=\"gb-image gb-image-7536a234\" src=\"https:\/\/www.sisinternational.com\/wp-content\/uploads\/2025\/08\/Education-4.jpg\" alt=\"Ricerca e strategia di mercato internazionale SIS\" title=\"Education (4)\" srcset=\"https:\/\/www.sisinternational.com\/wp-content\/uploads\/2025\/08\/Education-4.jpg 1456w, https:\/\/www.sisinternational.com\/wp-content\/uploads\/2025\/08\/Education-4-300x168.jpg 300w, https:\/\/www.sisinternational.com\/wp-content\/uploads\/2025\/08\/Education-4-1024x574.jpg 1024w, https:\/\/www.sisinternational.com\/wp-content\/uploads\/2025\/08\/Education-4-768x430.jpg 768w, https:\/\/www.sisinternational.com\/wp-content\/uploads\/2025\/08\/Education-4-18x10.jpg 18w\" sizes=\"auto, (max-width: 1456px) 100vw, 1456px\"><\/figure>\n\n\n\n<p><\/p>\n\n\n\n<h2 class=\"wp-block-heading p2\"><span class=\"s1\">La tecnologia educativa o \u201cEdTech\u201d \u00e8 l\u2019uso di strumenti per semplificare e migliorare l\u2019apprendimento. <\/span><\/h2>\n\n\n\n<p class=\"p2\"><span class=\"s1\">L\u2019EdTech apre una strada completamente nuova di opportunit\u00e0 nel campo dell\u2019istruzione.&nbsp;<\/span><span class=\"s1\">Con la tecnologia educativa, le opportunit\u00e0 sono infinite. L\u2019industria sta sviluppando pi\u00f9 risorse, strumenti, servizi e applicazioni. Queste risorse andranno a beneficio sia degli educatori che della comunit\u00e0 di apprendimento. <\/span><\/p>\n\n\n\n<p class=\"p2\"><span class=\"s1\">Esempi di opportunit\u00e0 disponibili in questo campo sono:<\/span><\/p>\n\n\n\n<ul class=\"wp-block-list\">\n<li><span class=\"s1\">Le scuole stanno ora integrando la tecnologia nei loro programmi di apprendimento. Hanno bisogno di persone che possano pianificare e mettere in atto questi nuovi programmi. Si stanno aprendo opportunit\u00e0 di lavoro come insegnante di computer e progettista di corsi.<\/span><\/li>\n\n\n\n<li><span class=\"s1\">Le aziende hanno bisogno di formatori, designer e valutatori per risolvere i problemi quotidiani di performance. Questi lavoratori possono anche testare i dipendenti e produrre seminari.<\/span><\/li>\n\n\n\n<li><span class=\"s1\">Le aziende di progettazione dell&#039;istruzione hanno bisogno di persone per sviluppare corsi, programmi e software.<\/span><\/li>\n\n\n\n<li><span class=\"s1\">L&#039;esercito ha bisogno di tecnologi educativi per programmi di formazione per creare manuali. Possono anche pianificare programmi di studio e progettare software.<\/span><\/li>\n<\/ul>\n\n\n\n<h2 class=\"wp-block-heading p6\"><span class=\"s1\">Soluzioni di apprendimento innovative<\/span><\/h2>\n\n\n\n<p class=\"p5\"><span class=\"s1\">In this high tech world, educators need to find innovative ways of teaching. <a class=\"wpil_keyword_link\" href=\"https:\/\/www.sisinternational.com\/it\/soluzioni\/soluzioni-edtech-per-la-tecnologia-dellistruzione\/\"   title=\"Soluzioni di tecnologia educativa (EdTech).\" data-wpil-keyword-link=\"linked\"  data-wpil-monitor-id=\"463\">EdTech<\/a> equips students with the tools necessary to meet the future world. That world will be very different from the one students know now. The challenge is the various paces at which children learn and their different skills. Thus educators have to hone in on each child\u2019s unique interests, needs, and strengths. Some schools have begun uploading assignments to the Internet. Students can then download these assignments at home. Tablets are now an item on the required list of learning materials for classrooms.<\/span><\/p>\n\n\n\n<h2 class=\"wp-block-heading p6\"><span class=\"s1\">Apprendimento adattivo<\/span><\/h2>\n\n\n\n<p class=\"p5\"><span class=\"s1\">Adaptive <a href=\"https:\/\/www.sisinternational.com\/it\/soluzioni\/soluzioni-edtech-per-la-tecnologia-dellistruzione\/sistemi-di-gestione-dellapprendimento-ricerche-di-mercato-lms\/\" title=\"Ricerche di mercato sui sistemi di gestione dell&#039;apprendimento (LMS).\"  data-wpil-monitor-id=\"11092\">learning is a computer-based educational system<\/a>. This system delivers customized resources based on a learner\u2019s specific needs. The system bases the customized delivery on analysis. The US Government endorses this method of teaching, as it is very beneficial. Students are better able to understand their capabilities. Teachers can also have a better idea of the different stages at which children learn. This analysis is faster than the personal one on one interaction.<\/span><\/p>\n\n\n\n<h2 class=\"wp-block-heading p6\"><span class=\"s1\">Realt\u00e0 aumentata<\/span><\/h2>\n\n\n\n<p class=\"p5\"><span class=\"s1\">La Realt\u00e0 Aumentata (AR) \u00e8 un altro metodo EdTech. Posiziona un&#039;immagine generata dal computer nella visione del mondo reale da parte dell&#039;utente, fornendo cos\u00ec una prospettiva unificata. Questo metodo rende l\u2019apprendimento pi\u00f9 coinvolgente e divertente. Tutti i livelli di istruzione utilizzano l\u2019AR: dalla scuola materna fino all\u2019universit\u00e0 e persino sul posto di lavoro. Educa gli studenti sia dentro che fuori la classe.<\/span><\/p>\n\n\n\n<h2 class=\"wp-block-heading p6\"><span class=\"s1\">Libri di testo digitali<\/span><\/h2>\n\n\n\n<p class=\"p2\"><span class=\"s1\">Gli studenti possono utilizzare libri di testo digitali come risorse per le lezioni. Questi libri di testo sono anche chiamati e-text o e-textbooks. Sono una componente significativa della tecnologia educativa. L&#039;implementazione dei testi elettronici in classe presenta vantaggi e svantaggi. Il vantaggio principale dei testi elettronici \u00e8 che hanno risolto il problema dei prezzi elevati dei libri di testo stampati. Allevia la pressione economica su studenti e genitori. Gli insegnanti possono condividere un testo PDF con centinaia di studenti senza incorrere in costi.<\/span><\/p>\n\n\n\n<p class=\"p5\"><span class=\"s1\">Lo svantaggio dei libri di testo digitali \u00e8 che alcuni testi scolastici possono essere altrettanto costosi online. Inoltre potrebbero non essere disponibili nel formato digitale necessario e gli e-book non possono essere prestati a qualcun altro o rivenduti.<\/span><\/p>\n\n\n\n<h2 class=\"wp-block-heading p6\"><span class=\"s1\">Insegnamento a distanza<\/span><\/h2>\n\n\n\n<p class=\"p5\"><span class=\"s1\">L\u2019apprendimento a distanza \u00e8 un altro metodo EdTech. Gli insegnanti possono utilizzare questo metodo per impostare programmi di lezione e fornire materiali del corso. Con questo metodo, gli educatori non dovranno mai mettere piede in una vera classe. Centinaia di college e universit\u00e0 accreditate in tutto il mondo utilizzano il metodo di apprendimento a distanza. \u00c8 molto vantaggioso per le persone che non hanno l&#039;opportunit\u00e0 di viaggiare a beneficio dell&#039;istruzione. Possono conseguire lauree online e avere lo stesso successo che avrebbero se frequentassero lezioni di fisica.<\/span><\/p>\n\n\n\n<h2 class=\"wp-block-heading p6\"><span class=\"s1\">Apprendimento differenziato&nbsp; &nbsp;&nbsp;<\/span><\/h2>\n\n\n\n<p class=\"p7\"><span class=\"s1\">Differenziare significa modificare l\u2019insegnamento per soddisfare esigenze specifiche. Con questo metodo, gli insegnanti rispondono alle differenze tra gli studenti in classe. Gli insegnanti possono usarlo per differenziare almeno quattro elementi della classe. Questi elementi sono contenuto, processo, prodotti e ambiente di apprendimento.<\/span><\/p>\n\n\n\n<p class=\"p4\"><span class=\"s1\">It\u2019s easy to see that EdTech levels the playing field for many students, who would have otherwise had a difficult time grasping concepts. It also makes things easier for parents and educators. Opportunities abound in the EdTech field, for computer software and hardware producers, and also for technical <a href=\"https:\/\/www.sisinternational.com\/it\/strategia-di-marketing-nei-servizi-educativi\/\" title=\"Strategia di marketing nei servizi educativi\"  data-wpil-monitor-id=\"11091\">service providers and for educators<\/a>.<\/span><\/p>\n\n\n\n<h2 class=\"wp-block-heading\">Informazioni sulle soluzioni per ricerche di mercato SIS EdTech<\/h2>\n\n\n\n<p>SIS has over 30 years <a href=\"https:\/\/www.sisinternational.com\/it\/competenza\/industrie\/ricerche-di-mercato-sullesperienza-dei-clienti-degli-hotel\/\" title=\"Ricerca di mercato sull\u2019esperienza del cliente alberghiero\"  data-wpil-monitor-id=\"11088\">experience in the Education Market<\/a>.&nbsp; We provide <a href=\"https:\/\/www.sisinternational.com\/it\/sfruttare-la-tecnologia-nel-commercio-al-dettaglio\/\" title=\"Ricerche di mercato sulla tecnologia al dettaglio\"  data-wpil-monitor-id=\"2746\">Market Research and Strategy<\/a> Consulting solutions to launch new products, assess the competitive landscape and satisfy stakeholder needs.&nbsp; In the Education Industry, there can be many stakeholders in decision making and purchasing decisions.&nbsp; We offer global <a href=\"https:\/\/www.sisinternational.com\/it\/\" title=\"Casa\"  data-wpil-monitor-id=\"11087\">research and strategy<\/a> coverage to help you make your next project a success:<\/p>\n\n\n\n<ul class=\"wp-block-list\">\n<li>Studi normativi e raccolta dati<\/li>\n\n\n\n<li><a href=\"https:\/\/www.sisinternational.com\/it\/come-condurre-lanalisi-competitiva\/\" title=\"Analisi competitiva nel marketing\"  data-wpil-monitor-id=\"11090\">Valutazioni di mercato e analisi competitiva<\/a><\/li>\n\n\n\n<li>Market Opportunity, <a href=\"https:\/\/www.sisinternational.com\/it\/soluzioni\/consulenza-strategica\/studi-di-dimensionamento-della-fattibilita-dellingresso-nel-mercato\/\" title=\"Ingresso nel mercato, studi di fattibilit\u00e0 e dimensionamento\"  data-wpil-monitor-id=\"11093\">Entry and Sizing<\/a><\/li>\n\n\n\n<li>Test di usabilit\u00e0<\/li>\n\n\n\n<li>New <a href=\"https:\/\/www.sisinternational.com\/it\/soluzioni\/soluzioni-di-branding-e-ricerca-clienti\/ricerche-di-mercato-per-test-di-prodotto\/new-product-concept-testing-methods\/\" title=\"New Product Concept Testing Methods\"  data-wpil-monitor-id=\"11089\">Product Concept Testing<\/a><\/li>\n\n\n\n<li>Gruppi di discussione<\/li>\n\n\n\n<li>Ricerche sul mercato giovanile<\/li>\n<\/ul>","protected":false},"excerpt":{"rendered":"<p>SIS International Research fornisce soluzioni strategiche e di ricerche di mercato leader nel settore delle tecnologie educative. Scopri di pi\u00f9 sulla ricerca e sulla strategia EdTech.<\/p>","protected":false},"author":1,"featured_media":62662,"parent":84844,"menu_order":0,"comment_status":"closed","ping_status":"closed","template":"","meta":{"footnotes":""},"class_list":["post-27826","page","type-page","status-publish","has-post-thumbnail"],"_links":{"self":[{"href":"https:\/\/www.sisinternational.com\/it\/wp-json\/wp\/v2\/pages\/27826","targetHints":{"allow":["GET"]}}],"collection":[{"href":"https:\/\/www.sisinternational.com\/it\/wp-json\/wp\/v2\/pages"}],"about":[{"href":"https:\/\/www.sisinternational.com\/it\/wp-json\/wp\/v2\/types\/page"}],"author":[{"embeddable":true,"href":"https:\/\/www.sisinternational.com\/it\/wp-json\/wp\/v2\/users\/1"}],"replies":[{"embeddable":true,"href":"https:\/\/www.sisinternational.com\/it\/wp-json\/wp\/v2\/comments?post=27826"}],"version-history":[{"count":6,"href":"https:\/\/www.sisinternational.com\/it\/wp-json\/wp\/v2\/pages\/27826\/revisions"}],"predecessor-version":[{"id":81812,"href":"https:\/\/www.sisinternational.com\/it\/wp-json\/wp\/v2\/pages\/27826\/revisions\/81812"}],"up":[{"embeddable":true,"href":"https:\/\/www.sisinternational.com\/it\/wp-json\/wp\/v2\/pages\/84844"}],"wp:featuredmedia":[{"embeddable":true,"href":"https:\/\/www.sisinternational.com\/it\/wp-json\/wp\/v2\/media\/62662"}],"wp:attachment":[{"href":"https:\/\/www.sisinternational.com\/it\/wp-json\/wp\/v2\/media?parent=27826"}],"curies":[{"name":"wp","href":"https:\/\/api.w.org\/{rel}","templated":true}]}}