{"id":27515,"date":"2018-07-24T04:42:00","date_gmt":"2018-07-24T04:42:00","guid":{"rendered":"https:\/\/www.sisinternational.com\/?page_id=27515"},"modified":"2026-01-24T20:36:22","modified_gmt":"2026-01-25T01:36:22","slug":"ricerca-di-mercato-sulla-bellezza-millenaria","status":"publish","type":"page","link":"https:\/\/www.sisinternational.com\/it\/soluzioni\/ricerche-di-mercato-sui-prodotti-di-bellezza\/ricerca-di-mercato-sulla-bellezza-millenaria\/","title":{"rendered":"Ricerca di mercato sulla bellezza millenaria"},"content":{"rendered":"<h1 class=\"wp-block-heading p1\"><span class=\"s1\">Ricerca di mercato sulla bellezza millenaria<\/span><\/h1>\n\n\n\n<figure class=\"gb-block-image gb-block-image-2a4299ea\"><img loading=\"lazy\" decoding=\"async\" width=\"1456\" height=\"816\" class=\"gb-image gb-image-2a4299ea\" src=\"https:\/\/www.sisinternational.com\/wp-content\/uploads\/2025\/08\/Age-beauty-botox-4.jpg\" srcset=\"https:\/\/www.sisinternational.com\/wp-content\/uploads\/2025\/08\/Age-beauty-botox-4.jpg 1456w, https:\/\/www.sisinternational.com\/wp-content\/uploads\/2025\/08\/Age-beauty-botox-4-300x168.jpg 300w, https:\/\/www.sisinternational.com\/wp-content\/uploads\/2025\/08\/Age-beauty-botox-4-1024x574.jpg 1024w, https:\/\/www.sisinternational.com\/wp-content\/uploads\/2025\/08\/Age-beauty-botox-4-768x430.jpg 768w, https:\/\/www.sisinternational.com\/wp-content\/uploads\/2025\/08\/Age-beauty-botox-4-18x10.jpg 18w\" sizes=\"auto, (max-width: 1456px) 100vw, 1456px\" alt=\"Ricerca e strategia di mercato internazionale SIS\"><\/figure>\n\n\n\n<p><\/p>\n\n\n\n<h2 class=\"wp-block-heading p2\"><span class=\"s1\">I Millennials sono la generazione di persone nate tra il 1982 e il 2000. <\/span><\/h2>\n\n\n\n<p class=\"p2\"><span class=\"s1\">After Baby Boomers, they represent the second largest spending segment of the U.S. population.&nbsp; Millennial Beauty Market Research provides insight to this generation&#8217;s customer needs and market opportunity.<\/span><\/p>\n\n\n\n<p><\/p>\n\n\n\n<p class=\"p2\"><span class=\"s1\">Il mercato della bellezza \u00e8 cresciuto e continua a crescere in modo significativo a causa dei comportamenti e delle abitudini di questa fascia di et\u00e0.&nbsp;&nbsp;<\/span><span class=\"s1\">La preoccupazione e la cura per il proprio aspetto aumentavano quando lo facevano <\/span><span class=\"s3\">&#039;selfie&#039;<\/span><span class=\"s1\"> una parola familiare e ha portato alla ribalta siti come Instagram. Scattarsi foto con la fotocamera dello smartphone e poi condividerle sui social media \u00e8 un mezzo di comunicazione pi\u00f9 comune rispetto alle conversazioni telefoniche.<\/span><\/p>\n\n\n\n<p class=\"p2\"><span class=\"s1\">Un altro fattore chiave che contribuisce a questa crescita \u00e8 la sperimentazione, l&#039;adozione e l&#039;utilizzo di prodotti e servizi da parte di <\/span><span class=\"s3\">maschi<\/span><span class=\"s1\"> il cui interesse per il loro aspetto generale \u00e8 molto diverso da quello delle generazioni pi\u00f9 anziane.<\/span><\/p>\n\n\n\n<h2 class=\"wp-block-heading p2\"><span class=\"s1\">Prodotti di bellezza millenari<\/span><\/h2>\n\n\n\n<p class=\"p2\"><span class=\"s1\">Though many are familiar and have been around for decades, many new products have been introduced into the <a href=\"https:\/\/www.sisinternational.com\/it\/reclutare-e-trattenere-i-millennial-sul-posto-di-lavoro\/\" title=\"Ricerche di mercato sui dipendenti millenari\"  data-wpil-monitor-id=\"2724\">millennial beauty market<\/a>. These products are applied to every exterior part of one\u2019s body, from hair to eyes to mouth to hands and toes \u2013 as well as consumed internally to foster beauty \u201cfrom the inside out\u201d.&nbsp;<\/span><\/p>\n\n\n\n<p class=\"p2\"><span class=\"s1\"><strong>La mattina<\/strong>&nbsp;<\/span><strong><span class=\"s1\">sotto la doccia i Millennials possono usare:<\/span><\/strong><\/p>\n\n\n\n<ul class=\"wp-block-list\">\n<li><span class=\"s1\">shampoo, balsami, saponi e lavaggi per il corpo&nbsp;<\/span><\/li>\n<\/ul>\n\n\n\n<p class=\"p2\"><strong><span class=\"s1\">\u2026e fuori dalla doccia possono utilizzare questi prodotti:<\/span><\/strong><\/p>\n\n\n\n<ul class=\"wp-block-list\">\n<li><span class=\"s1\">prodotti per l&#039;igiene orale compresi sbiancamento dei denti, dentifricio per il controllo del tartaro, spazzolini da denti appositamente progettati, strumenti per l&#039;acqua, collutori e deodoranti<\/span><\/li>\n\n\n\n<li><span class=\"s1\">prodotti (e servizi) per la cura delle unghie<\/span><\/li>\n\n\n\n<li><span class=\"s1\">rasoi, lamette e altri dispositivi per la rasatura e la cura del corpo<\/span><\/li>\n\n\n\n<li><span class=\"s1\">prodotti per applicare gel, creme, lozioni, polveri e prodotti per la cura della pelle <\/span><\/li>\n\n\n\n<li><span class=\"s1\">avere un bell&#039;aspetto\/esaltatori dell&#039;aspetto includono trucco e cosmetici<\/span><\/li>\n\n\n\n<li><span class=\"s1\">annusare buoni prodotti come deodoranti, fragranze<\/span><\/li>\n\n\n\n<li><span class=\"s1\">ingestione di vitamine, integratori e alimenti utili alla salute, comprese fibre o probiotici.<\/span><\/li>\n<\/ul>\n\n\n\n<p class=\"p2\"><span class=\"s1\"><strong>Durante il giorno e la notte<\/strong>\u2026I Millennial possono utilizzare fitness, benessere, alimentazione e sonno per una buona salute e bellezza. I Millennial hanno colto la tecnologia come un ulteriore modo per controllare e migliorare la propria vita. <\/span><\/p>\n\n\n\n<ul class=\"wp-block-list\">\n<li><span class=\"s1\">Wearable clothing and devices along with the number of related apps have grown geometrically in a fairly short period of time. Not only did Apple create a breakthrough with its mobile phone and iTunes, but also it revolutionized the <a href=\"https:\/\/www.sisinternational.com\/it\/analisi-della-soddisfazione-del-cliente\/\" title=\"8 modi per aumentare la soddisfazione del cliente nel commercio al dettaglio\"  data-wpil-monitor-id=\"10984\">way that consumers<\/a> could monitor nearly every aspect of their daily activities, from awakening all the way through a night\u2019s sleep. <\/span><\/li>\n\n\n\n<li><span class=\"s1\">I produttori di letti e cuscini promuovono modi in cui le persone possono migliorare il loro \u201criposo di bellezza\u201d.<\/span><\/li>\n<\/ul>\n\n\n\n<h2 class=\"wp-block-heading p2\"><span class=\"s1\">Come possono essere utili le ricerche di mercato?<\/span><\/h2>\n\n\n\n<figure class=\"gb-block-image gb-block-image-e72d0c14\"><img loading=\"lazy\" decoding=\"async\" width=\"1456\" height=\"816\" class=\"gb-image gb-image-e72d0c14\" src=\"https:\/\/www.sisinternational.com\/wp-content\/uploads\/2025\/09\/Lyon-3.jpg\" srcset=\"https:\/\/www.sisinternational.com\/wp-content\/uploads\/2025\/09\/Lyon-3.jpg 1456w, https:\/\/www.sisinternational.com\/wp-content\/uploads\/2025\/09\/Lyon-3-300x168.jpg 300w, https:\/\/www.sisinternational.com\/wp-content\/uploads\/2025\/09\/Lyon-3-1024x574.jpg 1024w, https:\/\/www.sisinternational.com\/wp-content\/uploads\/2025\/09\/Lyon-3-768x430.jpg 768w, https:\/\/www.sisinternational.com\/wp-content\/uploads\/2025\/09\/Lyon-3-18x10.jpg 18w\" sizes=\"auto, (max-width: 1456px) 100vw, 1456px\" alt=\"Ricerca e strategia di mercato internazionale SIS\"><\/figure>\n\n\n\n<p><\/p>\n\n\n\n<p class=\"p2\"><span class=\"s1\">Anche se considerati millennial, i diciottenni non si comportano affatto come i 36enni. Pensa a chiunque abbia il doppio dei tuoi anni!<\/span><\/p>\n\n\n\n<p class=\"p2\"><span class=\"s1\">A causa di tali differenze all\u2019interno di questo segmento di mercato, e ancor pi\u00f9 rispetto ad altri segmenti pi\u00f9 vecchi, \u00e8 importante sviluppare un piano d\u2019azione per studiare e valutare i modi in cui i prodotti di bellezza vengono percepiti, valutati, acquistati e utilizzati.<\/span><\/p>\n\n\n\n<ul class=\"wp-block-list\">\n<li><span class=\"s1\">Trends can be monitored via secondary <a href=\"https:\/\/www.sisinternational.com\/it\/soluzioni\/ai-ricerche-di-mercato-e-consulenza-strategica\/analisi-di-ricerche-di-mercato-sul-sentiment-ai\/\" title=\"Analisi delle ricerche di mercato sul sentiment dell\u2019intelligenza artificiale\"  data-wpil-monitor-id=\"10989\">research and analysis<\/a> of social media traffic. <\/span><\/li>\n\n\n\n<li><span class=\"s1\">Per comprendere meglio gli atteggiamenti e i comportamenti dei millennial nei confronti dei prodotti di bellezza, per et\u00e0 e sesso, \u00e8 possibile condurre sondaggi e interviste telefonicamente o online. <\/span><\/li>\n\n\n\n<li><span class=\"s1\">In stores and in <a href=\"https:\/\/www.sisinternational.com\/it\/soluzioni\/focus-group\/strutture-per-focus-group-a-new-york\/\" title=\"Strutture del focus group di New York City\"  data-wpil-monitor-id=\"10985\">focus group facilities<\/a>, physical products can be shown, touched and smelled to further gain reactions.<\/span><\/li>\n<\/ul>\n\n\n\n<p class=\"p2\"><span class=\"s1\">Ai consumatori pu\u00f2 essere posta una serie di domande approfondite sui loro acquisti attuali e potenziali. Di seguito sono riportati alcuni esempi d<\/span><span class=\"s3\">durante il processo decisionale di acquisto:<\/span><\/p>\n\n\n\n<ul class=\"wp-block-list\">\n<li><span class=\"s1\">che tipo di contenuto viene cercato durante la fase di ricerca\/confronto?<\/span><\/li>\n\n\n\n<li><span class=\"s1\">quanto sono importanti i diversi canali mediatici nella creazione di consapevolezza, selezione e acquisto di prodotti di bellezza?<\/span><\/li>\n\n\n\n<li><span class=\"s1\">chi sono gli opinion leader, le modelle, le star o altri portavoce?<\/span><\/li>\n\n\n\n<li><span class=\"s1\">qual \u00e8 la sinergia tra negozi al dettaglio e informazioni digitali, video e immagini?<\/span><\/li>\n\n\n\n<li><span class=\"s1\">quali sono i loro atteggiamenti nei confronti dei negozi specializzati come Sephora e Ulta? <\/span><\/li>\n\n\n\n<li><span class=\"s1\">quanto sono importanti il packaging e l&#039;esposizione?<\/span><\/li>\n\n\n\n<li><span class=\"s1\">What is the role of <a href=\"https:\/\/www.sisinternational.com\/it\/soluzioni\/soluzioni-di-ricerca-quantitativa-qualitativa\/ricerca-di-mercato-per-test-sul-marchio\/\" title=\"Ricerche di mercato sui test sui marchi\"  data-wpil-monitor-id=\"10990\">brands and designer names<\/a>?<\/span><\/li>\n\n\n\n<li><span class=\"s1\">quanto sono sensibili al prezzo?<\/span><\/li>\n\n\n\n<li><span class=\"s1\">fino a che punto \u00e8 importante il naturale o il biologico?<\/span><\/li>\n<\/ul>\n\n\n\n<h2 class=\"wp-block-heading p2\"><span class=\"s3\">L&#039;importanza della tecnologia<\/span><\/h2>\n\n\n\n<p class=\"p2\"><span class=\"s1\">Using the internet, millennials tend to search for products and compare prices and seek bargains and deals that offer the best value for their money. The Customer Journey is more complex with the rise of new touch-points and evolving expectations.&nbsp; They look for and share a variety of coupons and offers that are presented to them in their digital-oriented world.<\/span><\/p>\n\n\n\n<ul class=\"wp-block-list\">\n<li><span class=\"s1\">quanto spesso fanno acquisti nei negozi al dettaglio invece che online o su dispositivi mobili?<\/span><\/li>\n\n\n\n<li><span class=\"s1\">quali app usano per vedere come starebbero con capelli e acconciature di diversi colori, trucco per occhi e viso e opzioni di rossetto?<\/span><\/li>\n\n\n\n<li><span class=\"s1\">\u201cprovano\u201d virtualmente vestiti, occhiali e prodotti affini? <\/span><\/li>\n<\/ul>\n\n\n\n<h2 class=\"wp-block-heading p2\"><span class=\"s1\">Opportunit\u00e0 del mercato della bellezza millenaria<\/span><\/h2>\n\n\n\n<p class=\"p2\"><span class=\"s1\">\u00c8 interessante notare che il potere di spesa dei millennial aumenter\u00e0 nei prossimi anni con l\u2019aumento dei loro redditi. Pertanto, anche se al momento potrebbero non spendere tanto quanto i loro colleghi pi\u00f9 anziani, \u00e8 importante affermare i propri marchi e prodotti il pi\u00f9 presto possibile nella vita dei clienti.<\/span><\/p>\n\n\n\n<p class=\"p2\"><span class=\"s1\">Millennials seek the <a href=\"https:\/\/www.sisinternational.com\/it\/soluzioni\/consulenza-strategica\/consulenza-sulla-mappatura-delle-opportunita-dei-prodotti-di-mercato\/\" title=\"Consulenza per la mappatura delle opportunit\u00e0 di mercato e di prodotto\"  data-wpil-monitor-id=\"10991\">opportunity to discover and try new products<\/a>, services and alternative offerings. As such, you may have the opportunity to cross sell your product line.<\/span><\/p>\n\n\n\n<p class=\"p2\"><span class=\"s1\">Assicurati quindi di comprendere e soddisfare le esigenze dei millennial per rimanere competitivi e avere successo in questo mercato.<\/span><\/p>\n\n\n\n<h2 class=\"wp-block-heading\">A proposito del SIS<\/h2>\n\n\n\n<p>SIS <a href=\"https:\/\/www.sisinternational.com\/it\/beauty-market-research-in-the-us\/\" title=\"Beauty Market Research in the US\"  data-wpil-monitor-id=\"889\">Beauty Innovation provides consulting and research<\/a> solutions for skincare, haircare and nailcare companies.&nbsp; We provide innovation, product testing, validation, <a href=\"https:\/\/www.sisinternational.com\/it\/soluzioni\/ricerca-di-consulenza-strategica-fintech\/ricerche-di-mercato-sui-servizi-finanziari\/\" title=\"Ricerche di mercato sui servizi finanziari\"  data-wpil-monitor-id=\"10986\">market research services<\/a>.&nbsp; <a href=\"https:\/\/www.sisinternational.com\/it\/soluzioni\/soluzioni-di-branding-e-ricerca-clienti\/ricerche-di-mercato-per-test-di-prodotto\/degustazione-di-cibo-sis-internationals\/\" title=\"Cosa rende SIS International Research la MIGLIORE societ\u00e0 di ricerche di mercato per i test del gusto alimentare a New York City\"  data-wpil-monitor-id=\"10987\">SIS International also provides Strategy Research<\/a> and Consulting with Competitive Analysis, Go To Market and Industry tracking.&nbsp; Taken together, SIS provides:<\/p>\n\n\n\n<ul class=\"wp-block-list\">\n<li>Innovazione e generazione di idee<\/li>\n\n\n\n<li><a href=\"https:\/\/www.sisinternational.com\/it\/claim-research-for-food-and-beverage-taste-tests-validating-your-product-claims\/\" title=\"Claim Research for Food and Beverage Taste Tests: Validating Your Product Claims\"  data-wpil-monitor-id=\"10988\">Test e convalida del prodotto<\/a><\/li>\n\n\n\n<li>Ricerca strategica<\/li>\n<\/ul>\n\n\n\n<p>I nostri metodi includono co-creazione, focus group, test di utilizzo in casa (IHUT), comunit\u00e0 di insight online e analisi competitiva.<\/p>\n\n\n\n<p><\/p>","protected":false},"excerpt":{"rendered":"<p>La ricerca di mercato della Millennial Beauty fornisce approfondimenti su nuovi prodotti, tendenze e esigenze dei clienti.<\/p>","protected":false},"author":1,"featured_media":63765,"parent":27176,"menu_order":3,"comment_status":"closed","ping_status":"closed","template":"","meta":{"footnotes":""},"class_list":["post-27515","page","type-page","status-publish","has-post-thumbnail"],"_links":{"self":[{"href":"https:\/\/www.sisinternational.com\/it\/wp-json\/wp\/v2\/pages\/27515","targetHints":{"allow":["GET"]}}],"collection":[{"href":"https:\/\/www.sisinternational.com\/it\/wp-json\/wp\/v2\/pages"}],"about":[{"href":"https:\/\/www.sisinternational.com\/it\/wp-json\/wp\/v2\/types\/page"}],"author":[{"embeddable":true,"href":"https:\/\/www.sisinternational.com\/it\/wp-json\/wp\/v2\/users\/1"}],"replies":[{"embeddable":true,"href":"https:\/\/www.sisinternational.com\/it\/wp-json\/wp\/v2\/comments?post=27515"}],"version-history":[{"count":7,"href":"https:\/\/www.sisinternational.com\/it\/wp-json\/wp\/v2\/pages\/27515\/revisions"}],"predecessor-version":[{"id":81799,"href":"https:\/\/www.sisinternational.com\/it\/wp-json\/wp\/v2\/pages\/27515\/revisions\/81799"}],"up":[{"embeddable":true,"href":"https:\/\/www.sisinternational.com\/it\/wp-json\/wp\/v2\/pages\/27176"}],"wp:featuredmedia":[{"embeddable":true,"href":"https:\/\/www.sisinternational.com\/it\/wp-json\/wp\/v2\/media\/63765"}],"wp:attachment":[{"href":"https:\/\/www.sisinternational.com\/it\/wp-json\/wp\/v2\/media?parent=27515"}],"curies":[{"name":"wp","href":"https:\/\/api.w.org\/{rel}","templated":true}]}}