{"id":27415,"date":"2018-07-18T16:02:21","date_gmt":"2018-07-18T16:02:21","guid":{"rendered":"https:\/\/www.sisinternational.com\/?page_id=27415"},"modified":"2026-01-26T17:53:18","modified_gmt":"2026-01-26T22:53:18","slug":"consulenza-sullinnovazione-della-bellezza","status":"publish","type":"page","link":"https:\/\/www.sisinternational.com\/it\/soluzioni\/ricerche-di-mercato-sui-prodotti-di-bellezza\/consulenza-sullinnovazione-della-bellezza\/","title":{"rendered":"Consulenza sull&#039;innovazione della bellezza"},"content":{"rendered":"<h1 class=\"wp-block-heading\">Consulenza sull&#039;innovazione della bellezza<\/h1>\n\n\n\n<figure class=\"gb-block-image gb-block-image-85ac4a54\"><img loading=\"lazy\" decoding=\"async\" width=\"1456\" height=\"816\" class=\"gb-image gb-image-85ac4a54\" src=\"https:\/\/www.sisinternational.com\/wp-content\/uploads\/2025\/08\/Personal-care-15.jpg\" alt=\"Ricerca e strategia di mercato internazionale SIS\" title=\"Personal care (15)\" srcset=\"https:\/\/www.sisinternational.com\/wp-content\/uploads\/2025\/08\/Personal-care-15.jpg 1456w, https:\/\/www.sisinternational.com\/wp-content\/uploads\/2025\/08\/Personal-care-15-300x168.jpg 300w, https:\/\/www.sisinternational.com\/wp-content\/uploads\/2025\/08\/Personal-care-15-1024x574.jpg 1024w, https:\/\/www.sisinternational.com\/wp-content\/uploads\/2025\/08\/Personal-care-15-768x430.jpg 768w, https:\/\/www.sisinternational.com\/wp-content\/uploads\/2025\/08\/Personal-care-15-18x10.jpg 18w\" sizes=\"auto, (max-width: 1456px) 100vw, 1456px\"><\/figure>\n\n\n\n<p><\/p>\n\n\n\n<h2 class=\"wp-block-heading\">SIS ha lanciato la sua divisione di consulenza per l&#039;innovazione della bellezza per i settori della bellezza, della cura della pelle e dei capelli<\/h2>\n\n\n\n<p><span style=\"font-weight: 400;\">SIS has an existing client base of global beauty companies from its established Market Research division, and announced the expansion of its suite of services to include Innovation, Product Testing, and Trend Consulting solutions. &nbsp;These new services emerged with the growing need for Beauty, Health and Wellness clients to rapidly innovate products amidst a changing Customer Journey and evolving digital landscape. <\/span><\/p>\n\n\n\n<p><span style=\"font-weight: 400;\">Ruth Stanat, CEO and Founder of SIS Beauty Innovation, explained that today\u2019s digital world has led to an explosion of new products, technologies, and new competitors. &nbsp;As a result, SIS Beauty Innovation provides Innovation Consulting, Data, Reports, Insights, Trend Tracking, Influencer Marketing, and Strategic Analysis.<\/span><\/p>\n\n\n\n<h2 class=\"wp-block-heading\"><span style=\"font-weight: 400;\">The full suite of SIS Beauty Innovation solutions includes:<\/span><\/h2>\n\n\n\n<p><strong>Generazione di idee<\/strong><\/p>\n\n\n\n<ul class=\"wp-block-list\">\n<li><span style=\"font-weight: 400;\">Consulenza sull&#039;innovazione della bellezza<\/span><\/li>\n\n\n\n<li><span style=\"font-weight: 400;\">Individuazione delle tendenze<\/span><\/li>\n<\/ul>\n\n\n\n<p><strong>Test e convalida del prodotto<\/strong><\/p>\n\n\n\n<ul class=\"wp-block-list\">\n<li><span style=\"font-weight: 400;\">Comunit\u00e0 online di Influencer di bellezza<\/span><\/li>\n\n\n\n<li><span style=\"font-weight: 400;\">Gruppi di discussione<\/span><\/li>\n\n\n\n<li><span style=\"font-weight: 400;\">Test del prodotto a domicilio<\/span><\/li>\n<\/ul>\n\n\n\n<p><strong>Vai a Strategia di mercato<\/strong><\/p>\n\n\n\n<ul class=\"wp-block-list\">\n<li><span style=\"font-weight: 400;\">Dimensionamento e previsione del mercato<\/span><\/li>\n\n\n\n<li><span style=\"font-weight: 400;\">Intelligenza competitiva<\/span><\/li>\n\n\n\n<li><span style=\"font-weight: 400;\">Advisory, Strategia e Consulenza<\/span><\/li>\n<\/ul>\n\n\n\n<p><strong>Consulenza<\/strong><\/p>\n\n\n\n<ul class=\"wp-block-list\">\n<li><span style=\"font-weight: 400;\">Consulenza per eventi<\/span><\/li>\n\n\n\n<li><span style=\"font-weight: 400;\">Marketing dell&#039;influencer<\/span><\/li>\n\n\n\n<li><span style=\"font-weight: 400;\">Discorso pubblico<\/span><\/li>\n<\/ul>\n\n\n\n<p><span style=\"font-weight: 400;\">The service offering consists of four key solutions: Idea Generation, Product Testing, Go To Market Strategy, and Consulting.<\/span><\/p>\n\n\n\n<h2 class=\"wp-block-heading\">1: Generazione di idee e previsione del mercato<\/h2>\n\n\n\n<p><span style=\"font-weight: 400;\">The solutions include identifying consumer trends, patterns, and themes about trending products and behavior. &nbsp;SIS helps companies recommend lists of potential innovation projects. SIS\u2019s team leads agile product development processes to rapidly help clients innovate.<\/span><\/p>\n\n\n\n<h2 class=\"wp-block-heading\">2: Test e convalida del prodotto<\/h2>\n\n\n\n<p><span style=\"font-weight: 400;\">SIS tests products and helps companies validate their new product ideas. &nbsp;This is accomplished by building Online Insight Communities, Focus Groups, Consumer Interviews, and In-Home Product Tests.<\/span><\/p>\n\n\n\n<p><strong><span style=\"text-decoration: underline;\">Comunit\u00e0 di Influencer Insight<\/span><\/strong><\/p>\n\n\n\n<p><span style=\"font-weight: 400;\">SIS builds online communities of trend spotters and beauty influencers including Beauty Conscious Consumers, Cosmetics Artists, Media contacts, Salon owners, Vloggers, Social Media Gurus, and Beauty Bloggers. &nbsp;These influencers provide nuance, candor and feedback on new product concepts, helping Beauty companies to prioritize trends and strategies.<\/span><\/p>\n\n\n\n<p><strong><span style=\"text-decoration: underline;\">Individuazione delle tendenze<\/span><\/strong><\/p>\n\n\n\n<p><span style=\"font-weight: 400;\">SIS announced it has networks of trend spotters in key global cities: New York, Los Angeles, Miami, London, Milan and Shanghai. These trend spotters head to centers of culture to capture and analyze new trends. &nbsp;SIS conducts Online Ethnography research and Social Listening on a variety of social media networks. <\/span><\/p>\n\n\n\n<p><strong><span style=\"text-decoration: underline;\">Focus group e interviste ai clienti<\/span><\/strong><\/p>\n\n\n\n<p><span style=\"font-weight: 400;\">SIS conduce test sui prodotti di bellezza presso i propri test di prodotto e <a href=\"https:\/\/www.sisinternational.com\/it\/soluzioni\/focus-group\/strutture-per-focus-group-a-new-york\/\">Struttura per focus group a Manhattan<\/a>, New York City. &nbsp;The company has some of the largest databases of beauty consumers and influencers in New York and across the United States.<\/span><\/p>\n\n\n\n<p><strong><span style=\"text-decoration: underline;\">Test di utilizzo domestico<\/span><\/strong><\/p>\n\n\n\n<p><span style=\"font-weight: 400;\">SIS conduce test sui prodotti a domicilio con i consumatori per consentire loro di testare i prodotti nel comfort delle proprie case. <\/span><\/p>\n\n\n\n<h2 class=\"wp-block-heading\">3: Vai alla strategia di mercato<\/h2>\n\n\n\n<p><span style=\"font-weight: 400;\">SIS provides Strategic Analysis, <a class=\"wpil_keyword_link\" href=\"https:\/\/www.sisinternational.com\/it\/soluzioni\/soluzioni-di-branding-e-ricerca-clienti\/ricerche-di-mercato-omnicanale\/\"   title=\"Ricerche di mercato omnicanale\" data-wpil-keyword-link=\"linked\"  data-wpil-monitor-id=\"467\">Ricerche di mercato omnicanale<\/a>, Beauty Industry Tracking subscriptions, Monthly competitive products alerts, Quarterly trend analysis, and custom reports.<\/span><\/p>\n\n\n\n<h2 class=\"wp-block-heading\">4: Consulenza<\/h2>\n\n\n\n<p><span style=\"font-weight: 400;\">With in-depth access to influencers and beauty-conscious consumers, SIS conducts Event Consulting, Public Speaking and Influencer Marketing. <\/span><\/p>\n\n\n\n<p><span style=\"font-weight: 400;\">SIS ha identificato punti chiave di differenziazione con la sua offerta di ricerca e consulenza sulla bellezza. &nbsp;<\/span><\/p>\n\n\n\n<ul class=\"wp-block-list\">\n<li><span style=\"font-weight: 400;\">Accesso a un pubblico difficile da raggiungere, tra cui individui benestanti con un patrimonio netto elevato (HNWI), influencer di bellezza, artisti cosmetici e proprietari di saloni di bellezza. &nbsp;<\/span><\/li>\n\n\n\n<li><span style=\"font-weight: 400;\">Impianto di prova di prodotti interamente di propriet\u00e0 nel cuore di Manhattan<\/span><\/li>\n\n\n\n<li><span style=\"font-weight: 400;\">SIS dispone di divisioni leader nella ricerca di mercato e nella ricerca strategica con oltre 40 anni di esperienza.<\/span><\/li>\n\n\n\n<li><span style=\"font-weight: 400;\">Copertura globale, relazioni e reti nel settore<\/span><\/li>\n\n\n\n<li><\/li>\n<\/ul>\n\n\n\n<h2 class=\"wp-block-heading p1\"><span class=\"s1\">Informazioni su SIS Beauty Ricerca e consulenza aziendale<\/span><\/h2>\n\n\n\n<p class=\"p3\"><span class=\"s1\">L\u2019industria della bellezza e dei cosmetici \u00e8 senza dubbio una delle pi\u00f9 grandi a livello globale. Di solito \u00e8 suddiviso in alcuni segmenti principali: <\/span><\/p>\n\n\n\n<ul class=\"wp-block-list\">\n<li><span class=\"s1\">Trucco occhi e viso, rossetti e gloss, smalti<\/span><\/li>\n\n\n\n<li><span class=\"s1\">Cura della pelle e lozioni, con prodotti per il viso, le mani e altre parti del corpo<span class=\"Apple-converted-space\">&nbsp; &nbsp;<\/span><\/span>\n<ul class=\"wp-block-list\">\n<li><span class=\"s1\">Uno dei sottosegmenti in pi\u00f9 rapida crescita del mercato della bellezza premium \u00e8 quello della protezione solare.&nbsp;<\/span><\/li>\n<\/ul>\n<\/li>\n\n\n\n<li><span class=\"s1\">Prodotti per capelli come shampoo e balsami, gel, spray e prodotti per la depilazione <\/span><\/li>\n\n\n\n<li><span class=\"s1\"><a href=\"https:\/\/www.sisinternational.com\/it\/soluzioni\/ricerche-di-mercato-sui-profumi-e-fragranze\/\" title=\"Ricerche di mercato su fragranze e profumi\"  data-wpil-monitor-id=\"6645\">Fragrances and perfumes<\/a>.<\/span><\/li>\n\n\n\n<li><span class=\"s1\">Se si considera la bellezza <i>entro<\/i> e anche senza, poi ci sono rinfrescanti per la bocca e l&#039;alito, dentifrici e sbiancanti, allineatori e apparecchi ortodontici, lavande vaginali e una serie di prodotti ingeribili come vitamine, minerali e integratori.<\/span><\/li>\n<\/ul>\n\n\n\n<figure class=\"gb-block-image gb-block-image-93593acd\"><img loading=\"lazy\" decoding=\"async\" width=\"1456\" height=\"816\" class=\"gb-image gb-image-93593acd\" src=\"https:\/\/www.sisinternational.com\/wp-content\/uploads\/2025\/08\/Personal-care-5.jpg\" alt=\"Ricerca e strategia di mercato internazionale SIS\" title=\"Personal care (5)\" srcset=\"https:\/\/www.sisinternational.com\/wp-content\/uploads\/2025\/08\/Personal-care-5.jpg 1456w, https:\/\/www.sisinternational.com\/wp-content\/uploads\/2025\/08\/Personal-care-5-300x168.jpg 300w, https:\/\/www.sisinternational.com\/wp-content\/uploads\/2025\/08\/Personal-care-5-1024x574.jpg 1024w, https:\/\/www.sisinternational.com\/wp-content\/uploads\/2025\/08\/Personal-care-5-768x430.jpg 768w, https:\/\/www.sisinternational.com\/wp-content\/uploads\/2025\/08\/Personal-care-5-18x10.jpg 18w\" sizes=\"auto, (max-width: 1456px) 100vw, 1456px\"><\/figure>\n\n\n\n<p><\/p>\n\n\n\n<p class=\"p4\"><span class=\"s1\">Recently, consumers have begun to purchase their products online instead of in-store.&nbsp;&nbsp;<\/span>Vendendo esclusivamente online, molte nuove aziende sono in grado di raggiungere una gamma pi\u00f9 ampia di consumatori senza la necessit\u00e0 e i costi di creare punti vendita fisici.<\/p>\n\n\n\n<h2 class=\"wp-block-heading p2\"><span class=\"s1\">Opportunit\u00e0 di business nel settore della bellezza<\/span><\/h2>\n\n\n\n<p class=\"p2\"><span class=\"s1\">Se la tua azienda offre prodotti o fornisce servizi nel mercato della bellezza, sai che esistono diversi modi per aumentare la quota di mercato e i profitti.<\/span><\/p>\n\n\n\n<ul class=\"wp-block-list\">\n<li><span class=\"s1\">Sviluppo nuovi prodotti ed estensioni di linea<\/span><\/li>\n\n\n\n<li><span class=\"s1\">Finding and using new distribution channels (online, YouTube, direct to consumer, dedicated retail specialty stores, in-home sales) vs drug stores and department stores<\/span><\/li>\n\n\n\n<li><span class=\"s1\">Diventare globali: i mercati emergenti (soprattutto nella regione dell\u2019Asia del Pacifico) sono pi\u00f9 consapevoli e acquistano una miriade di prodotti di bellezza.<\/span><\/li>\n<\/ul>\n\n\n\n<h2 class=\"wp-block-heading p2\"><span class=\"s1\">Sfide aziendali nel settore della bellezza <\/span><\/h2>\n\n\n\n<p class=\"p2\"><span class=\"s1\">Many issues need to be addressed in terms of what consumers seek from a beauty or cosmetic product. Some areas concern the following features:<\/span><\/p>\n\n\n\n<ul class=\"wp-block-list\">\n<li><span class=\"s1\">prestigio<\/span><\/li>\n\n\n\n<li><span class=\"s1\">valore<\/span><\/li>\n\n\n\n<li><span class=\"s1\">igiene \u2014<span class=\"Apple-converted-space\">&nbsp; <\/span>ad esempio, saponetta o gel doccia; deodorante roll on o spray<\/span><\/li>\n\n\n\n<li><span class=\"s1\">odore \u2013 ad esempio sottile o forte, erbaceo o floreale<\/span><\/li>\n\n\n\n<li><span class=\"s1\">ingredienti - ad esempio anallergici, sicuri, rispettosi dell&#039;ambiente<\/span><\/li>\n\n\n\n<li><span class=\"s1\">innovativo \u2013 ad esempio nuovi colori o sfumature, multiuso, pi\u00f9 duraturi<\/span><\/li>\n\n\n\n<li><span class=\"s1\">in alcuni casi, test rigorosi per ottenere l&#039;approvazione della FDA o di altro tipo.<\/span><\/li>\n<\/ul>\n\n\n\n<h2 class=\"wp-block-heading p2\"><span class=\"s1\">In che modo le ricerche di mercato sulla bellezza aiutano <\/span><\/h2>\n\n\n\n<p class=\"p2\"><span class=\"s1\">Le ricerche di mercato possono svolgere un ruolo importante nell\u2019aiutarti a migliorare <i>capire<\/i> <i>il tuo mercato attuale<\/i> cos\u00ec come <i>fornire una guida<\/i> <i>a proposito del futuro<\/i>.&nbsp;&nbsp;<\/span><span class=\"s1\">Alcuni argomenti e domande illustrative che sorgono comunemente includono:<\/span><\/p>\n\n\n\n<ul class=\"wp-block-list\">\n<li><span class=\"s1\">i tuoi clienti e potenziali clienti<\/span>\n<ul class=\"wp-block-list\">\n<li><span class=\"s1\">Quali sono le dimensioni potenziali e i segmenti chiave?<\/span><\/li>\n\n\n\n<li><span class=\"s1\">In che modo differiscono in base allo stile di vita: generazione, reddito, genere e identit\u00e0 sessuale?<\/span><\/li>\n\n\n\n<li><span class=\"s1\">Come vengono percepiti i prodotti di bellezza a livello globale e regionale? <\/span><\/li>\n\n\n\n<li><span class=\"s1\">Qual \u00e8 l&#039;influenza dei fattori culturali e ambientali&nbsp;<\/span><\/li>\n\n\n\n<li><span class=\"s1\">Ruolo delle offerte di prova o dei campioni sugli acquisti futuri\/<\/span><\/li>\n<\/ul>\n<\/li>\n\n\n\n<li><span class=\"s1\">packaging e strategie di prezzo<\/span>\n<ul class=\"wp-block-list\">\n<li><span class=\"s1\">il tipo e le dimensioni possono avere un impatto sui prezzi accettabili, nonch\u00e9 attirare l&#039;attenzione e, in alcuni casi, la funzionalit\u00e0 del prodotto)<\/span><\/li>\n\n\n\n<li><span class=\"s1\">Dimensioni famiglia o dimensioni pi\u00f9 piccole, pi\u00f9 facili da trasportare?<\/span><\/li>\n\n\n\n<li><span class=\"s1\">Possibilit\u00e0 per i passeggeri di superare i controlli di sicurezza dell&#039;aeroporto?<\/span><\/li>\n\n\n\n<li><span class=\"s1\">Disponibilit\u00e0 a pagare un sovrapprezzo per prodotti pi\u00f9 piccoli e monouso?<\/span><\/li>\n\n\n\n<li><span class=\"s1\">Verde o ecologico? (ricaricabile, riciclabile)<\/span><\/li>\n<\/ul>\n<\/li>\n\n\n\n<li><span class=\"s1\">la tua concorrenza <\/span>\n<ul class=\"wp-block-list\">\n<li><span class=\"s1\">Stanno sviluppando nuovi prodotti, distributori o mercati?<\/span><\/li>\n<\/ul>\n<\/li>\n\n\n\n<li><span class=\"s1\">monitorare e valutare le tendenze attuali del vostro mercato<\/span>\n<ul class=\"wp-block-list\">\n<li><span class=\"s1\">Cosa sta cambiando, dove e come influisce sulla tua azienda<\/span><\/li>\n\n\n\n<li><span class=\"s1\">Prevedere cosa accadr\u00e0 dopo<\/span><\/li>\n<\/ul>\n<\/li>\n<\/ul>\n\n\n\n<p class=\"p7\"><span class=\"s1\">Inoltre, le ricerche di mercato ti aiuteranno a ottenere informazioni dettagliate <i>percorso del cliente<\/i> e cosa spinge le vendite in questa categoria. <\/span><\/p>\n\n\n\n<ul class=\"wp-block-list\">\n<li><span class=\"s1\">comportamento di acquisto<\/span><\/li>\n\n\n\n<li><span class=\"s1\">acquistare influencer<\/span><\/li>\n\n\n\n<li><span class=\"s1\">consapevolezza del marchio<\/span><\/li>\n\n\n\n<li><span class=\"s1\">utilizzo<\/span><\/li>\n\n\n\n<li><span class=\"s1\">percezioni<\/span><\/li>\n\n\n\n<li><span class=\"s1\">sarebbe interessante anche studiare l&#039;influenza e l&#039;utilizzo dei seguenti elementi durante tutto il processo di acquisto<\/span>\n<ul class=\"wp-block-list\">\n<li><span class=\"s1\">tecnologia (smartphone, app)<\/span><\/li>\n\n\n\n<li><span class=\"s1\">social media (YouTube, Instagram, Facebook, Snapchat, passaparola)<\/span><\/li>\n<\/ul>\n<\/li>\n<\/ul>\n\n\n\n<p class=\"p2\"><span class=\"s1\">Esistono numerosi servizi offerti dalla comunit\u00e0 di ricerche di mercato. Puoi utilizzare un&#039;azienda per studiare i tuoi prodotti e ottenere reazioni a tutte le tue domande nelle case dei clienti, nelle strutture dei focus group, nei centri commerciali e nei negozi al dettaglio. <\/span><\/p>\n\n\n\n<p class=\"p2\"><span class=\"s1\">Gli argomenti che non richiedono un&#039;effettiva esposizione al prodotto (ad esempio concetti, prezzi, occasioni di utilizzo) possono essere approfonditi online, tramite telefono o dispositivi mobili.<\/span><\/p>\n\n\n\n<h2 class=\"wp-block-heading p6\"><span class=\"s1\">Tendenze globali<\/span><\/h2>\n\n\n\n<p class=\"p6\"><span class=\"s1\">In tutto il mondo, il concetto di bellezza \u00e8 in continua evoluzione. Pertanto, i consumatori sono alla ricerca di nuovi prodotti e servizi che offrano nuove funzionalit\u00e0 e vantaggi.<\/span><\/p>\n\n\n\n<p class=\"p6\"><span class=\"s1\">Stanno imparando a conoscere la bellezza da molte nuove fonti e opinion leader e acquistano in modi diversi rispetto a pochi anni fa.<\/span><\/p>\n\n\n\n<p class=\"p6\"><span class=\"s1\">Un esperto di marketing deve sapere non solo cosa \u00e8 attualmente di moda, ma anche essere in grado di attingere alle tendenze e alle intuizioni globali per creare il <\/span><span class=\"s6\">La prossima grande cosa<\/span><span class=\"s1\"> (\u201cNBT\u201d).<\/span><\/p>\n\n\n\n<h2 class=\"wp-block-heading\">Informazioni su SIS International Research Inc.<\/h2>\n\n\n\n<p><span style=\"font-weight: 400;\">Ricerca Internazionale SIS (<a href=\"https:\/\/www.sisinternational.com\/it\/\">www.sisinternational.com<\/a>) is a leading global full-service Market Research &amp; Strategic Market Intelligence firm providing comprehensive market research solutions in China, Asia, the Americas, Europe and worldwide. The company provides Qualitative Research, Quantitative Data Collection, <a href=\"https:\/\/www.sisinternational.com\/it\/competenza\/industrie\/ricerche-di-mercato-a-broadway\/\" title=\"Ricerche di mercato a Broadway\"  data-wpil-monitor-id=\"6128\">Market Intelligence and Market Strategy Research<\/a>.<\/span><\/p>\n\n\n\n<p><span style=\"font-weight: 400;\">Headquartered in New York City and founded in 1984, the company has key offices in London, Miami, Los Angeles, Paris, and Shanghai. Our coverage is Nationwide US, Europe, the Middle East, Africa, and Asia and we serve over 50 industries. SIS offers many other innovative products and services for our client\u2019s decision-making.&nbsp; We have a <a href=\"https:\/\/www.sisinternational.com\/it\/soluzioni\/focus-group\/strutture-per-focus-group-a-new-york\/\">Test di prodotti di bellezza e struttura per focus group<\/a> nel cuore di Manhattan.<\/span><\/p>\n\n\n\n<p><\/p>","protected":false},"excerpt":{"rendered":"<p>SIS \u00e8 una societ\u00e0 leader di consulenza per l&#039;innovazione aziendale nel settore della bellezza che fornisce generazione di idee, monitoraggio delle tendenze, test dei prodotti e strategie di accesso al mercato.<\/p>","protected":false},"author":1,"featured_media":62487,"parent":27176,"menu_order":1,"comment_status":"closed","ping_status":"closed","template":"","meta":{"footnotes":""},"class_list":["post-27415","page","type-page","status-publish","has-post-thumbnail"],"_links":{"self":[{"href":"https:\/\/www.sisinternational.com\/it\/wp-json\/wp\/v2\/pages\/27415","targetHints":{"allow":["GET"]}}],"collection":[{"href":"https:\/\/www.sisinternational.com\/it\/wp-json\/wp\/v2\/pages"}],"about":[{"href":"https:\/\/www.sisinternational.com\/it\/wp-json\/wp\/v2\/types\/page"}],"author":[{"embeddable":true,"href":"https:\/\/www.sisinternational.com\/it\/wp-json\/wp\/v2\/users\/1"}],"replies":[{"embeddable":true,"href":"https:\/\/www.sisinternational.com\/it\/wp-json\/wp\/v2\/comments?post=27415"}],"version-history":[{"count":7,"href":"https:\/\/www.sisinternational.com\/it\/wp-json\/wp\/v2\/pages\/27415\/revisions"}],"predecessor-version":[{"id":80225,"href":"https:\/\/www.sisinternational.com\/it\/wp-json\/wp\/v2\/pages\/27415\/revisions\/80225"}],"up":[{"embeddable":true,"href":"https:\/\/www.sisinternational.com\/it\/wp-json\/wp\/v2\/pages\/27176"}],"wp:featuredmedia":[{"embeddable":true,"href":"https:\/\/www.sisinternational.com\/it\/wp-json\/wp\/v2\/media\/62487"}],"wp:attachment":[{"href":"https:\/\/www.sisinternational.com\/it\/wp-json\/wp\/v2\/media?parent=27415"}],"curies":[{"name":"wp","href":"https:\/\/api.w.org\/{rel}","templated":true}]}}