{"id":27373,"date":"2018-07-15T21:45:25","date_gmt":"2018-07-15T21:45:25","guid":{"rendered":"https:\/\/www.sisinternational.com\/?page_id=27373"},"modified":"2026-01-27T16:36:32","modified_gmt":"2026-01-27T21:36:32","slug":"ricerche-di-mercato-omnicanale","status":"publish","type":"page","link":"https:\/\/www.sisinternational.com\/it\/soluzioni\/soluzioni-di-branding-e-ricerca-clienti\/ricerche-di-mercato-omnicanale\/","title":{"rendered":"Ricerche di mercato omnicanale"},"content":{"rendered":"<h1 class=\"wp-block-heading\"><span style=\"font-weight: 400;\">Ricerche di mercato omnicanale<\/span><\/h1>\n\n\n\n<figure class=\"gb-block-image gb-block-image-dc627e5e\"><img loading=\"lazy\" decoding=\"async\" width=\"1456\" height=\"816\" class=\"gb-image gb-image-dc627e5e\" src=\"https:\/\/www.sisinternational.com\/wp-content\/uploads\/2025\/08\/Smarrtphone-5g-11.jpg\" alt=\"Ricerca e strategia di mercato internazionale SIS\" title=\"Smarrtphone 5g (11)\" srcset=\"https:\/\/www.sisinternational.com\/wp-content\/uploads\/2025\/08\/Smarrtphone-5g-11.jpg 1456w, https:\/\/www.sisinternational.com\/wp-content\/uploads\/2025\/08\/Smarrtphone-5g-11-300x168.jpg 300w, https:\/\/www.sisinternational.com\/wp-content\/uploads\/2025\/08\/Smarrtphone-5g-11-1024x574.jpg 1024w, https:\/\/www.sisinternational.com\/wp-content\/uploads\/2025\/08\/Smarrtphone-5g-11-768x430.jpg 768w, https:\/\/www.sisinternational.com\/wp-content\/uploads\/2025\/08\/Smarrtphone-5g-11-18x10.jpg 18w\" sizes=\"auto, (max-width: 1456px) 100vw, 1456px\"><\/figure>\n\n\n\n<h2 class=\"wp-block-heading\">&nbsp;<\/h2>\n\n\n\n<h2 class=\"wp-block-heading\"><span style=\"font-weight: 400;\">Omnichannel descrive una catena del valore dell&#039;e-commerce e della vendita al dettaglio che integra i diversi metodi di acquisto disponibili per i consumatori (ad esempio online, in negozio o telefonicamente).<\/span><\/h2>\n\n\n\n<p><span style=\"font-weight: 400;\">L&#039;80% delle transazioni per i venditori omnicanale avviene nel mondo offline. La vendita omnicanale \u00e8 un approccio integrato al commercio. Lascia agli acquirenti un&#039;esperienza unificata attraverso i canali offline e online.<\/span><\/p>\n\n\n\n<p><span style=\"font-weight: 400;\">Il termine \u201cmarketing omnicanale\u201d suggerisce un cambiamento epocale. Le aziende ora devono offrire un\u2019esperienza uniforme, indipendentemente dal canale o dal dispositivo. Le migliori pratiche della strategia omnicanale incoraggiano i manager aziendali a mettersi nei panni dei loro clienti. Devono testare e ottimizzare l&#039;esperienza interagendo tramite tutti i canali disponibili. Dovrebbero capire cosa significa effettuare ordini, facilit\u00e0 d&#039;uso, usabilit\u00e0 del sito Web, efficacia del servizio clienti e altro ancora. <\/span><\/p>\n\n\n\n<p><span style=\"font-weight: 400;\">Le persone utilizzano diversi dispositivi per una transazione. Ad esempio, un acquirente pu\u00f2 inserire un paio di scarpe nel carrello di un negozio da un dispositivo mobile mentre torna a casa dal lavoro. Il cliente pu\u00f2 scegliere di completare la transazione da un laptop a casa. Le strategie omnicanale aprono nuove opportunit\u00e0 in modo che quelle scarpe siano nel carrello quando l&#039;acquirente accede dal proprio computer.<\/span><\/p>\n\n\n\n<h2 class=\"wp-block-heading\">Omnicanale vs multicanale: qual \u00e8 la differenza?<\/h2>\n\n\n\n<p><span style=\"font-weight: 400;\">Le aziende che utilizzano la strategia multicanale cercano di massimizzare la performance di ciascun canale. Strutturano la loro organizzazione in \u201ccorsie di nuoto\u201d focalizzate su ciascun canale. <span class=\"removed_link\" title=\"https:\/\/www.shopify.com\/enterprise\/omni-channel-vs-multi-channel\">Ciascun canale ha la propria struttura e obiettivi di fatturato.<\/span> L\u2019approccio Omnichannel \u00e8 l\u2019opposto. Mette il cliente, e non la struttura aziendale, al centro della propria strategia. Riconosce che i clienti a volte utilizzano i canali contemporaneamente. Ad esempio, un cliente potrebbe controllare le recensioni su un dispositivo mobile mentre \u00e8 in negozio. Questa azione li aiuta a decidere se acquistare un prodotto.<\/span><\/p>\n\n\n\n<h2 class=\"wp-block-heading\">Ascesa del digitale<\/h2>\n\n\n\n<p><span style=\"font-weight: 400;\">Le aziende di tutti i settori stanno esaminando come adattarsi al mondo digitale. Vogliono produrre pi\u00f9 offerte digitali. Vogliono sviluppare pi\u00f9 capacit\u00e0 digitali. Vogliono diventare organizzazioni \u201cdigital first\u201d. I dirigenti devono tenere presente che gli altri canali sono ancora rilevanti.<\/span><\/p>\n\n\n\n<p><span style=\"font-weight: 400;\">Il numero di consumatori che utilizzano esclusivamente il digitale \u00e8 raddoppiato dal 2012. Oggi, questa cifra rappresenta quasi la met\u00e0 di tutti i consumatori. L\u2019esperienza omnicanale ha acquisito importanza con l\u2019aumento del coinvolgimento digitale. Il settore bancario lo ha capito: c\u2019\u00e8 una nuova normalit\u00e0 nelle interazioni finanziarie. L\u2019uso delle filiali fisiche, pur essendo ancora necessario, sta diminuendo.<\/span><\/p>\n\n\n\n<h2 class=\"wp-block-heading\">Nuove tecnologie<\/h2>\n\n\n\n<p><span style=\"font-weight: 400;\">Le aziende stanno ora vedendo i vantaggi delle nuove tecnologie. Queste tecnologie includono la stampa 3D, la realt\u00e0 virtuale e l\u2019Internet delle cose. Queste nuove tecnologie supportano le strategie Omnichannel. Sono preziosi poich\u00e9 le aziende studiano come accedere e sviluppare i dati sui consumatori di cui dispongono. Le aziende utilizzano applicazioni pi\u00f9 pratiche della realt\u00e0 virtuale nell&#039;e-commerce B2B. Queste applicazioni offrono un modo efficace per semplificare e aumentare il coinvolgimento sui loro prodotti. Aiutano anche le strategie self-service e riducono il costo di vendita.<\/span><\/p>\n\n\n\n<p>Big Data allows companies to prioritize what customers see based on the information collected to optimize revenue and Customer Satisfaction.&nbsp; Big Data allows companies to make the selling process more efficient and streamlined.<\/p>\n\n\n\n<p><span style=\"font-weight: 400;\">I rivenditori possono migliorare le vendite utilizzando le nuove tecnologie che supportano l&#039;Omni-Channel. Queste tecnologie li aiuteranno a sviluppare soluzioni pi\u00f9 mirate, efficienti e misurabili. I consumatori abilitati al digitale di solito accedono a diversi canali. Vanno online o in negozio, con un computer, uno smartphone o di persona. Scelgono di visualizzare tutti i canali di un negozio come un&#039;unica esperienza di acquisto da un unico marchio.<\/span><\/p>\n\n\n\n<h2 class=\"wp-block-heading\">Perch\u00e9 le aziende dovrebbero ottimizzare utilizzando la ricerca di mercato omnicanale?<\/h2>\n\n\n\n<p><span style=\"font-weight: 400;\">Technology has disrupted the retail industry. Consumers are no longer loyal to a single type of shopping or a brand. They sometimes browse a marketplace before heading to a category-specific site. Alternatively, they buy on a mobile device while in a brick-and-mortar store.&nbsp; Aligning messaging and experience can strengthen customer satisfaction and branding advantages.&nbsp;&nbsp;By using Big Data and optimizing the Customer Experience,&nbsp;<\/span><span style=\"font-weight: 400;\">Le strategie omnicanale possono aumentare la fedelt\u00e0, la soddisfazione e le entrate.&nbsp; &nbsp;<\/span><\/p>\n\n\n\n<p><span style=\"font-weight: 400;\">Companies should be researching Omni-channel because studies because many consumers have expectations that their experience will be consistent across channels. Customers expect to be able to shop in-person, online, and on mobile with clear messaging. They also use product reviews before visiting a store, and they may even consult video reviews on YouTube. &nbsp;Optimizing the Omnichannel experience can bring benefits of Customer Loyalty, Engagement, boosts in market share, Share of Wallet, increased Word of Mouth (WOM) marketing advantages, and increased profitability.<\/span><\/p>\n\n\n\n<h2 class=\"wp-block-heading\">A proposito del SIS<\/h2>\n\n\n\n<p>SIS International Research is a leader in Omnichannel <a href=\"https:\/\/www.sisinternational.com\/it\/competenza\/industrie\/ricerche-di-mercato-sulla-chirurgia-estetica\/\" title=\"Ricerche di mercato sulla chirurgia estetica\"  data-wpil-monitor-id=\"4088\">Mercato<\/a> Research.&nbsp; We provide <a href=\"https:\/\/www.sisinternational.com\/it\/soluzioni\/soluzioni-di-branding-e-ricerca-clienti\/\">Ricerca sui clienti<\/a> E <a href=\"https:\/\/www.sisinternational.com\/it\/soluzioni\/strategy-research-2\/\">Ricerca strategica<\/a> solutions to provide our clients with a Competitive advantage in fast-changing industries.&nbsp; Our key methods include Online Communities, <a href=\"https:\/\/www.sisinternational.com\/it\/interviste-f2f-e-online-i-pro-e-i-contro\/\" title=\"Interviste F2F e online: pro e contro\"  data-wpil-monitor-id=\"7454\">Videointerviste on-line<\/a>, Focus Groups, Surveys, Customer Interviews, and Competitive Analysis.<\/p>\n\n\n\n<p><\/p>","protected":false},"excerpt":{"rendered":"<p>L&#039;ottimizzazione di pi\u00f9 punti di contatto con i clienti offre nuove opportunit\u00e0 di coinvolgimento e redditivit\u00e0 dei clienti.<\/p>","protected":false},"author":1,"featured_media":63119,"parent":14650,"menu_order":12,"comment_status":"closed","ping_status":"closed","template":"","meta":{"footnotes":""},"class_list":["post-27373","page","type-page","status-publish","has-post-thumbnail"],"_links":{"self":[{"href":"https:\/\/www.sisinternational.com\/it\/wp-json\/wp\/v2\/pages\/27373","targetHints":{"allow":["GET"]}}],"collection":[{"href":"https:\/\/www.sisinternational.com\/it\/wp-json\/wp\/v2\/pages"}],"about":[{"href":"https:\/\/www.sisinternational.com\/it\/wp-json\/wp\/v2\/types\/page"}],"author":[{"embeddable":true,"href":"https:\/\/www.sisinternational.com\/it\/wp-json\/wp\/v2\/users\/1"}],"replies":[{"embeddable":true,"href":"https:\/\/www.sisinternational.com\/it\/wp-json\/wp\/v2\/comments?post=27373"}],"version-history":[{"count":7,"href":"https:\/\/www.sisinternational.com\/it\/wp-json\/wp\/v2\/pages\/27373\/revisions"}],"predecessor-version":[{"id":81085,"href":"https:\/\/www.sisinternational.com\/it\/wp-json\/wp\/v2\/pages\/27373\/revisions\/81085"}],"up":[{"embeddable":true,"href":"https:\/\/www.sisinternational.com\/it\/wp-json\/wp\/v2\/pages\/14650"}],"wp:featuredmedia":[{"embeddable":true,"href":"https:\/\/www.sisinternational.com\/it\/wp-json\/wp\/v2\/media\/63119"}],"wp:attachment":[{"href":"https:\/\/www.sisinternational.com\/it\/wp-json\/wp\/v2\/media?parent=27373"}],"curies":[{"name":"wp","href":"https:\/\/api.w.org\/{rel}","templated":true}]}}