{"id":27363,"date":"2018-07-14T22:43:29","date_gmt":"2018-07-14T22:43:29","guid":{"rendered":"https:\/\/www.sisinternational.com\/?page_id=27363"},"modified":"2026-03-05T23:45:55","modified_gmt":"2026-03-06T04:45:55","slug":"ricerche-di-mercato-sulla-bellezza-del-baby-boom","status":"publish","type":"page","link":"https:\/\/www.sisinternational.com\/it\/competenza\/ricerche-di-mercato-sulla-bellezza-del-baby-boom\/","title":{"rendered":"Ricerche di mercato sulla bellezza dei baby boomer"},"content":{"rendered":"<h1 class=\"wp-block-heading\">Ricerche di mercato sulla bellezza dei baby boomer<\/h1>\n\n\n\n<figure class=\"gb-block-image gb-block-image-83c2f6ee\"><img loading=\"lazy\" decoding=\"async\" width=\"1456\" height=\"816\" class=\"gb-image gb-image-83c2f6ee\" src=\"https:\/\/www.sisinternational.com\/wp-content\/uploads\/2025\/08\/CEO-woman-business-woman-1.jpg\" alt=\"Ricerca e strategia di mercato internazionale SIS\" title=\"CEO woman business woman (1)\" srcset=\"https:\/\/www.sisinternational.com\/wp-content\/uploads\/2025\/08\/CEO-woman-business-woman-1.jpg 1456w, https:\/\/www.sisinternational.com\/wp-content\/uploads\/2025\/08\/CEO-woman-business-woman-1-300x168.jpg 300w, https:\/\/www.sisinternational.com\/wp-content\/uploads\/2025\/08\/CEO-woman-business-woman-1-1024x574.jpg 1024w, https:\/\/www.sisinternational.com\/wp-content\/uploads\/2025\/08\/CEO-woman-business-woman-1-768x430.jpg 768w, https:\/\/www.sisinternational.com\/wp-content\/uploads\/2025\/08\/CEO-woman-business-woman-1-18x10.jpg 18w\" sizes=\"auto, (max-width: 1456px) 100vw, 1456px\"><\/figure>\n\n\n\n<p><\/p>\n\n\n\n<h2 class=\"wp-block-heading\"><strong>Baby Boomer<\/strong> sono adulti nati durante un periodo di 18 anni iniziato nel 1946.<\/h2>\n\n\n\n<p>Today, they range in age from their mid-50s to their low 70s. Within this market segment, however, there are differences between the younger to the older group.\u00a0Even before reaching their 50s, most baby boomers have seen their hair turn gray, while their skin becomes looser and develops wrinkles. And weight is more of an issue as maintaining or losing pounds becomes more of a challenge. One result of these changes is an increase in their desire for anti-aging products and services.<\/p>\n\n\n\n<h2 class=\"wp-block-heading\">Le donne non sono le uniche acquirenti di prodotti Bellezza e Corpo.<\/h2>\n\n\n\n<p>A differenza della generazione dei loro genitori, un sorprendente e <u>numero crescente di uomini del baby boom <\/u>stanno abbracciando e consumando anche loro. Significativamente, pur avendo una popolazione pi\u00f9 o meno della stessa dimensione del segmento dei millennial pi\u00f9 giovani, i baby boomer come gruppo hanno pi\u00f9 denaro e potere d\u2019acquisto.<\/p>\n\n\n\n<h2 class=\"wp-block-heading\">L&#039;importanza della bellezza e della cura della pelle<\/h2>\n\n\n\n<p>Beauty is a broad term that refers to the entire look that a person presents to the public.&nbsp;&nbsp;Skincare is how one takes <a href=\"https:\/\/www.sisinternational.com\/it\/competenza\/industrie\/test-di-ricerca-sulla-cura-della-pelle\/\" title=\"Ricerca e test sulla cura della pelle\"  data-wpil-monitor-id=\"10764\">care of their skin<\/a> to keep it healthy.&nbsp;Cosmetics or makeup is used to <strong>migliorare<\/strong> il proprio aspetto, spesso con l&#039;obiettivo di rendere la pelle liscia, \u201cbrillante\u201d o \u201cbrillante\u201d per renderla pi\u00f9 bella. La bellezza ha un impatto importante sulla salute, sull\u2019autostima e sulla felicit\u00e0.<\/p>\n\n\n\n<h2 class=\"wp-block-heading\">Paesaggio del mercato della bellezza del Baby Boomer<\/h2>\n\n\n\n<p>Esiste una vasta gamma di prodotti che possono esserlo <strong>applicato<\/strong> a tutte le parti del proprio corpo - letteralmente <em>dalla testa ai piedi.\u00a0<\/em>Then some can be <strong>ingerito<\/strong><u>,<\/u> promuovere la buona salute dall\u2019interno verso l\u2019esterno. Il contenuto seguente fornisce un&#039;idea della portata di questo mercato e pu\u00f2 aiutarti a raggiungere questo segmento ampio e ricco.<\/p>\n\n\n\n<h2 class=\"wp-block-heading\">Panoramica dei prodotti di bellezza<\/h2>\n\n\n\n<p>Per <strong>pelle<\/strong>, il viso, gli occhi e le labbra di solito ricevono la massima attenzione e ci sono molti livelli su cosa e come i prodotti vengono applicati per massimizzare l&#039;aspetto. Di seguito sono riportati alcuni prodotti chiave che aiutano a raggiungere questo obiettivo su tutto il corpo.<\/p>\n\n\n\n<ul class=\"wp-block-list\">\n<li>crema idratante\/crema<\/li>\n\n\n\n<li>lozione<\/li>\n\n\n\n<li>primer<\/li>\n\n\n\n<li>fondazione<\/li>\n\n\n\n<li>polvere fissante<\/li>\n\n\n\n<li>evidenziatore<\/li>\n\n\n\n<li>eyeliner<\/li>\n\n\n\n<li>ciglia<\/li>\n\n\n\n<li>rossetto<\/li>\n\n\n\n<li>lucentezza<\/li>\n<\/ul>\n\n\n\n<p>Per <strong>capelli<\/strong>, la sua cura e il suo aspetto, l&#039;elenco include, ma non \u00e8 limitato a<\/p>\n\n\n\n<ul class=\"wp-block-list\">\n<li>shampoo<\/li>\n\n\n\n<li>condizionatore<\/li>\n\n\n\n<li>tintura<\/li>\n\n\n\n<li>piastra per capelli<\/li>\n\n\n\n<li>gel<\/li>\n\n\n\n<li>mousse<\/li>\n\n\n\n<li>promozione della crescita, rimozione\/esfoliazione<\/li>\n\n\n\n<li>rasoi e dispositivi per la toelettatura<\/li>\n\n\n\n<li>parrucche<\/li>\n\n\n\n<li>estensioni<\/li>\n<\/ul>\n\n\n\n<p>Per <strong>mani e piedi<\/strong> there is nail polish in addition to creams and lotions.&nbsp;For <strong>dentro<\/strong> proprio corpo ci sono prodotti dimagranti, vitamine specifiche, integratori e bevande.<\/p>\n\n\n\n<p>I prodotti per esterni includono:<\/p>\n\n\n\n<ul class=\"wp-block-list\">\n<li>occhiali da sole per proteggere gli occhi (e fare una dichiarazione di moda)<\/li>\n\n\n\n<li>lozione abbronzante per proteggere la pelle<\/li>\n\n\n\n<li>indumenti protettivi con capacit\u00e0 di bloccare i raggi UV<\/li>\n<\/ul>\n\n\n\n<h2 class=\"wp-block-heading\">Panoramica dei servizi di bellezza<\/h2>\n\n\n\n<p>Ci sono una variet\u00e0 di servizi offerti da professionisti qualificati e medici che possiedono molte specialit\u00e0 diverse. Le procedure mediche sono offerte da chirurghi plastici, dermatologi, podologi, nutrizionisti e altri.<\/p>\n\n\n\n<p><strong>Le procedure mediche di bellezza prevedono:<\/strong><\/p>\n\n\n\n<ul class=\"wp-block-list\">\n<li>labbra, collo, mento, smagliature, parte superiore delle braccia cadente, ecc.\n<ul class=\"wp-block-list\">\n<li>pieghe o riduzioni<\/li>\n\n\n\n<li>miglioramenti (silicone)<\/li>\n<\/ul>\n<\/li>\n\n\n\n<li>restauro dei capelli, impianti<\/li>\n\n\n\n<li>rimozione del grasso e rimodellamento tramite liposuzione o CoolSculpting<\/li>\n\n\n\n<li>rimozione di \u201cmacchie marroni\/del fegato\u201d, vene varicose, rosacea e tatuaggi \u2013 spesso con l\u2019uso di laser o altre tecnologie.<\/li>\n<\/ul>\n\n\n\n<p><strong>Presso i Centri Estetici \u00e8 possibile effettuare servizi quali:<\/strong><\/p>\n\n\n\n<ul class=\"wp-block-list\">\n<li>studi di yoga<\/li>\n\n\n\n<li>Pilates e palestre simili<\/li>\n\n\n\n<li>fitness club e palestre<\/li>\n\n\n\n<li>terme<\/li>\n\n\n\n<li>studi di massaggio<\/li>\n\n\n\n<li>saloni per unghie in cui vengono effettuate sia manicure che pedicure (\u201cmani-pedis\u201d)<\/li>\n<\/ul>\n\n\n\n<h2 class=\"wp-block-heading\">L\u2019opportunit\u00e0 del mercato della bellezza per i baby boomer<\/h2>\n\n\n\n<p>IL <a href=\"https:\/\/www.sisinternational.com\/it\/soluzioni\/ricerche-di-mercato-sui-prodotti-di-bellezza\/ricerche-di-mercato-sul-benessere-dei-baby-boomer\/\" title=\"Ricerche di mercato sul benessere dei baby boomer\"  data-wpil-monitor-id=\"10761\">Baby Boomer Beauty market<\/a> represents a large untapped market for beauty companies.&nbsp;Consider the following:<\/p>\n\n\n\n<ul class=\"wp-block-list\">\n<li>Ci sono circa 75 milioni di Baby Boomer (dai 51 ai 69 anni; nati tra il 1946 e il 1964) negli Stati Uniti<\/li>\n\n\n\n<li>Quest\u2019anno oltre 50% della popolazione totale degli Stati Uniti avr\u00e0 pi\u00f9 di 50 anni.<\/li>\n\n\n\n<li>Nei prossimi 20 anni, si prevede che la spesa delle persone di et\u00e0 superiore ai 50 anni aumenter\u00e0 da 58% a $4,74 trilioni.<\/li>\n\n\n\n<li>Al contrario, si prevede che la spesa dei giovani americani di et\u00e0 compresa tra i 25 e i 50 anni crescer\u00e0 solo di circa 24%.<\/li>\n\n\n\n<li>Anche i Baby Boomer erediteranno circa $15 trilioni nei prossimi 20 anni.<\/li>\n<\/ul>\n\n\n\n<p>Ruth Stanat, founder of SIS <a class=\"wpil_keyword_link\" href=\"https:\/\/www.sisinternational.com\/it\/soluzioni\/ricerche-di-mercato-sui-prodotti-di-bellezza\/consulenza-sullinnovazione-della-bellezza\/\"   title=\"Consulenza sull&#039;innovazione della bellezza\" data-wpil-keyword-link=\"linked\"  data-wpil-monitor-id=\"469\">Consulenza sull&#039;innovazione della bellezza<\/a>, believes Baby Boomers will ignite a consumer spending boom over the next several years.&nbsp; Not only is 70% of U.S. disposable income controlled by Baby Boomers, but they also spend over $3.2 trillion every year. This market is too big to ignore for investors and entrepreneurs alike.<\/p>\n\n\n\n<ul class=\"wp-block-list\">\n<li>In generale, le donne Boomer non desiderano tornare indietro nel tempo con prodotti antiet\u00e0. Vogliono invece prodotti che affrontino direttamente i problemi della pelle, della cura dei capelli e della salute, enfatizzando al tempo stesso la sensazione e l&#039;aspetto bello.<\/li>\n\n\n\n<li>La maggior parte \u00e8 alla ricerca di prodotti con propriet\u00e0 idratanti\/idratanti per affrontare la pelle secca, mentre solo una percentuale minore \u00e8 interessata alle affermazioni anti-et\u00e0.<\/li>\n\n\n\n<li>A differenza delle donne Millennial, che amano esplorare nuovi marchi e prodotti, la stragrande maggioranza delle donne Boomer ha gi\u00e0 un reggimento consolidato per la cura della pelle e dei capelli.<\/li>\n\n\n\n<li>Gli acquisti impulsivi tra le donne Boomer sono rari poich\u00e9 meno persone affermano che comprerebbero un prodotto di bellezza per capriccio.<\/li>\n\n\n\n<li>Una piccola percentuale di donne Boomer afferma che cercherebbero attivamente nuovi prodotti rispetto ai loro attuali marchi di fiducia. Questi consumatori hanno una fedelt\u00e0 al marchio di lunga data, il che pu\u00f2 rappresentare una sfida per i nuovi marchi.<\/li>\n\n\n\n<li>Brands\/products can focus on the <a href=\"https:\/\/www.sisinternational.com\/it\/mystery-shopping-for-beauty-products\/\" title=\"Mystery Shopping for Beauty Products\"  data-wpil-monitor-id=\"10769\">beauty and health benefits of their products<\/a>, as well as offer free trials touting the health benefits are important to Boomers at this stage of their lives.<\/li>\n<\/ul>\n\n\n\n<p>Baby boomers represent an \u201cuntapped\u201d <a href=\"https:\/\/www.sisinternational.com\/it\/beauty-market-research-in-the-us\/\" title=\"Beauty Market Research in the US\"  data-wpil-monitor-id=\"882\">market for beauty<\/a> companies. Understanding the needs and wants of a <a href=\"https:\/\/www.sisinternational.com\/it\/azienda-leader-nella-generazione-della-domanda-b2b\/\" title=\"Principale azienda di generazione della domanda B2B\"  data-wpil-monitor-id=\"10770\">generation can drive advantage for Beauty companies<\/a>.<\/p>\n\n\n\n<h2 class=\"wp-block-heading\">Scoprire nuove opportunit\u00e0<\/h2>\n\n\n\n<p>Beauty companies may be limiting their beauty <a href=\"https:\/\/www.sisinternational.com\/it\/\" title=\"Casa\"  data-wpil-monitor-id=\"10757\">research and strategy<\/a> to consumers between the ages of 21 and 45.\u00a0 \u00a0SIS has also noticed that beauty companies tend to exclude men as potential customers.\u00a0 These segments can be profitable, loyal, and can provide new growth opportunities.\u00a0 Market Research uncovers insights, data and strategies about these segments.<\/p>\n\n\n\n<h2 class=\"wp-block-heading\">Informazioni sulla ricerca di mercato sulla bellezza dei baby boomer<\/h2>\n\n\n\n<p>With the motivation and desire to look younger and healthier, baby boomers are willing to invest their time and money on an increasing number of <a href=\"https:\/\/www.sisinternational.com\/it\/soluzioni\/prova-del-gusto\/beauty-product-testing\/\" title=\"Beauty Product Testing\"  data-wpil-monitor-id=\"10766\">beauty and skincare products<\/a> and services, including those that are innovative and often utilize new technologies.<\/p>\n\n\n\n<p>If your business is involved with this <a href=\"https:\/\/www.sisinternational.com\/it\/global-beverage-market\/\" title=\"Global Beverage Market: Market Dynamics, Growth Projections &amp; Consumer Insights\"  data-wpil-monitor-id=\"10762\">dynamic and growing market<\/a>, it is critical to constantly monitor the lifestyles and behaviors of this age group towards their well-being.&nbsp;Across the 18 year range of ages for this group, between genders and other variables, there will be differences worth studying that can inform better marketing decisions.<\/p>\n\n\n\n<p>I metodi utili per le ricerche di mercato includono:<\/p>\n\n\n\n<ul class=\"wp-block-list\">\n<li>Focus group di persona<\/li>\n\n\n\n<li>Interviste ai consumatori<\/li>\n\n\n\n<li>Etnografia<\/li>\n\n\n\n<li>Sondaggi telefonici e mobili<\/li>\n\n\n\n<li><a href=\"https:\/\/www.sisinternational.com\/it\/soluzioni\/societa-di-ricerche-di-mercato-della-comunita-online-b2b\/\" title=\"Societ\u00e0 di ricerche di mercato della comunit\u00e0 online B2B\"  data-wpil-monitor-id=\"10768\">Comunit\u00e0 di approfondimento online<\/a><\/li>\n<\/ul>\n\n\n\n<p><\/p>","protected":false},"excerpt":{"rendered":"<p>I baby boomer rappresentano un mercato non sfruttato per le aziende di bellezza.  Comprendere i bisogni e i desideri di una generazione pu\u00f2 portare vantaggi alle aziende del settore bellezza.<\/p>","protected":false},"author":1,"featured_media":64871,"parent":14514,"menu_order":36,"comment_status":"closed","ping_status":"closed","template":"","meta":{"footnotes":""},"class_list":["post-27363","page","type-page","status-publish","has-post-thumbnail"],"_links":{"self":[{"href":"https:\/\/www.sisinternational.com\/it\/wp-json\/wp\/v2\/pages\/27363","targetHints":{"allow":["GET"]}}],"collection":[{"href":"https:\/\/www.sisinternational.com\/it\/wp-json\/wp\/v2\/pages"}],"about":[{"href":"https:\/\/www.sisinternational.com\/it\/wp-json\/wp\/v2\/types\/page"}],"author":[{"embeddable":true,"href":"https:\/\/www.sisinternational.com\/it\/wp-json\/wp\/v2\/users\/1"}],"replies":[{"embeddable":true,"href":"https:\/\/www.sisinternational.com\/it\/wp-json\/wp\/v2\/comments?post=27363"}],"version-history":[{"count":7,"href":"https:\/\/www.sisinternational.com\/it\/wp-json\/wp\/v2\/pages\/27363\/revisions"}],"predecessor-version":[{"id":81764,"href":"https:\/\/www.sisinternational.com\/it\/wp-json\/wp\/v2\/pages\/27363\/revisions\/81764"}],"up":[{"embeddable":true,"href":"https:\/\/www.sisinternational.com\/it\/wp-json\/wp\/v2\/pages\/14514"}],"wp:featuredmedia":[{"embeddable":true,"href":"https:\/\/www.sisinternational.com\/it\/wp-json\/wp\/v2\/media\/64871"}],"wp:attachment":[{"href":"https:\/\/www.sisinternational.com\/it\/wp-json\/wp\/v2\/media?parent=27363"}],"curies":[{"name":"wp","href":"https:\/\/api.w.org\/{rel}","templated":true}]}}