{"id":27296,"date":"2018-07-12T03:02:06","date_gmt":"2018-07-12T03:02:06","guid":{"rendered":"https:\/\/www.sisinternational.com\/?page_id=27296"},"modified":"2026-03-06T19:50:17","modified_gmt":"2026-03-07T00:50:17","slug":"ricerche-di-mercato-coreane-sulla-bellezza-k-beauty","status":"publish","type":"page","link":"https:\/\/www.sisinternational.com\/it\/copertura\/ricerche-di-mercato-asiatiche\/ricerche-di-mercato-coreane-sulla-bellezza-k-beauty\/","title":{"rendered":"Ricerche sul mercato coreano della bellezza | K Bellezza"},"content":{"rendered":"<h1 class=\"wp-block-heading\">Ricerche sul mercato coreano della bellezza | K Bellezza<\/h1>\n\n\n\n<figure class=\"gb-block-image gb-block-image-f5840260\"><img loading=\"lazy\" decoding=\"async\" width=\"1456\" height=\"816\" class=\"gb-image gb-image-f5840260\" src=\"https:\/\/www.sisinternational.com\/wp-content\/uploads\/2025\/08\/K-beauty-korean-3.jpg\" srcset=\"https:\/\/www.sisinternational.com\/wp-content\/uploads\/2025\/08\/K-beauty-korean-3.jpg 1456w, https:\/\/www.sisinternational.com\/wp-content\/uploads\/2025\/08\/K-beauty-korean-3-300x168.jpg 300w, https:\/\/www.sisinternational.com\/wp-content\/uploads\/2025\/08\/K-beauty-korean-3-1024x574.jpg 1024w, https:\/\/www.sisinternational.com\/wp-content\/uploads\/2025\/08\/K-beauty-korean-3-768x430.jpg 768w, https:\/\/www.sisinternational.com\/wp-content\/uploads\/2025\/08\/K-beauty-korean-3-18x10.jpg 18w\" sizes=\"auto, (max-width: 1456px) 100vw, 1456px\" alt=\"Ricerca e strategia di mercato internazionale SIS\"><\/figure>\n\n\n\n<p><\/p>\n\n\n\n<h2 class=\"wp-block-heading\"><span style=\"font-weight: 400;\">I prodotti coreani per la cura della pelle e di bellezza si sono trasformati da una nuova tendenza in un fenomeno. <\/span><\/h2>\n\n\n\n<p><span style=\"font-weight: 400;\">Le donne di tutto il mondo stanno cercando di ottenere lo splendore luminoso associato alla \u201cK-beauty\u201d. Una delle tendenze, in circolazione dal 2016, si concentra sull\u2019aspetto della \u201cpelle di vetro\u201d, che significa una sana luminosit\u00e0. L&#039;idea \u00e8 di avere una pelle idratata e priva di pigmenti e di non fare troppo affidamento sul trucco.<\/span><\/p>\n\n\n\n<p><span style=\"font-weight: 400;\">La tendenza \u201cpelle senza nuvole\u201d si riferisce ad una carnagione chiara e impeccabile. Si riferisce anche a un sano splendore interiore. Allora come si pu\u00f2 soddisfare l&#039;ideale di una pelle senza nuvole? Gli appassionati di bellezza K ottengono una pelle senza nuvole attraverso abitudini di vita sane. Usano anche prodotti di bellezza K di prim&#039;ordine.<\/span><\/p>\n\n\n\n<h2 class=\"wp-block-heading\"><span style=\"font-weight: 400;\">Marchi leader coreani per la cura della pelle<\/span><\/h2>\n\n\n\n<p><span style=\"font-weight: 400;\">Here\u2019s a list of some of the best K-beauty <a href=\"https:\/\/www.sisinternational.com\/it\/competenza\/industrie\/ricerca-di-mercato-del-marchio\/\" title=\"Ricerche di mercato sui marchi\"  data-wpil-monitor-id=\"8458\">brands on the market<\/a>:<\/span><\/p>\n\n\n\n<ul class=\"wp-block-list\">\n<li><span style=\"font-weight: 400;\">Essenza di origine lenitiva Atoclassic Real Tonic: Ginseng, crisantemo e liquirizia sono le tre erbe tradizionali che compongono questa potente essenza lenitiva per la pelle.<\/span><\/li>\n\n\n\n<li><span style=\"font-weight: 400;\">Pietra classica della pelle di aprile. Questa &quot;pietra magica&quot; \u00e8 amata in Corea. Contiene carbone, che rimuove olio, sporco e altre impurit\u00e0 dai pori. Contiene anche acido ialuronico, che idrata mentre disintossica la pelle.<\/span><\/li>\n\n\n\n<li><span style=\"font-weight: 400;\">Klairs: questo marchio completamente naturale non contiene alcol, coloranti, fragranze artificiali o parabeni. Gli utenti possono sbiadire le macchie scure e le cicatrici da acne con il siero quotidiano Freshly Juiced Vitamin Drop, che fornisce anche nutrienti e umidit\u00e0.<\/span><\/li>\n\n\n\n<li><span style=\"font-weight: 400;\">Son &amp; Park: la pelle luminosa e rugiadosa \u00e8 ci\u00f2 di cui si occupa questo marchio nazionale. La Beauty Filter Cream in Glow, la preferita dai cult, e il Lip Crayon sono altamente raccomandati.<\/span><\/li>\n<\/ul>\n\n\n\n<h2 class=\"wp-block-heading\"><span style=\"font-weight: 400;\">Routine di bellezza K<\/span><\/h2>\n\n\n\n<p><span style=\"font-weight: 400;\">La routine in 10 passaggi K-Beauty \u00e8 una delle pi\u00f9 seguite al mondo. \u00c8 pi\u00f9 un cambiamento di stile di vita che si \u00e8 trasformato in un fenomeno globale. La routine inizia con una doppia pulizia della pelle. Gli utenti iniziano con un detergente a base di olio e seguono una soluzione a base d&#039;acqua. Segue l&#039;esfoliazione, seguita dalla tonificazione.<\/span><\/p>\n\n\n\n<p><span style=\"font-weight: 400;\">Il cuore della routine K-beauty \u00e8 lo Step 5: l&#039;essenza. Essence \u00e8 un tipo di ibrido toner\/siero creato per favorire il ricambio cellulare, la riparazione della pelle e per idratare. Dopo l&#039;essenza arrivano i trattamenti, seguiti dalle maschere in tessuto. Poi arriva la crema per gli occhi, seguita dalla crema idratante. Il passo finale \u00e8 la protezione solare.<\/span><\/p>\n\n\n\n<p><span style=\"font-weight: 400;\">L\u2019industria cosmetica tradizionale sta abbracciando K-Beauty. Gli esperti lo vedono come qualcosa di pi\u00f9 di una moda passeggera. Le vendite di cosmetici in Corea sono aumentate di oltre il 50% rispetto ai dati del 2014. Le societ\u00e0 statunitensi come Bain Capital Equity e Goldman Sachs stanno ottenendo una fetta della torta. Entrambe le societ\u00e0 hanno annunciato che acquisiranno una quota di maggioranza in un&#039;importante azienda cosmetica coreana. Inoltre, Amway ha costruito il suo Beauty Innovation Center a Seoul.<\/span><\/p>\n\n\n\n<h2 class=\"wp-block-heading\"><span style=\"font-weight: 400;\">Recensioni di K-Beauty<\/span><\/h2>\n\n\n\n<p><span style=\"font-weight: 400;\">Blogger e appassionati di cura della pelle stanno dando recensioni entusiastiche a K-Beauty. Diversi blogger hanno provato la routine in 10 passaggi e hanno pubblicato foto prima e dopo. Alcuni di questi blogger sono influencer. I loro post generano nuovi appassionati. I blogger sono entusiasti anche dei prodotti coreani. \u00c8 facile trovare elenchi dei 10 migliori prodotti K-Beauty online.<\/span><\/p>\n\n\n\n<h2 class=\"wp-block-heading\"><span style=\"font-weight: 400;\">Il futuro della cura della pelle<\/span><\/h2>\n\n\n\n<p><span style=\"font-weight: 400;\">Skincare remains the largest and most profitable <a href=\"https:\/\/www.sisinternational.com\/it\/industry-forecast\/industrial-sector-forecast\/\" title=\"Industrial Sector Forecast\"  data-wpil-monitor-id=\"8460\">sector of the beauty industry<\/a>. South Korea maintains a lofty presence in the field of skin care development. It\u2019s definite that Korea is the future. Western brands are adapting <a href=\"https:\/\/www.sisinternational.com\/it\/competenza\/curriculum-di-esperienza\/ricerche-di-mercato-sui-prodotti-per-la-cura-personale\/\" title=\"Ricerche di mercato sui prodotti per la cura personale\"  data-wpil-monitor-id=\"8463\">products for the Korean market<\/a>. Korea also has the infrastructure to manufacture beauty products. The developers of these <a href=\"https:\/\/www.sisinternational.com\/it\/soluzioni\/consulenza-strategica\/ricerca-di-mercato-minima-del-prodotto-praticabile\/\" title=\"Ricerca di mercato sui prodotti minimi validi\"  data-wpil-monitor-id=\"8465\">products have influencer and Internet marketing<\/a> in mind. It\u2019s thus no wonder that K-Beauty is having such an impact on the international market.<\/span><\/p>\n\n\n\n<p><\/p>","protected":false},"excerpt":{"rendered":"<p>I prodotti coreani per la cura della pelle e di bellezza si sono trasformati da una nuova tendenza in un fenomeno. Le donne di tutto il mondo stanno cercando di ottenere lo splendore luminoso associato alla \u201cK-beauty\u201d. <\/p>","protected":false},"author":1,"featured_media":64727,"parent":14508,"menu_order":8,"comment_status":"closed","ping_status":"closed","template":"","meta":{"footnotes":""},"class_list":["post-27296","page","type-page","status-publish","has-post-thumbnail"],"_links":{"self":[{"href":"https:\/\/www.sisinternational.com\/it\/wp-json\/wp\/v2\/pages\/27296","targetHints":{"allow":["GET"]}}],"collection":[{"href":"https:\/\/www.sisinternational.com\/it\/wp-json\/wp\/v2\/pages"}],"about":[{"href":"https:\/\/www.sisinternational.com\/it\/wp-json\/wp\/v2\/types\/page"}],"author":[{"embeddable":true,"href":"https:\/\/www.sisinternational.com\/it\/wp-json\/wp\/v2\/users\/1"}],"replies":[{"embeddable":true,"href":"https:\/\/www.sisinternational.com\/it\/wp-json\/wp\/v2\/comments?post=27296"}],"version-history":[{"count":5,"href":"https:\/\/www.sisinternational.com\/it\/wp-json\/wp\/v2\/pages\/27296\/revisions"}],"predecessor-version":[{"id":81420,"href":"https:\/\/www.sisinternational.com\/it\/wp-json\/wp\/v2\/pages\/27296\/revisions\/81420"}],"up":[{"embeddable":true,"href":"https:\/\/www.sisinternational.com\/it\/wp-json\/wp\/v2\/pages\/14508"}],"wp:featuredmedia":[{"embeddable":true,"href":"https:\/\/www.sisinternational.com\/it\/wp-json\/wp\/v2\/media\/64727"}],"wp:attachment":[{"href":"https:\/\/www.sisinternational.com\/it\/wp-json\/wp\/v2\/media?parent=27296"}],"curies":[{"name":"wp","href":"https:\/\/api.w.org\/{rel}","templated":true}]}}