{"id":27258,"date":"2018-07-11T06:33:40","date_gmt":"2018-07-11T06:33:40","guid":{"rendered":"https:\/\/www.sisinternational.com\/?page_id=27258"},"modified":"2026-03-06T19:50:29","modified_gmt":"2026-03-07T00:50:29","slug":"ricerca-di-mercato-giapponese-della-bellezza-j-beauty","status":"publish","type":"page","link":"https:\/\/www.sisinternational.com\/it\/copertura\/ricerche-di-mercato-asiatiche\/ricerca-di-mercato-giapponese-della-bellezza-j-beauty\/","title":{"rendered":"Ricerche sul mercato della bellezza giapponese | J Bellezza"},"content":{"rendered":"<h1 class=\"wp-block-heading\">Ricerche sul mercato della bellezza giapponese | J Bellezza<\/h1>\n\n\n\n<figure class=\"gb-block-image gb-block-image-3ea2d3e4\"><img loading=\"lazy\" decoding=\"async\" width=\"1456\" height=\"816\" class=\"gb-image gb-image-3ea2d3e4\" src=\"https:\/\/www.sisinternational.com\/wp-content\/uploads\/2025\/09\/Japan-4.jpg\" alt=\"Ricerca e strategia di mercato internazionale SIS\" title=\"Japan (4)\" srcset=\"https:\/\/www.sisinternational.com\/wp-content\/uploads\/2025\/09\/Japan-4.jpg 1456w, https:\/\/www.sisinternational.com\/wp-content\/uploads\/2025\/09\/Japan-4-300x168.jpg 300w, https:\/\/www.sisinternational.com\/wp-content\/uploads\/2025\/09\/Japan-4-1024x574.jpg 1024w, https:\/\/www.sisinternational.com\/wp-content\/uploads\/2025\/09\/Japan-4-768x430.jpg 768w, https:\/\/www.sisinternational.com\/wp-content\/uploads\/2025\/09\/Japan-4-18x10.jpg 18w\" sizes=\"auto, (max-width: 1456px) 100vw, 1456px\"><\/figure>\n\n\n\n<p><\/p>\n\n\n\n<h2 class=\"wp-block-heading\">Pensa alla scienza combinata con la natura<\/h2>\n\n\n\n<p>Scienza e natura sono all&#039;origine degli ingredienti chiave che sono stati utilizzati nei rituali giapponesi per secoli, potenziati da tecnologie innovative e ricerca e sviluppo stellari. La bellezza e il benessere sono da tempo parti importanti della cultura giapponese. I prodotti giapponesi di bellezza e cura della pelle portano questi ingredienti a tutte le etnie e gruppi di et\u00e0.&nbsp;<span style=\"font-weight: 400;\">Ecco uno sguardo ad alcuni popolari prodotti J-beauty:<\/span><\/p>\n\n\n\n<h2 class=\"wp-block-heading\"><span style=\"font-weight: 400;\">Prodotti di bellezza giapponesi<\/span><\/h2>\n\n\n\n<p><b>Shiseido<\/b><\/p>\n\n\n\n<p><span style=\"font-weight: 400;\">Shiseido \u00e8 una multinazionale giapponese. Producono prodotti per la cura della pelle e dei capelli, profumi e cosmetici. Fondata nel 1872, Shiseido \u00e8 una delle aziende cosmetiche pi\u00f9 antiche al mondo. \u00c8 la pi\u00f9 grande azienda cosmetica del Giappone e la quinta al mondo. I loro prodotti sono disponibili solo presso i grandi magazzini selezionati.<\/span><\/p>\n\n\n\n<p><b>SK-II<\/b><\/p>\n\n\n\n<p><span style=\"font-weight: 400;\">SK-II \u00e8 un marchio J-beauty lanciato nel 1980. Gli scienziati giapponesi hanno sviluppato il marchio negli anni &#039;70. Stavano esplorando l&#039;uso di ingredienti pi\u00f9 naturali. P&amp;G ha acquisito il marchio nel 1991, insieme all&#039;acquisto di Max Factor. Subito dopo SK-II espanse le vendite dal Giappone alla Corea, Taiwan e Hong Kong. Il marchio \u00e8 arrivato sugli scaffali nel Regno Unito nel 2000 e si \u00e8 fatto strada negli Stati Uniti.<\/span><\/p>\n\n\n\n<h2 class=\"wp-block-heading\">Opportunit\u00e0 di J-Beauty<\/h2>\n\n\n\n<p><span style=\"font-weight: 400;\">\u201cJ-beauty,\u201d the sleeping giant of the cosmetic industry, has woken up. Its key competitor is \u201cK-beauty\u201d or Korean beauty. The latter has the advantages of efficiency and manufacturing speed. However, K-beauty can\u2019t contend with Japan\u2019s far more elaborate and delicate beauty routines. It also cannot compete with their long-term <a href=\"https:\/\/www.sisinternational.com\/it\/soluzioni\/ricerca-di-consulenza-strategica-fintech\/ricerche-di-mercato-sulle-tecnologie-di-investimento\/\" title=\"Ricerche di mercato sulle tecnologie di investimento\"  data-wpil-monitor-id=\"10755\">investment in technology<\/a>. Japan&#8217;s obsession with beauty also makes it difficult for K-beauty to compete.<\/span><\/p>\n\n\n\n<p><span style=\"font-weight: 400;\">L&#039;industria della bellezza giapponese risale al VI secolo. Elementi come il labbro rosso originale sono giapponesi. Un altro fattore giapponese sono i pennelli per il trucco in stile calligrafico. Anche l&#039;uso della polvere di riso come opacizzante e fissante per il trucco \u00e8 di origine giapponese. Gran parte di ci\u00f2 che \u00e8 eccitante nella K-beauty viene dal Giappone. La bellezza giapponese riesce a sposare il vecchio e il nuovo con facilit\u00e0.<\/span><\/p>\n\n\n\n<p><span style=\"font-weight: 400;\">Japan has had a foothold in the US market for decades. The hunger for their products remains. Brands like Shiseido have invested in innovation, and Japan\u2019s R&amp;D is estimated to be two years ahead of that of the US. &nbsp;One of the innovations under development is <a href=\"https:\/\/www.sisinternational.com\/it\/soluzioni\/ai-ricerche-di-mercato-e-consulenza-strategica\/consulenza-sullintelligenza-artificiale-per-lautomazione-del-settore-tecnologico\/\" title=\"Consulenza sull&#039;automazione del settore tecnologico e sull&#039;intelligenza artificiale\"  data-wpil-monitor-id=\"10758\">artificial skin technology<\/a>. This second skin, made from a durable elastic polymer, sits under makeup or UV. Users dab it on like a lotion, and it makes wrinkles disappear.<\/span><\/p>\n\n\n\n<p><span style=\"font-weight: 400;\">Quindi cosa distingue i marchi J dai loro concorrenti occidentali? La scienza e la tecnologia giapponese consentono l\u2019efficacia dei loro prodotti. Anche le loro texture sono di qualit\u00e0 superiore. Ci\u00f2 \u00e8 particolarmente vero per creme, prodotti SPF e fondotinta. I prodotti giapponesi possono essere utilizzati anche insieme a quelli occidentali. Le tossicodipendenti della bellezza in Occidente possono, quindi, aggiungere uno o due prodotti dal Giappone ai loro regimi di cura della pelle esistenti se non sono pronte per dedicarsi completamente alla J-beauty.<\/span><\/p>\n\n\n\n<h2 class=\"wp-block-heading\">Chi siamo<\/h2>\n\n\n\n<p>SIS has in-depth experience in conducting <a href=\"https:\/\/www.sisinternational.com\/it\/beauty-market-research-in-the-us\/\" title=\"Beauty Market Research in the US\"  data-wpil-monitor-id=\"880\">market research and strategy consulting for J<\/a> Beauty brands entering the US American, European and Asian markets.&nbsp; The following are our highlights:<\/p>\n\n\n\n<ul class=\"wp-block-list\">\n<li><a href=\"https:\/\/www.sisinternational.com\/it\/soluzioni\/focus-group\/gruppi-di-discussione-di-new-york-per-testare-prodotti-per-anziani\/\" title=\"Sfruttare i focus group di New York per testare prodotti per anziani \u00a0\"  data-wpil-monitor-id=\"10750\">Focus Group and Product Testing<\/a> center in New York City<\/li>\n\n\n\n<li>Coast-to-Coast Qualitative and Quantitative <a href=\"https:\/\/www.sisinternational.com\/it\/copertura\/le-americhe\/copertura-degli-stati-uniti\/\" title=\"Ricerche di mercato negli Stati Uniti\"  data-wpil-monitor-id=\"10752\">Research capabilities in the United States<\/a><\/li>\n\n\n\n<li>Full-Service Research capabilities in the United Kingdom and <a href=\"https:\/\/www.sisinternational.com\/it\/tendenze-nel-mercato-del-benessere-e-della-salute-in-europa\/\" title=\"Ricerche di mercato nel settore sanitario e benessere in Europa\"  data-wpil-monitor-id=\"10748\">Europa<\/a><\/li>\n\n\n\n<li>Esperti di bellezza nel personale<\/li>\n\n\n\n<li>Personale bilingue inglese-giapponese<\/li>\n\n\n\n<li>Over 40+ years experience in Global <a class=\"wpil_keyword_link\" href=\"https:\/\/www.sisinternational.com\/it\/beauty-market-research-2\/\"   title=\"Beauty Market Research\" data-wpil-keyword-link=\"linked\"  data-wpil-monitor-id=\"471\">Beauty Market Research<\/a><\/li>\n<\/ul>","protected":false},"excerpt":{"rendered":"<p>La bellezza giapponese conosciuta come J Beauty \u00e8 un settore in crescita del mercato globale della bellezza. Scopri di pi\u00f9 sulle tendenze emergenti e sulle opportunit\u00e0 offerte da J Beauty Market Research.<\/p>","protected":false},"author":1,"featured_media":65779,"parent":14508,"menu_order":7,"comment_status":"closed","ping_status":"closed","template":"","meta":{"footnotes":""},"class_list":["post-27258","page","type-page","status-publish","has-post-thumbnail"],"_links":{"self":[{"href":"https:\/\/www.sisinternational.com\/it\/wp-json\/wp\/v2\/pages\/27258","targetHints":{"allow":["GET"]}}],"collection":[{"href":"https:\/\/www.sisinternational.com\/it\/wp-json\/wp\/v2\/pages"}],"about":[{"href":"https:\/\/www.sisinternational.com\/it\/wp-json\/wp\/v2\/types\/page"}],"author":[{"embeddable":true,"href":"https:\/\/www.sisinternational.com\/it\/wp-json\/wp\/v2\/users\/1"}],"replies":[{"embeddable":true,"href":"https:\/\/www.sisinternational.com\/it\/wp-json\/wp\/v2\/comments?post=27258"}],"version-history":[{"count":7,"href":"https:\/\/www.sisinternational.com\/it\/wp-json\/wp\/v2\/pages\/27258\/revisions"}],"predecessor-version":[{"id":81761,"href":"https:\/\/www.sisinternational.com\/it\/wp-json\/wp\/v2\/pages\/27258\/revisions\/81761"}],"up":[{"embeddable":true,"href":"https:\/\/www.sisinternational.com\/it\/wp-json\/wp\/v2\/pages\/14508"}],"wp:featuredmedia":[{"embeddable":true,"href":"https:\/\/www.sisinternational.com\/it\/wp-json\/wp\/v2\/media\/65779"}],"wp:attachment":[{"href":"https:\/\/www.sisinternational.com\/it\/wp-json\/wp\/v2\/media?parent=27258"}],"curies":[{"name":"wp","href":"https:\/\/api.w.org\/{rel}","templated":true}]}}