{"id":26759,"date":"2018-05-28T21:19:28","date_gmt":"2018-05-28T21:19:28","guid":{"rendered":"https:\/\/www.sisinternational.com\/?page_id=26759"},"modified":"2026-01-26T17:31:48","modified_gmt":"2026-01-26T22:31:48","slug":"ricerche-di-mercato-sui-beni-di-consumo","status":"publish","type":"page","link":"https:\/\/www.sisinternational.com\/it\/competenza\/ricerche-di-mercato-sui-beni-di-consumo\/","title":{"rendered":"Ricerche di mercato sui beni di consumo"},"content":{"rendered":"<h1 class=\"wp-block-heading\"><span style=\"font-weight: 400;\"><strong>Ricerche di mercato sui beni di consumo<\/strong><\/span><\/h1>\n\n\n\n<figure class=\"gb-block-image gb-block-image-e30db63f\"><img loading=\"lazy\" decoding=\"async\" width=\"1456\" height=\"816\" class=\"gb-image gb-image-e30db63f\" src=\"https:\/\/www.sisinternational.com\/wp-content\/uploads\/2025\/08\/Mystery-shopping-2.jpg\" alt=\"Ricerca e strategia di mercato internazionale SIS\" title=\"Mystery shopping (2)\" srcset=\"https:\/\/www.sisinternational.com\/wp-content\/uploads\/2025\/08\/Mystery-shopping-2.jpg 1456w, https:\/\/www.sisinternational.com\/wp-content\/uploads\/2025\/08\/Mystery-shopping-2-300x168.jpg 300w, https:\/\/www.sisinternational.com\/wp-content\/uploads\/2025\/08\/Mystery-shopping-2-1024x574.jpg 1024w, https:\/\/www.sisinternational.com\/wp-content\/uploads\/2025\/08\/Mystery-shopping-2-768x430.jpg 768w, https:\/\/www.sisinternational.com\/wp-content\/uploads\/2025\/08\/Mystery-shopping-2-18x10.jpg 18w\" sizes=\"auto, (max-width: 1456px) 100vw, 1456px\"><\/figure>\n\n\n\n<p><\/p>\n\n\n\n<h2 class=\"wp-block-heading\"><span style=\"font-weight: 400;\">L\u2019evoluzione del settore dei beni di consumo \u00e8 stata entusiasmante, soprattutto con l\u2019avvento della tecnologia digitale.&nbsp; <\/span><\/h2>\n\n\n\n<p><span style=\"font-weight: 400;\">Businesses are launching innovative products that change how consumers live and interact in their daily lives.&nbsp; Managers are increasingly trying to meet an assortment of human desires and needs.&nbsp; With the rise of Digital Disruption, the global market is likely to produce many winners and losers over the coming decade.<\/span><\/p>\n\n\n\n<h2 class=\"wp-block-heading\">Che cosa sono i beni di largo consumo (FMCG)?<\/h2>\n\n\n\n<p><span style=\"font-weight: 400;\">Fast Moving Consumer Goods (FMCG) are products that are sold, replaced, or entirely used within a year.&nbsp; Another term for these products is Consumer Packaged Goods (CPG). Some examples are razors, toiletries, and breakfast cereal.&nbsp; This sector is facing pressure to find more business efficiencies while delivering against complex consumer demands.<\/span><\/p>\n\n\n\n<p><span style=\"font-weight: 400;\">Price competition in the FMCG sector is often intense, as the products tend to be near identical.&nbsp; Products in the FMCG sector also do well in economic downturns. Consumers usually cut back on luxury items when the economy declines.&nbsp; FMCG retailers operate with low margins. They need large markets, scale and distribution to be successful.<\/span><\/p>\n\n\n\n<p><span style=\"font-weight: 400;\">Some companies look to building advantages in the market through a \u201ccontinuous improvement approach.\u201d&nbsp; Building advantages over time can help companies to defend market share and customer loyalty.&nbsp; Competition posed by smaller, nimbler businesses is a significant challenge.<\/span><\/p>\n\n\n\n<h2 class=\"wp-block-heading\">Opportunit\u00e0 di cibo e bevande<\/h2>\n\n\n\n<p><span style=\"font-weight: 400;\">New trends are shaping the FMCG industry. For example, signs are emerging that not everyone considers sugar to be a health villain. Food and beverage manufacturers are rolling out super-indulgent desserts, drinks, and frozen novelties.&nbsp; Another trend is snacks once considered junk food are getting a healthy makeover.&nbsp; Manufacturers are using ingredients such as coconut and avocado oil, and plant-based protein.<\/span><\/p>\n\n\n\n<h2 class=\"wp-block-heading\">Opportunit\u00e0 di commercio elettronico<\/h2>\n\n\n\n<p><span style=\"font-weight: 400;\">Another new trend in the FMCG industry is the growth of online sales.\u00a0 E-commerce is must-have for FMCG marketers.\u00a0 Brands will need better ways to stand out online with the rise of e-commerce.\u00a0 This shift is occurring because there are more online shoppers with less time to shop, better prices available online, or better customer experience.\u00a0 The rise of Omnichannel strategies raises the importance of optimizing all channels to build brands and maximize profit.<\/span><\/p>\n\n\n\n<p><span style=\"font-weight: 400;\">Le aziende di beni di largo consumo hanno l\u2019opportunit\u00e0 di rafforzare i propri marchi o reinventarsi. Devono inoltre continuare a rivedere il modo in cui raggiungono i consumatori nell\u2019era digitale. Possono abbracciare una prospettiva incentrata sul consumatore e le ricerche di mercato aiutano le aziende a farlo. Attraverso la ricerca, le aziende possono anche creare connessioni che rafforzano i marchi attraverso ogni canale disponibile.&nbsp;&nbsp;<\/span><\/p>\n\n\n\n<h2 class=\"wp-block-heading\"><span style=\"font-weight: 400;\"><strong>Informazioni sulle ricerche di mercato dei beni di consumo<\/strong><\/span><\/h2>\n\n\n\n<p>La ricerca sui beni di consumo rivela approfondimenti su quanto segue:<\/p>\n\n\n\n<ul class=\"wp-block-list\">\n<li><b>Esperienza del cliente:<\/b><span style=\"font-weight: 400;\"> Le aziende stanno modificando sempre pi\u00f9 l\u2019esperienza, i punti di contatto e le interazioni che i loro marchi offrono ai clienti.&nbsp;<\/span><\/li>\n\n\n\n<li><b> Innovazione del prodotto:<\/b><span style=\"font-weight: 400;\"> Le aziende sono sotto una pressione crescente per sviluppare nuovi prodotti e soluzioni per favorire la crescita.<\/span><\/li>\n\n\n\n<li><b>Ricerca comportamentale:<\/b><span style=\"font-weight: 400;\"> Le aziende si trovano ad affrontare un percorso digitale del cliente in continua evoluzione, pi\u00f9 complesso di prima.<\/span><\/li>\n\n\n\n<li><b>Ricerca sugli imballaggi:<\/b><span style=\"font-weight: 400;\">&nbsp;Comprendi gli ultimi 10 secondi di acquisto e come aumentare le conversioni di vendita.<\/span><\/li>\n\n\n\n<li><b>Ricerca omnicanale:<\/b><span style=\"font-weight: 400;\">&nbsp;Understanding the relationships between digital channels and customer behavior can provide numerous opportunities and challenges for brands.<\/span><\/li>\n<\/ul>\n\n\n\n<p><span style=\"font-weight: 400;\">Media attention, shelf impact, and market share are the focus of brand manufacturers. Marketers have less and less control over their brands these days.&nbsp; These developments have direct consequences for marketers and FMCG.&nbsp; For this reason, it is vital to know what influences people to buy and to take action.&nbsp;&nbsp;<\/span><\/p>\n\n\n\n<p><span style=\"font-weight: 400;\">Businesses need to innovate, adapt, and differentiate themselves.&nbsp; New substitutes and competitors in an expanding global economy present numerous threats.&nbsp; &nbsp;Developing bold, new strategies can help companies achieve competitive advantage.<\/span><\/p>\n\n\n\n<h2 class=\"wp-block-heading p1\">How to Conduct Fast-Moving Consumer Goods (FMCG) Market Research<\/h2>\n\n\n\n<p class=\"p3\">Fast Moving Consumer Goods (FMCG) Market Research helps decision makers to gather data and <a href=\"https:\/\/www.sisinternational.com\/it\/piu-collegi-elettorali-influenzatori-indiretti-negli-acquisti-dei-consumatori\/\" title=\"Influencer multipli negli acquisti dei consumatori\"  data-wpil-monitor-id=\"2291\">strategies in the consumer<\/a> goods industry. The market <a href=\"https:\/\/www.sisinternational.com\/it\/soluzioni\/soluzioni-di-branding-e-ricerca-clienti\/ricerche-di-mercato-sugli-imballaggi\/\" title=\"Ricerche di mercato sugli imballaggi\"  data-wpil-monitor-id=\"6571\">ricerca<\/a> provides insights into the different products in the consumer packaged goods industry and their distribution, market trends, and impact on other related businesses.<\/p>\n\n\n\n<p class=\"p3\">Questa ricerca di mercato raccoglie dati e strategie nel settore dei beni di consumo in rapido movimento (FMCG) e illustra il modo in cui aziende specifiche offrono questi prodotti rispetto ai loro concorrenti in termini di vendite, prezzi e qualit\u00e0 degli articoli. I dati e le strategie possono aiutare a guidare le aziende e gli attori chiave nel loro processo decisionale e fornire informazioni aggiornate sul loro panorama aziendale. In un contesto in continua espansione e altamente competitivo, molte delle pi\u00f9 grandi aziende del settore dei beni di largo consumo stanno investendo massicciamente nelle ricerche di mercato per acquisire un vantaggio competitivo rispetto ai rivali.<\/p>\n\n\n\n<h2 class=\"wp-block-heading p1\">Understanding the Fast-Moving Consumer Goods (FMCG) Industry<\/h2>\n\n\n\n<p class=\"p3\">I beni di largo consumo (FMCG) sono articoli e prodotti che si vendono rapidamente ed a basso costo. Questi articoli sono noti anche come prodotti di consumo confezionati.<\/p>\n\n\n\n<p class=\"p3\">A causa della forte domanda dei consumatori o della deperibilit\u00e0, i beni di largo consumo (FMCG) hanno una durata di conservazione breve. Questi articoli vengono acquistati frequentemente, consumati rapidamente, hanno un prezzo conveniente e venduti in grandi quantit\u00e0. Inoltre, hanno un alto tasso di turnover sugli scaffali dei negozi.<\/p>\n\n\n\n<p class=\"p3\">I beni di largo consumo (FMCG) rappresentano il mix pi\u00f9 ampio di diverse categorie e tipologie di prodotti. Questi includono quanto segue:<\/p>\n\n\n\n<h2 class=\"wp-block-heading p3\">Fast-moving Consumer Goods by Type:<\/h2>\n\n\n\n<p class=\"p3\"><strong>Cibo e bevande<\/strong><\/p>\n\n\n\n<ul class=\"wp-block-list ul1\">\n<li>Alimenti trasformati o confezionati<\/li>\n\n\n\n<li>Piatti pronti<\/li>\n\n\n\n<li>Prelibatezze al forno<\/li>\n\n\n\n<li>Cibo fresco<\/li>\n\n\n\n<li>Alimenti surgelati<\/li>\n\n\n\n<li>Prodotti secchi e in scatola<\/li>\n\n\n\n<li>Bevande in bottiglia, in scatola o in lattina<\/li>\n<\/ul>\n\n\n\n<p class=\"p3\"><strong>Prodotti per l&#039;assistenza sanitaria<\/strong><\/p>\n\n\n\n<ul class=\"wp-block-list ul1\">\n<li>Medicinali da banco<\/li>\n\n\n\n<li>Vitamine<\/li>\n\n\n\n<li>Supplementi dietetici<\/li>\n<\/ul>\n\n\n\n<p class=\"p3\"><strong>Cura della casa e della persona<\/strong><\/p>\n\n\n\n<ul class=\"wp-block-list ul1\">\n<li>Igiene orale<\/li>\n\n\n\n<li>Prodotti per la cura dei capelli<\/li>\n\n\n\n<li>Cura femminile<\/li>\n\n\n\n<li>Prodotti per la pulizia<\/li>\n\n\n\n<li>Cosmetici e articoli da toeletta<\/li>\n<\/ul>\n\n\n\n<h2 class=\"wp-block-heading p1\">Come vengono condotte le ricerche di mercato sui beni di largo consumo (FMCG)?<\/h2>\n\n\n\n<p class=\"p3\">Fast Moving Consumer Goods (FMCG) Market Research is the process by wherein one can gauge the potential success of a new service, marketing campaign, or product. Research like this helps businesses learn about and evaluate consumer sentiment toward specific products or services they want to focus. While it is possible to do this research in-house, only some companies have the personnel, infrastructure, and sample size necessary to draw meaningful conclusions.<\/p>\n\n\n\n<p class=\"p3\">Companies also have the option to have independent firms do the Fast Moving Consumer Goods (FMCG) Market Research. It is essential to consider that there should be proper access to the necessary data and resources when doing market research. As Market Research provides insights into various aspects of the industry, there are several methods that can be used to gather data and strategies in the Fast Moving <a href=\"https:\/\/www.sisinternational.com\/it\/le-basi-neurobiologiche-delle-scelte-del-consumatore\/\" title=\"Ricerche di mercato sul neuromarketing dei consumatori\"  data-wpil-monitor-id=\"2674\">Ricerche di mercato sui beni di consumo<\/a> industry.<\/p>\n\n\n\n<p class=\"p3\"><b>Alcuni dei metodi utilizzati includono ma non sono limitati a quanto segue:<\/b><\/p>\n\n\n\n<ul class=\"wp-block-list ul1\">\n<li>sondaggi<\/li>\n\n\n\n<li>test del prodotto<\/li>\n\n\n\n<li>focus group<\/li>\n\n\n\n<li>ricerca personalizzata<\/li>\n\n\n\n<li>ricerca sul posizionamento del marchio<\/li>\n\n\n\n<li>valutazione del mercato<\/li>\n\n\n\n<li>intelligenza competitiva<\/li>\n\n\n\n<li>ricerca pubblicitaria<\/li>\n\n\n\n<li>approfondimenti sul settore o sul coinvolgimento degli stakeholder<\/li>\n<\/ul>\n\n\n\n<h2 class=\"wp-block-heading p1\">Perch\u00e9 la ricerca di mercato sui beni di largo consumo (FMCG) \u00e8 essenziale<\/h2>\n\n\n\n<p class=\"p3\">Fare ricerche di mercato \u00e8 essenziale per prendere decisioni aziendali informate e costruire un marchio forte. Eppure, ci sono molti che non pensano che faccia la differenza. Di seguito \u00e8 riportata l\u2019importanza della ricerca di mercato dei beni di consumo in rapido movimento (FMCG):<\/p>\n\n\n\n<p class=\"p3\"><b>Ricerche di mercato competitive<\/b><\/p>\n\n\n\n<p class=\"p3\">Contrariamente alla credenza popolare, hai sicuramente bisogno di qualcosa che ti distingua dalla concorrenza. \u00c8 una cattiva strategia aziendale non dichiarare esplicitamente ci\u00f2 che distingue un marchio specifico dalla concorrenza. Se il messaggio \u00e8 debole, il marchio aziendale andr\u00e0 perso nella confusione, dando alla concorrenza un vantaggio migliore. Quando si tratta di successo aziendale e visibilit\u00e0 del marchio, la differenziazione \u00e8 la chiave.<\/p>\n\n\n\n<p class=\"p3\"><b>Creare un mercato pi\u00f9 mirato e mirato<\/b><\/p>\n\n\n\n<p class=\"p3\">Per massimizzare le possibilit\u00e0 di successo, \u00e8 necessario sapere a chi rivolgersi. Tentare di raggiungere tutti \u201cper ogni evenienza\u201d \u00e8 uno spreco di risorse. Concentrati sull&#039;insieme principale di consumatori che trarranno maggiori benefici da un determinato prodotto o servizio. La ricerca sulla segmentazione della clientela pu\u00f2 far luce sul cliente ideale e sui mezzi pi\u00f9 efficaci per raggiungerlo.<\/p>\n\n\n\n<p class=\"p3\"><b>Messaggistica e posizionamento pubblicitario adeguati<\/b><\/p>\n\n\n\n<p class=\"p3\">Ci\u00f2 che conta davvero \u00e8 ci\u00f2 che i tuoi clienti credono e dicono riguardo a un&#039;azienda o a un marchio, nonch\u00e9 le loro sensazioni al riguardo. Pubblicit\u00e0 e targeting di successo possono essere scoperti e compresi attraverso un&#039;approfondita ricerca di mercato sui beni di consumo in rapido movimento (FMCG). Non tutti i clienti utilizzeranno gli stessi prodotti alimentari o sanitari semplicemente perch\u00e9 condividono la stessa et\u00e0, sesso, etnia, reddito o posizione.<\/p>\n\n\n\n<p class=\"p3\"><b>Le ricerche di mercato forniscono informazioni su chi sono i potenziali clienti<\/b><\/p>\n\n\n\n<p class=\"p3\">Non \u00e8 possibile prevedere totalmente la mentalit\u00e0 e le azioni dei consumatori. Spendere tempo e denaro nella ricerca \u00e8 una decisione saggia che qualsiasi attore chiave del settore pu\u00f2 prendere. Oltre a monitorare il successo delle campagne di marketing, la ricerca specializzata pu\u00f2 fornire dati e strategie nel settore dei beni di largo consumo (FMCG) su un prodotto specifico o sul panorama del marketing aziendale.<\/p>\n\n\n\n<p class=\"p3\"><b>Miglioramento del posizionamento del marchio<\/b><\/p>\n\n\n\n<p class=\"p3\">I dati e le strategie nel settore dei beni di largo consumo (FMCG) aiutano a garantire che i messaggi del tuo marchio siano fondati su pilastri solidi, pertinenti e distinguibili. La ricerca e la pianificazione possono aiutarti a trovare il giusto equilibrio tra benefici razionali ed emotivi, il linguaggio e il tono giusti per il consumatore, intuizioni rivoluzionarie e punti caldi del consumatore, che possono essere incorporati in una strategia di messaggio di marca rivista e portare a risultati commerciali migliori.<\/p>\n\n\n\n<h2 class=\"wp-block-heading p1\">Informazioni sulla ricerca di mercato sui beni di largo consumo (FMCG).<\/h2>\n\n\n\n<p class=\"p3\">Per aumentare la quota di mercato, le principali aziende del settore dei beni di largo consumo si stanno concentrando sempre pi\u00f9 sull&#039;adattamento delle proprie offerte alle esigenze dei singoli consumatori. I principali attori del mercato globale dei beni di largo consumo sono stati in grado di aumentare la propria quota di mercato attraverso l\u2019introduzione di nuovi prodotti e attraverso l\u2019acquisto di aziende pi\u00f9 piccole.<\/p>\n\n\n\n<p class=\"p3\">Fast-moving consumer Goods (FMCG) market research provides insights into market trends and highlights significance to the said industry. Doing market research is an efficient approach to acquiring original market data relevant to the industry. Staying ahead of the competition and spotting emerging trends are both possible with the help of consumer goods market research.<\/p>\n\n\n\n<p class=\"p3\">Le aziende e i principali attori chiave possono utilizzare i risultati della ricerca di mercato sui beni di consumo in rapido movimento (FMCG) per migliorare i propri prodotti e servizi e aumentare i ricavi in un mercato sempre pi\u00f9 competitivo.<\/p>\n\n\n\n<p><\/p>","protected":false},"excerpt":{"rendered":"<p>Le ricerche di mercato dei beni di consumo aiutano a costruire marchi e ad aumentare i profitti. Saperne di pi\u00f9.<\/p>","protected":false},"author":1,"featured_media":62455,"parent":14514,"menu_order":30,"comment_status":"closed","ping_status":"closed","template":"","meta":{"footnotes":""},"class_list":["post-26759","page","type-page","status-publish","has-post-thumbnail"],"_links":{"self":[{"href":"https:\/\/www.sisinternational.com\/it\/wp-json\/wp\/v2\/pages\/26759","targetHints":{"allow":["GET"]}}],"collection":[{"href":"https:\/\/www.sisinternational.com\/it\/wp-json\/wp\/v2\/pages"}],"about":[{"href":"https:\/\/www.sisinternational.com\/it\/wp-json\/wp\/v2\/types\/page"}],"author":[{"embeddable":true,"href":"https:\/\/www.sisinternational.com\/it\/wp-json\/wp\/v2\/users\/1"}],"replies":[{"embeddable":true,"href":"https:\/\/www.sisinternational.com\/it\/wp-json\/wp\/v2\/comments?post=26759"}],"version-history":[{"count":7,"href":"https:\/\/www.sisinternational.com\/it\/wp-json\/wp\/v2\/pages\/26759\/revisions"}],"predecessor-version":[{"id":80154,"href":"https:\/\/www.sisinternational.com\/it\/wp-json\/wp\/v2\/pages\/26759\/revisions\/80154"}],"up":[{"embeddable":true,"href":"https:\/\/www.sisinternational.com\/it\/wp-json\/wp\/v2\/pages\/14514"}],"wp:featuredmedia":[{"embeddable":true,"href":"https:\/\/www.sisinternational.com\/it\/wp-json\/wp\/v2\/media\/62455"}],"wp:attachment":[{"href":"https:\/\/www.sisinternational.com\/it\/wp-json\/wp\/v2\/media?parent=26759"}],"curies":[{"name":"wp","href":"https:\/\/api.w.org\/{rel}","templated":true}]}}