{"id":26524,"date":"2018-04-29T10:20:06","date_gmt":"2018-04-29T10:20:06","guid":{"rendered":"https:\/\/www.sisinternational.com\/?page_id=26524"},"modified":"2026-01-26T16:57:07","modified_gmt":"2026-01-26T21:57:07","slug":"rebranding-delle-ricerche-di-mercato","status":"publish","type":"page","link":"https:\/\/www.sisinternational.com\/it\/soluzioni\/soluzioni-di-branding-e-ricerca-clienti\/rebranding-delle-ricerche-di-mercato\/","title":{"rendered":"Ricerche di mercato sul rebranding"},"content":{"rendered":"<h1 class=\"wp-block-heading p1\"><span class=\"s1\">Ricerche di mercato sul rebranding<\/span><\/h1>\n\n\n\n<p><\/p>\n\n\n\n<figure class=\"gb-block-image gb-block-image-73da433d\"><img loading=\"lazy\" decoding=\"async\" width=\"1456\" height=\"816\" class=\"gb-image gb-image-73da433d\" src=\"https:\/\/www.sisinternational.com\/wp-content\/uploads\/2025\/08\/Marketing-45-4.jpg\" alt=\"Ricerca e strategia di mercato internazionale SIS\" title=\"Marketing 45 (4)\" srcset=\"https:\/\/www.sisinternational.com\/wp-content\/uploads\/2025\/08\/Marketing-45-4.jpg 1456w, https:\/\/www.sisinternational.com\/wp-content\/uploads\/2025\/08\/Marketing-45-4-300x168.jpg 300w, https:\/\/www.sisinternational.com\/wp-content\/uploads\/2025\/08\/Marketing-45-4-1024x574.jpg 1024w, https:\/\/www.sisinternational.com\/wp-content\/uploads\/2025\/08\/Marketing-45-4-768x430.jpg 768w, https:\/\/www.sisinternational.com\/wp-content\/uploads\/2025\/08\/Marketing-45-4-18x10.jpg 18w\" sizes=\"auto, (max-width: 1456px) 100vw, 1456px\"><\/figure>\n\n\n\n<p class=\"p2\"><span class=\"s1\">One can expect car design, computer operating systems, and clothing styles to change. Shouldn&#8217;t it be the same with the look of a brand? When is it time to give a brand an update? The first sign is a subtle change in what a <a href=\"https:\/\/www.sisinternational.com\/it\/le-basi-neurobiologiche-delle-scelte-del-consumatore\/\" title=\"Ricerche di mercato sul neuromarketing dei consumatori\"  data-wpil-monitor-id=\"9624\">brand is \u201cabout.\u201d Market research<\/a> is a critical element in expressing the new brand. Well-executed <a href=\"https:\/\/www.sisinternational.com\/it\/soluzioni\/consulenza-strategica\/consulenza-strategica-per-ricerche-di-mercato-e-abilitazione-alle-vendite\/\" title=\"Ricerca di mercato e consulenza strategica per l&#039;abilitazione delle vendite\"  data-wpil-monitor-id=\"9625\">market research enables<\/a> companies to redesign their brand. The end product should define what they do, who they are, and why people can count on them.<\/span><\/p>\n\n\n\n<h2 class=\"wp-block-heading p3\"><span class=\"s1\">Ridefinire i marchi in un\u2019economia globale<\/span><\/h2>\n\n\n\n<p class=\"p5\"><span class=\"s1\">Strong brands outperform competitor brands. They also outstrip the financial markets index. Many businesses now reserve sizable portions of their <a href=\"https:\/\/www.sisinternational.com\/it\/competenza\/industrie\/ricerche-di-mercato-sui-media-digitali\/\" title=\"Ricerche di mercato sui media digitali\"  data-wpil-monitor-id=\"9627\">marketing budgets for digital media<\/a>. This digital budget is necessary to remain relevant in the marketplace. It also helps them to forge deeper connections with their customers.<\/span><\/p>\n\n\n\n<p class=\"p5\"><span class=\"s1\">Inoltre, si sta evolvendo una nuova generazione di marchi globali. I marchi pi\u00f9 vecchi dovrebbero prendere nota delle strategie che stanno utilizzando. Negli ultimi anni \u00e8 diventata una priorit\u00e0 costruire una cultura di marca solida e affidabile. I clienti dovrebbero essere in grado di riconoscere la cultura del marchio ovunque si trovi nel mondo. L\u2019ascesa dei canali digitali ha spostato l\u2019enfasi del marchio dalla struttura alla cultura.<\/span><\/p>\n\n\n\n<p class=\"p5\"><span class=\"s1\">The upswing of <a href=\"https:\/\/www.sisinternational.com\/it\/soluzioni\/ricerca-di-consulenza-strategica-fintech\/ricerca-digitale\/\" title=\"Ricerche di mercato digitale\"  data-wpil-monitor-id=\"9629\">digital has also transformed the way marketers<\/a> communicate. Marketers now connect with their agency partners and customers using digital technology. The primary <a href=\"https:\/\/www.sisinternational.com\/it\/il-mercato-duty-free\/\" title=\"Ricerche di mercato nel settore duty-free\"  data-wpil-monitor-id=\"6287\">duties and the central features of marketing<\/a> stay the same. The functions have had to increase in scope, though. The new tasks are to accommodate the shifting nature of the world in which brands operate.<\/span><\/p>\n\n\n\n<p class=\"p2\"><span class=\"s1\">An example of a brand redefining itself in the global economy is an American hotel group. The company recently overhauled its 16 brands. It also <a href=\"https:\/\/www.sisinternational.com\/it\/soluzioni\/ricerca-di-consulenza-strategica-fintech\/ricerche-di-mercato-sulle-tecnologie-di-investimento\/\" title=\"Ricerche di mercato sulle tecnologie di investimento\"  data-wpil-monitor-id=\"9631\">invested in new technology<\/a> and modernized its hotel properties. Furthermore, the group announced brand-new partnerships and benefits to serve economy minded tourists.<\/span><\/p>\n\n\n\n<h2 class=\"wp-block-heading p3\"><span class=\"s1\">I marchi pi\u00f9 vecchi devono tenere il passo con i marchi pi\u00f9 recenti<\/span><\/h2>\n\n\n\n<p class=\"p5\"><span class=\"s1\">Alcune aziende vendono oggi gli stessi prodotti che vendevano nel 1920. Come fanno? Le loro offerte sono preziose e diffuse come lo erano cento anni fa. Tuttavia, queste aziende sanno che le loro esigenze di marketing si adattano al loro pubblico in continua evoluzione. Ad esempio, LEGO inizi\u00f2 come piccola azienda nel 1939 producendo giocattoli in legno in Danimarca. The LEGO Company ha recentemente sviluppato un videogioco per PlayStation, Xbox e Nintendo.<\/span><\/p>\n\n\n\n<p class=\"p5\"><span class=\"s1\">Another example is Kraft Macaroni &amp; Cheese. Kraft wanted to tap into the <a href=\"https:\/\/www.sisinternational.com\/it\/competenza\/industrie\/ricerche-di-mercato-sugli-alimenti-surgelati\/\" title=\"Ricerche di mercato sugli alimenti surgelati\"  data-wpil-monitor-id=\"9637\">market of health food<\/a> enthusiasts but didn\u2019t want to spook customers. The company rolled out the new product without fanfare. They then ran a Twitter campaign several months afterward. This tactic gave people enough time to conclude that they #didntnotice the difference.<\/span><\/p>\n\n\n\n<p class=\"p2\"><span class=\"s1\">I marchi che restano fedeli alle loro vecchie modalit\u00e0 perderanno la loro rilevanza. Devono rimanere al passo con i cambiamenti delle tendenze. Kraft ha sfruttato la crescente tendenza verso opzioni alimentari pi\u00f9 sane e uno stile di vita pulito. Anche le esperienze giocano un ruolo enorme nello stile di vita moderno. I marchi pi\u00f9 esperti prestano attenzione a questo nuovo sviluppo. Questo concetto \u00e8 ci\u00f2 che sta dietro LEGO&#039;S Legoland. L&#039;azienda ha introdotto Legoland nel 1968 ed \u00e8 ancora popolare oggi.<\/span><\/p>\n\n\n\n<h2 class=\"wp-block-heading p3\"><span class=\"s1\">Come reinventare i marchi pi\u00f9 vecchi<\/span><\/h2>\n\n\n\n<p class=\"p5\"><span class=\"s1\">I marchi devono rispecchiare il mercato esistente man mano che le aziende crescono e cambiano. In breve, la concorrenza migliorer\u00e0 il proprio marchio. Abbraccer\u00e0 loghi pi\u00f9 recenti e svilupper\u00e0 nuovi modi per connettersi con il pubblico. Se le aziende decidono di restare le stesse, finiranno per perdere il loro vantaggio competitivo. Un aggiornamento del marchio comunica al pubblico che l&#039;azienda \u00e8 rilevante e moderna. Mostra anche una connessione tra un\u2019azienda e il suo settore.<\/span><\/p>\n\n\n\n<p class=\"p5\"><span class=\"s1\">The trick to reinventing older brands is to maintain an eagle eye on the customer. Companies must listen to the customer\u2019s wants and needs. They must use this information to create and maintain relevancy for the brand in today\u2019s world. They must also be able to <a href=\"https:\/\/www.sisinternational.com\/it\/soluzioni\/soluzioni-di-branding-e-ricerca-clienti\/narrazione-di-ricerche-di-mercato\/\" title=\"Ricerche di mercato sul racconto di storie\"  data-wpil-monitor-id=\"9633\">tell the brand&#8217;s story<\/a> to inspire affinity and the intent to buy. These are the secrets behind why some brands stay relevant, and some do not. <a href=\"https:\/\/www.sisinternational.com\/it\/soluzioni\/ricerche-di-mercato-sui-prodotti-di-bellezza\/ricerche-di-mercato-sul-benessere-dei-baby-boomer\/\" title=\"Ricerche di mercato sul benessere dei baby boomer\"  data-wpil-monitor-id=\"9635\">Marketers would do well<\/a> to pay heed and always strive for relevance, regardless of the market.<\/span><\/p>","protected":false},"excerpt":{"rendered":"<p>I marchi forti superano i marchi concorrenti. Cosa succede quando il tuo marchio invecchia o diventa obsoleto? Forniamo la ricerca per reinventare i marchi. <\/p>","protected":false},"author":1,"featured_media":62847,"parent":14650,"menu_order":10,"comment_status":"closed","ping_status":"closed","template":"","meta":{"footnotes":""},"class_list":["post-26524","page","type-page","status-publish","has-post-thumbnail"],"_links":{"self":[{"href":"https:\/\/www.sisinternational.com\/it\/wp-json\/wp\/v2\/pages\/26524","targetHints":{"allow":["GET"]}}],"collection":[{"href":"https:\/\/www.sisinternational.com\/it\/wp-json\/wp\/v2\/pages"}],"about":[{"href":"https:\/\/www.sisinternational.com\/it\/wp-json\/wp\/v2\/types\/page"}],"author":[{"embeddable":true,"href":"https:\/\/www.sisinternational.com\/it\/wp-json\/wp\/v2\/users\/1"}],"replies":[{"embeddable":true,"href":"https:\/\/www.sisinternational.com\/it\/wp-json\/wp\/v2\/comments?post=26524"}],"version-history":[{"count":6,"href":"https:\/\/www.sisinternational.com\/it\/wp-json\/wp\/v2\/pages\/26524\/revisions"}],"predecessor-version":[{"id":81605,"href":"https:\/\/www.sisinternational.com\/it\/wp-json\/wp\/v2\/pages\/26524\/revisions\/81605"}],"up":[{"embeddable":true,"href":"https:\/\/www.sisinternational.com\/it\/wp-json\/wp\/v2\/pages\/14650"}],"wp:featuredmedia":[{"embeddable":true,"href":"https:\/\/www.sisinternational.com\/it\/wp-json\/wp\/v2\/media\/62847"}],"wp:attachment":[{"href":"https:\/\/www.sisinternational.com\/it\/wp-json\/wp\/v2\/media?parent=26524"}],"curies":[{"name":"wp","href":"https:\/\/api.w.org\/{rel}","templated":true}]}}