{"id":26512,"date":"2018-04-29T09:39:35","date_gmt":"2018-04-29T09:39:35","guid":{"rendered":"https:\/\/www.sisinternational.com\/?page_id=26512"},"modified":"2026-01-26T14:18:18","modified_gmt":"2026-01-26T19:18:18","slug":"ricerca-internazionale-sui-consumatori","status":"publish","type":"page","link":"https:\/\/www.sisinternational.com\/it\/soluzioni\/ricerca-internazionale-sui-consumatori\/","title":{"rendered":"Ricerca internazionale sui consumatori"},"content":{"rendered":"<h1 class=\"wp-block-heading p1\"><span class=\"s1\">Ricerca internazionale sui consumatori<\/span><\/h1>\n\n\n\n<figure class=\"gb-block-image gb-block-image-78c1b756\"><img loading=\"lazy\" decoding=\"async\" width=\"1456\" height=\"816\" class=\"gb-image gb-image-78c1b756\" src=\"https:\/\/www.sisinternational.com\/wp-content\/uploads\/2025\/08\/Retail-26.jpg\" alt=\"Ricerca e strategia di mercato internazionale SIS\" title=\"Retail (26)\" srcset=\"https:\/\/www.sisinternational.com\/wp-content\/uploads\/2025\/08\/Retail-26.jpg 1456w, https:\/\/www.sisinternational.com\/wp-content\/uploads\/2025\/08\/Retail-26-300x168.jpg 300w, https:\/\/www.sisinternational.com\/wp-content\/uploads\/2025\/08\/Retail-26-1024x574.jpg 1024w, https:\/\/www.sisinternational.com\/wp-content\/uploads\/2025\/08\/Retail-26-768x430.jpg 768w, https:\/\/www.sisinternational.com\/wp-content\/uploads\/2025\/08\/Retail-26-18x10.jpg 18w\" sizes=\"auto, (max-width: 1456px) 100vw, 1456px\"><\/figure>\n\n\n\n<h2 class=\"wp-block-heading p2\"><span class=\"s1\">L\u2019economia globale sta cambiando rapidamente, offrendo nuove opportunit\u00e0 alle aziende.&nbsp; &nbsp;<\/span><\/h2>\n\n\n\n<p class=\"p2\"><span class=\"s1\">With technology and transportation, it is easier than ever to build brands in multiple markets overseas.&nbsp; Emerging markets are growing and providing new customer bases.&nbsp; Yet, challenges exist with language, culture, norms and rules.&nbsp; SIS helps companies understand their strategic opportunities and challenges.&nbsp; &nbsp;<\/span><\/p>\n\n\n\n<h2 class=\"wp-block-heading p4\"><span class=\"s1\">Mercati emergenti<\/span><\/h2>\n\n\n\n<p class=\"p2\"><span class=\"s1\">Il comportamento dei consumatori varia da mercato a mercato. Brasile, Russia, India e Cina, conosciuti come i paesi \u201cBRIC\u201d, ospitano due terzi della popolazione mondiale. Insieme contribuiscono con una somma considerevole al prodotto interno lordo mondiale. Anche paesi come Messico, Sud Africa e Turchia rientrano in questo gruppo.<\/span><\/p>\n\n\n\n<p class=\"p2\"><span class=\"s1\">Emerging markets have become the engines of economic growth, rapidly gaining share of the world economy. These markets also continue to have fast-growing &#8220;new rich&#8221; sectors existing alongside large &#8220;poor&#8221; populations.&nbsp;&nbsp;Also relevant are the developing and developed <a href=\"https:\/\/www.sisinternational.com\/it\/copertura\/ricerche-di-mercato-africane\/ricerche-di-mercato-in-sud-africa\/\" title=\"Ricerche di mercato in Sud Africa\"  data-wpil-monitor-id=\"5873\">markets such as South<\/a> Korea, Taiwan, Singapore, and those Eastern European nations that recently changed from centrally planned to market economies.&nbsp;&nbsp;<span class=\"s1\">Forniamo una conoscenza approfondita di questi mercati.&nbsp; <\/span><\/p>\n\n\n\n<p class=\"p2\">When <a href=\"https:\/\/www.sisinternational.com\/it\/copertura\/ricerche-di-mercato-asiatiche\/ricerche-di-mercato-nauru\/\" title=\"Ricerche di mercato a Nauru\"  data-wpil-monitor-id=\"5731\">researching emerging markets<\/a>, companies gain vital knowledge to ensure they do not waste time \u2013 or worse, make poor decisions based on incorrect analysis or misinformation. Businesses should research and heed the do&#8217;s and don&#8217;ts of every market. Some methodologies that work in certain markets will not work in other markets.&nbsp; We provide that insight.<\/p>\n\n\n\n<h2 class=\"wp-block-heading p4\"><span class=\"s1\">Tendenze nella ricerca sui consumatori<\/span><\/h2>\n\n\n\n<p class=\"p2\"><span class=\"s1\">L\u2019intelligenza artificiale (AI), insieme all\u2019apprendimento automatico, pu\u00f2 avere un\u2019influenza significativa sul settore delle ricerche di mercato. L\u2019intelligenza artificiale \u00e8 gi\u00e0 entrata nel panorama dei consumatori grazie ad Amazon Echo e Google Home. Si tratta di un punto di svolta che sta rivoluzionando i processi, consentendo ai ricercatori di fornire informazioni pi\u00f9 convenienti e pi\u00f9 rapide.<\/span><\/p>\n\n\n\n<p class=\"p2\"><span class=\"s1\">La maggior parte degli utenti Internet possiede gi\u00e0 uno smartphone e altri ne seguiranno. Quando gli intervistati ricevono un invito a partecipare a un sondaggio, \u00e8 normale che lo completino su uno smartphone. I ricercatori di mercato devono quindi adattare il loro approccio agli smartphone. L\u2019alternativa, ovvero impedire in primo luogo la partecipazione di questi dispositivi, di solito non \u00e8 auspicabile.<\/span><\/p>\n\n\n\n<p class=\"p6\"><span class=\"s1\">Il campionamento dei dati online \u00e8 ormai diventato un punto focale del settore delle ricerche di mercato. La modalit\u00e0 online \u00e8 solitamente pi\u00f9 rapida di tutti gli altri metodi di raccolta dati, in particolare per campioni di grandi dimensioni, poich\u00e9 gli intervistati risparmiano tempo leggendo e rispondendo rapidamente alle domande da soli.<\/span><\/p>\n\n\n\n<h2 class=\"wp-block-heading p4\"><span class=\"s1\">Strumenti di ricerca<\/span><\/h2>\n\n\n\n<ul class=\"wp-block-list\">\n<li><span class=\"s1\"><b>L\u2019ascesa delle metodologie online. <\/b>The prominence of the Internet and other, similar technologies, have given us more innovation and flexibility to improve research design, to link up with millions of people, and to communicate with them much faster. <a class=\"wpil_keyword_link\" href=\"https:\/\/www.sisinternational.com\/it\/ricerche-di-mercato-online\/\"   title=\"Cos&#039;\u00e8 la ricerca di mercato online?\" data-wpil-keyword-link=\"linked\"  data-wpil-monitor-id=\"476\">Online market research<\/a> is less expensive than offline analysis. It is also faster than offline, and subject matters are more flexible. <\/span><\/li>\n\n\n\n<li><span class=\"s1\"><b>L\u2019ascesa del marketing digitale.<\/b> La Cina \u00e8 leader negli utenti di Internet mobile, con pi\u00f9 di tre volte quello degli Stati Uniti. I consumatori cinesi hanno adottato super app, che incorporano molti aspetti della loro vita in un\u2019unica piattaforma mobile. La conoscenza di queste e di tendenze simili offre agli operatori di marketing opportunit\u00e0 uniche per raggiungere mercati diversi.<\/span><\/li>\n<\/ul>\n\n\n\n<ul class=\"wp-block-list\">\n<li><span class=\"s1\"><b>New designs for in-store <\/b><a href=\"https:\/\/www.sisinternational.com\/it\/competenza\/industrie\/ricerche-di-mercato-ciso\/\" title=\"Ricerche di mercato CISO\"  data-wpil-monitor-id=\"5744\">research. In-store market<\/a> research has several benefits, for example, it impacts product placement and that of advertising and promotions, and it provides insights into consumers\u2019 behavior. It also gives the store owner an idea of daily, weekly, or monthly traffic, and it helps determine product pricing.<\/span><\/li>\n\n\n\n<li><strong>Metodologie faccia a faccia.&nbsp;<\/strong>&nbsp;A seconda del mercato, utilizziamo molte altre metodologie come Focus Group, Interviste, Sondaggi, Interviste telefoniche, Etnografia e Intercettazioni.<\/li>\n<\/ul>\n\n\n\n<h2 class=\"wp-block-heading p4\"><span class=\"s1\">\u00c8 un&#039;economia globale<\/span><\/h2>\n\n\n\n<p class=\"p2\"><span class=\"s1\">Le aziende spesso prendono la decisione di internazionalizzare una societ\u00e0 per necessit\u00e0, ma le aziende possono soffrire se non ci sono informazioni sufficienti su un mercato o se le previsioni sulla domanda sono errate. Hanno bisogno di conoscere i propri punti di forza e di debolezza e quelli dei loro concorrenti per cogliere attentamente le opportunit\u00e0 e affrontare le rapide trasformazioni dell\u2019economia globale.<\/span><\/p>\n\n\n\n<p>SIS is widely recognized as a world leader in International Market Research.&nbsp; We provide over 40+ years experience, extensive market coverage, our best practices and many other advantages.<\/p>\n\n\n\n<h2 class=\"wp-block-heading\">&nbsp;<\/h2>","protected":false},"excerpt":{"rendered":"<p>L\u2019economia globale sta cambiando rapidamente, offrendo alle organizzazioni opportunit\u00e0. SIS aiuta le aziende a comprendere le opportunit\u00e0 e le sfide strategiche in tutto il mondo.\u00a0<\/p>","protected":false},"author":1,"featured_media":62501,"parent":14457,"menu_order":15,"comment_status":"closed","ping_status":"closed","template":"","meta":{"footnotes":""},"class_list":["post-26512","page","type-page","status-publish","has-post-thumbnail"],"_links":{"self":[{"href":"https:\/\/www.sisinternational.com\/it\/wp-json\/wp\/v2\/pages\/26512","targetHints":{"allow":["GET"]}}],"collection":[{"href":"https:\/\/www.sisinternational.com\/it\/wp-json\/wp\/v2\/pages"}],"about":[{"href":"https:\/\/www.sisinternational.com\/it\/wp-json\/wp\/v2\/types\/page"}],"author":[{"embeddable":true,"href":"https:\/\/www.sisinternational.com\/it\/wp-json\/wp\/v2\/users\/1"}],"replies":[{"embeddable":true,"href":"https:\/\/www.sisinternational.com\/it\/wp-json\/wp\/v2\/comments?post=26512"}],"version-history":[{"count":7,"href":"https:\/\/www.sisinternational.com\/it\/wp-json\/wp\/v2\/pages\/26512\/revisions"}],"predecessor-version":[{"id":79562,"href":"https:\/\/www.sisinternational.com\/it\/wp-json\/wp\/v2\/pages\/26512\/revisions\/79562"}],"up":[{"embeddable":true,"href":"https:\/\/www.sisinternational.com\/it\/wp-json\/wp\/v2\/pages\/14457"}],"wp:featuredmedia":[{"embeddable":true,"href":"https:\/\/www.sisinternational.com\/it\/wp-json\/wp\/v2\/media\/62501"}],"wp:attachment":[{"href":"https:\/\/www.sisinternational.com\/it\/wp-json\/wp\/v2\/media?parent=26512"}],"curies":[{"name":"wp","href":"https:\/\/api.w.org\/{rel}","templated":true}]}}