{"id":24692,"date":"2018-02-27T05:50:42","date_gmt":"2018-02-27T05:50:42","guid":{"rendered":"https:\/\/www.sisinternational.com\/?page_id=24692"},"modified":"2025-11-15T20:42:32","modified_gmt":"2025-11-16T01:42:32","slug":"ricerche-di-mercato-a-washington-dc","status":"publish","type":"page","link":"https:\/\/www.sisinternational.com\/it\/copertura\/north-america\/copertura-degli-stati-uniti\/ricerche-di-mercato-a-washington-dc\/","title":{"rendered":"Ricerche di mercato a Washington DC"},"content":{"rendered":"<h1 class=\"wp-block-heading\">Ricerche di mercato a Washington DC<\/h1>\n\n\n\n<figure class=\"gb-block-image gb-block-image-ed77554f\"><img loading=\"lazy\" decoding=\"async\" width=\"1456\" height=\"816\" class=\"gb-image gb-image-ed77554f\" src=\"https:\/\/www.sisinternational.com\/wp-content\/uploads\/2025\/09\/Washington-DC-4.jpg\" alt=\"Ricerca e strategia di mercato internazionale SIS\" title=\"Washington DC (4)\" srcset=\"https:\/\/www.sisinternational.com\/wp-content\/uploads\/2025\/09\/Washington-DC-4.jpg 1456w, https:\/\/www.sisinternational.com\/wp-content\/uploads\/2025\/09\/Washington-DC-4-300x168.jpg 300w, https:\/\/www.sisinternational.com\/wp-content\/uploads\/2025\/09\/Washington-DC-4-1024x574.jpg 1024w, https:\/\/www.sisinternational.com\/wp-content\/uploads\/2025\/09\/Washington-DC-4-768x430.jpg 768w, https:\/\/www.sisinternational.com\/wp-content\/uploads\/2025\/09\/Washington-DC-4-18x10.jpg 18w\" sizes=\"auto, (max-width: 1456px) 100vw, 1456px\"><\/figure>\n\n\n\n<p><\/p>\n\n\n\n<h4 class=\"wp-block-heading\">L&#039;area metropolitana di Washington DC \u00e8 l&#039;ottava economia urbana pi\u00f9 grande degli Stati Uniti.<\/h4>\n\n\n\n<p>The District of Columbia\u2019s 68.3 square miles are sliced out of Maryland and sit across the Potomac River from Virginia. DC is the nation\u2019s capital.\u00a0 The population of its metro area is nearly 5 million people.\u00a0 While the government\u2019s economic impact is enormous, so are the contributions of other sectors, including education, <a href=\"https:\/\/www.sisinternational.com\/it\/soluzioni\/consulenza-per-lospitalita-turistica-turistica\/\" title=\"Consulenza per viaggi, turismo e ospitalit\u00e0\"  data-wpil-monitor-id=\"8885\">hospitality and tourism<\/a>, and more. Market Research in Washington DC helps organizations to serve stakeholder needs better.<\/p>\n\n\n\n<p>Exceptional universities, several with major research capabilities, feed the economy and supply talent for local <a href=\"https:\/\/www.sisinternational.com\/it\/analysis-b2b\/\" title=\"What Business Leaders Need to Know Right Now\"  data-wpil-monitor-id=\"8886\">business and government needs<\/a>.\u00a0Its museums, galleries, aquarium, zoo, monuments, and national treasures attract tourists and conventioneers by the millions. <a href=\"https:\/\/www.sisinternational.com\/it\/competenza\/industrie\/selezionare-il-servizio-di-ricerca-di-mercato-alberghiero\/\" title=\"Seleziona Servizio Ricerche di mercato per hotel\"  data-wpil-monitor-id=\"8882\">Hotels and hospitality services<\/a> benefit from traffic at both low- and high-end spending levels.\u00a0 And, as the capital of the United States, a district with its own government structure, it employs tens of thousands creating one of the nation&#8217;s largest metropolitan areas. An efficient subway system and healthy relationships with nearby cities like Arlington keep The District economy vibrant and functioning at a high level.<\/p>\n\n\n\n<h2 class=\"wp-block-heading\">Il settore dell&#039;istruzione superiore<\/h2>\n\n\n\n<p>There are a number of major colleges and universities in the District of Columbia, given its limited space. They include the campuses of Georgetown University, American University, Howard University, Gallaudet University, and George Washington University.<\/p>\n\n\n\n<p>Higher education accounts for thousands of jobs and helps The District sustain its highly educated population. Each year, 80,000 students participate in courses at one or more of the member institutions of the D.C. Consortium. The District\u2019s higher education brings $2 billion to the area economy and graduates top lawyers, doctors, and other professionals.&nbsp; Many students stay in DC after graduation.<\/p>\n\n\n\n<h2 class=\"wp-block-heading\">Settori dell&#039;ospitalit\u00e0 e del turismo<\/h2>\n\n\n\n<p>Washington, D.C. sees over 20 million visitors every year, including over 2 million foreign tourists, who spend over $7 billion. Spending on hotels, retail, <a href=\"https:\/\/www.sisinternational.com\/it\/competenza\/curriculum-di-esperienza\/cibo-e-bevande-nellasia-pacifico\/\" title=\"Ricerche di mercato nel settore alimentare e delle bevande in Asia\"  data-wpil-monitor-id=\"8884\">food and beverage<\/a>, and entertainment supports 75,000 jobs in The District.<\/p>\n\n\n\n<p>Ospita 15 convegni a livello di distretto lasciando dietro di s\u00e9 $278 milioni. Oltre 450 eventi distrettuali, incluso il DC Jazz Festival, annuale 4<sup>th<\/sup> delle celebrazioni di luglio e altro ancora produce oltre $415 nella spesa dei visitatori. Inoltre, le numerose attrazioni turistiche con ingresso gratuito attirano i visitatori ma riducono la spesa che pu\u00f2 destinare ad altri scopi.<\/p>\n\n\n\n<p>Despite the lack of a major amusement park, The District\u2019s hotel sector (130 hotels with 30,200 rooms) remains stable and growing at a reliable 60% occupancy. People visit for historic attractions, museums, conventions, lobbying, entertainment, diplomacy, and other government-related business. The hotels\u2019 average daily rate, even though it is restricted by the government per diem limit, exceeds those of Chicago, New York City, and San Francisco.<\/p>\n\n\n\n<h2 class=\"wp-block-heading\">Governo<\/h2>\n\n\n\n<p>In quanto sede dei rami esecutivo federale, legislativo e giudiziario del governo federale, l&#039;economia di Washington, DC, trae vantaggio dai suoi partecipanti, dal traffico e dalla spesa diretta e indiretta.<\/p>\n\n\n\n<p>Il governo \u00e8 sempre stato il principale contribuente economico, ma il suo dominio varia a seconda delle amministrazioni politiche con ripetuti sequestri, chiusure e tagli al bilancio. Tuttavia, considerando i suoi componenti, l\u2019impatto \u00e8 significativo.<\/p>\n\n\n\n<p>Il ramo esecutivo sopravvive in una certa misura grazie alle politiche e alle iniziative del presidente in carica. Ma oltre quattromila, inclusi membri della Difesa, della Sicurezza Nazionale, del Tesoro, della Salute e dei Servizi Umani e di altre agenzie, sono direttamente collegati all\u2019ufficio esecutivo.<\/p>\n\n\n\n<p>Molti dipendenti delle agenzie svolgono lavori di Servizio Civile tutelati da regolamenti e sindacati. Le iniziative presidenziali per congelare le assunzioni sono solitamente controbilanciate dall\u2019espansione in altre aree. Il numero totale dei dipendenti civili delle agenzie del Gabinetto \u00e8 di oltre 170.000. Il pi\u00f9 grande \u00e8 Homeland Security con circa 25.000 posizioni.<\/p>\n\n\n\n<p>Congress populates the Capitol and nearby office buildings with thousands of support staff. It oversees five supporting services: the Congressional Budget Office, the General Accounting Office, the Joint Economic Committee, the Government Printing Office, and the Architect of the Capitol.<\/p>\n\n\n\n<p><strong>La corte suprema<\/strong> meets in its own building where the nine members are supported by large staffs, some of whom work as <a href=\"https:\/\/www.sisinternational.com\/it\/sis-international-nomina-duilio-bini-alla-guida-dellufficio-di-londra\/\" title=\"SIS International nomina Duilio Bini alla guida dell&#039;ufficio di Londra\"  data-wpil-monitor-id=\"8887\">interns<\/a> to gain the prestige of the office. The Department of Justice includes almost 24,000 employees.<\/p>\n\n\n\n<p>Circa 20% dei dipendenti del Distretto lavorano per il governo federale. Molti dipendenti pubblici risiedono anche nell&#039;area metropolitana della Virginia e del Maryland.<\/p>\n\n\n\n<h2 class=\"wp-block-heading\">Ricerche di mercato a Washington DC<\/h2>\n\n\n\n<p>SIS has extensive experience in <a href=\"https:\/\/www.sisinternational.com\/it\/top-5-benefits-of-conducting-quantitative-market-research\/\" title=\"Top 5 Benefits of Conducting Quantitative Market Research\"  data-wpil-monitor-id=\"8883\">conducting Qualitative fieldwork and Quantitative<\/a> data collection in DC, Norther Virginia and Maryland.\u00a0 Some of our staff are alumni of prominent DC universities and are well-versed in the area.\u00a0 We are seasoned in conducting street intercepts, political <a href=\"https:\/\/www.sisinternational.com\/it\/soluzioni\/ricerche-di-mercato-con-focus-group\/\" title=\"Focus Group Ricerche di mercato\"  data-wpil-monitor-id=\"8881\">Gruppi di discussione<\/a>, Focus Groups for financial managers and many other types of research.<\/p>\n\n\n\n<p>For education institutions based in the region, we have conducted <a href=\"https:\/\/www.sisinternational.com\/it\/copertura\/ricerche-di-mercato-asiatiche\/valutazioni-delle-opportunita-del-mercato-asiatico\/\" title=\"Valutazioni delle opportunit\u00e0 del mercato asiatico\"  data-wpil-monitor-id=\"8879\">market opportunity<\/a> &amp; entry assessments to help them assess growth opportunities nationwide and worldwide.\u00a0 We have served healthcare companies and tourism companies based in the area.<\/p>\n\n\n\n<p><\/p>","protected":false},"excerpt":{"rendered":"<p>L&#039;area metropolitana di Washington DC rappresenta l&#039;ottava economia urbana pi\u00f9 grande degli Stati Uniti. Ulteriori informazioni sulle ricerche di mercato a Washington DC.<\/p>","protected":false},"author":1,"featured_media":66457,"parent":19303,"menu_order":13,"comment_status":"closed","ping_status":"closed","template":"","meta":{"footnotes":""},"class_list":["post-24692","page","type-page","status-publish","has-post-thumbnail"],"_links":{"self":[{"href":"https:\/\/www.sisinternational.com\/it\/wp-json\/wp\/v2\/pages\/24692","targetHints":{"allow":["GET"]}}],"collection":[{"href":"https:\/\/www.sisinternational.com\/it\/wp-json\/wp\/v2\/pages"}],"about":[{"href":"https:\/\/www.sisinternational.com\/it\/wp-json\/wp\/v2\/types\/page"}],"author":[{"embeddable":true,"href":"https:\/\/www.sisinternational.com\/it\/wp-json\/wp\/v2\/users\/1"}],"replies":[{"embeddable":true,"href":"https:\/\/www.sisinternational.com\/it\/wp-json\/wp\/v2\/comments?post=24692"}],"version-history":[{"count":6,"href":"https:\/\/www.sisinternational.com\/it\/wp-json\/wp\/v2\/pages\/24692\/revisions"}],"predecessor-version":[{"id":81489,"href":"https:\/\/www.sisinternational.com\/it\/wp-json\/wp\/v2\/pages\/24692\/revisions\/81489"}],"up":[{"embeddable":true,"href":"https:\/\/www.sisinternational.com\/it\/wp-json\/wp\/v2\/pages\/19303"}],"wp:featuredmedia":[{"embeddable":true,"href":"https:\/\/www.sisinternational.com\/it\/wp-json\/wp\/v2\/media\/66457"}],"wp:attachment":[{"href":"https:\/\/www.sisinternational.com\/it\/wp-json\/wp\/v2\/media?parent=24692"}],"curies":[{"name":"wp","href":"https:\/\/api.w.org\/{rel}","templated":true}]}}