{"id":24520,"date":"2018-02-25T19:27:22","date_gmt":"2018-02-25T19:27:22","guid":{"rendered":"https:\/\/www.sisinternational.com\/?page_id=24520"},"modified":"2026-01-25T17:14:56","modified_gmt":"2026-01-25T22:14:56","slug":"ricerche-di-mercato-itaca","status":"publish","type":"page","link":"https:\/\/www.sisinternational.com\/it\/copertura\/north-america\/copertura-degli-stati-uniti\/ricerche-di-mercato-itaca\/","title":{"rendered":"Ricerche di mercato a Itaca"},"content":{"rendered":"<h1 class=\"wp-block-heading\">Ricerche di mercato a Itaca<\/h1>\n\n\n\n<figure class=\"gb-block-image gb-block-image-16786ad5\"><img loading=\"lazy\" decoding=\"async\" width=\"1456\" height=\"816\" class=\"gb-image gb-image-16786ad5\" src=\"https:\/\/www.sisinternational.com\/wp-content\/uploads\/2025\/09\/Ithaca-New-York-3.jpg\" alt=\"Ricerca e strategia di mercato internazionale SIS\" title=\"Ithaca New York (3)\" srcset=\"https:\/\/www.sisinternational.com\/wp-content\/uploads\/2025\/09\/Ithaca-New-York-3.jpg 1456w, https:\/\/www.sisinternational.com\/wp-content\/uploads\/2025\/09\/Ithaca-New-York-3-300x168.jpg 300w, https:\/\/www.sisinternational.com\/wp-content\/uploads\/2025\/09\/Ithaca-New-York-3-1024x574.jpg 1024w, https:\/\/www.sisinternational.com\/wp-content\/uploads\/2025\/09\/Ithaca-New-York-3-768x430.jpg 768w, https:\/\/www.sisinternational.com\/wp-content\/uploads\/2025\/09\/Ithaca-New-York-3-18x10.jpg 18w\" sizes=\"auto, (max-width: 1456px) 100vw, 1456px\"><\/figure>\n\n\n\n<p><\/p>\n\n\n\n<h4 class=\"wp-block-heading\"><span style=\"font-weight: 400;\">Ithaca is a city in Northwest New York State. The metropolitan area is over 100,000 people. &nbsp;The town is notable due to its national and global influence on higher education with Ithaca-based Cornell University drawing world-class professors and the nation\u2019s top students to the area.<\/span><\/h4>\n\n\n\n<p><span style=\"font-weight: 400;\">Ithaca is a four-hour<\/span> drive from New York City,<span style=\"font-weight: 400;\"> making it accessible to the NYC metropolitan area.&nbsp;&nbsp;With a highly educated workforce and a pool of talented students, Ithaca offers numerous opportunities for businesses.<\/span><\/p>\n\n\n\n<h3 class=\"wp-block-heading\"><strong>Agriculture&nbsp;Industry<\/strong><\/h3>\n\n\n\n<p><span style=\"font-weight: 400;\">The region is strong in Agriculture.&nbsp; Many dairy farmers, agricultural companies, farms and influential family businesses are based in and near Ithaca.&nbsp; The <a href=\"https:\/\/www.sisinternational.com\/it\/competenza\/industrie\/ricerche-di-mercato-sulle-citta-intelligenti\/\" title=\"Ricerche di mercato sulle citt\u00e0 intelligenti\"  data-wpil-monitor-id=\"9651\">city has a farmer&#8217;s market<\/a>, a cooperative with 150 vendors who live within 30 miles of Ithaca.<\/span><\/p>\n\n\n\n<h3 class=\"wp-block-heading\"><b>Energia solare<\/b><\/h3>\n\n\n\n<p><span style=\"font-weight: 400;\">The region also has clean energy companies.&nbsp; Many people are surprised to learn that New York state is one of the nation&#8217;s fastest-growing <a href=\"https:\/\/www.sisinternational.com\/it\/competenza\/industrie\/ricerche-sul-mercato-energetico\/\" title=\"Ricerche sul mercato energetico\"  data-wpil-monitor-id=\"9650\">markets for solar energy<\/a>.&nbsp; The state has pledged significant funding, investment and incentives for solar energy adoption.&nbsp;&nbsp;Companies dedicated to clean <a href=\"https:\/\/www.sisinternational.com\/it\/competenza\/curriculum-di-esperienza\/curriculum-di-esperienza-nel-settore-chimico-ed-energetico\/\" title=\"Societ\u00e0 di ricerche di mercato nel settore chimico ed energetico\"  data-wpil-monitor-id=\"9652\">energia<\/a> and solar tech have opened in Ithaca.<\/p>\n\n\n\n<h3 class=\"wp-block-heading\"><b>Industria dell&#039;istruzione superiore<\/b><\/h3>\n\n\n<div class=\"wp-block-image\">\n<figure class=\"alignleft\"><img decoding=\"async\" src=\"https:\/\/www.sisinternational.com\/wp-content\/uploads\/2018\/02\/Ithaca-2-300x292.jpg\" alt=\"Ricerca e strategia di mercato internazionale SIS\" class=\"wp-image-24522\"><\/figure>\n<\/div>\n\n\n<p><\/p>\n\n\n\n<p><span style=\"font-weight: 400;\">Ithaca is best known for its excellence in <a href=\"https:\/\/www.sisinternational.com\/it\/competenza\/industrie\/ricerche-di-mercato-nellistruzione-superiore\/\" title=\"Ricerche di mercato sull&#039;istruzione superiore\"  data-wpil-monitor-id=\"9649\">higher education<\/a> and its status as a premier research university. &nbsp;The city has a disproportionate impact on higher education because Cornell University is located there. &nbsp;Cornell is an Ivy League school, considered among the most prestigious universities in the country.&nbsp;&nbsp;<\/span><\/p>\n\n\n\n<p><span style=\"font-weight: 400;\">As the largest Ivy League university, Cornell attracts students from across the nation and the world. &nbsp;Cornell also has a large number of Nobel Prize winners.<\/span><\/p>\n\n\n\n<h3 class=\"wp-block-heading\"><b>Turismo<\/b><\/h3>\n\n\n\n<ul class=\"wp-block-list\">\n<li><span style=\"font-weight: 400;\">The Finger Lakes area and the Finger Lakes National Forest are attractions. Hiking, cycling are popular in the summer. &nbsp;Ithaca is known for its gorges and waterfalls.&nbsp; The area\u2019s unique topography, cave structure, and ancient geology make the area an attraction.<\/span><\/li>\n\n\n\n<li><span style=\"font-weight: 400;\">The region also hosts other diverse attractions.&nbsp; For example, Cornell University has a ski resort and an outdoor education campus.&nbsp;&nbsp;The area is also home to wineries and tour operators offering wine tours.<\/span><\/li>\n\n\n\n<li><span style=\"font-weight: 400;\">Itaca ha un aeroporto regionale con voli verso i principali aeroporti come Newark, Filadelfia e Detroit.<\/span><\/li>\n\n\n\n<li><span style=\"font-weight: 400;\">L&#039;area si \u00e8 promossa come LGBT friendly e ospita numerose strutture e alloggi gay-friendly.<\/span><\/li>\n<\/ul>\n\n\n\n<h3 class=\"wp-block-heading\"><b>Entrepreneurship and high-tech incubators<\/b><\/h3>\n\n\n\n<p><span style=\"font-weight: 400;\">Ithaca is teeming with excitement as universities and corporations are sponsoring innovation and entrepreneurship. &nbsp;Cornell has launched organizations to support and promote startups.&nbsp;&nbsp;Furthermore, the Cornell entrepreneurship club is vibrant. Many grants, incentives and support are given to students and alumni to launch and promote new ventures.&nbsp; With the <a href=\"https:\/\/www.sisinternational.com\/it\/soluzioni\/prova-del-gusto\/product-launch-research-in-new-york\/\" title=\"Ricerca sul lancio di prodotti a New York\"  data-wpil-monitor-id=\"9653\">launch of Cornell Tech in New York<\/a> City, entrepreneurship programs with Ithaca roots are flourishing.<\/span><\/p>\n\n\n\n<h3 class=\"wp-block-heading\"><b>Gateway to Rochester, Syracuse, Buffalo, and Ontario, Canada<\/b><\/h3>\n\n\n\n<p><span style=\"font-weight: 400;\">Ithaca is near major regional cities with major airports. &nbsp;These cities include Rochester, Syracuse, Binghamton, and Buffalo. &nbsp;Dryden, Elmira, Seneca Falls, Homer and Watkins are smaller towns nearby.<\/span><\/p>\n\n\n\n<h3 class=\"wp-block-heading\"><b>Le nostre soluzioni per le ricerche di mercato a Itaca <\/b><\/h3>\n\n\n\n<p><span style=\"font-weight: 400;\">Our leading research team is based in NYC and is highly skilled, <a href=\"https:\/\/www.sisinternational.com\/it\/top-5-benefits-of-conducting-quantitative-market-research\/\" title=\"Top 5 Benefits of Conducting Quantitative Market Research\"  data-wpil-monitor-id=\"9648\">conducting qualitative and quantitative research<\/a> efficiently. &nbsp;We are familiar with the area and have had a few Cornell alumni join our company. &nbsp;Our solutions include Focus Groups, Online Communities, <a href=\"https:\/\/www.sisinternational.com\/it\/competenza\/industrie\/ricerche-di-mercato-sui-poliuretani\/\" title=\"Ricerche di mercato sul poliuretano\"  data-wpil-monitor-id=\"4103\">Ricerca sulle opportunit\u00e0 di mercato<\/a>, and Surveys.&nbsp;<\/span><\/p>\n\n\n\n<p><\/p>","protected":false},"excerpt":{"rendered":"<p>Itaca \u00e8 una citt\u00e0 nello stato nordoccidentale di New York. L&#039;area metropolitana conta pi\u00f9 di 100.000 abitanti.<\/p>","protected":false},"author":1,"featured_media":66576,"parent":19303,"menu_order":12,"comment_status":"closed","ping_status":"closed","template":"","meta":{"footnotes":""},"class_list":["post-24520","page","type-page","status-publish","has-post-thumbnail"],"_links":{"self":[{"href":"https:\/\/www.sisinternational.com\/it\/wp-json\/wp\/v2\/pages\/24520","targetHints":{"allow":["GET"]}}],"collection":[{"href":"https:\/\/www.sisinternational.com\/it\/wp-json\/wp\/v2\/pages"}],"about":[{"href":"https:\/\/www.sisinternational.com\/it\/wp-json\/wp\/v2\/types\/page"}],"author":[{"embeddable":true,"href":"https:\/\/www.sisinternational.com\/it\/wp-json\/wp\/v2\/users\/1"}],"replies":[{"embeddable":true,"href":"https:\/\/www.sisinternational.com\/it\/wp-json\/wp\/v2\/comments?post=24520"}],"version-history":[{"count":6,"href":"https:\/\/www.sisinternational.com\/it\/wp-json\/wp\/v2\/pages\/24520\/revisions"}],"predecessor-version":[{"id":81608,"href":"https:\/\/www.sisinternational.com\/it\/wp-json\/wp\/v2\/pages\/24520\/revisions\/81608"}],"up":[{"embeddable":true,"href":"https:\/\/www.sisinternational.com\/it\/wp-json\/wp\/v2\/pages\/19303"}],"wp:featuredmedia":[{"embeddable":true,"href":"https:\/\/www.sisinternational.com\/it\/wp-json\/wp\/v2\/media\/66576"}],"wp:attachment":[{"href":"https:\/\/www.sisinternational.com\/it\/wp-json\/wp\/v2\/media?parent=24520"}],"curies":[{"name":"wp","href":"https:\/\/api.w.org\/{rel}","templated":true}]}}