{"id":24364,"date":"2018-02-23T00:46:13","date_gmt":"2018-02-23T00:46:13","guid":{"rendered":"https:\/\/www.sisinternational.com\/?page_id=24364"},"modified":"2026-01-25T19:32:53","modified_gmt":"2026-01-26T00:32:53","slug":"imprenditori-della-ricerca-strategica","status":"publish","type":"page","link":"https:\/\/www.sisinternational.com\/it\/soluzioni\/consulenza-strategica\/imprenditori-della-ricerca-strategica\/","title":{"rendered":"Ricerca strategica per gli imprenditori"},"content":{"rendered":"<h1 class=\"wp-block-heading\">Ricerca strategica per gli imprenditori<\/h1>\n\n\n\n<figure class=\"gb-block-image gb-block-image-3c823505\"><img loading=\"lazy\" decoding=\"async\" width=\"1456\" height=\"816\" class=\"gb-image gb-image-3c823505\" src=\"https:\/\/www.sisinternational.com\/wp-content\/uploads\/2025\/08\/Strategy-consulting-33.jpg\" alt=\"Ricerca e strategia di mercato internazionale SIS\" title=\"Strategy consulting (33)\" srcset=\"https:\/\/www.sisinternational.com\/wp-content\/uploads\/2025\/08\/Strategy-consulting-33.jpg 1456w, https:\/\/www.sisinternational.com\/wp-content\/uploads\/2025\/08\/Strategy-consulting-33-300x168.jpg 300w, https:\/\/www.sisinternational.com\/wp-content\/uploads\/2025\/08\/Strategy-consulting-33-1024x574.jpg 1024w, https:\/\/www.sisinternational.com\/wp-content\/uploads\/2025\/08\/Strategy-consulting-33-768x430.jpg 768w, https:\/\/www.sisinternational.com\/wp-content\/uploads\/2025\/08\/Strategy-consulting-33-18x10.jpg 18w\" sizes=\"auto, (max-width: 1456px) 100vw, 1456px\"><\/figure>\n\n\n\n<hr class=\"wp-block-separator has-alpha-channel-opacity is-style-dots\"\/>\n\n\n\n<p>Il lancio di una nuova azienda richiede la conoscenza del cliente, del mercato e della concorrenza.<\/p>\n\n\n\n<p>Many entrepreneurs rely on their networks of family, friends and associates and have followed those networks instead of market opportunities. Some have succeeded, but many have failed. Strategy Research gives <a href=\"https:\/\/www.sisinternational.com\/it\/copertura\/ricerche-di-mercato-asiatiche\/ricerche-di-mercato-nauru\/\" title=\"Ricerche di mercato a Nauru\"  data-wpil-monitor-id=\"5736\">entrepreneurs<\/a> the incisive insight and data to take advantage of the overlooked opportunities in other markets.<\/p>\n\n\n\n<p><a href=\"https:\/\/www.sisinternational.com\/it\/competenza\/industrie\/ricerche-di-mercato-sui-dati-di-formazione\/\" title=\"Ricerche di mercato sui dati di formazione\"  data-wpil-monitor-id=\"10684\">Market Research delivers insights and data<\/a> to guide your decision-making and product development.&nbsp; <a href=\"https:\/\/www.sisinternational.com\/it\/soluzioni\/consulenza-strategica\/formazione-e-strategia-sullintelligenza-competitiva\/\" title=\"Formazione e strategia sull&#039;intelligence competitiva\"  data-wpil-monitor-id=\"10689\">Strategy and Competitive Intelligence<\/a> allow you to create Competitive Advantages.<\/p>\n\n\n\n<h2 class=\"wp-block-heading\">Soluzioni di ricerca e strategia per gli imprenditori<\/h2>\n\n\n\n<p><strong><a href=\"https:\/\/www.sisinternational.com\/it\/copertura\/ricerche-di-mercato-asiatiche\/valutazioni-delle-opportunita-del-mercato-asiatico\/\" title=\"Valutazioni delle opportunit\u00e0 del mercato asiatico\"  data-wpil-monitor-id=\"10687\">Ingresso nel mercato e valutazioni delle opportunit\u00e0<\/a><\/strong><\/p>\n\n\n\n<p>These assessments include comprehensive insight into the opportunities and threats in entering new markets.&nbsp; Market Sizing data can inspire areas of uncontested opportunity.&nbsp; This research provides the untapped opportunities, the distributors&#8217; partnerships that can be developed, and the competitive threats.<\/p>\n\n\n\n<p><strong>Analisi competitiva<\/strong><\/p>\n\n\n\n<p>This research provides insights on key players, competitor best practices, <a href=\"https:\/\/www.sisinternational.com\/it\/soluzioni\/e-la-crescita-globale\/consulenza-sulla-pianificazione-strategica\/\" title=\"Consulenza sulla pianificazione strategica\"  data-wpil-monitor-id=\"10699\">planned competitor strategic<\/a> movements, and areas of opportunity.<\/p>\n\n\n\n<p><strong><a class=\"wpil_keyword_link\" href=\"https:\/\/www.sisinternational.com\/it\/soluzioni\/consulenza-strategica\/ricerche-di-mercato-sul-lancio-di-nuovi-prodotti\/\"   title=\"Ricerca sul lancio di nuovi prodotti\" data-wpil-keyword-link=\"linked\"  data-wpil-monitor-id=\"483\">Ricerca sul lancio di nuovi prodotti<\/a><\/strong><\/p>\n\n\n\n<p>This research assists product developers with agile <a href=\"https:\/\/www.sisinternational.com\/it\/claim-research-for-food-and-beverage-taste-tests-validating-your-product-claims\/\" title=\"Claim Research for Food and Beverage Taste Tests: Validating Your Product Claims\"  data-wpil-monitor-id=\"10694\">test del prodotto<\/a> and insights.&nbsp; Entrepreneurs can test <a href=\"https:\/\/www.sisinternational.com\/it\/soluzioni\/consulenza-strategica\/ricerca-di-mercato-minima-del-prodotto-praticabile\/\" title=\"Ricerca di mercato sui prodotti minimi validi\"  data-wpil-monitor-id=\"10683\">Minimum Viable Products<\/a> (MVPs). The result are findings that can immediately improve products.&nbsp; Some clients prefer to do this research in Agile Sprints.<\/p>\n\n\n\n<p><strong>Ricerca sui clienti<\/strong><\/p>\n\n\n\n<p>This research can be either Qualitative or Quantitative.&nbsp; For example, Focus Groups and In-Depth Interviews can unearth unmet customer needs and pain points.&nbsp; <a href=\"https:\/\/www.sisinternational.com\/it\/competenza\/industrie\/ricerche-di-mercato-quantitative\/\" title=\"Ricerche di mercato quantitative\"  data-wpil-monitor-id=\"10697\">Ricerca quantitativa<\/a> can measure a broader sample of the population to uncover customer needs and identify pockets of popularity of your product in different geographical markets.<\/p>\n\n\n\n<p><strong>Test di usabilit\u00e0 del prodotto<\/strong><\/p>\n\n\n\n<p>Questo <a href=\"https:\/\/www.sisinternational.com\/it\/soluzioni\/soluzioni-di-branding-e-ricerca-clienti\/ricerche-di-mercato-per-test-di-prodotto\/\" title=\"Ricerche di mercato sui test dei prodotti\"  data-wpil-monitor-id=\"10692\">research tests the satisfaction of products<\/a> and websites.&nbsp; Products can be tested in-person, office or home.&nbsp; The results help you to make improvements to your product or website.<\/p>\n\n\n\n<p><strong>Piani strategici di accesso al mercato<\/strong><\/p>\n\n\n\n<p>Strategy Research is compiled in a comprehensive plan for getting your products to market.<\/p>\n\n\n\n<p><strong>Consulenza di marketing<\/strong><\/p>\n\n\n\n<p>We help you to develop ads, websites, translations of marketing material,s and labeling.<\/p>\n\n\n\n<h2 class=\"wp-block-heading\">Informazioni sulla ricerca e strategia SIS<\/h2>\n\n\n\n<p>SIS fornisce alla tua azienda le informazioni necessarie per migliorare i tuoi prodotti ed essere efficaci nel lancio dei tuoi prodotti.<\/p>\n\n\n\n<p>We identify the best markets for your products. We can develop strategies on whether to export your products, open a subsidiary, or form a partnership with another company. We inform you about the competitors already in the market and those who might be planning to approach your position.<\/p>\n\n\n\n<p>Ti mostriamo le dimensioni relative delle opportunit\u00e0 di mercato e spieghiamo perch\u00e9 \u00e8 pi\u00f9 difficile entrare in alcuni mercati rispetto ad altri. Siamo in grado di identificare potenziali partner e canali di distribuzione. Possiamo informarti sulle leggi e sui regolamenti pertinenti e aiutarti a iniziare in nuovi mercati in cui puoi avere successo.<\/p>\n\n\n\n<h2 class=\"wp-block-heading\">&nbsp;<\/h2>\n\n\n\n<p><\/p>\n\n\n\n<p><\/p>","protected":false},"excerpt":{"rendered":"<p>Forniamo approfondimenti e strategie agli imprenditori che lanciano nuovi prodotti e entrano in nuovi mercati.<\/p>","protected":false},"author":1,"featured_media":62520,"parent":14567,"menu_order":53,"comment_status":"closed","ping_status":"closed","template":"","meta":{"footnotes":""},"class_list":["post-24364","page","type-page","status-publish","has-post-thumbnail"],"_links":{"self":[{"href":"https:\/\/www.sisinternational.com\/it\/wp-json\/wp\/v2\/pages\/24364","targetHints":{"allow":["GET"]}}],"collection":[{"href":"https:\/\/www.sisinternational.com\/it\/wp-json\/wp\/v2\/pages"}],"about":[{"href":"https:\/\/www.sisinternational.com\/it\/wp-json\/wp\/v2\/types\/page"}],"author":[{"embeddable":true,"href":"https:\/\/www.sisinternational.com\/it\/wp-json\/wp\/v2\/users\/1"}],"replies":[{"embeddable":true,"href":"https:\/\/www.sisinternational.com\/it\/wp-json\/wp\/v2\/comments?post=24364"}],"version-history":[{"count":6,"href":"https:\/\/www.sisinternational.com\/it\/wp-json\/wp\/v2\/pages\/24364\/revisions"}],"predecessor-version":[{"id":81750,"href":"https:\/\/www.sisinternational.com\/it\/wp-json\/wp\/v2\/pages\/24364\/revisions\/81750"}],"up":[{"embeddable":true,"href":"https:\/\/www.sisinternational.com\/it\/wp-json\/wp\/v2\/pages\/14567"}],"wp:featuredmedia":[{"embeddable":true,"href":"https:\/\/www.sisinternational.com\/it\/wp-json\/wp\/v2\/media\/62520"}],"wp:attachment":[{"href":"https:\/\/www.sisinternational.com\/it\/wp-json\/wp\/v2\/media?parent=24364"}],"curies":[{"name":"wp","href":"https:\/\/api.w.org\/{rel}","templated":true}]}}