{"id":24329,"date":"2018-02-22T06:00:57","date_gmt":"2018-02-22T06:00:57","guid":{"rendered":"https:\/\/www.sisinternational.com\/?page_id=24329"},"modified":"2026-01-25T18:23:36","modified_gmt":"2026-01-25T23:23:36","slug":"ricerche-di-mercato-nel-connecticut","status":"publish","type":"page","link":"https:\/\/www.sisinternational.com\/it\/copertura\/north-america\/copertura-degli-stati-uniti\/ricerche-di-mercato-nel-connecticut\/","title":{"rendered":"Ricerche di mercato nel Connecticut"},"content":{"rendered":"<h1 class=\"wp-block-heading\">Ricerche di mercato nel Connecticut<\/h1>\n\n\n\n<figure class=\"gb-block-image gb-block-image-2e314506\"><img loading=\"lazy\" decoding=\"async\" width=\"1456\" height=\"816\" class=\"gb-image gb-image-2e314506\" src=\"https:\/\/www.sisinternational.com\/wp-content\/uploads\/2025\/09\/Connecticut-1.jpg\" alt=\"Ricerca e strategia di mercato internazionale SIS\" title=\"Connecticut (1)\" srcset=\"https:\/\/www.sisinternational.com\/wp-content\/uploads\/2025\/09\/Connecticut-1.jpg 1456w, https:\/\/www.sisinternational.com\/wp-content\/uploads\/2025\/09\/Connecticut-1-300x168.jpg 300w, https:\/\/www.sisinternational.com\/wp-content\/uploads\/2025\/09\/Connecticut-1-1024x574.jpg 1024w, https:\/\/www.sisinternational.com\/wp-content\/uploads\/2025\/09\/Connecticut-1-768x430.jpg 768w, https:\/\/www.sisinternational.com\/wp-content\/uploads\/2025\/09\/Connecticut-1-18x10.jpg 18w\" sizes=\"auto, (max-width: 1456px) 100vw, 1456px\"><\/figure>\n\n\n\n<p><\/p>\n\n\n\n<h4 class=\"wp-block-heading\">Il Connecticut \u00e8 strategicamente situato tra Boston e New York City. Come parte del corridoio Boston-Washington, il Connecticut ha diversi vantaggi economici nel nord-est degli Stati Uniti, che \u00e8 considerato una potenza regionale dell&#039;economia statunitense.<\/h4>\n\n\n\n<p><strong>Panoramica<\/strong><\/p>\n\n\n\n<p>Connecticut has a population of over 3.5 million people.&nbsp; Fairfield County is a prosperous area bordering New York City in the West of Connecticut.&nbsp; The area benefits from its proximity to New York City and its railroads, major airports, and highways.&nbsp; New Canaan and Darien are on the top lists of US cities with the highest median income.&nbsp; Extraordinary personal wealth resides within an hour&#8217;s commute to central Manhattan.&nbsp; Many financial services companies are based in Greenwich, Bridgeport, Darien, and Stamford in Fairfield County.<\/p>\n\n\n\n<p>La capitale del Connecticut \u00e8 Hartford, situata nel centro dello stato. La capitale ha un gran numero di compagnie di assicurazione. Lo stato ha anche un&#039;ampia costa che fornisce accesso a porti marittimi, acquari, piccole citt\u00e0 e siti turistici.<\/p>\n\n\n\n<h2 class=\"wp-block-heading\"><span style=\"font-weight: 400;\"><strong>What is Market Research in Connecticut?<\/strong><\/span><\/h2>\n\n\n\n<p><span style=\"font-weight: 400;\">La ricerca di mercato nel Connecticut mira a comprendere il comportamento dei consumatori, le tendenze del mercato e le dinamiche competitive specifiche del Connecticut. Consente alle aziende di identificare opportunit\u00e0, mitigare i rischi e migliorare il proprio vantaggio competitivo. In uno Stato noto per l\u2019elevata qualit\u00e0 della vita e la diversit\u00e0 economica, \u00e8 indispensabile rimanere informati attraverso le ricerche di mercato.<\/span><\/p>\n\n\n\n<h2 class=\"wp-block-heading\"><span style=\"font-weight: 400;\"><strong>Vantaggi delle ricerche di mercato nel Connecticut<\/strong><\/span><\/h2>\n\n\n\n<p><span style=\"font-weight: 400;\">Le ricerche di mercato nel Connecticut offrono numerosi vantaggi che possono migliorare significativamente le prestazioni aziendali e la pianificazione strategica. Le aziende possono ottimizzare le proprie operazioni e ottenere risultati migliori sfruttando le conoscenze locali.<\/span><\/p>\n\n\n\n<ul class=\"wp-block-list\">\n<li><b>Miglioramento del processo decisionale:<\/b><span style=\"font-weight: 400;\"> Le ricerche di mercato nel Connecticut forniscono approfondimenti basati sui dati che supportano un processo decisionale informato. Ci\u00f2 riduce il rischio di errori costosi e migliora l\u2019efficacia delle strategie aziendali.<\/span><\/li>\n\n\n\n<li><b>Migliore comprensione del cliente:<\/b><span style=\"font-weight: 400;\"> Comprendendo le esigenze, le preferenze e i comportamenti dei consumatori del Connecticut, le aziende possono sviluppare prodotti e servizi che soddisfano meglio le richieste del mercato.&nbsp;<\/span><\/li>\n\n\n\n<li><b>Vantaggio competitivo:<\/b><span style=\"font-weight: 400;\"> Le ricerche di mercato aiutano le aziende a stare al passo con la concorrenza fornendo informazioni sulle tendenze del mercato e sulle dinamiche competitive. T<\/span><\/li>\n\n\n\n<li><b>Identificazione delle opportunit\u00e0 di mercato:<\/b><span style=\"font-weight: 400;\"> Attraverso un&#039;analisi approfondita del mercato, le aziende possono identificare nuove opportunit\u00e0 di crescita ed espansione nel Connecticut. <\/span><\/li>\n\n\n\n<li><b>Mitigazione del rischio:<\/b> Market research helps businesses identify potential risks and challenges. By understanding these factors, companies can develop strategies to mitigate risks and ensure long-term stability.<\/li>\n<\/ul>\n\n\n\n<h2 class=\"wp-block-heading\"><span style=\"font-weight: 400;\"><strong>Chi utilizza le ricerche di mercato nel Connecticut?<\/strong><\/span><\/h2>\n\n\n\n<p><b>Aziende biotecnologiche<\/b><span style=\"font-weight: 400;\"> also heavily depend on market research. Companies in biotechnology and <a href=\"https:\/\/www.sisinternational.com\/it\/competenza\/industrie\/ricerche-di-mercato-sui-prodotti-farmaceutici\/\" title=\"Ricerche di mercato dei prodotti farmaceutici\"  data-wpil-monitor-id=\"3478\">pharmaceuticals use market research<\/a> to optimize R&amp;D, understand market demand, and stay competitive in local and international markets. Organizations like Alexion Pharmaceuticals and Boehringer Ingelheim play significant roles in this sector.<\/span><\/p>\n\n\n\n<p><b>Istituzioni educative<\/b><span style=\"font-weight: 400;\"> anche nel Connecticut, come l\u2019Universit\u00e0 di Yale e l\u2019Universit\u00e0 del Connecticut, si affidano alle ricerche di mercato. Lo usano per comprendere i dati demografici degli studenti, i bisogni educativi e le tendenze del mercato, favorendo lo sviluppo del curriculum e la crescita strategica.<\/span><\/p>\n\n\n\n<p><b>Imprese manifatturiere<\/b><span style=\"font-weight: 400;\"> capitalize on market research to tailor their operations and <a href=\"https:\/\/www.sisinternational.com\/it\/sviluppo-della-citta-di-hartford-nel-connecticut\/\" title=\"Ricerche di mercato a Hartford, Connecticut\"  data-wpil-monitor-id=\"1752\">strategie di marketing<\/a> to Connecticut\u2019s diverse consumer base. By understanding local and global trends, manufacturers can effectively engage with their customers and enhance their market presence.<\/span><\/p>\n\n\n\n<p><b>Government agencies and <a href=\"https:\/\/www.sisinternational.com\/it\/competenza\/industrie\/ricerche-di-mercato-senza-scopo-di-lucro\/\" title=\"Ricerche di mercato senza scopo di lucro\"  data-wpil-monitor-id=\"4817\">nonprofit organizations utilize market research<\/a> to inform policy decisions and develop community programs. These insights help address local needs, allocate resources efficiently, and measure the impact of their initiatives.<\/span><\/p>\n\n\n\n<h2 class=\"wp-block-heading\"><span style=\"font-weight: 400;\"><strong>Quando condurre ricerche di mercato nel Connecticut<\/strong><\/span><\/h2>\n\n\n\n<p><span style=\"font-weight: 400;\">Condurre ricerche di mercato nel Connecticut dovrebbe essere un processo continuo, ma ci sono momenti specifici in cui diventa particolarmente cruciale. Prima di lanciare un nuovo prodotto o servizio, le aziende devono condurre approfondite ricerche di mercato per comprendere la domanda, identificare il pubblico target e sviluppare strategie di marketing efficaci. Ci\u00f2 garantisce che il prodotto o il servizio sia in linea con le esigenze e le preferenze del mercato.<\/span><\/p>\n\n\n\n<p><span style=\"font-weight: 400;\">Quando entrano per la prima volta nel mercato del Connecticut, le aziende devono condurre ricerche approfondite per comprendere il panorama locale. Ci\u00f2 include l\u2019analisi dei concorrenti, l\u2019identificazione di potenziali partner e la comprensione dei requisiti normativi. La ricerca di mercato fornisce le conoscenze fondamentali necessarie per navigare con successo in questo nuovo ambiente.<\/span><\/p>\n\n\n\n<p><span style=\"font-weight: 400;\">Anche l\u2019espansione delle operazioni esistenti o l\u2019apertura di nuove sedi nel Connecticut richiede ricerche di mercato. Le aziende devono comprendere le condizioni del mercato locale, i comportamenti dei consumatori e le potenziali sfide per prendere decisioni di espansione informate. Ci\u00f2 aiuta a selezionare le posizioni ottimali e a sviluppare strategie rivolte al mercato locale.<\/span><\/p>\n\n\n\n<h2 class=\"wp-block-heading\"><span style=\"font-weight: 400;\"><strong>La nostra attuale revisione del mercato e raccomandazioni<\/strong><\/span><\/h2>\n\n\n\n<p><span style=\"font-weight: 400;\">Riteniamo che il Connecticut stia registrando una crescita in diversi settori chiave, in particolare finanza, sanit\u00e0 e biotecnologia. Gli sforzi dello Stato per attrarre imprese e promuovere l\u2019innovazione stanno cominciando a dare i loro frutti, creando un terreno fertile per lo sviluppo e l\u2019espansione delle imprese.<\/span><\/p>\n\n\n\n<p><span style=\"font-weight: 400;\">Di conseguenza, il potenziale ritorno sull\u2019investimento nel Connecticut \u00e8 significativo per le aziende che possono navigare efficacemente nelle dinamiche del mercato locale. Le ricerche di mercato forniscono approfondimenti critici per ottimizzare le strategie, ridurre i rischi e sfruttare le opportunit\u00e0. Le aziende che investono nel Connecticut possono aspettarsi guadagni sostanziali se allineano le loro operazioni con la traiettoria di crescita dello stato.<\/span><\/p>\n\n\n\n<h2 class=\"wp-block-heading\"><span style=\"font-weight: 400;\"><strong>Risultati attesi dalla ricerca di mercato della SIS nel Connecticut<\/strong><\/span><\/h2>\n\n\n\n<p><b>Processo decisionale migliorato<\/b><span style=\"font-weight: 400;\">&nbsp;<\/span><\/p>\n\n\n\n<p><span style=\"font-weight: 400;\">Le ricerche di mercato nel Connecticut forniscono alle aziende i dati e gli approfondimenti necessari per prendere decisioni informate. Comprendendo le tendenze del mercato, il comportamento dei consumatori e le dinamiche competitive, le aziende possono sviluppare strategie efficaci ed efficienti.<\/span><\/p>\n\n\n\n<p><b>Targeting dei clienti migliorato<\/b><span style=\"font-weight: 400;\">&nbsp;<\/span><\/p>\n\n\n\n<p><span style=\"font-weight: 400;\">Le aziende possono indirizzare meglio i propri sforzi di marketing attraverso un&#039;analisi dettagliata dei dati demografici locali e delle preferenze dei consumatori. Ci\u00f2 porta a un maggiore coinvolgimento e a tassi di conversione migliori, con conseguente aumento delle vendite e dei ricavi.<\/span><\/p>\n\n\n\n<p><b>Aumento del vantaggio competitivo<\/b><span style=\"font-weight: 400;\">&nbsp;<\/span><\/p>\n\n\n\n<p><span style=\"font-weight: 400;\">Le ricerche di mercato nel Connecticut forniscono informazioni sui punti di forza e di debolezza dei concorrenti. Sfruttando queste informazioni, le aziende possono sviluppare strategie in grado di sfruttare le opportunit\u00e0 di mercato e differenziarsi dalla concorrenza.<\/span><\/p>\n\n\n\n<p><b>Sviluppo prodotto ottimizzato<\/b><span style=\"font-weight: 400;\">&nbsp;<\/span><\/p>\n\n\n\n<p><span style=\"font-weight: 400;\">Comprendere le esigenze e le preferenze dei consumatori del Connecticut consente alle aziende di sviluppare prodotti e servizi che soddisfano meglio le richieste del mercato. Ci\u00f2 aumenta la probabilit\u00e0 di successo del prodotto e di soddisfazione del cliente.<\/span><\/p>\n\n\n\n<p><b>Mitigazione del rischio<\/b><span style=\"font-weight: 400;\">&nbsp;<\/span><\/p>\n\n\n\n<p><a href=\"https:\/\/www.linkedin.com\/company\/sisinternationalresearch\/\" target=\"_blank\" rel=\"noopener\"><span style=\"font-weight: 400;\">SIS Internazionale<\/span><\/a><span style=\"font-weight: 400;\"> consente alle aziende di sviluppare strategie per mitigare questi rischi. Questo approccio proattivo aiuta a garantire stabilit\u00e0 e successo a lungo termine.<\/span><\/p>\n\n\n\n<h2 class=\"wp-block-heading\"><span style=\"font-weight: 400;\"><strong>Industrie chiave nel Connecticut<\/strong><\/span><\/h2>\n\n\n\n<figure class=\"gb-block-image gb-block-image-40d7ae70\"><img loading=\"lazy\" decoding=\"async\" width=\"1456\" height=\"816\" class=\"gb-image gb-image-40d7ae70\" src=\"https:\/\/www.sisinternational.com\/wp-content\/uploads\/2025\/09\/Connecticut-3.jpg\" alt=\"Ricerca e strategia di mercato internazionale SIS\" title=\"Connecticut (3)\" srcset=\"https:\/\/www.sisinternational.com\/wp-content\/uploads\/2025\/09\/Connecticut-3.jpg 1456w, https:\/\/www.sisinternational.com\/wp-content\/uploads\/2025\/09\/Connecticut-3-300x168.jpg 300w, https:\/\/www.sisinternational.com\/wp-content\/uploads\/2025\/09\/Connecticut-3-1024x574.jpg 1024w, https:\/\/www.sisinternational.com\/wp-content\/uploads\/2025\/09\/Connecticut-3-768x430.jpg 768w, https:\/\/www.sisinternational.com\/wp-content\/uploads\/2025\/09\/Connecticut-3-18x10.jpg 18w\" sizes=\"auto, (max-width: 1456px) 100vw, 1456px\"><\/figure>\n\n\n\n<p><\/p>\n\n\n\n<p><span style=\"font-weight: 400;\">L&#039;economia del Connecticut \u00e8 supportata da diverse industrie chiave, ciascuna delle quali contribuisce in modo significativo alla crescita e allo sviluppo dello stato.<\/span><\/p>\n\n\n\n<p><b>\u2022 Finanza e assicurazioni:<\/b><span style=\"font-weight: 400;\"> Il Connecticut \u00e8 conosciuto come la &quot;capitale assicurativa del mondo&quot;, con importanti aziende come Aetna, The Hartford e Travellers con sede nello stato. Il settore finanziario e assicurativo \u00e8 una pietra angolare dell&#039;economia del Connecticut, poich\u00e9 fornisce posti di lavoro e guida l&#039;attivit\u00e0 economica.<\/span><\/p>\n\n\n\n<p><b>\u2022 Biotecnologie e prodotti farmaceutici:<\/b><span style=\"font-weight: 400;\"> La biotecnologia e i prodotti farmaceutici sono settori in rapida crescita nel Connecticut. Aziende come Alexion Pharmaceuticals e Boehringer Ingelheim guidano l&#039;innovazione e la ricerca, supportate da una forte rete di universit\u00e0 e istituti di ricerca.<\/span><\/p>\n\n\n\n<p><b>\u2022 Produzione:<\/b><span style=\"font-weight: 400;\"> La produzione avanzata, in particolare quella aerospaziale, della difesa e degli strumenti di precisione, rimane un settore vitale nel Connecticut. Aziende come Pratt &amp; Whitney e Sikorsky Aircraft svolgono un ruolo cruciale nel mantenimento della forza industriale dello stato.<\/span><\/p>\n\n\n\n<p><b>\u2022 Formazione scolastica:<\/b><span style=\"font-weight: 400;\"> Il settore dell&#039;istruzione del Connecticut \u00e8 solido, con istituzioni prestigiose come l&#039;Universit\u00e0 di Yale e l&#039;Universit\u00e0 del Connecticut. Queste universit\u00e0 forniscono un\u2019istruzione di alta qualit\u00e0 e guidano la ricerca e l\u2019innovazione in vari campi, contribuendo in modo significativo all\u2019economia locale.<\/span><\/p>\n\n\n\n<p><b>\u2022 Assistenza sanitaria:<\/b><span style=\"font-weight: 400;\"> L&#039;assistenza sanitaria \u00e8 un settore fondamentale nel Connecticut, con numerosi ospedali, cliniche e istituti di ricerca che forniscono servizi e conducono ricerche mediche avanzate. Istituzioni come Hartford HealthCare e Yale New Haven Health sono importanti datori di lavoro e contribuiscono all&#039;economia dello stato.<\/span><\/p>\n\n\n\n<h2 class=\"wp-block-heading\"><span style=\"font-weight: 400;\"><strong>Principali attori nel mercato del Connecticut<\/strong><\/span><\/h2>\n\n\n\n<p><span style=\"font-weight: 400;\">Il Connecticut ospita numerosi attori leader in vari settori, ciascuno dei quali contribuisce al dinamico ambiente imprenditoriale dello stato.<\/span><\/p>\n\n\n\n<p><b>\u2022 Pratt &amp; Whitney<\/b><span style=\"font-weight: 400;\"> \u00e8 un leader globale nel settore aerospaziale. Con sede a East Hartford, l&#039;azienda \u00e8 specializzata nella progettazione e produzione di motori aeronautici. Le avanzate capacit\u00e0 produttive di Pratt &amp; Whitney e i significativi investimenti in ricerca e sviluppo guidano i progressi tecnologici e la crescita economica nel Connecticut.<\/span><\/p>\n\n\n\n<p><b>\u2022 Universit\u00e0 di Yale<\/b><span style=\"font-weight: 400;\"> \u00e8 un importante istituto di istruzione e ricerca nel Connecticut. Situata a New Haven, l&#039;influenza di Yale si estende oltre il mondo accademico, favorendo la crescita economica attraverso iniziative di ricerca, partenariati con l&#039;industria e la formazione di una forza lavoro altamente qualificata.<\/span><\/p>\n\n\n\n<p><b>\u2022 L&#039;Hartford<\/b><span style=\"font-weight: 400;\"> \u00e8 un altro attore chiave nel settore assicurativo. Essendo una delle compagnie assicurative pi\u00f9 antiche e pi\u00f9 grandi degli Stati Uniti, The Hartford fornisce vari prodotti e servizi assicurativi, supportando individui e aziende nel Connecticut e oltre.<\/span><\/p>\n\n\n\n<h2 class=\"wp-block-heading\"><span style=\"font-weight: 400;\"><strong>Principali attrazioni turistiche nel Connecticut<\/strong><\/span><\/h2>\n\n\n\n<p><span style=\"font-weight: 400;\">Il Connecticut \u00e8 rinomato per la sua ricca storia, la sua vivace cultura e la straordinaria bellezza naturale, che lo rendono una destinazione popolare per i turisti di tutto il mondo.&nbsp;<\/span><\/p>\n\n\n\n<ul class=\"wp-block-list\">\n<li><b> Porto Mistico<\/b><span style=\"font-weight: 400;\"> \u00e8 il principale museo marittimo della nazione e offre uno sguardo al passato marinaro dell&#039;America. I visitatori possono esplorare navi storiche, mostre marittime e un villaggio marinaro del XIX secolo ricreato, rendendolo una destinazione affascinante per gli appassionati di storia e le famiglie.<\/span><\/li>\n\n\n\n<li><b> Galleria d&#039;arte dell&#039;Universit\u00e0 di Yale<\/b><span style=\"font-weight: 400;\"> ospita una vasta collezione d&#039;arte di vari periodi e culture. Le diverse mostre e programmi educativi del museo ne fanno un centro culturale nel Connecticut.<\/span><\/li>\n\n\n\n<li><b> Parco statale del castello di Gillette<\/b><span style=\"font-weight: 400;\"> presenta il castello Gillette in stile medievale, costruito dall&#039;attore William Gillette. Il parco offre sentieri panoramici, aree picnic e viste mozzafiato sul fiume Connecticut, che lo rendono un luogo popolare per gli appassionati di attivit\u00e0 all&#039;aria aperta.<\/span><\/li>\n\n\n\n<li><b> Casa e museo di Mark Twain<\/b><span style=\"font-weight: 400;\"> offre visite guidate e mostre sulla vita e le opere di Twain. La casa splendidamente restaurata e il suo significato storico attirano gli amanti della letteratura in tutto il mondo.<\/span><\/li>\n<\/ul>\n\n\n\n<h2 class=\"wp-block-heading\"><span style=\"font-weight: 400;\"><strong>Opportunit\u00e0 nel Connecticut per le imprese<\/strong><\/span><\/h2>\n\n\n\n<p><span style=\"font-weight: 400;\">Il Connecticut offre numerose opportunit\u00e0 per le aziende che desiderano stabilire o espandere la propria presenza in questo mercato dinamico. Le aziende possono ottenere una crescita e un successo significativi comprendendo e sfruttando queste opportunit\u00e0.<\/span><\/p>\n\n\n\n<ul class=\"wp-block-list\">\n<li><b>Posizione strategica:<\/b><span style=\"font-weight: 400;\"> La posizione del Connecticut nel nord-est degli Stati Uniti offre un facile accesso ai principali mercati come New York City e Boston. Questa posizione strategica migliora l\u2019efficienza logistica e fornisce l\u2019accesso a un\u2019ampia base di consumatori.<\/span><\/li>\n\n\n\n<li><b>Forza lavoro qualificata:<\/b><span style=\"font-weight: 400;\"> Il Connecticut vanta una forza lavoro altamente istruita e qualificata, con un&#039;alta concentrazione di universit\u00e0 e college. Le aziende possono attingere a questo pool di talenti per promuovere l\u2019innovazione e la produttivit\u00e0.<\/span><\/li>\n\n\n\n<li><b>Tecnologia e innovazione:<\/b><span style=\"font-weight: 400;\"> Il settore tecnologico del Connecticut \u00e8 in crescita, con opportunit\u00e0 nel campo della biotecnologia, della sicurezza informatica e dello sviluppo di software. L&#039;ecosistema statale di sostegno alle startup e agli imprenditori offre numerose risorse per far prosperare le aziende tecnologiche.<\/span><\/li>\n\n\n\n<li><b>Crescita nel settore sanitario:<\/b><span style=\"font-weight: 400;\"> I continui investimenti nel settore sanitario offrono numerose opportunit\u00e0 commerciali nei settori medico e delle scienze della vita. L&#039;infrastruttura sanitaria dello Stato sostiene la ricerca e la cura dei pazienti, rendendolo un mercato attraente per le innovazioni sanitarie.<\/span><\/li>\n\n\n\n<li><b>Servizi finanziari:<\/b> Il solido settore finanziario e assicurativo del Connecticut offre opportunit\u00e0 alle aziende coinvolte nei servizi finanziari, nel fintech e nelle assicurazioni. Le istituzioni finanziarie consolidate e il contesto normativo dello Stato sostengono la crescita del settore.<\/li>\n<\/ul>\n\n\n\n<h2 class=\"wp-block-heading\"><span style=\"font-weight: 400;\"><strong>Ricerche di mercato nel Connecticut: analisi delle cinque forze di Porter del mercato del Connecticut<\/strong><\/span><\/h2>\n\n\n\n<p><span style=\"font-weight: 400;\">L&#039;analisi delle cinque forze di Porter aiuta le aziende a comprendere le forze competitive che modellano il mercato del Connecticut, fornendo una visione completa per la pianificazione strategica.<\/span><\/p>\n\n\n\n<p><b>Minaccia dei nuovi arrivati<\/b><\/p>\n\n\n\n<p><span style=\"font-weight: 400;\">La minaccia di nuovi entranti nel mercato del Connecticut varia a seconda del settore. Elevate barriere all\u2019ingresso, come requisiti normativi, investimenti di capitale significativi e concorrenti consolidati, possono scoraggiare i nuovi entranti, in particolare nei settori finanziario, sanitario e manifatturiero.<\/span><\/p>\n\n\n\n<p><b>Potere contrattuale dei fornitori<\/b><\/p>\n\n\n\n<p><span style=\"font-weight: 400;\">Il potere contrattuale dei fornitori nel Connecticut pu\u00f2 essere da moderato a elevato, a seconda del settore. I fornitori che forniscono materiali o servizi specializzati possono avere un\u2019influenza significativa in settori come quello manifatturiero e sanitario. Tuttavia, le aziende spesso mitigano questo potere diversificando la propria base di fornitori o integrandosi verticalmente.<\/span><\/p>\n\n\n\n<p><b>Potere contrattuale degli acquirenti<\/b><\/p>\n\n\n\n<p><span style=\"font-weight: 400;\">Gli acquirenti nel Connecticut hanno spesso un notevole potere contrattuale, soprattutto nei mercati competitivi con molte alternative. Ad esempio, i consumatori nel settore della vendita al dettaglio e dei servizi possono facilmente passare da un fornitore all\u2019altro, spingendo le aziende a offrire un valore e un servizio migliori per fidelizzare i clienti.<\/span><\/p>\n\n\n\n<p><b>Minaccia di sostituti<\/b><\/p>\n\n\n\n<p><span style=\"font-weight: 400;\">La minaccia dei sostituti nel Connecticut varia ampiamente a seconda del settore. Nel settore della tecnologia e dei beni di consumo, il rapido ritmo dell\u2019innovazione pu\u00f2 comportare elevati rischi di sostituzione. Le aziende devono innovarsi continuamente per rimanere rilevanti e mantenere il proprio vantaggio competitivo.<\/span><\/p>\n\n\n\n<p><b>Rivalit\u00e0 competitiva<\/b><\/p>\n\n\n\n<p><span style=\"font-weight: 400;\">La rivalit\u00e0 competitiva nel Connecticut \u00e8 generalmente elevata, guidata da numerose aziende consolidate e da un contesto di mercato dinamico. Settori come quello finanziario, assicurativo e dell\u2019istruzione sono soggetti a un\u2019intensa concorrenza, che spinge le aziende a differenziarsi attraverso l\u2019innovazione, la qualit\u00e0 e il servizio al cliente.<\/span><\/p>\n\n\n\n<h2 class=\"wp-block-heading\">Il nostro team di ricerche di mercato nel Connecticut<\/h2>\n\n\n\n<p>Il SIS conduce lavoro qualitativo sul campo, raccolta di dati quantitativi e ricerca strategica nel Connecticut. Il nostro team trae vantaggio dalle nostre migliori pratiche globali, dall&#039;esecuzione efficiente dei progetti a livello locale e dall&#039;assistenza clienti 24 ore su 24. Molti dei membri del nostro team vivono nel Connecticut e apportano le conoscenze locali per analizzare i risultati e formulare raccomandazioni.<\/p>\n\n\n\n<p><\/p>","protected":false},"excerpt":{"rendered":"<p>Il Connecticut \u00e8 strategicamente situato tra Boston e New York City e ha una popolazione di 3,5 milioni di persone. Scopri di pi\u00f9 sulle nostre capacit\u00e0 nel campo della CT.<\/p>","protected":false},"author":1,"featured_media":66522,"parent":19303,"menu_order":10,"comment_status":"closed","ping_status":"closed","template":"","meta":{"footnotes":""},"class_list":["post-24329","page","type-page","status-publish","has-post-thumbnail"],"_links":{"self":[{"href":"https:\/\/www.sisinternational.com\/it\/wp-json\/wp\/v2\/pages\/24329","targetHints":{"allow":["GET"]}}],"collection":[{"href":"https:\/\/www.sisinternational.com\/it\/wp-json\/wp\/v2\/pages"}],"about":[{"href":"https:\/\/www.sisinternational.com\/it\/wp-json\/wp\/v2\/types\/page"}],"author":[{"embeddable":true,"href":"https:\/\/www.sisinternational.com\/it\/wp-json\/wp\/v2\/users\/1"}],"replies":[{"embeddable":true,"href":"https:\/\/www.sisinternational.com\/it\/wp-json\/wp\/v2\/comments?post=24329"}],"version-history":[{"count":18,"href":"https:\/\/www.sisinternational.com\/it\/wp-json\/wp\/v2\/pages\/24329\/revisions"}],"predecessor-version":[{"id":78774,"href":"https:\/\/www.sisinternational.com\/it\/wp-json\/wp\/v2\/pages\/24329\/revisions\/78774"}],"up":[{"embeddable":true,"href":"https:\/\/www.sisinternational.com\/it\/wp-json\/wp\/v2\/pages\/19303"}],"wp:featuredmedia":[{"embeddable":true,"href":"https:\/\/www.sisinternational.com\/it\/wp-json\/wp\/v2\/media\/66522"}],"wp:attachment":[{"href":"https:\/\/www.sisinternational.com\/it\/wp-json\/wp\/v2\/media?parent=24329"}],"curies":[{"name":"wp","href":"https:\/\/api.w.org\/{rel}","templated":true}]}}