{"id":24277,"date":"2018-02-23T04:40:47","date_gmt":"2018-02-23T04:40:47","guid":{"rendered":"https:\/\/www.sisinternational.com\/?page_id=24277"},"modified":"2025-09-10T18:40:00","modified_gmt":"2025-09-10T22:40:00","slug":"consulenza-sulla-crescita","status":"publish","type":"page","link":"https:\/\/www.sisinternational.com\/it\/soluzioni\/e-la-crescita-globale\/consulenza-sulla-crescita\/","title":{"rendered":"Consulenza sulla crescita"},"content":{"rendered":"<h1 class=\"wp-block-heading\">Consulenza sulla crescita<\/h1>\n\n\n\n<figure class=\"gb-block-image gb-block-image-475b955b\"><img loading=\"lazy\" decoding=\"async\" width=\"1456\" height=\"816\" class=\"gb-image gb-image-475b955b\" src=\"https:\/\/www.sisinternational.com\/wp-content\/uploads\/2025\/08\/Sustainability-7.jpg\" alt=\"Ricerca e strategia di mercato internazionale SIS\" title=\"Sustainability (7)\" srcset=\"https:\/\/www.sisinternational.com\/wp-content\/uploads\/2025\/08\/Sustainability-7.jpg 1456w, https:\/\/www.sisinternational.com\/wp-content\/uploads\/2025\/08\/Sustainability-7-300x168.jpg 300w, https:\/\/www.sisinternational.com\/wp-content\/uploads\/2025\/08\/Sustainability-7-1024x574.jpg 1024w, https:\/\/www.sisinternational.com\/wp-content\/uploads\/2025\/08\/Sustainability-7-768x430.jpg 768w, https:\/\/www.sisinternational.com\/wp-content\/uploads\/2025\/08\/Sustainability-7-18x10.jpg 18w\" sizes=\"auto, (max-width: 1456px) 100vw, 1456px\"><\/figure>\n\n\n\n<p><\/p>\n\n\n\n<h2 class=\"wp-block-heading\">La consulenza sulla crescita si concentra sugli aspetti di prima linea di un&#039;impresa, ad esempio vendite e marketing, leadership e strategia. Le societ\u00e0 di consulenza sulla crescita sono anche reattive alle realt\u00e0 esistenti nel mercato e alla natura dell&#039;ambiente imprenditoriale odierno.<\/h2>\n\n\n\n<hr class=\"wp-block-separator has-alpha-channel-opacity is-style-dots\"\/>\n\n\n\n<p>La maggior parte delle aziende clienti pu\u00f2 beneficiare di una combinazione di tre risorse offerte dalle societ\u00e0 di consulenza sulla crescita:<\/p>\n\n\n\n<ul class=\"wp-block-list\">\n<li><strong>Consulenza sulla crescita: <\/strong>questo \u00e8 incentrato sull&#039;esercizio di valutazione delle aziende da un punto di vista esterno e sulla fornitura di raccomandazioni e approfondimenti strategici che possono essere utilizzati per migliorare un business.<\/li>\n\n\n\n<li><strong>Coaching per la crescita:<\/strong> members of the executive team can benefit significantly from this service. Here the <a href=\"https:\/\/www.sisinternational.com\/it\/soluzioni\/ai-ricerche-di-mercato-e-consulenza-strategica\/automazione-dei-prodotti-per-la-cura-personale-e-consulenza\/\" title=\"Automazione dei prodotti per la cura personale e consulenza sull&#039;intelligenza artificiale\"  data-wpil-monitor-id=\"10999\">consulting firm gets intimate and personal<\/a> with company heads, providing training and upgrading their leadership and communication skills.<\/li>\n\n\n\n<li><strong>Contrattualistica:<\/strong> \u00e8 qui che le societ\u00e0 di consulenza sulla crescita forniscono servizi in subappalto che consentono alle aziende di crescere rapidamente senza la necessit\u00e0 di impiegare diversi membri del personale a tempo pieno per stimolare la crescita.<\/li>\n<\/ul>\n\n\n\n<h2 class=\"wp-block-heading\">Consulenza<\/h2>\n\n\n\n<p>IL <a href=\"https:\/\/www.sisinternational.com\/it\/soluzioni\/consulenza-per-lospitalita-turistica-turistica\/consulenza-per-il-rebranding-di-hotel-aziendali\/\" title=\"Consulenza per il rebranding di hotel aziendali\"  data-wpil-monitor-id=\"10997\">consulting function is critical to business<\/a> success and includes assignments such as identifying growth opportunities, advising on growth challenges, and developing new business models. Consulting firms also work with clients to make <a href=\"https:\/\/www.sisinternational.com\/it\/soluzioni\/e-la-crescita-globale\/consulenza-sulla-pianificazione-strategica\/\" title=\"Consulenza sulla pianificazione strategica\"  data-wpil-monitor-id=\"10998\">strategic<\/a> decisions and make detailed action plans, and they will recommend alternative approaches as well.<\/p>\n\n\n\n<p>Le societ\u00e0 di consulenza sulla crescita sono generalmente consapevoli delle \u201cmigliori pratiche\u201d del settore a causa della loro esposizione e associazione con varie organizzazioni e possono consigliare le loro aziende clienti di conseguenza.<\/p>\n\n\n\n<p>When selecting a growth consulting firm, clients usually use specific selection criteria. These criteria include the firm&#8217;s knowledge of the client company&#8217;s <a href=\"https:\/\/www.sisinternational.com\/it\/soluzioni\/soluzioni-di-branding-e-ricerca-clienti\/ricerche-di-mercato-sulla-cura-della-pelle\/\" title=\"Ricerche di mercato per la cura della pelle | Consulenza nel settore della bellezza\"  data-wpil-monitor-id=\"10993\">industry and the expertise of the consulting<\/a> team. They look for companies that know about their pain points, nuances of their industries, trends, strengths, weaknesses and opportunities for growth.<\/p>\n\n\n\n<h2 class=\"wp-block-heading\">Istruire<\/h2>\n\n\n\n<p>Managers are all too often thrown into the deep end and left to sink or swim, with no plan for their development. &nbsp;Growth Consulting firms solve that problem by offering developmental sessions that are tailored to be relevant and appropriate to the industries with which they work. Some firms also provide courses to team leaders and supervisors.<\/p>\n\n\n\n<p>Oltre a fornire formazione agli alti dirigenti e al middle management, una societ\u00e0 di consulenza per la crescita lavorer\u00e0 anche con il personale di vendita e altri lavoratori per garantire che tutti i dipendenti comprendano il marchio e la cultura aziendale della propria azienda. Il cross-selling e l&#039;upselling costituiscono spesso una parte significativa di questa formazione, che garantisce la promozione del marchio dell&#039;azienda cliente.<\/p>\n\n\n\n<h2 class=\"wp-block-heading\">Contrattualistica<\/h2>\n\n\n\n<p>Un altro modo in cui le societ\u00e0 di consulenza sulla crescita supportano le imprese \u00e8 attraverso la contrattazione in settori quali la tecnologia dell&#039;informazione e i servizi correlati e il marketing. Gli appalti riducono significativamente i costi perch\u00e9 le aziende clienti possono ora pagare per questi servizi solo quando se ne presenta la necessit\u00e0, invece di assumere un lavoratore e dover pagare a quel lavoratore uno stipendio mensile o settimanale.<\/p>\n\n\n\n<p>Un altro vantaggio dell\u2019esternalizzazione di compiti specifici \u00e8 che garantisce un lavoro di alta qualit\u00e0. Le societ\u00e0 di consulenza sulla crescita di solito hanno accesso a risorse eccellenti e appaltatori specializzati. Le aziende clienti traggono vantaggio dagli appalti anche quando hanno bisogno di svolgere un lavoro, che richiede conoscenze specializzate o strumenti speciali.<\/p>\n\n\n\n<h2 class=\"wp-block-heading\">Come la Growth Consulting aggiunge valore<\/h2>\n\n\n\n<p>Large companies employ in-house analysts to perform the functions traditionally carried out by consulting firms. Midsize and small companies realize the value in building strategic advantages and rapidly scaling up <a href=\"https:\/\/www.sisinternational.com\/it\/soluzioni\/ricerche-di-mercato-sulle-vendite-aziendali-b2b\/\" title=\"Ricerche di mercato sulle vendite aziendali B2B\"  data-wpil-monitor-id=\"10996\">sales and marketing<\/a> initiatives .&nbsp; As businesses recognize the importance of this service, more and more small companies are opting to hire these firms.<\/p>\n\n\n\n<p>Growth Consulting firms are essential because they make processes more efficient and profitable.&nbsp; They streamline workflows and increase productivity.&nbsp; Efficient sales, <a href=\"https:\/\/www.sisinternational.com\/it\/competenza\/industrie\/ricerche-di-mercato-sulle-risorse-naturali\/\" title=\"Ricerche di mercato sulle risorse naturali\"  data-wpil-monitor-id=\"10995\">marketing and operations allow resources<\/a> to be deployed to high value priorities.&nbsp; They provide much-needed business analysis services, which are critical for <a href=\"https:\/\/www.sisinternational.com\/it\/competenza\/curriculum-di-esperienza\/ricerche-di-mercato-sui-prodotti-per-la-cura-personale\/\" title=\"Ricerche di mercato sui prodotti per la cura personale\"  data-wpil-monitor-id=\"10994\">product development and directing marketing<\/a> efforts.<\/p>\n\n\n<h2>La nostra sede a New York<\/h2>\n<p><iframe loading=\"lazy\" src=\"https:\/\/www.google.com\/maps\/embed?pb=!1m18!1m12!1m3!1d3022.976188376966!2d-73.99130312499956!3d40.740549471389315!2m3!1f0!2f0!3f0!3m2!1i1024!2i768!4f13.1!3m3!1m2!1s0x89c259a15798c731%3A0xd695d09bdd495f25!2s11%20E%2022nd%20St%20FL%202%2C%20New%20York%2C%20NY%2010010%2C%20USA!5e0!3m2!1sen!2spe!4v1726171763526!5m2!1sen!2spe\" width=\"600\" height=\"450\" allowfullscreen=\"allowfullscreen\" data-mce-fragment=\"1\"><\/iframe><\/p>\n<h3 class=\"wp-block-heading\">11 E 22nd Street, Piano 2, New York, NY 10010 T: +1(212) 505-6805<\/h3>\n<hr \/>\n<h2><span style=\"font-weight: 400;\">A proposito di SIS Internazionale<\/span><\/h2>\n<p><a href=\"https:\/\/www.sisinternational.com\/it\/\"><span style=\"font-weight: 400;\">SIS Internazionale<\/span><\/a><span style=\"font-weight: 400;\">\u00a0offers Quantitative, Qualitative, and Strategy Research. We provide data, tools, strategies, reports, and insights for decision-making. We also conduct interviews, surveys, focus groups, and other <a href=\"https:\/\/www.sisinternational.com\/it\/quantitative-market-research-methods-and-techniques\/\" title=\"Quantitative Market Research Methods and Techniques\"  data-wpil-monitor-id=\"10992\">Market Research methods<\/a> and approaches.<\/span><a href=\"https:\/\/www.sisinternational.com\/it\/sulla-sua-ricerca-internazionale\/contact-sis-international-market-research\/\"><span style=\"font-weight: 400;\">\u00a0Contattaci<\/span><\/a><span style=\"font-weight: 400;\">\u00a0per il tuo prossimo progetto di ricerca di mercato.<\/span><\/p>\n<\/p>\n\n\n<p><\/p>","protected":false},"excerpt":{"rendered":"<p>SIS International fornisce soluzioni di consulenza per la crescita. Forniamo soluzioni di vendita e marketing. Scopri di pi\u00f9 su come scoprire nuove opportunit\u00e0 di crescita.<\/p>","protected":false},"author":1,"featured_media":62861,"parent":22092,"menu_order":7,"comment_status":"closed","ping_status":"closed","template":"","meta":{"footnotes":""},"class_list":["post-24277","page","type-page","status-publish","has-post-thumbnail"],"_links":{"self":[{"href":"https:\/\/www.sisinternational.com\/it\/wp-json\/wp\/v2\/pages\/24277","targetHints":{"allow":["GET"]}}],"collection":[{"href":"https:\/\/www.sisinternational.com\/it\/wp-json\/wp\/v2\/pages"}],"about":[{"href":"https:\/\/www.sisinternational.com\/it\/wp-json\/wp\/v2\/types\/page"}],"author":[{"embeddable":true,"href":"https:\/\/www.sisinternational.com\/it\/wp-json\/wp\/v2\/users\/1"}],"replies":[{"embeddable":true,"href":"https:\/\/www.sisinternational.com\/it\/wp-json\/wp\/v2\/comments?post=24277"}],"version-history":[{"count":4,"href":"https:\/\/www.sisinternational.com\/it\/wp-json\/wp\/v2\/pages\/24277\/revisions"}],"predecessor-version":[{"id":81800,"href":"https:\/\/www.sisinternational.com\/it\/wp-json\/wp\/v2\/pages\/24277\/revisions\/81800"}],"up":[{"embeddable":true,"href":"https:\/\/www.sisinternational.com\/it\/wp-json\/wp\/v2\/pages\/22092"}],"wp:featuredmedia":[{"embeddable":true,"href":"https:\/\/www.sisinternational.com\/it\/wp-json\/wp\/v2\/media\/62861"}],"wp:attachment":[{"href":"https:\/\/www.sisinternational.com\/it\/wp-json\/wp\/v2\/media?parent=24277"}],"curies":[{"name":"wp","href":"https:\/\/api.w.org\/{rel}","templated":true}]}}