{"id":24010,"date":"2018-02-17T21:19:28","date_gmt":"2018-02-17T21:19:28","guid":{"rendered":"https:\/\/www.sisinternational.com\/?page_id=24010"},"modified":"2026-01-25T16:52:27","modified_gmt":"2026-01-25T21:52:27","slug":"market_research_in_new_jersey","status":"publish","type":"page","link":"https:\/\/www.sisinternational.com\/it\/copertura\/north-america\/copertura-degli-stati-uniti\/market_research_in_new_jersey\/","title":{"rendered":"Ricerche di mercato nel New Jersey"},"content":{"rendered":"<h1 class=\"wp-block-heading\">Ricerche di mercato nel New Jersey<\/h1>\n\n\n\n<figure class=\"gb-block-image gb-block-image-954f35b5\"><img loading=\"lazy\" decoding=\"async\" width=\"1456\" height=\"816\" class=\"gb-image gb-image-954f35b5\" src=\"https:\/\/www.sisinternational.com\/wp-content\/uploads\/2025\/09\/New-Jersey-2.jpg\" alt=\"Ricerca e strategia di mercato internazionale SIS\" title=\"New Jersey (2)\" srcset=\"https:\/\/www.sisinternational.com\/wp-content\/uploads\/2025\/09\/New-Jersey-2.jpg 1456w, https:\/\/www.sisinternational.com\/wp-content\/uploads\/2025\/09\/New-Jersey-2-300x168.jpg 300w, https:\/\/www.sisinternational.com\/wp-content\/uploads\/2025\/09\/New-Jersey-2-1024x574.jpg 1024w, https:\/\/www.sisinternational.com\/wp-content\/uploads\/2025\/09\/New-Jersey-2-768x430.jpg 768w, https:\/\/www.sisinternational.com\/wp-content\/uploads\/2025\/09\/New-Jersey-2-18x10.jpg 18w\" sizes=\"auto, (max-width: 1456px) 100vw, 1456px\"><\/figure>\n\n\n\n<p><\/p>\n\n\n\n<hr class=\"wp-block-separator has-alpha-channel-opacity is-style-dots\"\/>\n\n\n\n<h2 class=\"wp-block-heading\"><span style=\"font-weight: 400;\">Le ricerche di mercato nel New Jersey sono uno strumento vitale per le aziende che desiderano orientarsi in questo panorama competitivo, scoprire opportunit\u00e0 e promuovere la crescita. <\/span><\/h2>\n\n\n\n<p><span style=\"font-weight: 400;\">Le ricerche di mercato nel New Jersey sono una componente cruciale di qualsiasi strategia aziendale\u2026 Ma cosa comportano esattamente e perch\u00e9 sono cos\u00ec importanti? Le aziende possono ottenere informazioni utili che informano le loro strategie e guidano la crescita comprendendo il mercato locale, comprese le preferenze dei consumatori, il comportamento di acquisto e il panorama competitivo.<\/span><span style=\"font-weight: 400;\">&nbsp;<\/span><\/p>\n\n\n\n<h2 class=\"wp-block-heading\"><span style=\"font-weight: 400;\">Cos&#039;\u00e8 la ricerca di mercato nel New Jersey? Perch\u00e9 \u00e8 importante?<\/span><\/h2>\n\n\n\n<p><span style=\"font-weight: 400;\"><a href=\"https:\/\/www.sisinternational.com\/it\/copertura\/europa\/ricerche-di-mercato-maglia-europa\/\" title=\"Ricerche di mercato a Jersey, Europa\"  data-wpil-monitor-id=\"3764\">Ricerche di mercato nel New Jersey<\/a> encompasses a range of methodologies and strategies aimed at understanding the unique dynamics of the state&#8217;s diverse market. This process involves collecting and analyzing data about consumer behaviors, market trends, and competitive landscapes. <\/span><\/p>\n\n\n\n<h2 class=\"wp-block-heading\"><span style=\"font-weight: 400;\">Vantaggi delle ricerche di mercato nel New Jersey<\/span><\/h2>\n\n\n\n<p><span style=\"font-weight: 400;\">Le ricerche di mercato nel New Jersey offrono numerosi vantaggi che possono avere un impatto significativo sul successo di un&#039;azienda. Prima di approfondire i vantaggi specifici, \u00e8 fondamentale comprendere che tali vantaggi derivano dalle intuizioni complete e dalla guida strategica delle ricerche di mercato.<\/span><\/p>\n\n\n\n<ul class=\"wp-block-list\">\n<li><b>Processo decisionale informato:<\/b><span style=\"font-weight: 400;\"> Le ricerche di mercato nel New Jersey forniscono alle aziende approfondimenti basati sui dati, consentendo loro di prendere decisioni informate sulle loro strategie e operazioni.<\/span><\/li>\n\n\n\n<li><b>Vantaggio competitivo:<\/b><span style=\"font-weight: 400;\"> Comprendendo il panorama competitivo, le aziende possono sviluppare strategie che le differenziano dai concorrenti.<\/span><\/li>\n\n\n\n<li><b>Opinioni dei clienti:<\/b><span style=\"font-weight: 400;\"> Le ricerche di mercato nel New Jersey forniscono informazioni dettagliate sulle preferenze e sui comportamenti dei clienti, aiutando le aziende a personalizzare le proprie offerte per soddisfare la domanda del mercato.<\/span><\/li>\n\n\n\n<li><b>Mitigazione del rischio:<\/b><span style=\"font-weight: 400;\"> L\u2019analisi delle tendenze del mercato e dei potenziali rischi consente alle aziende di sviluppare strategie per mitigare questi rischi ed evitare errori costosi.<\/span><\/li>\n\n\n\n<li><b>Opportunit\u00e0 di mercato:<\/b> L\u2019identificazione delle tendenze e delle opportunit\u00e0 emergenti consente alle aziende di trarre vantaggio da nuovi segmenti di mercato e stimolare la crescita.<\/li>\n<\/ul>\n\n\n\n<h2 class=\"wp-block-heading\"><span style=\"font-weight: 400;\">Chi utilizza le ricerche di mercato nel New Jersey?<\/span><\/h2>\n\n\n\n<p><b>Grandi aziende<\/b><span style=\"font-weight: 400;\"> spesso si affidano alle ricerche di mercato per ottenere informazioni dettagliate sul comportamento dei consumatori, sulle dinamiche competitive e sulle tendenze emergenti, consentendo loro di stare al passo con la concorrenza.&nbsp;<\/span><\/p>\n\n\n\n<p><b>Piccole e medie imprese (PMI)<\/b><span style=\"font-weight: 400;\"> traggono grande vantaggio anche dalle ricerche di mercato nel New Jersey. Per queste aziende, la ricerca di mercato fornisce dati cruciali che le aiutano a comprendere il pubblico di destinazione, a ottimizzare gli sforzi di marketing e a identificare nuove opportunit\u00e0 di crescita.<\/span><\/p>\n\n\n\n<p><b>Organizzazione no profit<\/b><span style=\"font-weight: 400;\"> E <\/span><b>agenzie governative<\/b><span style=\"font-weight: 400;\"> nel New Jersey utilizzano le ricerche di mercato per comprendere meglio le comunit\u00e0 che servono e per sviluppare programmi e politiche che rispondano ai bisogni e alle preferenze delle popolazioni target.&nbsp;<\/span><\/p>\n\n\n\n<h2 class=\"wp-block-heading\"><span style=\"font-weight: 400;\">La nostra attuale revisione del mercato e raccomandazioni<\/span><\/h2>\n\n\n\n<p><span style=\"font-weight: 400;\">We believe that New Jersey&#8217;s market is rapidly evolving. Trends such as the increasing adoption of technology, changing consumer preferences, and the rise of e-commerce are shaping the business landscape.\u00a0<\/span><\/p>\n\n\n\n<p><span style=\"font-weight: 400;\">Le prospettive future per il mercato del New Jersey sono promettenti, con la previsione di una continua crescita economica e innovazione. Le aziende che investono nella comprensione delle dinamiche del mercato e nell\u2019adattamento ai cambiamenti saranno ben posizionate per prosperare. Prevediamo una maggiore concorrenza, rendendo fondamentale per le aziende differenziarsi attraverso prodotti e servizi innovativi.<\/span><\/p>\n\n\n\n<h2 class=\"wp-block-heading\"><span style=\"font-weight: 400;\">Risultati attesi dalla ricerca di mercato SIS nel New Jersey<\/span><\/h2>\n\n\n\n<figure class=\"gb-block-image gb-block-image-06debd50\"><img loading=\"lazy\" decoding=\"async\" width=\"1456\" height=\"816\" class=\"gb-image gb-image-06debd50\" src=\"https:\/\/www.sisinternational.com\/wp-content\/uploads\/2025\/09\/New-Jersey-3.jpg\" alt=\"Ricerca e strategia di mercato internazionale SIS\" title=\"New Jersey (3)\" srcset=\"https:\/\/www.sisinternational.com\/wp-content\/uploads\/2025\/09\/New-Jersey-3.jpg 1456w, https:\/\/www.sisinternational.com\/wp-content\/uploads\/2025\/09\/New-Jersey-3-300x168.jpg 300w, https:\/\/www.sisinternational.com\/wp-content\/uploads\/2025\/09\/New-Jersey-3-1024x574.jpg 1024w, https:\/\/www.sisinternational.com\/wp-content\/uploads\/2025\/09\/New-Jersey-3-768x430.jpg 768w, https:\/\/www.sisinternational.com\/wp-content\/uploads\/2025\/09\/New-Jersey-3-18x10.jpg 18w\" sizes=\"auto, (max-width: 1456px) 100vw, 1456px\"><\/figure>\n\n\n\n<p><\/p>\n\n\n\n<p><span style=\"font-weight: 400;\">Impegnarsi in ricerche di mercato con SIS International offre numerosi vantaggi chiave, tra cui:<\/span><\/p>\n\n\n\n<ul class=\"wp-block-list\">\n<li><b>Processo decisionale migliorato:<\/b><span style=\"font-weight: 400;\"> Le ricerche di mercato nel New Jersey forniscono alle aziende dati e approfondimenti affidabili, consentendo loro di prendere decisioni ben informate.<\/span><\/li>\n\n\n\n<li><b>Posizione competitiva migliorata:<\/b><span style=\"font-weight: 400;\"> Comprendendo il panorama competitivo, le aziende possono sviluppare strategie che le distinguano.<\/span><\/li>\n\n\n\n<li><b>Maggiore soddisfazione del cliente:<\/b><span style=\"font-weight: 400;\"> Gli approfondimenti sulle preferenze e sui comportamenti dei clienti consentono alle aziende di personalizzare le proprie offerte per soddisfare la domanda del mercato.<\/span><\/li>\n\n\n\n<li><b>Gestione del rischio:<\/b><span style=\"font-weight: 400;\"> Identificare potenziali rischi e sfide aiuta le aziende a sviluppare strategie per mitigarli in modo efficace.<\/span><\/li>\n\n\n\n<li><b>Espansione del mercato:<\/b><span style=\"font-weight: 400;\"> Comprendere le tendenze e le opportunit\u00e0 del mercato consente alle aziende di esplorare nuovi segmenti di mercato e favorire la crescita.<\/span><\/li>\n\n\n\n<li><b>Innovazione:<\/b><span style=\"font-weight: 400;\"> La ricerca di mercato promuove l\u2019innovazione evidenziando bisogni insoddisfatti e tendenze emergenti, guidando lo sviluppo di nuovi prodotti e servizi.<\/span><\/li>\n<\/ul>\n\n\n\n<h2 class=\"wp-block-heading\"><span style=\"font-weight: 400;\">Principali attrazioni turistiche nel New Jersey<\/span><\/h2>\n\n\n\n<p><span style=\"font-weight: 400;\">Il New Jersey ha varie attrazioni turistiche che attirano visitatori da tutto il mondo. Queste attrazioni mettono in risalto la ricca storia e il patrimonio culturale dello stato e contribuiscono in modo significativo alla sua economia.<\/span><\/p>\n\n\n\n<ul class=\"wp-block-list\">\n<li><b>Citt\u00e0 atlantica:<\/b><span style=\"font-weight: 400;\"> Conosciuta per il suo vivace lungomare, la vivace vita notturna e i casin\u00f2 di livello mondiale, Atlantic City \u00e8 un&#039;importante destinazione turistica che offre intrattenimento e attivit\u00e0 ricreative.<\/span><\/li>\n\n\n\n<li><b>Parco statale della Libert\u00e0:<\/b><span style=\"font-weight: 400;\"> Situato a Jersey City, questo parco offre viste mozzafiato sulla Statua della Libert\u00e0 e su Ellis Island. \u00c8 un luogo popolare per picnic, pesca ed esplorazione di monumenti storici.<\/span><\/li>\n\n\n\n<li><b>Capo maggio:<\/b><span style=\"font-weight: 400;\"> Questa localit\u00e0 balneare \u00e8 famosa per la sua architettura vittoriana, le spiagge incontaminate e la vivace scena artistica. Attrae visitatori tutto l&#039;anno con la sua miscela unica di storia e bellezza naturale.<\/span><\/li>\n\n\n\n<li><b>La grande avventura di Six Flags:<\/b><span style=\"font-weight: 400;\"> Situato a Jackson, questo parco divertimenti ospita giostre emozionanti, un parco safari e attrazioni per famiglie, che lo rendono una destinazione preferita per chi cerca l&#039;avventura.<\/span><\/li>\n\n\n\n<li><b>Universit\u00e0 di Princeton:<\/b><span style=\"font-weight: 400;\"> Essendo una delle universit\u00e0 pi\u00f9 antiche e prestigiose degli Stati Uniti, la Princeton University offre visite guidate al suo campus storico, tra cui l&#039;iconica Nassau Hall e il Princeton University Art Museum.<\/span><\/li>\n<\/ul>\n\n\n\n<h2 class=\"wp-block-heading\"><span style=\"font-weight: 400;\">Driver di mercato<\/span><\/h2>\n\n\n\n<p><span style=\"font-weight: 400;\">Uno dei principali fattori trainanti del mercato nel New Jersey \u00e8 il suo <\/span><b>posizione strategica<\/b><span style=\"font-weight: 400;\">. La vicinanza alle principali aree metropolitane come New York e Filadelfia offre alle aziende l\u2019accesso a grandi mercati di consumo, manodopera qualificata ed eccellenti infrastrutture di trasporto. Questa posizione vantaggiosa favorisce l\u2019attivit\u00e0 economica e attrae investimenti.<\/span><\/p>\n\n\n\n<p><span style=\"font-weight: 400;\">Un altro fattore chiave \u00e8 <\/span><b>innovazione e tecnologia<\/b><span style=\"font-weight: 400;\">. Il New Jersey ha numerosi centri tecnologici e istituti di ricerca che guidano il progresso in vari settori, tra cui quello farmaceutico, la biotecnologia e la tecnologia dell\u2019informazione. Le aziende che sfruttano queste innovazioni possono ottenere un vantaggio competitivo e stimolare la crescita.<\/span><\/p>\n\n\n\n<p><b>Una forza lavoro diversificata e qualificata<\/b><span style=\"font-weight: 400;\"> \u00e8 anche un importante driver di mercato. La forza lavoro del New Jersey \u00e8 nota per i suoi elevati livelli di istruzione e competenza in vari settori. Questo pool di talenti consente alle aziende di mantenere elevati standard di produttivit\u00e0 e innovazione.<\/span><\/p>\n\n\n\n<p><span style=\"font-weight: 400;\">Finalmente, <\/span><b>incentivi e sostegno statale<\/b><span style=\"font-weight: 400;\"> sono cruciali nel guidare il mercato. Il New Jersey offre vari incentivi fiscali, sovvenzioni e programmi di supporto per attrarre e trattenere le imprese. Questi incentivi aiutano a ridurre i costi operativi e incoraggiano la crescita e l\u2019espansione del business.<\/span><\/p>\n\n\n\n<h2 class=\"wp-block-heading\"><span style=\"font-weight: 400;\">Restrizioni del mercato<\/span><\/h2>\n\n\n\n<p><span style=\"font-weight: 400;\">IL <\/span><b>l\u2019alto costo della vita e degli affari \u00e8 una restrizione. <\/b>La vicinanza dello Stato alle principali aree metropolitane contribuisce ad aumentare <span style=\"font-weight: 400;\">spese immobiliari, di manodopera e altre spese operative. Le aziende devono gestire attentamente le proprie risorse e ottimizzare le proprie operazioni per rimanere competitive nonostante questi costi pi\u00f9 elevati.<\/span><\/p>\n\n\n\n<p><b>Sfide normative<\/b><span style=\"font-weight: 400;\"> rappresentano anche un limite per le imprese nel New Jersey. Lo stato ha un contesto normativo complesso, con varie leggi e regolamenti a cui le aziende devono conformarsi. Orientarsi tra queste normative pu\u00f2 essere dispendioso in termini di tempo e denaro, in particolare per le aziende pi\u00f9 piccole che potrebbero non avere le risorse per gestire ampi requisiti di conformit\u00e0.<\/span><\/p>\n\n\n\n<p><b>concorrenza<\/b><span style=\"font-weight: 400;\"> \u00e8 un&#039;altra limitazione importante. La posizione strategica e le opportunit\u00e0 economiche del New Jersey attraggono molte imprese, creando un mercato altamente competitivo.<\/span><\/p>\n\n\n\n<h2 class=\"wp-block-heading\"><span style=\"font-weight: 400;\">Ricerche di mercato nel New Jersey: analisi SWOT&nbsp;<\/span><\/h2>\n\n\n\n<figure class=\"gb-block-image gb-block-image-849fcc4c\"><img loading=\"lazy\" decoding=\"async\" width=\"1456\" height=\"816\" class=\"gb-image gb-image-849fcc4c\" src=\"https:\/\/www.sisinternational.com\/wp-content\/uploads\/2025\/09\/New-Jersey-1.jpg\" alt=\"Ricerca e strategia di mercato internazionale SIS\" title=\"New Jersey (1)\" srcset=\"https:\/\/www.sisinternational.com\/wp-content\/uploads\/2025\/09\/New-Jersey-1.jpg 1456w, https:\/\/www.sisinternational.com\/wp-content\/uploads\/2025\/09\/New-Jersey-1-300x168.jpg 300w, https:\/\/www.sisinternational.com\/wp-content\/uploads\/2025\/09\/New-Jersey-1-1024x574.jpg 1024w, https:\/\/www.sisinternational.com\/wp-content\/uploads\/2025\/09\/New-Jersey-1-768x430.jpg 768w, https:\/\/www.sisinternational.com\/wp-content\/uploads\/2025\/09\/New-Jersey-1-18x10.jpg 18w\" sizes=\"auto, (max-width: 1456px) 100vw, 1456px\"><\/figure>\n\n\n\n<p><\/p>\n\n\n\n<p><span style=\"font-weight: 400;\">Condurre un&#039;analisi SWOT aiuta le aziende a valutare l&#039;attrattiva del mercato del New Jersey identificandone i punti di forza, di debolezza, le opportunit\u00e0 e le minacce. Questa analisi fornisce una panoramica completa del contesto di mercato e guida la pianificazione strategica.<\/span><\/p>\n\n\n\n<p><strong>Punti di forza:<\/strong><\/p>\n\n\n\n<p><span style=\"font-weight: 400;\">La posizione strategica del New Jersey, la forza lavoro qualificata e la solida infrastruttura sono punti di forza significativi che rendono il mercato attraente per le imprese. La vicinanza dello Stato alle principali citt\u00e0, le estese reti di trasporto e l&#039;accesso a un pool di talenti diversificato forniscono alle aziende un vantaggio competitivo. Inoltre, i centri di innovazione e gli istituti di ricerca del New Jersey guidano i progressi tecnologici e promuovono una cultura dell&#039;innovazione.<\/span><\/p>\n\n\n\n<p><strong>Punti deboli:<\/strong><\/p>\n\n\n\n<p><span style=\"font-weight: 400;\">The high cost of living and doing business, and regulatory challenges are notable weaknesses. These factors can increase operational costs and create barriers to entry for new businesses. Companies must develop strategies to manage these costs and navigate the regulatory landscape effectively.<\/span><\/p>\n\n\n\n<p><strong>Opportunit\u00e0:<\/strong><\/p>\n\n\n\n<p><span style=\"font-weight: 400;\">Il New Jersey offre numerose opportunit\u00e0 di crescita, in particolare nel settore tecnologico, sanitario e farmaceutico. Le tendenze emergenti in questi settori, combinate con incentivi statali e programmi di sostegno, creano un ambiente favorevole per l\u2019espansione e l\u2019innovazione del business. Le aziende possono anche esplorare nuovi segmenti di mercato e sfruttare la diversificata base di consumatori dello Stato per stimolare la crescita.<\/span><\/p>\n\n\n\n<p><strong>Minacce:<\/strong><\/p>\n\n\n\n<p><span style=\"font-weight: 400;\">La forte concorrenza e le fluttuazioni economiche rappresentano una minaccia significativa per le imprese del New Jersey. Le aziende devono rimanere vigili e adattabili per stare al passo con la concorrenza e mitigare l\u2019impatto delle recessioni economiche. Inoltre, i cambiamenti normativi e l\u2019evoluzione delle condizioni di mercato possono creare incertezza e sfide che le aziende devono affrontare.<\/span><\/p>\n\n\n\n<h2 class=\"wp-block-heading\"><span style=\"font-weight: 400;\">In che modo le ricerche di mercato di SIS International nel New Jersey aiutano le aziende<\/span><\/h2>\n\n\n\n<p><span style=\"font-weight: 400;\">I servizi di ricerca di mercato di SIS International nel New Jersey offrono un supporto completo alle aziende, aiutandole a destreggiarsi tra le complessit\u00e0 del mercato del New Jersey e a raggiungere i propri obiettivi strategici. La nostra esperienza nelle ricerche di mercato fornisce alle aziende informazioni preziose che guidano la crescita e l\u2019innovazione.<\/span><\/p>\n\n\n\n<p><b>Riduzione del rischio:<\/b><span style=\"font-weight: 400;\">&nbsp;<\/span><\/p>\n\n\n\n<p><span style=\"font-weight: 400;\">Condurre approfondite ricerche di mercato, <\/span><a href=\"https:\/\/twitter.com\/SISIntlResearch\" target=\"_blank\" rel=\"noopener\"><span style=\"font-weight: 400;\">SIS<\/span><\/a><span style=\"font-weight: 400;\"> aiuta le aziende a identificare i potenziali rischi e a sviluppare strategie di mitigazione. Comprendere le dinamiche del mercato e il comportamento dei consumatori consente alle aziende di prendere decisioni informate che riducono al minimo le incertezze e migliorano la stabilit\u00e0.<\/span><\/p>\n\n\n\n<p><b>Aumento delle entrate:<\/b><span style=\"font-weight: 400;\">&nbsp;<\/span><\/p>\n\n\n\n<p><span style=\"font-weight: 400;\">I nostri servizi di ricerche di mercato nel New Jersey consentono alle aziende di scoprire nuove opportunit\u00e0 e ottimizzare le proprie strategie per aumentare le entrate. Analizzando le tendenze del mercato e le preferenze dei clienti, forniamo informazioni utili che aiutano le aziende a sviluppare prodotti e servizi in grado di soddisfare la domanda del mercato.<\/span><\/p>\n\n\n\n<p><b>Risparmi:<\/b><span style=\"font-weight: 400;\">&nbsp;<\/span><\/p>\n\n\n\n<p><span style=\"font-weight: 400;\">Le ricerche di mercato aiutano le aziende a semplificare le proprie operazioni e ad allocare le risorse in modo pi\u00f9 efficiente. Comprendendo le condizioni del mercato e le dinamiche competitive, le aziende possono evitare errori costosi e concentrarsi su iniziative ad alto impatto che guidano la crescita.<\/span><\/p>\n\n\n\n<p><b>Risparmio di tempo:<\/b><span style=\"font-weight: 400;\">&nbsp;<\/span><\/p>\n\n\n\n<p><span style=\"font-weight: 400;\"><a href=\"https:\/\/www.linkedin.com\/company\/sisinternationalresearch\/\" target=\"_blank\" rel=\"noopener\">SIS Internazionale<\/a>Le competenze e le risorse di consentono alle aziende di condurre ricerche di mercato in modo pi\u00f9 efficiente. Le nostre analisi complete e raccomandazioni strategiche fanno risparmiare tempo e fatica alle aziende, consentendo loro di concentrarsi sulle operazioni principali e sulle iniziative strategiche.<\/span><\/p>\n\n\n\n<p><b>Crescita accelerata e innovazione:<\/b><span style=\"font-weight: 400;\">&nbsp;<\/span><\/p>\n\n\n\n<p><span style=\"font-weight: 400;\">Sfruttando i nostri servizi di ricerca di mercato, le aziende possono stare al passo con le tendenze del mercato e promuovere l\u2019innovazione. Le nostre conoscenze sulle opportunit\u00e0 emergenti e sulle esigenze dei consumatori guidano lo sviluppo di nuovi prodotti e servizi che alimentano la crescita e migliorano la competitivit\u00e0.<\/span><\/p>\n\n\n\n<p><b>ROI migliorato:<\/b><span style=\"font-weight: 400;\">&nbsp;<\/span><\/p>\n\n\n\n<p><span style=\"font-weight: 400;\">Forniamo alle aziende un elevato ritorno sull&#039;investimento fornendo informazioni fruibili che guidano il processo decisionale strategico. Le aziende possono ottimizzare il marketing, lo sviluppo del prodotto e le strategie operative per ottenere risultati migliori e una maggiore redditivit\u00e0.<\/span><\/p>\n\n\n\n<h2 class=\"wp-block-heading\"><span style=\"font-weight: 400;\">A proposito di SIS Internazionale<\/span><\/h2>\n\n\n\n<p><a href=\"https:\/\/www.sisinternational.com\/it\/\"><span style=\"font-weight: 400;\">SIS Internazionale<\/span><\/a><span style=\"font-weight: 400;\"> offre ricerca quantitativa, qualitativa e strategica. Forniamo dati, strumenti, strategie, report e approfondimenti per il processo decisionale. Conduciamo anche interviste, sondaggi, focus group e altri metodi e approcci di ricerca di mercato.<\/span><a href=\"https:\/\/www.sisinternational.com\/it\/sulla-sua-ricerca-internazionale\/contact-sis-international-market-research\/\"><span style=\"font-weight: 400;\"> Contattaci<\/span><\/a><span style=\"font-weight: 400;\"> per il tuo prossimo progetto di ricerca di mercato.<\/span><\/p>\n\n\n\n<h2 class=\"wp-block-heading\">&nbsp;<\/h2>","protected":false},"excerpt":{"rendered":"<p>SIS provides Market Research and Focus Groups in New Jersey with a robust fieldwork &#038; data collection team, facilities and resources.<\/p>","protected":false},"author":1,"featured_media":66952,"parent":19303,"menu_order":6,"comment_status":"closed","ping_status":"closed","template":"","meta":{"footnotes":""},"class_list":["post-24010","page","type-page","status-publish","has-post-thumbnail"],"_links":{"self":[{"href":"https:\/\/www.sisinternational.com\/it\/wp-json\/wp\/v2\/pages\/24010","targetHints":{"allow":["GET"]}}],"collection":[{"href":"https:\/\/www.sisinternational.com\/it\/wp-json\/wp\/v2\/pages"}],"about":[{"href":"https:\/\/www.sisinternational.com\/it\/wp-json\/wp\/v2\/types\/page"}],"author":[{"embeddable":true,"href":"https:\/\/www.sisinternational.com\/it\/wp-json\/wp\/v2\/users\/1"}],"replies":[{"embeddable":true,"href":"https:\/\/www.sisinternational.com\/it\/wp-json\/wp\/v2\/comments?post=24010"}],"version-history":[{"count":26,"href":"https:\/\/www.sisinternational.com\/it\/wp-json\/wp\/v2\/pages\/24010\/revisions"}],"predecessor-version":[{"id":77956,"href":"https:\/\/www.sisinternational.com\/it\/wp-json\/wp\/v2\/pages\/24010\/revisions\/77956"}],"up":[{"embeddable":true,"href":"https:\/\/www.sisinternational.com\/it\/wp-json\/wp\/v2\/pages\/19303"}],"wp:featuredmedia":[{"embeddable":true,"href":"https:\/\/www.sisinternational.com\/it\/wp-json\/wp\/v2\/media\/66952"}],"wp:attachment":[{"href":"https:\/\/www.sisinternational.com\/it\/wp-json\/wp\/v2\/media?parent=24010"}],"curies":[{"name":"wp","href":"https:\/\/api.w.org\/{rel}","templated":true}]}}