{"id":23135,"date":"2017-06-21T16:56:37","date_gmt":"2017-06-21T16:56:37","guid":{"rendered":"https:\/\/www.sisinternational.com\/?page_id=23135"},"modified":"2025-09-10T22:04:06","modified_gmt":"2025-09-11T02:04:06","slug":"societa-di-progettazione-di-ricerche-di-mercato","status":"publish","type":"page","link":"https:\/\/www.sisinternational.com\/it\/soluzioni\/soluzioni-di-ricerca-quantitativa-qualitativa\/societa-di-progettazione-di-ricerche-di-mercato\/","title":{"rendered":"Societ\u00e0 di ricerca sul design"},"content":{"rendered":"<h1 class=\"wp-block-heading\">Societ\u00e0 di ricerca sul design<\/h1>\n\n\n\n<figure class=\"gb-block-image gb-block-image-f34cf269\"><img loading=\"lazy\" decoding=\"async\" width=\"1456\" height=\"816\" class=\"gb-image gb-image-f34cf269\" src=\"https:\/\/www.sisinternational.com\/wp-content\/uploads\/2025\/08\/Industrial-design-4.jpg\" srcset=\"https:\/\/www.sisinternational.com\/wp-content\/uploads\/2025\/08\/Industrial-design-4.jpg 1456w, https:\/\/www.sisinternational.com\/wp-content\/uploads\/2025\/08\/Industrial-design-4-300x168.jpg 300w, https:\/\/www.sisinternational.com\/wp-content\/uploads\/2025\/08\/Industrial-design-4-1024x574.jpg 1024w, https:\/\/www.sisinternational.com\/wp-content\/uploads\/2025\/08\/Industrial-design-4-768x430.jpg 768w, https:\/\/www.sisinternational.com\/wp-content\/uploads\/2025\/08\/Industrial-design-4-18x10.jpg 18w\" sizes=\"auto, (max-width: 1456px) 100vw, 1456px\" alt=\"Ricerca e strategia di mercato internazionale SIS\"><\/figure>\n\n\n\n<p><\/p>\n\n\n\n<h2 class=\"wp-block-heading\">SIS fornisce ricerche di mercato per aziende di design e innovazione.<\/h2>\n\n\n\n<p>Design Research Companies are faced with shaping the innovations and designs of future products and services.<\/p>\n\n\n\n<p>It&#8217;s an exciting field, and research supports these companies&#8217; creative processes. We provide Qualitative Fieldwork services, participant recruitment services, Quantitative Research, and Strategy Research to Design companies daily.<\/p>\n\n\n\n<h2 class=\"wp-block-heading\">L\u2019importanza delle imprese innovative<\/h2>\n\n\n\n<p><span style=\"font-weight: 400;\">The term \u201cinnovation\u201d only came into everyday use at the start of the twentieth century. Since then, it has become symbolic of contemporary society. Dedicated innovation and design firms are one feature of modern business. Some larger firms offer these services as part of Management Consulting. Others are more specialized, with either innovation or design research as their main focus.&nbsp;<\/span><\/p>\n\n\n\n<p><span style=\"font-weight: 400;\">Design firms help companies create new products. They develop prototypes that they can test through market research. These firms help to create a range of products that can be tested. From home appliances to furniture to pet supplies, they have it covered. They help with the invention, patenting, branding, and packaging. They also do mechanical design, engineering, and product testing.<\/span><\/p>\n\n\n\n<p><span style=\"font-weight: 400;\">Le aziende di design spesso utilizzano lo storytelling per comunicare le opinioni dei consumatori ai propri clienti. Raccontare la storia di un marchio \u00e8 una parte fondamentale della sua costruzione. La scienza ha confermato un desiderio innato negli esseri umani di raccontare storie. Una buona storia \u00e8 universale e fa provare qualcosa ai consumatori. Il marketing \u00e8 sempre pi\u00f9 focalizzato su messaggi, strategie digitali e storytelling.<\/span><\/p>\n\n\n\n<h2 class=\"wp-block-heading\"><strong>Le aziende di design hanno bisogno di ricerche di mercato qualitative<\/strong><\/h2>\n\n\n\n<p><span style=\"font-weight: 400;\">Design firms use Ethnography, a form of Qualitative Research, to gain design insights. Design Ethnographers visit participants to observe and interview them. With Design Ethnography, the researcher does not only ask people what they want. He or she also tries to find out why people desire those things. They answer questions like, what goals are users trying to achieve?&nbsp; How do they use the product? What do they like or dislike?&nbsp; Some questions can even be more abstract to uncover deep insight.<\/span><\/p>\n\n\n\n<p><span style=\"font-weight: 400;\">Another form of Qualitative Research that design firms use is Focus Groups. These groups tell the designers what they like or dislike about their product. It\u2019s best to observe these groups in real-life situations. For example, don&#8217;t show participants an artist\u2019s rendering of the design concept. Instead, let them touch, feel, use and test a product prototype. These insights fuel the design process.<\/span><\/p>\n\n\n\n<p><span style=\"font-weight: 400;\">A third method is Customer Interviews. Taking the time to interview prospective users or customers is beneficial. Researchers can talk to interviewees in-person or over the phone. These discussions help design firms to understand consumer needs. It\u2019s a chance to move away from the company\u2019s internal views and perceptions on how things are. Consumer Interviews can be quite simple. However, if they show how consumers think or behave, they can shape the direction of a project.<\/span><\/p>\n\n\n\n<h2 class=\"wp-block-heading\"><strong>Vantaggi della ricerca sul design<\/strong><\/h2>\n\n\n\n<p><span style=\"font-weight: 400;\">La ricerca progettuale offre numerosi vantaggi. Questi includono:<\/span><\/p>\n\n\n\n<ul class=\"wp-block-list\">\n<li>Testare nuovi concetti di prodotto<\/li>\n\n\n\n<li>Comprendere le esigenze non soddisfatte dei clienti<\/li>\n\n\n\n<li>Comprendere i requisiti di usabilit\u00e0<\/li>\n\n\n\n<li><span style=\"font-size: inherit; background-color: var(--base-3); color: var(--contrast-2);\">Scoprire informazioni dettagliate sulla scoperta dei clienti.<\/span><\/li>\n<\/ul>\n\n\n\n<h2 class=\"wp-block-heading\"><strong>Servizi di reclutamento per la ricerca di progettazione<\/strong><\/h2>\n\n\n\n<figure class=\"gb-block-image gb-block-image-f82fc2ca\"><img loading=\"lazy\" decoding=\"async\" width=\"1456\" height=\"816\" class=\"gb-image gb-image-f82fc2ca\" src=\"https:\/\/www.sisinternational.com\/wp-content\/uploads\/2025\/08\/Interview-5.jpg\" srcset=\"https:\/\/www.sisinternational.com\/wp-content\/uploads\/2025\/08\/Interview-5.jpg 1456w, https:\/\/www.sisinternational.com\/wp-content\/uploads\/2025\/08\/Interview-5-300x168.jpg 300w, https:\/\/www.sisinternational.com\/wp-content\/uploads\/2025\/08\/Interview-5-1024x574.jpg 1024w, https:\/\/www.sisinternational.com\/wp-content\/uploads\/2025\/08\/Interview-5-768x430.jpg 768w, https:\/\/www.sisinternational.com\/wp-content\/uploads\/2025\/08\/Interview-5-18x10.jpg 18w\" sizes=\"auto, (max-width: 1456px) 100vw, 1456px\" alt=\"Ricerca e strategia di mercato internazionale SIS\"><\/figure>\n\n\n\n<p><\/p>\n\n\n\n<p><span style=\"font-weight: 400;\">We recruit participants for market research studies from our database of more than a million individuals. We also recruit Ethnographic respondents. These respondents help design firms understand specific groups and show how different groups use a product or service. Another recruitment service that we provide is participants for customer interviews. Design firms can get interviewees targeted by demographics or geography. We also offer interviewees targeted by profession or any other criteria.<\/span><\/p>\n\n\n\n<p><span style=\"font-weight: 400;\"><a href=\"https:\/\/www.linkedin.com\/company\/sisinternationalresearch\" target=\"_blank\" rel=\"noopener\">SIS Internazionale<\/a> provides respondents from around the world. These respondents provide insight and reactions to new products. Our focus is to give our clients respondents even in hard-to-reach demographics. We can provide insights from smaller countries. We also gain insights from difficult target groups. These groups include teens, males, and Hispanics. Our reach ensures that you are speaking to a diverse sample. We always ensure that your cross-section is representative of your global users.<\/span><\/p>\n\n\n\n<h2 class=\"wp-block-heading\">Lavoriamo con:<\/h2>\n\n\n\n<ul class=\"wp-block-list\">\n<li>Aziende di progettazione<\/li>\n\n\n\n<li>Imprese di innovazione<\/li>\n\n\n\n<li>Le aziende dei fattori umani<\/li>\n\n\n\n<li>Aziende di progettazione del prodotto<\/li>\n\n\n\n<li>Aziende che si occupano di esperienza utente (UX).<\/li>\n\n\n\n<li>Agenzie di branding<\/li>\n<\/ul>\n\n\n\n<h2 class=\"wp-block-heading\">Soluzioni per le Aziende di Progettazione:<\/h2>\n\n\n\n<ul class=\"wp-block-list\">\n<li>Reclutamento dei partecipanti<\/li>\n\n\n\n<li>Co-Creation &amp; <a class=\"wpil_keyword_link\" href=\"https:\/\/www.sisinternational.com\/it\/soluzioni\/innovazione-tecnologica\/\" title=\"SIS Technology &amp; Innovation Solutions\" data-wpil-keyword-link=\"linked\" data-wpil-monitor-id=\"485\">Innovation Solutions<\/a><\/li>\n\n\n\n<li>Gruppi di discussione<\/li>\n\n\n\n<li>Etnografia e interviste a domicilio<\/li>\n\n\n\n<li>Interviste e moderazione<\/li>\n\n\n\n<li>Servizi per l&#039;innovazione<\/li>\n\n\n\n<li>Comunit\u00e0 di approfondimento online<\/li>\n\n\n\n<li><a class=\"wpil_keyword_link\" href=\"https:\/\/www.sisinternational.com\/it\/soluzioni\/innovazione\/pensiero-progettuale\/\" title=\"Ricerche di mercato sul Design Thinking\" data-wpil-keyword-link=\"linked\" data-wpil-monitor-id=\"484\">Ricerche di mercato sul Design Thinking<\/a><\/li>\n\n\n\n<li>Ricerca e test agili<\/li>\n\n\n\n<li>Test del prototipo<\/li>\n\n\n\n<li>Test di usabilit\u00e0 (UX)<\/li>\n\n\n\n<li>Traduttori e traduzione<\/li>\n<\/ul>\n\n\n\n<h2 class=\"wp-block-heading\">Motivi per scegliere SIS<\/h2>\n\n\n\n<ul class=\"wp-block-list\">\n<li>Assistenza clienti 24 ore su 24<\/li>\n\n\n\n<li>Accesso senza pari ai consumatori e agli intervistati B2B in tutto il mondo<\/li>\n\n\n\n<li>La nostra struttura per focus group a New York<\/li>\n\n\n\n<li>Prezzi convenienti<\/li>\n\n\n\n<li>Esecuzione rapida del progetto<\/li>\n<\/ul>\n\n\n\n<h2 class=\"wp-block-heading\">La nostra sede a New York<\/h2>\n\n\n\n<p>\n\n\n\n<iframe loading=\"lazy\" src=\"https:\/\/www.google.com\/maps\/embed?pb=!1m18!1m12!1m3!1d3022.976188376966!2d-73.99130312499956!3d40.740549471389315!2m3!1f0!2f0!3f0!3m2!1i1024!2i768!4f13.1!3m3!1m2!1s0x89c259a15798c731%3A0xd695d09bdd495f25!2s11%20E%2022nd%20St%20FL%202%2C%20New%20York%2C%20NY%2010010%2C%20USA!5e0!3m2!1sen!2spe!4v1726171763526!5m2!1sen!2spe\" width=\"600\" height=\"450\" allowfullscreen=\"allowfullscreen\" data-mce-fragment=\"1\"><\/iframe>\n\n\n\n<\/p>\n\n\n\n<h3 class=\"wp-block-heading\">11 E 22nd Street, piano 2, New York, NY 10010 T: +1(212) 505-6805<\/h3>\n\n\n\n<hr class=\"wp-block-separator has-alpha-channel-opacity\"\/>\n\n\n\n<h2 class=\"wp-block-heading\"><span style=\"font-weight: 400;\">A proposito di SIS Internazionale<\/span><\/h2>\n\n\n\n<p><a href=\"https:\/\/www.sisinternational.com\/it\/\"><span style=\"font-weight: 400;\">SIS Internazionale<\/span><\/a><span style=\"font-weight: 400;\"> offre ricerca quantitativa, qualitativa e strategica. Forniamo dati, strumenti, strategie, report e approfondimenti per il processo decisionale. Conduciamo anche interviste, sondaggi, focus group e altri metodi e approcci di ricerca di mercato.<\/span><a href=\"https:\/\/www.sisinternational.com\/it\/sulla-sua-ricerca-internazionale\/contact-sis-international-market-research\/\"><span style=\"font-weight: 400;\"> Contattaci<\/span><\/a><span style=\"font-weight: 400;\"> per il tuo prossimo progetto di ricerca di mercato.<\/span><\/p>","protected":false},"excerpt":{"rendered":"<p>Conduciamo etnografia, reclutamento di intervistati e interviste ai consumatori per aziende di design.<\/p>","protected":false},"author":1,"featured_media":63537,"parent":14660,"menu_order":10,"comment_status":"closed","ping_status":"closed","template":"","meta":{"footnotes":""},"class_list":["post-23135","page","type-page","status-publish","has-post-thumbnail"],"_links":{"self":[{"href":"https:\/\/www.sisinternational.com\/it\/wp-json\/wp\/v2\/pages\/23135","targetHints":{"allow":["GET"]}}],"collection":[{"href":"https:\/\/www.sisinternational.com\/it\/wp-json\/wp\/v2\/pages"}],"about":[{"href":"https:\/\/www.sisinternational.com\/it\/wp-json\/wp\/v2\/types\/page"}],"author":[{"embeddable":true,"href":"https:\/\/www.sisinternational.com\/it\/wp-json\/wp\/v2\/users\/1"}],"replies":[{"embeddable":true,"href":"https:\/\/www.sisinternational.com\/it\/wp-json\/wp\/v2\/comments?post=23135"}],"version-history":[{"count":6,"href":"https:\/\/www.sisinternational.com\/it\/wp-json\/wp\/v2\/pages\/23135\/revisions"}],"predecessor-version":[{"id":74972,"href":"https:\/\/www.sisinternational.com\/it\/wp-json\/wp\/v2\/pages\/23135\/revisions\/74972"}],"up":[{"embeddable":true,"href":"https:\/\/www.sisinternational.com\/it\/wp-json\/wp\/v2\/pages\/14660"}],"wp:featuredmedia":[{"embeddable":true,"href":"https:\/\/www.sisinternational.com\/it\/wp-json\/wp\/v2\/media\/63537"}],"wp:attachment":[{"href":"https:\/\/www.sisinternational.com\/it\/wp-json\/wp\/v2\/media?parent=23135"}],"curies":[{"name":"wp","href":"https:\/\/api.w.org\/{rel}","templated":true}]}}