{"id":22531,"date":"2019-07-06T18:23:19","date_gmt":"2019-07-06T18:23:19","guid":{"rendered":"https:\/\/www.sisinternational.com\/?p=22531"},"modified":"2026-01-26T18:08:32","modified_gmt":"2026-01-26T23:08:32","slug":"allintelligenza-artificiale","status":"publish","type":"page","link":"https:\/\/www.sisinternational.com\/it\/soluzioni\/ai-ricerche-di-mercato-e-consulenza-strategica\/allintelligenza-artificiale\/","title":{"rendered":"Ricerche di mercato sull&#039;intelligenza artificiale"},"content":{"rendered":"<h1 class=\"wp-block-heading\">Ricerche di mercato sull&#039;intelligenza artificiale<\/h1>\n\n\n\n<figure class=\"gb-block-image gb-block-image-9d14d326\"><img loading=\"lazy\" decoding=\"async\" width=\"1456\" height=\"816\" class=\"gb-image gb-image-9d14d326\" src=\"https:\/\/www.sisinternational.com\/wp-content\/uploads\/2025\/08\/AI-11.jpg\" alt=\"Ricerca e strategia di mercato internazionale SIS\" title=\"AI (11)\" srcset=\"https:\/\/www.sisinternational.com\/wp-content\/uploads\/2025\/08\/AI-11.jpg 1456w, https:\/\/www.sisinternational.com\/wp-content\/uploads\/2025\/08\/AI-11-300x168.jpg 300w, https:\/\/www.sisinternational.com\/wp-content\/uploads\/2025\/08\/AI-11-1024x574.jpg 1024w, https:\/\/www.sisinternational.com\/wp-content\/uploads\/2025\/08\/AI-11-768x430.jpg 768w, https:\/\/www.sisinternational.com\/wp-content\/uploads\/2025\/08\/AI-11-18x10.jpg 18w\" sizes=\"auto, (max-width: 1456px) 100vw, 1456px\"><\/figure>\n\n\n\n<p><\/p>\n\n\n\n<h2 class=\"wp-block-heading p3\"><span class=\"s1\">L\u2019intelligenza artificiale \u00e8 un argomento molto discusso in questi giorni, ma non \u00e8 una novit\u00e0.<\/span><\/h2>\n\n\n\n<p class=\"p3\"><span class=\"s1\">La cultura popolare riflette da anni la nostra passione per l\u2019intelligenza artificiale in film come 2001: Odissea nello spazio, Io, Robot e, logicamente, AI.<span class=\"Apple-converted-space\">&nbsp; <\/span>Allora, cos\u2019\u00e8 esattamente l\u2019intelligenza artificiale? \u00c8 qui, \u00e8 il futuro e ad alcune persone sembra un po&#039; spaventoso.<\/span><\/p>\n\n\n\n<h2 class=\"wp-block-heading\">La genesi dell&#039;intelligenza artificiale<\/h2>\n\n\n\n<p class=\"p3\"><span class=\"s1\">John McCarthy era uno scienziato molto apprezzato a Stanford e al MIT. Ha inventato il nome Intelligenza artificiale nel 1955, definendolo come \u201cla scienza e l\u2019ingegneria per creare macchine intelligenti\u201d.<\/span><\/p>\n\n\n\n<p class=\"p4\"><span class=\"s3\">Le origini del nostro intrigo con l\u2019intelligenza artificiale possono essere fatte risalire ben oltre l\u2019avvento della moderna era dei computer. Intorno al 2500 a.C., gli antichi egizi a volte consultavano le statue per ottenere informazioni sulla loro presunta saggezza ultraterrena. Oggi, un enorme busto di <i>Re-Harmakis<\/i> in un museo del Cairo, \u201c<\/span><span class=\"s4\">rivela il segreto del suo genio: un\u2019apertura sulla nuca abbastanza grande da contenere un prete.\u201d<\/span><\/p>\n\n\n\n<p class=\"p5\"><span class=\"s1\">Altre invenzioni rivoluzionarie, come la macchina analitica di Charles Babbage nel 1833, aprirono la strada all&#039;informatica contemporanea e a quella che \u00e8 diventata nota come intelligenza artificiale. Nel 1948, agli albori dell\u2019era digitale, il terreno sembrava pronto per il rapido progresso dell\u2019intelligenza artificiale. Lo scienziato informatico britannico Alan Turing sollev\u00f2 molte sopracciglia nella comunit\u00e0 scientifica e non solo con il suo articolo \u201cIntelligent Machinery\u201d, \u201cnon vedendo obiezioni a un sistema funzionante\u201d. , macchina pensante entro la fine del secolo\u201d.<\/span><\/p>\n\n\n\n<p class=\"p5\"><span class=\"s1\">I primi computer goffi come l&#039;UNIVAC 1 lasciarono il posto ad altri, come quello dell&#039;IBM <i>Profondo blu<\/i>, il primo programma di scacchi per computer che ha effettivamente eliminato tutti gli sfidanti umani.&nbsp;<\/span><\/p>\n\n\n\n<h2 class=\"wp-block-heading\">L&#039;intelligenza artificiale oggi<\/h2>\n\n\n\n<p class=\"p5\"><span class=\"s1\">Oggi, grandi aziende come Microsoft, Amazon e Google hanno gi\u00e0 investito molto nell\u2019intelligenza artificiale per migliorare la tecnologia dei motori di ricerca e fornire alle persone validi assistenti informatici. Naturalmente, l\u2019intelligenza artificiale viene sfruttata per fare cose utili in campi come l\u2019assistenza sanitaria, poich\u00e9 i fornitori \u201csfruttano le nuove tecnologie per migliorare i risultati e ridurre i costi (con) la disponibilit\u00e0 di computer pi\u00f9 economici e potenti\u201d.<\/span><\/p>\n\n\n\n<p class=\"p5\"><span class=\"s1\"><i>Watson<\/i> \u00e8 un computer progettato specificatamente per rispondere alle domande che gli vengono presentate in un linguaggio semplice. Prodotto del progetto Deep QA di IBM, Watson \u00e8 stato sviluppato per competere nel popolare programma televisivo, <i>Pericolo!<\/i> contro una coppia di ex campioni. Alla fine, Watson ebbe la meglio e vinse la competizione, con un piccolo aiuto da parte dei \u201c200 milioni di pagine di contenuti strutturati e non strutturati che consumano quattro <a href=\"https:\/\/en.wikipedia.org\/wiki\/Terabyte\" target=\"_blank\" rel=\"noopener\"><span class=\"s6\">terabyte<\/span><\/a> Di <a href=\"https:\/\/en.wikipedia.org\/wiki\/Disk_storage\" target=\"_blank\" rel=\"noopener\"><span class=\"s6\">archiviazione su disco<\/span><\/a> compreso il testo completo di <a href=\"https:\/\/en.wikipedia.org\/wiki\/Wikipedia\" target=\"_blank\" rel=\"noopener\"><span class=\"s6\">Wikipedia<\/span><\/a> a sua disposizione.&quot;<\/span><\/p>\n\n\n\n<p class=\"p5\"><span class=\"s1\">Sfruttando questa ritrovata consapevolezza pubblica delle capacit\u00e0 di Watson, IBM ha introdotto Watson come entit\u00e0 commerciale nel settore sanitario, utilizzandolo da parte degli infermieri del Memorial Sloan Kettering Cancer Center per assistere in importanti decisioni riguardanti i trattamenti per il cancro ai polmoni.<\/span><\/p>\n\n\n\n<h2 class=\"wp-block-heading\">Cos\u2019\u00e8 la ricerca di mercato sull\u2019intelligenza artificiale?<\/h2>\n\n\n\n<p><span style=\"font-weight: 400;\">La ricerca di mercato sull\u2019intelligenza artificiale prevede un\u2019analisi completa delle dinamiche del mercato globale che circondano l\u2019intelligenza artificiale (AI). Include la valutazione delle dimensioni del mercato, delle tendenze di crescita, dei casi d\u2019uso del settore, del panorama competitivo e delle prospettive delle tecnologie AI.<\/span><\/p>\n\n\n\n<p><span style=\"font-weight: 400;\">Allo stesso modo, la ricerca di mercato sull\u2019intelligenza artificiale implica anche l\u2019esame delle industrie finali che traggono notevoli benefici dalle applicazioni dell\u2019intelligenza artificiale. Questi includono, tra gli altri, sanit\u00e0, settore automobilistico, finanza, vendita al dettaglio e produzione. La ricerca mira a fornire approfondimenti su come l\u2019intelligenza artificiale sta trasformando questi settori, ottimizzando le operazioni, migliorando l\u2019esperienza dei clienti e guidando l\u2019innovazione.<\/span><\/p>\n\n\n\n<p><span style=\"font-weight: 400;\">Un altro aspetto cruciale della ricerca di mercato sull\u2019intelligenza artificiale \u00e8 comprendere le sfide e i limiti dell\u2019IA, comprese considerazioni etiche, problemi di privacy dei dati e il potenziale impatto sull\u2019occupazione. Esamina inoltre il panorama degli investimenti, i modelli di finanziamento e le iniziative strategiche intraprese dai principali attori del mercato nello spazio dell\u2019intelligenza artificiale.<\/span><\/p>\n\n\n\n<h2 class=\"wp-block-heading\">Utilizzo dell&#039;intelligenza artificiale negli affari<\/h2>\n\n\n\n<figure class=\"gb-block-image gb-block-image-24a30049\"><img loading=\"lazy\" decoding=\"async\" width=\"1456\" height=\"816\" class=\"gb-image gb-image-24a30049\" src=\"https:\/\/www.sisinternational.com\/wp-content\/uploads\/2025\/08\/AI-6.jpg\" alt=\"Ricerca e strategia di mercato internazionale SIS\" title=\"AI (6)\" srcset=\"https:\/\/www.sisinternational.com\/wp-content\/uploads\/2025\/08\/AI-6.jpg 1456w, https:\/\/www.sisinternational.com\/wp-content\/uploads\/2025\/08\/AI-6-300x168.jpg 300w, https:\/\/www.sisinternational.com\/wp-content\/uploads\/2025\/08\/AI-6-1024x574.jpg 1024w, https:\/\/www.sisinternational.com\/wp-content\/uploads\/2025\/08\/AI-6-768x430.jpg 768w, https:\/\/www.sisinternational.com\/wp-content\/uploads\/2025\/08\/AI-6-18x10.jpg 18w\" sizes=\"auto, (max-width: 1456px) 100vw, 1456px\"><\/figure>\n\n\n\n<p><\/p>\n\n\n\n<p class=\"p5\"><span class=\"s1\">Oltre all\u2019ambito medico, l\u2019intelligenza artificiale viene ora impiegata in altri settori, come le forze dell\u2019ordine, il commercio di azioni, la ricerca scientifica e l\u2019industria dei giocattoli. Note di Nick Bostrum dell&#039;Universit\u00e0 di Oxford; \u201cMolte migliaia di applicazioni IA sono profondamente integrate nell\u2019infrastruttura di ogni settore\u201d.<\/span><\/p>\n\n\n\n<p class=\"p5\"><span class=\"s1\">L\u2019intelligenza artificiale non \u00e8 priva di detrattori. Il rispettato fisico teorico inglese Stephen Hawking ha dichiarato apertamente: \u201cL\u2019intelligenza artificiale potrebbe rappresentare un pericolo reale in un futuro non troppo lontano\u201d. Crede che un giorno un robot potrebbe \u201cprogettare miglioramenti a se stesso e superare in astuzia tutti noi\u201d.<\/span><\/p>\n\n\n\n<p class=\"p6\"><span class=\"s4\">Fisico, Louis Del Monte, autore di <i>La rivoluzione dell\u2019intelligenza artificiale, <\/i>ha recentemente fatto questa previsione allarmante riguardante il rapido progresso dell\u2019intelligenza artificiale. <\/span><span class=\"s1\">\u201cTra il 2040 e il 2045 avremo sviluppato una o pi\u00f9 macchine che non solo saranno equivalenti a una mente umana ma saranno pi\u00f9 intelligenti dell\u2019intera razza umana messa insieme\u201d.<\/span><\/p>\n\n\n\n<h2 class=\"wp-block-heading\">Importanza delle ricerche di mercato sull&#039;intelligenza artificiale<\/h2>\n\n\n\n<p><span style=\"font-weight: 400;\">La ricerca di mercato sull\u2019intelligenza artificiale \u00e8 fondamentale per restare al passo con i rapidi progressi tecnologici nel campo dell\u2019intelligenza artificiale. Il campo dell\u2019intelligenza artificiale \u00e8 diversificato e in rapida evoluzione, con nuovi sviluppi che emergono a un ritmo rapido. Pertanto, rimanere informati su questi cambiamenti \u00e8 essenziale affinch\u00e9 le imprese e le organizzazioni rimangano competitive e innovative.<\/span><\/p>\n\n\n\n<p><span style=\"font-weight: 400;\">Inoltre, questa ricerca svolge un ruolo chiave nell\u2019identificazione delle tendenze emergenti e delle applicazioni dell\u2019intelligenza artificiale in tutti i settori. Aiuta le aziende a capire come applicare l&#039;intelligenza artificiale per migliorare le loro operazioni, dall&#039;automazione delle attivit\u00e0 di routine alla fornitura di analisi e approfondimenti sofisticati dei dati. La ricerca di mercato sull\u2019intelligenza artificiale aiuta anche a comprendere le sfide e i potenziali rischi associati all\u2019intelligenza artificiale, come considerazioni etiche, pregiudizi negli algoritmi di intelligenza artificiale e minacce alla sicurezza informatica.&nbsp;<\/span><\/p>\n\n\n\n<p><span style=\"font-weight: 400;\">Tuttavia, ha molti altri vantaggi, tra cui:&nbsp;<\/span><\/p>\n\n\n\n<p><b>\u2022 Identificazione di nuove opportunit\u00e0 di business: <\/b><span style=\"font-weight: 400;\">Questa ricerca aiuta a identificare nuove opportunit\u00e0 in cui l\u2019intelligenza artificiale pu\u00f2 essere sfruttata per creare valore. Le aziende possono scoprire mercati non sfruttati o applicazioni innovative dell\u2019intelligenza artificiale che possono portare alla crescita e alla diversificazione del business.<\/span><\/p>\n\n\n\n<p><b>\u2022 Gestione e mitigazione del rischio: <\/b><span style=\"font-weight: 400;\">La ricerca di mercato sull\u2019intelligenza artificiale fornisce approfondimenti sui potenziali rischi e sfide associati all\u2019intelligenza artificiale, comprese considerazioni etiche, pregiudizi e preoccupazioni sulla sicurezza dei dati.&nbsp;<\/span><\/p>\n\n\n\n<p><b>\u2022 Sviluppo prodotto migliorato: <\/b>For technology developers and providers, artificial intelligence <a href=\"https:\/\/www.sisinternational.com\/it\/la-necessita-di-intelligenza-competitiva-in-questa-recessione\/\" title=\"La necessit\u00e0 di intelligence competitiva in una recessione\" data-wpil-monitor-id=\"7225\">ricerca di mercato<\/a> is crucial for creating products that meet market needs. It assists in understanding customer requirements and technological gaps, guiding the development of more effective AI solutions.<\/span><\/p>\n\n\n\n<p><b>\u2022 Sviluppo delle politiche e conformit\u00e0 normativa: <\/b><span style=\"font-weight: 400;\">Per gli organismi di regolamentazione e i decisori politici, comprendere il mercato dell\u2019intelligenza artificiale \u00e8 fondamentale per sviluppare politiche e normative efficaci che governino le tecnologie dell\u2019intelligenza artificiale, garantendone un utilizzo responsabile ed etico.<\/span><\/p>\n\n\n\n<p><b>\u2022 Approfondimenti su investimenti e finanziamenti: <\/b><span style=\"font-weight: 400;\">Questa ricerca \u00e8 vantaggiosa per gli investitori e i venture capitalist. Fornisce approfondimenti sulle aree pi\u00f9 promettenti per gli investimenti nell\u2019intelligenza artificiale, aiutandoli a prendere decisioni informate su dove allocare i fondi.<\/span><\/p>\n\n\n\n<h2 class=\"wp-block-heading\">Opportunit\u00e0 nel mercato dell&#039;intelligenza artificiale per le imprese<\/h2>\n\n\n\n<p><span style=\"font-weight: 400;\">IL <a href=\"https:\/\/www.sisinternational.com\/it\/ladozione-dellintelligenza-artificiale-nelle-piccole-imprese\/\" title=\"Adozione dell\u2019intelligenza artificiale (AI) nelle piccole imprese\" data-wpil-monitor-id=\"2796\">artificial intelligence market<\/a> presents a wealth of opportunities for businesses across a wide range of industries \u2013 and here are some key opportunities for businesses:<\/span><\/p>\n\n\n\n<p><b>\u2022 Semplificazione delle operazioni e riduzione dei costi: <\/b><span style=\"font-weight: 400;\">Le tecnologie AI possono automatizzare e ottimizzare vari processi aziendali, dalla gestione della catena di fornitura al servizio clienti. Questa automazione non solo semplifica le operazioni, ma riduce anche significativamente i costi operativi.<\/span><\/p>\n\n\n\n<p><b>\u2022 Migliorare l&#039;analisi dei dati e il processo decisionale: <\/b><span style=\"font-weight: 400;\">La capacit\u00e0 dell\u2019intelligenza artificiale di elaborare e analizzare grandi volumi di dati pu\u00f2 fornire alle aziende informazioni preziose, facilitando un processo decisionale pi\u00f9 informato e strategico. Ci\u00f2 pu\u00f2 essere particolarmente utile in settori quali ricerche di mercato, analisi finanziarie e analisi del comportamento dei clienti.<\/span><\/p>\n\n\n\n<p><b>\u2022 Migliorare l&#039;esperienza del cliente: <\/b><span style=\"font-weight: 400;\">L\u2019intelligenza artificiale pu\u00f2 personalizzare le interazioni con i clienti e migliorare il servizio clienti, dai chatbot che forniscono supporto immediato ai clienti alla personalizzazione basata sull\u2019intelligenza artificiale nell\u2019e-commerce.&nbsp;<\/span><\/p>\n\n\n\n<p><b>\u2022 Espansione in nuovi mercati: <\/b><span style=\"font-weight: 400;\">L\u2019intelligenza artificiale pu\u00f2 consentire alle aziende di espandersi in nuovi mercati, compresi i mercati globali, superando le barriere linguistiche, prevedendo le tendenze del mercato e comprendendo i comportamenti dei consumatori locali.<\/span><\/p>\n\n\n\n<p><b>\u2022 Miglioramento della sicurezza: <\/b><span style=\"font-weight: 400;\">L\u2019intelligenza artificiale pu\u00f2 migliorare significativamente la sicurezza, dalle soluzioni di sicurezza informatica che proteggono dalle sofisticate minacce informatiche ai sistemi di sicurezza fisica che utilizzano la sorveglianza basata sull\u2019intelligenza artificiale.<\/span><\/p>\n\n\n\n<p><b>\u2022 Promozione di pratiche sostenibili: <\/b><span style=\"font-weight: 400;\">L\u2019intelligenza artificiale pu\u00f2 anche essere utilizzata per promuovere la sostenibilit\u00e0 nelle operazioni aziendali, come l\u2019ottimizzazione dell\u2019uso dell\u2019energia nella produzione o il miglioramento delle pratiche di gestione dei rifiuti.<\/span><\/p>\n\n\n\n<h2 class=\"wp-block-heading\">Il futuro dell&#039;intelligenza artificiale<\/h2>\n\n\n\n<p class=\"p7\"><span class=\"s1\">In verit\u00e0, l\u2019intelligenza artificiale potrebbe aiutarci nell\u2019applicazione dei dati in modi che gli esseri umani non potrebbero mai immaginare. Le possibilit\u00e0 si espandono se si considera la collaborazione in corso tra gli strumenti di intelligenza artificiale e gli esseri umani che li hanno creati. Man mano che questi sistemi si evolvono e vengono migliorati, l\u2019intelligenza artificiale continuer\u00e0 a \u201cessere intessuta nel tessuto della nostra vita quotidiana, aiutandoci in tutto, dal processo decisionale di base alla guida delle nostre auto\u201d.<\/span> <span class=\"s1\">Sfruttando questa straordinaria fonte di conoscenza in continua espansione, la fantascienza del passato sta rapidamente diventando l\u2019entusiasmante realt\u00e0 di oggi.<\/span><\/p>\n\n\n\n<h2 class=\"wp-block-heading\">In che modo le ricerche di mercato aiutano<\/h2>\n\n\n\n<h3 class=\"wp-block-heading\">Le ricerche di mercato rivelano informazioni su quanto segue:<\/h3>\n\n\n\n<ul class=\"wp-block-list\">\n<li>Clienti<\/li>\n\n\n\n<li>Aziende<\/li>\n\n\n\n<li>Concorrenti<\/li>\n\n\n\n<li>Catene di fornitura<\/li>\n\n\n\n<li>Mercati, industrie e paesi<\/li>\n<\/ul>\n\n\n\n<p>As AI is in the early stages of adoption in many industries, many clients prefer to conduct Customer Research, Product Testing, and <a href=\"https:\/\/www.sisinternational.com\/it\/copertura\/le-americhe\/copertura-degli-stati-uniti\/ricerche-di-mercato-tampa-florida\/\" title=\"Ricerche di mercato a Tampa, Florida\" data-wpil-monitor-id=\"4147\">Ricerca sulle opportunit\u00e0 di mercato<\/a>.<\/p>\n\n\n\n<h2 class=\"wp-block-heading\">Soluzioni SIS: ricerche di mercato sull&#039;intelligenza artificiale<\/h2>\n\n\n\n<h4 class=\"wp-block-heading\">Il SIS utilizza un approccio completo e integrato all&#039;intelligenza artificiale<\/h4>\n\n\n\n<p>We provide insights into global market dynamics, including market size assessments, growth trends, and competitive landscapes. Our researchers conduct strategic analyses to turn information into actionable insights, helping clients consider artificial <a href=\"https:\/\/www.sisinternational.com\/it\/soluzioni\/consulenza-strategica\/intelligenza-del-mercato\/\" title=\"Intelligenza del mercato\" data-wpil-monitor-id=\"6755\">intelligence with a full market<\/a> view. Our solutions include:<\/p>\n\n\n\n<ul class=\"wp-block-list\">\n<li>Ricerca sui clienti<\/li>\n\n\n\n<li>Analisi competitiva<\/li>\n\n\n\n<li>Ricerca sul prodotto e sull&#039;usabilit\u00e0 (UX)<\/li>\n\n\n\n<li>Valutazioni di opportunit\u00e0 di mercato, fattibilit\u00e0, ingresso e dimensionamento<\/li>\n\n\n\n<li>Report mensili sul monitoraggio del settore<\/li>\n<\/ul>\n\n\n\n<p>Il nostro rapporto con specialisti del settore consente a SIS di approfondire l&#039;intelligenza artificiale. Il team strategico SIS si tiene aggiornato sulle ultime novit\u00e0 in fatto di intelligenza artificiale, lavorando a stretto contatto con i nostri uffici locali in tutto il mondo.<\/p>\n\n\n\n<h3 class=\"wp-block-heading\"><span style=\"font-weight: 400;\">Consenti a SIS International Research di essere il tuo ponte verso affari migliori in questo momento di incredibili opportunit\u00e0.<\/span><\/h3>\n\n\n\n<h2 class=\"wp-block-heading\">Informazioni sul nostro lavoro nelle ricerche di mercato sull&#039;intelligenza artificiale<\/h2>\n\n\n\n<p>SIS often works with Technology companies developing new AI products and services.&nbsp; Our clients include Education Technology or other Technology companies exploring new applications of AI, Machine Learning and Deep Learning.&nbsp; Other clients include Financial Services companies innovating new products and services to improve their customer experience.&nbsp; SIS also does a significant amount of work in Shipping and Logistics and major organizations seeking to adopt cutting-edge technologies.&nbsp; We provide Qualitative, Quantitative, and Strategy Market Research. We provide the &#8220;Human Element&#8221; behind AI adoption and transformation.&nbsp; Our solutions include:<\/p>\n\n\n\n<ul class=\"wp-block-list\">\n<li>Ricerca sui clienti<\/li>\n\n\n\n<li>Analisi competitiva<\/li>\n\n\n\n<li>Ricerca sul prodotto e sull&#039;usabilit\u00e0 (UX)<\/li>\n\n\n\n<li>Valutazioni di opportunit\u00e0 di mercato, fattibilit\u00e0, ingresso e dimensionamento<\/li>\n\n\n\n<li>Report mensili sul monitoraggio del settore<\/li>\n<\/ul>\n\n\n\n<h3 class=\"wp-block-heading title-heading-left\">You&nbsp;may also be interested in\u2026<\/h3>\n\n\n\n<p><\/p>","protected":false},"excerpt":{"rendered":"<p>L\u2019intelligenza artificiale sta trasformando il modo in cui viviamo e lavoriamo. Scopri modi per stimolare la crescita con le ricerche di mercato sull&#039;intelligenza artificiale.<\/p>","protected":false},"author":1,"featured_media":62603,"parent":44406,"menu_order":0,"comment_status":"closed","ping_status":"open","template":"","meta":{"footnotes":""},"class_list":["post-22531","page","type-page","status-publish","has-post-thumbnail"],"_links":{"self":[{"href":"https:\/\/www.sisinternational.com\/it\/wp-json\/wp\/v2\/pages\/22531","targetHints":{"allow":["GET"]}}],"collection":[{"href":"https:\/\/www.sisinternational.com\/it\/wp-json\/wp\/v2\/pages"}],"about":[{"href":"https:\/\/www.sisinternational.com\/it\/wp-json\/wp\/v2\/types\/page"}],"author":[{"embeddable":true,"href":"https:\/\/www.sisinternational.com\/it\/wp-json\/wp\/v2\/users\/1"}],"replies":[{"embeddable":true,"href":"https:\/\/www.sisinternational.com\/it\/wp-json\/wp\/v2\/comments?post=22531"}],"version-history":[{"count":11,"href":"https:\/\/www.sisinternational.com\/it\/wp-json\/wp\/v2\/pages\/22531\/revisions"}],"predecessor-version":[{"id":80873,"href":"https:\/\/www.sisinternational.com\/it\/wp-json\/wp\/v2\/pages\/22531\/revisions\/80873"}],"up":[{"embeddable":true,"href":"https:\/\/www.sisinternational.com\/it\/wp-json\/wp\/v2\/pages\/44406"}],"wp:featuredmedia":[{"embeddable":true,"href":"https:\/\/www.sisinternational.com\/it\/wp-json\/wp\/v2\/media\/62603"}],"wp:attachment":[{"href":"https:\/\/www.sisinternational.com\/it\/wp-json\/wp\/v2\/media?parent=22531"}],"curies":[{"name":"wp","href":"https:\/\/api.w.org\/{rel}","templated":true}]}}