{"id":22018,"date":"2017-02-01T03:41:01","date_gmt":"2017-02-01T03:41:01","guid":{"rendered":"https:\/\/www.sisinternational.com\/?page_id=22018"},"modified":"2026-01-26T14:41:37","modified_gmt":"2026-01-26T19:41:37","slug":"ricerche-di-mercato-nel-settore-delle-bevande-alimentari","status":"publish","type":"page","link":"https:\/\/www.sisinternational.com\/it\/soluzioni\/ricerche-di-mercato-nel-settore-delle-bevande-alimentari\/","title":{"rendered":"Ricerche di mercato nel settore alimentare e delle bevande"},"content":{"rendered":"<h1 class=\"wp-block-heading p1\">Ricerche di mercato nel settore alimentare e delle bevande<\/h1>\n\n\n\n<figure class=\"gb-block-image gb-block-image-cfd538fb\"><img loading=\"lazy\" decoding=\"async\" width=\"1456\" height=\"816\" class=\"gb-image gb-image-cfd538fb\" src=\"https:\/\/www.sisinternational.com\/wp-content\/uploads\/2025\/08\/Beverages-1.jpg\" srcset=\"https:\/\/www.sisinternational.com\/wp-content\/uploads\/2025\/08\/Beverages-1.jpg 1456w, https:\/\/www.sisinternational.com\/wp-content\/uploads\/2025\/08\/Beverages-1-300x168.jpg 300w, https:\/\/www.sisinternational.com\/wp-content\/uploads\/2025\/08\/Beverages-1-1024x574.jpg 1024w, https:\/\/www.sisinternational.com\/wp-content\/uploads\/2025\/08\/Beverages-1-768x430.jpg 768w, https:\/\/www.sisinternational.com\/wp-content\/uploads\/2025\/08\/Beverages-1-18x10.jpg 18w\" sizes=\"auto, (max-width: 1456px) 100vw, 1456px\" alt=\"Ricerca e strategia di mercato internazionale SIS\"><\/figure>\n\n\n\n<p><\/p>\n\n\n\n<h2 class=\"wp-block-heading\">&nbsp;<\/h2>\n\n\n\n<p><span style=\"font-weight: 400;\">Have you ever wondered how the food industry determines which products to launch, which flavors to emphasize, or how to price their offerings? The secret lies in food market research because by delving into the preferences, behaviors, and habits of consumers, this research guides the strategies of food businesses (both big and small).<\/span><\/p>\n\n\n\n<h2 class=\"wp-block-heading\">Il mercato alimentare e della ristorazione \u00e8 un settore vasto ed esigente che si sta espandendo rapidamente.<\/h2>\n\n\n\n<p>Che si tratti delle mutevoli dinamiche della ristorazione o dell&#039;ultima geolocalizzazione dei ristoranti di una catena, le ricerche di mercato nel settore alimentare e delle bevande richiedono le informazioni pi\u00f9 avanzate e aggiornate per creare una strategia di successo. Per prosperare in questo settore altamente competitivo, i nostri clienti hanno bisogno del meglio della business intelligence.<\/p>\n\n\n\n<h2 class=\"wp-block-heading\">Ricerche di mercato nel settore alimentare e delle bevande<\/h2>\n\n\n\n<p><span style=\"font-weight: 400;\">L\u2019industria alimentare e delle bevande \u00e8 in continuo cambiamento. Diversi fattori stanno creando cambiamenti nel settore, tra cui l\u2019urbanizzazione, l\u2019aumento della crescita della popolazione e il cambiamento delle tendenze dei consumatori. La tendenza verso alimenti e bevande a base di elementi naturali \u00e8 in aumento in tutto il mondo. Cresce anche la tendenza verso la consegna di cibo online, che sar\u00e0 al centro di questo rapporto.<\/span><\/p>\n\n\n\n<p><span style=\"font-weight: 400;\">The recent innovation of Food Delivery marketplaces has been accelerated by the rise of mobile payments, GPS tracking, and Big Data. \u00a0These platforms use technology to match supply and demand, similarly to the ridesharing industry. For app companies, reaching \u201ccritical mass\u201d is an important priority, and managing supply and demand is especially important in time-sensitive food delivery solutions.<\/span><\/p>\n\n\n\n<h2 class=\"wp-block-heading\">Ricerche di mercato sulla consegna nel settore alimentare e delle bevande<\/h2>\n\n\n\n<p><span style=\"font-weight: 400;\">Consumers can now order from a broad selection of eateries with a single tap of their mobile phones. &nbsp;Online food delivery platforms continue to increase accessibility and choice. New online platforms are racing to capture consumers and new markets. Platforms are springing up across Asia, the Americas, the Middle East, and Europe. The industry of transporting restaurant meals to the home is experiencing rapid change.<\/span><\/p>\n\n\n\n<p><span style=\"font-weight: 400;\">La comodit\u00e0 \u00e8 un fattore importante che guida il mercato globale delle app per la consegna di cibo online. Le Americhe rappresentano il mercato pi\u00f9 esteso di servizi di consegna di cibo online su richiesta. Questa domanda \u00e8 dovuta all\u2019elevata penetrazione degli smartphone. Il mercato di questi servizi \u00e8 in crescita anche in Sudamerica. In quella regione, diverse startup stanno costruendo soluzioni on-demand di successo per la consegna di cibo. Queste startup stanno approfittando della popolazione giovane e ben collegata del Sud America.<\/span><\/p>\n\n\n\n<p><span style=\"font-weight: 400;\">The food delivery app is an appealing solution than calling a restaurant.&nbsp; Food delivery apps avoid customer pain points of being put on hold for extended periods when calling in during the traditional food delivery ordering process. Consumers also benefit from convenience as opposed to the traditional tedious process of calling out their credit card information.&nbsp; Apps open up consumers to trying new foods and restaurants. The downside is that they reduce human-to-human contact.<\/span><\/p>\n\n\n\n<h2 class=\"wp-block-heading\">Perch\u00e9 \u00e8 importante? Quali sono i vantaggi delle ricerche di mercato nel settore alimentare e delle bevande?<\/h2>\n\n\n\n<p><span style=\"font-weight: 400;\">Le ricerche di mercato alimentari offrono una finestra nella mente dei consumatori scoprendo da quali sapori sono attratti, quali restrizioni o preferenze dietetiche possono avere e con quali prezzi si sentono a proprio agio. Tali approfondimenti garantiscono che le aziende possano creare prodotti che abbiano una profonda risonanza con il loro pubblico target.<\/span><\/p>\n\n\n\n<p><span style=\"font-weight: 400;\">Moreover, with new food trends emerging rapidly (like plant-based diets, keto-friendly snacks, or international cuisine fusions), food market research helps businesses anticipate these trends. It allows them to innovate and adapt before the market becomes saturated. In-depth research also ensures that businesses understand the regulatory landscape, ingredient sourcing protocols, and quality benchmarks they must adhere to, ensuring the safety and satisfaction of their consumers.<\/span><\/p>\n\n\n\n<p><span style=\"font-weight: 400;\">Tuttavia, questa ricerca non riguarda semplicemente la comprensione di ci\u00f2 che i consumatori vogliono mangiare; si tratta di ottimizzare l&#039;intero processo aziendale, dallo sviluppo del prodotto alle strategie di marketing. Pertanto presenta molteplici vantaggi quali:<\/span><\/p>\n\n\n\n<p><b>\u2022 Sviluppo del prodotto informato:<\/b><span style=\"font-weight: 400;\"> By understanding the tastes, preferences, and needs of consumers, businesses can craft products that have a higher likelihood of success. <\/span><\/p>\n\n\n\n<p><b>\u2022 Marketing strategico: <\/b><span style=\"font-weight: 400;\">Knowledge about the target audience&#8217;s preferences and behavior aids in creating tailored marketing campaigns. For instance, if market <a href=\"https:\/\/www.sisinternational.com\/it\/soluzioni\/ricerche-di-mercato-sui-prodotti-di-bellezza\/ricerca-di-mercato-sulla-bellezza-millenaria\/\" title=\"Ricerca di mercato sulla bellezza millenaria\"  data-wpil-monitor-id=\"6172\">ricerca<\/a> indicates a rising trend in vegan diets among millennials, businesses can align their marketing messages to resonate with this demographic.<\/span><\/p>\n\n\n\n<p><b>\u2022 Approfondimenti sulla strategia di prezzo: <\/b><span style=\"font-weight: 400;\">Quanto sono disposti a pagare i consumatori per un biscotto senza glutine rispetto a uno normale? La ricerca pu\u00f2 rispondere a queste domande cruciali, garantendo che le strategie di prezzo adottate raggiungano un equilibrio tra redditivit\u00e0 e accettazione da parte dei consumatori.<\/span><\/p>\n\n\n\n<p><b>\u2022 Ottimizzazione della catena di fornitura:<\/b><span style=\"font-weight: 400;\"> Comprendere la domanda del mercato attraverso ricerche di mercato alimentari pu\u00f2 semplificare il processo della catena di approvvigionamento. Se si verifica un aumento della domanda di frutta biologica, i rivenditori possono garantire di fare scorte adeguate, riducendo al minimo gli sprechi e massimizzando le vendite.<\/span><\/p>\n\n\n\n<p><b>\u2022 Mitigazione del rischio:<\/b><span style=\"font-weight: 400;\"> In un settore in cui i richiami e la pubblicit\u00e0 negativa possono essere dannosi, la ricerca di mercato alimentare fornisce informazioni su aree di potenziale preoccupazione. Potrebbe riguardare l\u2019approvvigionamento degli ingredienti, i materiali di imballaggio o i processi di produzione.<\/span><\/p>\n\n\n\n<h2 class=\"wp-block-heading\">Principali attori nel mercato Alimenti e bevande<\/h2>\n\n\n\n<p><span style=\"font-weight: 400;\">Certain companies and entities have managed to carve out significant <a href=\"https:\/\/www.sisinternational.com\/it\/competenza\/industrie\/ricerche-di-mercato-nellautomazione-industriale\/\" title=\"Ricerche di mercato sull&#039;automazione industriale\"  data-wpil-monitor-id=\"4816\">market share in this industry<\/a>, influencing consumer preferences, setting industry standards, and driving innovation.&nbsp;<\/span><\/p>\n\n\n\n<p><b>\u2022 Aziende multinazionali del settore alimentare e delle bevande:<\/b><span style=\"font-weight: 400;\"> Aziende come Nestl\u00e9, PepsiCo e The Coca-Cola Company sono leader del settore. Le loro vaste risorse consentono loro di condurre ricerche approfondite sul mercato alimentare, aiutandoli a rimanere all\u2019avanguardia comprendendo le tendenze dei consumatori globali e lanciando prodotti su misura per le preferenze regionali.<\/span><\/p>\n\n\n\n<p><b>\u2022 Catene di fast food: <\/b><span style=\"font-weight: 400;\">Catene globali come McDonald&#039;s, Starbucks e KFC influenzano in modo significativo il mercato alimentare. La loro vasta portata consente loro di introdurre nuovi articoli che soddisfano i gusti locali in diversi paesi, spesso definendo le tendenze alimentari.<\/span><\/p>\n\n\n\n<p><b>\u2022 Giganti dei supermercati e della vendita al dettaglio: <\/b><span style=\"font-weight: 400;\">Walmart, Carrefour e Tesco svolgono un ruolo fondamentale nel modellare il comportamento di acquisto dei consumatori. Il posizionamento dei prodotti, le promozioni e le decisioni sulle scorte riflettono direttamente le loro approfondite ricerche di mercato alimentare sulle abitudini di acquisto dei consumatori.<\/span><\/p>\n\n\n\n<p><b>\u2022 Marchi specializzati di alimenti naturali: <\/b><span style=\"font-weight: 400;\">Con la crescente attenzione alla salute e al benessere, marchi come Beyond Meat e Chobani stanno guadagnando terreno. La loro ascesa alla ribalta sottolinea l\u2019importanza della ricerca di mercato alimentare per comprendere e attingere a mercati di nicchia guidati da consumatori attenti alla salute.<\/span><\/p>\n\n\n\n<p><b>\u2022 Produttori Locali e Artigianali: <\/b><span style=\"font-weight: 400;\">Anche se potrebbero non avere la grande quota di mercato dei giganti multinazionali, i produttori locali, spesso concentrati su prodotti artigianali e biologici, occupano un posto speciale nel mercato alimentare. La loro comprensione delle preferenze, delle tradizioni e degli ingredienti locali, spesso raccolti attraverso ricerche di mercato alimentari di base, consente loro di creare prodotti con proposte di vendita autentiche e uniche.<\/span><\/p>\n\n\n\n<p><b>\u2022 Associazioni e Organizzazioni di categoria: <\/b><span style=\"font-weight: 400;\">Enti come l\u2019Organizzazione Mondiale della Sanit\u00e0 e l\u2019Organizzazione per l\u2019Alimentazione e l\u2019Agricoltura, pur non essendo entit\u00e0 commerciali, contribuiscono alla ricerca di mercato alimentare pubblicando rapporti e studi sul consumo alimentare globale, sulla nutrizione e sui modelli di sicurezza alimentare. Le loro intuizioni spesso modellano le politiche e influenzano le tendenze del mercato.<\/span><\/p>\n\n\n\n<h2 class=\"wp-block-heading\">Una ricerca di mercato nel settore alimentare e delle bevande scopre nuove opportunit\u00e0<\/h2>\n\n\n\n<figure class=\"gb-block-image gb-block-image-176eb9a0\"><img loading=\"lazy\" decoding=\"async\" width=\"1456\" height=\"816\" class=\"gb-image gb-image-176eb9a0\" src=\"https:\/\/www.sisinternational.com\/wp-content\/uploads\/2025\/08\/Food-taste-testing-3.jpg\" srcset=\"https:\/\/www.sisinternational.com\/wp-content\/uploads\/2025\/08\/Food-taste-testing-3.jpg 1456w, https:\/\/www.sisinternational.com\/wp-content\/uploads\/2025\/08\/Food-taste-testing-3-300x168.jpg 300w, https:\/\/www.sisinternational.com\/wp-content\/uploads\/2025\/08\/Food-taste-testing-3-1024x574.jpg 1024w, https:\/\/www.sisinternational.com\/wp-content\/uploads\/2025\/08\/Food-taste-testing-3-768x430.jpg 768w, https:\/\/www.sisinternational.com\/wp-content\/uploads\/2025\/08\/Food-taste-testing-3-18x10.jpg 18w\" sizes=\"auto, (max-width: 1456px) 100vw, 1456px\" alt=\"Ricerca e strategia di mercato internazionale SIS\"><\/figure>\n\n\n\n<p><span style=\"font-weight: 400;\"><\/span><\/p>\n\n\n\n<p><span style=\"font-weight: 400;\">Market Research can identify opportunities to recruit delivery personnel, boost customers, and manage demand and supply.\u00a0 Additionally, app companies find that Usability Research can be beneficial in achieving customer satisfaction and increasing sales conversions.\u00a0\u00a0<\/span><\/p>\n\n\n\n<p><span style=\"font-weight: 400;\">Collaborare con un&#039;azienda di consegna di cibo presenta numerosi vantaggi. Permette ai ristoratori di espandere il proprio mercato, dando loro accesso all\u2019intera citt\u00e0, un mercato molto pi\u00f9 significativo dei pochi isolati che circondano il loro locale. Inoltre consente loro di acquisire nuovi clienti. Una volta che un&#039;app di consegna di cibo dominante presenta il ristorante, aumenta la sua visibilit\u00e0.<\/span><\/p>\n\n\n\n<p><span style=\"font-weight: 400;\">I ristoratori si stanno rivolgendo alla consegna di cibo per aumentare il traffico in calo. Le app per la consegna di cibo sono un&#039;arma segreta nella lotta per indurre pi\u00f9 clienti a mangiare fuori. Le vendite di cibo a domicilio sono cresciute negli ultimi anni, mentre il traffico dei ristoranti \u00e8 rimasto stabile.<\/span><\/p>\n\n\n\n<p>Altre importanti opportunit\u00e0 per le aziende sono le seguenti:<\/p>\n\n\n\n<p><b>\u2022 Individuazione delle tendenze emergenti: <\/b><span style=\"font-weight: 400;\">Il mondo del cibo \u00e8 in continua evoluzione. Dall\u2019ascesa delle diete a base vegetale alla crescente domanda di imballaggi sostenibili, le ricerche di mercato alimentare forniscono informazioni tempestive sul comportamento dei consumatori, consentendo alle aziende di cogliere le tendenze emergenti prima che diventino mainstream.<\/span><\/p>\n\n\n\n<p><b>\u2022 Espansione in nuove aree geografiche: <\/b><span style=\"font-weight: 400;\">Every region has unique palates and culinary traditions. Food market research helps businesses understand local preferences, allowing them to tailor products to regional tastes, maximizing market penetration and profitability.<\/span><\/p>\n\n\n\n<p><b>\u2022 Innovazione nello sviluppo del prodotto: <\/b><span style=\"font-weight: 400;\">By understanding what consumers seek (be it health benefits, convenience, or a unique flavor), businesses can develop innovative products that meet those needs, ensuring higher sales and customer loyalty.<\/span><\/p>\n\n\n\n<p><b>\u2022 Migliorare il posizionamento del marchio: <\/b><span style=\"font-weight: 400;\">La ricerca di mercato alimentare pu\u00f2 scoprire le lacune del mercato, consentendo ai marchi di posizionarsi in modo distintivo e creare narrazioni avvincenti basate sugli approfondimenti della ricerca.<\/span><\/p>\n\n\n\n<p><b>\u2022 Campagne di marketing efficaci: <\/b><span style=\"font-weight: 400;\">Businesses can craft marketing campaigns that resonate with their target audience, ensuring higher engagement and return on investment.<\/span><\/p>\n\n\n\n<p><b>\u2022 Opportunit\u00e0 di diversificazione: <\/b><span style=\"font-weight: 400;\">Esplorando territori inesplorati nel mercato alimentare, le aziende possono diversificare la propria offerta di prodotti, garantendo molteplici flussi di entrate e riducendo la dipendenza da un singolo prodotto o categoria.<\/span><\/p>\n\n\n\n<h2 class=\"wp-block-heading\">Informazioni sulla ricerca di mercato SIS nel settore alimentare e delle bevande<\/h2>\n\n\n\n<p>SIS International Research is a leading provider of <a class=\"wpil_keyword_link\" href=\"https:\/\/www.sisinternational.com\/it\/\"   title=\"Casa\" data-wpil-keyword-link=\"linked\"  data-wpil-monitor-id=\"775\">ricerca di mercato globale<\/a> and strategy. With over thirty years of experience, SIS conducts comprehensive primary and secondary research to deliver the most accurate and updated results. Active in over 120 countries, SIS owns and operates state-of-the-art focus groups and in-depth interview facilities to provide superior data and answers for our clients. We maintain an expansive database with quality recruits, all experts in their field of work.<\/p>\n\n\n\n<p>SIS has extensive experience in the food <a href=\"https:\/\/www.sisinternational.com\/it\/ricerche-di-mercato-nel-settore-dellistruzione\/\" title=\"Ricerche di mercato nel settore dell&#039;istruzione\"  data-wpil-monitor-id=\"1823\">industry market research<\/a>, particularly in areas of interest including market segmentation, taste testing, customer loyalty, and market opportunity. Additional services range from trend analysis to mobile application development. For a full list of our experience in the food industry market research, we have provided <a href=\"https:\/\/www.sisinternational.com\/it\/competenza\/curriculum-di-esperienza\/resume-of-experience-in-food-beverages-industry\/\">un campione di curriculum e clienti con cui abbiamo lavorato in precedenza<\/a>.<\/p>\n\n\n\n<p><\/p>","protected":false},"excerpt":{"rendered":"<p>SIS \u00e8 una societ\u00e0 leader nelle ricerche di mercato globali. Scopri nuove opportunit\u00e0 e approfondimenti con le ricerche di mercato del settore alimentare e delle bevande.<\/p>","protected":false},"author":1,"featured_media":62621,"parent":14457,"menu_order":11,"comment_status":"closed","ping_status":"closed","template":"","meta":{"footnotes":""},"class_list":["post-22018","page","type-page","status-publish","has-post-thumbnail"],"_links":{"self":[{"href":"https:\/\/www.sisinternational.com\/it\/wp-json\/wp\/v2\/pages\/22018","targetHints":{"allow":["GET"]}}],"collection":[{"href":"https:\/\/www.sisinternational.com\/it\/wp-json\/wp\/v2\/pages"}],"about":[{"href":"https:\/\/www.sisinternational.com\/it\/wp-json\/wp\/v2\/types\/page"}],"author":[{"embeddable":true,"href":"https:\/\/www.sisinternational.com\/it\/wp-json\/wp\/v2\/users\/1"}],"replies":[{"embeddable":true,"href":"https:\/\/www.sisinternational.com\/it\/wp-json\/wp\/v2\/comments?post=22018"}],"version-history":[{"count":12,"href":"https:\/\/www.sisinternational.com\/it\/wp-json\/wp\/v2\/pages\/22018\/revisions"}],"predecessor-version":[{"id":79764,"href":"https:\/\/www.sisinternational.com\/it\/wp-json\/wp\/v2\/pages\/22018\/revisions\/79764"}],"up":[{"embeddable":true,"href":"https:\/\/www.sisinternational.com\/it\/wp-json\/wp\/v2\/pages\/14457"}],"wp:featuredmedia":[{"embeddable":true,"href":"https:\/\/www.sisinternational.com\/it\/wp-json\/wp\/v2\/media\/62621"}],"wp:attachment":[{"href":"https:\/\/www.sisinternational.com\/it\/wp-json\/wp\/v2\/media?parent=22018"}],"curies":[{"name":"wp","href":"https:\/\/api.w.org\/{rel}","templated":true}]}}