{"id":20021,"date":"2016-03-08T01:16:26","date_gmt":"2016-03-08T01:16:26","guid":{"rendered":"https:\/\/www.sisinternational.com\/?p=20021"},"modified":"2026-01-25T18:41:39","modified_gmt":"2026-01-25T23:41:39","slug":"ricerche-di-mercato-sullintelligence-dei-canali","status":"publish","type":"page","link":"https:\/\/www.sisinternational.com\/it\/pubblicazioni\/ricerche-di-mercato-sullintelligence-dei-canali\/","title":{"rendered":"Ricerche di mercato sull&#039;intelligence dei canali"},"content":{"rendered":"<h1 class=\"wp-block-heading\">Ricerche di mercato sull&#039;intelligence dei canali<\/h1>\n\n\n\n<figure class=\"gb-block-image gb-block-image-5b175b3b\"><img loading=\"lazy\" decoding=\"async\" width=\"1456\" height=\"816\" class=\"gb-image gb-image-5b175b3b\" src=\"https:\/\/www.sisinternational.com\/wp-content\/uploads\/2025\/08\/Logisticv-7.jpg\" alt=\"Ricerca e strategia di mercato internazionale SIS\" title=\"Logisticv (7)\" srcset=\"https:\/\/www.sisinternational.com\/wp-content\/uploads\/2025\/08\/Logisticv-7.jpg 1456w, https:\/\/www.sisinternational.com\/wp-content\/uploads\/2025\/08\/Logisticv-7-300x168.jpg 300w, https:\/\/www.sisinternational.com\/wp-content\/uploads\/2025\/08\/Logisticv-7-1024x574.jpg 1024w, https:\/\/www.sisinternational.com\/wp-content\/uploads\/2025\/08\/Logisticv-7-768x430.jpg 768w, https:\/\/www.sisinternational.com\/wp-content\/uploads\/2025\/08\/Logisticv-7-18x10.jpg 18w\" sizes=\"auto, (max-width: 1456px) 100vw, 1456px\"><\/figure>\n\n\n\n<p class=\"has-text-align-center\"><\/p>\n\n\n\n<hr class=\"wp-block-separator has-alpha-channel-opacity is-style-dots\"\/>\n\n\n\n<h2 class=\"wp-block-heading\">SIS International Research utilizza le ricerche di mercato di Channel Intelligence da oltre 40 anni. Negli ultimi 20 anni abbiamo utilizzato i seguenti metodi tradizionali:<\/h2>\n\n\n\n<ul class=\"wp-block-list\">\n<li><h3>Ricerca documentale per identificare partner di canale, distributori, OEMS, ecc.<\/h3><\/li>\n\n\n\n<li><h3>Partecipare a fiere e conferenze per identificare i principali dirigenti senior<\/h3><\/li>\n\n\n\n<li><h3>Elenchi di acquisto per CEO, CMO, Ricerca e sviluppo senior e dirigenti operativi<\/h3><\/li>\n\n\n\n<li><h3>Utilizzo di telefonate di riferimento<\/h3><\/li>\n<\/ul>\n\n\n\n<h2 class=\"wp-block-heading\">Nuovi metodi di ricerca di mercato di Channel Intelligence<\/h2>\n\n\n\n<p>Negli ultimi 5-7 anni, <a href=\"https:\/\/www.sisinternational.com\/it\/quali-sono-alcune-tendenze-nel-settore-delle-ricerche-di-mercato\/\" target=\"_blank\" rel=\"noopener\">social media e mobilit\u00e0<\/a> sono metodi pi\u00f9 efficaci per raggiungere questi intervistati. Inoltre, almeno 40-50% di questa popolazione sono millennial raggiungibili solo tramite mobilit\u00e0, ad esempio tramite cellulare o telefono cellulare. In secondo luogo, il loro tempo \u00e8 molto prezioso per le giovani generazioni ed \u00e8 difficile condurre un&#039;intervista della durata massima di 15-20 minuti. La mobilit\u00e0 e la tecnologia hanno avuto un impatto anche sui canali tradizionali dei trasporti, dell\u2019industria manifatturiera e di altri settori commerciali. <a href=\"https:\/\/smallbusiness.chron.com\/difference-between-marketing-research-marketing-intelligence-25562.html\" target=\"_blank\" rel=\"noopener\">I team leader e i datori di lavoro fanno affidamento su dati rapidi e accurati<\/a> per i loro canali, per garantire che la loro attivit\u00e0 rimanga al top.<\/p>\n\n\n\n<p>Avere un solido piano di Channel Intelligence Research aiuta le aziende a comprendere i propri clienti e come progettare con successo merchandising e promozioni. Possono meglio dare priorit\u00e0 alla gestione e al marketing conoscendo i fatti e le abitudini dei loro intervistati. I fornitori traggono vantaggio anche da una strategia per comprendere cosa cercano gli acquirenti e come si comportano i loro clienti rispetto ai concorrenti.<\/p>\n\n\n\n<h2 class=\"wp-block-heading\">Perch\u00e9 la ricerca sulla Channel Intelligence \u00e8 cos\u00ec importante?<\/h2>\n\n\n\n<p>If you are a manufacturer and sell products either B2B or B2C through distributors, OEMs, sales agents, you are removed from the ultimate customer. This \u201carms-length\u201d distance from the customer can cause you to \u201cmiss the market\u201d and ignore customer needs and \u201cpain points.\u201d <a href=\"https:\/\/www.sisinternational.com\/it\/copertura\/le-americhe\/ricerche-di-mercato-in-america-latina\/ricerche-di-mercato-uruguay\/\" title=\"Ricerche di mercato in Uruguay\" data-wpil-monitor-id=\"5080\">Ricerca<\/a> throughout the channel is important to deliver the following market intelligence:<\/p>\n\n\n\n<p>La ricerca lungo tutta la pipeline del tuo canale scoprir\u00e0 i punti di forza e di debolezza dei tuoi progetti e fornir\u00e0 anche preziose informazioni sulla concorrenza. Data la nostra esperienza con i canali B2B e B2C, consigliamo i seguenti metodi di ricerca per l&#039;intelligence del canale:<\/p>\n\n\n\n<p>Ricerca qualitativa: offre l&#039;intelligence del canale pi\u00f9 preziosa in quanto fornisce &quot;la voce del cliente&quot; e i punti critici del canale<\/p>\n\n\n\n<h3 class=\"wp-block-heading\">Metodi di ricerca:<\/h3>\n\n\n\n<h3 class=\"wp-block-heading\">Per massimizzare l&#039;intelligenza del tuo canale, ti consigliamo una combinazione di questi 3 metodi. Qui puoi ottenere il panorama del canale, la &quot;voce dei membri del tuo canale&quot; e la quantificazione dei risultati per un quadro completo del panorama del tuo canale. Per ulteriori informazioni sui metodi di ricerca della channel intelligence contattare: <a href=\"mailto:Research@sisinternational.com\">Research@sisinternational.com<\/a>.<\/h3>\n\n\n<h2>La nostra sede a New York<\/h2>\n<p><!-- \/wp:post-content --> <!-- wp:html --> <iframe loading=\"lazy\" src=\"https:\/\/www.google.com\/maps\/embed?pb=!1m18!1m12!1m3!1d3022.976188376966!2d-73.99130312499956!3d40.740549471389315!2m3!1f0!2f0!3f0!3m2!1i1024!2i768!4f13.1!3m3!1m2!1s0x89c259a15798c731%3A0xd695d09bdd495f25!2s11%20E%2022nd%20St%20FL%202%2C%20New%20York%2C%20NY%2010010%2C%20USA!5e0!3m2!1sen!2spe!4v1726171763526!5m2!1sen!2spe\" width=\"600\" height=\"450\" allowfullscreen=\"allowfullscreen\" data-mce-fragment=\"1\"><\/iframe> <!-- \/wp:html --> <!-- wp:paragraph --><\/p>\n<h3 class=\"wp-block-heading\">11 E 22nd Street, Piano 2, New York, NY 10010 T: +1(212) 505-6805<\/h3>\n<hr \/>\n<h2><span style=\"font-weight: 400;\">A proposito di SIS Internazionale<\/span><\/h2>\n<p><a href=\"https:\/\/www.sisinternational.com\/it\/\"><span style=\"font-weight: 400;\">SIS Internazionale<\/span><\/a><span style=\"font-weight: 400;\"> offre ricerca quantitativa, qualitativa e strategica. Forniamo dati, strumenti, strategie, report e approfondimenti per il processo decisionale. Conduciamo anche interviste, sondaggi, focus group e altri metodi e approcci di ricerca di mercato.<\/span><a href=\"https:\/\/www.sisinternational.com\/it\/sulla-sua-ricerca-internazionale\/contact-sis-international-market-research\/\"><span style=\"font-weight: 400;\"> Contattaci<\/span><\/a><span style=\"font-weight: 400;\"> per il tuo prossimo progetto di ricerca di mercato.<\/span><\/p>\n<\/p>\n\n<!-- wp:paragraph -->\n<p><\/p>\n<!-- \/wp:paragraph -->","protected":false},"excerpt":{"rendered":"<p>Scopri come si sta evolvendo Channel Intelligence e come i nuovi metodi possono offrirti vantaggi.<\/p>","protected":false},"author":1,"featured_media":63706,"parent":20148,"menu_order":0,"comment_status":"closed","ping_status":"open","template":"","meta":{"footnotes":""},"class_list":["post-20021","page","type-page","status-publish","has-post-thumbnail"],"_links":{"self":[{"href":"https:\/\/www.sisinternational.com\/it\/wp-json\/wp\/v2\/pages\/20021","targetHints":{"allow":["GET"]}}],"collection":[{"href":"https:\/\/www.sisinternational.com\/it\/wp-json\/wp\/v2\/pages"}],"about":[{"href":"https:\/\/www.sisinternational.com\/it\/wp-json\/wp\/v2\/types\/page"}],"author":[{"embeddable":true,"href":"https:\/\/www.sisinternational.com\/it\/wp-json\/wp\/v2\/users\/1"}],"replies":[{"embeddable":true,"href":"https:\/\/www.sisinternational.com\/it\/wp-json\/wp\/v2\/comments?post=20021"}],"version-history":[{"count":6,"href":"https:\/\/www.sisinternational.com\/it\/wp-json\/wp\/v2\/pages\/20021\/revisions"}],"predecessor-version":[{"id":78973,"href":"https:\/\/www.sisinternational.com\/it\/wp-json\/wp\/v2\/pages\/20021\/revisions\/78973"}],"up":[{"embeddable":true,"href":"https:\/\/www.sisinternational.com\/it\/wp-json\/wp\/v2\/pages\/20148"}],"wp:featuredmedia":[{"embeddable":true,"href":"https:\/\/www.sisinternational.com\/it\/wp-json\/wp\/v2\/media\/63706"}],"wp:attachment":[{"href":"https:\/\/www.sisinternational.com\/it\/wp-json\/wp\/v2\/media?parent=20021"}],"curies":[{"name":"wp","href":"https:\/\/api.w.org\/{rel}","templated":true}]}}