{"id":18900,"date":"2015-09-21T23:57:09","date_gmt":"2015-09-21T23:57:09","guid":{"rendered":"https:\/\/www.sisinternational.com\/?page_id=18900"},"modified":"2026-03-12T21:25:27","modified_gmt":"2026-03-13T01:25:27","slug":"test-di-usabilita-ricerca-sullesperienza-utente","status":"publish","type":"page","link":"https:\/\/www.sisinternational.com\/it\/competenza\/ricerche-di-mercato-per-test-di-prodotto\/test-di-usabilita-ricerca-sullesperienza-utente\/","title":{"rendered":"Ricerche di mercato sugli utenti e test di usabilit\u00e0"},"content":{"rendered":"<h1 class=\"wp-block-heading p1\">Ricerche di mercato sugli utenti e test di usabilit\u00e0<\/h1>\n\n\n\n<p><\/p>\n\n\n\n<figure class=\"gb-block-image gb-block-image-ceedab54\"><img loading=\"lazy\" decoding=\"async\" width=\"1456\" height=\"816\" class=\"gb-image gb-image-ceedab54\" src=\"https:\/\/www.sisinternational.com\/wp-content\/uploads\/2025\/08\/Tech-6.jpg\" alt=\"Ricerca e strategia di mercato internazionale SIS\" title=\"Tech (6)\" srcset=\"https:\/\/www.sisinternational.com\/wp-content\/uploads\/2025\/08\/Tech-6.jpg 1456w, https:\/\/www.sisinternational.com\/wp-content\/uploads\/2025\/08\/Tech-6-300x168.jpg 300w, https:\/\/www.sisinternational.com\/wp-content\/uploads\/2025\/08\/Tech-6-1024x574.jpg 1024w, https:\/\/www.sisinternational.com\/wp-content\/uploads\/2025\/08\/Tech-6-768x430.jpg 768w, https:\/\/www.sisinternational.com\/wp-content\/uploads\/2025\/08\/Tech-6-18x10.jpg 18w\" sizes=\"auto, (max-width: 1456px) 100vw, 1456px\"><\/figure>\n\n\n\n<p><\/p>\n\n\n\n<h2 class=\"wp-block-heading p1\"><span class=\"s1\">Cos&#039;\u00e8 il test di usabilit\u00e0?<\/span><\/h2>\n\n\n\n<p class=\"p2\"><span class=\"s1\"><b>Test di usabilit\u00e0<\/b>&nbsp;\u00e8 una tecnica di ricerca qualitativa che prevede l&#039;osservazione diretta e l&#039;intervista di persone che utilizzano un prodotto per valutare se pu\u00f2 essere utilizzato per lo scopo previsto.<\/span><\/p>\n\n\n\n<p class=\"p4\"><span class=\"s1\">In genere, ai soggetti viene chiesto di utilizzare un prodotto o di risolvere un problema con esso, e poi di dire ad alta voce cosa stanno pensando e facendo, e perch\u00e9, passo dopo passo. Questo processo pu\u00f2 portare alla luce eventuali difficolt\u00e0 nella comprensione o nell&#039;utilizzo del prodotto. <\/span><\/p>\n\n\n\n<h2 class=\"wp-block-heading p1\"><span class=\"s1\">Quando utilizzare i test di usabilit\u00e0<\/span><\/h2>\n\n\n\n<p class=\"p2\"><span class=\"s1\">Se hai o stai rivedendo un&#039;attivit\u00e0 <\/span><span class=\"s2\">sito web<\/span><span class=\"s1\">, dovrebbe esserci interesse nel determinare l&#039;esperienza complessiva dell&#039;utente, compresi la facilit\u00e0 d&#039;uso, il numero di clic e la quantit\u00e0 di tempo impiegata per la ricerca delle informazioni.&nbsp;<\/span><span class=\"s3\">\u00c8 importante sapere se i visitatori del tuo sito web possono eseguire o meno le seguenti operazioni:<\/span><\/p>\n\n\n\n<ul class=\"wp-block-list\">\n<li><span class=\"s1\">Navigare da una schermata all&#039;altra e su ciascuna schermata<\/span><\/li>\n\n\n\n<li><span class=\"s1\">Scopri i contenuti attesi<\/span><\/li>\n\n\n\n<li><span class=\"s1\">Individua le specifiche del prodotto<\/span><\/li>\n\n\n\n<li><span class=\"s1\">Comprendere\/utilizzare immagini o video<\/span><\/li>\n\n\n\n<li><span class=\"s1\">Risolvere un problema<\/span><\/li>\n\n\n\n<li><span class=\"s1\">Ottieni un prezzo <\/span><\/li>\n\n\n\n<li><span class=\"s1\">Trova il profilo aziendale<\/span><\/li>\n\n\n\n<li><span class=\"s1\">Contatta l&#039;azienda per\u2026<\/span>\n<ul class=\"wp-block-list\">\n<li><span class=\"s1\">Richiedi un preventivo&nbsp;<\/span><\/li>\n\n\n\n<li><span class=\"s1\">Fare un acquisto<\/span><\/li>\n\n\n\n<li><span class=\"s1\">Parla con il servizio clienti<\/span><\/li>\n<\/ul>\n<\/li>\n<\/ul>\n\n\n\n<h2 class=\"wp-block-heading\">Scoprire informazioni sull&#039;esperienza utente<\/h2>\n\n\n\n<p class=\"p1\"><span class=\"s1\">Se vendi un <\/span><span class=\"s2\">Prodotto<\/span><span class=\"s1\">&nbsp;che pu\u00f2 essere accompagnato o meno da istruzioni stampate, \u00e8 possibile determinare non solo se il consumatore \u00e8 consapevole di come usarlo, ma quanto \u00e8 facile da usare e in che misura soddisfa le aspettative. Esempi inclusi:<\/span><\/p>\n\n\n\n<ul class=\"wp-block-list\">\n<li><span class=\"s1\">Alimenti che richiedono preparazione<\/span><\/li>\n\n\n\n<li><span class=\"s1\">Ausili per la salute e la bellezza<\/span><\/li>\n\n\n\n<li><span class=\"s1\">Cruscotti automobilistici<\/span><\/li>\n\n\n\n<li><span class=\"s1\">Sistemi di intrattenimento<\/span><\/li>\n\n\n\n<li><span class=\"s1\">Dispositivi o strumenti elettrici ed elettronici<\/span><\/li>\n\n\n\n<li><span class=\"s1\">Un prodotto che richiede assemblaggio<\/span><\/li>\n<\/ul>\n\n\n\n<h2 class=\"wp-block-heading p1\"><span class=\"s1\">Come vengono condotti i test di usabilit\u00e0?<\/span><\/h2>\n\n\n\n<p class=\"p2\"><span class=\"s1\">Test subjects are generally recruited based on a set of screening questions and then invited to a <a href=\"https:\/\/www.sisinternational.com\/it\/soluzioni\/soluzioni-di-branding-e-ricerca-clienti\/ricerche-di-mercato-per-test-di-prodotto\/\" title=\"Ricerche di mercato sui test dei prodotti\"  data-wpil-monitor-id=\"9659\">ricerca<\/a> facility which is set up with the product to be tested. Alternatively, some videoconferencing capability (e.g. Skype, FaceTime, Zoom) may be set up to enable an interviewer to see and be seen by a respondent. <\/span><\/p>\n\n\n\n<ul class=\"wp-block-list\">\n<li><span class=\"s1\">Nella maggior parte dei casi il compenso monetario, noto come an <strong>incentivo<\/strong>, viene offerto per collaborare alla ricerca, ma in alcuni casi ai partecipanti viene semplicemente dato il prodotto reale da conservare.<\/span><\/li>\n\n\n\n<li><span class=\"s1\">Una sessione tipica dura da un&#039;ora a 90 minuti.<\/span><\/li>\n<\/ul>\n\n\n\n<p class=\"p2\"><span class=\"s1\">Con l&#039;aiuto del cliente, il ricercatore\/intervistatore stabilir\u00e0 una serie di compiti e domande da somministrare. <\/span><\/p>\n\n\n\n<ul class=\"wp-block-list\">\n<li><span class=\"s1\">Nel corso del progetto, ove possibile, \u00e8 buona pratica ruotare i compiti per evitare pregiudizi che uno potrebbe avere sull&#039;altro.<\/span><\/li>\n\n\n\n<li><span class=\"s1\">L&#039;intervistatore non dovrebbe fornire alcuna assistenza (se non quella di chiarire cosa deve essere fatto) e dovrebbe presentare il compito esattamente nello stesso modo a ciascun partecipante.&nbsp;<\/span><\/li>\n\n\n\n<li><span class=\"s1\">Se l&#039;attivit\u00e0 non pu\u00f2 essere completata, verranno identificate le ragioni del fallimento e si aiuter\u00e0 il cliente ad apportare le modifiche necessarie al prodotto o al sito web.<\/span><\/li>\n\n\n\n<li><span class=\"s1\">Osservando attentamente ciascun utente, il ricercatore pu\u00f2 anche prendere nota di qualsiasi linguaggio del corpo o espressione verbale (che indica frustrazione, confusione, insoddisfazione o segni di piacere o soddisfazione), il tutto pu\u00f2 essere incorporato in un rapporto finale e raccomandazioni.<\/span><\/li>\n<\/ul>\n\n\n\n<p class=\"p1\"><span class=\"s1\">Anche con un numero relativamente piccolo di argomenti, molti risultati e commenti tenderanno a convergere rapidamente e a rendere evidente se ci sono aree che necessitano di miglioramento.<\/span><\/p>\n\n\n\n<p class=\"p1\"><span class=\"s1\">\u00c8 una buona idea eseguire periodicamente test di usabilit\u00e0 per garantire che i nuovi utenti possano eseguire facilmente le attivit\u00e0 con il tuo prodotto o sito Web e per determinare se eventuali modifiche hanno fatto la differenza.<\/span><\/p>\n\n\n\n<h2 class=\"wp-block-heading\">Informazioni sui test di usabilit\u00e0 del sito Web<\/h2>\n\n\n\n<p>Testing a website can be critical.&nbsp; Most people in both B2C and <a href=\"https:\/\/www.sisinternational.com\/it\/competenza\/curriculum-di-esperienza\/b2b-market-research-company\/\" title=\"Principale societ\u00e0 di ricerche di mercato B2B\"  data-wpil-monitor-id=\"9660\">B2B examine a company&#8217;s<\/a> website before doing business with your company.&nbsp; Therefore Website Usability can have a direct and immediate impact on your bottom line profitability.<\/p>\n\n\n\n<p>Website Usability is a robust <a href=\"https:\/\/www.sisinternational.com\/it\/soluzioni\/voce-del-cliente\/\" title=\"La voce della ricerca sul cliente\"  data-wpil-monitor-id=\"9655\">research methodology to understand customer<\/a> likes, dislikes and purchasing processes. It examines what customers first see, what bothers them, and what motivates them to purchase.&nbsp; Data can also be provided in terms of conversion metrics, willingness to purchase, and heat map data.&nbsp; <a href=\"https:\/\/www.sisinternational.com\/it\/soluzioni\/soluzioni-di-ricerca-quantitativa-qualitativa\/reclutamento-per-la-ricerca-qualitativa\/\" title=\"Reclutamento per la ricerca qualitativa\"  data-wpil-monitor-id=\"9656\">Ricerca qualitativa e quantitativa<\/a> can be gathered to provide strategies and modifications to your company&#8217;s website.<\/p>\n\n\n\n<p><strong>La ricerca sull&#039;usabilit\u00e0 del sito web pu\u00f2 fornire:<\/strong><\/p>\n\n\n\n<ul class=\"wp-block-list\">\n<li>Messaggistica e design migliori<\/li>\n\n\n\n<li>Metriche di conversione pi\u00f9 elevate<\/li>\n\n\n\n<li>Maggiore redditivit\u00e0, ricavi e vendite<\/li>\n\n\n\n<li>Migliori prestazioni del marchio<\/li>\n\n\n\n<li>Migliore ottimizzazione per i motori di ricerca (SEO)<\/li>\n\n\n\n<li>Strategia omnicanale migliorata<\/li>\n\n\n\n<li>Vantaggio competitivo<\/li>\n<\/ul>\n\n\n\n<h2 class=\"wp-block-heading\">Metodi di ricerca di mercato per gli utenti<\/h2>\n\n\n\n<p>Many UX <a href=\"https:\/\/www.sisinternational.com\/it\/quantitative-market-research-methods-and-techniques\/\" title=\"Quantitative Market Research Methods and Techniques\"  data-wpil-monitor-id=\"9654\">Market Research methods<\/a> can help achieve different objectives.&nbsp; We conduct:<\/p>\n\n\n\n<ul class=\"wp-block-list\">\n<li><a href=\"https:\/\/www.sisinternational.com\/it\/soluzioni\/societa-di-ricerche-di-mercato-della-comunita-online-b2b\/\" title=\"Societ\u00e0 di ricerche di mercato della comunit\u00e0 online B2B\"  data-wpil-monitor-id=\"9658\">Comunit\u00e0 di approfondimento online<\/a><\/li>\n\n\n\n<li><a href=\"https:\/\/www.sisinternational.com\/it\/soluzioni\/soluzioni-di-branding-e-ricerca-clienti\/ricerca-videoetnografica\/\" title=\"Ricerca etnografica video\"  data-wpil-monitor-id=\"6797\">Etnografia video e mobile<\/a><\/li>\n\n\n\n<li>Interviste Zoom online<\/li>\n\n\n\n<li>Sessioni di co-creazione<\/li>\n\n\n\n<li>Gruppi di discussione<\/li>\n\n\n\n<li>Interviste approfondite<\/li>\n\n\n\n<li>Agile <a href=\"https:\/\/www.sisinternational.com\/it\/soluzioni\/prova-del-gusto\/how-quantitative-sensory-testing-helps-businesses-improve-product-appeal\/\" title=\"Sensory Testing Research\"  data-wpil-monitor-id=\"9657\">Research and Testing<\/a><\/li>\n\n\n\n<li>Test di usabilit\u00e0 del sito web<\/li>\n<\/ul>\n\n\n\n<h2 class=\"wp-block-heading\">Vantaggi delle ricerche di mercato sugli utenti<\/h2>\n\n\n\n<p>La ricerca di mercato sugli utenti fornisce approfondimenti, dati e strategie in grado di fornire:<\/p>\n\n\n\n<ul class=\"wp-block-list\">\n<li>Maggiore coinvolgimento del cliente<\/li>\n\n\n\n<li>Maggiore redditivit\u00e0<\/li>\n\n\n\n<li>Migliori performance aziendali<\/li>\n\n\n\n<li>Messaggistica pi\u00f9 efficace<\/li>\n\n\n\n<li><a href=\"https:\/\/www.sisinternational.com\/it\/competenza\/industrie\/ricerche-di-mercato-nellistruzione-superiore\/\" title=\"Ricerche di mercato sull&#039;istruzione superiore\"  data-wpil-monitor-id=\"9661\">Higher efficiency in marketing<\/a> and operations<\/li>\n\n\n\n<li>Budget di marketing inferiori<\/li>\n<\/ul>","protected":false},"excerpt":{"rendered":"<p>Forniamo ricerche sugli utenti e test UX per un vantaggio competitivo.<\/p>","protected":false},"author":1,"featured_media":62723,"parent":12926,"menu_order":6,"comment_status":"closed","ping_status":"closed","template":"","meta":{"footnotes":""},"class_list":["post-18900","page","type-page","status-publish","has-post-thumbnail"],"_links":{"self":[{"href":"https:\/\/www.sisinternational.com\/it\/wp-json\/wp\/v2\/pages\/18900","targetHints":{"allow":["GET"]}}],"collection":[{"href":"https:\/\/www.sisinternational.com\/it\/wp-json\/wp\/v2\/pages"}],"about":[{"href":"https:\/\/www.sisinternational.com\/it\/wp-json\/wp\/v2\/types\/page"}],"author":[{"embeddable":true,"href":"https:\/\/www.sisinternational.com\/it\/wp-json\/wp\/v2\/users\/1"}],"replies":[{"embeddable":true,"href":"https:\/\/www.sisinternational.com\/it\/wp-json\/wp\/v2\/comments?post=18900"}],"version-history":[{"count":6,"href":"https:\/\/www.sisinternational.com\/it\/wp-json\/wp\/v2\/pages\/18900\/revisions"}],"predecessor-version":[{"id":81610,"href":"https:\/\/www.sisinternational.com\/it\/wp-json\/wp\/v2\/pages\/18900\/revisions\/81610"}],"up":[{"embeddable":true,"href":"https:\/\/www.sisinternational.com\/it\/wp-json\/wp\/v2\/pages\/12926"}],"wp:featuredmedia":[{"embeddable":true,"href":"https:\/\/www.sisinternational.com\/it\/wp-json\/wp\/v2\/media\/62723"}],"wp:attachment":[{"href":"https:\/\/www.sisinternational.com\/it\/wp-json\/wp\/v2\/media?parent=18900"}],"curies":[{"name":"wp","href":"https:\/\/api.w.org\/{rel}","templated":true}]}}