{"id":18880,"date":"2015-09-19T21:12:32","date_gmt":"2015-09-19T21:12:32","guid":{"rendered":"https:\/\/www.sisinternational.com\/?page_id=18880"},"modified":"2025-09-16T17:58:52","modified_gmt":"2025-09-16T21:58:52","slug":"laboratori-di-ideazione","status":"publish","type":"page","link":"https:\/\/www.sisinternational.com\/it\/soluzioni\/innovazione\/laboratori-di-ideazione\/","title":{"rendered":"Ricerca sull&#039;ideazione"},"content":{"rendered":"<h1 class=\"wp-block-heading\">Ricerca sull&#039;ideazione<\/h1>\n\n\n\n<p><\/p>\n\n\n\n<figure class=\"gb-block-image gb-block-image-59b8f966\"><img loading=\"lazy\" decoding=\"async\" width=\"1456\" height=\"816\" class=\"gb-image gb-image-59b8f966\" src=\"https:\/\/www.sisinternational.com\/wp-content\/uploads\/2025\/08\/Desk-research-3.jpg\" alt=\"Ricerca e strategia di mercato internazionale SIS\" title=\"Desk research (3)\" srcset=\"https:\/\/www.sisinternational.com\/wp-content\/uploads\/2025\/08\/Desk-research-3.jpg 1456w, https:\/\/www.sisinternational.com\/wp-content\/uploads\/2025\/08\/Desk-research-3-300x168.jpg 300w, https:\/\/www.sisinternational.com\/wp-content\/uploads\/2025\/08\/Desk-research-3-1024x574.jpg 1024w, https:\/\/www.sisinternational.com\/wp-content\/uploads\/2025\/08\/Desk-research-3-768x430.jpg 768w, https:\/\/www.sisinternational.com\/wp-content\/uploads\/2025\/08\/Desk-research-3-18x10.jpg 18w\" sizes=\"auto, (max-width: 1456px) 100vw, 1456px\"><\/figure>\n\n\n\n<p><\/p>\n\n\n\n<h2 class=\"wp-block-heading p1\"><span class=\"s1\">Cos&#039;\u00e8 l&#039;Ideazione?<\/span><\/h2>\n\n\n\n<p class=\"p2\"><span class=\"s1\">Sia nel mercato consumer che in quello B2B, l\u2019obiettivo dell\u2019ideazione (o del processo di ideazione) non \u00e8 solo generare idee. Dovrebbe invece concentrarsi su come soddisfarli al meglio <\/span><span class=\"s2\">unmet&nbsp;needs of your <span class=\"s3\">clienti<\/span><\/span><span class=\"s4\">.<\/span><span class=\"s1\">&nbsp; Un workshop di ideazione prevede un processo creativo per affrontare questa sfida. Per molti aspetti \u00e8 simile a quella che viene spesso chiamata sessione di brainstorming. Idealmente porta allo sviluppo di nuovi prodotti migliorati o precedentemente inimmaginabili o ad estensioni di linea.<\/span><\/p>\n\n\n\n<p>Mercato <a href=\"https:\/\/www.sisinternational.com\/it\/competenza\/curriculum-di-esperienza\/curriculum-di-esperienza-nel-settore-dei-beni-di-consumo-e-confezionati\/\" title=\"Ricerche di mercato di beni di consumo e confezionati\"  data-wpil-monitor-id=\"8534\">ricerca<\/a> can be used as a preliminary step to learn what consumers need or desire to do easier, faster, cheaper, or more effectively. Personal interviews, focus groups, <a href=\"https:\/\/www.sisinternational.com\/it\/soluzioni\/societa-di-ricerche-di-mercato-per-il-campionamento-di-sondaggi-online\/\" title=\"Societ\u00e0 di ricerche di mercato per il campionamento di sondaggi online\"  data-wpil-monitor-id=\"8532\">online or telephone surveys<\/a> are just a few methods that can help to uncover some of these needs. The gist of the questions would revolve around \u201cwhat else would you like\u2026?\u201d<\/p>\n\n\n\n<h2 class=\"wp-block-heading p1\"><span class=\"s1\">Come si conduce un seminario di ideazione?<\/span><\/h2>\n\n\n\n<p class=\"p1\"><span class=\"s1\">Uno dei primi compiti \u00e8 trovare un moderatore qualificato, quasi sempre un professionista esterno all&#039;azienda che abbia esperienza nella gestione di tali esercizi. Successivamente, per ottenere il feedback pi\u00f9 ampio possibile, dovrebbero essere invitati a partecipare tra gli 8 e i 12 membri interni alla vostra organizzazione. Dovrebbero possedere una diversit\u00e0 di tratti o caratteristiche, ad esempio sesso, fascia di et\u00e0, livello dirigenziale, funzione lavorativa. Nel workshop tutti gli individui e le loro idee dovrebbero essere trattati allo stesso modo, <\/span><span style=\"text-decoration: underline;\"><span class=\"s2\">senza giudizi o pregiudizi<\/span><\/span><span class=\"s1\">. I partecipanti potrebbero non conoscersi e, ad eccezione del nome di battesimo, non \u00e8 necessaria alcuna ulteriore identificazione.<\/span><\/p>\n\n\n\n<ul class=\"wp-block-list\">\n<li><span class=\"s1\">Esistono numerosi \u201ctest\u201d della personalit\u00e0 comunemente utilizzati che aiutano a collocare le persone in determinate categorie. Myers-Briggs, ad esempio, pone una serie di domande dopo le quali le persone vengono assegnate a uno dei 16 tipi di personalit\u00e0, alcuni dei quali possono essere pi\u00f9 introversi, estroversi, intuitivi, analitici o creativi. <\/span><\/li>\n<\/ul>\n\n\n\n<p class=\"p1\"><span class=\"s1\">\u00c8 possibile stabilire regole o vincoli per costringere le persone a pensare in modi nuovi e diversi. Per esempio:<\/span><\/p>\n\n\n\n<ul class=\"wp-block-list\">\n<li><span class=\"s1\">A causa di carenze o aumenti di prezzo, cosa succederebbe se non potessi utilizzare determinati ingredienti o materiali per produrre un prodotto? <\/span><\/li>\n\n\n\n<li><span class=\"s1\">Come potresti completare un&#039;attivit\u00e0 nella met\u00e0 del tempo o alla met\u00e0 del costo? <\/span><\/li>\n\n\n\n<li><span class=\"s1\">How would a <a href=\"https:\/\/www.sisinternational.com\/it\/competenza\/curriculum-di-esperienza\/curriculum-di-esperienza-nel-settore-automobilistico\/\" title=\"Societ\u00e0 di ricerche di mercato nel settore automobilistico\"  data-wpil-monitor-id=\"8535\">company in another industry<\/a> address the problem?<\/span><\/li>\n<\/ul>\n\n\n\n<p><span class=\"s1\">Il leader della sessione normalmente avr\u00e0 alcuni elementi a disposizione nella sala riunioni:<\/span><\/p>\n\n\n\n<ul class=\"wp-block-list\">\n<li><span class=\"s1\">Post-it di diversi colori e dimensioni<\/span><\/li>\n\n\n\n<li><span class=\"s1\">Lavagne a fogli mobili<\/span><\/li>\n\n\n\n<li><span class=\"s1\">Tavole bianche<\/span><\/li>\n\n\n\n<li><span class=\"s1\">Pennarelli in diversi colori<\/span><\/li>\n\n\n\n<li><span class=\"s1\">Giocattoli, oggetti o giochi per ridurre la tensione, creare un&#039;atmosfera divertente e stimolare il pensiero fuori dagli schemi<\/span><\/li>\n<\/ul>\n\n\n\n<p class=\"p1\"><span class=\"s1\">Participants may be asked to co-create or create drawings or simple sketches and place them around the room for others to see and react to. This co-creation dives deep below the surface to uncover intuitive insight.&nbsp; Diagrams may be used to connect and rearrange words, pictures, ideas and concepts. It is important to hear from everyone in an environment where there are no wrong answers or statements.<b> <\/b><\/span><\/p>\n\n\n\n<p class=\"p1\"><\/p>\n\n\n\n<h2 class=\"wp-block-heading p1\"><span class=\"s1\">Quali sono i vantaggi di un workshop di ideazione?<\/span><\/h2>\n\n\n\n<p class=\"p1\"><span class=\"s1\">Ad un certo punto, di solito in un\u2019ora o 90 minuti, saranno emerse molte idee e il ritmo di quelle nuove diminuir\u00e0. Dovrebbe essere possibile raggrupparli, discuterli, quindi valutarli e classificarli secondo criteri concordati internamente (ad esempio risolve un problema comune dell&#039;utente, \u00e8 fattibile e pu\u00f2 essere prodotto entro un limite di tempo o di costo ragionevole). <\/span><\/p>\n\n\n\n<p class=\"p1\"><span class=\"s1\">Since the goal is to fulfill unmet customer needs and desires, there is really no limit to how many options should be pursued. But from a practical point of view, perhaps just a handful should be further explored in terms of resources required and potential <a href=\"https:\/\/www.sisinternational.com\/it\/ritorno-sullinvestimento-in-ricerche-di-mercato\/\" title=\"Ritorno sull&#039;investimento nelle ricerche di mercato\"  data-wpil-monitor-id=\"8536\">return on investment<\/a>.<\/span><\/p>\n\n\n\n<p class=\"p1\"><span class=\"s1\">Ultimately, terrific ideas for innovative new products or <a href=\"https:\/\/www.sisinternational.com\/it\/soluzioni\/ricerca-di-consulenza-strategica-fintech\/consulenza-per-lacquisizione-di-clienti-nei-servizi-finanziari\/\" title=\"Servizi finanziari Consulenza per l&#039;acquisizione di clienti\"  data-wpil-monitor-id=\"8533\">services that solve problems for your customers<\/a> will be the outcome.<\/span><\/p>\n\n\n\n<p><\/p>","protected":false},"excerpt":{"rendered":"<p>La ricerca sull&#039;ideazione porta allo sviluppo di nuovi prodotti migliorati e precedentemente inimmaginabili. I partecipanti forniscono informazioni all\u2019avanguardia.<\/p>","protected":false},"author":1,"featured_media":62800,"parent":14459,"menu_order":1,"comment_status":"open","ping_status":"open","template":"","meta":{"footnotes":""},"class_list":["post-18880","page","type-page","status-publish","has-post-thumbnail"],"_links":{"self":[{"href":"https:\/\/www.sisinternational.com\/it\/wp-json\/wp\/v2\/pages\/18880","targetHints":{"allow":["GET"]}}],"collection":[{"href":"https:\/\/www.sisinternational.com\/it\/wp-json\/wp\/v2\/pages"}],"about":[{"href":"https:\/\/www.sisinternational.com\/it\/wp-json\/wp\/v2\/types\/page"}],"author":[{"embeddable":true,"href":"https:\/\/www.sisinternational.com\/it\/wp-json\/wp\/v2\/users\/1"}],"replies":[{"embeddable":true,"href":"https:\/\/www.sisinternational.com\/it\/wp-json\/wp\/v2\/comments?post=18880"}],"version-history":[{"count":5,"href":"https:\/\/www.sisinternational.com\/it\/wp-json\/wp\/v2\/pages\/18880\/revisions"}],"predecessor-version":[{"id":81431,"href":"https:\/\/www.sisinternational.com\/it\/wp-json\/wp\/v2\/pages\/18880\/revisions\/81431"}],"up":[{"embeddable":true,"href":"https:\/\/www.sisinternational.com\/it\/wp-json\/wp\/v2\/pages\/14459"}],"wp:featuredmedia":[{"embeddable":true,"href":"https:\/\/www.sisinternational.com\/it\/wp-json\/wp\/v2\/media\/62800"}],"wp:attachment":[{"href":"https:\/\/www.sisinternational.com\/it\/wp-json\/wp\/v2\/media?parent=18880"}],"curies":[{"name":"wp","href":"https:\/\/api.w.org\/{rel}","templated":true}]}}