{"id":18439,"date":"2019-02-14T22:56:49","date_gmt":"2019-02-14T22:56:49","guid":{"rendered":"https:\/\/www.sisinternational.com\/?page_id=18439"},"modified":"2026-03-05T23:47:47","modified_gmt":"2026-03-06T04:47:47","slug":"laboratori-di-ideazione","status":"publish","type":"page","link":"https:\/\/www.sisinternational.com\/it\/soluzioni\/soluzioni-di-ricerca-quantitativa-qualitativa\/laboratori-di-ideazione\/","title":{"rendered":"Laboratori di ideazione"},"content":{"rendered":"<h1 class=\"wp-block-heading\">Laboratori di ideazione<\/h1>\n\n\n\n<figure class=\"gb-block-image gb-block-image-736eba57\"><img loading=\"lazy\" decoding=\"async\" width=\"1024\" height=\"574\" class=\"gb-image gb-image-736eba57\" src=\"https:\/\/www.sisinternational.com\/wp-content\/uploads\/2025\/08\/Creativity-13-1024x574.jpg\" srcset=\"https:\/\/www.sisinternational.com\/wp-content\/uploads\/2025\/08\/Creativity-13-1024x574.jpg 1024w, https:\/\/www.sisinternational.com\/wp-content\/uploads\/2025\/08\/Creativity-13-300x168.jpg 300w, https:\/\/www.sisinternational.com\/wp-content\/uploads\/2025\/08\/Creativity-13-768x430.jpg 768w, https:\/\/www.sisinternational.com\/wp-content\/uploads\/2025\/08\/Creativity-13-18x10.jpg 18w, https:\/\/www.sisinternational.com\/wp-content\/uploads\/2025\/08\/Creativity-13.jpg 1456w\" sizes=\"auto, (max-width: 1024px) 100vw, 1024px\" alt=\"Ricerca e strategia di mercato internazionale SIS\"><\/figure>\n\n\n\n<p><\/p>\n\n\n\n<h2 class=\"wp-block-heading\">Cos&#039;\u00e8 l&#039;Ideazione? Cos&#039;\u00e8 un laboratorio di ideazione?<\/h2>\n\n\n\n<p>In both the consumer and B2B marketplace, the goal of ideation (or the ideation process) is not just to generate ideas. Instead, it should focus on how to best satisfy any unmet needs of your customers.\u00a0 An ideation workshop involves a creative process to address this challenge. In many respects, it is similar to what is often called a brainstorming session. Ideally, it leads to the development of improved or previously unimagined new products or line extensions. Market <a href=\"https:\/\/www.sisinternational.com\/it\/competenza\/curriculum-di-esperienza\/curriculum-di-esperienza-nel-settore-dei-beni-di-consumo-e-confezionati\/\" title=\"Ricerche di mercato di beni di consumo e confezionati\"  data-wpil-monitor-id=\"8932\">ricerca<\/a> can be used as a preliminary step to learn what consumers need or desire to do easier, faster, cheaper, or more effectively. Personal interviews, focus groups, <a href=\"https:\/\/www.sisinternational.com\/it\/soluzioni\/societa-di-ricerche-di-mercato-per-il-campionamento-di-sondaggi-online\/\" title=\"Societ\u00e0 di ricerche di mercato per il campionamento di sondaggi online\"  data-wpil-monitor-id=\"8930\">online or telephone surveys<\/a> are just a few methods that can help to uncover some of these needs. The gist of the questions would revolve around \u201cwhat else would you like\u2026?\u201d<b>\u00a0<\/b><\/p>\n\n\n\n<h2 class=\"wp-block-heading\">Come si conduce un workshop di ideazione?<\/h2>\n\n\n\n<p>Uno dei primi compiti \u00e8 trovare un moderatore qualificato, quasi sempre un professionista esterno all&#039;azienda che abbia esperienza nella gestione di tali esercizi. Successivamente, per ottenere il feedback pi\u00f9 ampio possibile, dovrebbero essere invitati a partecipare tra gli 8 e i 12 membri interni alla vostra organizzazione. Dovrebbero possedere una diversit\u00e0 di tratti o caratteristiche, ad esempio sesso, fascia di et\u00e0, livello dirigenziale, funzione lavorativa. Nel workshop, tutti gli individui e le loro idee dovrebbero essere trattati allo stesso modo, senza giudizi o pregiudizi. I partecipanti potrebbero non conoscersi e, ad eccezione del nome di battesimo, non \u00e8 necessaria alcuna ulteriore identificazione.<\/p>\n\n\n\n<ul class=\"wp-block-list\">\n<li>There are several commonly used personality \u201ctests\u201d that help to place people into certain categories. Myers-Briggs, for example, asks a set of questions after which people are assigned to one of 16 personality types, some of whom may be more introverted, extroverted, intuitive, analytical, or creative.<\/li>\n<\/ul>\n\n\n\n<h3 class=\"wp-block-heading\">\u00c8 possibile stabilire regole o vincoli per costringere le persone a pensare in modi nuovi e diversi. Per esempio:<\/h3>\n\n\n\n<ul class=\"wp-block-list\">\n<li>A causa di carenze o aumenti di prezzo, cosa succederebbe se non potessi utilizzare determinati ingredienti o materiali per produrre un prodotto?<\/li>\n\n\n\n<li>Come potresti completare un&#039;attivit\u00e0 nella met\u00e0 del tempo o alla met\u00e0 del costo?<\/li>\n\n\n\n<li>How would a <a href=\"https:\/\/www.sisinternational.com\/it\/competenza\/curriculum-di-esperienza\/curriculum-di-esperienza-nel-settore-automobilistico\/\" title=\"Societ\u00e0 di ricerche di mercato nel settore automobilistico\"  data-wpil-monitor-id=\"8933\">company in another industry<\/a> address the problem?<\/li>\n<\/ul>\n\n\n\n<h3 class=\"wp-block-heading\">Il leader della sessione normalmente avr\u00e0 alcuni elementi a disposizione nella sala riunioni:<\/h3>\n\n\n\n<ul class=\"wp-block-list\">\n<li>Post-it di diversi colori e dimensioni<\/li>\n\n\n\n<li>Lavagne a fogli mobili<\/li>\n\n\n\n<li>Tavole bianche<\/li>\n\n\n\n<li>Pennarelli in diversi colori<\/li>\n\n\n\n<li>Giocattoli, oggetti o giochi per ridurre la tensione, creare un&#039;atmosfera divertente e stimolare il pensiero fuori dagli schemi<\/li>\n<\/ul>\n\n\n\n<figure class=\"gb-block-image gb-block-image-ee721c73\"><img loading=\"lazy\" decoding=\"async\" width=\"1024\" height=\"574\" class=\"gb-image gb-image-ee721c73\" src=\"https:\/\/www.sisinternational.com\/wp-content\/uploads\/2025\/08\/Creativity-4-1024x574.jpg\" srcset=\"https:\/\/www.sisinternational.com\/wp-content\/uploads\/2025\/08\/Creativity-4-1024x574.jpg 1024w, https:\/\/www.sisinternational.com\/wp-content\/uploads\/2025\/08\/Creativity-4-300x168.jpg 300w, https:\/\/www.sisinternational.com\/wp-content\/uploads\/2025\/08\/Creativity-4-768x430.jpg 768w, https:\/\/www.sisinternational.com\/wp-content\/uploads\/2025\/08\/Creativity-4-18x10.jpg 18w, https:\/\/www.sisinternational.com\/wp-content\/uploads\/2025\/08\/Creativity-4.jpg 1456w\" sizes=\"auto, (max-width: 1024px) 100vw, 1024px\" alt=\"Ricerca e strategia di mercato internazionale SIS\"><\/figure>\n\n\n\n<p><\/p>\n\n\n\n<h2 class=\"wp-block-heading\">Quale dovrebbe essere il risultato di un workshop di ideazione?<\/h2>\n\n\n\n<p>At some point, usually with an hour to 90 minutes, many ideas will have emerged, and the pace of new ones will diminish. It should be possible to group them, discuss them, and then evaluate and rank them according to internally agreed-upon criteria (e.g. solves a common user problem, is feasible, and can be produced within a reasonable time or cost limit).<\/p>\n\n\n\n<p>Since the goal is to fulfill unmet customer needs and desires, there is really no limit to how many options should be pursued. But from a practical point of view, perhaps just a handful should be further explored in terms of resources required and potential <a href=\"https:\/\/www.sisinternational.com\/it\/ritorno-sullinvestimento-in-ricerche-di-mercato\/\" title=\"Ritorno sull&#039;investimento nelle ricerche di mercato\"  data-wpil-monitor-id=\"8934\">return on investment<\/a>.<\/p>\n\n\n\n<p>Ultimately, terrific ideas for innovative new products or <a href=\"https:\/\/www.sisinternational.com\/it\/soluzioni\/ricerca-di-consulenza-strategica-fintech\/consulenza-per-lacquisizione-di-clienti-nei-servizi-finanziari\/\" title=\"Servizi finanziari Consulenza per l&#039;acquisizione di clienti\"  data-wpil-monitor-id=\"8931\">services that solve problems for your customers<\/a> will be the outcome.<\/p>\n\n\n\n<p><\/p>","protected":false},"excerpt":{"rendered":"<p>Market research can be used as a preliminary step to learn what consumers need or desire to do easier, faster, cheaper, or more effectively.<\/p>","protected":false},"author":1,"featured_media":62653,"parent":14660,"menu_order":13,"comment_status":"closed","ping_status":"closed","template":"","meta":{"footnotes":""},"class_list":["post-18439","page","type-page","status-publish","has-post-thumbnail"],"_links":{"self":[{"href":"https:\/\/www.sisinternational.com\/it\/wp-json\/wp\/v2\/pages\/18439","targetHints":{"allow":["GET"]}}],"collection":[{"href":"https:\/\/www.sisinternational.com\/it\/wp-json\/wp\/v2\/pages"}],"about":[{"href":"https:\/\/www.sisinternational.com\/it\/wp-json\/wp\/v2\/types\/page"}],"author":[{"embeddable":true,"href":"https:\/\/www.sisinternational.com\/it\/wp-json\/wp\/v2\/users\/1"}],"replies":[{"embeddable":true,"href":"https:\/\/www.sisinternational.com\/it\/wp-json\/wp\/v2\/comments?post=18439"}],"version-history":[{"count":5,"href":"https:\/\/www.sisinternational.com\/it\/wp-json\/wp\/v2\/pages\/18439\/revisions"}],"predecessor-version":[{"id":81498,"href":"https:\/\/www.sisinternational.com\/it\/wp-json\/wp\/v2\/pages\/18439\/revisions\/81498"}],"up":[{"embeddable":true,"href":"https:\/\/www.sisinternational.com\/it\/wp-json\/wp\/v2\/pages\/14660"}],"wp:featuredmedia":[{"embeddable":true,"href":"https:\/\/www.sisinternational.com\/it\/wp-json\/wp\/v2\/media\/62653"}],"wp:attachment":[{"href":"https:\/\/www.sisinternational.com\/it\/wp-json\/wp\/v2\/media?parent=18439"}],"curies":[{"name":"wp","href":"https:\/\/api.w.org\/{rel}","templated":true}]}}