{"id":17008,"date":"2015-06-30T18:22:59","date_gmt":"2015-06-30T18:22:59","guid":{"rendered":"https:\/\/www.sisinternational.com\/?page_id=17008"},"modified":"2026-01-26T18:17:58","modified_gmt":"2026-01-26T23:17:58","slug":"ricerche-di-mercato-in-slovenia","status":"publish","type":"page","link":"https:\/\/www.sisinternational.com\/it\/copertura\/europa\/ricerche-di-mercato-in-slovenia\/","title":{"rendered":"Ricerche di mercato in Slovenia"},"content":{"rendered":"<h1 class=\"wp-block-heading\">Ricerche di mercato in Slovenia<\/h1>\n\n\n\n<figure class=\"gb-block-image gb-block-image-766794fa\"><img loading=\"lazy\" decoding=\"async\" width=\"1456\" height=\"816\" class=\"gb-image gb-image-766794fa\" src=\"https:\/\/www.sisinternational.com\/wp-content\/uploads\/2025\/09\/Slovenia-2.jpg\" alt=\"Ricerca e strategia di mercato internazionale SIS\" title=\"Slovenia (2)\" srcset=\"https:\/\/www.sisinternational.com\/wp-content\/uploads\/2025\/09\/Slovenia-2.jpg 1456w, https:\/\/www.sisinternational.com\/wp-content\/uploads\/2025\/09\/Slovenia-2-300x168.jpg 300w, https:\/\/www.sisinternational.com\/wp-content\/uploads\/2025\/09\/Slovenia-2-1024x574.jpg 1024w, https:\/\/www.sisinternational.com\/wp-content\/uploads\/2025\/09\/Slovenia-2-768x430.jpg 768w, https:\/\/www.sisinternational.com\/wp-content\/uploads\/2025\/09\/Slovenia-2-18x10.jpg 18w\" sizes=\"auto, (max-width: 1456px) 100vw, 1456px\"><\/figure>\n\n\n\n<h1 class=\"wp-block-heading smallTitleB\">&nbsp;<\/h1>\n\n\n\n<p>Con la sua posizione strategica, le industrie in crescita e il contesto economico favorevole, la Slovenia si propone come una destinazione promettente per l\u2019esplorazione e la crescita del mercato. Ecco perch\u00e9 la ricerca di mercato in Slovenia \u00e8 uno strumento chiave per comprendere questo mercato.<\/p>\n\n\n\n<h2 class=\"wp-block-heading\">Cos&#039;\u00e8 la ricerca di mercato in Slovenia? Perch\u00e9 \u00e8 importante?<\/h2>\n\n\n\n<p>Market research in Slovenia analyzes consumer behavior, industry trends, and competitive dynamics within the Slovenian market. It helps businesses gain actionable insights into market opportunities and challenges.<\/p>\n\n\n\n<p>This market research enables businesses to understand Slovenian consumers&#8217; needs, preferences, and behaviors. Companies can tailor their products, services, and marketing strategies to effectively resonate with the local audience by gaining insights into consumer trends, buying patterns, and cultural nuances.<\/p>\n\n\n\n<p>Moreover, it helps businesses to mitigate risks and uncertainties associated with market entry and expansion into Slovenia. Market research in Slovenia also empowers businesses to identify emerging opportunities and trends in the Slovenian market.&nbsp;<\/p>\n\n\n\n<h2 class=\"wp-block-heading\">Quando condurre ricerche di mercato in Slovenia<\/h2>\n\n\n\n<figure class=\"gb-block-image gb-block-image-fe3b953e\"><img loading=\"lazy\" decoding=\"async\" width=\"1456\" height=\"816\" class=\"gb-image gb-image-fe3b953e\" src=\"https:\/\/www.sisinternational.com\/wp-content\/uploads\/2025\/09\/Slovakia-3.jpg\" srcset=\"https:\/\/www.sisinternational.com\/wp-content\/uploads\/2025\/09\/Slovakia-3.jpg 1456w, https:\/\/www.sisinternational.com\/wp-content\/uploads\/2025\/09\/Slovakia-3-300x168.jpg 300w, https:\/\/www.sisinternational.com\/wp-content\/uploads\/2025\/09\/Slovakia-3-1024x574.jpg 1024w, https:\/\/www.sisinternational.com\/wp-content\/uploads\/2025\/09\/Slovakia-3-768x430.jpg 768w, https:\/\/www.sisinternational.com\/wp-content\/uploads\/2025\/09\/Slovakia-3-18x10.jpg 18w\" sizes=\"auto, (max-width: 1456px) 100vw, 1456px\" alt=\"Ricerca e strategia di mercato internazionale SIS\"><\/figure>\n\n\n\n<p><\/p>\n\n\n\n<p>Prima di entrare nel <span class=\"removed_link\" title=\"https:\/\/www.sisinternational.com\/slovenias-economy\/\">mercato sloveno<\/span>, businesses should conduct preliminary market research to assess market feasibility, identify market opportunities and challenges, understand regulatory requirements, and evaluate the competitive landscape.<\/p>\n\n\n\n<p>As businesses expand their presence in Slovenia, ongoing market research is essential to monitor market trends, track competitor activities, gather customer feedback, and adapt strategies to changing market dynamics, ensuring sustained growth and competitiveness.<\/p>\n\n\n\n<p>Allo stesso modo, prima di lanciare nuovi prodotti o servizi nel mercato sloveno, le aziende dovrebbero condurre ricerche di mercato per valutare l\u2019accettazione dei consumatori, testare i concetti di prodotto, valutare la sensibilit\u00e0 dei prezzi e mettere a punto le strategie di marketing per massimizzare il successo del prodotto e la penetrazione nel mercato.<\/p>\n\n\n\n<h2 class=\"wp-block-heading\">La nostra attuale analisi del mercato<\/h2>\n\n\n\n<p>Riteniamo che la Slovenia sia pronta per una continua crescita economica e diversificazione, alimentata dal continuo sviluppo delle infrastrutture, dagli investimenti in ricerca e sviluppo e da una forza lavoro qualificata. Si prevede che le iniziative del governo per promuovere l\u2019imprenditorialit\u00e0, l\u2019innovazione e gli investimenti esteri rafforzeranno ulteriormente la posizione competitiva del Paese e l\u2019attrattiva per le imprese che cercano opportunit\u00e0 di espansione nella regione.<\/p>\n\n\n\n<p>Nonostante le sue dimensioni relativamente ridotte, la Slovenia offre ampie opportunit\u00e0 alle imprese per ottenere un ROI favorevole attraverso l\u2019ingresso e l\u2019espansione strategica del mercato. Con il suo ambiente politico stabile, la forza lavoro qualificata e l\u2019accesso ai mercati europei, la Slovenia \u00e8 una porta d\u2019ingresso per le aziende che desiderano stabilire una presenza nel pi\u00f9 ampio mercato dell\u2019Unione Europea (UE). Tuttavia, il successo nel mercato sloveno richiede una comprensione approfondita delle dinamiche del mercato locale, del comportamento dei consumatori e dei requisiti normativi.<\/p>\n\n\n\n<h2 class=\"wp-block-heading\">Clima politico favorevole alle imprese<\/h2>\n\n\n\n<figure class=\"gb-block-image gb-block-image-308b9ce2\"><img loading=\"lazy\" decoding=\"async\" width=\"1456\" height=\"816\" class=\"gb-image gb-image-308b9ce2\" src=\"https:\/\/www.sisinternational.com\/wp-content\/uploads\/2025\/09\/Slovenia-4.jpg\" srcset=\"https:\/\/www.sisinternational.com\/wp-content\/uploads\/2025\/09\/Slovenia-4.jpg 1456w, https:\/\/www.sisinternational.com\/wp-content\/uploads\/2025\/09\/Slovenia-4-300x168.jpg 300w, https:\/\/www.sisinternational.com\/wp-content\/uploads\/2025\/09\/Slovenia-4-1024x574.jpg 1024w, https:\/\/www.sisinternational.com\/wp-content\/uploads\/2025\/09\/Slovenia-4-768x430.jpg 768w, https:\/\/www.sisinternational.com\/wp-content\/uploads\/2025\/09\/Slovenia-4-18x10.jpg 18w\" sizes=\"auto, (max-width: 1456px) 100vw, 1456px\" alt=\"Ricerca e strategia di mercato internazionale SIS\"><\/figure>\n\n\n\n<p><\/p>\n\n\n\n<p>Il nuovo sistema politico sloveno ha delineato diverse nuove strategie. Queste strategie hanno permesso alla Slovenia di sviluppare una forte economia di mercato:<\/p>\n\n\n\n<ul class=\"wp-block-list\">\n<li>Abbracciare il commercio liberale<\/li>\n\n\n\n<li>Impresa gratificante<\/li>\n\n\n\n<li>Seguendo lo stato di diritto<\/li>\n\n\n\n<li>Assimilazione nelle organizzazioni intercontinentali e occidentali<\/li>\n\n\n\n<li>Diventare parte del libero scambio e delle organizzazioni bilaterali<\/li>\n\n\n\n<li>Espansione dei commerci verso l&#039;Occidente<\/li>\n\n\n\n<li>Accelerazione della privatizzazione<\/li>\n<\/ul>\n\n\n\n<h2 class=\"wp-block-heading\">Economia diversificata e stabile<\/h2>\n\n\n\n<p>Le principali esportazioni sono veicoli stradali, macchine elettriche, prodotti chimici, mobili, calzature, sigarette e prodotti alimentari. Anche il turismo svolge un ruolo chiave nell\u2019acquisizione di reddito. Alcune delle importazioni della Slovenia riguardano attrezzature per i trasporti, macchinari, manufatti, cibo e carburanti. L&#039;economia slovena dipende molto dal commercio internazionale.<\/p>\n\n\n\n<p>Confronted with the collapse of communications and transport networks to south-eastern Europe and the <a href=\"https:\/\/www.sisinternational.com\/it\/competenza\/industrie\/ricerche-di-mercato-sulla-perdita-delludito\/\" title=\"Ricerche di mercato sulla perdita dell\u2019udito\u00a0 \u00a0\"  data-wpil-monitor-id=\"6820\">loss of Yugoslav markets<\/a> in the early 1990s, Slovenia reoriented trade towards the European Union and associated countries; these now represent over two-thirds of the country\u2019s imports and exports. Other trade partners include the Russian Federation, Serbia, and Bosnia Herzegovina.<\/p>\n\n\n\n<p>Inoltre, la Slovenia vanta un\u2019economia diversificata con diversi settori chiave che guidano la crescita e l\u2019innovazione:<\/p>\n\n\n\n<ol class=\"wp-block-list\">\n<li><strong>Produzione<\/strong>: Il settore manifatturiero \u00e8 una pietra angolare dell&#039;economia slovena e comprende l&#039;industria automobilistica, dei macchinari, dell&#039;elettronica e farmaceutica. Aziende degne di nota includono Gorenje (elettrodomestici), Revoz (automobili) e Krka (prodotti farmaceutici).<\/li>\n\n\n\n<li><strong>Turismo<\/strong>: Le bellezze naturali, il patrimonio culturale e le attivit\u00e0 all&#039;aria aperta della Slovenia attirano turisti da tutto il mondo. Le principali attrazioni includono il Lago di Bled, le Grotte di Postumia e la capitale Lubiana. L&#039;ospitalit\u00e0, l&#039;alloggio e il turismo d&#039;avventura sono settori fiorenti in Slovenia.<\/li>\n\n\n\n<li><strong>Cibo e bevande<\/strong>: La Slovenia \u00e8 nota per i suoi vini di alta qualit\u00e0, le delizie culinarie e i prodotti alimentari tradizionali. L\u2019industria alimentare e delle bevande comprende la vinificazione, i prodotti lattiero-caseari, i dolciumi e l\u2019agricoltura biologica, con esportazioni verso i mercati europei e globali.<\/li>\n<\/ol>\n\n\n\n<h2 class=\"wp-block-heading\">Citt\u00e0 e attrazioni turistiche<\/h2>\n\n\n\n<figure class=\"gb-block-image gb-block-image-58b3909c\"><img loading=\"lazy\" decoding=\"async\" width=\"1456\" height=\"816\" class=\"gb-image gb-image-58b3909c\" src=\"https:\/\/www.sisinternational.com\/wp-content\/uploads\/2025\/09\/Slovakia-4.jpg\" srcset=\"https:\/\/www.sisinternational.com\/wp-content\/uploads\/2025\/09\/Slovakia-4.jpg 1456w, https:\/\/www.sisinternational.com\/wp-content\/uploads\/2025\/09\/Slovakia-4-300x168.jpg 300w, https:\/\/www.sisinternational.com\/wp-content\/uploads\/2025\/09\/Slovakia-4-1024x574.jpg 1024w, https:\/\/www.sisinternational.com\/wp-content\/uploads\/2025\/09\/Slovakia-4-768x430.jpg 768w, https:\/\/www.sisinternational.com\/wp-content\/uploads\/2025\/09\/Slovakia-4-18x10.jpg 18w\" sizes=\"auto, (max-width: 1456px) 100vw, 1456px\" alt=\"Ricerca e strategia di mercato internazionale SIS\"><\/figure>\n\n\n\n<p><\/p>\n\n\n\n<p>Le principali citt\u00e0 della Slovenia sono Lubiana (la capitale), Maribor, Celje, Kranj e Velenje. Citt\u00e0 pi\u00f9 piccole ma significative includono Jesenice, Capodistria, Murska Sobota, Nova Gorica, Novo Mesto e Trbovlje. La Slovenia ha una costa molto breve ed \u00e8 quasi senza sbocco sul mare. Il paese ha tre porti principali: porto di Isola, porto di Capodistria e porto di Pirano. Gli aeroporti principali sono l&#039;aeroporto Jo\u017ee Pu\u010dnik di Lubiana, l&#039;aeroporto Edvard Rusjan di Maribor e l&#039;aeroporto di Portorose.<\/p>\n\n\n\n<p>La Slovenia \u00e8 ricca di attrazioni naturali e culturali che attirano turisti da tutto il mondo. Ecco sette delle attrazioni turistiche pi\u00f9 importanti:<\/p>\n\n\n\n<ol class=\"wp-block-list\">\n<li><strong>Lago di Bled<\/strong>: Il lago di Bled \u00e8 rinomato per il suo ambiente pittoresco, le acque cristalline e l&#039;iconica isola con una chiesa. I visitatori possono esplorare il lago con le tradizionali barche di legno chiamate pletna, fare un&#039;escursione al Castello di Bled per viste panoramiche o concedersi la famosa torta alla crema di Bled.<\/li>\n\n\n\n<li><strong>Grotte di Postumia<\/strong>: Uno dei sistemi di grotte pi\u00f9 estesi d&#039;Europa, le Grotte di Postumia offrono un&#039;affascinante esperienza sotterranea. I visitatori possono fare un tour guidato attraverso i passaggi labirintici, ammirare le meravigliose formazioni rocciose e incontrare creature uniche che vivono nelle caverne come l&#039;olmo, noto anche come &quot;pesce umano&quot;.<\/li>\n\n\n\n<li><strong>Lubiana<\/strong>: L&#039;affascinante capitale della Slovenia, Lubiana, emana fascino storico, bellezza architettonica e vivace vita culturale. Passeggia lungo il pittoresco fiume Ljubljanica, esplora il centro storico medievale con le sue strade acciottolate e le facciate colorate e visita attrazioni come il Castello di Lubiana, Piazza Preseren e il Triplo Ponte.<\/li>\n\n\n\n<li><strong>Castello di Predjama<\/strong>: Arroccato drammaticamente su una scogliera, il castello di Predjama \u00e8 una meraviglia medievale ricca di storia e leggenda. Costruito all&#039;interno dell&#039;imboccatura di una grotta, il castello offre viste mozzafiato sulla campagna circostante e fornisce spunti sul ricco patrimonio medievale della Slovenia.<\/li>\n\n\n\n<li><strong>Grotte di \u0160kocjan<\/strong>: Designate come patrimonio mondiale dell&#039;UNESCO, le Grotte di \u0160kocjan sono un paese delle meraviglie geologico con vaste camere sotterranee, maestose stalattiti e stalagmiti e un canyon fluviale sotterraneo. Le visite guidate accompagnano i visitatori attraverso questo capolavoro naturale, mostrando la sua maestosa bellezza e il suo significato scientifico.<\/li>\n<\/ol>\n\n\n\n<iframe loading=\"lazy\" src=\"https:\/\/www.google.com\/maps\/embed?pb=!1m18!1m12!1m3!1d3022.976188376966!2d-73.99130312499956!3d40.740549471389315!2m3!1f0!2f0!3f0!3m2!1i1024!2i768!4f13.1!3m3!1m2!1s0x89c259a15798c731%3A0xd695d09bdd495f25!2s11%20E%2022nd%20St%20FL%202%2C%20New%20York%2C%20NY%2010010%2C%20USA!5e0!3m2!1sen!2spe!4v1726171763526!5m2!1sen!2spe\" width=\"600\" height=\"450\" allowfullscreen=\"allowfullscreen\" data-mce-fragment=\"1\"><\/iframe>\n\n\n\n<\/p>\n<h3 class=\"wp-block-heading\">11 E 22nd Street, piano 2, New York, NY 10010 T: +1(212) 505-6805<\/h3>\n<hr>\n<h2><span style=\"font-weight: 400;\">A proposito di SIS Internazionale<\/span><\/h2>\n<p><a href=\"https:\/\/www.sisinternational.com\/it\/\"><span style=\"font-weight: 400;\">SIS Internazionale<\/span><\/a><span style=\"font-weight: 400;\"> offre ricerca quantitativa, qualitativa e strategica. Forniamo dati, strumenti, strategie, report e approfondimenti per il processo decisionale. Conduciamo anche interviste, sondaggi, focus group e altri metodi e approcci di ricerca di mercato.<\/span><a href=\"https:\/\/www.sisinternational.com\/it\/sulla-sua-ricerca-internazionale\/contact-sis-international-market-research\/\"><span style=\"font-weight: 400;\"> Contattaci<\/span><\/a><span style=\"font-weight: 400;\"> per il tuo prossimo progetto di ricerca di mercato.<\/span><\/p>\n<hr><\/div>\n\n\n\n<h2 class=\"wp-block-heading\">&nbsp;<\/h2>","protected":false},"excerpt":{"rendered":"<p>Con il suo elevato reddito pro capite, la Slovenia \u00e8 una nazione prospera, stabile e sviluppata. <\/p>","protected":false},"author":1,"featured_media":66065,"parent":14510,"menu_order":14,"comment_status":"closed","ping_status":"open","template":"","meta":{"footnotes":""},"class_list":["post-17008","page","type-page","status-publish","has-post-thumbnail"],"_links":{"self":[{"href":"https:\/\/www.sisinternational.com\/it\/wp-json\/wp\/v2\/pages\/17008","targetHints":{"allow":["GET"]}}],"collection":[{"href":"https:\/\/www.sisinternational.com\/it\/wp-json\/wp\/v2\/pages"}],"about":[{"href":"https:\/\/www.sisinternational.com\/it\/wp-json\/wp\/v2\/types\/page"}],"author":[{"embeddable":true,"href":"https:\/\/www.sisinternational.com\/it\/wp-json\/wp\/v2\/users\/1"}],"replies":[{"embeddable":true,"href":"https:\/\/www.sisinternational.com\/it\/wp-json\/wp\/v2\/comments?post=17008"}],"version-history":[{"count":10,"href":"https:\/\/www.sisinternational.com\/it\/wp-json\/wp\/v2\/pages\/17008\/revisions"}],"predecessor-version":[{"id":80395,"href":"https:\/\/www.sisinternational.com\/it\/wp-json\/wp\/v2\/pages\/17008\/revisions\/80395"}],"up":[{"embeddable":true,"href":"https:\/\/www.sisinternational.com\/it\/wp-json\/wp\/v2\/pages\/14510"}],"wp:featuredmedia":[{"embeddable":true,"href":"https:\/\/www.sisinternational.com\/it\/wp-json\/wp\/v2\/media\/66065"}],"wp:attachment":[{"href":"https:\/\/www.sisinternational.com\/it\/wp-json\/wp\/v2\/media?parent=17008"}],"curies":[{"name":"wp","href":"https:\/\/api.w.org\/{rel}","templated":true}]}}