{"id":16903,"date":"2015-06-30T04:03:01","date_gmt":"2015-06-30T04:03:01","guid":{"rendered":"https:\/\/www.sisinternational.com\/?page_id=16903"},"modified":"2025-09-08T16:49:34","modified_gmt":"2025-09-08T20:49:34","slug":"ricerche-di-mercato-in-belgio","status":"publish","type":"page","link":"https:\/\/www.sisinternational.com\/it\/copertura\/europa\/ricerche-di-mercato-in-belgio\/","title":{"rendered":"Ricerche di mercato in Belgio"},"content":{"rendered":"<h1 class=\"gb-headline gb-headline-e0aa08c6 gb-headline-text\">Ricerche di mercato in Belgio<\/h1>\n\n\n\n<figure class=\"gb-block-image gb-block-image-f08938e5\"><img loading=\"lazy\" decoding=\"async\" width=\"1456\" height=\"816\" class=\"gb-image gb-image-f08938e5\" src=\"https:\/\/www.sisinternational.com\/wp-content\/uploads\/2025\/09\/Belgium-3.jpg\" alt=\"Ricerca e strategia di mercato internazionale SIS\" title=\"Belgium (3)\" srcset=\"https:\/\/www.sisinternational.com\/wp-content\/uploads\/2025\/09\/Belgium-3.jpg 1456w, https:\/\/www.sisinternational.com\/wp-content\/uploads\/2025\/09\/Belgium-3-300x168.jpg 300w, https:\/\/www.sisinternational.com\/wp-content\/uploads\/2025\/09\/Belgium-3-1024x574.jpg 1024w, https:\/\/www.sisinternational.com\/wp-content\/uploads\/2025\/09\/Belgium-3-768x430.jpg 768w, https:\/\/www.sisinternational.com\/wp-content\/uploads\/2025\/09\/Belgium-3-18x10.jpg 18w\" sizes=\"auto, (max-width: 1456px) 100vw, 1456px\"><\/figure>\n\n\n\n<hr class=\"wp-block-separator has-alpha-channel-opacity is-style-dots\"\/>\n\n\n\n<h2 class=\"wp-block-heading\">Il Belgio ha un\u2019economia moderna, che beneficia della sua posizione geografica centrale.<\/h2>\n\n\n\n<h4 class=\"wp-block-heading\">Il francese, l&#039;olandese e il tedesco sono le tre lingue ufficiali del Regno del Belgio. Inoltre si parlano diversi dialetti non ufficiali e lingue minoritarie.<\/h4>\n\n\n\n<p><span style=\"font-weight: 400;\">Have you ever wondered what makes a market truly unique? What if I told you that market research in Belgium offers insights that go far beyond traditional economic analysis? <\/span><span style=\"font-weight: 400;\">Our team at SIS International has spent years unraveling the economic complexities of this remarkable country.&nbsp;<\/span><\/p>\n\n\n\n<h3 class=\"wp-block-heading\"><b>Economic Complexity in a Strategic Hub<\/b><\/h3>\n\n\n\n<p><span style=\"font-weight: 400;\">What makes Belgium truly remarkable is its ability to serve as a microcosm of European economic trends while maintaining a distinct national identity. Our 40 years of global experience have taught us that the most valuable insights often <a href=\"https:\/\/www.sisinternational.com\/it\/soluzioni\/e-la-crescita-globale\/consulenza-strategica-sui-mercati-emergenti\/\" title=\"Consulenza strategica sui mercati emergenti\"  data-wpil-monitor-id=\"10704\">emerge from markets<\/a> that require deeper, more nuanced investigation.<\/span><\/p>\n\n\n\n<p><span style=\"font-weight: 400;\">We&#8217;ve supported everything from specialized European enterprises to global corporations in understanding the nuanced Belgian market. Our <a href=\"https:\/\/www.sisinternational.com\/it\/soluzioni\/ai-ricerche-di-mercato-e-consulenza-strategica\/analisi-di-ricerche-di-mercato-sul-sentiment-ai\/\" title=\"Analisi delle ricerche di mercato sul sentiment dell\u2019intelligenza artificiale\"  data-wpil-monitor-id=\"10705\">research methodologies blend quantitative data analysis<\/a> with qualitative cultural insights, ensuring that our clients understand not just the numbers, but the strategic context behind those figures.<\/span><\/p>\n\n\n\n<h3 class=\"wp-block-heading\"><b>Key Economic Sectors<\/b><\/h3>\n\n\n\n<figure class=\"gb-block-image gb-block-image-ba3b9609\"><img loading=\"lazy\" decoding=\"async\" width=\"1456\" height=\"816\" class=\"gb-image gb-image-ba3b9609\" src=\"https:\/\/www.sisinternational.com\/wp-content\/uploads\/2025\/09\/Belgium-4.jpg\" srcset=\"https:\/\/www.sisinternational.com\/wp-content\/uploads\/2025\/09\/Belgium-4.jpg 1456w, https:\/\/www.sisinternational.com\/wp-content\/uploads\/2025\/09\/Belgium-4-300x168.jpg 300w, https:\/\/www.sisinternational.com\/wp-content\/uploads\/2025\/09\/Belgium-4-1024x574.jpg 1024w, https:\/\/www.sisinternational.com\/wp-content\/uploads\/2025\/09\/Belgium-4-768x430.jpg 768w, https:\/\/www.sisinternational.com\/wp-content\/uploads\/2025\/09\/Belgium-4-18x10.jpg 18w\" sizes=\"auto, (max-width: 1456px) 100vw, 1456px\" alt=\"Ricerca e strategia di mercato internazionale SIS\"><\/figure>\n\n\n\n<p><\/p>\n\n\n\n<p><span style=\"font-weight: 400;\">The economic composition of Belgium is surprisingly robust and diverse. Our specialists have identified several critical sectors that make market research in Belgium particularly compelling:<\/span><\/p>\n\n\n\n<ol class=\"wp-block-list\">\n<li><b>Chemical and Pharmaceutical Industries<\/b><span style=\"font-weight: 400;\">: This sector is a global powerhouse. Our research shows a sophisticated ecosystem of research, development, and manufacturing that attracts international investments. Companies like UCB and Janssen Pharmaceutica have positioned Belgium as a critical global player in life sciences.<\/span><\/li>\n\n\n\n<li><b>Tecnologia e innovazione<\/b><span style=\"font-weight: 400;\">: Belgium has developed a cutting-edge technology ecosystem. We&#8217;ve uncovered a network of innovation hubs, particularly in cities like Brussels, Antwerp, and Ghent, that are driving advances in artificial intelligence, biotechnology, and digital technologies.<\/span><\/li>\n\n\n\n<li><b>Logistica e Trasporti<\/b><span style=\"font-weight: 400;\">: Leveraging its strategic geographical position, Belgium has created a world-class logistics infrastructure. Our market research in Belgium has tracked how the country has transformed its central European location into a competitive advantage, with the port of Antwerp being one of the largest and most sophisticated in the world.<\/span><\/li>\n<\/ol>\n\n\n\n<h2 class=\"wp-block-heading\">Principali partner commerciali<\/h2>\n\n\n\n<h4 class=\"wp-block-heading\">I paesi dell\u2019Unione Europea, principalmente Paesi Bassi, Germania, Gran Bretagna e Francia, costituiscono i tre quarti dei partner commerciali del Belgio. Anche gli Stati Uniti sono un importante partner commerciale. Prodotti e merci provenienti dai paesi dell&#039;UE entrano in Belgio senza dazi o tariffe.<\/h4>\n\n\n\n<p>Belgium has a unique perspective on international <a href=\"https:\/\/www.sisinternational.com\/it\/soluzioni\/ricerca-di-consulenza-strategica-fintech\/ricerca-di-mercato-del-trading-algoritmico\/\" title=\"Ricerche di mercato sul trading algoritmico\"  data-wpil-monitor-id=\"10706\">markets and world trade<\/a>, since it is home to over one hundred global organizations and the center of operations of the European Union and the North Atlantic Treaty Organization (NATO). Each of the three Belgian regions has the authority to grant financial incentives and other inducements to attract foreign goods and services, in addition to the national trade agreements.<\/p>\n\n\n\n<h2 class=\"wp-block-heading\">Economia stabile<\/h2>\n\n\n\n<p>Il Belgio ha un\u2019economia aperta, che fornisce un ambiente stabile per gli investimenti esteri diretti. Non vi \u00e8 alcuna discriminazione tra imprese straniere e locali o tra filiali e filiali. Le entit\u00e0 straniere possono quindi godere di tutti i privilegi conferiti alle loro controparti nazionali, e le responsabilit\u00e0 legali sono le stesse. Fondamentalmente non esistono restrizioni sui cambi sul trasferimento di profitti o capitali.<\/p>\n\n\n\n<p>Le differenze linguistiche, culturali ed economiche delle tre regioni del Belgio hanno un forte impatto sul modo in cui vengono condotte le imprese. Con la loro distribuzione del reddito relativamente equilibrata e un reddito pro capite elevato, i belgi godono di un potere d\u2019acquisto ampiamente diffuso. Il Belgio \u00e8 spesso visto come un\u2019economia di prova, poich\u00e9 con la sua diversit\u00e0 etnica e linguistica riflette il consumatore e l\u2019economia europea in generale: una mini-Europa in cui \u00e8 pi\u00f9 facile entrare rispetto alla maggior parte dei mercati pi\u00f9 grandi della regione.<\/p>\n\n\n\n<h2 class=\"wp-block-heading\"><b>Opportunities and Challenges in Market Research in Belgium<\/b><\/h2>\n\n\n\n<figure class=\"gb-block-image gb-block-image-b5caa96e\"><img loading=\"lazy\" decoding=\"async\" width=\"1456\" height=\"816\" class=\"gb-image gb-image-b5caa96e\" src=\"https:\/\/www.sisinternational.com\/wp-content\/uploads\/2025\/09\/Belgium-2.jpg\" alt=\"Ricerca e strategia di mercato internazionale SIS\" title=\"Belgium (2)\" srcset=\"https:\/\/www.sisinternational.com\/wp-content\/uploads\/2025\/09\/Belgium-2.jpg 1456w, https:\/\/www.sisinternational.com\/wp-content\/uploads\/2025\/09\/Belgium-2-300x168.jpg 300w, https:\/\/www.sisinternational.com\/wp-content\/uploads\/2025\/09\/Belgium-2-1024x574.jpg 1024w, https:\/\/www.sisinternational.com\/wp-content\/uploads\/2025\/09\/Belgium-2-768x430.jpg 768w, https:\/\/www.sisinternational.com\/wp-content\/uploads\/2025\/09\/Belgium-2-18x10.jpg 18w\" sizes=\"auto, (max-width: 1456px) 100vw, 1456px\"><\/figure>\n\n\n\n<p><\/p>\n\n\n\n<p><span style=\"font-weight: 400;\">Throughout my four decades leading SIS International, I&#8217;ve <a href=\"https:\/\/www.sisinternational.com\/it\/competenza\/industrie\/ricerche-di-mercato-sul-deep-learning\/\" title=\"Ricerche di mercato sul deep learning\"  data-wpil-monitor-id=\"10707\">learned that true market<\/a> intelligence isn&#8217;t about avoiding challenges\u2014it&#8217;s about transforming them into strategic opportunities. Market research in Belgium presents a unique landscape that demands both analytical precision and creative thinking.<\/span><\/p>\n\n\n\n<h2 class=\"wp-block-heading\"><b>Opportunities: The Hidden Gems of Belgian Market Research<\/b><\/h2>\n\n\n\n<h3 class=\"wp-block-heading\"><b>1. Economic Diversification<\/b><\/h3>\n\n\n\n<p><span style=\"font-weight: 400;\">When most researchers look at Belgium, they see a small European country. But our team sees a world of potential. Market research in Belgium reveals an economic ecosystem that is both resilient and innovative:<\/span><\/p>\n\n\n\n<ul class=\"wp-block-list\">\n<li><span style=\"font-weight: 400;\">Multilingual Advantage: Belgium&#8217;s linguistic diversity (Dutch, French, and German) creates unique <a href=\"https:\/\/www.sisinternational.com\/it\/soluzioni\/consulenza-strategica\/ricerca-sulle-opportunita-di-mercato\/\" title=\"Ricerca sulle opportunit\u00e0 di mercato\"  data-wpil-monitor-id=\"10708\">market segmentation opportunities<\/a> that are rarely found in other countries.<\/span><\/li>\n\n\n\n<li><span style=\"font-weight: 400;\">Innovation Ecosystems: Brussels, Antwerp, and other major cities have developed robust innovation hubs that attract <a href=\"https:\/\/www.sisinternational.com\/it\/compagnie-aeree-low-cost-nel-settore-dellaviazione\/\" title=\"Ricerche di mercato sulle compagnie aeree low cost\"  data-wpil-monitor-id=\"10702\">global technology and research<\/a> investments.<\/span><\/li>\n\n\n\n<li><span style=\"font-weight: 400;\">Strategic Positioning: As the headquarters of the European Union and NATO, Belgium offers unparalleled insights into European policy, economic trends, and international business dynamics.<\/span><\/li>\n<\/ul>\n\n\n\n<h3 class=\"wp-block-heading\"><b>2. Strategic Global Positioning<\/b><\/h3>\n\n\n\n<p><span style=\"font-weight: 400;\">Belgium&#8217;s unique location offers remarkable advantages:<\/span><\/p>\n\n\n\n<ul class=\"wp-block-list\">\n<li><span style=\"font-weight: 400;\">Central hub in Western Europe<\/span><\/li>\n\n\n\n<li><span style=\"font-weight: 400;\">Sophisticated international infrastructure<\/span><\/li>\n\n\n\n<li><span style=\"font-weight: 400;\">Gateway to <a href=\"https:\/\/www.sisinternational.com\/it\/copertura\/europa\/ricerca-di-mercato-europea\/\" title=\"Ricerche di mercato europee\"  data-wpil-monitor-id=\"10709\">European and global markets<\/a><\/span><\/li>\n\n\n\n<li><span style=\"font-weight: 400;\">Complex regulatory environment that demands deep market understanding<\/span><\/li>\n<\/ul>\n\n\n\n<h2 class=\"wp-block-heading\"><b>Challenges: The Complexity That Demands Expertise<\/b><\/h2>\n\n\n\n<p><\/p>\n\n\n\n<h3 class=\"wp-block-heading\"><b>1. Regional Economic Complexities<\/b><\/h3>\n\n\n\n<p><span style=\"font-weight: 400;\"><a href=\"https:\/\/www.linkedin.com\/pulse\/how-market-research-enables-growth-ruth-stanat-phekf\/\" target=\"_blank\" rel=\"noopener\">Ricerca di mercato<\/a> in Belgium isn&#8217;t straightforward. The challenges include:<\/span><\/p>\n\n\n\n<ul class=\"wp-block-list\">\n<li><span style=\"font-weight: 400;\">Distinct economic characteristics of Flanders, Wallonia, and Brussels<\/span><\/li>\n\n\n\n<li><span style=\"font-weight: 400;\">Complex political and linguistic divisions<\/span><\/li>\n\n\n\n<li><span style=\"font-weight: 400;\">Varied economic performance across regions<\/span><\/li>\n\n\n\n<li><span style=\"font-weight: 400;\">Intricate regulatory landscapes<\/span><\/li>\n<\/ul>\n\n\n\n<h3 class=\"wp-block-heading\"><b>2. Data Collection Hurdles<\/b><\/h3>\n\n\n\n<p><span style=\"font-weight: 400;\">Conducting comprehensive market research in Belgium comes with significant challenges:<\/span><\/p>\n\n\n\n<ul class=\"wp-block-list\">\n<li><span style=\"font-weight: 400;\">Multilingual data collection<\/span><\/li>\n\n\n\n<li><span style=\"font-weight: 400;\">Regional statistical variations<\/span><\/li>\n\n\n\n<li><span style=\"font-weight: 400;\">Complex business reporting structures<\/span><\/li>\n\n\n\n<li><span style=\"font-weight: 400;\">Nuanced cultural communication barriers<\/span><\/li>\n<\/ul>\n\n\n\n<h3 class=\"wp-block-heading\"><b>3. Economic Volatility<\/b><\/h3>\n\n\n\n<p><span style=\"font-weight: 400;\">The Belgian economy is sensitive to:<\/span><\/p>\n\n\n\n<ul class=\"wp-block-list\">\n<li><span style=\"font-weight: 400;\">European Union economic policies<\/span><\/li>\n\n\n\n<li><span style=\"font-weight: 400;\">Global technological disruptions<\/span><\/li>\n\n\n\n<li><span style=\"font-weight: 400;\">International trade fluctuations<\/span><\/li>\n\n\n\n<li><span style=\"font-weight: 400;\">Rapid technological and innovation shifts<\/span><\/li>\n<\/ul>\n\n\n\n<hr class=\"wp-block-separator has-alpha-channel-opacity\"\/>\n\n\n\n<h3 class=\"wp-block-heading\"><b>Competitive Advantage: The SIS International Difference<\/b><\/h3>\n\n\n\n<p><span style=\"font-weight: 400;\">Why do 70% of Fortune 500 companies trust us? Because we don&#8217;t just observe markets\u2014we decode them. Our market research in Belgium goes beyond surface-level data, providing strategic narratives that transform challenges into competitive advantages.<\/span><\/p>\n\n\n\n<p><span style=\"font-weight: 400;\">We&#8217;ve supported clients ranging from specialized European enterprises to global corporations, helping them navigate the nuanced Belgian market with confidence and precision.<\/span><\/p>\n\n\n\n<h2 class=\"wp-block-heading\">La nostra sede a New York<\/h2>\n\n\n\n<p>\n\n\n\n<iframe loading=\"lazy\" src=\"https:\/\/www.google.com\/maps\/embed?pb=!1m18!1m12!1m3!1d3022.976188376966!2d-73.99130312499956!3d40.740549471389315!2m3!1f0!2f0!3f0!3m2!1i1024!2i768!4f13.1!3m3!1m2!1s0x89c259a15798c731%3A0xd695d09bdd495f25!2s11%20E%2022nd%20St%20FL%202%2C%20New%20York%2C%20NY%2010010%2C%20USA!5e0!3m2!1sen!2spe!4v1726171763526!5m2!1sen!2spe\" width=\"600\" height=\"450\" allowfullscreen=\"allowfullscreen\" data-mce-fragment=\"1\"><\/iframe>\n\n\n\n<\/p>\n\n\n\n<h3 class=\"wp-block-heading\">11 E 22nd Street, piano 2, New York, NY 10010 T: +1(212) 505-6805<\/h3>\n\n\n\n<hr class=\"wp-block-separator has-alpha-channel-opacity\"\/>\n\n\n\n<h2 class=\"wp-block-heading\"><span style=\"font-weight: 400;\">A proposito di SIS Internazionale<\/span><\/h2>\n\n\n\n<p><a href=\"https:\/\/www.sisinternational.com\/it\/\"><span style=\"font-weight: 400;\">SIS Internazionale<\/span><\/a><span style=\"font-weight: 400;\"> offers Quantitative, Qualitative, and Strategy Research. We provide data, tools, strategies, reports, and insights for decision-making. We also conduct interviews, surveys, focus groups, and other <a href=\"https:\/\/www.sisinternational.com\/it\/quantitative-market-research-methods-and-techniques\/\" title=\"Quantitative Market Research Methods and Techniques\" data-wpil-monitor-id=\"10703\">Market Research methods<\/a> and approaches.<\/span><a href=\"https:\/\/www.sisinternational.com\/it\/sulla-sua-ricerca-internazionale\/contact-sis-international-market-research\/\"><span style=\"font-weight: 400;\"> Contattaci<\/span><\/a><span style=\"font-weight: 400;\"> per il tuo prossimo progetto di ricerca di mercato.<\/span><\/p>\n\n\n\n<h2 class=\"wp-block-heading\">&nbsp;<\/h2>","protected":false},"excerpt":{"rendered":"<p>Il Belgio ha un\u2019impresa privata, un\u2019economia moderna, che sfrutta appieno la sua posizione geografica centrale. <\/p>","protected":false},"author":1,"featured_media":66161,"parent":14510,"menu_order":3,"comment_status":"closed","ping_status":"open","template":"","meta":{"footnotes":""},"class_list":["post-16903","page","type-page","status-publish","has-post-thumbnail"],"_links":{"self":[{"href":"https:\/\/www.sisinternational.com\/it\/wp-json\/wp\/v2\/pages\/16903","targetHints":{"allow":["GET"]}}],"collection":[{"href":"https:\/\/www.sisinternational.com\/it\/wp-json\/wp\/v2\/pages"}],"about":[{"href":"https:\/\/www.sisinternational.com\/it\/wp-json\/wp\/v2\/types\/page"}],"author":[{"embeddable":true,"href":"https:\/\/www.sisinternational.com\/it\/wp-json\/wp\/v2\/users\/1"}],"replies":[{"embeddable":true,"href":"https:\/\/www.sisinternational.com\/it\/wp-json\/wp\/v2\/comments?post=16903"}],"version-history":[{"count":7,"href":"https:\/\/www.sisinternational.com\/it\/wp-json\/wp\/v2\/pages\/16903\/revisions"}],"predecessor-version":[{"id":81755,"href":"https:\/\/www.sisinternational.com\/it\/wp-json\/wp\/v2\/pages\/16903\/revisions\/81755"}],"up":[{"embeddable":true,"href":"https:\/\/www.sisinternational.com\/it\/wp-json\/wp\/v2\/pages\/14510"}],"wp:featuredmedia":[{"embeddable":true,"href":"https:\/\/www.sisinternational.com\/it\/wp-json\/wp\/v2\/media\/66161"}],"wp:attachment":[{"href":"https:\/\/www.sisinternational.com\/it\/wp-json\/wp\/v2\/media?parent=16903"}],"curies":[{"name":"wp","href":"https:\/\/api.w.org\/{rel}","templated":true}]}}