{"id":16599,"date":"2015-06-14T04:01:01","date_gmt":"2015-06-14T04:01:01","guid":{"rendered":"https:\/\/www.sisinternational.com\/?page_id=16599"},"modified":"2026-01-24T19:13:12","modified_gmt":"2026-01-25T00:13:12","slug":"ricerche-di-mercato-bric","status":"publish","type":"page","link":"https:\/\/www.sisinternational.com\/it\/competenza\/ricerche-di-mercato-bric\/","title":{"rendered":"Ricerche di mercato BRIC (Brasile, Russia, India e Cina)"},"content":{"rendered":"<div style=\"height:35px\" aria-hidden=\"true\" class=\"wp-block-spacer\"><\/div>\n\n\n\n<!DOCTYPE html>\n<html lang=\"en\">\n<head>\n    <meta charset=\"UTF-8\">\n    <meta name=\"viewport\" content=\"width=device-width, initial-scale=1.0\">\n    <title>Gradient Heading<\/title>\n<\/head>\n<body>\n    <h2 style=\"background: linear-gradient(to right, #001f3f 0%, #003d7a 30%, #1e90ff 70%, #74c0fc 100%); background: -webkit-linear-gradient(left, #001f3f 0%, #003d7a 30%, #1e90ff 70%, #74c0fc 100%); -webkit-background-clip: text; -webkit-text-fill-color: transparent; background-clip: text; font-size: 2.5rem; font-weight: 700; line-height: 1.2; display: inline-block; margin: 0 0 0 20px;\">BRIC Market Research<\/h2>\n<\/body>\n<\/html>\n\n\n\n<div style=\"height:38px\" aria-hidden=\"true\" class=\"wp-block-spacer\"><\/div>\n\n\n\n<figure class=\"gb-block-image gb-block-image-e195bdb2\"><img loading=\"lazy\" decoding=\"async\" width=\"1456\" height=\"816\" class=\"gb-image gb-image-e195bdb2\" src=\"https:\/\/www.sisinternational.com\/wp-content\/uploads\/2025\/09\/Brazil-4.jpg\" alt=\"Ricerca e strategia di mercato internazionale SIS\" title=\"Brazil (4)\" srcset=\"https:\/\/www.sisinternational.com\/wp-content\/uploads\/2025\/09\/Brazil-4.jpg 1456w, https:\/\/www.sisinternational.com\/wp-content\/uploads\/2025\/09\/Brazil-4-300x168.jpg 300w, https:\/\/www.sisinternational.com\/wp-content\/uploads\/2025\/09\/Brazil-4-1024x574.jpg 1024w, https:\/\/www.sisinternational.com\/wp-content\/uploads\/2025\/09\/Brazil-4-768x430.jpg 768w, https:\/\/www.sisinternational.com\/wp-content\/uploads\/2025\/09\/Brazil-4-18x10.jpg 18w\" sizes=\"auto, (max-width: 1456px) 100vw, 1456px\"><\/figure>\n\n\n\n<hr class=\"wp-block-separator has-alpha-channel-opacity is-style-dots\"\/>\n\n\n<div class=\"gb-container gb-container-2a916115\">\n\n<p>Le economie in via di sviluppo come Brasile, Cina, India e Russia, conosciute anche come paesi BRIC, sono spesso al centro di questo sforzo poich\u00e9 offrono il maggiore potenziale per l\u2019espansione futura.<\/p>\n\n\n\n<blockquote class=\"wp-block-quote is-layout-flow wp-block-quote-is-layout-flow\">\n<p>Il contesto economico odierno \u00e8 globale. Con i rapidi progressi tecnologici e gli sviluppi economici, le aziende iniziano a operare a livello internazionale per cogliere le opportunit\u00e0 di crescita globale.<\/p>\n<\/blockquote>\n\n\n\n<h1 class=\"gb-headline gb-headline-a428afc0 gb-headline-text\"><strong>Che cos&#039;\u00e8 la ricerca di mercato BRIC?<\/strong><\/h1>\n\n\n\n<p>La ricerca di mercato BRIC si riferisce allo studio e all\u2019analisi delle economie e dei mercati dei quattro principali paesi emergenti: Brasile, Russia, India e Cina. Questi paesi sono collettivamente indicati come BRIC, un termine coniato da Goldman Sachs nel 2001 per evidenziare il loro potenziale come importanti attori economici globali.<\/p>\n\n\n\n<blockquote class=\"wp-block-quote is-layout-flow wp-block-quote-is-layout-flow\">\n<p>I mercati emergenti possono offrire rendimenti potenzialmente enormi per le organizzazioni che comprendono il mercato estero e i loro clienti stranieri.<\/p>\n<\/blockquote>\n\n\n\n<p>Tuttavia, esistono diverse sfide legate alle diverse condizioni politiche, legislative, economiche, culturali e infrastrutturali.<\/p>\n\n\n\n<p>These challenges have significant impact upon the whole research process and methodology, as well as significant cost implications which usually turn out to be much higher due to unpredictability of conducting <a href=\"https:\/\/www.sisinternational.com\/it\/ricerche-di-mercato-millenarie-in-cina\/\" title=\"Ricerche di mercato millenarie in Cina\"  data-wpil-monitor-id=\"2546\">research in foreign markets<\/a>. In some markets, information is not readily available while access to strategic information can be a competitive advantage.<\/p>\n\n\n\n<p>Il SIS aiuta a superare queste sfide per fornire questo vantaggio. Con oltre 30 anni di esperienza, gestione efficiente dei progetti e risorse multilingue sul campo, SIS unisce il processo di ricerca di mercato BRIC fornendo valore ai clienti.<\/p>\n\n\n\n<h2 class=\"gb-headline gb-headline-8946c37c gb-headline-text\"><strong><strong>Comprendere i clienti<\/strong><\/strong><\/h2>\n\n\n\n<p>Sebbene la ricerca sui clienti internazionali abbia il potenziale per rivelare informazioni vitali per un\u2019azienda, presenta anche ostacoli significativi per i ricercatori di mercato. Le esigenze dei clienti sono dinamiche, in rapida evoluzione e difficili da prevedere per molti manager. Questi bisogni sono ancora pi\u00f9 difficili da identificare per i clienti dall\u2019altra parte del mondo con valori culturali completamente diversi.<\/p>\n\n\n\n<p>La ricerca sul comportamento degli acquirenti, le preferenze del marchio, gli atteggiamenti, gli studi sulla consapevolezza del marchio, gli studi sul comportamento d&#039;acquisto e gli studi sulla segmentazione dei consumatori sono esempi di studi che rientrano nella ricerca sui clienti che potrebbero essere condotti per ottenere una migliore comprensione delle esigenze dei clienti stranieri.<\/p>\n\n\n\n<p>SIS International with its global customer research knowledge has offices worldwide including the emerging continents <a href=\"https:\/\/www.sisinternational.com\/it\/marketing-b2b-in-cina\/\" title=\"Marketing B2B in Cina\"  data-wpil-monitor-id=\"2589\">Asia and South America offering these BRIC<\/a> Market Research services. This local presence also means that SIS adapts and customizes their global customer research solutions specifically to each locality or culture in which the research is conducted.<\/p>\n\n\n\n<figure class=\"gb-block-image gb-block-image-70b41726\"><img loading=\"lazy\" decoding=\"async\" width=\"1456\" height=\"816\" class=\"gb-image gb-image-70b41726\" src=\"https:\/\/www.sisinternational.com\/wp-content\/uploads\/2025\/08\/Global-8.jpg\" alt=\"Ricerca e strategia di mercato internazionale SIS\" title=\"Global (8)\" srcset=\"https:\/\/www.sisinternational.com\/wp-content\/uploads\/2025\/08\/Global-8.jpg 1456w, https:\/\/www.sisinternational.com\/wp-content\/uploads\/2025\/08\/Global-8-300x168.jpg 300w, https:\/\/www.sisinternational.com\/wp-content\/uploads\/2025\/08\/Global-8-1024x574.jpg 1024w, https:\/\/www.sisinternational.com\/wp-content\/uploads\/2025\/08\/Global-8-768x430.jpg 768w, https:\/\/www.sisinternational.com\/wp-content\/uploads\/2025\/08\/Global-8-18x10.jpg 18w\" sizes=\"auto, (max-width: 1456px) 100vw, 1456px\"><\/figure>\n\n\n\n<p><\/p>\n\n\n\n<h2 class=\"gb-headline gb-headline-47756c1f gb-headline-text\"><strong><strong><strong>Comprendere le organizzazioni e le industrie<\/strong><\/strong><\/strong><\/h2>\n\n\n\n<p>Le dinamiche organizzative possono essere complesse. Tuttavia, le aziende, i loro sistemi e processi possono essere la fonte del vantaggio competitivo. Una raccolta incisiva di informazioni pu\u00f2 aiutare le aziende a sviluppare vantaggi che pochi possono replicare.<\/p>\n\n\n\n<p>Raccogliere queste informazioni sulle societ\u00e0 straniere non \u00e8 cos\u00ec semplice. Le informazioni sui mercati esteri possono essere limitate a causa delle diverse aspettative riguardo alla quantit\u00e0 e\/o alla frequenza di pubblicazione delle informazioni disponibili al pubblico. Altre barriere possono essere le normative governative relative alla pubblicazione di informazioni aziendali e le barriere linguistiche.<\/p>\n\n\n\n<h3 class=\"gb-headline gb-headline-39f0d57a gb-headline-text\"><strong><strong><strong><strong>SIS sfrutta la sua rete mondiale con oltre 40+ anni di esperienza.<\/strong><\/strong><\/strong><\/strong><\/h3>\n\n\n\n<p>Conduciamo analisi comparative dei concorrenti internazionali, ricerche di mercato BRIC, servizi di business intelligence e intelligence competitiva e formazione sull&#039;analisi competitiva per superare con successo le barriere internazionali che le singole aziende possono affrontare.<\/p>\n\n\n\n<p>Questi servizi aiutano a sviluppare le capacit\u00e0 dell&#039;azienda nel raccogliere e analizzare le giuste informazioni sul mercato estero e nel comprendere le migliori pratiche e i movimenti della concorrenza. SIS utilizza inoltre il proprio approccio di ricerca integrato sfruttando diversi livelli di approfondimento per una visione completa del mercato e un background aziendale fondato sulla strategia di mercato per consultare le aziende sui punti di forza e di debolezza dei concorrenti, sulle loro intenzioni e posizione rispetto alla vostra azienda, anche nei mercati in cui \u00e8 difficile condurre ricerche di mercato sui paesi BRIC.<\/p>\n\n\n\n<h4 class=\"gb-headline gb-headline-4c3c9864 gb-headline-text\"><strong><strong><strong><strong><strong>Crescere in nuovi mercati: ingresso nel mercato e ricerca di opportunit\u00e0<\/strong><\/strong><\/strong><\/strong><\/strong><\/h4>\n\n\n\n<p>Economie come Brasile, Cina, India e Russia si stanno sviluppando e le previsioni sono che questi mercati causeranno uno spostamento di potere dalle economie pi\u00f9 consolidate entro un paio d\u2019anni. Questi mercati sono in \u201cboom\u201d e possono offrire molte opportunit\u00e0 di crescita globale per le aziende che desiderano espandersi a livello internazionale.<\/p>\n\n\n\n<p>I mercati emergenti sono spesso caratterizzati da instabilit\u00e0 politica, barriere culturali, lacune tecnologiche, informazioni imprecise e dati incoerenti tra varie fonti. Comprendere i mercati pi\u00f9 emergenti richiede l\u2019esperienza e la comprensione dei clienti in transizione.<\/p>\n\n\n\n<p>Inoltre, anche l\u2019ingresso nelle economie sviluppate pu\u00f2 essere impegnativo. La recessione, i mercati saturi, l\u2019erosione dei prezzi, la rapida adozione tecnologica e lo spostamento dei clienti hanno aumentato la difficolt\u00e0 di entrare in un mercato sviluppato con prodotti\/servizi che hanno il potenziale per diventare un successo.<\/p>\n\n\n\n<blockquote class=\"wp-block-quote is-layout-flow wp-block-quote-is-layout-flow\">\n<p><a class=\"wpil_keyword_link\" href=\"https:\/\/www.sisinternational.com\/it\/soluzioni\/consulenza-strategica\/ricerca-sulle-opportunita-di-ingresso-nel-mercato\/\"   title=\"Ingresso nel mercato e ricerca di opportunit\u00e0\" data-wpil-keyword-link=\"linked\"  data-wpil-monitor-id=\"789\">Market Entry and Opportunity research<\/a> delivers critical insight and strategy on Branding, Pricing and Competition.<\/p>\n<\/blockquote>\n\n\n\n<p>Our BRIC Market Research services include market tracking, intellectual property research and risk analysis.&nbsp; Additionally our&nbsp;integrated approach allows for flexibility and creativity and nuances cultural differences which is vital for conducting this type of research and provide you with an extensive strategic report on adaption, customer value and cultural imperatives and other strategic issues guiding you to a successful foreign market entry.<\/p>\n\n\n\n<h4 class=\"gb-headline gb-headline-08ea1942 gb-headline-text\"><strong><strong><strong><strong><strong>Eccezionale esperienza di oltre 40 anni nella ricerca di mercato BRIC<\/strong><\/strong><\/strong><\/strong><\/strong><\/h4>\n\n\n\n<p>SIS conduce ricerche di mercato e informazioni di mercato a servizio completo nei mercati emergenti. Con la sua forte presenza in Brasile, Cina, India e Russia ha accesso ai 4 mercati pi\u00f9 attraenti per l&#039;espansione.<\/p>\n\n<\/div>","protected":false},"excerpt":{"rendered":"<p>SIS \u00e8 leader mondiale nelle ricerche di mercato internazionali. SIS conduce ricerche di mercato globali qualitative e quantitative. Saperne di pi\u00f9.<\/p>","protected":false},"author":1,"featured_media":66218,"parent":14514,"menu_order":21,"comment_status":"closed","ping_status":"open","template":"","meta":{"footnotes":""},"class_list":["post-16599","page","type-page","status-publish","has-post-thumbnail"],"_links":{"self":[{"href":"https:\/\/www.sisinternational.com\/it\/wp-json\/wp\/v2\/pages\/16599","targetHints":{"allow":["GET"]}}],"collection":[{"href":"https:\/\/www.sisinternational.com\/it\/wp-json\/wp\/v2\/pages"}],"about":[{"href":"https:\/\/www.sisinternational.com\/it\/wp-json\/wp\/v2\/types\/page"}],"author":[{"embeddable":true,"href":"https:\/\/www.sisinternational.com\/it\/wp-json\/wp\/v2\/users\/1"}],"replies":[{"embeddable":true,"href":"https:\/\/www.sisinternational.com\/it\/wp-json\/wp\/v2\/comments?post=16599"}],"version-history":[{"count":22,"href":"https:\/\/www.sisinternational.com\/it\/wp-json\/wp\/v2\/pages\/16599\/revisions"}],"predecessor-version":[{"id":76940,"href":"https:\/\/www.sisinternational.com\/it\/wp-json\/wp\/v2\/pages\/16599\/revisions\/76940"}],"up":[{"embeddable":true,"href":"https:\/\/www.sisinternational.com\/it\/wp-json\/wp\/v2\/pages\/14514"}],"wp:featuredmedia":[{"embeddable":true,"href":"https:\/\/www.sisinternational.com\/it\/wp-json\/wp\/v2\/media\/66218"}],"wp:attachment":[{"href":"https:\/\/www.sisinternational.com\/it\/wp-json\/wp\/v2\/media?parent=16599"}],"curies":[{"name":"wp","href":"https:\/\/api.w.org\/{rel}","templated":true}]}}