{"id":16527,"date":"2015-06-13T18:35:24","date_gmt":"2015-06-13T18:35:24","guid":{"rendered":"https:\/\/www.sisinternational.com\/?page_id=16527"},"modified":"2025-09-08T12:55:19","modified_gmt":"2025-09-08T16:55:19","slug":"ricerca-di-mercato-ispanica","status":"publish","type":"page","link":"https:\/\/www.sisinternational.com\/it\/copertura\/latin-america\/ricerche-di-mercato-in-america-latina\/ricerca-di-mercato-ispanica\/","title":{"rendered":"Ricerche di mercato ispaniche"},"content":{"rendered":"<h1 class=\"wp-block-heading\">Ricerche di mercato ispaniche<\/h1>\n\n\n\n<figure class=\"gb-block-image gb-block-image-7ecd1b15\"><img loading=\"lazy\" decoding=\"async\" width=\"1456\" height=\"816\" class=\"gb-image gb-image-7ecd1b15\" src=\"https:\/\/www.sisinternational.com\/wp-content\/uploads\/2025\/08\/Non-profit-4.jpg\" srcset=\"https:\/\/www.sisinternational.com\/wp-content\/uploads\/2025\/08\/Non-profit-4.jpg 1456w, https:\/\/www.sisinternational.com\/wp-content\/uploads\/2025\/08\/Non-profit-4-300x168.jpg 300w, https:\/\/www.sisinternational.com\/wp-content\/uploads\/2025\/08\/Non-profit-4-1024x574.jpg 1024w, https:\/\/www.sisinternational.com\/wp-content\/uploads\/2025\/08\/Non-profit-4-768x430.jpg 768w, https:\/\/www.sisinternational.com\/wp-content\/uploads\/2025\/08\/Non-profit-4-18x10.jpg 18w\" sizes=\"auto, (max-width: 1456px) 100vw, 1456px\" alt=\"Ricerca e strategia di mercato internazionale SIS\"><\/figure>\n\n\n\n<p><\/p>\n\n\n\n<h2 class=\"wp-block-heading\">Il mercato ispanico emergente<\/h2>\n\n\n\n<p>Non sorprende che uno dei pi\u00f9 grandi mercati emergenti del mondo appartenga oggi a una crescente popolazione ispanica. Negli ultimi anni, il potere d\u2019acquisto di questo gruppo \u00e8 cresciuto notevolmente e continuer\u00e0 a farlo. L&#039;aumento della ricchezza e delle opportunit\u00e0 educative posiziona il secondo gruppo etnico pi\u00f9 grande degli Stati Uniti come uno destinato ad avere un impatto potente e duraturo sul mercato.<\/p>\n\n\n\n<p>Al di fuori degli Stati Uniti, diverse nazioni dell\u2019America Latina stanno vivendo una significativa ripresa economica. Il miglioramento delle vendite al dettaglio e l\u2019aumento della produzione di beni di consumo hanno avuto un effetto notevolmente positivo sulle prospettive economiche nei mercati ispanici.<\/p>\n\n\n\n<p>Storicamente, gli interessi economici hanno prestato particolare attenzione al linguaggio stesso come mezzo per penetrare in questi mercati desiderabili. Gli ispanici americani preferiscono guardare la televisione dove si parla prevalentemente spagnolo. Inoltre, la maggior parte degli ispanici preferisce parlare spagnolo a casa propria.<\/p>\n\n\n\n<p>A differenza della televisione inglese, che \u00e8 disponibile su un numero qualsiasi di canali, la TV di lingua spagnola \u00e8 concentrata su meno canali ed \u00e8 quindi guardata pi\u00f9 intensamente dai telespettatori ispanici.<\/p>\n\n\n\n<p>Ci\u00f2 rende i media di lingua spagnola una scelta efficace per gli inserzionisti che tentano di comunicare con questo mercato target in crescita. Come minimo, le aziende progetteranno messaggi su misura per questi media di lingua spagnola oltre alla tradizionale pubblicit\u00e0 in lingua inglese.<\/p>\n\n\n\n<p>In alcuni casi i consumatori ispanici tendono ad essere pi\u00f9 fedeli a determinati marchi rispetto alle loro controparti di altre etnie. Non fanno acquisti cos\u00ec spesso, ma quando lo fanno, gli ispanici spendono di pi\u00f9.<\/p>\n\n\n\n<p>Inoltre frequentano pi\u00f9 fast-food e hanno figli al seguito quando lo fanno, il che in definitiva influisce sulle scelte di acquisto dei genitori. Storicamente gli ispanici acquistano pi\u00f9 bevande, facendo s\u00ec che le proiezioni a lungo termine delle vendite di bevande nei prossimi anni siano pi\u00f9 elevate per il mercato ispanico rispetto a quello dei consumatori caucasici. Sia i metodi di ricerca qualitativi che quelli quantitativi possono scoprire aree di opportunit\u00e0 per migliorare le prestazioni della tua azienda.<\/p>\n\n\n\n<h2 class=\"wp-block-heading\">Conduzione di ricerche di mercato ispaniche<\/h2>\n\n\n\n<p>La popolazione ispanica statunitense rappresenta il segmento minoritario pi\u00f9 numeroso e continuer\u00e0 a crescere rapidamente; il futuro dell\u2019economia americana e delle industrie chiave dipende dal mercato ispanico.<\/p>\n\n\n\n<p>Inoltre, gli ispanici provengono da un&#039;ampia variet\u00e0 di paesi di origine. La ricerca mirata alle popolazioni ispaniche deve tenere conto della loro posizione geografica, dati demografici culturali, lingue, acculturazione, classe economica e livelli di istruzione. Questi dati demografici saranno diversi per ogni gruppo di popolazione, a seconda di una serie di fattori.<\/p>\n\n\n\n<p>\u201cAcculturazione\u201d si riferisce al processo di adozione dei tratti culturali o dei modelli sociali di un determinato gruppo. I ricercatori di mercato devono stare attenti a non dare per scontato che tutti gli ispanici in una data area geografica o in un altro gruppo demografico siano allo stesso livello di acculturazione. Ad esempio, molti ispanici statunitensi hanno un livello di acculturazione inferiore rispetto a quelli dei paesi dell\u2019America Latina, e molti non parlano spagnolo regolarmente in pubblico, a casa o per niente. Non \u00e8 sufficiente offrire semplicemente la traduzione di un sondaggio in spagnolo per accedere alle popolazioni ispaniche; il processo di ricerca, che comprende materiali di indagine, questionari e interviste personali, deve tenere conto non solo della lingua preferita degli individui nel mercato di riferimento ma anche della loro identit\u00e0 culturale individuale.<\/p>\n\n\n\n<p>Con la crescita delle popolazioni ispaniche, soprattutto negli Stati Uniti, \u00e8 fondamentale per lo sviluppo di industrie e imprese chiave comprendere le dimensioni, la variazione, l&#039;unicit\u00e0 e il valore complessivo del mercato ispanico come una fiorente base di consumatori con un potere d&#039;acquisto distintivo. Le popolazioni ispaniche hanno anche modelli di utilizzo della tecnologia e dei media, modelli di consumo e psicologie dell&#039;acquirente unici che differiscono dal mercato di massa. Si prevede che la loro futura crescita dei consumi sar\u00e0 significativamente maggiore di quella dei non ispanici, e i cambiamenti culturali ed economici negli Stati Uniti saranno in gran parte determinati da questa crescita.<\/p>\n\n\n\n<h2 class=\"wp-block-heading\">Ricerche di mercato in America Latina<\/h2>\n\n\n\n<figure class=\"gb-block-image gb-block-image-45d04967\"><img loading=\"lazy\" decoding=\"async\" width=\"1456\" height=\"816\" class=\"gb-image gb-image-45d04967\" src=\"https:\/\/www.sisinternational.com\/wp-content\/uploads\/2025\/09\/Hispanic-5.jpg\" alt=\"Ricerca e strategia di mercato internazionale SIS\" title=\"Hispanic (5)\" srcset=\"https:\/\/www.sisinternational.com\/wp-content\/uploads\/2025\/09\/Hispanic-5.jpg 1456w, https:\/\/www.sisinternational.com\/wp-content\/uploads\/2025\/09\/Hispanic-5-300x168.jpg 300w, https:\/\/www.sisinternational.com\/wp-content\/uploads\/2025\/09\/Hispanic-5-1024x574.jpg 1024w, https:\/\/www.sisinternational.com\/wp-content\/uploads\/2025\/09\/Hispanic-5-768x430.jpg 768w, https:\/\/www.sisinternational.com\/wp-content\/uploads\/2025\/09\/Hispanic-5-18x10.jpg 18w\" sizes=\"auto, (max-width: 1456px) 100vw, 1456px\"><\/figure>\n\n\n\n<p><\/p>\n\n\n\n<p>Ogni paese dell\u2019America Latina ha i propri atteggiamenti, costumi, preferenze, peculiarit\u00e0 e caratteristiche distintive.<\/p>\n\n\n\n<p>Gettare un\u2019ampia coltre di identit\u00e0 su quest\u2019area ricca di significato storico e culturale sarebbe un errore. \u00c8 qui che l&#039;importanza di ricerche di mercato internazionali esperte diventa essenziale, per le consultazioni iniziali e per trarre vantaggio da metodologie consolidate che offrono la migliore opportunit\u00e0 di comprendere queste nazioni e culture emergenti e di trarre vantaggio da tale comprensione.<\/p>\n\n\n\n<h2 class=\"wp-block-heading\">Cosa fare e cosa non fare nella ricerca di mercato ispanica<\/h2>\n\n\n\n<h3 class=\"wp-block-heading\">Cosa fare<\/h3>\n\n\n\n<ul class=\"wp-block-list\">\n<li>Conosci la popolazione ispanica a cui ti rivolgi\n<ul class=\"wp-block-list\">\n<li>Dati demografici<\/li>\n\n\n\n<li>Distribuzione geografica<\/li>\n\n\n\n<li>Livelli di acculturazione<\/li>\n<\/ul>\n<\/li>\n\n\n\n<li>Includere ispanici acculturati, biculturali e non acculturati\n<ul class=\"wp-block-list\">\n<li>Utilizzare un campione che riconosca queste differenze durante la fase di reclutamento<\/li>\n<\/ul>\n<\/li>\n\n\n\n<li>Utilizzare una formulazione delle domande che tenga conto delle informazioni economiche, educative e socioeconomiche<\/li>\n\n\n\n<li>Riconoscere le differenze nella conoscenza dello spagnolo anche tra le popolazioni ispaniche\n<ul class=\"wp-block-list\">\n<li>Avere intervistati di lingua spagnola non equivale ad avere intervistati identificati come ispanici<\/li>\n<\/ul>\n<\/li>\n\n\n\n<li>Considera che gli ispanici non sono un grande gruppo omogeneo\n<ul class=\"wp-block-list\">\n<li>Gli ispanici provengono da molti paesi di origine diversi<\/li>\n\n\n\n<li>Gli ispanici appartengono a molte classi sociali diverse<\/li>\n\n\n\n<li>Gli ispanici hanno vari livelli di acculturazione<\/li>\n<\/ul>\n<\/li>\n\n\n\n<li>Preparati al fatto che i sondaggi richiederanno pi\u00f9 tempo in spagnolo che in inglese<\/li>\n\n\n\n<li>Preparati affinch\u00e9 le domande del sondaggio richiedano pi\u00f9 sfumature e sensibilit\u00e0 culturale<\/li>\n\n\n\n<li>Avere uno strumento di rilevamento bilingue che tenga conto di chi parla spagnolo e inglese<\/li>\n\n\n\n<li>Considerare il comportamento dei consumatori di paesi e aree geografiche specifici<\/li>\n<\/ul>\n\n\n\n<h3 class=\"wp-block-heading\">Non farlo<\/h3>\n\n\n\n<ul class=\"wp-block-list\">\n<li>Imporre una mentalit\u00e0 da \u201cmercato generale\u201d su una cultura distinta\n<ul class=\"wp-block-list\">\n<li>Considerare gli stili di indagine<\/li>\n\n\n\n<li>Fai attenzione a porre domande sulla \u201csimpatia\u201d e a chiedere valutazioni su scala<\/li>\n<\/ul>\n<\/li>\n\n\n\n<li>Supponiamo che tutti i mercati ispanici siano di lingua spagnola e pienamente acculturati<\/li>\n\n\n\n<li>Supponiamo che tutti gli ispanici vivano allo stesso livello educativo o socioeconomico<\/li>\n\n\n\n<li>Traduci semplicemente materiali inglesi in spagnolo senza tenere conto delle sfumature culturali<\/li>\n\n\n\n<li>Utilizzare scale di valutazione complicate per quanto riguarda la simpatia o la gradevolezza<\/li>\n<\/ul>\n\n\n\n<p>L\u2019accesso al mercato ispanico dipende in gran parte dalle strategie impiegate attraverso il linguaggio, il consumo dei media e la tecnologia. Gli studi di ricerca dovrebbero essere progettati tenendo conto dei diversi livelli di adattamento tecnologico e di consumo dei media, nonch\u00e9 delle sfumature del linguaggio. Gli individui a tutti i livelli socioeconomici possono essere clienti leali e reattivi e dovrebbero essere trattati come tali, tenendo conto delle loro opinioni e dei loro bisogni individuali.<\/p>\n\n\n\n<h2 class=\"wp-block-heading\">Con oltre 40 anni di esperienza nella ricerca di mercato globale, SIS offre una gamma di servizi, tra cui ricerca qualitativa, quantitativa e strategica.<\/h2>\n\n\n\n<h2 class=\"wp-block-heading p1\"><a href=\"https:\/\/www.sisinternational.com\/it\/about-sis\/contact-sis-international-market-research\/\"><span class=\"s1\">Contattaci per il tuo prossimo progetto di ricerca di mercato ispanico.<\/span><\/a><\/h2>\n\n\n\n<h3 class=\"wp-block-heading title-heading-left\">You&nbsp;may also be interested in\u2026<\/h3>\n\n\n\n<p><\/p>\n\n\n\n<!-- Page-list plugin v.5.9 wordpress.org\/plugins\/page-list\/ -->\n<div class=\"page-list page-list-ext\">\n<div class=\"page-list-ext-item\"><div class=\"page-list-ext-image\"><a href=\"https:\/\/www.sisinternational.com\/it\/copertura\/latin-america\/ricerche-di-mercato-in-america-latina\/\" title=\"Ricerche di mercato in America Latina\"><img decoding=\"async\" src=\"https:\/\/www.sisinternational.com\/wp-content\/uploads\/2025\/08\/Global-7-150x150.jpg\" width=\"150\" alt=\"Ricerche di mercato in America Latina\" \/><\/a><\/div> <h3 class=\"page-list-ext-title\"><a href=\"https:\/\/www.sisinternational.com\/it\/copertura\/latin-america\/ricerche-di-mercato-in-america-latina\/\" title=\"Ricerche di mercato in America Latina\">Ricerche di mercato in America Latina<\/a><\/h3><div class=\"page-list-ext-item-content\">Ulteriori informazioni sulle ricerche di mercato in America Latina.<\/div><\/div>\n\n<\/div>\n\n\n\n<!-- Page-list plugin v.5.9 wordpress.org\/plugins\/page-list\/ -->\n<div class=\"page-list page-list-ext\">\n<div class=\"page-list-ext-item\"><div class=\"page-list-ext-image\"><a href=\"https:\/\/www.sisinternational.com\/it\/copertura\/latin-america\/ricerche-di-mercato-in-america-latina\/ricerche-di-mercato-in-messico\/\" title=\"Ricerche di mercato in Messico\"><img decoding=\"async\" src=\"https:\/\/www.sisinternational.com\/wp-content\/uploads\/2025\/09\/Mexico-City-4-150x150.jpg\" width=\"150\" alt=\"Ricerche di mercato in Messico\" \/><\/a><\/div> <h3 class=\"page-list-ext-title\"><a href=\"https:\/\/www.sisinternational.com\/it\/copertura\/latin-america\/ricerche-di-mercato-in-america-latina\/ricerche-di-mercato-in-messico\/\" title=\"Ricerche di mercato in Messico\">Ricerche di mercato in Messico<\/a><\/h3><div class=\"page-list-ext-item-content\">SIS ha pi\u00f9 di 30 anni di esperienza nelle ricerche di mercato globali, con risorse e competenze approfondite per il mercato messicano. <\/div><\/div>\n\n<\/div>","protected":false},"excerpt":{"rendered":"<p>Forniamo dati, approfondimenti e strategie di ricerche di mercato ispaniche. Scopri di pi\u00f9 su come raggiungere i consumatori latini.<\/p>","protected":false},"author":1,"featured_media":62996,"parent":14351,"menu_order":2,"comment_status":"closed","ping_status":"open","template":"","meta":{"footnotes":""},"class_list":["post-16527","page","type-page","status-publish","has-post-thumbnail"],"_links":{"self":[{"href":"https:\/\/www.sisinternational.com\/it\/wp-json\/wp\/v2\/pages\/16527","targetHints":{"allow":["GET"]}}],"collection":[{"href":"https:\/\/www.sisinternational.com\/it\/wp-json\/wp\/v2\/pages"}],"about":[{"href":"https:\/\/www.sisinternational.com\/it\/wp-json\/wp\/v2\/types\/page"}],"author":[{"embeddable":true,"href":"https:\/\/www.sisinternational.com\/it\/wp-json\/wp\/v2\/users\/1"}],"replies":[{"embeddable":true,"href":"https:\/\/www.sisinternational.com\/it\/wp-json\/wp\/v2\/comments?post=16527"}],"version-history":[{"count":4,"href":"https:\/\/www.sisinternational.com\/it\/wp-json\/wp\/v2\/pages\/16527\/revisions"}],"predecessor-version":[{"id":67572,"href":"https:\/\/www.sisinternational.com\/it\/wp-json\/wp\/v2\/pages\/16527\/revisions\/67572"}],"up":[{"embeddable":true,"href":"https:\/\/www.sisinternational.com\/it\/wp-json\/wp\/v2\/pages\/14351"}],"wp:featuredmedia":[{"embeddable":true,"href":"https:\/\/www.sisinternational.com\/it\/wp-json\/wp\/v2\/media\/62996"}],"wp:attachment":[{"href":"https:\/\/www.sisinternational.com\/it\/wp-json\/wp\/v2\/media?parent=16527"}],"curies":[{"name":"wp","href":"https:\/\/api.w.org\/{rel}","templated":true}]}}