{"id":16493,"date":"2015-06-12T04:11:00","date_gmt":"2015-06-12T04:11:00","guid":{"rendered":"https:\/\/www.sisinternational.com\/?page_id=16493"},"modified":"2026-01-25T17:30:16","modified_gmt":"2026-01-25T22:30:16","slug":"ricerche-di-mercato-chicago","status":"publish","type":"page","link":"https:\/\/www.sisinternational.com\/it\/copertura\/north-america\/copertura-degli-stati-uniti\/ricerche-di-mercato-chicago\/","title":{"rendered":"Ricerche di mercato a Chicago"},"content":{"rendered":"<h1 class=\"gb-headline gb-headline-63c27aac gb-headline-text\">Ricerche di mercato a Chicago<\/h1>\n\n\n\n<figure class=\"gb-block-image gb-block-image-6b822b3f\"><img loading=\"lazy\" decoding=\"async\" width=\"1456\" height=\"816\" class=\"gb-image gb-image-6b822b3f\" src=\"https:\/\/www.sisinternational.com\/wp-content\/uploads\/2025\/09\/Illinois-Chicago-5-3.jpg\" alt=\"Ricerca e strategia di mercato internazionale SIS\" title=\"Illinois Chicago 5 (3)\" srcset=\"https:\/\/www.sisinternational.com\/wp-content\/uploads\/2025\/09\/Illinois-Chicago-5-3.jpg 1456w, https:\/\/www.sisinternational.com\/wp-content\/uploads\/2025\/09\/Illinois-Chicago-5-3-300x168.jpg 300w, https:\/\/www.sisinternational.com\/wp-content\/uploads\/2025\/09\/Illinois-Chicago-5-3-1024x574.jpg 1024w, https:\/\/www.sisinternational.com\/wp-content\/uploads\/2025\/09\/Illinois-Chicago-5-3-768x430.jpg 768w, https:\/\/www.sisinternational.com\/wp-content\/uploads\/2025\/09\/Illinois-Chicago-5-3-18x10.jpg 18w\" sizes=\"auto, (max-width: 1456px) 100vw, 1456px\"><\/figure>\n\n\n\n<h1 class=\"wp-block-heading\">\u00a0<\/h1>\n\n\n\n<hr class=\"wp-block-separator has-alpha-channel-opacity is-style-dots\"\/>\n\n\n\n<p><span style=\"font-weight: 400;\">Chicago presenta un panorama di consumatori affascinante e la ricerca di mercato a Chicago scava nei cuori e nelle menti dei suoi residenti, scoprendo la chiave del successo in questa metropoli dinamica e in continua evoluzione... Quindi, cosa rende Chicago un mercato cos\u00ec avvincente, e come possono le aziende sbloccare il suo pieno potenziale?<\/span><\/p>\n\n\n\n<h2 class=\"wp-block-heading\"><strong>Cos&#039;\u00e8 la ricerca di mercato a Chicago?<\/strong><\/h2>\n\n\n\n<p><span style=\"font-weight: 400;\">Le ricerche di mercato a Chicago sfruttano le informazioni sui consumatori che le aziende possono utilizzare per prendere decisioni informate e migliorare le proprie strategie e operazioni. Fornisce una comprensione completa del panorama competitivo, aiutando le aziende a valutare la fattibilit\u00e0 delle loro strategie di ingresso sul mercato e a identificare le migliori opportunit\u00e0 di crescita.&nbsp;<\/span><\/p>\n\n\n\n<h2 class=\"wp-block-heading\"><strong>Perch\u00e9 le aziende hanno bisogno di ricerche di mercato a Chicago?<\/strong><\/h2>\n\n\n\n<p><span style=\"font-weight: 400;\">Le aziende hanno bisogno di ricerche di mercato a Chicago per affrontare le complessit\u00e0 del panorama economico della citt\u00e0 e rimanere competitive in un mercato in rapida evoluzione. Le informazioni fornite dalle ricerche di mercato consentono alle aziende di comprendere le esigenze e le preferenze dei propri clienti, consentendo loro di sviluppare prodotti e servizi che soddisfano la domanda del mercato.<\/span><\/p>\n\n\n\n<p><span style=\"font-weight: 400;\">Le ricerche di mercato a Chicago aiutano anche le aziende a identificare le tendenze emergenti e i cambiamenti nel comportamento dei consumatori. Data la forte enfasi che la citt\u00e0 pone sull&#039;innovazione e sulla tecnologia, rimanere informati su questi cambiamenti \u00e8 essenziale per mantenere la rilevanza e sfruttare le nuove opportunit\u00e0.&nbsp;<\/span><\/p>\n\n\n\n<p><span style=\"font-weight: 400;\">Inoltre, le ricerche di mercato a Chicago aiutano le aziende a mitigare i rischi. Analizzando i dati e le tendenze del mercato, le aziende possono identificare potenziali sfide e sviluppare strategie per affrontarle in modo efficace. Questo aspetto della gestione del rischio della ricerca di mercato \u00e8 particolarmente prezioso per le aziende che investono in nuove iniziative imprenditoriali o espandono le proprie attivit\u00e0, fornendo una solida base per un processo decisionale informato.<\/span><\/p>\n\n\n\n<h2 class=\"wp-block-heading\"><strong>Quando condurre ricerche di mercato a Chicago<\/strong><\/h2>\n\n\n\n<p><span style=\"font-weight: 400;\">in primo luogo, <\/span><span style=\"font-weight: 400;\"><b>le ricerche di mercato sono essenziali durante le fasi iniziali di pianificazione di un&#039;attivit\u00e0 o di lancio di un nuovo prodotto<\/b><\/span><span style=\"font-weight: 400;\">&nbsp;per valutare la fattibilit\u00e0 e comprendere il panorama del mercato. Questa ricerca iniziale aiuta a identificare i dati demografici target, i potenziali concorrenti e le esigenze del mercato, fornendo una solida base per la pianificazione strategica.<\/span><\/p>\n\n\n\n<p><span style=\"font-weight: 400;\">Anche le ricerche di mercato a Chicago sono cruciali <\/span><b>quando si entra in un nuovo mercato<\/b><span style=\"font-weight: 400;\"> o espandersi in nuove aree geografiche, come Chicago. Comprendere le dinamiche del mercato locale, le preferenze dei consumatori e il panorama competitivo \u00e8 vitale per sviluppare strategie di ingresso efficaci e posizionare l\u2019azienda per il successo.<\/span><\/p>\n\n\n\n<p><b>Quando le aziende sperimentano cambiamenti significativi<\/b><span style=\"font-weight: 400;\"> o interruzioni del mercato, come cambiamenti nel comportamento dei consumatori o fluttuazioni economiche, le ricerche di mercato a Chicago li aiutano ad adattarsi e a rispondere in modo proattivo. Questa ricerca consente alle aziende di rimanere rilevanti e mantenere il proprio vantaggio competitivo in un ambiente in costante cambiamento.<\/span><\/p>\n\n\n\n<h2 class=\"wp-block-heading\"><strong>Risultati attesi dalla ricerca di mercato di SIS a Chicago<\/strong><\/h2>\n\n\n\n<p><span style=\"font-weight: 400;\">Impegnarsi in ricerche di mercato a Chicago con <\/span><a href=\"https:\/\/www.linkedin.com\/company\/sisinternationalresearch\/\" target=\"_blank\" rel=\"noopener\"><span style=\"font-weight: 400;\">SIS Internazionale<\/span><\/a><span style=\"font-weight: 400;\"> apporta numerosi vantaggi che possono favorire il successo aziendale. Ciascun fattore contribuisce a una comprensione completa del mercato e del vantaggio strategico:<\/span><\/p>\n\n\n\n<ul class=\"wp-block-list\">\n<li><b>Processo decisionale migliorato:<\/b><span style=\"font-weight: 400;\"> Le ricerche di mercato a Chicago forniscono alle aziende dati e approfondimenti affidabili, consentendo loro di prendere decisioni ben informate.<\/span><\/li>\n\n\n\n<li><b>Posizione competitiva migliorata:<\/b><span style=\"font-weight: 400;\"> Comprendendo il panorama competitivo, le aziende possono sviluppare strategie che le distinguano.<\/span><\/li>\n\n\n\n<li><b>Maggiore soddisfazione del cliente:<\/b><span style=\"font-weight: 400;\"> Gli approfondimenti sulle preferenze e sui comportamenti dei clienti consentono alle aziende di personalizzare le proprie offerte per soddisfare la domanda del mercato.<\/span><\/li>\n\n\n\n<li><b>Gestione del rischio:<\/b><span style=\"font-weight: 400;\"> Identificare potenziali rischi e sfide aiuta le aziende a sviluppare strategie per mitigarli in modo efficace.<\/span><\/li>\n\n\n\n<li><b>Espansione del mercato:<\/b><span style=\"font-weight: 400;\"> Comprendere le tendenze e le opportunit\u00e0 del mercato consente alle aziende di esplorare nuovi segmenti di mercato e favorire la crescita.<\/span><\/li>\n\n\n\n<li><b>Innovazione:<\/b><span style=\"font-weight: 400;\"> Le ricerche di mercato a Chicago promuovono l\u2019innovazione evidenziando i bisogni insoddisfatti e le tendenze emergenti, guidando lo sviluppo di nuovi prodotti e servizi che alimentano la crescita e migliorano la competitivit\u00e0.<\/span><\/li>\n\n\n\n<li><b>ROI migliorato:<\/b> <a href=\"https:\/\/twitter.com\/SISIntlResearch\" target=\"_blank\" rel=\"noopener\"><span style=\"font-weight: 400;\">SIS<\/span><\/a><span style=\"font-weight: 400;\"> fornisce alle aziende un elevato ritorno sull&#039;investimento fornendo informazioni fruibili che guidano il processo decisionale strategico.&nbsp;<\/span><\/li>\n<\/ul>\n\n\n\n<h2 class=\"wp-block-heading\"><strong>Industrie chiave a Chicago<\/strong><\/h2>\n\n\n\n<figure class=\"gb-block-image gb-block-image-270bcad8\"><img loading=\"lazy\" decoding=\"async\" width=\"1456\" height=\"816\" class=\"gb-image gb-image-270bcad8\" src=\"https:\/\/www.sisinternational.com\/wp-content\/uploads\/2025\/09\/Illinois-Chicago-7.jpg\" alt=\"Ricerca e strategia di mercato internazionale SIS\" title=\"Illinois Chicago (7)\" srcset=\"https:\/\/www.sisinternational.com\/wp-content\/uploads\/2025\/09\/Illinois-Chicago-7.jpg 1456w, https:\/\/www.sisinternational.com\/wp-content\/uploads\/2025\/09\/Illinois-Chicago-7-300x168.jpg 300w, https:\/\/www.sisinternational.com\/wp-content\/uploads\/2025\/09\/Illinois-Chicago-7-1024x574.jpg 1024w, https:\/\/www.sisinternational.com\/wp-content\/uploads\/2025\/09\/Illinois-Chicago-7-768x430.jpg 768w, https:\/\/www.sisinternational.com\/wp-content\/uploads\/2025\/09\/Illinois-Chicago-7-18x10.jpg 18w\" sizes=\"auto, (max-width: 1456px) 100vw, 1456px\"><\/figure>\n\n\n\n<p><\/p>\n\n\n\n<p><span style=\"font-weight: 400;\">Secondo una ricerca di mercato condotta a Chicago, la citt\u00e0 ha numerose industrie dinamiche che guidano la crescita economica e l\u2019innovazione e contribuiscono all\u2019economia locale e globale.<\/span><\/p>\n\n\n\n<p><b>\u2022 Tecnologia:<\/b><span style=\"font-weight: 400;\"> Il settore tecnologico di Chicago \u00e8 in rapida espansione, concentrandosi sullo sviluppo di software, sulla sicurezza informatica e sull&#039;analisi dei dati. Alle aziende piace <\/span><b>Google<\/b><span style=\"font-weight: 400;\"> E <\/span><b>Salesforce<\/b><span style=\"font-weight: 400;\"> hanno operazioni significative in citt\u00e0, guidando progressi tecnologici e innovazione.<\/span><\/p>\n\n\n\n<p><b>\u2022 Sanit\u00e0 e biotecnologie:<\/b><span style=\"font-weight: 400;\"> I settori sanitario e biotecnologico sono importanti a Chicago, con istituzioni come <\/span><b>Medicina nordoccidentale<\/b><span style=\"font-weight: 400;\"> E <\/span><b>AbbVie<\/b><span style=\"font-weight: 400;\"> all&#039;avanguardia. Queste industrie si concentrano sulla ricerca medica, sullo sviluppo farmaceutico e su soluzioni sanitarie avanzate, contribuendo in modo significativo all&#039;economia dello stato e ai progressi della sanit\u00e0 pubblica.<\/span><\/p>\n\n\n\n<p><b>\u2022 Servizi finanziari:<\/b><span style=\"font-weight: 400;\"> Il settore dei servizi finanziari di Chicago \u00e8 robusto, con attori importanti come <\/span><b>JP Morgan Chase<\/b><span style=\"font-weight: 400;\"> E <\/span><b>Cittadella<\/b><span style=\"font-weight: 400;\"> fare strada. Queste societ\u00e0 forniscono vari servizi finanziari, contribuendo alla stabilit\u00e0 economica e alla crescita dello stato.<\/span><\/p>\n\n\n\n<p><b>\u2022 Produzione:<\/b><span style=\"font-weight: 400;\"> Chicago ha una lunga storia di produzione, con aziende come <\/span><b>bruco<\/b><span style=\"font-weight: 400;\"> E <\/span><b>John Deere<\/b><span style=\"font-weight: 400;\"> leader nella produzione di attrezzature e macchinari industriali. Il settore manifatturiero avanzato della citt\u00e0 continua a innovare e guidare la crescita economica.<\/span><\/p>\n\n\n\n<p><b>\u2022 Logistica e Trasporti:<\/b><span style=\"font-weight: 400;\"> Essendo un importante snodo dei trasporti, Chicago \u00e8 fondamentale per la logistica nazionale e internazionale. Alle aziende piace <\/span><b>UPS<\/b><span style=\"font-weight: 400;\"> E <\/span><b>Fedex<\/b><span style=\"font-weight: 400;\"> svolgono un ruolo chiave nella logistica della citt\u00e0 e nella gestione della catena di approvvigionamento, supportando le imprese e contribuendo all&#039;economia locale.<\/span><\/p>\n\n\n\n<h2 class=\"wp-block-heading\"><strong>Principali attori in questo mercato<\/strong><\/h2>\n\n\n\n<p><span style=\"font-weight: 400;\">Chicago vanta numerosi attori leader in vari settori, ciascuno dei quali contribuisce alla crescita economica e all&#039;innovazione della citt\u00e0. Queste aziende sono riconosciute per la loro leadership di mercato, i prodotti innovativi e l\u2019impatto significativo sui rispettivi settori.<\/span><\/p>\n\n\n\n<p><b>\u2022 Google:<\/b><span style=\"font-weight: 400;\"> Con una presenza significativa nell&#039;ecosistema tecnologico di Chicago, Google svolge un ruolo cruciale nel promuovere i progressi tecnologici. L&#039;attenzione dell&#039;azienda allo sviluppo di software, al cloud computing e all&#039;intelligenza artificiale contribuisce alla reputazione della citt\u00e0 come polo tecnologico.<\/span><\/p>\n\n\n\n<p><b>\u2022 Medicina nordoccidentale:<\/b><span style=\"font-weight: 400;\"> Leader nel settore sanitario, Northwestern Medicine gestisce numerosi ospedali e strutture di ricerca a Chicago. L&#039;istituzione \u00e8 nota per la sua ricerca medica all&#039;avanguardia e gli elevati standard di cura dei pazienti, che la rendono un attore chiave nel panorama sanitario della citt\u00e0.<\/span><\/p>\n\n\n\n<p><b>\u2022 JP Morgan Chase:<\/b><span style=\"font-weight: 400;\"> Essendo una delle pi\u00f9 grandi istituzioni finanziarie del mondo, JPMorgan Chase ha una forte presenza a Chicago. La societ\u00e0 fornisce vari servizi finanziari, tra cui investment banking, gestione patrimoniale e banche commerciali, contribuendo in modo significativo all&#039;economia locale.<\/span><\/p>\n\n\n\n<p><b>\u2022 Bruco:<\/b><span style=\"font-weight: 400;\"> Nota per le sue attrezzature e macchinari industriali, Caterpillar \u00e8 uno dei principali attori nel settore manifatturiero di Chicago. Le pratiche di produzione avanzate dell&#039;azienda e l&#039;impegno per l&#039;innovazione guidano la crescita economica e lo sviluppo.<\/span><\/p>\n\n\n\n<p><b>\u2022 United Airlines:<\/b><span style=\"font-weight: 400;\"> Con sede a Chicago, United Airlines \u00e8 un attore leader nel settore dei trasporti e della logistica. Le operazioni della compagnia presso l&#039;aeroporto internazionale O&#039;Hare supportano lo status della citt\u00e0 come importante snodo dei trasporti.<\/span><\/p>\n\n\n\n<p><b>\u2022 Forza vendita:<\/b><span style=\"font-weight: 400;\"> Altro attore chiave nel settore tecnologico, Salesforce ha una forte presenza a Chicago. L&#039;azienda si concentra sulla gestione delle relazioni con i clienti (CRM) e su soluzioni basate su cloud. Le sue innovazioni migliorano le operazioni aziendali in vari settori.<\/span><\/p>\n\n\n\n<h2 class=\"wp-block-heading\"><strong>Principali attrazioni turistiche di Chicago<\/strong><\/h2>\n\n\n\n<p><span style=\"font-weight: 400;\">Chicago \u00e8 famosa per la sua vivace scena culturale, l&#039;architettura iconica e le diverse attrazioni, che la rendono una popolare destinazione turistica.&nbsp;<\/span><\/p>\n\n\n\n<ul class=\"wp-block-list\">\n<li><b>Parco del Millennio:<\/b><span style=\"font-weight: 400;\"> Famoso per le sue installazioni d&#039;arte pubblica, tra cui l&#039;iconico Cloud Gate (The Bean), il Millennium Park \u00e8 una destinazione imperdibile. Il parco ospita numerosi eventi, concerti e festival durante tutto l&#039;anno.<\/span><\/li>\n\n\n\n<li><b>Molo della Marina:<\/b><span style=\"font-weight: 400;\"> Navy Pier offre una variet\u00e0 di attrazioni, tra cui giostre, teatri, ristoranti e negozi. \u00c8 un luogo popolare sia per la gente del posto che per i turisti.<\/span><\/li>\n\n\n\n<li><b>Istituto d&#039;Arte di Chicago:<\/b><span style=\"font-weight: 400;\"> Uno dei musei d&#039;arte pi\u00f9 antichi e pi\u00f9 grandi degli Stati Uniti, l&#039;Art Institute of Chicago ospita una vasta collezione di opere d&#039;arte provenienti da tutto il mondo. Le diverse mostre del museo attirano gli amanti dell&#039;arte e gli appassionati di cultura.<\/span><\/li>\n\n\n\n<li><b>Ponte sul tetto della Willis Tower:<\/b><span style=\"font-weight: 400;\"> Il Willis Tower Skydeck si trova al 103\u00b0 piano della Willis Tower (ex Sears Tower). Lo Skydeck presenta The Ledge, un balcone in vetro che si estende all&#039;esterno dell&#039;edificio.<\/span><\/li>\n\n\n\n<li><b>Museo della Scienza e dell&#039;Industria:<\/b><span style=\"font-weight: 400;\"> Questo museo interattivo presenta mostre di scienza, tecnologia e industria. I punti salienti includono una replica di una miniera di carbone a grandezza naturale, un sottomarino tedesco e un modellino ferroviario.<\/span><\/li>\n<\/ul>\n\n\n\n<h2 class=\"wp-block-heading\">Citt\u00e0 globale<\/h2>\n\n\n\n<p>Con una popolazione di circa 3 milioni di abitanti, Chicago \u00e8 la citt\u00e0 pi\u00f9 popolosa del Midwest americano e la pi\u00f9 popolosa del paese.<\/p>\n\n\n\n<p>La citt\u00e0 ha il quarto prodotto interno lordo tra le principali aree metropolitane del mondo, posizionandosi dietro Tokyo, New York e Los Angeles ma davanti a Londra e Parigi.<\/p>\n\n\n\n<p>A Chicago sono stati lanciati numerosi pilastri di Internet, dai servizi di viaggio e siti di lavoro agli strumenti di misurazione dell&#039;audience online. Anche le aziende sanitarie hanno riconosciuto un grande potenziale nell\u2019area e la citt\u00e0 ospita alcune delle pi\u00f9 grandi aziende del paese.<\/p>\n\n\n\n<p>Chicago mostra molti segni di globalizzazione: il centro citt\u00e0 pullula di ristoranti raffinati, suggerendo che la base di clienti per sostenerli \u00e8 cresciuta. Il crescente volume degli scambi richiede pi\u00f9 colletti bianchi: avvocati e analisti finanziari, imprenditori e specialisti, che lo gestiscono.<\/p>\n\n\n\n<h2 class=\"wp-block-heading\">I sobborghi di Chicago<\/h2>\n\n\n\n<p>The metropolitan area of Chicago has 9.5 million people, making it one of the most important population centers in the United States.&nbsp; Key towns in the suburbs include Schaumburg, Evanston, Des Plaines, Orland Park, Naperville, and Aurora, Illinois.<\/p>\n\n\n\n<h2 class=\"wp-block-heading\">Opportunit\u00e0 a Chicago<\/h2>\n\n\n\n<p>L&#039;economia di Chicago ha diversi settori importanti, tra cui la finanza, le assicurazioni e l&#039;editoria. Alcuni articoli prodotti includono motori diesel, apparecchi chirurgici, macchine per ufficio e prodotti petroliferi e carboniferi.<\/p>\n\n\n\n<p>L&#039;Illinois International Port District \u00e8 l&#039;autorit\u00e0 portuale del porto di Chicago. Fungendo da punto di snodo per gli Stati Uniti, il porto \u00e8 considerato un importante snodo dei trasporti per tutti i tipi di viaggio. La citt\u00e0 ha due aeroporti principali: O&#039;Hare e Midway. O&#039;Hare \u00e8 il secondo aeroporto pi\u00f9 trafficato al mondo in termini di movimenti di traffico.<\/p>\n\n\n\n<h2 class=\"wp-block-heading\"><strong>Driver di mercato<\/strong><\/h2>\n\n\n\n<figure class=\"gb-block-image gb-block-image-23703f77\"><img loading=\"lazy\" decoding=\"async\" width=\"1456\" height=\"816\" class=\"gb-image gb-image-23703f77\" src=\"https:\/\/www.sisinternational.com\/wp-content\/uploads\/2025\/09\/Illinois-Chicago-3.jpg\" alt=\"Ricerca e strategia di mercato internazionale SIS\" title=\"Illinois Chicago (3)\" srcset=\"https:\/\/www.sisinternational.com\/wp-content\/uploads\/2025\/09\/Illinois-Chicago-3.jpg 1456w, https:\/\/www.sisinternational.com\/wp-content\/uploads\/2025\/09\/Illinois-Chicago-3-300x168.jpg 300w, https:\/\/www.sisinternational.com\/wp-content\/uploads\/2025\/09\/Illinois-Chicago-3-1024x574.jpg 1024w, https:\/\/www.sisinternational.com\/wp-content\/uploads\/2025\/09\/Illinois-Chicago-3-768x430.jpg 768w, https:\/\/www.sisinternational.com\/wp-content\/uploads\/2025\/09\/Illinois-Chicago-3-18x10.jpg 18w\" sizes=\"auto, (max-width: 1456px) 100vw, 1456px\"><\/figure>\n\n\n\n<p><\/p>\n\n\n\n<p><span style=\"font-weight: 400;\">Uno dei principali driver del mercato \u00e8 il <\/span><b>economia diversificata<\/b><span style=\"font-weight: 400;\">. L&#039;economia di Chicago \u00e8 supportata da settori forti come la finanza, la sanit\u00e0, la tecnologia e il settore manifatturiero. Questa diversit\u00e0 fornisce una base stabile per la crescita e la resilienza alle fluttuazioni economiche.<\/span><\/p>\n\n\n\n<p><b>Innovazione e tecnologia<\/b><span style=\"font-weight: 400;\"> sono anche fattori chiave a Chicago. La citt\u00e0 ospita numerose startup tecnologiche, istituti di ricerca e hub di innovazione. Le aziende che sfruttano queste innovazioni possono ottenere un vantaggio competitivo e guidare la crescita.<\/span><\/p>\n\n\n\n<p><b>Trasporti e logistica<\/b><span style=\"font-weight: 400;\"> svolgono un ruolo cruciale nelle dinamiche del mercato di Chicago. Essendo un importante snodo dei trasporti con estesi collegamenti ferroviari, stradali e aerei, la citt\u00e0 supporta un&#039;efficiente gestione della catena di approvvigionamento e reti di distribuzione, che sono vitali per le aziende in vari settori.<\/span><\/p>\n\n\n\n<p><b>Appeal culturale e turistico<\/b><span style=\"font-weight: 400;\"> guidare anche il mercato. La ricca scena culturale, le attrazioni iconiche e i quartieri vivaci di Chicago attirano sia turisti che residenti. Questo appello sostiene le imprese locali e contribuisce alla crescita economica.<\/span><\/p>\n\n\n\n<h2 class=\"wp-block-heading\"><strong>Restrizioni del mercato<\/strong><\/h2>\n\n\n\n<p><span style=\"font-weight: 400;\"><strong>Una delle sfide principali \u00e8 l\u2019alto costo della vita e degli affari<\/strong>. La posizione desiderabile della citt\u00e0 e la crescita economica contribuiscono agli alti prezzi degli immobili, della manodopera e delle spese operative.&nbsp;<\/span><\/p>\n\n\n\n<p><b>concorrenza<\/b><span style=\"font-weight: 400;\"> \u00e8 un&#039;altra limitazione importante. L&#039;attrattiva di Chicago come sede commerciale attira molte aziende, creando un mercato altamente competitivo. Le aziende devono innovarsi e differenziarsi continuamente per mantenere la propria posizione sul mercato e attirare clienti.<\/span><\/p>\n\n\n\n<p><b>Problemi di congestione del traffico e trasporti<\/b><span style=\"font-weight: 400;\"> pu\u00f2 anche rappresentare delle sfide. Sebbene l&#039;estesa rete di trasporti di Chicago sia un fattore chiave, la congestione e i ritardi possono influire sull&#039;efficienza della catena di approvvigionamento e sulla produttivit\u00e0 operativa.<\/span><\/p>\n\n\n\n<h2 class=\"wp-block-heading\"><strong>Ricerche di mercato a Chicago: analisi SWOT&nbsp;<\/strong><\/h2>\n\n\n\n<h3 class=\"wp-block-heading\">Punti di forza:<span style=\"font-weight: 400;\">&nbsp;<\/span><\/h3>\n\n\n\n<p><span style=\"font-weight: 400;\">La posizione strategica di Chicago, l&#039;economia diversificata e le solide infrastrutture sono punti di forza significativi che rendono il mercato attraente per le imprese. I settori forti della citt\u00e0, come la finanza, la sanit\u00e0, la tecnologia e l&#039;industria manifatturiera, forniscono una base stabile per la crescita. Inoltre, l&#039;impegno di Chicago nei confronti dell&#039;innovazione e della ricerca determina progressi in vari settori.<\/span><\/p>\n\n\n\n<h3 class=\"wp-block-heading\">Punti deboli:<span style=\"font-weight: 400;\">&nbsp;<\/span><\/h3>\n\n\n\n<p><span style=\"font-weight: 400;\">L\u2019alto costo della vita e delle attivit\u00e0 imprenditoriali e le sfide normative sono notevoli punti deboli. Questi fattori possono aumentare i costi operativi e creare barriere all\u2019ingresso per nuove imprese. Le aziende devono sviluppare strategie per gestire questi costi e navigare in modo efficace nel panorama normativo.<\/span><\/p>\n\n\n\n<h3 class=\"wp-block-heading\">Opportunit\u00e0:<span style=\"font-weight: 400;\">&nbsp;<\/span><\/h3>\n\n\n\n<p><span style=\"font-weight: 400;\">Chicago offre numerose opportunit\u00e0 di crescita, in particolare nei settori tecnologico, sanitario e logistico. Le tendenze emergenti in questi settori, combinate con incentivi statali e programmi di sostegno, creano un ambiente favorevole per l\u2019espansione e l\u2019innovazione del business. Le aziende possono anche esplorare nuovi segmenti di mercato e sfruttare la base diversificata di consumatori della citt\u00e0 per stimolare la crescita.<\/span><\/p>\n\n\n\n<h3 class=\"wp-block-heading\">Minacce:<span style=\"font-weight: 400;\">&nbsp;<\/span><\/h3>\n\n\n\n<p><span style=\"font-weight: 400;\">La forte concorrenza e le fluttuazioni economiche rappresentano una minaccia significativa per le imprese di Chicago. Le aziende devono rimanere vigili e adattabili per stare al passo con la concorrenza e mitigare l\u2019impatto delle recessioni economiche. Inoltre, i cambiamenti normativi e l\u2019evoluzione delle condizioni di mercato possono creare incertezza e sfide che le aziende devono affrontare.<\/span><\/p>\n\n\n\n<h2 class=\"wp-block-heading\">Informazioni sulle ricerche di mercato a Chicago<\/h2>\n\n\n\n<p>Market Research a Chicago fornisce alle aziende modi per soddisfare i propri clienti. Fornisce all&#039;azienda dati critici sui numerosi fattori che influenzano il business. Aiuta inoltre le aziende a ideare strategie pi\u00f9 efficaci. La ricerca pu\u00f2 migliorare il processo decisionale e l&#039;efficienza.<\/p>\n\n\n\n<p><a href=\"https:\/\/www.sisinternational.com\/it\/sulla-sua-ricerca-internazionale\/contact-sis-international-market-research\/\">Ricerca internazionale SIS<\/a> provides full-service solutions in Consumer, B2B, Healthcare, and other industries. We offer Focus Groups, Customer Interviews, Surveys, Competitive Analysis, Ethnography, and Product Testing. Our Strategy Group can help you stay competitive by delivering full insight into the business landscape through <a href=\"https:\/\/www.sisinternational.com\/it\/copertura\/le-americhe\/copertura-degli-stati-uniti\/ricerche-di-mercato-guam\/\" title=\"Ricerche di mercato a Guam\" data-wpil-monitor-id=\"4241\">ricerca sulle opportunit\u00e0 di mercato<\/a>, competitor analysis, or market intelligence, among other services.<\/p>\n\n\n\n<h2 class=\"wp-block-heading\">&nbsp;<\/h2>\n\n\n\n<p><\/p>","protected":false},"excerpt":{"rendered":"<p>Le ricerche di mercato a Chicago forniscono alle aziende statistiche critiche e altri dati sui numerosi fattori che influenzano il business.<\/p>","protected":false},"author":1,"featured_media":66560,"parent":19303,"menu_order":4,"comment_status":"closed","ping_status":"closed","template":"","meta":{"footnotes":""},"class_list":["post-16493","page","type-page","status-publish","has-post-thumbnail"],"_links":{"self":[{"href":"https:\/\/www.sisinternational.com\/it\/wp-json\/wp\/v2\/pages\/16493","targetHints":{"allow":["GET"]}}],"collection":[{"href":"https:\/\/www.sisinternational.com\/it\/wp-json\/wp\/v2\/pages"}],"about":[{"href":"https:\/\/www.sisinternational.com\/it\/wp-json\/wp\/v2\/types\/page"}],"author":[{"embeddable":true,"href":"https:\/\/www.sisinternational.com\/it\/wp-json\/wp\/v2\/users\/1"}],"replies":[{"embeddable":true,"href":"https:\/\/www.sisinternational.com\/it\/wp-json\/wp\/v2\/comments?post=16493"}],"version-history":[{"count":11,"href":"https:\/\/www.sisinternational.com\/it\/wp-json\/wp\/v2\/pages\/16493\/revisions"}],"predecessor-version":[{"id":78323,"href":"https:\/\/www.sisinternational.com\/it\/wp-json\/wp\/v2\/pages\/16493\/revisions\/78323"}],"up":[{"embeddable":true,"href":"https:\/\/www.sisinternational.com\/it\/wp-json\/wp\/v2\/pages\/19303"}],"wp:featuredmedia":[{"embeddable":true,"href":"https:\/\/www.sisinternational.com\/it\/wp-json\/wp\/v2\/media\/66560"}],"wp:attachment":[{"href":"https:\/\/www.sisinternational.com\/it\/wp-json\/wp\/v2\/media?parent=16493"}],"curies":[{"name":"wp","href":"https:\/\/api.w.org\/{rel}","templated":true}]}}