{"id":16467,"date":"2015-06-11T16:48:49","date_gmt":"2015-06-11T16:48:49","guid":{"rendered":"https:\/\/www.sisinternational.com\/?page_id=16467"},"modified":"2026-01-25T17:30:17","modified_gmt":"2026-01-25T22:30:17","slug":"ricerche-di-mercato-a-boston","status":"publish","type":"page","link":"https:\/\/www.sisinternational.com\/it\/copertura\/north-america\/copertura-degli-stati-uniti\/ricerche-di-mercato-a-boston\/","title":{"rendered":"Ricerche di mercato a Boston"},"content":{"rendered":"<h1 class=\"wp-block-heading\">Ricerche di mercato a Boston<\/h1>\n\n\n\n<figure class=\"gb-block-image gb-block-image-28758123\"><img loading=\"lazy\" decoding=\"async\" width=\"1456\" height=\"816\" class=\"gb-image gb-image-28758123\" src=\"https:\/\/www.sisinternational.com\/wp-content\/uploads\/2025\/09\/Massachussets-Boston-1.jpg\" srcset=\"https:\/\/www.sisinternational.com\/wp-content\/uploads\/2025\/09\/Massachussets-Boston-1.jpg 1456w, https:\/\/www.sisinternational.com\/wp-content\/uploads\/2025\/09\/Massachussets-Boston-1-300x168.jpg 300w, https:\/\/www.sisinternational.com\/wp-content\/uploads\/2025\/09\/Massachussets-Boston-1-1024x574.jpg 1024w, https:\/\/www.sisinternational.com\/wp-content\/uploads\/2025\/09\/Massachussets-Boston-1-768x430.jpg 768w, https:\/\/www.sisinternational.com\/wp-content\/uploads\/2025\/09\/Massachussets-Boston-1-18x10.jpg 18w\" sizes=\"auto, (max-width: 1456px) 100vw, 1456px\" alt=\"Ricerca e strategia di mercato internazionale SIS\"><\/figure>\n\n\n\n<p><\/p>\n\n\n\n<hr class=\"wp-block-separator has-alpha-channel-opacity is-style-dots\"\/>\n\n\n\n<h3 class=\"wp-block-heading\">Grazie alle sue numerose universit\u00e0 e college, Boston \u00e8 diventata un centro globale di medicina e istruzione superiore. \u00c8 anche considerato leader mondiale nell\u2019innovazione.<\/h3>\n\n\n\n<p><span style=\"font-weight: 400;\">Cosa rende Boston, una citt\u00e0 ricca di storia e innovazione, un mercato cos\u00ec interessante da esplorare per le aziende? La ricerca di mercato a Boston riguarda la comprensione dell&#039;interazione tra il suo ricco patrimonio culturale e le industrie lungimiranti. Approfondendo le ricerche di mercato, le aziende possono svelare i segreti del successo in questa citt\u00e0 dinamica e in continua evoluzione.<\/span><\/p>\n\n\n\n<h2 class=\"wp-block-heading\"><strong>Cos&#039;\u00e8 la ricerca di mercato a Boston?<\/strong><\/h2>\n\n\n\n<p><span style=\"font-weight: 400;\">Le ricerche di mercato a Boston aiutano le aziende a prendere decisioni informate che migliorano le loro strategie e operazioni. Offre approfondimenti localizzati che aiutano le aziende a personalizzare i propri prodotti e servizi per soddisfare le esigenze specifiche del proprio pubblico di destinazione. Fornisce una comprensione completa del panorama competitivo, aiutando le aziende a valutare la fattibilit\u00e0 delle loro strategie di ingresso sul mercato e a identificare le migliori opportunit\u00e0 di crescita.<\/span><\/p>\n\n\n\n<h2 class=\"wp-block-heading\"><strong>Perch\u00e9 le aziende hanno bisogno di ricerche di mercato a Boston?<\/strong><\/h2>\n\n\n\n<p><span style=\"font-weight: 400;\">Le ricerche di mercato a Boston aiutano le aziende a identificare le tendenze emergenti e i cambiamenti nel comportamento dei consumatori. Data la forte enfasi che la citt\u00e0 pone sull&#039;innovazione e sulla tecnologia, rimanere informati su questi cambiamenti \u00e8 essenziale per mantenere la rilevanza e sfruttare le nuove opportunit\u00e0.&nbsp;<\/span><\/p>\n\n\n\n<p><span style=\"font-weight: 400;\">Questa ricerca di mercato aiuta anche le aziende a mitigare i rischi. Analizzando i dati e le tendenze del mercato, le aziende possono identificare potenziali sfide e sviluppare strategie per affrontarle in modo efficace. Questo aspetto della gestione del rischio della ricerca di mercato \u00e8 prezioso per le aziende che desiderano investire in nuove iniziative o espandere le proprie attivit\u00e0, fornendo una solida base per un processo decisionale informato.<\/span><\/p>\n\n\n\n<p><span style=\"font-weight: 400;\">Inoltre, le ricerche di mercato a Boston offrono approfondimenti critici sulle condizioni del mercato locale e sul panorama competitivo per le aziende che mirano ad espandersi a Boston. Comprendere i punti di forza e di debolezza dei principali concorrenti e identificare le lacune del mercato pu\u00f2 aumentare significativamente le possibilit\u00e0 di successo di un&#039;azienda.&nbsp;<\/span><\/p>\n\n\n\n<h2 class=\"wp-block-heading\"><strong>Chi utilizza le ricerche di mercato a Boston?<\/strong><\/h2>\n\n\n\n<p><b>Grandi aziende<\/b><span style=\"font-weight: 400;\"> spesso si affidano a ricerche di mercato a Boston per ottenere informazioni sul comportamento dei consumatori, sulle dinamiche competitive e sulle tendenze emergenti. Ci\u00f2 consente loro di stare al passo con la concorrenza e di informare lo sviluppo del prodotto, le strategie di marketing e i piani di espansione aziendale.<\/span><\/p>\n\n\n\n<p><b>Piccole e medie imprese (PMI)<\/b><span style=\"font-weight: 400;\"> traggono grande vantaggio anche dalle ricerche di mercato a Boston. Per queste aziende, la ricerca di mercato fornisce dati cruciali che le aiutano a comprendere il pubblico di destinazione, a ottimizzare gli sforzi di marketing e a identificare nuove opportunit\u00e0 di crescita.&nbsp;<\/span><\/p>\n\n\n\n<p><b>Organizzazione no profit<\/b><span style=\"font-weight: 400;\"> E <\/span><b>agenzie governative<\/b><span style=\"font-weight: 400;\"> a Boston utilizzano ricerche di mercato per comprendere meglio le comunit\u00e0 che servono e per sviluppare programmi e politiche che rispondano ai bisogni e alle preferenze delle popolazioni target. Le ricerche di mercato aiutano queste organizzazioni ad allocare le risorse in modo efficace, a misurare l\u2019impatto delle loro iniziative e a prendere decisioni basate sui dati che ne migliorano l\u2019efficacia e la portata.<\/span><\/p>\n\n\n\n<h2 class=\"wp-block-heading\"><strong>La nostra attuale revisione del mercato e raccomandazioni<\/strong><\/h2>\n\n\n\n<p><span style=\"font-weight: 400;\">Riteniamo che Boston stia registrando una crescita significativa nei settori tecnologico e sanitario. La reputazione della citt\u00e0 come centro di innovazione e ricerca continua ad attrarre talenti e investimenti di alto livello, favorendo il progresso in questi settori. Inoltre, il mercato immobiliare rimane robusto, con una forte domanda di immobili residenziali e commerciali trainata dalla crescita demografica e dallo sviluppo economico.<\/span><\/p>\n\n\n\n<p><span style=\"font-weight: 400;\">Le prospettive future per il mercato di Boston rimangono positive, con una crescita continua prevista nei settori dell\u2019istruzione, della biotecnologia e dei servizi finanziari. Le aziende che investono nella comprensione delle dinamiche del mercato e nell\u2019adattamento ai cambiamenti saranno ben posizionate per prosperare. Prevediamo maggiori opportunit\u00e0 nelle startup biotecnologiche, nei servizi educativi e nella tecnologia finanziaria.<\/span><\/p>\n\n\n\n<h2 class=\"wp-block-heading\"><strong>Risultati attesi dalla ricerca di mercato SIS a Boston<\/strong><\/h2>\n\n\n\n<p><a href=\"https:\/\/twitter.com\/SISIntlResearch\" target=\"_blank\" rel=\"noopener\"><span style=\"font-weight: 400;\">SIS<\/span><\/a><span style=\"font-weight: 400;\"> promuove il successo aziendale a Boston offrendo vantaggi aziendali come:&nbsp;<\/span><\/p>\n\n\n\n<p><b>Processo decisionale migliorato:<\/b><span style=\"font-weight: 400;\">&nbsp;<\/span><\/p>\n\n\n\n<p><span style=\"font-weight: 400;\">Le nostre ricerche di mercato a Boston forniscono alle aziende dati e approfondimenti affidabili, consentendo loro di prendere decisioni ben informate.<\/span><\/p>\n\n\n\n<p><b>Posizione competitiva migliorata:<\/b><span style=\"font-weight: 400;\">&nbsp;<\/span><\/p>\n\n\n\n<p><span style=\"font-weight: 400;\">Comprendendo il panorama competitivo, le aziende possono sviluppare strategie che le distinguano.<\/span><\/p>\n\n\n\n<p><b>Maggiore soddisfazione del cliente:<\/b><span style=\"font-weight: 400;\">&nbsp;<\/span><\/p>\n\n\n\n<p><span style=\"font-weight: 400;\">Gli approfondimenti sulle preferenze e sui comportamenti dei clienti consentono alle aziende di personalizzare le proprie offerte per soddisfare la domanda del mercato.<\/span><\/p>\n\n\n\n<p><b>Gestione del rischio:<\/b><span style=\"font-weight: 400;\">&nbsp;<\/span><\/p>\n\n\n\n<p><span style=\"font-weight: 400;\">Identificare potenziali rischi e sfide aiuta le aziende a sviluppare strategie per mitigarli in modo efficace.<\/span><\/p>\n\n\n\n<p><b>Espansione del mercato:<\/b><span style=\"font-weight: 400;\">&nbsp;<\/span><\/p>\n\n\n\n<p><span style=\"font-weight: 400;\">Comprendere le tendenze e le opportunit\u00e0 del mercato consente alle aziende di esplorare nuovi segmenti di mercato e favorire la crescita.<\/span><\/p>\n\n\n\n<p><b>Innovazione:<\/b><span style=\"font-weight: 400;\">&nbsp;<\/span><\/p>\n\n\n\n<p><span style=\"font-weight: 400;\">Le ricerche di mercato a Boston promuovono l&#039;innovazione evidenziando i bisogni insoddisfatti e le tendenze emergenti, guidando lo sviluppo di nuovi prodotti e servizi che alimentano la crescita e migliorano la competitivit\u00e0.<\/span><\/p>\n\n\n\n<p><b>ROI migliorato:<\/b><span style=\"font-weight: 400;\">&nbsp;<\/span><\/p>\n\n\n\n<p><span style=\"font-weight: 400;\">I nostri servizi di ricerche di mercato forniscono alle aziende un elevato ritorno sull&#039;investimento fornendo informazioni fruibili che guidano il processo decisionale strategico. Le aziende possono ottimizzare il marketing, lo sviluppo del prodotto e le strategie operative per ottenere risultati migliori e una maggiore redditivit\u00e0.<\/span><\/p>\n\n\n\n<h2 class=\"wp-block-heading\"><strong>Industrie chiave a Boston<\/strong><\/h2>\n\n\n\n<p><span style=\"font-weight: 400;\">Boston ospita numerose industrie chiave che ne guidano la crescita economica e l\u2019innovazione. Queste industrie sono caratterizzate dalla loro natura dinamica e dal contributo significativo all\u2019economia locale e globale.<\/span><\/p>\n\n\n\n<p><b>\u2022 Tecnologia:<\/b><span style=\"font-weight: 400;\"> Il settore tecnologico di Boston \u00e8 in rapida espansione, concentrandosi sullo sviluppo di software, sulla sicurezza informatica e sull&#039;analisi dei dati. Alle aziende piace <\/span><b>Google<\/b><span style=\"font-weight: 400;\"> E <\/span><b>Microsoft<\/b><span style=\"font-weight: 400;\"> hanno operazioni significative in citt\u00e0, guidando i progressi tecnologici e creando soluzioni innovative che guidano l&#039;economia dello stato.<\/span><\/p>\n\n\n\n<p><b>\u2022 Sanit\u00e0 e biotecnologie:<\/b><span style=\"font-weight: 400;\"> I settori sanitario e biotecnologico di Boston sono importanti, con istituzioni come <\/span><b>Ospedale generale del Massachusetts<\/b><span style=\"font-weight: 400;\"> E <\/span><b>Biogeno<\/b><span style=\"font-weight: 400;\"> all&#039;avanguardia. Queste industrie si concentrano sulla ricerca medica, sullo sviluppo farmaceutico e su soluzioni sanitarie avanzate, contribuendo in modo significativo all&#039;economia dello stato e ai progressi della sanit\u00e0 pubblica.<\/span><\/p>\n\n\n\n<p><b>\u2022 Formazione scolastica:<\/b><span style=\"font-weight: 400;\"> Boston \u00e8 rinomata per le sue istituzioni educative di livello mondiale, tra cui <\/span><b>Universit\u00e0 di Harvard<\/b><span style=\"font-weight: 400;\"> E <\/span><b>MIT<\/b><span style=\"font-weight: 400;\">. Queste istituzioni forniscono istruzione e guidano la ricerca e l\u2019innovazione in vari campi, incidendo in modo significativo sull\u2019economia locale.<\/span><\/p>\n\n\n\n<p><b>\u2022 Servizi finanziari:<\/b><span style=\"font-weight: 400;\"> Il settore dei servizi finanziari di Boston \u00e8 robusto, con attori importanti come <\/span><b>Investimenti di fedelt\u00e0<\/b><span style=\"font-weight: 400;\"> E <\/span><b>Corporazione di State Street<\/b><span style=\"font-weight: 400;\"> fare strada. Queste societ\u00e0 forniscono vari servizi finanziari, contribuendo alla stabilit\u00e0 economica e alla crescita dello stato.<\/span><\/p>\n\n\n\n<p><b>\u2022 Turismo e Ospitalit\u00e0:<\/b><span style=\"font-weight: 400;\"> Il turismo \u00e8 un settore vitale a Boston, che attira ogni anno milioni di visitatori nei suoi siti storici e nelle sue attrazioni culturali. Alle aziende piace <\/span><b>Marriot Internazionale<\/b><span style=\"font-weight: 400;\"> E <\/span><b>Hilton<\/b><span style=\"font-weight: 400;\"> forniscono sistemazioni di lusso, mentre numerose attivit\u00e0 commerciali locali offrono esperienze uniche ai turisti.<\/span><\/p>\n\n\n\n<h2 class=\"wp-block-heading\"><strong>Principali attrazioni turistiche di Boston<\/strong><\/h2>\n\n\n\n<p><span style=\"font-weight: 400;\">Boston \u00e8 nota per la sua ricca storia, il patrimonio culturale e le vivaci attrazioni, che la rendono una popolare destinazione turistica. Queste attrazioni mettono in mostra il fascino unico della citt\u00e0 e contribuiscono in modo significativo alla sua economia.<\/span><\/p>\n\n\n\n<ul class=\"wp-block-list\">\n<li><b>Sentiero della Libert\u00e0:<\/b><span style=\"font-weight: 400;\"> Questo percorso lungo 2,5 miglia attraverso il centro di Boston passa accanto a 16 importanti siti storici, tra cui la Paul Revere&#039;s House e il Boston Common. Offre un viaggio affascinante attraverso la storia della guerra rivoluzionaria della citt\u00e0.<\/span><\/li>\n\n\n\n<li><b>Fenway Park:<\/b><span style=\"font-weight: 400;\"> Sede dei Boston Red Sox, il Fenway Park \u00e8 il pi\u00f9 antico stadio della Major League Baseball ancora in uso. \u00c8 una visita imperdibile per gli appassionati di sport e offre tour che forniscono approfondimenti sulla storia dello stadio.<\/span><\/li>\n\n\n\n<li><b>Museo delle Belle Arti:<\/b><span style=\"font-weight: 400;\"> Uno dei pi\u00f9 grandi musei degli Stati Uniti, il Museum of Fine Arts ospita una vasta collezione di opere d&#039;arte provenienti da tutto il mondo. Le diverse mostre del museo attirano gli amanti dell&#039;arte e gli appassionati di cultura.<\/span><\/li>\n\n\n\n<li><b>Acquario del New England:<\/b><span style=\"font-weight: 400;\"> Il New England Aquarium presenta un&#039;ampia variet\u00e0 di vita marina, tra cui una gigantesca vasca oceanica e un cinema IMAX. \u00c8 un&#039;attrazione popolare per le famiglie e gli appassionati di biologia marina.<\/span><\/li>\n\n\n\n<li><b>Giardino pubblico di Boston:<\/b><span style=\"font-weight: 400;\"> Il primo giardino botanico pubblico d&#039;America, il Boston Public Garden \u00e8 noto per i suoi splendidi paesaggi, le barche a forma di cigno e le esposizioni di fiori stagionali. \u00c8 una fuga serena nel cuore della citt\u00e0.<\/span><\/li>\n\n\n\n<li><b>Navi e museo del Boston Tea Party:<\/b><span style=\"font-weight: 400;\"> Questo museo interattivo racconta la storia del Boston Tea Party attraverso rievocazioni dal vivo, mostre multimediali e manufatti storici. Offre un&#039;esperienza coinvolgente per gli appassionati di storia e i visitatori di tutte le et\u00e0.<\/span><\/li>\n\n\n\n<li><b>Mercato Quincy:<\/b><span style=\"font-weight: 400;\"> Quincy Market \u00e8 un vivace centro di cibo, shopping e intrattenimento. Le sue diverse bancarelle di cibo e i suoi negozi unici lo rendono il luogo preferito dalla gente del posto e dai turisti.<\/span><\/li>\n<\/ul>\n\n\n\n<figure class=\"gb-block-image gb-block-image-cf2c49fd\"><img loading=\"lazy\" decoding=\"async\" width=\"1456\" height=\"816\" class=\"gb-image gb-image-cf2c49fd\" src=\"https:\/\/www.sisinternational.com\/wp-content\/uploads\/2025\/09\/Massachussets-Boston-4.jpg\" srcset=\"https:\/\/www.sisinternational.com\/wp-content\/uploads\/2025\/09\/Massachussets-Boston-4.jpg 1456w, https:\/\/www.sisinternational.com\/wp-content\/uploads\/2025\/09\/Massachussets-Boston-4-300x168.jpg 300w, https:\/\/www.sisinternational.com\/wp-content\/uploads\/2025\/09\/Massachussets-Boston-4-1024x574.jpg 1024w, https:\/\/www.sisinternational.com\/wp-content\/uploads\/2025\/09\/Massachussets-Boston-4-768x430.jpg 768w, https:\/\/www.sisinternational.com\/wp-content\/uploads\/2025\/09\/Massachussets-Boston-4-18x10.jpg 18w\" sizes=\"auto, (max-width: 1456px) 100vw, 1456px\" alt=\"Ricerca e strategia di mercato internazionale SIS\"><\/figure>\n\n\n\n<p><\/p>\n\n\n\n<h3 class=\"wp-block-heading\">Il porto marittimo principale \u00e8 il porto di Boston, che \u00e8 adiacente alla citt\u00e0 e al porto di Boston.<\/h3>\n\n\n\n<p>Le principali strutture di movimentazione delle merci si trovano ora nei quartieri di Boston est e sud, Charlestown ed Everett, una citt\u00e0 vicina.<\/p>\n\n\n\n<p>Boston \u00e8 il porto pi\u00f9 antico delle Americhe ininterrottamente attivo.<\/p>\n\n\n\n<p>L&#039;aeroporto principale della citt\u00e0 \u00e8 il Logan International, ma lo servono anche l&#039;aeroporto municipale di Beverly, l&#039;aeroporto regionale di Worcester, l&#039;aeroporto di Norwood Memorial e il Bedford Hanscom Field.<\/p>\n\n\n\n<h3 class=\"wp-block-heading\">Boston \u00e8 multiculturale<\/h3>\n\n\n\n<p>Oltre un terzo dei residenti della citt\u00e0 parla una lingua diversa dall&#039;inglese a casa.<\/p>\n\n\n\n<p>La principale lingua straniera parlata \u00e8 lo spagnolo. Altre lingue comunemente parlate sono le lingue asiatiche, come il portoghese, il francese e il creolo francese.<\/p>\n\n\n\n<p>La popolazione di Boston \u00e8 cresciuta negli ultimi decenni, da un minimo di 563.000 nel 1980 a circa 600.000. \u00c8 cresciuto pi\u00f9 di quello di molte altre grandi citt\u00e0, tra cui New York e San Francisco. Boston \u00e8 una citt\u00e0 giovane e diversificata con una delle popolazioni pi\u00f9 istruite tra le principali citt\u00e0 americane.<\/p>\n\n\n\n<h3 class=\"wp-block-heading\">Boston \u00e8 stata definita una citt\u00e0 globale per via del suo fiorente settore tecnologico ed economico.<\/h3>\n\n\n\n<p>Uomini e donne d&#039;affari perspicaci stanno rapidamente diventando consapevoli che se non sfruttano la potenza di Internet per la pubblicit\u00e0, perderanno accordi commerciali redditizi. Nonostante ci\u00f2, riviste e giornali continuano a prevalere per quanto riguarda la pubblicit\u00e0 di Boston.<\/p>\n\n\n\n<p>L\u2019economia suburbana \u00e8 specializzata nella difesa e nell\u2019alta tecnologia, mentre l\u2019economia urbana si concentra su servizi commerciali e professionali, medicina, istruzione e finanza.<\/p>\n\n\n\n<h2 class=\"wp-block-heading\"><strong>Opportunit\u00e0 a Boston per le imprese<\/strong><\/h2>\n\n\n\n<p><span style=\"font-weight: 400;\">Le ricerche di mercato a Boston scoprono numerose opportunit\u00e0 per le imprese in vari settori. Comprendere queste opportunit\u00e0 pu\u00f2 aiutare le aziende a definire strategie e a trarre vantaggio dal dinamico contesto di mercato della citt\u00e0.<\/span><\/p>\n\n\n\n<ul class=\"wp-block-list\">\n<li><span style=\"font-weight: 400;\"><b>Tecnologia e Innovazione: <\/b>Il settore tecnologico di Boston \u00e8 in rapida espansione, con significative opportunit\u00e0 nello sviluppo di software, nella sicurezza informatica e nell&#039;analisi dei dati.<\/span><span style=\"font-weight: 400;\">&nbsp;<\/span><\/li>\n\n\n\n<li><b>Sanit\u00e0 e biotecnologie:<\/b><span style=\"font-weight: 400;\"> La domanda di soluzioni sanitarie avanzate e innovazioni biotecnologiche \u00e8 in aumento. Le aziende che si concentrano sulla ricerca medica, sullo sviluppo farmaceutico e sulla tecnologia sanitaria possono prosperare nel solido settore sanitario di Boston.<\/span><\/li>\n\n\n\n<li><b>Istruzione e ricerca:<\/b><span style=\"font-weight: 400;\"> Le rinomate istituzioni educative di Boston presentano opportunit\u00e0 commerciali nei servizi educativi, nei partenariati di ricerca e nella commercializzazione della tecnologia. Le aziende possono collaborare con le universit\u00e0 per promuovere l\u2019innovazione e lo sviluppo.<\/span><\/li>\n<\/ul>\n\n\n\n<h2 class=\"wp-block-heading\"><strong>Sfide delle ricerche di mercato a Boston per le imprese<\/strong><\/h2>\n\n\n\n<p><span style=\"font-weight: 400;\">Sebbene le ricerche di mercato a Boston offrano numerose opportunit\u00e0, le aziende devono anche affrontare diverse sfide per avere successo. Comprendere queste sfide \u00e8 fondamentale per sviluppare strategie in grado di mitigare i rischi e superare gli ostacoli.<\/span><\/p>\n\n\n\n<ul class=\"wp-block-list\">\n<li><b>Costi elevati:<\/b><span style=\"font-weight: 400;\"> Condurre ricerche di mercato approfondite pu\u00f2 essere costoso, soprattutto per le piccole e medie imprese. Le aziende devono allocare risorse sufficienti per raccogliere dati accurati e significativi, il che pu\u00f2 mettere a dura prova i budget.<\/span><\/li>\n\n\n\n<li><b>Mercato competitivo:<\/b><span style=\"font-weight: 400;\"> Il mercato dinamico di Boston \u00e8 altamente competitivo, con numerosi attori affermati e startup emergenti. Le aziende devono innovarsi e differenziarsi continuamente per mantenere il proprio vantaggio competitivo.<\/span><\/li>\n<\/ul>\n\n\n\n<h2 class=\"wp-block-heading\"><strong>In che modo le ricerche di mercato di SIS International a Boston aiutano le aziende<\/strong><\/h2>\n\n\n\n<p><span style=\"font-weight: 400;\">I servizi di ricerca di mercato di SIS International a Boston offrono un supporto completo alle aziende, aiutandole a destreggiarsi tra le complessit\u00e0 del mercato di Boston e a raggiungere i propri obiettivi strategici. La nostra esperienza nelle ricerche di mercato fornisce alle aziende informazioni preziose che guidano la crescita e l\u2019innovazione.<\/span><\/p>\n\n\n\n<p><b>Riduzione del rischio:<\/b><span style=\"font-weight: 400;\">&nbsp;<\/span><\/p>\n\n\n\n<p><a href=\"https:\/\/www.linkedin.com\/company\/sisinternationalresearch\/\" target=\"_blank\" rel=\"noopener\"><span style=\"font-weight: 400;\">SIS Internazionale<\/span><\/a><span style=\"font-weight: 400;\"> aiuta le aziende a identificare i potenziali rischi e a sviluppare strategie per mitigarli. Comprendere le dinamiche del mercato e il comportamento dei consumatori consente alle aziende di prendere decisioni informate che riducono al minimo le incertezze e migliorano la stabilit\u00e0.<\/span><\/p>\n\n\n\n<p><b>Aumento delle entrate:<\/b><span style=\"font-weight: 400;\">&nbsp;<\/span><\/p>\n\n\n\n<p><span style=\"font-weight: 400;\">Permettiamo alle aziende di scoprire nuove opportunit\u00e0 e ottimizzare le proprie strategie per aumentare le entrate. Analizzando le tendenze del mercato e le preferenze dei clienti, forniamo informazioni utili che aiutano le aziende a sviluppare prodotti e servizi in grado di soddisfare la domanda del mercato.<\/span><\/p>\n\n\n\n<p><b>Risparmi:<\/b><span style=\"font-weight: 400;\">&nbsp;<\/span><\/p>\n\n\n\n<p><span style=\"font-weight: 400;\">Le ricerche di mercato aiutano le aziende a semplificare le proprie operazioni e ad allocare le risorse in modo pi\u00f9 efficiente. Comprendendo le condizioni del mercato e le dinamiche competitive, le aziende possono evitare errori costosi e concentrarsi su iniziative ad alto impatto che guidano la crescita.<\/span><\/p>\n\n\n\n<p><b>Risparmio di tempo:<\/b><span style=\"font-weight: 400;\">&nbsp;<\/span><\/p>\n\n\n\n<p><span style=\"font-weight: 400;\">L&#039;esperienza e le risorse di SIS International consentono alle aziende di condurre ricerche di mercato in modo pi\u00f9 efficiente. Le nostre analisi complete e raccomandazioni strategiche fanno risparmiare tempo e fatica alle aziende, consentendo loro di concentrarsi sulle operazioni principali e sulle iniziative strategiche.<\/span><\/p>\n\n\n\n<p><b>Crescita accelerata e innovazione:<\/b><span style=\"font-weight: 400;\">&nbsp;<\/span><\/p>\n\n\n\n<p><span style=\"font-weight: 400;\">Sfruttando i servizi di ricerca di mercato SIS, le aziende possono stare al passo con le tendenze del mercato e promuovere l&#039;innovazione. Le nostre conoscenze sulle opportunit\u00e0 emergenti e sulle esigenze dei consumatori guidano lo sviluppo di nuovi prodotti e servizi che alimentano la crescita e migliorano la competitivit\u00e0.<\/span><\/p>\n\n\n\n<p><b>ROI migliorato:<\/b><span style=\"font-weight: 400;\">&nbsp;<\/span><\/p>\n\n\n\n<p><span style=\"font-weight: 400;\">Le nostre ricerche di mercato a Boston offrono alle aziende un elevato ritorno sull&#039;investimento fornendo informazioni utili che guidano il processo decisionale strategico. Le aziende possono ottimizzare il marketing, lo sviluppo del prodotto e le strategie operative per ottenere risultati migliori e una maggiore redditivit\u00e0.<\/span><\/p>\n\n\n\n<h2 class=\"wp-block-heading\">Informazioni sulle ricerche di mercato a Boston<\/h2>\n\n\n\n<p><a href=\"https:\/\/www.sisinternational.com\/it\/\"><span style=\"font-weight: 400;\">SIS Internazionale<\/span><\/a> provides full-service solutions in Consumer, B2B, Industrial, Healthcare, and other industries. We offer Focus Groups, Customer Interviews, Ethnography, Surveys, Online Communities, Competitive Analysis, and <a href=\"https:\/\/www.sisinternational.com\/it\/copertura\/le-americhe\/copertura-degli-stati-uniti\/ricerche-di-mercato-guam\/\" title=\"Ricerche di mercato a Guam\" data-wpil-monitor-id=\"4245\">Ricerca sulle opportunit\u00e0 di mercato<\/a>. SIS can help you stay competitive by delivering full insight into the business landscape.<\/p>\n\n\n\n<p><\/p>\n\n\n\n<h2 class=\"wp-block-heading\">&nbsp;<\/h2>","protected":false},"excerpt":{"rendered":"<p>Boston \u00e8 stata definita una citt\u00e0 globale per via del suo fiorente settore tecnologico e della sua forte economia. <\/p>","protected":false},"author":1,"featured_media":66602,"parent":19303,"menu_order":3,"comment_status":"closed","ping_status":"closed","template":"","meta":{"footnotes":""},"class_list":["post-16467","page","type-page","status-publish","has-post-thumbnail"],"_links":{"self":[{"href":"https:\/\/www.sisinternational.com\/it\/wp-json\/wp\/v2\/pages\/16467","targetHints":{"allow":["GET"]}}],"collection":[{"href":"https:\/\/www.sisinternational.com\/it\/wp-json\/wp\/v2\/pages"}],"about":[{"href":"https:\/\/www.sisinternational.com\/it\/wp-json\/wp\/v2\/types\/page"}],"author":[{"embeddable":true,"href":"https:\/\/www.sisinternational.com\/it\/wp-json\/wp\/v2\/users\/1"}],"replies":[{"embeddable":true,"href":"https:\/\/www.sisinternational.com\/it\/wp-json\/wp\/v2\/comments?post=16467"}],"version-history":[{"count":13,"href":"https:\/\/www.sisinternational.com\/it\/wp-json\/wp\/v2\/pages\/16467\/revisions"}],"predecessor-version":[{"id":78329,"href":"https:\/\/www.sisinternational.com\/it\/wp-json\/wp\/v2\/pages\/16467\/revisions\/78329"}],"up":[{"embeddable":true,"href":"https:\/\/www.sisinternational.com\/it\/wp-json\/wp\/v2\/pages\/19303"}],"wp:featuredmedia":[{"embeddable":true,"href":"https:\/\/www.sisinternational.com\/it\/wp-json\/wp\/v2\/media\/66602"}],"wp:attachment":[{"href":"https:\/\/www.sisinternational.com\/it\/wp-json\/wp\/v2\/media?parent=16467"}],"curies":[{"name":"wp","href":"https:\/\/api.w.org\/{rel}","templated":true}]}}