{"id":16424,"date":"2015-06-11T01:06:49","date_gmt":"2015-06-11T01:06:49","guid":{"rendered":"https:\/\/www.sisinternational.com\/?page_id=16424"},"modified":"2026-01-27T16:44:18","modified_gmt":"2026-01-27T21:44:18","slug":"societa-di-ricerche-di-mercato-di-los-angeles","status":"publish","type":"page","link":"https:\/\/www.sisinternational.com\/it\/copertura\/north-america\/copertura-degli-stati-uniti\/societa-di-ricerche-di-mercato-di-los-angeles\/","title":{"rendered":"Societ\u00e0 di ricerche di mercato di Los Angeles"},"content":{"rendered":"<h1 class=\"wp-block-heading\">Societ\u00e0 di ricerche di mercato di Los Angeles<\/h1>\n\n\n\n<figure class=\"gb-block-image gb-block-image-d7ac7180\"><img loading=\"lazy\" decoding=\"async\" width=\"1456\" height=\"816\" class=\"gb-image gb-image-d7ac7180\" src=\"https:\/\/www.sisinternational.com\/wp-content\/uploads\/2025\/09\/Los-Angeles-3.jpg\" srcset=\"https:\/\/www.sisinternational.com\/wp-content\/uploads\/2025\/09\/Los-Angeles-3.jpg 1456w, https:\/\/www.sisinternational.com\/wp-content\/uploads\/2025\/09\/Los-Angeles-3-300x168.jpg 300w, https:\/\/www.sisinternational.com\/wp-content\/uploads\/2025\/09\/Los-Angeles-3-1024x574.jpg 1024w, https:\/\/www.sisinternational.com\/wp-content\/uploads\/2025\/09\/Los-Angeles-3-768x430.jpg 768w, https:\/\/www.sisinternational.com\/wp-content\/uploads\/2025\/09\/Los-Angeles-3-18x10.jpg 18w\" sizes=\"auto, (max-width: 1456px) 100vw, 1456px\" alt=\"Ricerca e strategia di mercato internazionale SIS\"><\/figure>\n\n\n\n<p><\/p>\n\n\n\n<h3 class=\"wp-block-heading\">In che modo una societ\u00e0 di ricerche di mercato di alto livello di Los Angeles pu\u00f2 aiutarti a ottenere il vantaggio competitivo necessario per avere successo in uno dei mercati pi\u00f9 dinamici del mondo?<\/h3>\n\n\n\n<p>La nostra societ\u00e0 di ricerche di mercato diversificata e altamente qualificata di Los Angeles fornisce strategia aziendale a servizio completo, ricerca di prodotti, test di prodotto, strategia di vendita, comportamento dei consumatori e soluzioni di consulenza su misura che portano risultati tangibili per i nostri clienti. Comprendiamo le esigenze dei clienti nazionali e internazionali e abbiamo un&#039;affinit\u00e0 nel far funzionare i metodi di ricerca primaria e secondaria per le aziende di Los Angeles.<\/p>\n\n\n\n<h2 class=\"wp-block-heading\">Cosa distingue SIS come azienda leader nelle ricerche di mercato di Los Angeles?<\/h2>\n\n\n\n<p>The value of specialized local knowledge is key in the sprawling urban expanse of Los Angeles, where industries as diverse as entertainment, technology, and manufacturing intersect. SIS International is a best-in-class Los Angeles <a href=\"https:\/\/www.sisinternational.com\/it\/societa-di-ricerche-di-mercato-multilingue\/\" title=\"Societ\u00e0 multilingue di ricerche di mercato e di ricerca strategica\"  data-wpil-monitor-id=\"1958\">market research firm<\/a> that leverages deep regional insights and global experience. Our firm&#8217;s unique approach involves a blend of advanced analytics, bespoke research methodologies, and real-time data collection that are specifically tailored to the nuances of the Los Angeles marketplace.<\/p>\n\n\n\n<p>In primo luogo, SIS International utilizza una tecnologia all&#039;avanguardia per raccogliere e analizzare i dati, garantendo che i nostri clienti ricevano le informazioni pi\u00f9 accurate e utilizzabili. Ci\u00f2 include l\u2019utilizzo di analisi basate sull\u2019intelligenza artificiale e sofisticati strumenti di visualizzazione dei dati che danno vita a set di dati complessi. Inoltre, il nostro team \u00e8 composto da esperti che eccellono nella ricerca quantitativa e qualitativa e hanno una conoscenza approfondita del panorama economico e dell&#039;ambiente culturale di Los Angeles.<\/p>\n\n\n\n<p>Inoltre, l&#039;impegno di SIS International per l&#039;innovazione nelle ricerche di mercato di Los Angeles ci consente di anticipare le tendenze e i cambiamenti del mercato piuttosto che limitarsi a reagire ad essi. Questo approccio proattivo consente ai nostri clienti di stare al passo con i tempi, prendendo decisioni strategiche che sfruttano le opportunit\u00e0 emergenti.<\/p>\n\n\n\n<h2 class=\"wp-block-heading\">Vantaggi di assumere una delle migliori societ\u00e0 di ricerche di mercato di Los Angeles come SIS<\/h2>\n\n\n\n<h4 class=\"wp-block-heading\">Una societ\u00e0 di ricerche di mercato di Los Angeles \u00e8 la tua porta d&#039;accesso per comprendere questo mercato unico, fornendoti gli strumenti e le informazioni necessarie per eccellere.<\/h4>\n\n\n\n<p>Choosing a top Los Angeles <a href=\"https:\/\/www.sisinternational.com\/it\/competenza\/industrie\/ricerche-di-mercato-di-societa-di-design\/\" title=\"Ricerche di mercato per societ\u00e0 di design\"  data-wpil-monitor-id=\"5599\">market research firm<\/a> like ours offers many benefits that extend far beyond basic market understanding. Our comprehensive services enable businesses to identify and fully exploit the potential within the Los Angeles market.<\/p>\n\n\n\n<p><strong>Approfondimenti localizzati per strategie mirate<\/strong>:<\/p>\n\n\n\n<ul class=\"wp-block-list\">\n<li>La nostra azienda fornisce approfondimenti mirati specifici per l&#039;area di Los Angeles, consentendo alle aziende di sviluppare strategie mirate in sintonia con i dati demografici locali. Questo approccio localizzato \u00e8 fondamentale in una citt\u00e0 nota per la sua base di consumatori diversificata e in evoluzione.<\/li>\n<\/ul>\n\n\n\n<p><strong>Vantaggio competitivo attraverso Advanced Analytics<\/strong>:<\/p>\n\n\n\n<ul class=\"wp-block-list\">\n<li>SIS International utilizza tecniche analitiche avanzate per analizzare le dinamiche del mercato e il comportamento dei consumatori. Questa profondit\u00e0 di analisi offre ai clienti un vantaggio competitivo, poich\u00e9 possono anticipare i cambiamenti nelle preferenze dei consumatori e nelle condizioni di mercato pi\u00f9 velocemente dei loro concorrenti.<\/li>\n<\/ul>\n\n\n\n<p><strong>Soluzioni personalizzate per diversi settori<\/strong>:<\/p>\n\n\n\n<ul class=\"wp-block-list\">\n<li>Che tu operi nel settore dell&#039;intrattenimento, della tecnologia o della produzione, la nostra ricerca \u00e8 personalizzata per soddisfare le sfide e le opportunit\u00e0 specifiche del tuo settore. Questo approccio su misura garantisce che le strategie siano efficaci e pertinenti al contesto aziendale.<\/li>\n<\/ul>\n\n\n\n<p><strong>Partnership a lungo termine per una crescita continua<\/strong>:<\/p>\n\n\n\n<ul class=\"wp-block-list\">\n<li>Il nostro impegno non si esaurisce con un singolo progetto. SIS International crede nella costruzione di partnership a lungo termine e nella fornitura di analisi e supporto continui per aiutare le aziende ad adattarsi e crescere continuamente nel mercato di Los Angeles.<\/li>\n<\/ul>\n\n\n\n<h2 class=\"wp-block-heading\">Chi ha bisogno di una societ\u00e0 di ricerche di mercato di Los Angeles per entrare con successo nel mercato?<\/h2>\n\n\n\n<p>Entrare nel mercato di Los Angeles presenta sfide e opportunit\u00e0 uniche che variano in modo significativo tra i diversi settori. Una societ\u00e0 di ricerche di mercato di Los Angeles come SIS International \u00e8 fondamentale per qualsiasi azienda, siano esse start-up, aziende di medie dimensioni o grandi aziende, che mirano a navigare con successo in questo panorama complesso.<\/p>\n\n\n\n<p><strong>Startup e nuovi entranti<\/strong>:<\/p>\n\n\n\n<ul class=\"wp-block-list\">\n<li>Comprendere il comportamento dei consumatori locali, i livelli di concorrenza e il contesto normativo \u00e8 vitale per le startup. Siamo in grado di fornire queste informazioni, riducendo in modo significativo i rischi associati all\u2019ingresso in un nuovo mercato e aiutando a mettere a punto le offerte di prodotti e le strategie di marketing in base ai gusti e alle preferenze locali.<\/li>\n<\/ul>\n\n\n\n<p><strong>Aziende di medie dimensioni che cercano di espandersi<\/strong>:<\/p>\n\n\n\n<ul class=\"wp-block-list\">\n<li>Le aziende di medie dimensioni possono trarre vantaggio da un&#039;analisi di mercato dettagliata per identificare opportunit\u00e0 di crescita nell&#039;area di Los Angeles. Che si tratti di esplorare nuovi segmenti demografici o di espandersi in nuove linee di prodotti, una ricerca dettagliata aiuta a garantire che gli sforzi di espansione siano ben mirati ed efficaci.<\/li>\n<\/ul>\n\n\n\n<p><strong>Grandi aziende che cercano di consolidarsi<\/strong>:<\/p>\n\n\n\n<ul class=\"wp-block-list\">\n<li>Una ricerca di mercato completa \u00e8 essenziale per le grandi aziende per consolidare la propria presenza e ottimizzare le operazioni. Studi approfonditi sulla logistica della catena di fornitura, sull\u2019analisi della concorrenza e sulla soddisfazione dei consumatori possono aiutare queste aziende a mantenere un vantaggio competitivo in un mercato saturo.<\/li>\n<\/ul>\n\n\n\n<p><strong>Le imprese internazionali esplorano l\u2019ingresso negli Stati Uniti<\/strong>:<\/p>\n\n\n\n<ul class=\"wp-block-list\">\n<li>International companies considering entry into the U.S. <a href=\"https:\/\/www.sisinternational.com\/it\/opinione-sul-prodotto-approfondimenti-culturali-dallasia-alleuropa-ingresso-nel-mercato\/\" title=\"Ricerca sull&#039;ingresso nel mercato automobilistico | Argomento di studio\"  data-wpil-monitor-id=\"7051\">market through Los Angeles<\/a> will find a market research firm invaluable for understanding cultural nuances and local business practices. This insight is critical for adapting products and services to fit the local market and navigating the complex regulatory landscape.<\/li>\n<\/ul>\n\n\n\n<h2 class=\"wp-block-heading\">Comprendiamo il potere economico di Los Angeles.<\/h2>\n\n\n\n<p>Il mercato di Los Angeles tende verso l\u2019analisi, il cloud computing, i big data e la mobilit\u00e0. Anche gli strumenti di social networking e di collaborazione stanno avendo un impatto. Queste tecnologie emergenti stanno rapidamente cambiando il mercato di Los Angeles, influenzando il modo in cui gli abitanti della citt\u00e0 lavorano, si collegano, raccolgono informazioni tattiche e prendono decisioni.<\/p>\n\n\n\n<p>Inoltre, la globalizzazione sta cambiando e ampliando le prospettive di mercato del settore dei media in fase di recente convergenza, mentre la digitalizzazione sta cambiando il modo in cui i contenuti \u2013 informazioni, notizie e contenuti registrati \u2013 vengono prodotti e distribuiti, causando sezioni dei media precedentemente divergenti e l\u2019industria dell\u2019intrattenimento a riunirsi in un unico mezzo.<\/p>\n\n\n\n<h4 class=\"wp-block-heading\">La collaborazione con un\u2019esperta societ\u00e0 di ricerche di mercato di Los Angeles pu\u00f2 essere la chiave per sbloccare potenziali opportunit\u00e0 di business e affrontare le complessit\u00e0 di questo vivace centro economico?<\/h4>\n\n\n\n<p>Absolutely! Partnering with a seasoned Los Angeles market <a href=\"https:\/\/www.sisinternational.com\/it\/competenza\/industrie\/ricerca-estrema-sulla-persona\/\" title=\"Ricerca estrema sulle persone\"  data-wpil-monitor-id=\"3378\">research firm can be extremely<\/a> helpful for businesses aiming to unlock potential opportunities and navigate the complexities of this energetic economic hub.<\/p>\n\n\n\n<p>Collaborando con un\u2019azienda specializzata in ricerche di mercato di Los Angeles, le aziende possono trarre vantaggio da analisi dei dati su misura, intelligence competitiva e approfondimenti sui consumatori specifici per il contesto regionale.<\/p>\n\n\n\n<h2 class=\"wp-block-heading\">Metodi di ricerca di mercato<\/h2>\n\n\n\n<h4 class=\"wp-block-heading\">Nel vivace panorama economico di Los Angeles, ogni decisione aziendale strategica conta... Collaborare con un&#039;azienda leader di ricerche di mercato di Los Angeles offre molto pi\u00f9 che semplici dati; fornisce una tabella di marcia per navigare nelle complessit\u00e0 del mercato.<\/h4>\n\n\n\n<ul class=\"wp-block-list\">\n<li>Focus group on-line<\/li>\n\n\n\n<li>Videointerviste<\/li>\n\n\n\n<li>Interviste teleprofondite<\/li>\n\n\n\n<li>Sondaggi<\/li>\n\n\n\n<li>Intercettazioni<\/li>\n\n\n\n<li>Interviste faccia a faccia<\/li>\n<\/ul>\n\n\n\n<h2 class=\"wp-block-heading\">Aree che serviamo a Los Angeles<\/h2>\n\n\n\n<p>La portata e l&#039;esperienza di SIS International abbracciano l&#039;intera area di Los Angeles, garantendo che, indipendentemente da dove si trova la tua attivit\u00e0 o desideri espanderti all&#039;interno della regione, siamo coperti. La nostra societ\u00e0 di ricerche di mercato di Los Angeles \u00e8 posizionata strategicamente per servire una vasta gamma di settori in tutti i quartieri e distretti chiave, fornendo approfondimenti completi che soddisfano le esigenze specifiche di ciascuna area.<\/p>\n\n\n\n<p><strong>Il centro di Los Angeles<\/strong>: Nel cuore della citt\u00e0, i nostri servizi aiutano le aziende a entrare nei mercati in espansione influenzati dall&#039;alta finanza, dalle startup tecnologiche e dalle industrie creative. Offriamo approfondimenti sulle tendenze dei consumatori e sulle dinamiche aziendali che plasmano il futuro del centro di Los Angeles.<\/p>\n\n\n\n<p><strong>Spiaggia del silicio<\/strong>: Silicon Beach is a critical area for tech-focused businesses. Our firm provides targeted <a href=\"https:\/\/www.sisinternational.com\/it\/competenza\/industrie\/ricerche-di-mercato-botaniche\/\" title=\"Ricerche di mercato in botanica\"  data-wpil-monitor-id=\"4259\">research that helps tech companies understand market<\/a> entry strategies, competitive landscape, and consumer technology adoption rates.<\/p>\n\n\n\n<p><strong>Distretti di Hollywood e dell&#039;intrattenimento<\/strong>: In quanto hub globale dell&#039;intrattenimento, quest&#039;area richiede un approccio unico alla ricerca di mercato. La nostra esperienza aiuta le aziende di intrattenimento e media a orientarsi tra le preferenze del pubblico, il lancio di prodotti e le strategie promozionali.<\/p>\n\n\n\n<p><strong>Valle di San Fernando<\/strong>: Nota per i suoi settori industriali e manifatturieri, la Valle beneficia delle nostre analisi di mercato sulle tendenze di produzione, sulla logistica della catena di fornitura e sui mercati di consumo locali.<\/p>\n\n\n\n<p><strong>Lato ovest<\/strong>: The affluent neighborhoods of the Westside are ideal for <a href=\"https:\/\/www.sisinternational.com\/it\/sconti-presso-rivenditori-super-lusso\/\" title=\"Sconti presso i rivenditori di lusso\"  data-wpil-monitor-id=\"7536\">luxury brands and high-end retail<\/a>. Our research assists businesses in understanding the purchasing patterns, lifestyle preferences, and demographic shifts that influence market opportunities in these areas.<\/p>\n\n\n\n<p><strong>South LA e citt\u00e0 gateway<\/strong>: South LA e le Gateway Cities offrono opportunit\u00e0 uniche per le aziende che guardano a mercati pi\u00f9 diversificati ed emergenti. La nostra ricerca si concentra sulle tendenze demografiche, sullo sviluppo economico e sugli approfondimenti della comunit\u00e0 essenziali per le aziende che mirano ad avere un impatto positivo.<\/p>\n\n\n\n<p>Coprendo ogni angolo di Los Angeles, SIS International garantisce che ovunque tu sia o intendi essere, i nostri servizi di ricerche di mercato forniranno le informazioni e la guida necessarie per prosperare in questa citt\u00e0 dinamica.<\/p>\n\n\n\n<h2 class=\"wp-block-heading\">Informazioni sulle ricerche di mercato a Los Angeles<\/h2>\n\n\n\n<p><a href=\"https:\/\/www.linkedin.com\/company\/sisinternationalresearch\/\" target=\"_blank\" rel=\"noopener\"><span style=\"font-weight: 400;\">SIS Internazionale<\/span><\/a>, una societ\u00e0 di ricerche di mercato di Los Angeles, fornisce soluzioni a servizio completo nei settori consumer, B2B, industriale, sanitario e altri. Fornendo una visione completa dell\u2019intero panorama aziendale, <a href=\"https:\/\/www.sisinternational.com\/it\/sulla-sua-ricerca-internazionale\/contact-sis-international-market-research\/\">SIS<\/a> pu\u00f2 aiutarti a rimanere competitivo.<\/p>\n\n\n\n<h2 class=\"wp-block-heading\">&nbsp;<\/h2>","protected":false},"excerpt":{"rendered":"<p>SIS International, una societ\u00e0 di ricerche di mercato di Los Angeles, fornisce soluzioni a servizio completo nei settori consumer, B2B, industriale, sanitario e automobilistico.<\/p>","protected":false},"author":1,"featured_media":66625,"parent":19303,"menu_order":2,"comment_status":"closed","ping_status":"closed","template":"","meta":{"footnotes":""},"class_list":["post-16424","page","type-page","status-publish","has-post-thumbnail"],"_links":{"self":[{"href":"https:\/\/www.sisinternational.com\/it\/wp-json\/wp\/v2\/pages\/16424","targetHints":{"allow":["GET"]}}],"collection":[{"href":"https:\/\/www.sisinternational.com\/it\/wp-json\/wp\/v2\/pages"}],"about":[{"href":"https:\/\/www.sisinternational.com\/it\/wp-json\/wp\/v2\/types\/page"}],"author":[{"embeddable":true,"href":"https:\/\/www.sisinternational.com\/it\/wp-json\/wp\/v2\/users\/1"}],"replies":[{"embeddable":true,"href":"https:\/\/www.sisinternational.com\/it\/wp-json\/wp\/v2\/comments?post=16424"}],"version-history":[{"count":11,"href":"https:\/\/www.sisinternational.com\/it\/wp-json\/wp\/v2\/pages\/16424\/revisions"}],"predecessor-version":[{"id":81162,"href":"https:\/\/www.sisinternational.com\/it\/wp-json\/wp\/v2\/pages\/16424\/revisions\/81162"}],"up":[{"embeddable":true,"href":"https:\/\/www.sisinternational.com\/it\/wp-json\/wp\/v2\/pages\/19303"}],"wp:featuredmedia":[{"embeddable":true,"href":"https:\/\/www.sisinternational.com\/it\/wp-json\/wp\/v2\/media\/66625"}],"wp:attachment":[{"href":"https:\/\/www.sisinternational.com\/it\/wp-json\/wp\/v2\/media?parent=16424"}],"curies":[{"name":"wp","href":"https:\/\/api.w.org\/{rel}","templated":true}]}}