{"id":16318,"date":"2015-06-09T17:08:56","date_gmt":"2015-06-09T17:08:56","guid":{"rendered":"https:\/\/www.sisinternational.com\/?page_id=16318"},"modified":"2025-09-08T12:40:04","modified_gmt":"2025-09-08T16:40:04","slug":"ricerche-di-mercato-con-focus-group","status":"publish","type":"page","link":"https:\/\/www.sisinternational.com\/it\/soluzioni\/ricerche-di-mercato-con-focus-group\/","title":{"rendered":"Focus Group Ricerche di mercato"},"content":{"rendered":"<p><\/p>\n\n\n\n<h1 class=\"gb-headline gb-headline-c69d8229 gb-headline-text\">                              Focus Group Ricerche di mercato<\/h1>\n\n\n\n<p><\/p>\n\n\n<div class=\"gb-container gb-container-2a916115\">\n\n<figure class=\"gb-block-image gb-block-image-508fcfd7\"><img loading=\"lazy\" decoding=\"async\" width=\"1456\" height=\"816\" class=\"gb-image gb-image-508fcfd7\" src=\"https:\/\/www.sisinternational.com\/wp-content\/uploads\/2025\/08\/Focus-group-meeting-8.jpg\" alt=\"Ricerca e strategia di mercato internazionale SIS\" title=\"Focus group &amp; meeting (8)\" srcset=\"https:\/\/www.sisinternational.com\/wp-content\/uploads\/2025\/08\/Focus-group-meeting-8.jpg 1456w, https:\/\/www.sisinternational.com\/wp-content\/uploads\/2025\/08\/Focus-group-meeting-8-300x168.jpg 300w, https:\/\/www.sisinternational.com\/wp-content\/uploads\/2025\/08\/Focus-group-meeting-8-1024x574.jpg 1024w, https:\/\/www.sisinternational.com\/wp-content\/uploads\/2025\/08\/Focus-group-meeting-8-768x430.jpg 768w, https:\/\/www.sisinternational.com\/wp-content\/uploads\/2025\/08\/Focus-group-meeting-8-18x10.jpg 18w\" sizes=\"auto, (max-width: 1456px) 100vw, 1456px\"><\/figure>\n\n\n\n<hr class=\"wp-block-separator has-alpha-channel-opacity is-style-dots\"\/>\n\n\n\n<p>Focus group Le ricerche di mercato e le interviste approfondite sono uno degli aspetti pi\u00f9 integrali del&nbsp;<a href=\"https:\/\/smallbusiness.chron.com\/focus-group-research-method-17464.html\" target=\"_blank\" rel=\"noreferrer noopener\">ricerca di mercato qualitativa di successo<\/a>. Lo screening delle potenziali reclute e l&#039;estrazione delle persone target da invitare a partecipare sono componenti chiave che possono prevedere la qualit\u00e0 del colloquio e inevitabilmente della ricerca.<\/p>\n\n\n\n<p>The question remains: how and where do you find the right target people? What makes a good respondent? Aside from passing a screening questionnaire, what else demonstrates a genuine respondent? Recruiting potential candidates for studies can be more art than a science.<\/p>\n\n\n\n<h1 class=\"gb-headline gb-headline-a428afc0 gb-headline-text\"><strong>Chi reclutiamo per focalizzare le ricerche di mercato del gruppo<\/strong><\/h1>\n\n\n\n<p>We recruit for Focus Groups, Online Communities, In-Depth Interviews, Dyads, Triads, <a href=\"https:\/\/www.sisinternational.com\/it\/soluzioni\/soluzioni-di-ricerca-quantitativa-qualitativa\/test-di-posizione-centrale-vs-focus-group\/\" title=\"Test di posizione centrale vs focus group\" data-wpil-monitor-id=\"11009\">Test di posizione centrale<\/a>, Car Clinics, Product Tests, and some Quantitative research projects.<\/p>\n\n\n\n<p>For each study, we are given a profile of the person we are looking for, in addition to a screening questionnaire.<\/p>\n\n\n\n<p>A condizione che l&#039;intervistato corrisponda al profilo e risponda a tutte le domande in modo accurato, teoricamente dovrebbe essere una corrispondenza perfetta. In molti casi, una tale strategia pu\u00f2 funzionare bene. Esistono, tuttavia, molti casi in cui il semplice superamento di un questionario di screening non \u00e8 sufficiente per garantire che la recluta sia adatta. Allora cos&#039;altro si pu\u00f2 fare?<\/p>\n\n\n\n<p>Spesso \u00e8 solo questione di leggere tra le righe e sono necessarie capacit\u00e0 di comunicazione per garantire candidati di alta qualit\u00e0.<\/p>\n\n\n\n<h2 class=\"gb-headline gb-headline-8946c37c gb-headline-text\"><strong><strong>Processi di reclutamento del focus group SIS<\/strong><\/strong><\/h2>\n\n\n\n<p>We can use many innovative methods to recruit for our studies, and we tailor our methods to meet each client\u2019s individual needs. We have a custom internal database that we update frequently. People on the database are screened in-depth. One benefit of this is that we can identify potential candidates, then put them through additional screening and evaluate their qualifications for each study.<\/p>\n\n\n\n<p>Other forms of database sampling can include traditional samples as well as other methods such as street intercepts, social media, or custom recruitment outreach. We also have a variety of online social media solutions that can provide high-quality recruits. We then screen those people in-depth several times to ensure they are indeed genuine matches.<\/p>\n\n\n\n<p>To ensure quality, we assign expert <a href=\"https:\/\/www.sisinternational.com\/it\/pubblicazioni\/le-donne-degli-anni-70-e-80-sono-salite-a-livello-dirigenziale\/\" title=\"Come le donne negli anni &#039;70 e &#039;80 sono arrivate al top management\" data-wpil-monitor-id=\"11010\">senior<\/a> fieldwork managers to manage the recruitment process at all times. We often screen recruits several times over a period of time to ensure that they are the right candidates. We have strict policies and oversight concerning our on-site staff. The results from recruitment are centralized on-site so that we can schedule and confirm according to quotas our clients need us to fill.<\/p>\n\n\n\n<h3 class=\"gb-headline gb-headline-47756c1f gb-headline-text\"><strong><strong><strong>Copertura del mercato globale dei servizi sul campo<\/strong><\/strong><\/strong><\/h3>\n\n\n\n<figure class=\"gb-block-image gb-block-image-f7fd4a33\"><img loading=\"lazy\" decoding=\"async\" width=\"1456\" height=\"816\" class=\"gb-image gb-image-f7fd4a33\" src=\"https:\/\/www.sisinternational.com\/wp-content\/uploads\/2025\/08\/Focus-group-meeting-6.jpg\" alt=\"Ricerca e strategia di mercato internazionale SIS\" title=\"Focus group &amp; meeting (6)\" srcset=\"https:\/\/www.sisinternational.com\/wp-content\/uploads\/2025\/08\/Focus-group-meeting-6.jpg 1456w, https:\/\/www.sisinternational.com\/wp-content\/uploads\/2025\/08\/Focus-group-meeting-6-300x168.jpg 300w, https:\/\/www.sisinternational.com\/wp-content\/uploads\/2025\/08\/Focus-group-meeting-6-1024x574.jpg 1024w, https:\/\/www.sisinternational.com\/wp-content\/uploads\/2025\/08\/Focus-group-meeting-6-768x430.jpg 768w, https:\/\/www.sisinternational.com\/wp-content\/uploads\/2025\/08\/Focus-group-meeting-6-18x10.jpg 18w\" sizes=\"auto, (max-width: 1456px) 100vw, 1456px\"><\/figure>\n\n\n\n<p><\/p>\n\n\n\n<p><strong>I mercati chiave per il reclutamento dei Focus Group includono le seguenti citt\u00e0:<\/strong><\/p>\n\n\n<div class=\"gb-container gb-container-f1fa9d7a\">\n<div class=\"gb-container gb-container-867bfa70\">\n\n<ul class=\"wp-block-list\">\n<li>Amsterdam<\/li>\n\n\n\n<li>Atene<\/li>\n\n\n\n<li>Auckland<\/li>\n\n\n\n<li>Bangkok<\/li>\n\n\n\n<li>Barcellona<\/li>\n\n\n\n<li>Pechino<\/li>\n\n\n\n<li>Berlino<\/li>\n\n\n\n<li>Bogot\u00e0<\/li>\n\n\n\n<li>Bratislava<\/li>\n\n\n\n<li>Bruxelles<\/li>\n\n\n\n<li>Bucarest<\/li>\n\n\n\n<li>Budapest<\/li>\n\n\n\n<li>Buenos Aires<\/li>\n\n\n\n<li>Cairo<\/li>\n\n\n\n<li>Caracas<\/li>\n\n\n\n<li>Chicago<\/li>\n\n\n\n<li>Copenaghen<\/li>\n\n\n\n<li>Delhi<\/li>\n\n\n\n<li>Doha<\/li>\n\n\n\n<li>Dubai<\/li>\n\n\n\n<li>Dublino<\/li>\n\n\n\n<li>Francoforte<\/li>\n\n\n\n<li>Ginevra<\/li>\n\n\n\n<li>Helsinki<\/li>\n<\/ul>\n\n<\/div>\n\n<div class=\"gb-container gb-container-a4dc722a\">\n\n<ul class=\"wp-block-list\">\n<li>Hong Kong<\/li>\n\n\n\n<li>Hangzhou<\/li>\n\n\n\n<li>Istanbul<\/li>\n\n\n\n<li>Giacarta<\/li>\n\n\n\n<li>Johannesburg<\/li>\n\n\n\n<li>Kiev<\/li>\n\n\n\n<li>Kualar Lumpur<\/li>\n\n\n\n<li>Lima<\/li>\n\n\n\n<li>Lisbona<\/li>\n\n\n\n<li>Lubiana<\/li>\n\n\n\n<li>Londra<\/li>\n\n\n\n<li>Londra<\/li>\n\n\n\n<li>Los Angeles<\/li>\n\n\n\n<li>Madrid<\/li>\n\n\n\n<li>manila<\/li>\n\n\n\n<li>citt\u00e0 del Messico<\/li>\n\n\n\n<li>Miami<\/li>\n\n\n\n<li>Milano<\/li>\n\n\n\n<li>Montreal<\/li>\n\n\n\n<li>Mosca<\/li>\n\n\n\n<li>Bombay<\/li>\n\n\n\n<li>Monaco<\/li>\n\n\n\n<li>New York City<\/li>\n<\/ul>\n\n<\/div>\n\n<div class=\"gb-container gb-container-bb623013\">\n\n<ul class=\"wp-block-list\">\n<li>Nicosia<\/li>\n\n\n\n<li>Oslo<\/li>\n\n\n\n<li>Parigi<\/li>\n\n\n\n<li>Praga<\/li>\n\n\n\n<li>Riga<\/li>\n\n\n\n<li><a href=\"https:\/\/www.sisinternational.com\/it\/copertura\/le-americhe\/ricerche-di-mercato-in-america-latina\/ricerche-di-mercato-rio-de-janeiro\/\" title=\"Ricerche di mercato a Rio de Janeiro\" data-wpil-monitor-id=\"11011\">Rio de Janeiro<\/a><\/li>\n\n\n\n<li>Roma<\/li>\n\n\n\n<li>Santiago<\/li>\n\n\n\n<li>San Paolo<\/li>\n\n\n\n<li>Seul<\/li>\n\n\n\n<li>Shangai<\/li>\n\n\n\n<li>Sofia<\/li>\n\n\n\n<li>Stoccolma<\/li>\n\n\n\n<li>Sydney<\/li>\n\n\n\n<li>Taipei<\/li>\n\n\n\n<li>Tallinn<\/li>\n\n\n\n<li>tel Aviv<\/li>\n\n\n\n<li>Tokio<\/li>\n\n\n\n<li>Toronto<\/li>\n\n\n\n<li>Vienna<\/li>\n\n\n\n<li>Vilnius<\/li>\n\n\n\n<li>Varsavia<\/li>\n\n\n\n<li>Zurigo<\/li>\n<\/ul>\n\n<\/div>\n<\/div>\n\n\n<h2 class=\"wp-block-heading\">Specialit\u00e0 di ricerca di mercato del focus group evidenziate<\/h2>\n\n\n<div class=\"gb-container gb-container-0c51f13f\">\n<div class=\"gb-container gb-container-7d4c8f78\">\n\n<ul class=\"wp-block-list\">\n<li>Livello C<\/li>\n\n\n\n<li>Badante<\/li>\n\n\n\n<li>Consumatori<\/li>\n\n\n\n<li>Decision Makers<\/li>\n\n\n\n<li>Government&nbsp;officials<\/li>\n\n\n\n<li>Hospital&nbsp;Administrators<\/li>\n\n\n\n<li>Influencer<\/li>\n<\/ul>\n\n<\/div>\n\n<div class=\"gb-container gb-container-5ce24537\">\n\n<ul class=\"wp-block-list\">\n<li>Innovatori<\/li>\n\n\n\n<li>Intendenti<\/li>\n\n\n\n<li>Investitori<\/li>\n\n\n\n<li>ONG<\/li>\n\n\n\n<li>Pazienti<\/li>\n\n\n\n<li>Prosumatori<\/li>\n<\/ul>\n\n<\/div>\n<\/div>\n<\/div>\n\n<h2>La nostra sede a New York<\/h2>\n<p><!-- \/wp:post-content --> <!-- wp:html --> <iframe loading=\"lazy\" src=\"https:\/\/www.google.com\/maps\/embed?pb=!1m18!1m12!1m3!1d3022.976188376966!2d-73.99130312499956!3d40.740549471389315!2m3!1f0!2f0!3f0!3m2!1i1024!2i768!4f13.1!3m3!1m2!1s0x89c259a15798c731%3A0xd695d09bdd495f25!2s11%20E%2022nd%20St%20FL%202%2C%20New%20York%2C%20NY%2010010%2C%20USA!5e0!3m2!1sen!2spe!4v1726171763526!5m2!1sen!2spe\" width=\"600\" height=\"450\" allowfullscreen=\"allowfullscreen\" data-mce-fragment=\"1\"><\/iframe> <!-- \/wp:html --> <!-- wp:paragraph --><\/p>\n<h3 class=\"wp-block-heading\">11 E 22nd Street, Piano 2, New York, NY 10010 T: +1(212) 505-6805<\/h3>\n<hr \/>\n<h2><span style=\"font-weight: 400;\">A proposito di SIS Internazionale<\/span><\/h2>\n<p><a href=\"https:\/\/www.sisinternational.com\/it\/\"><span style=\"font-weight: 400;\">SIS Internazionale<\/span><\/a><span style=\"font-weight: 400;\"> offers Quantitative, Qualitative, and Strategy Research. We provide data, tools, strategies, reports, and insights for decision-making. We also conduct interviews, surveys, focus groups, and other <a href=\"https:\/\/www.sisinternational.com\/it\/quantitative-market-research-methods-and-techniques\/\" title=\"Quantitative Market Research Methods and Techniques\" data-wpil-monitor-id=\"11008\">Market Research methods<\/a> and approaches.<\/span><a href=\"https:\/\/www.sisinternational.com\/it\/sulla-sua-ricerca-internazionale\/contact-sis-international-market-research\/\"><span style=\"font-weight: 400;\"> Contattaci<\/span><\/a><span style=\"font-weight: 400;\"> per il tuo prossimo progetto di ricerca di mercato.<\/span><\/p>\n<\/p>","protected":false},"excerpt":{"rendered":"<p>Forniamo il reclutamento dei rispondenti per focus group, interviste approfondite e ricerche qualitative online.<\/p>","protected":false},"author":1,"featured_media":62670,"parent":14457,"menu_order":9,"comment_status":"closed","ping_status":"open","template":"","meta":{"footnotes":""},"class_list":["post-16318","page","type-page","status-publish","has-post-thumbnail"],"_links":{"self":[{"href":"https:\/\/www.sisinternational.com\/it\/wp-json\/wp\/v2\/pages\/16318","targetHints":{"allow":["GET"]}}],"collection":[{"href":"https:\/\/www.sisinternational.com\/it\/wp-json\/wp\/v2\/pages"}],"about":[{"href":"https:\/\/www.sisinternational.com\/it\/wp-json\/wp\/v2\/types\/page"}],"author":[{"embeddable":true,"href":"https:\/\/www.sisinternational.com\/it\/wp-json\/wp\/v2\/users\/1"}],"replies":[{"embeddable":true,"href":"https:\/\/www.sisinternational.com\/it\/wp-json\/wp\/v2\/comments?post=16318"}],"version-history":[{"count":18,"href":"https:\/\/www.sisinternational.com\/it\/wp-json\/wp\/v2\/pages\/16318\/revisions"}],"predecessor-version":[{"id":81802,"href":"https:\/\/www.sisinternational.com\/it\/wp-json\/wp\/v2\/pages\/16318\/revisions\/81802"}],"up":[{"embeddable":true,"href":"https:\/\/www.sisinternational.com\/it\/wp-json\/wp\/v2\/pages\/14457"}],"wp:featuredmedia":[{"embeddable":true,"href":"https:\/\/www.sisinternational.com\/it\/wp-json\/wp\/v2\/media\/62670"}],"wp:attachment":[{"href":"https:\/\/www.sisinternational.com\/it\/wp-json\/wp\/v2\/media?parent=16318"}],"curies":[{"name":"wp","href":"https:\/\/api.w.org\/{rel}","templated":true}]}}