{"id":16270,"date":"2015-06-08T16:15:11","date_gmt":"2015-06-08T16:15:11","guid":{"rendered":"https:\/\/www.sisinternational.com\/?page_id=16270"},"modified":"2026-03-13T00:59:00","modified_gmt":"2026-03-13T04:59:00","slug":"intelligenza-del-confezionamento","status":"publish","type":"page","link":"https:\/\/www.sisinternational.com\/it\/consumer-market-research-page\/intelligenza-del-confezionamento\/","title":{"rendered":"Consumer Packaging Strategy Solutions"},"content":{"rendered":"<h1 class=\"wp-block-heading\">Consumer Packaging Strategy Solutions<\/h1>\n\n\n\n<figure class=\"gb-block-image gb-block-image-5407c0d7\"><img loading=\"lazy\" decoding=\"async\" width=\"1456\" height=\"816\" class=\"gb-image gb-image-5407c0d7\" src=\"https:\/\/www.sisinternational.com\/wp-content\/uploads\/2025\/08\/Food-packaging-3.jpg\" srcset=\"https:\/\/www.sisinternational.com\/wp-content\/uploads\/2025\/08\/Food-packaging-3.jpg 1456w, https:\/\/www.sisinternational.com\/wp-content\/uploads\/2025\/08\/Food-packaging-3-300x168.jpg 300w, https:\/\/www.sisinternational.com\/wp-content\/uploads\/2025\/08\/Food-packaging-3-1024x574.jpg 1024w, https:\/\/www.sisinternational.com\/wp-content\/uploads\/2025\/08\/Food-packaging-3-768x430.jpg 768w, https:\/\/www.sisinternational.com\/wp-content\/uploads\/2025\/08\/Food-packaging-3-18x10.jpg 18w\" sizes=\"auto, (max-width: 1456px) 100vw, 1456px\" alt=\"Ricerca e strategia di mercato internazionale SIS\"><\/figure>\n\n\n\n<p><\/p>\n\n\n\n<h2 class=\"wp-block-heading\">La strategia di packaging \u00e8 un processo attraverso il quale ci si tiene al passo con i cambiamenti del packaging e si formulano strategie che creano un vantaggio competitivo.<\/h2>\n\n\n\n<p>Packaging is one of the most important factors in the purchasing process.&nbsp; It is often referred to as the last 10 seconds on purchasing, as customers choose make split second decision based on packaging.&nbsp; Poor packaging can ruin a product, its appeal, and ultimately, its sales.<\/p>\n\n\n\n<p>Paper or plastic?&nbsp;If only all packaging decisions were reduced to such a binary option!&nbsp; For a <a href=\"https:\/\/www.sisinternational.com\/it\/competenza\/curriculum-di-esperienza\/ricerche-di-mercato-sui-prodotti-per-la-cura-personale\/\" title=\"Ricerche di mercato sui prodotti per la cura personale\"  data-wpil-monitor-id=\"9052\">product manager or marketing<\/a> team, there are a multitude of variables that enter into even the most basic of packaging decisions.<\/p>\n\n\n\n<p>Il packaging pu\u00f2 essere uno degli aspetti meno compresi e sottovalutati del successo o del fallimento di un prodotto. \u00c8 anche uno dei settori pi\u00f9 dinamici e stimolanti per le aziende che vendono un prodotto.<\/p>\n\n\n\n<h2 class=\"wp-block-heading p1\"><span class=\"s1\">Ecco un esempio di cosa pu\u00f2 fare un packaging di successo:<\/span><\/h2>\n\n\n\n<ul class=\"wp-block-list\">\n<li><strong>Attira i clienti<\/strong>\n<ul class=\"wp-block-list\">\n<li>colori<\/li>\n\n\n\n<li>forme distintive<\/li>\n\n\n\n<li>dimensioni<\/li>\n\n\n\n<li>mostrare il prodotto \u2013 distinguerlo dagli altri<\/li>\n<\/ul>\n<\/li>\n\n\n\n<li><strong>Stabilisci un&#039;immagine<\/strong>\n<ul class=\"wp-block-list\">\n<li>High tech<\/li>\n\n\n\n<li>lungimiranza<\/li>\n\n\n\n<li>preoccupato per l&#039;ambiente<\/li>\n<\/ul>\n<\/li>\n\n\n\n<li><strong>Rendi un prodotto pi\u00f9 facile da usare <\/strong>\n<ul class=\"wp-block-list\">\n<li>apertura<\/li>\n\n\n\n<li>versando<\/li>\n\n\n\n<li>misurazione<\/li>\n<\/ul>\n<\/li>\n<\/ul>\n\n\n\n<ul class=\"wp-block-list\">\n<li><strong>Rendilo pi\u00f9 facile da trasportare o maneggiare<\/strong>\n<ul class=\"wp-block-list\">\n<li>materiali antiscivolo<\/li>\n\n\n\n<li>impugnature<\/li>\n\n\n\n<li>rientranze<\/li>\n<\/ul>\n<\/li>\n\n\n\n<li><strong>Fornire una sensazione piacevole e confortevole nelle mani dell&#039;utente<\/strong><\/li>\n\n\n\n<li><strong>Prolungare la durata di conservazione: proteggere il prodotto\/il contenuto da luce, acqua, calore, rotture, ecc.<\/strong><\/li>\n\n\n\n<li><strong>Trasmettere informazioni vitali <\/strong>\n<ul class=\"wp-block-list\">\n<li>immagini<\/li>\n\n\n\n<li>ingredienti, materiali contenuti nel prodotto<\/li>\n\n\n\n<li>avvertimenti<\/li>\n\n\n\n<li>indicazioni per un corretto utilizzo<\/li>\n\n\n\n<li>Riduci i costi di spedizione (impilabile, pi\u00f9 leggero)<\/li>\n<\/ul>\n<\/li>\n\n\n\n<li><strong>Essere brevettati e creare una barriera all\u2019ingresso<\/strong><\/li>\n\n\n\n<li><strong>Essere prodotto a un costo ragionevole<\/strong><\/li>\n<\/ul>\n\n\n\n<p class=\"p1\"><strong><span class=\"s1\">In sintesi, un buon pacchetto pu\u00f2 aiutare il tuo prodotto a:<\/span><\/strong><\/p>\n\n\n\n<ul class=\"wp-block-list\">\n<li><span class=\"s1\">distinguersi dalla concorrenza,<\/span><\/li>\n\n\n\n<li><span class=\"s1\">rafforzare il tuo marchio e <\/span><\/li>\n\n\n\n<li><span class=\"s1\">convincere i consumatori ad acquistare il tuo prodotto<\/span><\/li>\n<\/ul>\n\n\n\n<h2 class=\"wp-block-heading\">Tendenze e opportunit\u00e0 del packaging<\/h2>\n\n\n\n<p>Una combinazione di fattori viene costantemente sviluppata e introdotta nel mondo del packaging. Ecco solo alcune tendenze che vale la pena monitorare:<\/p>\n\n\n\n<ul class=\"wp-block-list\">\n<li>Nuovi materiali\n<ul class=\"wp-block-list\">\n<li>verde, biodegradabile<\/li>\n\n\n\n<li>accendino<\/li>\n\n\n\n<li>pi\u00f9 forte<\/li>\n\n\n\n<li>impermeabile<\/li>\n\n\n\n<li>microonde<\/li>\n<\/ul>\n<\/li>\n\n\n\n<li>Nuovi design<\/li>\n\n\n\n<li>Nuove forme<\/li>\n\n\n\n<li>Nuovi modi per aprire e richiudere<\/li>\n\n\n\n<li>Nuovi modi di utilizzare l&#039;automazione\/robot<\/li>\n\n\n\n<li>Nuovi inchiostri e opzioni di stampa<\/li>\n\n\n\n<li>Inclusione di tag RFID e chip incorporati per la sicurezza, il tracciamento e la gestione della catena di fornitura<\/li>\n\n\n\n<li>Sicurezza (ad es. a prova di animali domestici e bambini)<\/li>\n<\/ul>\n\n\n\n<h2 class=\"wp-block-heading\">Condurre la Packaging Intelligence<\/h2>\n\n\n\n<p>The process of tracking innovations in packaging, monitoring moves by competitors, and conducting <a href=\"https:\/\/www.sisinternational.com\/it\/soluzioni\/voce-del-cliente\/\" title=\"La voce della ricerca sul cliente\"  data-wpil-monitor-id=\"9053\">research among customers<\/a> may be handled internally and\/or with the assistance of a qualified research company.<\/p>\n\n\n\n<p>Trade shows, conferences and various online searches or news letters are a great source of information about general <a href=\"https:\/\/www.sisinternational.com\/it\/azienda-leader-nella-previsione-delle-tendenze-del-settore-b2b\/\" title=\"Principali previsioni sulle tendenze del settore B2B\"  data-wpil-monitor-id=\"9054\">trends in the packaging industry<\/a> as well as specific applications across a variety of markets and insights about competition.<\/p>\n\n\n\n<p>Incontrare e intervistare le aziende di imballaggio nella tua catena di fornitura \u00e8 anche un ottimo modo per mantenere una conoscenza aggiornata sui cambiamenti che potrebbero influire sul modo in cui i tuoi prodotti vengono presentati ai clienti.<\/p>\n\n\n\n<p>In all cases, however, knowing the customer\u2019s needs, perceptions, values and role in the buying process are all critical to a product\u2019s success.&nbsp; <a href=\"https:\/\/www.sisinternational.com\/it\/competenza\/industrie\/ricerche-di-mercato-sulla-progettazione-di-imballaggi\/\" title=\"Ricerche di mercato sulla progettazione di imballaggi\"  data-wpil-monitor-id=\"9055\">Designing and creating a successful package<\/a> will ultimately involve those who will consume and\/or purchase the product it contains.<\/p>\n\n\n\n<p><strong>I metodi di ricerca primari possono essere utilizzati per:<\/strong><\/p>\n\n\n\n<ul class=\"wp-block-list\">\n<li>Present concepts via <a href=\"https:\/\/www.sisinternational.com\/it\/competenza\/industrie\/societa-di-ricerche-di-mercato-di-panel-online\/\" title=\"Societ\u00e0 di ricerche di mercato di pannelli online\"  data-wpil-monitor-id=\"9056\">online surveys or discussion panels<\/a> of consumers to gain insights into their reactions to packaging images, designs and features.<\/li>\n\n\n\n<li>Esporre i prototipi in focus group per criticare e confrontare i pacchetti attuali, i nuovi pacchetti e i pacchetti della concorrenza.<\/li>\n<\/ul>\n\n\n\n<h2 class=\"wp-block-heading\">Informazioni sulle soluzioni strategiche di packaging SIS<\/h2>\n\n\n\n<p>SIS is a leading <a href=\"https:\/\/www.sisinternational.com\/it\/\" title=\"Casa\"  data-wpil-monitor-id=\"9050\">Market Research and Strategy<\/a> Consulting firm.&nbsp; We have over 40+ years <a href=\"https:\/\/www.sisinternational.com\/it\/competenza\/curriculum-di-esperienza\/curriculum-dellesperienza-negli-studi-etnografici\/\" title=\"Esperienza in ricerche di mercato etnografiche\"  data-wpil-monitor-id=\"9057\">experience in conducting Packaging Research<\/a> and Strategy.&nbsp; Our Research group conducts packaging testing, and our <a href=\"https:\/\/www.sisinternational.com\/it\/la-necessita-di-intelligenza-competitiva-in-questa-recessione\/\" title=\"La necessit\u00e0 di intelligence competitiva in una recessione\"  data-wpil-monitor-id=\"9051\">Strategy group conducts industry and competitive<\/a> analysis.&nbsp; Our key solutions include:<\/p>\n\n\n\n<ul class=\"wp-block-list\">\n<li>Test di usabilit\u00e0<\/li>\n\n\n\n<li>Gruppi di discussione<\/li>\n\n\n\n<li>Interviste ai clienti<\/li>\n\n\n\n<li>Test di utilizzo domestico<\/li>\n\n\n\n<li>Etnografia in casa e in negozio<\/li>\n\n\n\n<li>Analisi competitiva<\/li>\n\n\n\n<li>Opportunit\u00e0 di mercato<\/li>\n\n\n\n<li>Monitoraggio delle tendenze degli imballaggi<\/li>\n<\/ul>\n\n\n\n<h3 class=\"wp-block-heading p1\">A good product in a poor package may not be noticed or bought.&nbsp; So it is often worth investing time and money to ask customers about their likes and dislikes about as many possible features of your current and proposed packages.<\/h3>","protected":false},"excerpt":{"rendered":"<p>La strategia di packaging \u00e8 un processo attraverso il quale ci si tiene al passo con le tendenze e si formulano strategie che creano un vantaggio competitivo.<\/p>","protected":false},"author":1,"featured_media":63802,"parent":84529,"menu_order":7,"comment_status":"closed","ping_status":"closed","template":"","meta":{"footnotes":""},"class_list":["post-16270","page","type-page","status-publish","has-post-thumbnail"],"_links":{"self":[{"href":"https:\/\/www.sisinternational.com\/it\/wp-json\/wp\/v2\/pages\/16270","targetHints":{"allow":["GET"]}}],"collection":[{"href":"https:\/\/www.sisinternational.com\/it\/wp-json\/wp\/v2\/pages"}],"about":[{"href":"https:\/\/www.sisinternational.com\/it\/wp-json\/wp\/v2\/types\/page"}],"author":[{"embeddable":true,"href":"https:\/\/www.sisinternational.com\/it\/wp-json\/wp\/v2\/users\/1"}],"replies":[{"embeddable":true,"href":"https:\/\/www.sisinternational.com\/it\/wp-json\/wp\/v2\/comments?post=16270"}],"version-history":[{"count":5,"href":"https:\/\/www.sisinternational.com\/it\/wp-json\/wp\/v2\/pages\/16270\/revisions"}],"predecessor-version":[{"id":81515,"href":"https:\/\/www.sisinternational.com\/it\/wp-json\/wp\/v2\/pages\/16270\/revisions\/81515"}],"up":[{"embeddable":true,"href":"https:\/\/www.sisinternational.com\/it\/wp-json\/wp\/v2\/pages\/84529"}],"wp:featuredmedia":[{"embeddable":true,"href":"https:\/\/www.sisinternational.com\/it\/wp-json\/wp\/v2\/media\/63802"}],"wp:attachment":[{"href":"https:\/\/www.sisinternational.com\/it\/wp-json\/wp\/v2\/media?parent=16270"}],"curies":[{"name":"wp","href":"https:\/\/api.w.org\/{rel}","templated":true}]}}