{"id":16163,"date":"2015-06-07T15:16:23","date_gmt":"2015-06-07T15:16:23","guid":{"rendered":"https:\/\/www.sisinternational.com\/?page_id=16163"},"modified":"2026-01-27T15:24:07","modified_gmt":"2026-01-27T20:24:07","slug":"interviste-etnografiche-b2b","status":"publish","type":"page","link":"https:\/\/www.sisinternational.com\/it\/soluzioni\/soluzioni-di-ricerca-quantitativa-qualitativa\/interviste-etnografiche-b2b\/","title":{"rendered":"B2B ethnographic market research"},"content":{"rendered":"<h1 class=\"wp-block-heading\">B2B ethnographic market research<\/h1>\n\n\n\n<h1 class=\"wp-block-heading\">&nbsp;<\/h1>\n\n\n\n<figure class=\"gb-block-image gb-block-image-0b452a4a\"><img loading=\"lazy\" decoding=\"async\" width=\"1456\" height=\"816\" class=\"gb-image gb-image-0b452a4a\" src=\"https:\/\/www.sisinternational.com\/wp-content\/uploads\/2025\/08\/Focus-group-meeting-12.jpg\" srcset=\"https:\/\/www.sisinternational.com\/wp-content\/uploads\/2025\/08\/Focus-group-meeting-12.jpg 1456w, https:\/\/www.sisinternational.com\/wp-content\/uploads\/2025\/08\/Focus-group-meeting-12-300x168.jpg 300w, https:\/\/www.sisinternational.com\/wp-content\/uploads\/2025\/08\/Focus-group-meeting-12-1024x574.jpg 1024w, https:\/\/www.sisinternational.com\/wp-content\/uploads\/2025\/08\/Focus-group-meeting-12-768x430.jpg 768w, https:\/\/www.sisinternational.com\/wp-content\/uploads\/2025\/08\/Focus-group-meeting-12-18x10.jpg 18w\" sizes=\"auto, (max-width: 1456px) 100vw, 1456px\" alt=\"Ricerca e strategia di mercato internazionale SIS\"><\/figure>\n\n\n\n<p><\/p>\n\n\n\n<hr class=\"wp-block-separator has-alpha-channel-opacity is-style-dots\"\/>\n\n\n\n<p><span style=\"font-weight: 400;\">Ti sei mai chiesto cosa spinge le aziende a fare le scelte che fanno? Nell\u2019intricata rete del panorama B2B, comprendere il \u201cperch\u00e9\u201d dietro le decisioni aziendali \u00e8 fondamentale.&nbsp;<\/span><\/p>\n\n\n\n<p><span style=\"font-weight: 400;\">This is where <a href=\"https:\/\/www.sisinternational.com\/it\/complessita-del-marketing-b2b\/\" title=\"Cos\u2019\u00e8 il marketing B2B?\"  data-wpil-monitor-id=\"7335\">B2B ethnographic market<\/a> research steps in, uncovering the underlying motivations and behaviors of businesses in their natural habitats\u2026 But why is this form of research so vital in today&#8217;s fast-evolving business environment? Let&#8217;s delve into the world of B2B ethnographic <a href=\"https:\/\/www.linkedin.com\/company\/sisinternationalresearch\" target=\"_blank\" rel=\"noopener\">ricerca di mercato<\/a> to find out.<\/span><\/p>\n\n\n\n<h2 class=\"wp-block-heading p1\">Cos\u2019\u00e8 un\u2019intervista etnografica?<\/h2>\n\n\n\n<p class=\"p1\"><span style=\"font-weight: 400;\">B2B ethnographic market research<\/span> involves being immersed in or living with a culture, but it could also pertain to a corporation or business entity. In-person interviews help to understand behaviors, attitudes, motivations and preferences, and sometimes social rituals. If you put these together you have the core of a B2B ethnographic interview.<\/p>\n\n\n\n<p><span style=\"font-weight: 400;\">B2B ethnographic market research<\/span> provides in-depth insights into behavior by observing the workplace, people, decision-making, and non-verbal communication that can emerge in the course of the interview.&nbsp; Prototypes and messaging can be tested with respondents.&nbsp; Because the interviews are held in the respondents&#8217; workplace, it simulates the decision-making environment.<\/p>\n\n\n\n<p class=\"p1\">Come tecnica qualitativa, \u00e8 una versione micro di uno studio etnografico in cui vengono osservate le persone che svolgono compiti in una situazione aziendale naturale e viene loro chiesto cosa stanno facendo, perch\u00e9 lo stanno facendo e a cosa stanno pensando.<\/p>\n\n\n\n<p class=\"p1\">Anche se la maggior parte degli studi etnografici vengono condotti a casa o nella comunit\u00e0 per molti giorni, \u00e8 possibile e molto istruttivo intervistare le persone nel loro ambiente di lavoro, anche se solo per un\u2019ora o due. In questo modo si fornisce un ricco background sullo spazio fisico, sulle attrezzature, sugli arredi, sui colleghi e su altre risorse che influiscono sulle azioni, sull&#039;umore e sulle prestazioni di una persona che svolge il proprio lavoro all&#039;interno di una cultura aziendale.<\/p>\n\n\n\n<h2 class=\"wp-block-heading\"><strong>Importanza della ricerca di mercato etnografica B2B nell&#039;attuale contesto economico<\/strong><\/h2>\n\n\n\n<figure class=\"gb-block-image gb-block-image-934d7412\"><img loading=\"lazy\" decoding=\"async\" width=\"1456\" height=\"816\" class=\"gb-image gb-image-934d7412\" src=\"https:\/\/www.sisinternational.com\/wp-content\/uploads\/2025\/08\/Focus-group-meeting-11.jpg\" srcset=\"https:\/\/www.sisinternational.com\/wp-content\/uploads\/2025\/08\/Focus-group-meeting-11.jpg 1456w, https:\/\/www.sisinternational.com\/wp-content\/uploads\/2025\/08\/Focus-group-meeting-11-300x168.jpg 300w, https:\/\/www.sisinternational.com\/wp-content\/uploads\/2025\/08\/Focus-group-meeting-11-1024x574.jpg 1024w, https:\/\/www.sisinternational.com\/wp-content\/uploads\/2025\/08\/Focus-group-meeting-11-768x430.jpg 768w, https:\/\/www.sisinternational.com\/wp-content\/uploads\/2025\/08\/Focus-group-meeting-11-18x10.jpg 18w\" sizes=\"auto, (max-width: 1456px) 100vw, 1456px\" alt=\"Ricerca e strategia di mercato internazionale SIS\"><\/figure>\n\n\n\n<p><\/p>\n\n\n\n<p><span style=\"font-weight: 400;\">Il panorama imprenditoriale sta diventando sempre pi\u00f9 complesso e dinamico. La globalizzazione, la trasformazione digitale e l\u2019evoluzione delle richieste del mercato hanno reso fondamentale per le aziende comprendere non solo i propri consumatori finali, ma anche i propri partner commerciali, fornitori e concorrenti. \u00c8 qui che entra in gioco la ricerca di mercato etnografica B2B.<\/span><\/p>\n\n\n\n<p><span style=\"font-weight: 400;\">Unlike other research methodologies that rely on surveys or data analytics, B2B ethnographic market research focuses on immersive observation and understanding. This form of research captures the nuances of business culture, decision-making processes, and the interplay of various stakeholders.<\/span><\/p>\n\n\n\n<p><span style=\"font-weight: 400;\">Ecco uno sguardo pi\u00f9 da vicino ad alcuni di questi vantaggi:<\/span><\/p>\n\n\n\n<p><b>\u2022 Approfondimenti:<\/b><span style=\"font-weight: 400;\"> B2B ethnographic market research goes beyond the surface. It dives deep into the daily routines, challenges, and motivations of businesses, providing insights that are difficult to attain through conventional methods.&nbsp;<\/span><\/p>\n\n\n\n<p><b>\u2022 Marketing e messaggistica mirati: <\/b><span style=\"font-weight: 400;\">La ricerca etnografica rivela il linguaggio, i valori e le priorit\u00e0 degli stakeholder B2B. Con questa conoscenza, le organizzazioni possono personalizzare i propri messaggi di marketing per entrare in risonanza con il proprio pubblico, aumentando l\u2019efficacia dei propri sforzi di comunicazione.<\/span><\/p>\n\n\n\n<p><b>\u2022 Mitigazione del rischio: <\/b>Understanding the challenges and <a href=\"https:\/\/www.sisinternational.com\/it\/libro-bianco-sullo-studio-del-problema-delle-comunicazioni-per-le-pmi-che-scopre-il-costo-nascosto-delle-barriere-e-della-latenza-delle-comunicazioni\/\" title=\"Libro bianco sullo studio sui problemi delle comunicazioni delle PMI\" data-wpil-monitor-id=\"4490\">pain points of B2B<\/a> partners allows organizations to proactively address potential issues and risks.&nbsp;<\/span><\/p>\n\n\n\n<p><b>\u2022 Intelligenza competitiva: <a href=\"https:\/\/www.sisinternational.com\/it\/strategia-di-marketing-multicanale-b2b\/\" title=\"Strategia di marketing multicanale B2B\" data-wpil-monitor-id=\"844\">B2B ethnographic market<\/a> research&nbsp;can shed light on the strategies and practices of competitors within the B2B space.&nbsp;<\/span><\/p>\n\n\n\n<p><b>\u2022 Sensibilit\u00e0 culturale: <\/b><span style=\"font-weight: 400;\">In un mondo degli affari globalizzato, le differenze culturali possono avere un impatto significativo sulle interazioni B2B. La ricerca etnografica aiuta a comprendere le sfumature culturali, consentendo alle organizzazioni di navigare nei mercati internazionali con maggiore sensibilit\u00e0 ed efficacia.<\/span><\/p>\n\n\n\n<p><b>\u2022 Catalizzatore dell&#039;innovazione: <\/b><span style=\"font-weight: 400;\">L\u2019immersione nell\u2019ambiente B2B stimola l\u2019innovazione. Osservare il modo in cui le aziende operano e interagiscono pu\u00f2 ispirare nuove idee e soluzioni creative che possono favorire la crescita del business.<\/span><\/p>\n\n\n\n<p><b>\u2022 Relazioni a lungo termine: <\/b><span style=\"font-weight: 400;\">By demonstrating a commitment to understanding the unique needs of their B2B partners, organizations can build stronger, more enduring relationships.<\/span><\/p>\n\n\n\n<p><b>\u2022 Processo decisionale basato sui dati: <\/b><span style=\"font-weight: 400;\">B2B ethnographic market research provides organizations with concrete data and real-world observations.&nbsp;<\/span><\/p>\n\n\n\n<p><b>\u2022 Miglioramento del servizio clienti: <\/b><span style=\"font-weight: 400;\">L\u2019osservazione delle operazioni quotidiane delle aziende pu\u00f2 rivelare punti critici in termini di servizio o supporto. Affrontare questi problemi pu\u00f2 portare a livelli elevati di soddisfazione e fedelt\u00e0 del cliente.<\/span><\/p>\n\n\n\n<p><b>\u2022 Formazione e sviluppo: <\/b><span style=\"font-weight: 400;\">Le sfumature rilevate sul comportamento aziendale, sul processo decisionale e sui valori possono essere incorporate nei moduli di formazione, garantendo che i team siano ben attrezzati per servire i clienti B2B in modo efficiente.<\/span><\/p>\n\n\n\n<h2 class=\"wp-block-heading\">Quando utilizzare le interviste etnografiche<\/h2>\n\n\n\n<figure class=\"gb-block-image gb-block-image-a0640d46\"><img decoding=\"async\" class=\"gb-image gb-image-a0640d46\" src=\"https:\/\/www.sisinternational.com\/wp-content\/uploads\/2025\/07\/How-to-Conduct-Effective-Quantitative-Market-Researc-2.jpg\" alt=\"Ricerca e strategia di mercato internazionale SIS\"><\/figure>\n\n\n\n<p><\/p>\n\n\n\n<p>Per un&#039;azienda che vende un prodotto o un servizio diventa possibile osservare effettivamente come e quando viene utilizzato nel mondo reale nel momento in cui viene utilizzato. \u00c8 possibile somministrare questionari prima e dopo una visita per integrare le domande dettagliate, aperte e di approfondimento, poste durante un colloquio in loco.<\/p>\n\n\n\n<p>La differenza principale tra una tipica intervista di ricerca di mercato e una etnografica \u00e8 l&#039;attenzione prestata all&#039;ambiente circostante l&#039;intervistato. Tra le altre cose, si pu\u00f2 effettivamente vedere se una persona lavora in un cubicolo o in un ufficio privato, con molti o pochi colleghi, in una zona tranquilla o con distrazioni \u2013 ognuna delle quali pu\u00f2 influenzare il modo in cui le attivit\u00e0 vengono svolte.<\/p>\n\n\n\n<h2 class=\"wp-block-heading\"><span class=\"s1\">Come viene condotta un&#039;intervista etnografica B2B?<\/span><\/h2>\n\n\n\n<ul class=\"wp-block-list\">\n<li><span class=\"s1\">UN <strong>D<\/strong><\/span><strong><span class=\"s2\">Guida alla discussione<\/span><\/strong><span class=\"s1\"> dovrebbero essere sviluppati per inquadrare il contenuto da coprire. I soggetti dovrebbero essere informati in anticipo che potrebbe essere loro chiesto di svolgere un&#039;attivit\u00e0 e\/o mostrare come utilizzano un prodotto o servizio nel corso del completamento dello stesso. Le domande di esempio includono:<\/span>\n<ul class=\"wp-block-list\">\n<li><span class=\"s1\">In quali circostanze usi il prodotto?<\/span><\/li>\n\n\n\n<li><span class=\"s1\">Come viene utilizzato esattamente?<\/span><\/li>\n\n\n\n<li><span class=\"s1\">Risolve completamente il problema o si abitua a qualcos&#039;altro?<\/span><\/li>\n\n\n\n<li><span class=\"s1\">Come si confronta il prodotto con le alternative (della concorrenza)?<\/span><\/li>\n\n\n\n<li><span class=\"s1\">Viene utilizzato per altri scopi (non previsti)?<\/span><\/li>\n\n\n\n<li><span class=\"s1\">Chi altro lo usa, ad esempio un collega con la stessa funzione o con una funzione diversa?<\/span><\/li>\n\n\n\n<li><span class=\"s1\">A volte a <\/span><strong><span class=\"s2\">secondo ricercatore<\/span><\/strong><span class=\"s1\"><span class=\"s2\"> \u00e8 presente per prendere appunti e fare ulteriori osservazioni mentre l&#039;intervistatore \u00e8 concentrato interamente sul dialogo con l&#039;intervistato.<\/span><\/span><br><p>\u00a0<\/p><\/li>\n<\/ul>\n<\/li>\n\n\n\n<li><span class=\"s1\"><span class=\"s1\">A causa dell\u2019aumento della sicurezza dopo l\u201911 settembre in quasi tutte le aziende, scattare foto o registrare video all\u2019interno di una fabbrica, di un edificio per uffici o di un negozio \u00e8 spesso scoraggiato o addirittura vietato. Le foto possono essere scattate dall&#039;esterno (ad esempio da un parcheggio pubblico o da una strada) o ottenute tramite fonti online come Google Earth o Maps. Quanto pi\u00f9 riesci a raccogliere sull&#039;ambiente della persona, tanto meglio sarai in grado di fare domande e comprendere l&#039;intervistato.<\/span><\/span><br><p>\u00a0<\/p><\/li>\n\n\n\n<li><strong><span class=\"s2\">Immagini degli interni<\/span><\/strong><span class=\"s1\"> potranno comunque essere ottenuti previa apposita autorizzazione ottenuta prima di qualsiasi visita\/colloquio. Un&#039;alternativa \u00e8 chiedere ai soggetti di scattare foto proprie e non riservate del proprio spazio di lavoro, dei prodotti utilizzati, dei colleghi e degli spazi aperti come una caffetteria, una sala relax o una sala riunioni. Se \u00e8 possibile ottenere le foto degli intervistati stessi, queste possono essere condivise come parte di un rapporto sui risultati che aiuter\u00e0 gli altri a \u201cvedere\u201d chi \u00e8 stato intervistato. Possono essere utilizzati per creare a <\/span><strong><span class=\"s2\">persona<\/span><\/strong><span class=\"s1\"><span class=\"s2\"> dell&#039;acquirente B2B di interesse per il cliente.<\/span><\/span><br><p>\u00a0<\/p><\/li>\n\n\n\n<li><span class=\"s1\">Prima dell&#039;intervista, \u00e8 possibile far completare al soggetto un breve <\/span><strong><span class=\"s2\">diario o sondaggio<\/span><\/strong><span class=\"s1\"><span class=\"s2\"> descrivere una giornata o una settimana tipica, comprese le responsabilit\u00e0 principali, le fonti o i prodotti utilizzati o il tempo approssimativo richiesto per un&#039;attivit\u00e0 comune.<\/span><\/span><br><p>\u00a0<\/p><\/li>\n\n\n\n<li><span class=\"s1\"><span class=\"s1\">Dopo l&#039;intervista, \u00e8 possibile sviluppare una breve indagine diversa basata sull&#039;insieme totale di interviste e osservazioni.<\/span><\/span><br><p>\u00a0<\/p><\/li>\n\n\n\n<li><span class=\"s1\"><span class=\"s1\">Combinando tutti i risultati dei metodi qualitativi (interviste etnografiche b2b, focus group) e quantitativi (sondaggi pre e post), un&#039;azienda sar\u00e0 in una posizione migliore per comprendere molti pi\u00f9 fattori sottili e caratteristiche desiderate che in definitiva influiscono su un&#039;azienda. decisione di acquisto.<span class=\"Apple-converted-space\">\u00a0 <\/span>Avere queste informazioni \u00e8 molto prezioso per le funzioni di produzione, marketing e vendita che potrebbero essere incaricate di creare nuovi prodotti o servizi che soddisfino meglio le esigenze degli utenti.<\/span><\/span><br><br><\/li>\n\n\n\n<li><strong><span class=\"s2\">Reclutamento e retribuzione:<\/span><\/strong>\n<ul class=\"wp-block-list\">\n<li><span class=\"s1\">A differenza di molti altri tipi di ricerche di mercato, le interviste etnografiche non possono essere effettuate online, al telefono o in altro modo se non di persona.<\/span><\/li>\n\n\n\n<li><span class=\"s1\">L&#039;importo del compenso dipender\u00e0 da quanto tempo sar\u00e0 necessario per il colloquio (forse un&#039;ora che coincide con il pranzo, davanti a un caff\u00e8 prima dell&#039;inizio della giornata lavorativa o sul posto di lavoro dopo la giornata lavorativa).&nbsp;<\/span><\/li>\n\n\n\n<li><span class=\"s1\">Se vengono richieste attivit\u00e0 aggiuntive, dovrebbe essere previsto un pagamento aggiuntivo per ciascuna. Ad esempio, offri $100 per il colloquio, $25 per un sopralluogo pre e post e $25 per un set di foto che soddisfi le esigenze del cliente (questa potrebbe anche essere una condizione per il pagamento del colloquio).<\/span><\/li>\n<\/ul>\n<\/li>\n<\/ul>\n\n\n\n<h2 class=\"wp-block-heading\"><strong>Opportunit\u00e0 nella conduzione di ricerche di mercato etnografiche B2B:<\/strong><\/h2>\n\n\n\n<figure class=\"gb-block-image gb-block-image-dcc950ef\"><img loading=\"lazy\" decoding=\"async\" width=\"1456\" height=\"816\" class=\"gb-image gb-image-dcc950ef\" src=\"https:\/\/www.sisinternational.com\/wp-content\/uploads\/2025\/08\/Focus-group-meeting-5.jpg\" srcset=\"https:\/\/www.sisinternational.com\/wp-content\/uploads\/2025\/08\/Focus-group-meeting-5.jpg 1456w, https:\/\/www.sisinternational.com\/wp-content\/uploads\/2025\/08\/Focus-group-meeting-5-300x168.jpg 300w, https:\/\/www.sisinternational.com\/wp-content\/uploads\/2025\/08\/Focus-group-meeting-5-1024x574.jpg 1024w, https:\/\/www.sisinternational.com\/wp-content\/uploads\/2025\/08\/Focus-group-meeting-5-768x430.jpg 768w, https:\/\/www.sisinternational.com\/wp-content\/uploads\/2025\/08\/Focus-group-meeting-5-18x10.jpg 18w\" sizes=\"auto, (max-width: 1456px) 100vw, 1456px\" alt=\"Ricerca e strategia di mercato internazionale SIS\"><\/figure>\n\n\n\n<p><\/p>\n\n\n\n<p><span style=\"font-weight: 400;\">Il panorama delle transazioni B2B \u00e8 vasto e con la ricerca di mercato etnografica B2B c&#039;\u00e8 un&#039;occasione d&#039;oro per svelare segreti che possono portare alla crescita e alla trasformazione del business. Ecco uno sguardo alle strade che questo metodo di ricerca pu\u00f2 aprire:<\/span><\/p>\n\n\n\n<p><b>\u2022 Sviluppo di un nuovo prodotto: <\/b><span style=\"font-weight: 400;\">Con una comprensione globale delle operazioni e delle sfide aziendali, \u00e8 possibile identificare le lacune nel mercato. Ci\u00f2 pu\u00f2 portare allo sviluppo di prodotti o servizi innovativi su misura per colmare queste lacune.<\/span><\/p>\n\n\n\n<p><b>\u2022 Rafforzare il posizionamento del marchio: <\/b><span style=\"font-weight: 400;\">Attraverso la ricerca di mercato etnografica B2B, le aziende possono svelare proposte di vendita uniche che hanno una forte risonanza con il loro pubblico target. Ci\u00f2 pu\u00f2 aumentare significativamente il posizionamento e il riconoscimento del marchio.<\/span><\/p>\n\n\n\n<p><b>\u2022 Espansione in nuovi mercati: <\/b><span style=\"font-weight: 400;\">Studiando le imprese in diversi settori o regioni, esiste la possibilit\u00e0 di identificare mercati non sfruttati o scarsamente serviti. Le informazioni raccolte possono guidare le strategie di espansione, garantendo un ingresso pi\u00f9 agevole e un maggiore successo.<\/span><\/p>\n\n\n\n<p><b>Iniziative di collaborazione: <\/b><span style=\"font-weight: 400;\">Riconoscere esigenze o servizi aziendali complementari pu\u00f2 portare a partnership o collaborazioni vantaggiose, aprendo le porte a risorse, conoscenze o basi di clienti condivise.<\/span><\/p>\n\n\n\n<p><b>\u2022 Approfondimenti intersettoriali: <\/b><span style=\"font-weight: 400;\">La ricerca etnografica pu\u00f2 fornire spunti intersettoriali. Le organizzazioni possono imparare dalle migliori pratiche dei partner B2B in altri settori, stimolando l\u2019innovazione e l\u2019adozione di strategie di successo da diversi settori.<\/span><\/p>\n\n\n\n<h2 class=\"wp-block-heading\"><strong>Sfide nella conduzione di ricerche di mercato etnografiche B2B<\/strong><\/h2>\n\n\n\n<p><span style=\"font-weight: 400;\">La ricerca di mercato etnografica B2B presenta sfide e navigare nell\u2019ambiente B2B richiede tatto, comprensione e un profondo impegno nei confronti dell\u2019etica della ricerca. Analizziamo alcune delle sfide significative che le aziende potrebbero incontrare:<\/span><\/p>\n\n\n\n<p><b>\u2022 Accesso ad ambienti B2B:<\/b><span style=\"font-weight: 400;\"> Ottenere l\u2019accesso agli ambienti naturali dei partner B2B pu\u00f2 essere difficile. Le aziende sono spesso protettive nei confronti delle loro attivit\u00e0 e potrebbero essere riluttanti a concedere l\u2019accesso ai ricercatori.<\/span><\/p>\n\n\n\n<p><b>\u2022 Richiesto molto tempo:<\/b><span style=\"font-weight: 400;\"> La ricerca etnografica richiede molto tempo. I ricercatori potrebbero dover trascorrere lunghi periodi sul campo, osservando e interagendo con le parti interessate B2B. Questo pu\u00f2 comportare un uso intensivo delle risorse per le organizzazioni.<\/span><\/p>\n\n\n\n<p><b>\u2022 Costi: <\/b><span style=\"font-weight: 400;\">La ricerca immersiva pu\u00f2 comportare costi significativi, comprese le spese di viaggio, gli stipendi dei ricercatori e le spese per l\u2019analisi dei dati. Gestire il budget per la ricerca etnografica pu\u00f2 rappresentare una sfida per alcune organizzazioni.<\/span><\/p>\n\n\n\n<p><b>\u2022 Complessit\u00e0 dell&#039;analisi dei dati: <\/b><span style=\"font-weight: 400;\">L\u2019analisi dei dati qualitativi della ricerca etnografica pu\u00f2 essere complessa. I ricercatori devono dare un senso a dati ricchi e specifici del contesto, che possono richiedere competenze e strumenti specializzati.<\/span><\/p>\n\n\n\n<p><b>\u2022 Generalizzabilit\u00e0:<\/b><span style=\"font-weight: 400;\"> La ricerca etnografica si concentra tipicamente su contesti e casi specifici. Generalizzare i risultati a popolazioni o settori pi\u00f9 ampi pu\u00f2 essere difficile, per questo motivo \u00e8 importante definire attentamente la portata e gli obiettivi della ricerca.<\/span><\/p>\n\n\n\n<p><b>\u2022 Dimensioni limitate del campione: <\/b>B2B ethnographic market research<span style=\"font-weight: 400;\">&nbsp;often involves a limited sample size due to the intensive nature of the approach. It can raise questions about the representativeness of the findings.<\/span><\/p>\n\n\n\n<p><b>\u2022 Impegno a lungo termine: <\/b><span style=\"font-weight: 400;\">Una ricerca etnografica di successo spesso richiede un impegno a lungo termine. I ricercatori potrebbero dover rivisitare i partner B2B pi\u00f9 volte in un periodo prolungato per catturare comportamenti e tendenze in evoluzione.<\/span><\/p>\n\n\n\n<h2 class=\"wp-block-heading\">La nostra sede a New York<\/h2>\n\n\n\n<p>\n\n\n\n<iframe loading=\"lazy\" src=\"https:\/\/www.google.com\/maps\/embed?pb=!1m18!1m12!1m3!1d3022.976188376966!2d-73.99130312499956!3d40.740549471389315!2m3!1f0!2f0!3f0!3m2!1i1024!2i768!4f13.1!3m3!1m2!1s0x89c259a15798c731%3A0xd695d09bdd495f25!2s11%20E%2022nd%20St%20FL%202%2C%20New%20York%2C%20NY%2010010%2C%20USA!5e0!3m2!1sen!2spe!4v1726171763526!5m2!1sen!2spe\" width=\"600\" height=\"450\" allowfullscreen=\"allowfullscreen\" data-mce-fragment=\"1\"><\/iframe>\n\n\n\n<\/p>\n\n\n\n<h3 class=\"wp-block-heading\">11 E 22nd Street, piano 2, New York, NY 10010 T: +1(212) 505-6805<\/h3>\n\n\n\n<hr class=\"wp-block-separator has-alpha-channel-opacity\"\/>\n\n\n\n<h2 class=\"wp-block-heading\"><span style=\"font-weight: 400;\">A proposito di SIS Internazionale<\/span><\/h2>\n\n\n\n<p><a href=\"https:\/\/www.sisinternational.com\/it\/\"><span style=\"font-weight: 400;\">SIS Internazionale<\/span><\/a><span style=\"font-weight: 400;\"> offre ricerca quantitativa, qualitativa e strategica. Forniamo dati, strumenti, strategie, report e approfondimenti per il processo decisionale. Conduciamo anche interviste, sondaggi, focus group e altri metodi e approcci di ricerca di mercato.<\/span><a href=\"https:\/\/www.sisinternational.com\/it\/sulla-sua-ricerca-internazionale\/contact-sis-international-market-research\/\"><span style=\"font-weight: 400;\"> Contattaci<\/span><\/a><span style=\"font-weight: 400;\"> per il tuo prossimo progetto di ricerca di mercato.<\/span><\/p>\n\n\n\n<p><\/p>","protected":false},"excerpt":{"rendered":"<p>L&#039;etnografia B2B prevede interviste di persona che aiutano a comprendere comportamenti, atteggiamenti, motivazioni e preferenze.<\/p>","protected":false},"author":1,"featured_media":62674,"parent":14660,"menu_order":6,"comment_status":"open","ping_status":"open","template":"","meta":{"footnotes":""},"class_list":["post-16163","page","type-page","status-publish","has-post-thumbnail"],"_links":{"self":[{"href":"https:\/\/www.sisinternational.com\/it\/wp-json\/wp\/v2\/pages\/16163","targetHints":{"allow":["GET"]}}],"collection":[{"href":"https:\/\/www.sisinternational.com\/it\/wp-json\/wp\/v2\/pages"}],"about":[{"href":"https:\/\/www.sisinternational.com\/it\/wp-json\/wp\/v2\/types\/page"}],"author":[{"embeddable":true,"href":"https:\/\/www.sisinternational.com\/it\/wp-json\/wp\/v2\/users\/1"}],"replies":[{"embeddable":true,"href":"https:\/\/www.sisinternational.com\/it\/wp-json\/wp\/v2\/comments?post=16163"}],"version-history":[{"count":11,"href":"https:\/\/www.sisinternational.com\/it\/wp-json\/wp\/v2\/pages\/16163\/revisions"}],"predecessor-version":[{"id":80981,"href":"https:\/\/www.sisinternational.com\/it\/wp-json\/wp\/v2\/pages\/16163\/revisions\/80981"}],"up":[{"embeddable":true,"href":"https:\/\/www.sisinternational.com\/it\/wp-json\/wp\/v2\/pages\/14660"}],"wp:featuredmedia":[{"embeddable":true,"href":"https:\/\/www.sisinternational.com\/it\/wp-json\/wp\/v2\/media\/62674"}],"wp:attachment":[{"href":"https:\/\/www.sisinternational.com\/it\/wp-json\/wp\/v2\/media?parent=16163"}],"curies":[{"name":"wp","href":"https:\/\/api.w.org\/{rel}","templated":true}]}}