{"id":16145,"date":"2015-06-09T17:26:43","date_gmt":"2015-06-09T17:26:43","guid":{"rendered":"https:\/\/www.sisinternational.com\/?page_id=16145"},"modified":"2026-01-26T17:55:45","modified_gmt":"2026-01-26T22:55:45","slug":"studi-di-dimensionamento-della-fattibilita-dellingresso-nel-mercato","status":"publish","type":"page","link":"https:\/\/www.sisinternational.com\/it\/soluzioni\/consulenza-strategica\/studi-di-dimensionamento-della-fattibilita-dellingresso-nel-mercato\/","title":{"rendered":"Ingresso nel mercato, studi di fattibilit\u00e0 e dimensionamento"},"content":{"rendered":"<h1 class=\"wp-block-heading\">Ingresso nel mercato, studi di fattibilit\u00e0 e dimensionamento<\/h1>\n\n\n\n<figure class=\"gb-block-image gb-block-image-4af0b61f\"><img loading=\"lazy\" decoding=\"async\" width=\"1456\" height=\"816\" class=\"gb-image gb-image-4af0b61f\" src=\"https:\/\/www.sisinternational.com\/wp-content\/uploads\/2025\/08\/Marketing-5.jpg\" srcset=\"https:\/\/www.sisinternational.com\/wp-content\/uploads\/2025\/08\/Marketing-5.jpg 1456w, https:\/\/www.sisinternational.com\/wp-content\/uploads\/2025\/08\/Marketing-5-300x168.jpg 300w, https:\/\/www.sisinternational.com\/wp-content\/uploads\/2025\/08\/Marketing-5-1024x574.jpg 1024w, https:\/\/www.sisinternational.com\/wp-content\/uploads\/2025\/08\/Marketing-5-768x430.jpg 768w, https:\/\/www.sisinternational.com\/wp-content\/uploads\/2025\/08\/Marketing-5-18x10.jpg 18w\" sizes=\"auto, (max-width: 1456px) 100vw, 1456px\" alt=\"Ricerca e strategia di mercato internazionale SIS\"><\/figure>\n\n\n\n<p><\/p>\n\n\n\n<h2 class=\"wp-block-heading\">Il nostro gruppo strategico di ingresso nel mercato di livello mondiale<\/h2>\n\n\n\n<p>SIS is a world leader in Market Entry Research studies.&nbsp; We have over 40+ years experience, vast global resources and multiple levels of intelligence for a \u201ccomplete market view\u201d of your company\u2019s Market Entry strategy.<\/p>\n\n\n\n<p>La nostra leadership e copertura nei mercati globali ci consente di presentare nuovi mercati ai clienti e guidare i nostri clienti nel loro ingresso nel mercato. I nostri specialisti di ricerca hanno scritto numerosi libri sull&#039;ingresso nel mercato, tenuto conferenze pubbliche davanti ai media e servito le pi\u00f9 grandi aziende del mondo.<\/p>\n\n\n\n<h3 class=\"wp-block-heading\">Nel mercato globale di oggi, le aziende sono sempre pi\u00f9 alla ricerca di maggiori vendite, consapevolezza del marchio e stabilit\u00e0 aziendale.<\/h3>\n\n\n\n<p>Spesso considerano l\u2019ingresso nel mercato come un modo per raggiungere i propri obiettivi strategici. Utilizzando la ricerca basata sugli insight, le aziende possono valutare la propria strategia di ingresso nel contesto di rischi e opportunit\u00e0. Grazie alla ricerca, le aziende possono selezionare con maggiore sicurezza una modalit\u00e0 di ingresso come investimenti diretti esteri, licenze, franchising e alleanze strategiche.<\/p>\n\n\n\n<p><span style=\"font-weight: 400;\">Analizzando le dinamiche di mercato, il comportamento dei consumatori, gli scenari competitivi e gli indicatori economici, gli studi di ingresso nel mercato, di fattibilit\u00e0 e di dimensionamento offrono un quadro chiaro dei potenziali vantaggi e rischi. Fungono da luce guida per le aziende, aiutandole a prendere decisioni informate, a evitare costosi passi falsi e a posizionarsi strategicamente in nuovi mercati.<\/span><\/p>\n\n\n\n<h2 class=\"wp-block-heading\"><span style=\"font-weight: 400;\">Comprensione degli studi di ingresso nel mercato, fattibilit\u00e0 e dimensionamento<\/span><\/h2>\n\n\n\n<p><span style=\"font-weight: 400;\">Market entry, feasibility, and sizing studies are comprehensive assessments that businesses undertake to evaluate the potential of entering a new market. These studies serve as a cornerstone for strategic decision-making, offering insights that are critical for a successful <a href=\"https:\/\/www.sisinternational.com\/it\/analisi-dellingresso-nel-mercato-di-carrefours-dubai\/\" title=\"Carrefour&#8217;s Dubai Market Entry Analysis\"  data-wpil-monitor-id=\"1866\">strategia di ingresso nel mercato<\/a>. But, what exactly do these studies entail?<\/span><\/p>\n\n\n\n<p><span style=\"font-weight: 400;\">Forniscono una visione olistica delle opportunit\u00e0 e delle sfide in un nuovo mercato. Aiutano le aziende a prendere decisioni basate sui dati, a personalizzare i propri prodotti o servizi per soddisfare le esigenze specifiche del mercato e a sviluppare strategie in linea con le dinamiche del mercato locale.<\/span><\/p>\n\n\n\n<h2 class=\"wp-block-heading\"><span style=\"font-weight: 400;\">Perch\u00e9 gli studi sull\u2019ingresso nel mercato, sulla fattibilit\u00e0 e sul dimensionamento sono fondamentali oggi?<\/span><\/h2>\n\n\n\n<p><span style=\"font-weight: 400;\">The global marketplace is characterized by rapid technological advancements, shifting consumer preferences, and increasing competition. In such a dynamic environment, entering a new <a href=\"https:\/\/www.sisinternational.com\/it\/competenza\/industrie\/ricerche-di-mercato-sulle-salse-da-immersione\/\" title=\"Ricerche di mercato sulle salse da immersione\"  data-wpil-monitor-id=\"5751\">market without thorough research<\/a> and analysis is risky, to say the least. Therefore, market entry, feasibility, and sizing studies provide that map, offering businesses critical insights that guide their strategic decisions.<\/span><\/p>\n\n\n\n<p><span style=\"font-weight: 400;\">Questi studi sono cruciali per comprendere non solo il \u201ccosa\u201d e il \u201cchi\u201d di un mercato, ma anche il \u201ccome\u201d e il \u201cperch\u00e9\u201d. Vanno oltre l&#039;analisi a livello superficiale per approfondire le complessit\u00e0 delle dinamiche di mercato, aiutando le aziende a comprendere gli aspetti unici di ciascun mercato, comprese le sfumature culturali, i requisiti normativi e le pressioni competitive.<\/span><\/p>\n\n\n\n<p><span style=\"font-weight: 400;\">Inoltre, gli studi di ingresso nel mercato, di fattibilit\u00e0 e di dimensionamento consentono alle aziende di valutare sistematicamente i vari mercati, identificando quelli che offrono il maggior potenziale e allineandosi con le capacit\u00e0 e gli obiettivi di crescita dell&#039;azienda.<\/span><\/p>\n\n\n\n<h2 class=\"wp-block-heading\"><span style=\"font-weight: 400;\">Vantaggi dell&#039;ingresso nel mercato, studi di fattibilit\u00e0 e dimensionamento<\/span><\/h2>\n\n\n\n<p><span style=\"font-weight: 400;\">I vantaggi derivanti dalla conduzione di studi sull\u2019ingresso nel mercato, sulla fattibilit\u00e0 e sul dimensionamento sono significativi. Questi studi non solo aumentano la probabilit\u00e0 di un ingresso positivo sul mercato, ma contribuiscono anche alla pianificazione strategica complessiva e alla gestione del rischio di un\u2019azienda. Ecco alcuni vantaggi chiave:<\/span><\/p>\n\n\n\n<p><b>\u2022 Processo decisionale informato:<\/b><span style=\"font-weight: 400;\"> Questi studi forniscono approfondimenti dettagliati sui nuovi mercati, consentendo alle aziende di prendere decisioni basate su dati e analisi piuttosto che su ipotesi. Questo approccio informato aumenta significativamente le possibilit\u00e0 di successo nel mercato e di sostenibilit\u00e0 a lungo termine.<\/span><\/p>\n\n\n\n<p><b>\u2022 Mitigazione del rischio: <\/b><span style=\"font-weight: 400;\">Analizzando attentamente i potenziali rischi e le sfide legate all\u2019ingresso in un nuovo mercato, le aziende possono sviluppare strategie per mitigare questi rischi. Questo approccio proattivo alla gestione del rischio pu\u00f2 salvare le aziende da errori costosi e sfide impreviste.<\/span><\/p>\n\n\n\n<p><b>\u2022 Ottimizzazione delle risorse:<\/b><span style=\"font-weight: 400;\"> Comprendere la fattibilit\u00e0 e le dimensioni di un nuovo mercato aiuta le aziende ad allocare le risorse in modo pi\u00f9 efficace. Garantisce che gli sforzi e gli investimenti siano diretti verso i mercati con il pi\u00f9 alto potenziale di successo, ottimizzando l\u2019utilizzo delle risorse.<\/span><\/p>\n\n\n\n<p><b>\u2022 Vantaggio competitivo:<\/b><span style=\"font-weight: 400;\"> La conduzione di questi studi pu\u00f2 fornire un vantaggio competitivo. Acquisendo una conoscenza approfondita del mercato, le aziende possono personalizzare i propri prodotti, servizi e strategie di marketing per soddisfare meglio le esigenze dei consumatori locali, differenziandosi dalla concorrenza.<\/span><\/p>\n\n\n\n<p><b>\u2022 Allineamento strategico: <\/b>Market entry, feasibility, and sizing <a href=\"https:\/\/www.sisinternational.com\/it\/opinione-sul-prodotto-approfondimenti-culturali-dallasia-alleuropa-ingresso-nel-mercato\/\" title=\"Ricerca sull&#039;ingresso nel mercato automobilistico | Argomento di studio\"  data-wpil-monitor-id=\"6663\">studies help ensure that market entry<\/a> strategies are aligned with the overall business strategy and objectives. This alignment is crucial for maintaining coherence and focus in business operations.<\/span><\/p>\n\n\n\n<p><b>\u2022 Comprensione del mercato:<\/b><span style=\"font-weight: 400;\"> Questi studi forniscono una comprensione completa del mercato, comprese le preferenze dei clienti, le sfumature culturali, il contesto normativo e il panorama competitivo.<\/span><\/p>\n\n\n\n<p><b>\u2022 Approfondimenti predittivi:<\/b><span style=\"font-weight: 400;\"> Al di l\u00e0 delle attuali condizioni di mercato, questi studi offrono spesso approfondimenti predittivi, aiutando le aziende ad anticipare le tendenze e i cambiamenti futuri del mercato.&nbsp;<\/span><\/p>\n\n\n\n<h2 class=\"wp-block-heading\"><span style=\"font-weight: 400;\">Tendenze attuali nell&#039;ingresso nel mercato, studi di fattibilit\u00e0 e dimensionamento<\/span><\/h2>\n\n\n\n<p><span style=\"font-weight: 400;\">Il panorama degli studi di ingresso nel mercato, di fattibilit\u00e0 e di dimensionamento \u00e8 in continua evoluzione, influenzato dai progressi tecnologici e dalle mutevoli dinamiche del mercato. Per questo motivo, \u00e8 fondamentale comprendere queste tendenze attuali per condurre questi studi in modo efficace e ottenere approfondimenti rilevanti. Ecco alcune delle tendenze chiave che danno forma a questi studi:<\/span><\/p>\n\n\n\n<p><b>\u2022 Maggiore dipendenza dall&#039;analisi dei dati e dai Big Data:<\/b><span style=\"font-weight: 400;\"> L\u2019uso di big data e strumenti di analisi avanzata \u00e8 diventato pi\u00f9 diffuso nella conduzione di questi studi. Le aziende stanno sfruttando queste tecnologie per elaborare grandi volumi di dati per ottenere informazioni pi\u00f9 approfondite sulle dinamiche di mercato, sui comportamenti dei consumatori e sui panorami competitivi.<\/span><\/p>\n\n\n\n<p><b>\u2022 Integrazione dell&#039;Intelligenza Artificiale (AI): <\/b><span style=\"font-weight: 400;\">L\u2019intelligenza artificiale \u00e8 sempre pi\u00f9 utilizzata per prevedere le tendenze del mercato, le preferenze dei consumatori e le potenziali dimensioni del mercato con maggiore precisione.<\/span><\/p>\n\n\n\n<p><b>\u2022 Focus su dati in tempo reale e metodologie agili: <\/b><span style=\"font-weight: 400;\">C\u2019\u00e8 una crescente enfasi sull\u2019analisi dei dati in tempo reale e sulle metodologie di ricerca agili. Questo approccio consente alle aziende di adattare rapidamente le proprie strategie in risposta alle condizioni di mercato in rapida evoluzione.<\/span><\/p>\n\n\n\n<p><b>\u2022 Emphasis on <\/b><a href=\"https:\/\/www.sisinternational.com\/it\/caso-di-studio-ipotetico-di-consumer-analytics-eharmony\/\" title=\"Analisi dei consumatori: caso di studio ipotetico di eHarmony\"  data-wpil-monitor-id=\"4339\">Consumer Experience and Personalization: Studies<\/a> are now more focused on understanding the consumer experience and identifying opportunities for personalized offerings. This trend reflects the increasing importance of customer-centric strategies in market entry.<\/span><\/p>\n\n\n\n<p><b>\u2022 Trasformazione digitale ed e-commerce:<\/b><span style=\"font-weight: 400;\"> L\u2019accelerazione della trasformazione digitale e la crescita dell\u2019e-commerce stanno influenzando in modo significativo le strategie di ingresso sul mercato. Gli studi si concentrano sempre pi\u00f9 sui canali digitali, sul comportamento dei consumatori online e sulla preparazione digitale dei mercati.<\/span><\/p>\n\n\n\n<p><b>\u2022 Gestione del rischio in tempi incerti:<\/b><span style=\"font-weight: 400;\"> Questi studi stanno ponendo maggiore enfasi sulla valutazione e sulla gestione del rischio, aiutando le aziende a prepararsi e ad affrontare condizioni di mercato imprevedibili.<\/span><\/p>\n\n\n\n<h2 class=\"wp-block-heading\"><span style=\"font-weight: 400;\">Sfide di ingresso nel mercato, studi di fattibilit\u00e0 e dimensionamento per le imprese<\/span><\/h2>\n\n\n\n<p><span style=\"font-weight: 400;\">Sebbene gli studi sull\u2019ingresso nel mercato, sulla fattibilit\u00e0 e sul dimensionamento forniscano informazioni preziose, comportano anche delle sfide. Queste sfide possono avere un impatto sull\u2019efficacia degli studi e sul successo dell\u2019implementazione dei loro risultati. Alcune delle sfide principali includono:<\/span><\/p>\n\n\n\n<p><b>\u2022 Complessit\u00e0 dell&#039;analisi di mercato: <\/b><span style=\"font-weight: 400;\">Analizzare nuovi mercati, soprattutto in luoghi geografici o settori diversi, pu\u00f2 essere complesso. Muoversi in ambienti culturali, economici e normativi diversi richiede esperienza e una profonda comprensione delle sfumature locali.<\/span><\/p>\n\n\n\n<p><b>\u2022 Rischio di interpretazione errata: <\/b><span style=\"font-weight: 400;\">Il rischio di interpretare erroneamente i dati e le tendenze del mercato \u00e8 sempre presente. Un&#039;interpretazione errata pu\u00f2 portare a strategie e decisioni sbagliate, causando potenzialmente battute d&#039;arresto significative per l&#039;azienda.<\/span><\/p>\n\n\n\n<p><b>\u2022 Bilanciare le esigenze globali e locali:<\/b><span style=\"font-weight: 400;\"> Nel contesto dell\u2019espansione globale, bilanciare la strategia del marchio globale con le esigenze del mercato locale \u00e8 spesso una sfida. Comprendere e adattarsi alle preferenze locali mantenendo la coerenza del marchio \u00e8 fondamentale.<\/span><\/p>\n\n\n\n<h3 class=\"wp-block-heading\">&nbsp;<\/h3>\n\n\n\n<h3 class=\"wp-block-heading\">SIS utilizza un approccio globale e integrato nei progetti di ingresso in nuovi mercati.<\/h3>\n\n\n\n<p>Because our clients operate in a rapidly changing world with rapid shifts in global, regional, and local markets, we use a Hybrid Intelligence approach&nbsp; combining Research, Intelligence and Strategy.&nbsp; This full analysis gives data and intelligence for tactical decision making.<\/p>\n\n\n\n<p>Forniamo in modo esclusivo dati sul dimensionamento del mercato, approfondimenti sui clienti, segmentazioni, elenchi, previsioni, servizi di sourcing dei partner e analisi di fattibilit\u00e0. I nostri ricercatori conducono analisi strategiche per trasformare le informazioni in informazioni fruibili. Con una visione completa del mercato, i nostri clienti possono considerare con maggiore sicurezza la loro strategia di ingresso nel mercato.<\/p>\n\n\n\n<h2 class=\"wp-block-heading\">La differenza SIS<\/h2>\n\n\n\n<ul class=\"wp-block-list\">\n<li>Our 35+&nbsp;years expertise in helping many of the world\u2019s most influential companies expand<\/li>\n\n\n\n<li>I nostri rinomati esperti e autori di gestione<\/li>\n\n\n\n<li>Il nostro approccio alla ricerca integrata combina diversi livelli di intelligenza per una visione completa dell\u2019intero panorama del mercato<\/li>\n\n\n\n<li>I nostri servizi di ricerca e consulenza personalizzati a servizio completo<\/li>\n\n\n\n<li>La nostra copertura del mercato nazionale globale e statunitense<\/li>\n\n\n\n<li>Il nostro background aziendale \u00e8 fondato sulla strategia di mercato<\/li>\n\n\n\n<li>La nostra attenzione \u00e8 rivolta all&#039;analisi strategica e agli insight utilizzabili oltre i dati<\/li>\n<\/ul>","protected":false},"excerpt":{"rendered":"<p>SIS \u00e8 leader in opportunit\u00e0 di mercato, dimensionamento e studi di fattibilit\u00e0 strategica in tutto il mondo.<\/p>","protected":false},"author":1,"featured_media":62841,"parent":14567,"menu_order":8,"comment_status":"open","ping_status":"open","template":"","meta":{"footnotes":""},"class_list":["post-16145","page","type-page","status-publish","has-post-thumbnail"],"_links":{"self":[{"href":"https:\/\/www.sisinternational.com\/it\/wp-json\/wp\/v2\/pages\/16145","targetHints":{"allow":["GET"]}}],"collection":[{"href":"https:\/\/www.sisinternational.com\/it\/wp-json\/wp\/v2\/pages"}],"about":[{"href":"https:\/\/www.sisinternational.com\/it\/wp-json\/wp\/v2\/types\/page"}],"author":[{"embeddable":true,"href":"https:\/\/www.sisinternational.com\/it\/wp-json\/wp\/v2\/users\/1"}],"replies":[{"embeddable":true,"href":"https:\/\/www.sisinternational.com\/it\/wp-json\/wp\/v2\/comments?post=16145"}],"version-history":[{"count":7,"href":"https:\/\/www.sisinternational.com\/it\/wp-json\/wp\/v2\/pages\/16145\/revisions"}],"predecessor-version":[{"id":80243,"href":"https:\/\/www.sisinternational.com\/it\/wp-json\/wp\/v2\/pages\/16145\/revisions\/80243"}],"up":[{"embeddable":true,"href":"https:\/\/www.sisinternational.com\/it\/wp-json\/wp\/v2\/pages\/14567"}],"wp:featuredmedia":[{"embeddable":true,"href":"https:\/\/www.sisinternational.com\/it\/wp-json\/wp\/v2\/media\/62841"}],"wp:attachment":[{"href":"https:\/\/www.sisinternational.com\/it\/wp-json\/wp\/v2\/media?parent=16145"}],"curies":[{"name":"wp","href":"https:\/\/api.w.org\/{rel}","templated":true}]}}