{"id":16134,"date":"2015-06-09T17:40:44","date_gmt":"2015-06-09T17:40:44","guid":{"rendered":"https:\/\/www.sisinternational.com\/?page_id=16134"},"modified":"2025-09-08T12:45:29","modified_gmt":"2025-09-08T16:45:29","slug":"ricerca-personalizzata-primaria-2","status":"publish","type":"page","link":"https:\/\/www.sisinternational.com\/it\/competenza\/ricerca-personalizzata-primaria-2\/","title":{"rendered":"Ricerche di mercato primarie"},"content":{"rendered":"<h1 class=\"wp-block-heading\">Ricerche di mercato primarie<\/h1>\n\n\n\n<figure class=\"gb-block-image gb-block-image-dc28f8e2\"><img loading=\"lazy\" decoding=\"async\" width=\"1456\" height=\"816\" class=\"gb-image gb-image-dc28f8e2\" src=\"https:\/\/www.sisinternational.com\/wp-content\/uploads\/2025\/08\/Desk-research-11.jpg\" srcset=\"https:\/\/www.sisinternational.com\/wp-content\/uploads\/2025\/08\/Desk-research-11.jpg 1456w, https:\/\/www.sisinternational.com\/wp-content\/uploads\/2025\/08\/Desk-research-11-300x168.jpg 300w, https:\/\/www.sisinternational.com\/wp-content\/uploads\/2025\/08\/Desk-research-11-1024x574.jpg 1024w, https:\/\/www.sisinternational.com\/wp-content\/uploads\/2025\/08\/Desk-research-11-768x430.jpg 768w, https:\/\/www.sisinternational.com\/wp-content\/uploads\/2025\/08\/Desk-research-11-18x10.jpg 18w\" sizes=\"auto, (max-width: 1456px) 100vw, 1456px\" alt=\"Ricerca e strategia di mercato internazionale SIS\"><\/figure>\n\n\n\n<p><\/p>\n\n\n\n<hr class=\"wp-block-separator has-alpha-channel-opacity is-style-dots\"\/>\n\n\n\n<h3 class=\"wp-block-heading\">In qualit\u00e0 di societ\u00e0 di ricerche di mercato e intelligence di mercato globale personalizzata a servizio completo, SIS International utilizza un&#039;ampia variet\u00e0 di metodi di ricerca di mercato primari.<\/h3>\n\n\n\n<p>SIS inizia comunicando con il cliente ed escogita una soluzione. Collaboriamo con il cliente per garantire che la soluzione sia pertinente e affidabile. Conduciamo in modo efficiente la ricerca sulla base della nostra esperienza di oltre 40 anni e coinvolgiamo il nostro cliente nel progresso dello studio. Forniamo analisi e reporting strategici avanzati, con l&#039;opzione di servizi post-progetto per massimizzare il valore della ricerca dei nostri clienti.<\/p>\n\n\n\n<ul class=\"wp-block-list\">\n<li>Analisi e statistiche<\/li>\n\n\n\n<li>CATI Indagini telefoniche<\/li>\n\n\n\n<li>Posta diretta<\/li>\n\n\n\n<li>Etnografia \/ Visite a domicilio \/ Interviste sul posto<\/li>\n\n\n\n<li>Face-to-Face Interviews \/ Store Intercepts \/ Mall Intercepts \/ <a href=\"https:\/\/www.sisinternational.com\/it\/soluzioni\/soluzioni-di-ricerca-quantitativa-qualitativa\/test-di-posizione-centrale-vs-focus-group\/\" title=\"Test di posizione centrale vs focus group\"  data-wpil-monitor-id=\"9163\">Test di posizione centrale<\/a><\/li>\n\n\n\n<li>Gruppi di discussione<\/li>\n\n\n\n<li>Rete globale di esperti SIS<\/li>\n\n\n\n<li>Interviste approfondite<\/li>\n\n\n\n<li><a href=\"https:\/\/www.sisinternational.com\/it\/ricerche-di-mercato-sulla-mobilita-intelligente\/\" title=\"Ricerche di mercato sulla mobilit\u00e0 intelligente\"  data-wpil-monitor-id=\"9164\">Ricerca sul marketing mobile<\/a><\/li>\n\n\n\n<li>Netnografia\u2122 SIS\/Analisi web<\/li>\n\n\n\n<li>Ricerca sul neuromarketing<\/li>\n\n\n\n<li>Monitoraggio delle chat online<\/li>\n\n\n\n<li>Sondaggi on-line<\/li>\n\n\n\n<li><a href=\"https:\/\/www.sisinternational.com\/it\/soluzioni\/soluzioni-di-ricerca-quantitativa-qualitativa\/focus-group-online\/\" title=\"Focus group on-line\"  data-wpil-monitor-id=\"9162\">Focus group on-line<\/a> \/ Online Bulletin Boards \/ Online Diaries<\/li>\n\n\n\n<li>Pannelli e database<\/li>\n\n\n\n<li>Videoetnografia<\/li>\n\n\n\n<li>Comunit\u00e0 di insight online (MROC)<\/li>\n<\/ul>\n\n\n\n<h2 class=\"wp-block-heading\"><span style=\"font-weight: 400;\">Cos&#039;\u00e8 la ricerca primaria?<\/span><\/h2>\n\n\n\n<p><span style=\"font-weight: 400;\">La ricerca primaria raccoglie dati freschi e originali direttamente dalle fonti, anzich\u00e9 fare affidamento su dati precedentemente compilati. Questa ricerca \u00e8 personalizzata e specifica per le domande a cui le aziende o i ricercatori intendono rispondere. A differenza della ricerca secondaria, che riutilizza i dati esistenti, la ricerca primaria offre approfondimenti di prima mano e direttamente rilevanti per il contesto specifico o il problema da affrontare.&nbsp;<\/span><\/p>\n\n\n\n<h2 class=\"wp-block-heading\"><span style=\"font-weight: 400;\">Perch\u00e9 \u00e8 importante?<\/span><\/h2>\n\n\n\n<p><span style=\"font-weight: 400;\">La ricerca primaria garantisce che le informazioni siano progettate specificamente per esigenze e domande uniche. A differenza dei dati generici, queste informazioni si rivolgono direttamente ai tuoi obiettivi e alle tue domande aziendali.&nbsp;<\/span><\/p>\n\n\n\n<p><span style=\"font-weight: 400;\">It delivers fresh data that businesses can use against competitors because having data that others might not have access to can carve out unique niches and <a href=\"https:\/\/www.sisinternational.com\/it\/soluzioni\/consulenza-strategica\/ricerca-sulle-opportunita-di-mercato\/\" title=\"Ricerca sulle opportunit\u00e0 di mercato\"  data-wpil-monitor-id=\"9167\">opportunities in the market<\/a>. Additionally, it enables businesses to delve deep into the customer psyche, understanding their needs, preferences, and pain points from the source. This kind of firsthand knowledge can greatly enhance customer-centric strategies.<\/span><\/p>\n\n\n\n<p><span style=\"font-weight: 400;\">Ma ha pi\u00f9 vantaggi come:&nbsp;<\/span><\/p>\n\n\n\n<p><b>\u2022 Unbiased <\/b><a href=\"https:\/\/www.sisinternational.com\/it\/copertura\/europa\/ricerche-di-mercato-liverpool-regno-unito\/\" title=\"Ricerche di mercato a Liverpool | Focus group e raccolta dati nel Regno Unito\"  data-wpil-monitor-id=\"9165\">Data Collection: Primary research<\/a> ensures businesses collect data firsthand, without any pre-existing biases or interpretations. This offers a clean slate for understanding the target subject.<\/span><\/p>\n\n\n\n<p><b>\u2022 Flessibilit\u00e0: <\/b><span style=\"font-weight: 400;\">Questa ricerca consente alle aziende di orientare e modificare il proprio approccio durante la raccolta dei dati. Se alcune domande non forniscono informazioni utili, possono essere modificate o perfezionate in tempo reale.<\/span><\/p>\n\n\n\n<p><b>\u2022 Informazioni proprietarie: <\/b><span style=\"font-weight: 400;\">I risultati della ricerca primaria appartengono esclusivamente all&#039;organizzazione committente della ricerca. Questi dati proprietari possono offrire un vantaggio competitivo, consentendo strategie che i rivali potrebbero non prevedere.<\/span><\/p>\n\n\n\n<p><b>\u2022 Creare affidabilit\u00e0: <\/b><span style=\"font-weight: 400;\">I dati originali possono rafforzare la credibilit\u00e0 di un&#039;azienda, in particolare se sta cercando di posizionarsi come leader di pensiero nel proprio settore.<\/span><\/p>\n\n\n\n<p><b>\u2022 Efficacia dei costi: <\/b><span style=\"font-weight: 400;\">Questo tipo di ricerca potrebbe avere costi iniziali pi\u00f9 elevati rispetto alla ricerca secondaria, ma il ROI a lungo termine pu\u00f2 essere sostanziale. Approfondimenti personalizzati possono portare a strategie pi\u00f9 efficaci e prevenire costosi passi falsi basati su dati generalizzati o obsoleti.<\/span><\/p>\n\n\n\n<p><b>\u2022 Riduzione del rischio:<\/b><span style=\"font-weight: 400;\"> Before launching a new <a href=\"https:\/\/www.sisinternational.com\/it\/competenza\/curriculum-di-esperienza\/ricerche-di-mercato-sui-prodotti-per-la-cura-personale\/\" title=\"Ricerche di mercato sui prodotti per la cura personale\"  data-wpil-monitor-id=\"9168\">product or entering a new market<\/a>, primary research can offer vital information to gauge potential success and mitigate risks.<\/span><\/p>\n\n\n\n<p><b>\u2022 Opportunit\u00e0 innovative:<\/b><span style=\"font-weight: 400;\"> Identificando le lacune nel mercato, le aziende possono scoprire idee e opportunit\u00e0 innovative che altrimenti non sarebbero state evidenti.<\/span><\/p>\n\n\n\n<p><b>\u2022 Diversi metodi di raccolta dati: <\/b>Beyond traditional interviews and surveys, <a href=\"https:\/\/www.sisinternational.com\/it\/i-social-media-nelle-piccole-imprese\/\" title=\"Strategie di social media per le piccole imprese\"  data-wpil-monitor-id=\"9166\">businesses can leverage social media<\/a>, wearable tech, and IoT devices as sources of primary data.<\/span><\/p>\n\n\n\n<h2 class=\"wp-block-heading\"><span style=\"font-weight: 400;\">Tendenze emergenti nella ricerca primaria<\/span><\/h2>\n\n\n\n<p><span style=\"font-weight: 400;\">Man mano che il mondo degli affari e la tecnologia si evolvono, la ricerca deve incorporare questi cambiamenti e comprendere le ultime tendenze che determinano il modo in cui le informazioni vengono raccolte e interpretate.&nbsp;<\/span><\/p>\n\n\n\n<p><b>\u2022 Integrazione di Tecnologie Avanzate: <\/b><span style=\"font-weight: 400;\">L\u2019integrazione dell\u2019intelligenza artificiale (AI) e del machine learning (ML) nella ricerca sta migliorando la raccolta, l\u2019analisi e l\u2019interpretazione dei dati. Questi strumenti possono prevedere modelli, dando un senso a vasti set di dati in modo pi\u00f9 efficiente rispetto ai metodi tradizionali.<\/span><\/p>\n\n\n\n<p><b>\u2022 Realt\u00e0 Virtuale (VR) e Realt\u00e0 Aumentata (AR) nella Ricerca: <\/b><span style=\"font-weight: 400;\">Soprattutto nei test dei prodotti o nelle valutazioni del layout dei negozi, gli strumenti VR e AR stanno trasformando la scena primaria della ricerca, offrendo un\u2019esperienza pi\u00f9 coinvolgente agli intervistati.<\/span><\/p>\n\n\n\n<p><b>\u2022 Studi longitudinali: <\/b><span style=\"font-weight: 400;\">Mentre le indagini una tantum forniscono istantanee, c\u2019\u00e8 una tendenza crescente verso studi longitudinali nella ricerca primaria, che offrono approfondimenti sui cambiamenti nel tempo, monitorando lo stesso gruppo di intervistati.<\/span><\/p>\n\n\n\n<p><b>\u2022 Analisi in tempo reale: <\/b><span style=\"font-weight: 400;\">Mentre le aziende cercano informazioni immediate, il dominio di ricerca primario si sta spostando verso la fornitura di analisi in tempo reale, consentendo un processo decisionale istantaneo.<\/span><\/p>\n\n\n\n<h2 class=\"wp-block-heading\"><span style=\"font-weight: 400;\">Ricerca primaria: caso di studio<\/span><\/h2>\n\n\n\n<p><b>LEGO \u2013 Ricostruire un marchio storico<\/b><\/p>\n\n\n\n<p><span style=\"font-weight: 400;\">All&#039;inizio degli anni 2000, LEGO stava affrontando un calo delle vendite ed era sull&#039;orlo della bancarotta. Quindi, invece di fare affidamento esclusivamente sulle tendenze del mercato, LEGO si \u00e8 rivolta ai suoi fan. Hanno avviato la ricerca primaria coinvolgendo comunit\u00e0 di utenti dedicate, arrivando addirittura a ospitare convegni e riunioni per raccogliere approfondimenti direttamente dai loro utenti pi\u00f9 appassionati.<\/span><\/p>\n\n\n\n<p><span style=\"font-weight: 400;\">LEGO ha scoperto che questi fan avevano un profondo legame emotivo con il marchio e hanno fornito informazioni su ci\u00f2 che amavano dei set LEGO. Hanno anche appreso della richiesta di set pi\u00f9 complessi destinati agli appassionati pi\u00f9 anziani.<\/span><\/p>\n\n\n\n<p><span style=\"font-weight: 400;\">Di conseguenza, questa ricerca primaria ha portato all&#039;introduzione di modelli avanzati, come le serie LEGO Technic e LEGO Architecture. L&#039;azienda ha anche collaborato con i designer dei fan su nuovi prodotti.&nbsp;<\/span><\/p>\n\n\n\n<h2 class=\"wp-block-heading\"><span style=\"font-weight: 400;\">Sfide della ricerca primaria<\/span><\/h2>\n\n\n\n<figure class=\"gb-block-image gb-block-image-379e410f\"><img loading=\"lazy\" decoding=\"async\" width=\"1456\" height=\"816\" class=\"gb-image gb-image-379e410f\" src=\"https:\/\/www.sisinternational.com\/wp-content\/uploads\/2025\/09\/Quantitative-research-11.jpg\" alt=\"Ricerca e strategia di mercato internazionale SIS\" title=\"Quantitative research (11)\" srcset=\"https:\/\/www.sisinternational.com\/wp-content\/uploads\/2025\/09\/Quantitative-research-11.jpg 1456w, https:\/\/www.sisinternational.com\/wp-content\/uploads\/2025\/09\/Quantitative-research-11-300x168.jpg 300w, https:\/\/www.sisinternational.com\/wp-content\/uploads\/2025\/09\/Quantitative-research-11-1024x574.jpg 1024w, https:\/\/www.sisinternational.com\/wp-content\/uploads\/2025\/09\/Quantitative-research-11-768x430.jpg 768w, https:\/\/www.sisinternational.com\/wp-content\/uploads\/2025\/09\/Quantitative-research-11-18x10.jpg 18w\" sizes=\"auto, (max-width: 1456px) 100vw, 1456px\"><\/figure>\n\n\n\n<p><\/p>\n\n\n\n<p><span style=\"font-weight: 400;\">La ricerca primaria presenta una serie di sfide. Le aziende che desiderano intraprendere questo percorso devono essere consapevoli di queste potenziali insidie per navigare in modo efficace nel panorama della ricerca:<\/span><\/p>\n\n\n\n<p><b>\u2022 Implicazioni sui costi: <\/b><span style=\"font-weight: 400;\">Pu\u00f2 essere pi\u00f9 costosa della ricerca secondaria a causa delle risorse necessarie per progettare, implementare e analizzare la ricerca originale. I costi possono variare dall\u2019assunzione di esperti all\u2019ottenimento degli strumenti giusti o al pagamento dei partecipanti.<\/span><\/p>\n\n\n\n<p><b>\u2022 Richiede tempo: <\/b><span style=\"font-weight: 400;\">La raccolta dei dati in prima persona \u00e8 un processo che richiede molto tempo. Dalla concettualizzazione dello studio alla raccolta e quindi all&#039;analisi dei dati pu\u00f2 estendersi per periodi prolungati.<\/span><\/p>\n\n\n\n<p><b>\u2022 Rischio di bias: <\/b><span style=\"font-weight: 400;\">Senza un\u2019attenta pianificazione, la ricerca primaria pu\u00f2 introdurre pregiudizi. Questi potrebbero derivare dal modo in cui vengono formulate le domande, dai dati demografici dei partecipanti o persino dall\u2019ambiente in cui viene condotta la ricerca.<\/span><\/p>\n\n\n\n<p><b>\u2022 Sovraccarico di dati: <\/b><span style=\"font-weight: 400;\">Esiste il rischio di raccogliere troppi dati, portando alla paralisi dell&#039;analisi in cui diventa difficile vagliarli e trarre conclusioni significative.<\/span><\/p>\n\n\n\n<p><b>\u2022 Ambito limitato: <\/b><span style=\"font-weight: 400;\">A differenza della ricerca secondaria che pu\u00f2 offrire una visione pi\u00f9 ampia, la ricerca a volte pu\u00f2 essere troppo ristretta, concentrandosi su una questione specifica e potenzialmente perdendo il quadro pi\u00f9 ampio.<\/span><\/p>\n\n\n\n<p><b>\u2022 Garantire l&#039;autenticit\u00e0 del partecipante: <\/b><span style=\"font-weight: 400;\">Soprattutto nei sondaggi online e nei metodi digitali, garantire che i partecipanti siano autentici e non influenzati da fattori esterni pu\u00f2 essere difficile.<\/span><\/p>\n\n\n\n<p><b>\u2022 Dipendenza da fattori esterni: <\/b>External factors like political events, natural disasters, or <a href=\"https:\/\/www.sisinternational.com\/it\/compagnie-aeree-low-cost-nel-settore-dellaviazione\/\" title=\"Ricerche di mercato sulle compagnie aeree low cost\"  data-wpil-monitor-id=\"9161\">global pandemics can greatly affect the research<\/a> process and its outcomes.<\/span><\/p>\n\n\n\n<p><\/p>","protected":false},"excerpt":{"rendered":"<p>SIS International fornisce un&#039;ampia variet\u00e0 di metodi di ricerca di mercato primari.<\/p>","protected":false},"author":1,"featured_media":62808,"parent":14514,"menu_order":20,"comment_status":"closed","ping_status":"open","template":"","meta":{"footnotes":""},"class_list":["post-16134","page","type-page","status-publish","has-post-thumbnail"],"_links":{"self":[{"href":"https:\/\/www.sisinternational.com\/it\/wp-json\/wp\/v2\/pages\/16134","targetHints":{"allow":["GET"]}}],"collection":[{"href":"https:\/\/www.sisinternational.com\/it\/wp-json\/wp\/v2\/pages"}],"about":[{"href":"https:\/\/www.sisinternational.com\/it\/wp-json\/wp\/v2\/types\/page"}],"author":[{"embeddable":true,"href":"https:\/\/www.sisinternational.com\/it\/wp-json\/wp\/v2\/users\/1"}],"replies":[{"embeddable":true,"href":"https:\/\/www.sisinternational.com\/it\/wp-json\/wp\/v2\/comments?post=16134"}],"version-history":[{"count":6,"href":"https:\/\/www.sisinternational.com\/it\/wp-json\/wp\/v2\/pages\/16134\/revisions"}],"predecessor-version":[{"id":81533,"href":"https:\/\/www.sisinternational.com\/it\/wp-json\/wp\/v2\/pages\/16134\/revisions\/81533"}],"up":[{"embeddable":true,"href":"https:\/\/www.sisinternational.com\/it\/wp-json\/wp\/v2\/pages\/14514"}],"wp:featuredmedia":[{"embeddable":true,"href":"https:\/\/www.sisinternational.com\/it\/wp-json\/wp\/v2\/media\/62808"}],"wp:attachment":[{"href":"https:\/\/www.sisinternational.com\/it\/wp-json\/wp\/v2\/media?parent=16134"}],"curies":[{"name":"wp","href":"https:\/\/api.w.org\/{rel}","templated":true}]}}