{"id":15432,"date":"2015-04-21T12:48:26","date_gmt":"2015-04-21T12:48:26","guid":{"rendered":"https:\/\/www.sisinternational.com\/?page_id=15432"},"modified":"2025-10-20T01:08:52","modified_gmt":"2025-10-20T05:08:52","slug":"ricerche-di-mercato-per-immagini-diagnostiche","status":"publish","type":"page","link":"https:\/\/www.sisinternational.com\/it\/competenza\/ricerche-di-mercato-per-immagini-diagnostiche\/","title":{"rendered":"Ricerche di mercato per l\u2019imaging diagnostico"},"content":{"rendered":"<h1 class=\"wp-block-heading\">Ricerche di mercato per l\u2019imaging diagnostico<\/h1>\n\n\n\n<figure class=\"gb-block-image gb-block-image-967c7b70\"><img loading=\"lazy\" decoding=\"async\" width=\"1456\" height=\"816\" class=\"gb-image gb-image-967c7b70\" src=\"https:\/\/www.sisinternational.com\/wp-content\/uploads\/2025\/08\/Diagnostic-Imaging-3.jpg\" srcset=\"https:\/\/www.sisinternational.com\/wp-content\/uploads\/2025\/08\/Diagnostic-Imaging-3.jpg 1456w, https:\/\/www.sisinternational.com\/wp-content\/uploads\/2025\/08\/Diagnostic-Imaging-3-300x168.jpg 300w, https:\/\/www.sisinternational.com\/wp-content\/uploads\/2025\/08\/Diagnostic-Imaging-3-1024x574.jpg 1024w, https:\/\/www.sisinternational.com\/wp-content\/uploads\/2025\/08\/Diagnostic-Imaging-3-768x430.jpg 768w, https:\/\/www.sisinternational.com\/wp-content\/uploads\/2025\/08\/Diagnostic-Imaging-3-18x10.jpg 18w\" sizes=\"auto, (max-width: 1456px) 100vw, 1456px\" alt=\"Ricerca e strategia di mercato internazionale SIS\"><\/figure>\n\n\n\n<p><\/p>\n\n\n\n<h2 class=\"wp-block-heading p1\">Il settore dell\u2019imaging medico e diagnostico \u00e8 destinato a vedere una crescita continua negli anni a venire poich\u00e9 una popolazione che invecchia avr\u00e0 sempre pi\u00f9 bisogno di questi importanti servizi. Un migliore accesso all\u2019assicurazione sanitaria per molti americani migliorer\u00e0 anche l\u2019accesso a questi servizi.<\/h2>\n\n\n\n<p class=\"p1\"><span class=\"s1\">Diagnostic imaging is a big business worldwide, generating billions in revenue.&nbsp; Diagnostic Market Research provides insight into market opportunities and positioning. <\/span><\/p>\n\n\n\n<p class=\"p1\"><span class=\"s1\">risonanza magnetica, ecografie,<span class=\"Apple-converted-space\">&nbsp;E<\/span>lastography, and Thermology are becoming increasingly familiar to patients as these sought-after services provide tangible and beneficial medical results.&nbsp; <a href=\"https:\/\/www.sisinternational.com\/it\/contattaci\/\" title=\"Contattaci\"  data-wpil-monitor-id=\"8516\">Ricerca internazionale SIS<\/a> assists companies and new entrants in understanding the markets they are already in, and those they wish to penetrate. <\/span><\/p>\n\n\n\n<p class=\"p1\"><span class=\"s1\">We provide cutting-edge data, market insights, <a href=\"https:\/\/www.sisinternational.com\/it\/copertura\/ricerche-di-mercato-asiatiche\/analisi-competitiva-cina\/\" title=\"Analisi competitiva in Cina\"  data-wpil-monitor-id=\"8522\">competitive intelligence services, and expert analysis<\/a> that provide actionable insight for decision making.<\/span><\/p>\n\n\n\n<h3 class=\"wp-block-heading p1\">La ricerca internazionale SIS fornisce informazioni sugli atteggiamenti, le preferenze e le abitudini dei consumatori target. Interviste approfondite con gli operatori sanitari aprono ulteriori finestre sul funzionamento interno del settore redditizio e in rapida evoluzione dell&#039;imaging diagnostico.<\/h3>\n\n\n\n<h2 class=\"wp-block-heading\">Informazioni sulle ricerche di mercato per l\u2019imaging diagnostico<\/h2>\n\n\n\n<p>Noi <a href=\"https:\/\/www.sisinternational.com\/it\/how-to-conduct-in-depth-interviews-for-market-insights\/\" title=\"Come condurre interviste approfondite per ottenere informazioni di mercato\"  data-wpil-monitor-id=\"8524\">conduct Surveys and Interviews<\/a> with a variety of Decision Makers to provide data, insights and strategies.&nbsp; We speak with industry professionals including:<\/p>\n\n\n\n<ul class=\"wp-block-list\">\n<li>Direttori di laboratori clinici<\/li>\n\n\n\n<li>Citotecnologi<\/li>\n\n\n\n<li>Radiologi diagnostici<\/li>\n\n\n\n<li>Tecnologi della mammografia<\/li>\n\n\n\n<li>Direttori dell&#039;imaging muscoloscheletrico<\/li>\n\n\n\n<li>Tecnologi degli ultrasuoni<\/li>\n\n\n\n<li>Tecnici dei raggi X<\/li>\n\n\n\n<li>Associati per la cura dei pazienti<\/li>\n\n\n\n<li>Receptionist medici<\/li>\n\n\n\n<li>Tecnologi PVL<\/li>\n\n\n\n<li>Responsabili della sicurezza informatica<\/li>\n\n\n\n<li>Biochimici<\/li>\n\n\n\n<li>Tecnologi PET\/CT<\/li>\n<\/ul>\n\n\n\n<p>SIS can give you a better <a href=\"https:\/\/www.sisinternational.com\/it\/copertura\/ricerche-di-mercato-africane\/ricerche-di-mercato-in-mauritania-africa\/\" title=\"Ricerche di mercato in Mauritania, Africa: una panoramica\"  data-wpil-monitor-id=\"8518\">overview of target markets<\/a>, your competition, and the evolving trends that shape and transform this growing industry. Take advantage of what our 40+ years of <a href=\"https:\/\/www.sisinternational.com\/it\/competenza\/curriculum-di-esperienza\/curriculum-dellesperienza-negli-studi-etnografici\/\" title=\"Esperienza in ricerche di mercato etnografiche\"  data-wpil-monitor-id=\"8520\">experience in marketing research<\/a> can do for you today.<\/p>\n\n\n\n<p><\/p>","protected":false},"excerpt":{"rendered":"<p>SIS fornisce ricerche strategiche e approfondimenti sui clienti per le aziende che cercano di essere leader nel settore dell&#039;imaging diagnostico.  <\/p>","protected":false},"author":1,"featured_media":64774,"parent":14514,"menu_order":18,"comment_status":"open","ping_status":"open","template":"","meta":{"footnotes":""},"class_list":["post-15432","page","type-page","status-publish","has-post-thumbnail"],"_links":{"self":[{"href":"https:\/\/www.sisinternational.com\/it\/wp-json\/wp\/v2\/pages\/15432","targetHints":{"allow":["GET"]}}],"collection":[{"href":"https:\/\/www.sisinternational.com\/it\/wp-json\/wp\/v2\/pages"}],"about":[{"href":"https:\/\/www.sisinternational.com\/it\/wp-json\/wp\/v2\/types\/page"}],"author":[{"embeddable":true,"href":"https:\/\/www.sisinternational.com\/it\/wp-json\/wp\/v2\/users\/1"}],"replies":[{"embeddable":true,"href":"https:\/\/www.sisinternational.com\/it\/wp-json\/wp\/v2\/comments?post=15432"}],"version-history":[{"count":4,"href":"https:\/\/www.sisinternational.com\/it\/wp-json\/wp\/v2\/pages\/15432\/revisions"}],"predecessor-version":[{"id":81430,"href":"https:\/\/www.sisinternational.com\/it\/wp-json\/wp\/v2\/pages\/15432\/revisions\/81430"}],"up":[{"embeddable":true,"href":"https:\/\/www.sisinternational.com\/it\/wp-json\/wp\/v2\/pages\/14514"}],"wp:featuredmedia":[{"embeddable":true,"href":"https:\/\/www.sisinternational.com\/it\/wp-json\/wp\/v2\/media\/64774"}],"wp:attachment":[{"href":"https:\/\/www.sisinternational.com\/it\/wp-json\/wp\/v2\/media?parent=15432"}],"curies":[{"name":"wp","href":"https:\/\/api.w.org\/{rel}","templated":true}]}}