{"id":15225,"date":"2015-04-09T21:42:37","date_gmt":"2015-04-09T21:42:37","guid":{"rendered":"https:\/\/www.sisinternational.com\/?page_id=15225"},"modified":"2025-09-07T18:40:11","modified_gmt":"2025-09-07T22:40:11","slug":"ricerche-di-mercato-sulla-sicurezza","status":"publish","type":"page","link":"https:\/\/www.sisinternational.com\/it\/competenza\/ricerche-di-mercato-sulla-sicurezza\/","title":{"rendered":"Ricerche di mercato sulla sicurezza"},"content":{"rendered":"<h1 class=\"wp-block-heading\">Ricerche di mercato sulla sicurezza<\/h1>\n\n\n\n<figure class=\"gb-block-image gb-block-image-26d728a3\"><img loading=\"lazy\" decoding=\"async\" width=\"1456\" height=\"816\" class=\"gb-image gb-image-26d728a3\" src=\"https:\/\/www.sisinternational.com\/wp-content\/uploads\/2025\/08\/Cibersecurity-security-7.jpg\" alt=\"Ricerca e strategia di mercato internazionale SIS\" title=\"Cibersecurity security (7)\" srcset=\"https:\/\/www.sisinternational.com\/wp-content\/uploads\/2025\/08\/Cibersecurity-security-7.jpg 1456w, https:\/\/www.sisinternational.com\/wp-content\/uploads\/2025\/08\/Cibersecurity-security-7-300x168.jpg 300w, https:\/\/www.sisinternational.com\/wp-content\/uploads\/2025\/08\/Cibersecurity-security-7-1024x574.jpg 1024w, https:\/\/www.sisinternational.com\/wp-content\/uploads\/2025\/08\/Cibersecurity-security-7-768x430.jpg 768w, https:\/\/www.sisinternational.com\/wp-content\/uploads\/2025\/08\/Cibersecurity-security-7-18x10.jpg 18w\" sizes=\"auto, (max-width: 1456px) 100vw, 1456px\"><\/figure>\n\n\n\n<p>&nbsp;<\/p>\n\n\n\n<h2 class=\"wp-block-heading p1\">Sulla scia delle attivit\u00e0 terroristiche globali, dell\u2019hacktivismo e dell\u2019aumento della criminalit\u00e0 informatica, la necessit\u00e0 di rafforzare le misure di sicurezza aziendale non \u00e8 mai stata cos\u00ec chiara e preveggente.<\/h2>\n\n\n\n<p>SIS International Research ha condotto ricerche approfondite sulla sicurezza aziendale, sulla sicurezza informatica e sulla sicurezza fisica in tempo reale in relazione alla protezione delle risorse, della propriet\u00e0 intellettuale e della reputazione aziendale. Che tu sia un&#039;azienda di sicurezza o che stia esplorando i vantaggi di una sicurezza avanzata, possiamo assisterti con dati, ricerche, approfondimenti e strategie.<\/p>\n\n\n\n<h2 class=\"wp-block-heading p1\">Metodi di ricerca di mercato<\/h2>\n\n\n\n<p class=\"p1\">Recently, we\u2019ve undertaken channel <a href=\"https:\/\/www.sisinternational.com\/it\/strategie-di-sostenibilita-aziendale-un-caso-di-studio-siemens\/\" title=\"Strategie di sostenibilit\u00e0 aziendale: un caso di studio Siemens\"  data-wpil-monitor-id=\"10786\">studies for corporate<\/a> and industrial security projects in North America. We\u2019ve utilized <a href=\"https:\/\/www.sisinternational.com\/it\/progetto-di-intelligence-competitiva-globale-della-rivista-ruth-stanat-competitive-intelligence\/\" title=\"Societ\u00e0 globale di intelligence competitiva\"  data-wpil-monitor-id=\"10779\">Competitive Intelligence techniques to explore global<\/a> cybersecurity measures in-depth. Sophisticated phone studies incorporating the CATI <a href=\"https:\/\/www.sisinternational.com\/it\/competenza\/industrie\/ricerche-di-mercato-tramite-interviste-telefoniche-assistite-da-computer\/\" title=\"Ricerche di mercato sui colloqui telefonici assistiti da computer\"  data-wpil-monitor-id=\"10781\">Telephone Survey methodology have assisted<\/a> in the evaluation of product features, consumer needs, and potential pricing.<\/p>\n\n\n\n<p class=\"p1\">New <a href=\"https:\/\/www.sisinternational.com\/it\/soluzioni\/soluzioni-di-branding-e-ricerca-clienti\/ricerche-di-mercato-per-test-di-prodotto\/\" title=\"Ricerche di mercato sui test dei prodotti\"  data-wpil-monitor-id=\"10777\">Product Testing research<\/a>, Customer Interviews, Focus Groups, Market Trend \/ Response studies, B2B Executive Interviews, and Low Incidence research \u2026 these approaches can provide insight, which can make your business safer and more successful.<\/p>\n\n\n\n<h2 class=\"wp-block-heading\">Soluzioni per ricerche di mercato sulla sicurezza<\/h2>\n\n\n\n<p><a href=\"https:\/\/www.sisinternational.com\/it\/contattaci\/\" title=\"Contattaci\"  data-wpil-monitor-id=\"10774\">Ricerca internazionale SIS<\/a> has focused on household and business security systems for small and mid-size business owners and on international cybersecurity efforts. Our results-oriented research is particularly helpful for SMB managers who manage company security functions. If you\u2019re business is exploring potential security solutions, effective market <a href=\"https:\/\/www.sisinternational.com\/it\/assistenza-sanitaria-per-la-sicurezza-informatica\/\" title=\"Ricerche di mercato sulla sicurezza informatica nel settore sanitario\"  data-wpil-monitor-id=\"7259\">ricerca<\/a> can guide you towards obtaining the professional security protection you need in the 21st Century. For security companies, we\u2019ll help you understand markets and clients in <a href=\"https:\/\/www.sisinternational.com\/it\/pubblicazioni\/ricerche-di-mercato-per-un-business-scalabile-7-modi-per-costruire-un-business-scalabile\/\" title=\"Ricerche di mercato per aziende scalabili: 7 modi per costruire un business scalabile\"  data-wpil-monitor-id=\"10784\">ways<\/a> that brighten your business outlook and ensure your success.<\/p>\n\n\n\n<h2 class=\"wp-block-heading\"><a href=\"https:\/\/www.sisinternational.com\/it\/about-sis\/contact-sis-international-market-research\/\">Contattaci per il tuo prossimo progetto di ricerca di mercato sulla sicurezza.<\/a><\/h2>","protected":false},"excerpt":{"rendered":"<p>SIS fornisce approfondimenti, dati e strategie di ricerche di mercato alle aziende riguardo a opportunit\u00e0, minacce e tecnologie legate alla sicurezza.<\/p>","protected":false},"author":1,"featured_media":64042,"parent":14514,"menu_order":14,"comment_status":"open","ping_status":"open","template":"","meta":{"footnotes":""},"class_list":["post-15225","page","type-page","status-publish","has-post-thumbnail"],"_links":{"self":[{"href":"https:\/\/www.sisinternational.com\/it\/wp-json\/wp\/v2\/pages\/15225","targetHints":{"allow":["GET"]}}],"collection":[{"href":"https:\/\/www.sisinternational.com\/it\/wp-json\/wp\/v2\/pages"}],"about":[{"href":"https:\/\/www.sisinternational.com\/it\/wp-json\/wp\/v2\/types\/page"}],"author":[{"embeddable":true,"href":"https:\/\/www.sisinternational.com\/it\/wp-json\/wp\/v2\/users\/1"}],"replies":[{"embeddable":true,"href":"https:\/\/www.sisinternational.com\/it\/wp-json\/wp\/v2\/comments?post=15225"}],"version-history":[{"count":7,"href":"https:\/\/www.sisinternational.com\/it\/wp-json\/wp\/v2\/pages\/15225\/revisions"}],"predecessor-version":[{"id":67336,"href":"https:\/\/www.sisinternational.com\/it\/wp-json\/wp\/v2\/pages\/15225\/revisions\/67336"}],"up":[{"embeddable":true,"href":"https:\/\/www.sisinternational.com\/it\/wp-json\/wp\/v2\/pages\/14514"}],"wp:featuredmedia":[{"embeddable":true,"href":"https:\/\/www.sisinternational.com\/it\/wp-json\/wp\/v2\/media\/64042"}],"wp:attachment":[{"href":"https:\/\/www.sisinternational.com\/it\/wp-json\/wp\/v2\/media?parent=15225"}],"curies":[{"name":"wp","href":"https:\/\/api.w.org\/{rel}","templated":true}]}}