{"id":15205,"date":"2015-04-09T09:44:31","date_gmt":"2015-04-09T09:44:31","guid":{"rendered":"https:\/\/www.sisinternational.com\/?page_id=15205"},"modified":"2026-01-25T17:34:49","modified_gmt":"2026-01-25T22:34:49","slug":"ricerca-internazionale-sulla-proprieta-intellettuale","status":"publish","type":"page","link":"https:\/\/www.sisinternational.com\/it\/soluzioni\/e-la-crescita-globale\/ricerca-internazionale-sulla-proprieta-intellettuale\/","title":{"rendered":"Ricerche di mercato sulla propriet\u00e0 intellettuale"},"content":{"rendered":"<h1 class=\"wp-block-heading\">Ricerche di mercato sulla propriet\u00e0 intellettuale<\/h1>\n\n\n\n<figure class=\"gb-block-image gb-block-image-5493aa1d\"><img loading=\"lazy\" decoding=\"async\" width=\"1024\" height=\"574\" class=\"gb-image gb-image-5493aa1d\" src=\"https:\/\/www.sisinternational.com\/wp-content\/uploads\/2025\/08\/RegTech-5-1024x574.jpg\" alt=\"Ricerca e strategia di mercato internazionale SIS\" title=\"RegTech (5)\" srcset=\"https:\/\/www.sisinternational.com\/wp-content\/uploads\/2025\/08\/RegTech-5-1024x574.jpg 1024w, https:\/\/www.sisinternational.com\/wp-content\/uploads\/2025\/08\/RegTech-5-300x168.jpg 300w, https:\/\/www.sisinternational.com\/wp-content\/uploads\/2025\/08\/RegTech-5-768x430.jpg 768w, https:\/\/www.sisinternational.com\/wp-content\/uploads\/2025\/08\/RegTech-5-18x10.jpg 18w, https:\/\/www.sisinternational.com\/wp-content\/uploads\/2025\/08\/RegTech-5.jpg 1456w\" sizes=\"auto, (max-width: 1024px) 100vw, 1024px\"><\/figure>\n\n\n\n<p><\/p>\n\n\n\n<hr class=\"wp-block-separator has-alpha-channel-opacity is-style-dots\"\/>\n\n\n\n<h2 class=\"wp-block-heading p1\">International intellectual property law involves bilateral and multilateral agreements that seek to augment domestic rules that govern and protect intellectual property (IP). Most cross-border IP issues are addressed through the World Intellectual Property Organization (WIPO).<\/h2>\n\n\n\n<p class=\"p1\">In the world of business, intellectual property issues are increasingly being encountered given its highly globalized environment wherein thousands of companies participate. Given the level of competition resulting from this climate, companies realize the importance of protecting their intellectual properties. IP includes a broad range of concepts including trade names (such as &#8220;Starbuck&#8217;s&#8221;), an industry report conducted by a research firm, movies, images, books, cooking recipes, medicines, trade secrets, manufacturing processes, and architectural design.<\/p>\n\n\n\n<p class=\"p1\">I problemi pi\u00f9 comuni che spesso portano a contenziosi costosi e dolorosi sono le accuse di violazione di brevetti, copyright e marchi. Seguendo l\u2019infrastruttura tecnologica su cui ora prosperano le imprese moderne, anche i diritti di propriet\u00e0 relativi ai contenuti digitali, alla progettazione di software, ai nomi di dominio e ai database sono focolai di scontri. Ci\u00f2 rende la propriet\u00e0 intellettuale una componente importante di qualsiasi azienda che intenda prosperare nell\u2019arena globale.<\/p>\n\n\n\n<p class=\"p1\">For managers, knowledge of IP fundamentals will not only help protect their companies&#8217; intellectual assets but also help steer their companies away from hostile legal suits arising from allegations of IP infringements. The sheer abundance of players, products, and services in just about any business sector increases the risk of companies from having their intellectual assets misappropriated by other entities. While some infringements are unintentional, others are calculated and committed by unethical business entities.<\/p>\n\n\n\n<p class=\"p1\">Anche cos\u00ec, i manager delle organizzazioni che aderiscono alle migliori pratiche del business globale sono obbligati a seguire e implementare le leggi sulla protezione della propriet\u00e0 intellettuale riconosciute a livello internazionale. Perseguire i diritti di propriet\u00e0 intellettuale (DPI) \u00e8 nel loro interesse perch\u00e9:<\/p>\n\n\n\n<ol class=\"wp-block-list\">\n<li>Salvaguarda gli asset che danno alle aziende un vantaggio competitivo<\/li>\n\n\n\n<li>Migliora il marchio<\/li>\n\n\n\n<li>Scoraggia le aziende dal violare i diritti esistenti<\/li>\n\n\n\n<li>Pu\u00f2 essere sfruttato come flusso di entrate attraverso licenze o trasferimenti di tecnologia<\/li>\n\n\n\n<li>Aggiunge valore di mercato a un\u2019azienda<\/li>\n<\/ol>\n\n\n\n<h2 class=\"wp-block-heading\">Informazioni sulle ricerche di mercato sulla propriet\u00e0 intellettuale<\/h2>\n\n\n\n<p>Le ricerche di mercato svelano intuizioni, informazioni e strategie che proteggono la propriet\u00e0 intellettuale. Di seguito le nostre soluzioni:<\/p>\n\n\n\n<ul class=\"wp-block-list\">\n<li>Ricerca secondaria sulla violazione della propriet\u00e0 intellettuale protetta<\/li>\n\n\n\n<li>Ricerca sui clienti<\/li>\n\n\n\n<li>Trademark <a href=\"https:\/\/www.sisinternational.com\/it\/competenza\/industrie\/ricerche-di-mercato-in-zoologia\/\" title=\"Ricerche di mercato in zoologia\"  data-wpil-monitor-id=\"4307\">Market Confusion research<\/a><\/li>\n\n\n\n<li>Ricerca sui mercati emergenti<\/li>\n\n\n\n<li>Ricerche di mercato in Cina<\/li>\n\n\n\n<li>Ricerca sui principali opinion leader<\/li>\n\n\n\n<li>Ricerche di mercato sui beni grigi<\/li>\n\n\n\n<li>Ricerca sui distributori<\/li>\n\n\n\n<li>Interviste ai leader di pensiero<\/li>\n\n\n\n<li>Appalti esperti<\/li>\n<\/ul>\n\n\n<h2>La nostra sede a New York<\/h2>\n<p><iframe loading=\"lazy\" src=\"https:\/\/www.google.com\/maps\/embed?pb=!1m18!1m12!1m3!1d3022.976188376966!2d-73.99130312499956!3d40.740549471389315!2m3!1f0!2f0!3f0!3m2!1i1024!2i768!4f13.1!3m3!1m2!1s0x89c259a15798c731%3A0xd695d09bdd495f25!2s11%20E%2022nd%20St%20FL%202%2C%20New%20York%2C%20NY%2010010%2C%20USA!5e0!3m2!1sen!2spe!4v1726171763526!5m2!1sen!2spe\" width=\"600\" height=\"450\" allowfullscreen=\"allowfullscreen\" data-mce-fragment=\"1\"><\/iframe><\/p>\n<h3 class=\"wp-block-heading\">11 E 22nd Street, Piano 2, New York, NY 10010 T: +1(212) 505-6805<\/h3>\n<hr \/>\n<h2><span style=\"font-weight: 400;\">A proposito di SIS Internazionale<\/span><\/h2>\n<p><a href=\"https:\/\/www.sisinternational.com\/it\/\"><span style=\"font-weight: 400;\">SIS Internazionale<\/span><\/a><span style=\"font-weight: 400;\">\u00a0offre ricerca quantitativa, qualitativa e strategica. Forniamo dati, strumenti, strategie, report e approfondimenti per il processo decisionale. Conduciamo anche interviste, sondaggi, focus group e altri metodi e approcci di ricerca di mercato.<\/span><a href=\"https:\/\/www.sisinternational.com\/it\/sulla-sua-ricerca-internazionale\/contact-sis-international-market-research\/\"><span style=\"font-weight: 400;\">\u00a0Contattaci<\/span><\/a><span style=\"font-weight: 400;\">\u00a0per il tuo prossimo progetto di ricerca di mercato.<\/span><\/p>\n<\/p>","protected":false},"excerpt":{"rendered":"<p>Scopri come le ricerche di mercato possono soddisfare le tue esigenze in materia di propriet\u00e0 intellettuale.<\/p>","protected":false},"author":1,"featured_media":64865,"parent":22092,"menu_order":0,"comment_status":"open","ping_status":"open","template":"","meta":{"footnotes":""},"class_list":["post-15205","page","type-page","status-publish","has-post-thumbnail"],"_links":{"self":[{"href":"https:\/\/www.sisinternational.com\/it\/wp-json\/wp\/v2\/pages\/15205","targetHints":{"allow":["GET"]}}],"collection":[{"href":"https:\/\/www.sisinternational.com\/it\/wp-json\/wp\/v2\/pages"}],"about":[{"href":"https:\/\/www.sisinternational.com\/it\/wp-json\/wp\/v2\/types\/page"}],"author":[{"embeddable":true,"href":"https:\/\/www.sisinternational.com\/it\/wp-json\/wp\/v2\/users\/1"}],"replies":[{"embeddable":true,"href":"https:\/\/www.sisinternational.com\/it\/wp-json\/wp\/v2\/comments?post=15205"}],"version-history":[{"count":6,"href":"https:\/\/www.sisinternational.com\/it\/wp-json\/wp\/v2\/pages\/15205\/revisions"}],"predecessor-version":[{"id":78364,"href":"https:\/\/www.sisinternational.com\/it\/wp-json\/wp\/v2\/pages\/15205\/revisions\/78364"}],"up":[{"embeddable":true,"href":"https:\/\/www.sisinternational.com\/it\/wp-json\/wp\/v2\/pages\/22092"}],"wp:featuredmedia":[{"embeddable":true,"href":"https:\/\/www.sisinternational.com\/it\/wp-json\/wp\/v2\/media\/64865"}],"wp:attachment":[{"href":"https:\/\/www.sisinternational.com\/it\/wp-json\/wp\/v2\/media?parent=15205"}],"curies":[{"name":"wp","href":"https:\/\/api.w.org\/{rel}","templated":true}]}}