{"id":15185,"date":"2015-04-08T22:16:36","date_gmt":"2015-04-08T22:16:36","guid":{"rendered":"https:\/\/www.sisinternational.com\/?page_id=15185"},"modified":"2025-09-08T12:22:38","modified_gmt":"2025-09-08T16:22:38","slug":"pianificazione-dello-scenario","status":"publish","type":"page","link":"https:\/\/www.sisinternational.com\/it\/soluzioni\/consulenza-strategica\/pianificazione-dello-scenario\/","title":{"rendered":"Consulenza strategica per la pianificazione degli scenari"},"content":{"rendered":"<h1 class=\"wp-block-heading\">Consulenza strategica per la pianificazione degli scenari<\/h1>\n\n\n\n<figure class=\"gb-block-image gb-block-image-a5afa789\"><img loading=\"lazy\" decoding=\"async\" width=\"1456\" height=\"816\" class=\"gb-image gb-image-a5afa789\" src=\"https:\/\/www.sisinternational.com\/wp-content\/uploads\/2025\/08\/Strategy-consulting-30.jpg\" srcset=\"https:\/\/www.sisinternational.com\/wp-content\/uploads\/2025\/08\/Strategy-consulting-30.jpg 1456w, https:\/\/www.sisinternational.com\/wp-content\/uploads\/2025\/08\/Strategy-consulting-30-300x168.jpg 300w, https:\/\/www.sisinternational.com\/wp-content\/uploads\/2025\/08\/Strategy-consulting-30-1024x574.jpg 1024w, https:\/\/www.sisinternational.com\/wp-content\/uploads\/2025\/08\/Strategy-consulting-30-768x430.jpg 768w, https:\/\/www.sisinternational.com\/wp-content\/uploads\/2025\/08\/Strategy-consulting-30-18x10.jpg 18w\" sizes=\"auto, (max-width: 1456px) 100vw, 1456px\" alt=\"Ricerca e strategia di mercato internazionale SIS\"><\/figure>\n\n\n\n<p><\/p>\n\n\n\n<h2 class=\"wp-block-heading\">Informazioni sulla pianificazione degli scenari<\/h2>\n\n\n\n<p>L\u2019esercito e la Royal Dutch Shell sono spesso associati all\u2019adozione anticipata, cos\u00ec come all\u2019uso continuato di uno strumento di pianificazione strategica utilizzato per creare storie \u201cplausibili\u201d sul futuro. Questo strumento si chiama Pianificazione degli Scenari.<\/p>\n\n\n\n<p>Si differenzia in molti modi da strumenti di previsione finanziaria simili e pi\u00f9 comunemente utilizzati che generano casi (o scenari) migliori, peggiori e pi\u00f9 probabili.<\/p>\n\n\n\n<p><span class=\"s1\">La parola chiave qui \u00e8 \u201cplausibile\u201d.<span class=\"Apple-converted-space\">&nbsp; <\/span>In altre parole, gli scenari non sono \u201cbuoni\u201d o \u201ccattivi\u201d.&nbsp;<\/span><\/p>\n\n\n\n<p><span class=\"s1\">Ogni scenario o storia ha una trama con personaggi, ambientazioni e risultati che vengono sviluppati e infine analizzati nel tentativo di vedere come ciascuno potrebbe svolgersi. La storia pu\u00f2 quindi essere condivisa e resa popolare con tutti in un\u2019azienda come un modo per pensare ai suoi futuri alternativi.<\/span><\/p>\n\n\n\n<p>Ad esempio, ai team potrebbe essere chiesto di scrivere titoli di giornali che apparirebbero tra 10-20 anni (se ci sono ancora giornali!), e poi di lavorare a ritroso per spiegare cosa sarebbe dovuto accadere per arrivare a quel punto, ad esempio &quot;L&#039;azienda XYZ trova petrolio su un pianeta appena scoperto!\u201d oppure \u201cL\u2019Euro \u00e8 stato ufficialmente sostituito dal Bitcoin!\u201d<\/p>\n\n\n\n<h2 class=\"wp-block-heading\"><span class=\"s1\">Quando utilizzare la pianificazione degli scenari<\/span><\/h2>\n\n\n\n<p><span style=\"font-weight: 400;\">Scenario Planning is useful in VUCA situations &#8212; Volatile, Uncertain, Chaotic and Ambiguous Situations. &nbsp;Scenario Planning is most useful when:<\/span><\/p>\n\n\n\n<ul class=\"wp-block-list\">\n<li><span style=\"font-weight: 400;\">Quando c\u2019\u00e8 un\u2019elevata incertezza<\/span><\/li>\n\n\n\n<li><span style=\"font-weight: 400;\">Quando \u00e8 necessario un pensiero divergente<\/span><\/li>\n\n\n\n<li><span style=\"font-weight: 400;\">Quando un settore si trova nel mezzo di un cambiamento significativo<\/span><\/li>\n\n\n\n<li><span style=\"font-weight: 400;\">Quando esistono grandi differenze nelle visioni del futuro<\/span><\/li>\n<\/ul>\n\n\n\n<p><span class=\"s1\">Questo processo inizia con un obiettivo critico o una domanda che deve essere affrontata.&nbsp;&nbsp;<\/span><span class=\"s1\">For example, what will your company look like in 10 years? What <a href=\"https:\/\/www.sisinternational.com\/it\/fattori-chiave-di-successo-nelle-ricerche-di-mercato-automobilistiche\/\" title=\"Fattori chiave di successo nelle ricerche di mercato automobilistiche\"  data-wpil-monitor-id=\"10771\">key<\/a> decisions need to be made in the present that will have an impact on its future success \u2013 or even its very existence?!&nbsp;&nbsp;Make, buy, or partner? Merge or be acquired?<span class=\"Apple-converted-space\">&nbsp; <\/span>Espandere la tua presenza globale?<\/span><\/p>\n\n\n\n<p><span class=\"s2\"><strong>Nota<\/strong>:&nbsp;<\/span><span class=\"s1\">\u00c8 molto importante ottenere il consenso del top management.<span class=\"Apple-converted-space\">&nbsp; <\/span>Senza tale supporto, il processo potrebbe non avere successo.<span class=\"Apple-converted-space\">&nbsp; <\/span>Bisogna avere una mente aperta ed essere disposti a rinunciare ad alcune credenze o comportamenti tradizionali.<\/span><\/p>\n\n\n\n<h2 class=\"wp-block-heading\"><span class=\"s1\">Come condurre la pianificazione degli scenari<\/span><\/h2>\n\n\n\n<p><span class=\"s1\">Per condurre adeguatamente la pianificazione degli scenari \u00e8 necessaria una notevole quantit\u00e0 di risorse.<span class=\"Apple-converted-space\">&nbsp; <\/span>\u00c8 necessario creare diversi team aziendali o divisionali.<span class=\"Apple-converted-space\">&nbsp; <\/span>Devono svolgere diverse sessioni di formazione e riunioni che richiedono alcuni giorni.&nbsp;<\/span><span class=\"s1\">Molto probabilmente, sar\u00e0 necessario assumere una societ\u00e0 terza qualificata in grado di facilitare l&#039;intero programma.&nbsp;&nbsp;<\/span><span class=\"s1\">Come regola generale, una proposta dovrebbe essere inviata ad almeno tre potenziali fornitori di tali servizi.<\/span><\/p>\n\n\n\n<p><strong>Il processo di Scenario Planning comprende le seguenti attivit\u00e0:<\/strong><\/p>\n\n\n\n<ol class=\"wp-block-list\">\n<li><span style=\"font-weight: 400;\">Identificare le forze del cambiamento e le incertezze. &nbsp;<\/span><\/li>\n\n\n\n<li><span style=\"font-weight: 400;\">Scegliere le due incertezze pi\u00f9 importanti. &nbsp;<\/span><\/li>\n\n\n\n<li><span style=\"font-weight: 400;\">Identificare i punti finali come punti estremi. &nbsp;<\/span><\/li>\n\n\n\n<li><span style=\"font-weight: 400;\">Tracciare i punti estremi delle incertezze. &nbsp;<\/span><\/li>\n\n\n\n<li><span style=\"font-weight: 400;\">Creazione di scenari<\/span><\/li>\n\n\n\n<li><span style=\"font-weight: 400;\">Identificare quale sia il pi\u00f9 probabile <\/span><\/li>\n\n\n\n<li><span style=\"font-weight: 400;\">Assegnazione delle probabilit\u00e0. &nbsp;<\/span><\/li>\n\n\n\n<li><span style=\"font-weight: 400;\">Elaborare l&#039;impatto di ciascuno scenario sull&#039;organizzazione. &nbsp;<\/span><\/li>\n\n\n\n<li><span style=\"font-weight: 400;\">Tracciare le linee d\u2019azione e i passi da intraprendere.<\/span><\/li>\n<\/ol>\n\n\n\n<p><span class=\"s1\">Durante il processo, alto livello <\/span><span class=\"s2\">conducenti o forze<\/span><span class=\"s1\">, verranno identificati.<span class=\"Apple-converted-space\">&nbsp; <\/span>Possono quindi essere esaminati e classificati in base alla rispettiva influenza nonch\u00e9 al livello di incertezza o rischio. Alcuni ottimi esempi includono:<\/span><\/p>\n\n\n\n<ul class=\"wp-block-list\">\n<li><span class=\"s1\">Energia<\/span><\/li>\n\n\n\n<li><span class=\"s1\">Tecnologia<\/span><\/li>\n\n\n\n<li>Societ\u00e0 e questioni sociali<\/li>\n\n\n\n<li><span class=\"s1\">Condizioni economiche<\/span><\/li>\n\n\n\n<li><span class=\"s1\">L&#039;ambiente<\/span><\/li>\n\n\n\n<li><span class=\"s1\">Politica e leggi<\/span><\/li>\n\n\n\n<li><span class=\"s1\">concorrenza<\/span><\/li>\n<\/ul>\n\n\n\n<p><span class=\"s1\">Inoltre, alcuni <\/span><span class=\"s2\">tendenze&nbsp;<\/span><span class=\"s1\">saranno considerati pi\u00f9 certi che si verificheranno o continueranno, ad esempio tasso di natalit\u00e0, aspettativa di vita, tasso di divorzio, crescita delle grandi citt\u00e0, concentrazione della ricchezza.&nbsp;&nbsp;<\/span><span class=\"s1\">Alla fine i team dovrebbero sviluppare da 3 a 4 scenari discutendo come i vari fattori, forze e altri fattori potrebbero interagire per creare un particolare risultato futuro.<\/span><\/p>\n\n\n\n<p><span class=\"s1\">Ad ogni scenario o storia verr\u00e0 assegnato un titolo memorabile e significativo... possono anche essere divertenti o rappresentati come un&#039;immagine o un disegno.&nbsp;<\/span><span class=\"s1\">I decisori appropriati possono quindi utilizzare queste storie come aiuto per formulare azioni sia a breve che a lungo termine.<\/span><\/p>\n\n\n\n<h2 class=\"wp-block-heading\"><span class=\"s1\">La pianificazione degli scenari fa per te?<\/span><\/h2>\n\n\n\n<figure class=\"gb-block-image gb-block-image-2210413b\"><img loading=\"lazy\" decoding=\"async\" width=\"1456\" height=\"816\" class=\"gb-image gb-image-2210413b\" src=\"https:\/\/www.sisinternational.com\/wp-content\/uploads\/2025\/08\/Strategy-consulting-16.jpg\" alt=\"Ricerca e strategia di mercato internazionale SIS\" title=\"Strategy consulting (16)\" srcset=\"https:\/\/www.sisinternational.com\/wp-content\/uploads\/2025\/08\/Strategy-consulting-16.jpg 1456w, https:\/\/www.sisinternational.com\/wp-content\/uploads\/2025\/08\/Strategy-consulting-16-300x168.jpg 300w, https:\/\/www.sisinternational.com\/wp-content\/uploads\/2025\/08\/Strategy-consulting-16-1024x574.jpg 1024w, https:\/\/www.sisinternational.com\/wp-content\/uploads\/2025\/08\/Strategy-consulting-16-768x430.jpg 768w, https:\/\/www.sisinternational.com\/wp-content\/uploads\/2025\/08\/Strategy-consulting-16-18x10.jpg 18w\" sizes=\"auto, (max-width: 1456px) 100vw, 1456px\"><\/figure>\n\n\n\n<p><\/p>\n\n\n\n<p><span class=\"s1\">Are you or your top management thinking beyond the <a href=\"https:\/\/www.sisinternational.com\/it\/competenza\/industrie\/ricerche-di-mercato-automobilistiche\/futuro-dei-veicoli-elettrici-negli-usa\/\" title=\"The Future of Electric Vehicles in the USA &#8211; The Next 5 Years\"  data-wpil-monitor-id=\"9049\">next fiscal quarter or year<\/a>?<span class=\"Apple-converted-space\">&nbsp; <\/span>Stanno discutendo &quot;E se...?&quot; tipi di domande che si estendono per almeno 5-10 anni?<span class=\"Apple-converted-space\">&nbsp; <\/span>E sono disposti a impegnarsi in un processo che potrebbe causare disagio e alterare il loro modo di pensare?&nbsp;&nbsp;<\/span><span class=\"s1\">Se la risposta a tutti \u00e8 \u201cs\u00ec\u201d, allora bisognerebbe almeno prendere in considerazione l\u2019utilizzo di questo strumento strategico.<\/span><\/p>\n\n\n\n<p><span style=\"font-weight: 400;\">With Scenario Planning, you can better identify the uncertainties and the most important scenarios. &nbsp;You can then advocate for whether incremental or immediate action is needed.&nbsp;<\/span><span style=\"font-weight: 400;\">Decisions can be made on the optimal scenario, &nbsp;on whether to, for example, acquire or partner with external companies, what changes to make, and when to make changes. <\/span><\/p>\n\n\n\n<h2 class=\"wp-block-heading\"><span class=\"s1\">Cosa aspettarsi dalla pianificazione degli scenari<\/span><\/h2>\n\n\n\n<p><span class=\"s1\">Lo Scenario Planning ha lo scopo di aiutare un&#039;azienda a prendere decisioni strategiche. Idealmente, si tratta di un processo continuo che viene rivisitato e aggiornato periodicamente.&nbsp;<\/span><span class=\"s1\">Come parte del processo, indicatori chiave o <\/span><strong><span class=\"s2\">primi segnali di allarme<\/span><\/strong><span class=\"s1\"> saranno stati identificati.<span class=\"Apple-converted-space\">&nbsp; <\/span>Questi saranno monitorati e il loro emergere annuncer\u00e0 che un particolare futuro potrebbe essere sul punto di verificarsi.<span class=\"Apple-converted-space\">&nbsp; <\/span>A questo punto potranno essere implementate le azioni precedentemente concordate.<\/span><\/p>\n\n\n\n<p><span class=\"s1\">And so, having planned for a number of different outcomes, your company will be better prepared to anticipate and react to <a href=\"https:\/\/www.sisinternational.com\/it\/soluzioni\/soluzioni-di-ricerca-quantitativa-qualitativa\/ricerche-di-mercato-sui-fattori-umani\/\" title=\"Ricerche di mercato sui fattori umani\"  data-wpil-monitor-id=\"9048\">factors and drivers in its market<\/a> E <strong>navigare attraverso di essi<\/strong>.<\/span><\/p>\n\n\n\n<p><\/p>","protected":false},"excerpt":{"rendered":"<p>La pianificazione degli scenari esamina i migliori risultati e le opportunit\u00e0 di crescita per la tua azienda.<\/p>","protected":false},"author":1,"featured_media":62564,"parent":14567,"menu_order":4,"comment_status":"open","ping_status":"open","template":"","meta":{"footnotes":""},"class_list":["post-15185","page","type-page","status-publish","has-post-thumbnail"],"_links":{"self":[{"href":"https:\/\/www.sisinternational.com\/it\/wp-json\/wp\/v2\/pages\/15185","targetHints":{"allow":["GET"]}}],"collection":[{"href":"https:\/\/www.sisinternational.com\/it\/wp-json\/wp\/v2\/pages"}],"about":[{"href":"https:\/\/www.sisinternational.com\/it\/wp-json\/wp\/v2\/types\/page"}],"author":[{"embeddable":true,"href":"https:\/\/www.sisinternational.com\/it\/wp-json\/wp\/v2\/users\/1"}],"replies":[{"embeddable":true,"href":"https:\/\/www.sisinternational.com\/it\/wp-json\/wp\/v2\/comments?post=15185"}],"version-history":[{"count":6,"href":"https:\/\/www.sisinternational.com\/it\/wp-json\/wp\/v2\/pages\/15185\/revisions"}],"predecessor-version":[{"id":81765,"href":"https:\/\/www.sisinternational.com\/it\/wp-json\/wp\/v2\/pages\/15185\/revisions\/81765"}],"up":[{"embeddable":true,"href":"https:\/\/www.sisinternational.com\/it\/wp-json\/wp\/v2\/pages\/14567"}],"wp:featuredmedia":[{"embeddable":true,"href":"https:\/\/www.sisinternational.com\/it\/wp-json\/wp\/v2\/media\/62564"}],"wp:attachment":[{"href":"https:\/\/www.sisinternational.com\/it\/wp-json\/wp\/v2\/media?parent=15185"}],"curies":[{"name":"wp","href":"https:\/\/api.w.org\/{rel}","templated":true}]}}